{"id":15783,"date":"2019-05-25T22:13:22","date_gmt":"2019-05-26T03:13:22","guid":{"rendered":"https:\/\/pride.audio\/product\/amplificador-de-audio-para-coche-quattro-100w-x-4-canales\/"},"modified":"2019-05-25T22:13:22","modified_gmt":"2019-05-25T20:13:22","slug":"amplificador-de-audio-para-coche-quattro-100w-x-4-canales","status":"publish","type":"product","link":"https:\/\/pride.audio\/es\/producto\/amplificador-de-audio-para-coche-quattro-100w-x-4-canales\/","title":{"rendered":"Amplificador de audio para coche Quattro &#8211; 100W x 4 canales"},"content":{"rendered":"<p class=\"tw-data-text tw-text-large tw-ta\" dir=\"ltr\" data-placeholder=\"\u041f\u0435\u0440\u0435\u0432\u043e\u0434\" aria-label=\"\u041f\u0435\u0440\u0435\u0432\u0435\u0434\u0435\u043d\u043d\u044b\u0439 \u0442\u0435\u043a\u0441\u0442\" data-ved=\"2ahUKEwj7ldGquqWFAxVZCRAIHT94DKgQ3ewLegQICBAU\"><strong><span class=\"Y2IQFc\" lang=\"es\">Amplificador de audio para coche Quattro &#8211; 100W x 4 canales<\/p>\n<p><\/span><\/strong><span class=\"Y2IQFc\" lang=\"es\">Pr\u00e1ctico, fiable y f\u00e1cil de usar, el modelo Pride Quattro: amplificador para coche combina esto y mucho m\u00e1s. No puede prescindir de un amplificador si desea conectar altavoces potentes, un subwoofer o ejecutar un sistema de 2 o 3 v\u00edas. Gracias a \u00e9l, podr\u00e1s disfrutar de m\u00fasica a todo volumen y de alta calidad en tu coche.<br \/>\n<\/span><\/p>\n<p class=\"tw-data-text tw-text-large tw-ta\" dir=\"ltr\" data-placeholder=\"\u041f\u0435\u0440\u0435\u0432\u043e\u0434\" aria-label=\"\u041f\u0435\u0440\u0435\u0432\u0435\u0434\u0435\u043d\u043d\u044b\u0439 \u0442\u0435\u043a\u0441\u0442\" data-ved=\"2ahUKEwj7ldGquqWFAxVZCRAIHT94DKgQ3ewLegQICBAU\"><span class=\"Y2IQFc\" lang=\"es\">Pride Quattro es un amplificador clase AB de 4 canales equipado con filtros de frecuencia avanzados.<\/p>\n<p><\/span><span class=\"Y2IQFc\" lang=\"es\">El modelo Quattro funciona de manera estable con una carga de 2 ohmios por canal, o 4 ohmios en el modo &#8220;puente activado&#8221; de los canales. La potencia de cada uno de los cuatro canales es de 75 W para una carga de 4 Ohmios o de 95 W para una carga de 2 Ohmios, a una tensi\u00f3n de 14,4 V y K.N.I. 1%.<\/p>\n<p><\/span><span class=\"Y2IQFc\" lang=\"es\">Potencia nominal RMS de 2 ohmios, n\u00famero de canales x W 100<br \/>\nPotencia nominal RMS de 4 ohmios, n\u00famero de canales x W 75 Potencia nominal RMS a 4 ohmios, puente, W 200<\/p>\n<p><\/span><span class=\"Y2IQFc\" lang=\"es\">Podr\u00e1s instalar una soluci\u00f3n de calidad para Tu coche y conectar altavoces de 4 canales o Twitter. Es posible trabajar en 2 Ohmios.<br \/>\n<\/span><\/p>\n<p class=\"tw-data-text tw-text-large tw-ta\" dir=\"ltr\" data-placeholder=\"\u041f\u0435\u0440\u0435\u0432\u043e\u0434\" aria-label=\"\u041f\u0435\u0440\u0435\u0432\u0435\u0434\u0435\u043d\u043d\u044b\u0439 \u0442\u0435\u043a\u0441\u0442\" data-ved=\"2ahUKEwj7ldGquqWFAxVZCRAIHT94DKgQ3ewLegQICBAU\"><span class=\"Y2IQFc\" lang=\"es\">\u00a1Nuestros productos est\u00e1n disponibles en Estados Unidos y puedes comprar el mejor equipo de audio para autom\u00f3vil ahora mismo!<\/span><\/p>\n<p class=\"tw-data-text tw-text-large tw-ta\" dir=\"ltr\" data-placeholder=\"\u041f\u0435\u0440\u0435\u0432\u043e\u0434\" aria-label=\"\u041f\u0435\u0440\u0435\u0432\u0435\u0434\u0435\u043d\u043d\u044b\u0439 \u0442\u0435\u043a\u0441\u0442\" data-ved=\"2ahUKEwj7ldGquqWFAxVZCRAIHT94DKgQ3ewLegQICBAU\"><span class=\"Y2IQFc\" lang=\"es\">\u00a0<\/span><\/p>\n","protected":false},"excerpt":{"rendered":"<p>Amplificador de audio para coche Quattro &#8211; 100W x 4 canales Pr\u00e1ctico, fiable y f\u00e1cil de usar, el modelo Pride Quattro: amplificador para coche combina esto y mucho m\u00e1s. No puede prescindir de un amplificador si desea conectar altavoces potentes, un subwoofer o ejecutar un sistema de 2 o 3 v\u00edas. Gracias a \u00e9l, podr\u00e1s [&hellip;]<\/p>\n","protected":false},"featured_media":16854,"template":"","meta":{"inline_featured_image":false},"product_brand":[],"product_cat":[574,577],"product_tag":[],"class_list":{"0":"post-15783","1":"product","2":"type-product","3":"status-publish","4":"has-post-thumbnail","6":"product_cat-amplificadores","7":"product_cat-4-canales","9":"first","10":"outofstock","11":"taxable","12":"shipping-taxable","13":"product-type-simple"},"acf":[],"yoast_head":"<!-- This site is optimized with the Yoast SEO plugin v27.3 - https:\/\/yoast.com\/product\/yoast-seo-wordpress\/ -->\n<title>Amplificador de audio para coche Quattro - 100W x 4 canales - Pride Audio. USA Online store<\/title>\n<meta name=\"robots\" content=\"index, follow, max-snippet:-1, max-image-preview:large, max-video-preview:-1\" \/>\n<link rel=\"canonical\" href=\"https:\/\/pride.audio\/es\/producto\/amplificador-de-audio-para-coche-quattro-100w-x-4-canales\/\" \/>\n<meta property=\"og:locale\" content=\"es_ES\" \/>\n<meta property=\"og:type\" content=\"article\" \/>\n<meta property=\"og:title\" content=\"Amplificador de audio para coche Quattro - 100W x 4 canales - Pride Audio. USA Online store\" \/>\n<meta property=\"og:description\" content=\"Amplificador de audio para coche Quattro &#8211; 100W x 4 canales Pr\u00e1ctico, fiable y f\u00e1cil de usar, el modelo Pride Quattro: amplificador para coche combina esto y mucho m\u00e1s. No puede prescindir de un amplificador si desea conectar altavoces potentes, un subwoofer o ejecutar un sistema de 2 o 3 v\u00edas. Gracias a \u00e9l, podr\u00e1s [&hellip;]\" \/>\n<meta property=\"og:url\" content=\"https:\/\/pride.audio\/es\/producto\/amplificador-de-audio-para-coche-quattro-100w-x-4-canales\/\" \/>\n<meta property=\"og:site_name\" content=\"Pride Audio. USA Online store\" \/>\n<meta property=\"og:image\" content=\"https:\/\/pride.audio\/wp-content\/uploads\/2019\/05\/product_amplifer_quattro.jpeg\" \/>\n\t<meta property=\"og:image:width\" content=\"377\" \/>\n\t<meta property=\"og:image:height\" content=\"318\" \/>\n\t<meta property=\"og:image:type\" content=\"image\/jpeg\" \/>\n<meta name=\"twitter:card\" content=\"summary_large_image\" \/>\n<meta name=\"twitter:label1\" content=\"Tiempo de lectura\" \/>\n\t<meta name=\"twitter:data1\" content=\"1 minuto\" \/>\n<script type=\"application\/ld+json\" class=\"yoast-schema-graph\">{\"@context\":\"https:\\\/\\\/schema.org\",\"@graph\":[{\"@type\":\"WebPage\",\"@id\":\"https:\\\/\\\/pride.audio\\\/es\\\/producto\\\/amplificador-de-audio-para-coche-quattro-100w-x-4-canales\\\/\",\"url\":\"https:\\\/\\\/pride.audio\\\/es\\\/producto\\\/amplificador-de-audio-para-coche-quattro-100w-x-4-canales\\\/\",\"name\":\"Amplificador de audio para coche Quattro - 100W x 4 canales - Pride Audio. USA Online store\",\"isPartOf\":{\"@id\":\"https:\\\/\\\/pride.audio\\\/#website\"},\"primaryImageOfPage\":{\"@id\":\"https:\\\/\\\/pride.audio\\\/es\\\/producto\\\/amplificador-de-audio-para-coche-quattro-100w-x-4-canales\\\/#primaryimage\"},\"image\":{\"@id\":\"https:\\\/\\\/pride.audio\\\/es\\\/producto\\\/amplificador-de-audio-para-coche-quattro-100w-x-4-canales\\\/#primaryimage\"},\"thumbnailUrl\":\"https:\\\/\\\/pride.audio\\\/wp-content\\\/uploads\\\/2019\\\/05\\\/product_amplifer_quattro.jpeg\",\"datePublished\":\"2019-05-26T03:13:22+00:00\",\"breadcrumb\":{\"@id\":\"https:\\\/\\\/pride.audio\\\/es\\\/producto\\\/amplificador-de-audio-para-coche-quattro-100w-x-4-canales\\\/#breadcrumb\"},\"inLanguage\":\"es\",\"potentialAction\":[{\"@type\":\"ReadAction\",\"target\":[\"https:\\\/\\\/pride.audio\\\/es\\\/producto\\\/amplificador-de-audio-para-coche-quattro-100w-x-4-canales\\\/\"]}]},{\"@type\":\"ImageObject\",\"inLanguage\":\"es\",\"@id\":\"https:\\\/\\\/pride.audio\\\/es\\\/producto\\\/amplificador-de-audio-para-coche-quattro-100w-x-4-canales\\\/#primaryimage\",\"url\":\"https:\\\/\\\/pride.audio\\\/wp-content\\\/uploads\\\/2019\\\/05\\\/product_amplifer_quattro.jpeg\",\"contentUrl\":\"https:\\\/\\\/pride.audio\\\/wp-content\\\/uploads\\\/2019\\\/05\\\/product_amplifer_quattro.jpeg\",\"width\":377,\"height\":318},{\"@type\":\"BreadcrumbList\",\"@id\":\"https:\\\/\\\/pride.audio\\\/es\\\/producto\\\/amplificador-de-audio-para-coche-quattro-100w-x-4-canales\\\/#breadcrumb\",\"itemListElement\":[{\"@type\":\"ListItem\",\"position\":1,\"name\":\"Home\",\"item\":\"https:\\\/\\\/pride.audio\\\/es\\\/\"},{\"@type\":\"ListItem\",\"position\":2,\"name\":\"Productos\",\"item\":\"https:\\\/\\\/pride.audio\\\/es\\\/productos\\\/\"},{\"@type\":\"ListItem\",\"position\":3,\"name\":\"Amplificador de audio para coche Quattro &#8211; 100W x 4 canales\"}]},{\"@type\":\"WebSite\",\"@id\":\"https:\\\/\\\/pride.audio\\\/#website\",\"url\":\"https:\\\/\\\/pride.audio\\\/\",\"name\":\"Pride Audio. USA Online store\",\"description\":\"Pride Car Audio: Official site\",\"publisher\":{\"@id\":\"https:\\\/\\\/pride.audio\\\/#organization\"},\"potentialAction\":[{\"@type\":\"SearchAction\",\"target\":{\"@type\":\"EntryPoint\",\"urlTemplate\":\"https:\\\/\\\/pride.audio\\\/?s={search_term_string}\"},\"query-input\":{\"@type\":\"PropertyValueSpecification\",\"valueRequired\":true,\"valueName\":\"search_term_string\"}}],\"inLanguage\":\"es\"},{\"@type\":\"Organization\",\"@id\":\"https:\\\/\\\/pride.audio\\\/#organization\",\"name\":\"Pride Audio. USA Online store\",\"url\":\"https:\\\/\\\/pride.audio\\\/\",\"logo\":{\"@type\":\"ImageObject\",\"inLanguage\":\"es\",\"@id\":\"https:\\\/\\\/pride.audio\\\/#\\\/schema\\\/logo\\\/image\\\/\",\"url\":\"https:\\\/\\\/pride.audio\\\/wp-content\\\/uploads\\\/2023\\\/08\\\/g10.svg\",\"contentUrl\":\"https:\\\/\\\/pride.audio\\\/wp-content\\\/uploads\\\/2023\\\/08\\\/g10.svg\",\"width\":158,\"height\":34,\"caption\":\"Pride Audio. USA Online store\"},\"image\":{\"@id\":\"https:\\\/\\\/pride.audio\\\/#\\\/schema\\\/logo\\\/image\\\/\"}}]}<\/script>\n<!-- \/ Yoast SEO plugin. -->","yoast_head_json":{"title":"Amplificador de audio para coche Quattro - 100W x 4 canales - Pride Audio. USA Online store","robots":{"index":"index","follow":"follow","max-snippet":"max-snippet:-1","max-image-preview":"max-image-preview:large","max-video-preview":"max-video-preview:-1"},"canonical":"https:\/\/pride.audio\/es\/producto\/amplificador-de-audio-para-coche-quattro-100w-x-4-canales\/","og_locale":"es_ES","og_type":"article","og_title":"Amplificador de audio para coche Quattro - 100W x 4 canales - Pride Audio. USA Online store","og_description":"Amplificador de audio para coche Quattro &#8211; 100W x 4 canales Pr\u00e1ctico, fiable y f\u00e1cil de usar, el modelo Pride Quattro: amplificador para coche combina esto y mucho m\u00e1s. No puede prescindir de un amplificador si desea conectar altavoces potentes, un subwoofer o ejecutar un sistema de 2 o 3 v\u00edas. Gracias a \u00e9l, podr\u00e1s [&hellip;]","og_url":"https:\/\/pride.audio\/es\/producto\/amplificador-de-audio-para-coche-quattro-100w-x-4-canales\/","og_site_name":"Pride Audio. USA Online store","og_image":[{"width":377,"height":318,"url":"https:\/\/pride.audio\/wp-content\/uploads\/2019\/05\/product_amplifer_quattro.jpeg","type":"image\/jpeg"}],"twitter_card":"summary_large_image","twitter_misc":{"Tiempo de lectura":"1 minuto"},"schema":{"@context":"https:\/\/schema.org","@graph":[{"@type":"WebPage","@id":"https:\/\/pride.audio\/es\/producto\/amplificador-de-audio-para-coche-quattro-100w-x-4-canales\/","url":"https:\/\/pride.audio\/es\/producto\/amplificador-de-audio-para-coche-quattro-100w-x-4-canales\/","name":"Amplificador de audio para coche Quattro - 100W x 4 canales - Pride Audio. USA Online store","isPartOf":{"@id":"https:\/\/pride.audio\/#website"},"primaryImageOfPage":{"@id":"https:\/\/pride.audio\/es\/producto\/amplificador-de-audio-para-coche-quattro-100w-x-4-canales\/#primaryimage"},"image":{"@id":"https:\/\/pride.audio\/es\/producto\/amplificador-de-audio-para-coche-quattro-100w-x-4-canales\/#primaryimage"},"thumbnailUrl":"https:\/\/pride.audio\/wp-content\/uploads\/2019\/05\/product_amplifer_quattro.jpeg","datePublished":"2019-05-26T03:13:22+00:00","breadcrumb":{"@id":"https:\/\/pride.audio\/es\/producto\/amplificador-de-audio-para-coche-quattro-100w-x-4-canales\/#breadcrumb"},"inLanguage":"es","potentialAction":[{"@type":"ReadAction","target":["https:\/\/pride.audio\/es\/producto\/amplificador-de-audio-para-coche-quattro-100w-x-4-canales\/"]}]},{"@type":"ImageObject","inLanguage":"es","@id":"https:\/\/pride.audio\/es\/producto\/amplificador-de-audio-para-coche-quattro-100w-x-4-canales\/#primaryimage","url":"https:\/\/pride.audio\/wp-content\/uploads\/2019\/05\/product_amplifer_quattro.jpeg","contentUrl":"https:\/\/pride.audio\/wp-content\/uploads\/2019\/05\/product_amplifer_quattro.jpeg","width":377,"height":318},{"@type":"BreadcrumbList","@id":"https:\/\/pride.audio\/es\/producto\/amplificador-de-audio-para-coche-quattro-100w-x-4-canales\/#breadcrumb","itemListElement":[{"@type":"ListItem","position":1,"name":"Home","item":"https:\/\/pride.audio\/es\/"},{"@type":"ListItem","position":2,"name":"Productos","item":"https:\/\/pride.audio\/es\/productos\/"},{"@type":"ListItem","position":3,"name":"Amplificador de audio para coche Quattro &#8211; 100W x 4 canales"}]},{"@type":"WebSite","@id":"https:\/\/pride.audio\/#website","url":"https:\/\/pride.audio\/","name":"Pride Audio. USA Online store","description":"Pride Car Audio: Official site","publisher":{"@id":"https:\/\/pride.audio\/#organization"},"potentialAction":[{"@type":"SearchAction","target":{"@type":"EntryPoint","urlTemplate":"https:\/\/pride.audio\/?s={search_term_string}"},"query-input":{"@type":"PropertyValueSpecification","valueRequired":true,"valueName":"search_term_string"}}],"inLanguage":"es"},{"@type":"Organization","@id":"https:\/\/pride.audio\/#organization","name":"Pride Audio. USA Online store","url":"https:\/\/pride.audio\/","logo":{"@type":"ImageObject","inLanguage":"es","@id":"https:\/\/pride.audio\/#\/schema\/logo\/image\/","url":"https:\/\/pride.audio\/wp-content\/uploads\/2023\/08\/g10.svg","contentUrl":"https:\/\/pride.audio\/wp-content\/uploads\/2023\/08\/g10.svg","width":158,"height":34,"caption":"Pride Audio. USA Online store"},"image":{"@id":"https:\/\/pride.audio\/#\/schema\/logo\/image\/"}}]}},"_links":{"self":[{"href":"https:\/\/pride.audio\/es\/wp-json\/wp\/v2\/product\/15783","targetHints":{"allow":["GET"]}}],"collection":[{"href":"https:\/\/pride.audio\/es\/wp-json\/wp\/v2\/product"}],"about":[{"href":"https:\/\/pride.audio\/es\/wp-json\/wp\/v2\/types\/product"}],"wp:featuredmedia":[{"embeddable":true,"href":"https:\/\/pride.audio\/es\/wp-json\/wp\/v2\/media\/16854"}],"wp:attachment":[{"href":"https:\/\/pride.audio\/es\/wp-json\/wp\/v2\/media?parent=15783"}],"wp:term":[{"taxonomy":"product_brand","embeddable":true,"href":"https:\/\/pride.audio\/es\/wp-json\/wp\/v2\/product_brand?post=15783"},{"taxonomy":"product_cat","embeddable":true,"href":"https:\/\/pride.audio\/es\/wp-json\/wp\/v2\/product_cat?post=15783"},{"taxonomy":"product_tag","embeddable":true,"href":"https:\/\/pride.audio\/es\/wp-json\/wp\/v2\/product_tag?post=15783"}],"curies":[{"name":"wp","href":"https:\/\/api.w.org\/{rel}","templated":true}]}}