{"id":15774,"date":"2019-05-25T22:13:25","date_gmt":"2019-05-26T03:13:25","guid":{"rendered":"https:\/\/pride.audio\/product\/amplificador-de-audio-para-automovil-pride-due-100w-x-2-canales\/"},"modified":"2019-05-25T22:13:25","modified_gmt":"2019-05-25T20:13:25","slug":"amplificador-de-audio-para-automovil-pride-due-100w-x-2-canales","status":"publish","type":"product","link":"https:\/\/pride.audio\/es\/producto\/amplificador-de-audio-para-automovil-pride-due-100w-x-2-canales\/","title":{"rendered":"Amplificador de audio para autom\u00f3vil Pride Due &#8211; 100W x 2 canales"},"content":{"rendered":"<p><strong>Amplificador de audio para autom\u00f3vil Pride Due &#8211; 100W x 2 canales<\/p>\n<p><\/strong><span class=\"Y2IQFc\" lang=\"es\">Conecte un subwoofer econ\u00f3mico, mejore la ac\u00fastica frontal o amplifique la se\u00f1al a potentes tweeters de bocina. En las tres situaciones necesitamos un amplificador de 2 canales. Un excelente candidato es el PRIDE DUE 200 w, que proporciona una potencia por canal de 75 W en 4 ohmios y 100 W en 2 ohmios. Tambi\u00e9n es posible operar el amplificador en un puente donde la carga sea de al menos 4 ohmios y la potencia de salida es de 200 W, que es suficiente para mejorar la parte de graves en un sistema est\u00e1ndar.<\/p>\n<p><\/span><span class=\"Y2IQFc\" lang=\"es\">Entre las caracter\u00edsticas del modelo de amplificador PRIDE DUE se encuentran sus crossovers desarrollados, sobre los cuales nos detendremos con m\u00e1s detalle.<\/p>\n<p><\/span><span class=\"Y2IQFc\" lang=\"es\">Aprendamos m\u00e1s sobre las caracter\u00edsticas del amplificador de Pride Car Audio:<\/span><\/p>\n<p><span class=\"Y2IQFc\" lang=\"es\">Rango de frecuencias reproducidas, Hz 15 \u2013 30000<\/p>\n<p>Potencia nominal RMS de 2 ohmios, n\u00famero de canales x W 100<br \/>\nPotencia nominal RMS de 4 ohmios, n\u00famero de canales x W 75 Potencia nominal RMS a 4 ohmios, puente, W 200<\/p>\n<p><\/span><span class=\"Y2IQFc\" lang=\"es\">Podr\u00e1s instalar una soluci\u00f3n de calidad para Tu coche y conectar altavoces de 2 canales o Twitter. Es posible trabajar en 2 Ohmios.<\/p>\n<p><\/span><span class=\"Y2IQFc\" lang=\"es\">\u00a1Nuestros productos est\u00e1n disponibles en Estados Unidos y puedes comprar el mejor equipo de audio para autom\u00f3vil ahora mismo!<\/span><\/p>\n<p><strong>\u00a0<\/strong><\/p>\n","protected":false},"excerpt":{"rendered":"<p>Amplificador de audio para autom\u00f3vil Pride Due &#8211; 100W x 2 canales Conecte un subwoofer econ\u00f3mico, mejore la ac\u00fastica frontal o amplifique la se\u00f1al a potentes tweeters de bocina. En las tres situaciones necesitamos un amplificador de 2 canales. Un excelente candidato es el PRIDE DUE 200 w, que proporciona una potencia por canal de [&hellip;]<\/p>\n","protected":false},"featured_media":16830,"template":"","meta":{"inline_featured_image":false},"product_brand":[],"product_cat":[574,576],"product_tag":[],"class_list":{"0":"post-15774","1":"product","2":"type-product","3":"status-publish","4":"has-post-thumbnail","6":"product_cat-amplificadores","7":"product_cat-2-canales","9":"first","10":"outofstock","11":"taxable","12":"shipping-taxable","13":"product-type-simple"},"acf":[],"yoast_head":"<!-- This site is optimized with the Yoast SEO plugin v27.3 - https:\/\/yoast.com\/product\/yoast-seo-wordpress\/ -->\n<title>Amplificador de audio para autom\u00f3vil Pride Due - 100W x 2 canales - Pride Audio. USA Online store<\/title>\n<meta name=\"robots\" content=\"index, follow, max-snippet:-1, max-image-preview:large, max-video-preview:-1\" \/>\n<link rel=\"canonical\" href=\"https:\/\/pride.audio\/es\/producto\/amplificador-de-audio-para-automovil-pride-due-100w-x-2-canales\/\" \/>\n<meta property=\"og:locale\" content=\"es_ES\" \/>\n<meta property=\"og:type\" content=\"article\" \/>\n<meta property=\"og:title\" content=\"Amplificador de audio para autom\u00f3vil Pride Due - 100W x 2 canales - Pride Audio. USA Online store\" \/>\n<meta property=\"og:description\" content=\"Amplificador de audio para autom\u00f3vil Pride Due &#8211; 100W x 2 canales Conecte un subwoofer econ\u00f3mico, mejore la ac\u00fastica frontal o amplifique la se\u00f1al a potentes tweeters de bocina. En las tres situaciones necesitamos un amplificador de 2 canales. Un excelente candidato es el PRIDE DUE 200 w, que proporciona una potencia por canal de [&hellip;]\" \/>\n<meta property=\"og:url\" content=\"https:\/\/pride.audio\/es\/producto\/amplificador-de-audio-para-automovil-pride-due-100w-x-2-canales\/\" \/>\n<meta property=\"og:site_name\" content=\"Pride Audio. USA Online store\" \/>\n<meta property=\"og:image\" content=\"https:\/\/pride.audio\/wp-content\/uploads\/2019\/05\/product_pride_due.jpg\" \/>\n\t<meta property=\"og:image:width\" content=\"377\" \/>\n\t<meta property=\"og:image:height\" content=\"318\" \/>\n\t<meta property=\"og:image:type\" content=\"image\/jpeg\" \/>\n<meta name=\"twitter:card\" content=\"summary_large_image\" \/>\n<meta name=\"twitter:label1\" content=\"Tiempo de lectura\" \/>\n\t<meta name=\"twitter:data1\" content=\"1 minuto\" \/>\n<script type=\"application\/ld+json\" class=\"yoast-schema-graph\">{\"@context\":\"https:\\\/\\\/schema.org\",\"@graph\":[{\"@type\":\"WebPage\",\"@id\":\"https:\\\/\\\/pride.audio\\\/es\\\/producto\\\/amplificador-de-audio-para-automovil-pride-due-100w-x-2-canales\\\/\",\"url\":\"https:\\\/\\\/pride.audio\\\/es\\\/producto\\\/amplificador-de-audio-para-automovil-pride-due-100w-x-2-canales\\\/\",\"name\":\"Amplificador de audio para autom\u00f3vil Pride Due - 100W x 2 canales - Pride Audio. USA Online store\",\"isPartOf\":{\"@id\":\"https:\\\/\\\/pride.audio\\\/#website\"},\"primaryImageOfPage\":{\"@id\":\"https:\\\/\\\/pride.audio\\\/es\\\/producto\\\/amplificador-de-audio-para-automovil-pride-due-100w-x-2-canales\\\/#primaryimage\"},\"image\":{\"@id\":\"https:\\\/\\\/pride.audio\\\/es\\\/producto\\\/amplificador-de-audio-para-automovil-pride-due-100w-x-2-canales\\\/#primaryimage\"},\"thumbnailUrl\":\"https:\\\/\\\/pride.audio\\\/wp-content\\\/uploads\\\/2019\\\/05\\\/product_pride_due.jpg\",\"datePublished\":\"2019-05-26T03:13:25+00:00\",\"breadcrumb\":{\"@id\":\"https:\\\/\\\/pride.audio\\\/es\\\/producto\\\/amplificador-de-audio-para-automovil-pride-due-100w-x-2-canales\\\/#breadcrumb\"},\"inLanguage\":\"es\",\"potentialAction\":[{\"@type\":\"ReadAction\",\"target\":[\"https:\\\/\\\/pride.audio\\\/es\\\/producto\\\/amplificador-de-audio-para-automovil-pride-due-100w-x-2-canales\\\/\"]}]},{\"@type\":\"ImageObject\",\"inLanguage\":\"es\",\"@id\":\"https:\\\/\\\/pride.audio\\\/es\\\/producto\\\/amplificador-de-audio-para-automovil-pride-due-100w-x-2-canales\\\/#primaryimage\",\"url\":\"https:\\\/\\\/pride.audio\\\/wp-content\\\/uploads\\\/2019\\\/05\\\/product_pride_due.jpg\",\"contentUrl\":\"https:\\\/\\\/pride.audio\\\/wp-content\\\/uploads\\\/2019\\\/05\\\/product_pride_due.jpg\",\"width\":377,\"height\":318},{\"@type\":\"BreadcrumbList\",\"@id\":\"https:\\\/\\\/pride.audio\\\/es\\\/producto\\\/amplificador-de-audio-para-automovil-pride-due-100w-x-2-canales\\\/#breadcrumb\",\"itemListElement\":[{\"@type\":\"ListItem\",\"position\":1,\"name\":\"Home\",\"item\":\"https:\\\/\\\/pride.audio\\\/es\\\/\"},{\"@type\":\"ListItem\",\"position\":2,\"name\":\"Productos\",\"item\":\"https:\\\/\\\/pride.audio\\\/es\\\/productos\\\/\"},{\"@type\":\"ListItem\",\"position\":3,\"name\":\"Amplificador de audio para autom\u00f3vil Pride Due &#8211; 100W x 2 canales\"}]},{\"@type\":\"WebSite\",\"@id\":\"https:\\\/\\\/pride.audio\\\/#website\",\"url\":\"https:\\\/\\\/pride.audio\\\/\",\"name\":\"Pride Audio. USA Online store\",\"description\":\"Pride Car Audio: Official site\",\"publisher\":{\"@id\":\"https:\\\/\\\/pride.audio\\\/#organization\"},\"potentialAction\":[{\"@type\":\"SearchAction\",\"target\":{\"@type\":\"EntryPoint\",\"urlTemplate\":\"https:\\\/\\\/pride.audio\\\/?s={search_term_string}\"},\"query-input\":{\"@type\":\"PropertyValueSpecification\",\"valueRequired\":true,\"valueName\":\"search_term_string\"}}],\"inLanguage\":\"es\"},{\"@type\":\"Organization\",\"@id\":\"https:\\\/\\\/pride.audio\\\/#organization\",\"name\":\"Pride Audio. USA Online store\",\"url\":\"https:\\\/\\\/pride.audio\\\/\",\"logo\":{\"@type\":\"ImageObject\",\"inLanguage\":\"es\",\"@id\":\"https:\\\/\\\/pride.audio\\\/#\\\/schema\\\/logo\\\/image\\\/\",\"url\":\"https:\\\/\\\/pride.audio\\\/wp-content\\\/uploads\\\/2023\\\/08\\\/g10.svg\",\"contentUrl\":\"https:\\\/\\\/pride.audio\\\/wp-content\\\/uploads\\\/2023\\\/08\\\/g10.svg\",\"width\":158,\"height\":34,\"caption\":\"Pride Audio. USA Online store\"},\"image\":{\"@id\":\"https:\\\/\\\/pride.audio\\\/#\\\/schema\\\/logo\\\/image\\\/\"}}]}<\/script>\n<!-- \/ Yoast SEO plugin. -->","yoast_head_json":{"title":"Amplificador de audio para autom\u00f3vil Pride Due - 100W x 2 canales - Pride Audio. USA Online store","robots":{"index":"index","follow":"follow","max-snippet":"max-snippet:-1","max-image-preview":"max-image-preview:large","max-video-preview":"max-video-preview:-1"},"canonical":"https:\/\/pride.audio\/es\/producto\/amplificador-de-audio-para-automovil-pride-due-100w-x-2-canales\/","og_locale":"es_ES","og_type":"article","og_title":"Amplificador de audio para autom\u00f3vil Pride Due - 100W x 2 canales - Pride Audio. USA Online store","og_description":"Amplificador de audio para autom\u00f3vil Pride Due &#8211; 100W x 2 canales Conecte un subwoofer econ\u00f3mico, mejore la ac\u00fastica frontal o amplifique la se\u00f1al a potentes tweeters de bocina. En las tres situaciones necesitamos un amplificador de 2 canales. Un excelente candidato es el PRIDE DUE 200 w, que proporciona una potencia por canal de [&hellip;]","og_url":"https:\/\/pride.audio\/es\/producto\/amplificador-de-audio-para-automovil-pride-due-100w-x-2-canales\/","og_site_name":"Pride Audio. USA Online store","og_image":[{"width":377,"height":318,"url":"https:\/\/pride.audio\/wp-content\/uploads\/2019\/05\/product_pride_due.jpg","type":"image\/jpeg"}],"twitter_card":"summary_large_image","twitter_misc":{"Tiempo de lectura":"1 minuto"},"schema":{"@context":"https:\/\/schema.org","@graph":[{"@type":"WebPage","@id":"https:\/\/pride.audio\/es\/producto\/amplificador-de-audio-para-automovil-pride-due-100w-x-2-canales\/","url":"https:\/\/pride.audio\/es\/producto\/amplificador-de-audio-para-automovil-pride-due-100w-x-2-canales\/","name":"Amplificador de audio para autom\u00f3vil Pride Due - 100W x 2 canales - Pride Audio. USA Online store","isPartOf":{"@id":"https:\/\/pride.audio\/#website"},"primaryImageOfPage":{"@id":"https:\/\/pride.audio\/es\/producto\/amplificador-de-audio-para-automovil-pride-due-100w-x-2-canales\/#primaryimage"},"image":{"@id":"https:\/\/pride.audio\/es\/producto\/amplificador-de-audio-para-automovil-pride-due-100w-x-2-canales\/#primaryimage"},"thumbnailUrl":"https:\/\/pride.audio\/wp-content\/uploads\/2019\/05\/product_pride_due.jpg","datePublished":"2019-05-26T03:13:25+00:00","breadcrumb":{"@id":"https:\/\/pride.audio\/es\/producto\/amplificador-de-audio-para-automovil-pride-due-100w-x-2-canales\/#breadcrumb"},"inLanguage":"es","potentialAction":[{"@type":"ReadAction","target":["https:\/\/pride.audio\/es\/producto\/amplificador-de-audio-para-automovil-pride-due-100w-x-2-canales\/"]}]},{"@type":"ImageObject","inLanguage":"es","@id":"https:\/\/pride.audio\/es\/producto\/amplificador-de-audio-para-automovil-pride-due-100w-x-2-canales\/#primaryimage","url":"https:\/\/pride.audio\/wp-content\/uploads\/2019\/05\/product_pride_due.jpg","contentUrl":"https:\/\/pride.audio\/wp-content\/uploads\/2019\/05\/product_pride_due.jpg","width":377,"height":318},{"@type":"BreadcrumbList","@id":"https:\/\/pride.audio\/es\/producto\/amplificador-de-audio-para-automovil-pride-due-100w-x-2-canales\/#breadcrumb","itemListElement":[{"@type":"ListItem","position":1,"name":"Home","item":"https:\/\/pride.audio\/es\/"},{"@type":"ListItem","position":2,"name":"Productos","item":"https:\/\/pride.audio\/es\/productos\/"},{"@type":"ListItem","position":3,"name":"Amplificador de audio para autom\u00f3vil Pride Due &#8211; 100W x 2 canales"}]},{"@type":"WebSite","@id":"https:\/\/pride.audio\/#website","url":"https:\/\/pride.audio\/","name":"Pride Audio. USA Online store","description":"Pride Car Audio: Official site","publisher":{"@id":"https:\/\/pride.audio\/#organization"},"potentialAction":[{"@type":"SearchAction","target":{"@type":"EntryPoint","urlTemplate":"https:\/\/pride.audio\/?s={search_term_string}"},"query-input":{"@type":"PropertyValueSpecification","valueRequired":true,"valueName":"search_term_string"}}],"inLanguage":"es"},{"@type":"Organization","@id":"https:\/\/pride.audio\/#organization","name":"Pride Audio. USA Online store","url":"https:\/\/pride.audio\/","logo":{"@type":"ImageObject","inLanguage":"es","@id":"https:\/\/pride.audio\/#\/schema\/logo\/image\/","url":"https:\/\/pride.audio\/wp-content\/uploads\/2023\/08\/g10.svg","contentUrl":"https:\/\/pride.audio\/wp-content\/uploads\/2023\/08\/g10.svg","width":158,"height":34,"caption":"Pride Audio. USA Online store"},"image":{"@id":"https:\/\/pride.audio\/#\/schema\/logo\/image\/"}}]}},"_links":{"self":[{"href":"https:\/\/pride.audio\/es\/wp-json\/wp\/v2\/product\/15774","targetHints":{"allow":["GET"]}}],"collection":[{"href":"https:\/\/pride.audio\/es\/wp-json\/wp\/v2\/product"}],"about":[{"href":"https:\/\/pride.audio\/es\/wp-json\/wp\/v2\/types\/product"}],"wp:featuredmedia":[{"embeddable":true,"href":"https:\/\/pride.audio\/es\/wp-json\/wp\/v2\/media\/16830"}],"wp:attachment":[{"href":"https:\/\/pride.audio\/es\/wp-json\/wp\/v2\/media?parent=15774"}],"wp:term":[{"taxonomy":"product_brand","embeddable":true,"href":"https:\/\/pride.audio\/es\/wp-json\/wp\/v2\/product_brand?post=15774"},{"taxonomy":"product_cat","embeddable":true,"href":"https:\/\/pride.audio\/es\/wp-json\/wp\/v2\/product_cat?post=15774"},{"taxonomy":"product_tag","embeddable":true,"href":"https:\/\/pride.audio\/es\/wp-json\/wp\/v2\/product_tag?post=15774"}],"curies":[{"name":"wp","href":"https:\/\/api.w.org\/{rel}","templated":true}]}}