{"id":15761,"date":"2019-05-25T22:01:22","date_gmt":"2019-05-26T03:01:22","guid":{"rendered":"https:\/\/pride.audio\/product\/amplificador-de-audio-para-coche-pride-aurora-3000w-x-1-canal\/"},"modified":"2019-05-25T22:01:22","modified_gmt":"2019-05-25T20:01:22","slug":"amplificador-de-audio-para-coche-pride-aurora-3000w-x-1-canal","status":"publish","type":"product","link":"https:\/\/pride.audio\/es\/producto\/amplificador-de-audio-para-coche-pride-aurora-3000w-x-1-canal\/","title":{"rendered":"Amplificador de audio para coche Pride Aurora &#8211; 3000W x 1 canal"},"content":{"rendered":"<p class=\"tw-data-text tw-text-large tw-ta\" dir=\"ltr\" data-placeholder=\"\u041f\u0435\u0440\u0435\u0432\u043e\u0434\" aria-label=\"\u041f\u0435\u0440\u0435\u0432\u0435\u0434\u0435\u043d\u043d\u044b\u0439 \u0442\u0435\u043a\u0441\u0442\" data-ved=\"2ahUKEwj7ldGquqWFAxVZCRAIHT94DKgQ3ewLegQICBAU\"><strong><span class=\"Y2IQFc\" lang=\"es\">Amplificador de audio para coche Pride Aurora &#8211; 3000W x 1 canal<\/p>\n<p><\/span><\/strong><span class=\"Y2IQFc\" lang=\"es\">Pride Aurora Amplifier es un subwoofer monobloque de clase D<\/p>\n<p><\/span><span class=\"Y2IQFc\" lang=\"es\">La mejor opci\u00f3n de dise\u00f1o de circuitos, desarrollada sobre la base de la producci\u00f3n en Corea del Sur. Funciona de forma estable con una carga de 1 ohmio. Potencia 3000 W por carga de 1 Ohm, a una tensi\u00f3n de 14,8 voltios y K.N.I. a un nivel de ~5%, que es la norma para la secci\u00f3n de subwoofer. El control remoto del nivel de sensibilidad de entrada tiene un indicador LED de que se ha superado el umbral de distorsi\u00f3n permitido.&#8221;<\/p>\n<p><\/span><span class=\"Y2IQFc\" lang=\"es\">Amplificador de potencia de 1 canal Pride Aurora 3000W. Adecuado para subwoofer de hasta 3000 Watts RMS. Subwoofer monobloque clase D Pride Aurora. Estable con una carga de 1 ohmio.<\/p>\n<p><\/span><span class=\"Y2IQFc\" lang=\"es\">Potencia 3000 W para una carga de 1 Ohm, a una tensi\u00f3n de 14,8 voltios y K.N.I. ~ 5%, que es la norma para el enlace del subwoofer. El control remoto del nivel de sensibilidad de entrada tiene un indicador LED para exceder el umbral de distorsiones permitidas. Es posible trabajar en el modo de \u201cinclusi\u00f3n puente\u201d<\/p>\n<p><\/span><span class=\"Y2IQFc\" lang=\"es\">Potencia nominal RMS de 1 ohmio, n\u00famero de canales x W 3000 W<br \/>\nPotencia nominal RMS de 2 ohmios, n\u00famero de canales x W 1500 W<br \/>\nPotencia nominal RMS de 4 ohmios, n\u00famero de canales x W 900 W<\/p>\n<p><\/span><span class=\"Y2IQFc\" lang=\"es\">Excelente soluci\u00f3n para subwoofers potentes y sonido de alta calidad para muchos a\u00f1os de trabajo.<\/p>\n<p>Disfrute de un sonido fant\u00e1stico y equipos de alta calidad de Pride Car Audio<\/span><\/p>\n<p id=\"tw-target-text\" class=\"tw-data-text tw-text-large tw-ta\" dir=\"ltr\" data-placeholder=\"\u041f\u0435\u0440\u0435\u0432\u043e\u0434\" aria-label=\"\u041f\u0435\u0440\u0435\u0432\u0435\u0434\u0435\u043d\u043d\u044b\u0439 \u0442\u0435\u043a\u0441\u0442\" data-ved=\"2ahUKEwj7ldGquqWFAxVZCRAIHT94DKgQ3ewLegQICBAU\"><strong><span class=\"Y2IQFc\" lang=\"es\">\u00a0<\/span><\/strong><\/p>\n","protected":false},"excerpt":{"rendered":"<p>Amplificador de audio para coche Pride Aurora &#8211; 3000W x 1 canal Pride Aurora Amplifier es un subwoofer monobloque de clase D La mejor opci\u00f3n de dise\u00f1o de circuitos, desarrollada sobre la base de la producci\u00f3n en Corea del Sur. Funciona de forma estable con una carga de 1 ohmio. Potencia 3000 W por carga [&hellip;]<\/p>\n","protected":false},"featured_media":15767,"template":"","meta":{"inline_featured_image":false},"product_brand":[],"product_cat":[574,575],"product_tag":[],"class_list":{"0":"post-15761","1":"product","2":"type-product","3":"status-publish","4":"has-post-thumbnail","6":"product_cat-amplificadores","7":"product_cat-1-canal","9":"first","10":"outofstock","11":"taxable","12":"shipping-taxable","13":"product-type-simple"},"acf":[],"yoast_head":"<!-- This site is optimized with the Yoast SEO plugin v27.3 - https:\/\/yoast.com\/product\/yoast-seo-wordpress\/ -->\n<title>Amplificador de audio para coche Pride Aurora - 3000W x 1 canal - Pride Audio. USA Online store<\/title>\n<meta name=\"robots\" content=\"index, follow, max-snippet:-1, max-image-preview:large, max-video-preview:-1\" \/>\n<link rel=\"canonical\" href=\"https:\/\/pride.audio\/es\/producto\/amplificador-de-audio-para-coche-pride-aurora-3000w-x-1-canal\/\" \/>\n<meta property=\"og:locale\" content=\"es_ES\" \/>\n<meta property=\"og:type\" content=\"article\" \/>\n<meta property=\"og:title\" content=\"Amplificador de audio para coche Pride Aurora - 3000W x 1 canal - Pride Audio. USA Online store\" \/>\n<meta property=\"og:description\" content=\"Amplificador de audio para coche Pride Aurora &#8211; 3000W x 1 canal Pride Aurora Amplifier es un subwoofer monobloque de clase D La mejor opci\u00f3n de dise\u00f1o de circuitos, desarrollada sobre la base de la producci\u00f3n en Corea del Sur. Funciona de forma estable con una carga de 1 ohmio. Potencia 3000 W por carga [&hellip;]\" \/>\n<meta property=\"og:url\" content=\"https:\/\/pride.audio\/es\/producto\/amplificador-de-audio-para-coche-pride-aurora-3000w-x-1-canal\/\" \/>\n<meta property=\"og:site_name\" content=\"Pride Audio. USA Online store\" \/>\n<meta property=\"og:image\" content=\"https:\/\/pride.audio\/wp-content\/uploads\/izobrazhenie-sdelano-21.10.2019-v-20.56.jpg\" \/>\n\t<meta property=\"og:image:width\" content=\"701\" \/>\n\t<meta property=\"og:image:height\" content=\"701\" \/>\n\t<meta property=\"og:image:type\" content=\"image\/jpeg\" \/>\n<meta name=\"twitter:card\" content=\"summary_large_image\" \/>\n<meta name=\"twitter:label1\" content=\"Tiempo de lectura\" \/>\n\t<meta name=\"twitter:data1\" content=\"1 minuto\" \/>\n<script type=\"application\/ld+json\" class=\"yoast-schema-graph\">{\"@context\":\"https:\\\/\\\/schema.org\",\"@graph\":[{\"@type\":\"WebPage\",\"@id\":\"https:\\\/\\\/pride.audio\\\/es\\\/producto\\\/amplificador-de-audio-para-coche-pride-aurora-3000w-x-1-canal\\\/\",\"url\":\"https:\\\/\\\/pride.audio\\\/es\\\/producto\\\/amplificador-de-audio-para-coche-pride-aurora-3000w-x-1-canal\\\/\",\"name\":\"Amplificador de audio para coche Pride Aurora - 3000W x 1 canal - Pride Audio. USA Online store\",\"isPartOf\":{\"@id\":\"https:\\\/\\\/pride.audio\\\/#website\"},\"primaryImageOfPage\":{\"@id\":\"https:\\\/\\\/pride.audio\\\/es\\\/producto\\\/amplificador-de-audio-para-coche-pride-aurora-3000w-x-1-canal\\\/#primaryimage\"},\"image\":{\"@id\":\"https:\\\/\\\/pride.audio\\\/es\\\/producto\\\/amplificador-de-audio-para-coche-pride-aurora-3000w-x-1-canal\\\/#primaryimage\"},\"thumbnailUrl\":\"https:\\\/\\\/pride.audio\\\/wp-content\\\/uploads\\\/izobrazhenie-sdelano-21.10.2019-v-20.56.jpg\",\"datePublished\":\"2019-05-26T03:01:22+00:00\",\"breadcrumb\":{\"@id\":\"https:\\\/\\\/pride.audio\\\/es\\\/producto\\\/amplificador-de-audio-para-coche-pride-aurora-3000w-x-1-canal\\\/#breadcrumb\"},\"inLanguage\":\"es\",\"potentialAction\":[{\"@type\":\"ReadAction\",\"target\":[\"https:\\\/\\\/pride.audio\\\/es\\\/producto\\\/amplificador-de-audio-para-coche-pride-aurora-3000w-x-1-canal\\\/\"]}]},{\"@type\":\"ImageObject\",\"inLanguage\":\"es\",\"@id\":\"https:\\\/\\\/pride.audio\\\/es\\\/producto\\\/amplificador-de-audio-para-coche-pride-aurora-3000w-x-1-canal\\\/#primaryimage\",\"url\":\"https:\\\/\\\/pride.audio\\\/wp-content\\\/uploads\\\/izobrazhenie-sdelano-21.10.2019-v-20.56.jpg\",\"contentUrl\":\"https:\\\/\\\/pride.audio\\\/wp-content\\\/uploads\\\/izobrazhenie-sdelano-21.10.2019-v-20.56.jpg\",\"width\":701,\"height\":701},{\"@type\":\"BreadcrumbList\",\"@id\":\"https:\\\/\\\/pride.audio\\\/es\\\/producto\\\/amplificador-de-audio-para-coche-pride-aurora-3000w-x-1-canal\\\/#breadcrumb\",\"itemListElement\":[{\"@type\":\"ListItem\",\"position\":1,\"name\":\"Home\",\"item\":\"https:\\\/\\\/pride.audio\\\/es\\\/\"},{\"@type\":\"ListItem\",\"position\":2,\"name\":\"Productos\",\"item\":\"https:\\\/\\\/pride.audio\\\/es\\\/productos\\\/\"},{\"@type\":\"ListItem\",\"position\":3,\"name\":\"Amplificador de audio para coche Pride Aurora &#8211; 3000W x 1 canal\"}]},{\"@type\":\"WebSite\",\"@id\":\"https:\\\/\\\/pride.audio\\\/#website\",\"url\":\"https:\\\/\\\/pride.audio\\\/\",\"name\":\"Pride Audio. USA Online store\",\"description\":\"Pride Car Audio: Official site\",\"publisher\":{\"@id\":\"https:\\\/\\\/pride.audio\\\/#organization\"},\"potentialAction\":[{\"@type\":\"SearchAction\",\"target\":{\"@type\":\"EntryPoint\",\"urlTemplate\":\"https:\\\/\\\/pride.audio\\\/?s={search_term_string}\"},\"query-input\":{\"@type\":\"PropertyValueSpecification\",\"valueRequired\":true,\"valueName\":\"search_term_string\"}}],\"inLanguage\":\"es\"},{\"@type\":\"Organization\",\"@id\":\"https:\\\/\\\/pride.audio\\\/#organization\",\"name\":\"Pride Audio. USA Online store\",\"url\":\"https:\\\/\\\/pride.audio\\\/\",\"logo\":{\"@type\":\"ImageObject\",\"inLanguage\":\"es\",\"@id\":\"https:\\\/\\\/pride.audio\\\/#\\\/schema\\\/logo\\\/image\\\/\",\"url\":\"https:\\\/\\\/pride.audio\\\/wp-content\\\/uploads\\\/2023\\\/08\\\/g10.svg\",\"contentUrl\":\"https:\\\/\\\/pride.audio\\\/wp-content\\\/uploads\\\/2023\\\/08\\\/g10.svg\",\"width\":158,\"height\":34,\"caption\":\"Pride Audio. USA Online store\"},\"image\":{\"@id\":\"https:\\\/\\\/pride.audio\\\/#\\\/schema\\\/logo\\\/image\\\/\"}}]}<\/script>\n<!-- \/ Yoast SEO plugin. -->","yoast_head_json":{"title":"Amplificador de audio para coche Pride Aurora - 3000W x 1 canal - Pride Audio. USA Online store","robots":{"index":"index","follow":"follow","max-snippet":"max-snippet:-1","max-image-preview":"max-image-preview:large","max-video-preview":"max-video-preview:-1"},"canonical":"https:\/\/pride.audio\/es\/producto\/amplificador-de-audio-para-coche-pride-aurora-3000w-x-1-canal\/","og_locale":"es_ES","og_type":"article","og_title":"Amplificador de audio para coche Pride Aurora - 3000W x 1 canal - Pride Audio. USA Online store","og_description":"Amplificador de audio para coche Pride Aurora &#8211; 3000W x 1 canal Pride Aurora Amplifier es un subwoofer monobloque de clase D La mejor opci\u00f3n de dise\u00f1o de circuitos, desarrollada sobre la base de la producci\u00f3n en Corea del Sur. Funciona de forma estable con una carga de 1 ohmio. Potencia 3000 W por carga [&hellip;]","og_url":"https:\/\/pride.audio\/es\/producto\/amplificador-de-audio-para-coche-pride-aurora-3000w-x-1-canal\/","og_site_name":"Pride Audio. USA Online store","og_image":[{"width":701,"height":701,"url":"https:\/\/pride.audio\/wp-content\/uploads\/izobrazhenie-sdelano-21.10.2019-v-20.56.jpg","type":"image\/jpeg"}],"twitter_card":"summary_large_image","twitter_misc":{"Tiempo de lectura":"1 minuto"},"schema":{"@context":"https:\/\/schema.org","@graph":[{"@type":"WebPage","@id":"https:\/\/pride.audio\/es\/producto\/amplificador-de-audio-para-coche-pride-aurora-3000w-x-1-canal\/","url":"https:\/\/pride.audio\/es\/producto\/amplificador-de-audio-para-coche-pride-aurora-3000w-x-1-canal\/","name":"Amplificador de audio para coche Pride Aurora - 3000W x 1 canal - Pride Audio. USA Online store","isPartOf":{"@id":"https:\/\/pride.audio\/#website"},"primaryImageOfPage":{"@id":"https:\/\/pride.audio\/es\/producto\/amplificador-de-audio-para-coche-pride-aurora-3000w-x-1-canal\/#primaryimage"},"image":{"@id":"https:\/\/pride.audio\/es\/producto\/amplificador-de-audio-para-coche-pride-aurora-3000w-x-1-canal\/#primaryimage"},"thumbnailUrl":"https:\/\/pride.audio\/wp-content\/uploads\/izobrazhenie-sdelano-21.10.2019-v-20.56.jpg","datePublished":"2019-05-26T03:01:22+00:00","breadcrumb":{"@id":"https:\/\/pride.audio\/es\/producto\/amplificador-de-audio-para-coche-pride-aurora-3000w-x-1-canal\/#breadcrumb"},"inLanguage":"es","potentialAction":[{"@type":"ReadAction","target":["https:\/\/pride.audio\/es\/producto\/amplificador-de-audio-para-coche-pride-aurora-3000w-x-1-canal\/"]}]},{"@type":"ImageObject","inLanguage":"es","@id":"https:\/\/pride.audio\/es\/producto\/amplificador-de-audio-para-coche-pride-aurora-3000w-x-1-canal\/#primaryimage","url":"https:\/\/pride.audio\/wp-content\/uploads\/izobrazhenie-sdelano-21.10.2019-v-20.56.jpg","contentUrl":"https:\/\/pride.audio\/wp-content\/uploads\/izobrazhenie-sdelano-21.10.2019-v-20.56.jpg","width":701,"height":701},{"@type":"BreadcrumbList","@id":"https:\/\/pride.audio\/es\/producto\/amplificador-de-audio-para-coche-pride-aurora-3000w-x-1-canal\/#breadcrumb","itemListElement":[{"@type":"ListItem","position":1,"name":"Home","item":"https:\/\/pride.audio\/es\/"},{"@type":"ListItem","position":2,"name":"Productos","item":"https:\/\/pride.audio\/es\/productos\/"},{"@type":"ListItem","position":3,"name":"Amplificador de audio para coche Pride Aurora &#8211; 3000W x 1 canal"}]},{"@type":"WebSite","@id":"https:\/\/pride.audio\/#website","url":"https:\/\/pride.audio\/","name":"Pride Audio. USA Online store","description":"Pride Car Audio: Official site","publisher":{"@id":"https:\/\/pride.audio\/#organization"},"potentialAction":[{"@type":"SearchAction","target":{"@type":"EntryPoint","urlTemplate":"https:\/\/pride.audio\/?s={search_term_string}"},"query-input":{"@type":"PropertyValueSpecification","valueRequired":true,"valueName":"search_term_string"}}],"inLanguage":"es"},{"@type":"Organization","@id":"https:\/\/pride.audio\/#organization","name":"Pride Audio. USA Online store","url":"https:\/\/pride.audio\/","logo":{"@type":"ImageObject","inLanguage":"es","@id":"https:\/\/pride.audio\/#\/schema\/logo\/image\/","url":"https:\/\/pride.audio\/wp-content\/uploads\/2023\/08\/g10.svg","contentUrl":"https:\/\/pride.audio\/wp-content\/uploads\/2023\/08\/g10.svg","width":158,"height":34,"caption":"Pride Audio. USA Online store"},"image":{"@id":"https:\/\/pride.audio\/#\/schema\/logo\/image\/"}}]}},"_links":{"self":[{"href":"https:\/\/pride.audio\/es\/wp-json\/wp\/v2\/product\/15761","targetHints":{"allow":["GET"]}}],"collection":[{"href":"https:\/\/pride.audio\/es\/wp-json\/wp\/v2\/product"}],"about":[{"href":"https:\/\/pride.audio\/es\/wp-json\/wp\/v2\/types\/product"}],"wp:featuredmedia":[{"embeddable":true,"href":"https:\/\/pride.audio\/es\/wp-json\/wp\/v2\/media\/15767"}],"wp:attachment":[{"href":"https:\/\/pride.audio\/es\/wp-json\/wp\/v2\/media?parent=15761"}],"wp:term":[{"taxonomy":"product_brand","embeddable":true,"href":"https:\/\/pride.audio\/es\/wp-json\/wp\/v2\/product_brand?post=15761"},{"taxonomy":"product_cat","embeddable":true,"href":"https:\/\/pride.audio\/es\/wp-json\/wp\/v2\/product_cat?post=15761"},{"taxonomy":"product_tag","embeddable":true,"href":"https:\/\/pride.audio\/es\/wp-json\/wp\/v2\/product_tag?post=15761"}],"curies":[{"name":"wp","href":"https:\/\/api.w.org\/{rel}","templated":true}]}}