{"id":15731,"date":"2019-05-25T21:43:23","date_gmt":"2019-05-26T02:43:23","guid":{"rendered":"https:\/\/pride.audio\/product\/amplificador-de-audio-para-automovil-pride-mille-1000w-x-1-canal\/"},"modified":"2019-05-25T21:43:23","modified_gmt":"2019-05-25T19:43:23","slug":"amplificador-de-audio-para-automovil-pride-mille-1000w-x-1-canal","status":"publish","type":"product","link":"https:\/\/pride.audio\/es\/producto\/amplificador-de-audio-para-automovil-pride-mille-1000w-x-1-canal\/","title":{"rendered":"Amplificador de audio para autom\u00f3vil Pride Mille &#8211; 1000W x 1 canal"},"content":{"rendered":"<p class=\"tw-data-text tw-text-large tw-ta\" dir=\"ltr\" data-placeholder=\"\u041f\u0435\u0440\u0435\u0432\u043e\u0434\" aria-label=\"\u041f\u0435\u0440\u0435\u0432\u0435\u0434\u0435\u043d\u043d\u044b\u0439 \u0442\u0435\u043a\u0441\u0442\" data-ved=\"2ahUKEwj7ldGquqWFAxVZCRAIHT94DKgQ3ewLegQICBAU\"><strong><span class=\"Y2IQFc\" lang=\"es\">Amplificador de audio para autom\u00f3vil Pride Mille &#8211; 1000W x 1 canal<\/p>\n<p><\/span><\/strong><span class=\"Y2IQFc\" lang=\"es\">Le presentamos uno de los modelos m\u00e1s populares en la gama de equipos de Pride Car Audio. Es el amplificador Pride Mille.<\/p>\n<p>La mejor versi\u00f3n de la tecnolog\u00eda de circuitos, desarrollada sobre la base de la producci\u00f3n en Corea del Sur. Funciona de manera estable con una carga de 1 ohmio. Potencia 1000 W por carga de 1 Ohm, a una tensi\u00f3n de 14,8 voltios y K.N.I. a un nivel de ~5%, que es la norma para la secci\u00f3n de subwoofer.<\/p>\n<p><\/span><span class=\"Y2IQFc\" lang=\"es\">El control remoto del nivel de sensibilidad de entrada tiene un indicador LED de que se ha excedido el umbral de distorsi\u00f3n permitido. Posibilidad de funcionamiento en modo \u201cconmutaci\u00f3n de puente\u201d<\/p>\n<p><\/span><span class=\"Y2IQFc\" lang=\"es\">Amplificador de potencia de 1 canal Pride Mille 1200W. Adecuado para subwoofer de hasta 1200 Watts RMS.<\/p>\n<p><\/span><span class=\"Y2IQFc\" lang=\"es\">Excelente soluci\u00f3n para subwoofers potentes y sonido de alta calidad para muchos a\u00f1os de trabajo. Potencia 1000W por carga 1 Ohm, a una tensi\u00f3n de 14,8 voltios y K.N.I. ~ 5%, que es la norma para el enlace del subwoofer.<\/p>\n<p><\/span><span class=\"Y2IQFc\" lang=\"es\">El control remoto del nivel de sensibilidad de entrada tiene un indicador LED para exceder el umbral de distorsiones permitidas. Es posible trabajar en el modo de \u201cinclusi\u00f3n puente\u201d<\/p>\n<p><\/span><span class=\"Y2IQFc\" lang=\"es\">Potencia nominal RMS a 1 ohmio, 1000 W<br \/>\nPotencia nominal RMS a 2 ohmios, 650 W<br \/>\nPotencia nominal RMS a 4 ohmios, 400 W<\/p>\n<p><\/span><span class=\"Y2IQFc\" lang=\"es\">\u00a1C\u00f3mpralo ahora y disfruta del poder del sonido de Pride Car Audio!<\/span><\/p>\n<p id=\"tw-target-text\" class=\"tw-data-text tw-text-large tw-ta\" dir=\"ltr\" data-placeholder=\"\u041f\u0435\u0440\u0435\u0432\u043e\u0434\" aria-label=\"\u041f\u0435\u0440\u0435\u0432\u0435\u0434\u0435\u043d\u043d\u044b\u0439 \u0442\u0435\u043a\u0441\u0442\" data-ved=\"2ahUKEwj7ldGquqWFAxVZCRAIHT94DKgQ3ewLegQICBAU\"><strong><span class=\"Y2IQFc\" lang=\"es\">\u00a0<\/span><\/strong><\/p>\n","protected":false},"excerpt":{"rendered":"<p>Amplificador de audio para autom\u00f3vil Pride Mille &#8211; 1000W x 1 canal Le presentamos uno de los modelos m\u00e1s populares en la gama de equipos de Pride Car Audio. Es el amplificador Pride Mille. La mejor versi\u00f3n de la tecnolog\u00eda de circuitos, desarrollada sobre la base de la producci\u00f3n en Corea del Sur. Funciona de [&hellip;]<\/p>\n","protected":false},"featured_media":16738,"template":"","meta":{"inline_featured_image":false},"product_brand":[],"product_cat":[574,575],"product_tag":[],"class_list":{"0":"post-15731","1":"product","2":"type-product","3":"status-publish","4":"has-post-thumbnail","6":"product_cat-amplificadores","7":"product_cat-1-canal","9":"first","10":"outofstock","11":"taxable","12":"shipping-taxable","13":"product-type-simple"},"acf":[],"yoast_head":"<!-- This site is optimized with the Yoast SEO plugin v27.2 - https:\/\/yoast.com\/product\/yoast-seo-wordpress\/ -->\n<title>Amplificador de audio para autom\u00f3vil Pride Mille - 1000W x 1 canal - Pride Audio. USA Online store<\/title>\n<meta name=\"robots\" content=\"index, follow, max-snippet:-1, max-image-preview:large, max-video-preview:-1\" \/>\n<link rel=\"canonical\" href=\"https:\/\/pride.audio\/es\/producto\/amplificador-de-audio-para-automovil-pride-mille-1000w-x-1-canal\/\" \/>\n<meta property=\"og:locale\" content=\"es_ES\" \/>\n<meta property=\"og:type\" content=\"article\" \/>\n<meta property=\"og:title\" content=\"Amplificador de audio para autom\u00f3vil Pride Mille - 1000W x 1 canal - Pride Audio. USA Online store\" \/>\n<meta property=\"og:description\" content=\"Amplificador de audio para autom\u00f3vil Pride Mille &#8211; 1000W x 1 canal Le presentamos uno de los modelos m\u00e1s populares en la gama de equipos de Pride Car Audio. Es el amplificador Pride Mille. La mejor versi\u00f3n de la tecnolog\u00eda de circuitos, desarrollada sobre la base de la producci\u00f3n en Corea del Sur. Funciona de [&hellip;]\" \/>\n<meta property=\"og:url\" content=\"https:\/\/pride.audio\/es\/producto\/amplificador-de-audio-para-automovil-pride-mille-1000w-x-1-canal\/\" \/>\n<meta property=\"og:site_name\" content=\"Pride Audio. USA Online store\" \/>\n<meta property=\"og:image\" content=\"https:\/\/pride.audio\/wp-content\/uploads\/2019\/05\/product_amplifer_mille.jpeg\" \/>\n\t<meta property=\"og:image:width\" content=\"377\" \/>\n\t<meta property=\"og:image:height\" content=\"318\" \/>\n\t<meta property=\"og:image:type\" content=\"image\/jpeg\" \/>\n<meta name=\"twitter:card\" content=\"summary_large_image\" \/>\n<meta name=\"twitter:label1\" content=\"Tiempo de lectura\" \/>\n\t<meta name=\"twitter:data1\" content=\"1 minuto\" \/>\n<script type=\"application\/ld+json\" class=\"yoast-schema-graph\">{\"@context\":\"https:\/\/schema.org\",\"@graph\":[{\"@type\":\"WebPage\",\"@id\":\"https:\/\/pride.audio\/es\/producto\/amplificador-de-audio-para-automovil-pride-mille-1000w-x-1-canal\/\",\"url\":\"https:\/\/pride.audio\/es\/producto\/amplificador-de-audio-para-automovil-pride-mille-1000w-x-1-canal\/\",\"name\":\"Amplificador de audio para autom\u00f3vil Pride Mille - 1000W x 1 canal - Pride Audio. USA Online store\",\"isPartOf\":{\"@id\":\"https:\/\/pride.audio\/#website\"},\"primaryImageOfPage\":{\"@id\":\"https:\/\/pride.audio\/es\/producto\/amplificador-de-audio-para-automovil-pride-mille-1000w-x-1-canal\/#primaryimage\"},\"image\":{\"@id\":\"https:\/\/pride.audio\/es\/producto\/amplificador-de-audio-para-automovil-pride-mille-1000w-x-1-canal\/#primaryimage\"},\"thumbnailUrl\":\"https:\/\/pride.audio\/wp-content\/uploads\/2019\/05\/product_amplifer_mille.jpeg\",\"datePublished\":\"2019-05-26T02:43:23+00:00\",\"breadcrumb\":{\"@id\":\"https:\/\/pride.audio\/es\/producto\/amplificador-de-audio-para-automovil-pride-mille-1000w-x-1-canal\/#breadcrumb\"},\"inLanguage\":\"es\",\"potentialAction\":[{\"@type\":\"ReadAction\",\"target\":[\"https:\/\/pride.audio\/es\/producto\/amplificador-de-audio-para-automovil-pride-mille-1000w-x-1-canal\/\"]}]},{\"@type\":\"ImageObject\",\"inLanguage\":\"es\",\"@id\":\"https:\/\/pride.audio\/es\/producto\/amplificador-de-audio-para-automovil-pride-mille-1000w-x-1-canal\/#primaryimage\",\"url\":\"https:\/\/pride.audio\/wp-content\/uploads\/2019\/05\/product_amplifer_mille.jpeg\",\"contentUrl\":\"https:\/\/pride.audio\/wp-content\/uploads\/2019\/05\/product_amplifer_mille.jpeg\",\"width\":377,\"height\":318},{\"@type\":\"BreadcrumbList\",\"@id\":\"https:\/\/pride.audio\/es\/producto\/amplificador-de-audio-para-automovil-pride-mille-1000w-x-1-canal\/#breadcrumb\",\"itemListElement\":[{\"@type\":\"ListItem\",\"position\":1,\"name\":\"Home\",\"item\":\"https:\/\/pride.audio\/es\/\"},{\"@type\":\"ListItem\",\"position\":2,\"name\":\"Productos\",\"item\":\"https:\/\/pride.audio\/es\/productos\/\"},{\"@type\":\"ListItem\",\"position\":3,\"name\":\"Amplificador de audio para autom\u00f3vil Pride Mille &#8211; 1000W x 1 canal\"}]},{\"@type\":\"WebSite\",\"@id\":\"https:\/\/pride.audio\/#website\",\"url\":\"https:\/\/pride.audio\/\",\"name\":\"Pride Audio. USA Online store\",\"description\":\"Pride Car Audio: Official site\",\"publisher\":{\"@id\":\"https:\/\/pride.audio\/#organization\"},\"potentialAction\":[{\"@type\":\"SearchAction\",\"target\":{\"@type\":\"EntryPoint\",\"urlTemplate\":\"https:\/\/pride.audio\/?s={search_term_string}\"},\"query-input\":{\"@type\":\"PropertyValueSpecification\",\"valueRequired\":true,\"valueName\":\"search_term_string\"}}],\"inLanguage\":\"es\"},{\"@type\":\"Organization\",\"@id\":\"https:\/\/pride.audio\/#organization\",\"name\":\"Pride Audio. USA Online store\",\"url\":\"https:\/\/pride.audio\/\",\"logo\":{\"@type\":\"ImageObject\",\"inLanguage\":\"es\",\"@id\":\"https:\/\/pride.audio\/#\/schema\/logo\/image\/\",\"url\":\"https:\/\/pride.audio\/wp-content\/uploads\/2023\/08\/g10.svg\",\"contentUrl\":\"https:\/\/pride.audio\/wp-content\/uploads\/2023\/08\/g10.svg\",\"width\":158,\"height\":34,\"caption\":\"Pride Audio. USA Online store\"},\"image\":{\"@id\":\"https:\/\/pride.audio\/#\/schema\/logo\/image\/\"}}]}<\/script>\n<!-- \/ Yoast SEO plugin. -->","yoast_head_json":{"title":"Amplificador de audio para autom\u00f3vil Pride Mille - 1000W x 1 canal - Pride Audio. USA Online store","robots":{"index":"index","follow":"follow","max-snippet":"max-snippet:-1","max-image-preview":"max-image-preview:large","max-video-preview":"max-video-preview:-1"},"canonical":"https:\/\/pride.audio\/es\/producto\/amplificador-de-audio-para-automovil-pride-mille-1000w-x-1-canal\/","og_locale":"es_ES","og_type":"article","og_title":"Amplificador de audio para autom\u00f3vil Pride Mille - 1000W x 1 canal - Pride Audio. USA Online store","og_description":"Amplificador de audio para autom\u00f3vil Pride Mille &#8211; 1000W x 1 canal Le presentamos uno de los modelos m\u00e1s populares en la gama de equipos de Pride Car Audio. Es el amplificador Pride Mille. La mejor versi\u00f3n de la tecnolog\u00eda de circuitos, desarrollada sobre la base de la producci\u00f3n en Corea del Sur. Funciona de [&hellip;]","og_url":"https:\/\/pride.audio\/es\/producto\/amplificador-de-audio-para-automovil-pride-mille-1000w-x-1-canal\/","og_site_name":"Pride Audio. USA Online store","og_image":[{"width":377,"height":318,"url":"https:\/\/pride.audio\/wp-content\/uploads\/2019\/05\/product_amplifer_mille.jpeg","type":"image\/jpeg"}],"twitter_card":"summary_large_image","twitter_misc":{"Tiempo de lectura":"1 minuto"},"schema":{"@context":"https:\/\/schema.org","@graph":[{"@type":"WebPage","@id":"https:\/\/pride.audio\/es\/producto\/amplificador-de-audio-para-automovil-pride-mille-1000w-x-1-canal\/","url":"https:\/\/pride.audio\/es\/producto\/amplificador-de-audio-para-automovil-pride-mille-1000w-x-1-canal\/","name":"Amplificador de audio para autom\u00f3vil Pride Mille - 1000W x 1 canal - Pride Audio. USA Online store","isPartOf":{"@id":"https:\/\/pride.audio\/#website"},"primaryImageOfPage":{"@id":"https:\/\/pride.audio\/es\/producto\/amplificador-de-audio-para-automovil-pride-mille-1000w-x-1-canal\/#primaryimage"},"image":{"@id":"https:\/\/pride.audio\/es\/producto\/amplificador-de-audio-para-automovil-pride-mille-1000w-x-1-canal\/#primaryimage"},"thumbnailUrl":"https:\/\/pride.audio\/wp-content\/uploads\/2019\/05\/product_amplifer_mille.jpeg","datePublished":"2019-05-26T02:43:23+00:00","breadcrumb":{"@id":"https:\/\/pride.audio\/es\/producto\/amplificador-de-audio-para-automovil-pride-mille-1000w-x-1-canal\/#breadcrumb"},"inLanguage":"es","potentialAction":[{"@type":"ReadAction","target":["https:\/\/pride.audio\/es\/producto\/amplificador-de-audio-para-automovil-pride-mille-1000w-x-1-canal\/"]}]},{"@type":"ImageObject","inLanguage":"es","@id":"https:\/\/pride.audio\/es\/producto\/amplificador-de-audio-para-automovil-pride-mille-1000w-x-1-canal\/#primaryimage","url":"https:\/\/pride.audio\/wp-content\/uploads\/2019\/05\/product_amplifer_mille.jpeg","contentUrl":"https:\/\/pride.audio\/wp-content\/uploads\/2019\/05\/product_amplifer_mille.jpeg","width":377,"height":318},{"@type":"BreadcrumbList","@id":"https:\/\/pride.audio\/es\/producto\/amplificador-de-audio-para-automovil-pride-mille-1000w-x-1-canal\/#breadcrumb","itemListElement":[{"@type":"ListItem","position":1,"name":"Home","item":"https:\/\/pride.audio\/es\/"},{"@type":"ListItem","position":2,"name":"Productos","item":"https:\/\/pride.audio\/es\/productos\/"},{"@type":"ListItem","position":3,"name":"Amplificador de audio para autom\u00f3vil Pride Mille &#8211; 1000W x 1 canal"}]},{"@type":"WebSite","@id":"https:\/\/pride.audio\/#website","url":"https:\/\/pride.audio\/","name":"Pride Audio. USA Online store","description":"Pride Car Audio: Official site","publisher":{"@id":"https:\/\/pride.audio\/#organization"},"potentialAction":[{"@type":"SearchAction","target":{"@type":"EntryPoint","urlTemplate":"https:\/\/pride.audio\/?s={search_term_string}"},"query-input":{"@type":"PropertyValueSpecification","valueRequired":true,"valueName":"search_term_string"}}],"inLanguage":"es"},{"@type":"Organization","@id":"https:\/\/pride.audio\/#organization","name":"Pride Audio. USA Online store","url":"https:\/\/pride.audio\/","logo":{"@type":"ImageObject","inLanguage":"es","@id":"https:\/\/pride.audio\/#\/schema\/logo\/image\/","url":"https:\/\/pride.audio\/wp-content\/uploads\/2023\/08\/g10.svg","contentUrl":"https:\/\/pride.audio\/wp-content\/uploads\/2023\/08\/g10.svg","width":158,"height":34,"caption":"Pride Audio. USA Online store"},"image":{"@id":"https:\/\/pride.audio\/#\/schema\/logo\/image\/"}}]}},"_links":{"self":[{"href":"https:\/\/pride.audio\/es\/wp-json\/wp\/v2\/product\/15731","targetHints":{"allow":["GET"]}}],"collection":[{"href":"https:\/\/pride.audio\/es\/wp-json\/wp\/v2\/product"}],"about":[{"href":"https:\/\/pride.audio\/es\/wp-json\/wp\/v2\/types\/product"}],"wp:featuredmedia":[{"embeddable":true,"href":"https:\/\/pride.audio\/es\/wp-json\/wp\/v2\/media\/16738"}],"wp:attachment":[{"href":"https:\/\/pride.audio\/es\/wp-json\/wp\/v2\/media?parent=15731"}],"wp:term":[{"taxonomy":"product_brand","embeddable":true,"href":"https:\/\/pride.audio\/es\/wp-json\/wp\/v2\/product_brand?post=15731"},{"taxonomy":"product_cat","embeddable":true,"href":"https:\/\/pride.audio\/es\/wp-json\/wp\/v2\/product_cat?post=15731"},{"taxonomy":"product_tag","embeddable":true,"href":"https:\/\/pride.audio\/es\/wp-json\/wp\/v2\/product_tag?post=15731"}],"curies":[{"name":"wp","href":"https:\/\/api.w.org\/{rel}","templated":true}]}}