{"id":15665,"date":"2019-05-25T22:27:27","date_gmt":"2019-05-26T03:27:27","guid":{"rendered":"https:\/\/pride.audio\/product\/amplificador-de-audio-para-coche-pride-quattro-xl-300w-x-4-canales\/"},"modified":"2025-02-09T09:11:47","modified_gmt":"2025-02-09T07:11:47","slug":"amplificador-de-audio-para-coche-pride-quattro-xl-300w-x-4-canales","status":"publish","type":"product","link":"https:\/\/pride.audio\/es\/producto\/amplificador-de-audio-para-coche-pride-quattro-xl-300w-x-4-canales\/","title":{"rendered":"Amplificador de audio para coche Pride Quattro XL &#8211; 300W x 4 canales"},"content":{"rendered":"<p><strong>Amplificador de audio para coche Pride Quattro XL<\/p>\n<p><\/strong><span class=\"Y2IQFc\" lang=\"es\">Amplificador de coche elegante y potente de 4 canales con un crossover desarrollado. Este amplificador est\u00e1 creado para verdaderos fan\u00e1ticos de la marca Pride que desean lograr los m\u00e1ximos resultados en su sistema de altavoces. Debido a que el Pride Quattro XL pertenece a los amplificadores de clase AB, puede obtener una excelente calidad de sonido de su sistema con la configuraci\u00f3n adecuada.<\/p>\n<p><\/span><span class=\"Y2IQFc\" lang=\"es\">Pride Quattro XL es un amplificador clase AB de 4 canales. Funciona de manera estable con una carga de 2 ohmios por canal, o 4 ohmios en el &#8220;modo de conmutaci\u00f3n de puente&#8221; de los canales. La potencia de cada uno de los cuatro canales es de 175 W para una carga de 4 Ohmios o de 300 W para una carga de 2 Ohmios, a una tensi\u00f3n de 14,4 V y K.N.I. 1%.<\/p>\n<p><\/span><span class=\"Y2IQFc\" lang=\"es\">El Quattro X est\u00e1 equipado con 3 fusibles de 40 A, as\u00ed como filtros de alta y baja frecuencia con un amplio rango de operaci\u00f3n. El amplificador Quattro X tiene una excelente disipaci\u00f3n de calor gracias a la enorme carcasa de aluminio, de m\u00e1s de 500 mm de longitud. El Pride Quattro XL est\u00e1 equipado con pr\u00e1cticos terminales para una fijaci\u00f3n segura del cable y garantiza un alto nivel de fiabilidad y montaje. La versi\u00f3n actualizada presenta protecci\u00f3n de temperatura mejorada y multiplicadores de filtro.<\/p>\n<p><\/span><span class=\"Y2IQFc\" lang=\"es\">Potencia nominal RMS de 2 ohmios, n\u00famero de canales x W 4 x 300<br \/>\nPotencia nominal RMS a 4 ohmios, n\u00famero de canales x W 4 x 175<br \/>\nPotencia nominal RMS a 4 ohmios (mono), W 600<\/p>\n<p><\/span><span class=\"Y2IQFc\" lang=\"es\">Rango de frecuencias reproducidas, Hz 15 \u2013 30000<\/p>\n<p><\/span><span class=\"Y2IQFc\" lang=\"es\">Podr\u00e1s instalar una soluci\u00f3n de calidad para Tu coche y conectar altavoces de 4 canales o Twitter. Es posible trabajar en 2 Ohmios.<\/span><\/p>\n<p><span class=\"Y2IQFc\" lang=\"es\">\u00a0<\/span><\/p>\n","protected":false},"excerpt":{"rendered":"<p>Amplificador de audio para coche Pride Quattro XL Amplificador de coche elegante y potente de 4 canales con un crossover desarrollado. Este amplificador est\u00e1 creado para verdaderos fan\u00e1ticos de la marca Pride que desean lograr los m\u00e1ximos resultados en su sistema de altavoces. Debido a que el Pride Quattro XL pertenece a los amplificadores de [&hellip;]<\/p>\n","protected":false},"featured_media":18845,"template":"","meta":{"inline_featured_image":false},"product_brand":[],"product_cat":[574,577],"product_tag":[],"class_list":{"0":"post-15665","1":"product","2":"type-product","3":"status-publish","4":"has-post-thumbnail","6":"product_cat-amplificadores","7":"product_cat-4-canales","9":"first","10":"outofstock","11":"taxable","12":"shipping-taxable","13":"product-type-simple"},"acf":[],"yoast_head":"<!-- This site is optimized with the Yoast SEO plugin v27.2 - https:\/\/yoast.com\/product\/yoast-seo-wordpress\/ -->\n<title>Amplificador de audio para coche Pride Quattro XL - 300W x 4 canales - Pride Audio. USA Online store<\/title>\n<meta name=\"robots\" content=\"index, follow, max-snippet:-1, max-image-preview:large, max-video-preview:-1\" \/>\n<link rel=\"canonical\" href=\"https:\/\/pride.audio\/es\/producto\/amplificador-de-audio-para-coche-pride-quattro-xl-300w-x-4-canales\/\" \/>\n<meta property=\"og:locale\" content=\"es_ES\" \/>\n<meta property=\"og:type\" content=\"article\" \/>\n<meta property=\"og:title\" content=\"Amplificador de audio para coche Pride Quattro XL - 300W x 4 canales - Pride Audio. USA Online store\" \/>\n<meta property=\"og:description\" content=\"Amplificador de audio para coche Pride Quattro XL Amplificador de coche elegante y potente de 4 canales con un crossover desarrollado. Este amplificador est\u00e1 creado para verdaderos fan\u00e1ticos de la marca Pride que desean lograr los m\u00e1ximos resultados en su sistema de altavoces. Debido a que el Pride Quattro XL pertenece a los amplificadores de [&hellip;]\" \/>\n<meta property=\"og:url\" content=\"https:\/\/pride.audio\/es\/producto\/amplificador-de-audio-para-coche-pride-quattro-xl-300w-x-4-canales\/\" \/>\n<meta property=\"og:site_name\" content=\"Pride Audio. USA Online store\" \/>\n<meta property=\"article:modified_time\" content=\"2025-02-09T07:11:47+00:00\" \/>\n<meta property=\"og:image\" content=\"https:\/\/pride.audio\/wp-content\/uploads\/2019\/05\/IMG_2020.jpg\" \/>\n\t<meta property=\"og:image:width\" content=\"1170\" \/>\n\t<meta property=\"og:image:height\" content=\"1170\" \/>\n\t<meta property=\"og:image:type\" content=\"image\/jpeg\" \/>\n<meta name=\"twitter:card\" content=\"summary_large_image\" \/>\n<meta name=\"twitter:label1\" content=\"Tiempo de lectura\" \/>\n\t<meta name=\"twitter:data1\" content=\"1 minuto\" \/>\n<script type=\"application\/ld+json\" class=\"yoast-schema-graph\">{\"@context\":\"https:\/\/schema.org\",\"@graph\":[{\"@type\":\"WebPage\",\"@id\":\"https:\/\/pride.audio\/es\/producto\/amplificador-de-audio-para-coche-pride-quattro-xl-300w-x-4-canales\/\",\"url\":\"https:\/\/pride.audio\/es\/producto\/amplificador-de-audio-para-coche-pride-quattro-xl-300w-x-4-canales\/\",\"name\":\"Amplificador de audio para coche Pride Quattro XL - 300W x 4 canales - Pride Audio. USA Online store\",\"isPartOf\":{\"@id\":\"https:\/\/pride.audio\/#website\"},\"primaryImageOfPage\":{\"@id\":\"https:\/\/pride.audio\/es\/producto\/amplificador-de-audio-para-coche-pride-quattro-xl-300w-x-4-canales\/#primaryimage\"},\"image\":{\"@id\":\"https:\/\/pride.audio\/es\/producto\/amplificador-de-audio-para-coche-pride-quattro-xl-300w-x-4-canales\/#primaryimage\"},\"thumbnailUrl\":\"https:\/\/pride.audio\/wp-content\/uploads\/2019\/05\/IMG_2020.jpg\",\"datePublished\":\"2019-05-26T03:27:27+00:00\",\"dateModified\":\"2025-02-09T07:11:47+00:00\",\"breadcrumb\":{\"@id\":\"https:\/\/pride.audio\/es\/producto\/amplificador-de-audio-para-coche-pride-quattro-xl-300w-x-4-canales\/#breadcrumb\"},\"inLanguage\":\"es\",\"potentialAction\":[{\"@type\":\"ReadAction\",\"target\":[\"https:\/\/pride.audio\/es\/producto\/amplificador-de-audio-para-coche-pride-quattro-xl-300w-x-4-canales\/\"]}]},{\"@type\":\"ImageObject\",\"inLanguage\":\"es\",\"@id\":\"https:\/\/pride.audio\/es\/producto\/amplificador-de-audio-para-coche-pride-quattro-xl-300w-x-4-canales\/#primaryimage\",\"url\":\"https:\/\/pride.audio\/wp-content\/uploads\/2019\/05\/IMG_2020.jpg\",\"contentUrl\":\"https:\/\/pride.audio\/wp-content\/uploads\/2019\/05\/IMG_2020.jpg\",\"width\":1170,\"height\":1170,\"caption\":\"Screenshot\"},{\"@type\":\"BreadcrumbList\",\"@id\":\"https:\/\/pride.audio\/es\/producto\/amplificador-de-audio-para-coche-pride-quattro-xl-300w-x-4-canales\/#breadcrumb\",\"itemListElement\":[{\"@type\":\"ListItem\",\"position\":1,\"name\":\"Home\",\"item\":\"https:\/\/pride.audio\/es\/\"},{\"@type\":\"ListItem\",\"position\":2,\"name\":\"Productos\",\"item\":\"https:\/\/pride.audio\/es\/productos\/\"},{\"@type\":\"ListItem\",\"position\":3,\"name\":\"Amplificador de audio para coche Pride Quattro XL &#8211; 300W x 4 canales\"}]},{\"@type\":\"WebSite\",\"@id\":\"https:\/\/pride.audio\/#website\",\"url\":\"https:\/\/pride.audio\/\",\"name\":\"Pride Audio. USA Online store\",\"description\":\"Pride Car Audio: Official site\",\"publisher\":{\"@id\":\"https:\/\/pride.audio\/#organization\"},\"potentialAction\":[{\"@type\":\"SearchAction\",\"target\":{\"@type\":\"EntryPoint\",\"urlTemplate\":\"https:\/\/pride.audio\/?s={search_term_string}\"},\"query-input\":{\"@type\":\"PropertyValueSpecification\",\"valueRequired\":true,\"valueName\":\"search_term_string\"}}],\"inLanguage\":\"es\"},{\"@type\":\"Organization\",\"@id\":\"https:\/\/pride.audio\/#organization\",\"name\":\"Pride Audio. USA Online store\",\"url\":\"https:\/\/pride.audio\/\",\"logo\":{\"@type\":\"ImageObject\",\"inLanguage\":\"es\",\"@id\":\"https:\/\/pride.audio\/#\/schema\/logo\/image\/\",\"url\":\"https:\/\/pride.audio\/wp-content\/uploads\/2023\/08\/g10.svg\",\"contentUrl\":\"https:\/\/pride.audio\/wp-content\/uploads\/2023\/08\/g10.svg\",\"width\":158,\"height\":34,\"caption\":\"Pride Audio. USA Online store\"},\"image\":{\"@id\":\"https:\/\/pride.audio\/#\/schema\/logo\/image\/\"}}]}<\/script>\n<!-- \/ Yoast SEO plugin. -->","yoast_head_json":{"title":"Amplificador de audio para coche Pride Quattro XL - 300W x 4 canales - Pride Audio. USA Online store","robots":{"index":"index","follow":"follow","max-snippet":"max-snippet:-1","max-image-preview":"max-image-preview:large","max-video-preview":"max-video-preview:-1"},"canonical":"https:\/\/pride.audio\/es\/producto\/amplificador-de-audio-para-coche-pride-quattro-xl-300w-x-4-canales\/","og_locale":"es_ES","og_type":"article","og_title":"Amplificador de audio para coche Pride Quattro XL - 300W x 4 canales - Pride Audio. USA Online store","og_description":"Amplificador de audio para coche Pride Quattro XL Amplificador de coche elegante y potente de 4 canales con un crossover desarrollado. Este amplificador est\u00e1 creado para verdaderos fan\u00e1ticos de la marca Pride que desean lograr los m\u00e1ximos resultados en su sistema de altavoces. Debido a que el Pride Quattro XL pertenece a los amplificadores de [&hellip;]","og_url":"https:\/\/pride.audio\/es\/producto\/amplificador-de-audio-para-coche-pride-quattro-xl-300w-x-4-canales\/","og_site_name":"Pride Audio. USA Online store","article_modified_time":"2025-02-09T07:11:47+00:00","og_image":[{"width":1170,"height":1170,"url":"https:\/\/pride.audio\/wp-content\/uploads\/2019\/05\/IMG_2020.jpg","type":"image\/jpeg"}],"twitter_card":"summary_large_image","twitter_misc":{"Tiempo de lectura":"1 minuto"},"schema":{"@context":"https:\/\/schema.org","@graph":[{"@type":"WebPage","@id":"https:\/\/pride.audio\/es\/producto\/amplificador-de-audio-para-coche-pride-quattro-xl-300w-x-4-canales\/","url":"https:\/\/pride.audio\/es\/producto\/amplificador-de-audio-para-coche-pride-quattro-xl-300w-x-4-canales\/","name":"Amplificador de audio para coche Pride Quattro XL - 300W x 4 canales - Pride Audio. USA Online store","isPartOf":{"@id":"https:\/\/pride.audio\/#website"},"primaryImageOfPage":{"@id":"https:\/\/pride.audio\/es\/producto\/amplificador-de-audio-para-coche-pride-quattro-xl-300w-x-4-canales\/#primaryimage"},"image":{"@id":"https:\/\/pride.audio\/es\/producto\/amplificador-de-audio-para-coche-pride-quattro-xl-300w-x-4-canales\/#primaryimage"},"thumbnailUrl":"https:\/\/pride.audio\/wp-content\/uploads\/2019\/05\/IMG_2020.jpg","datePublished":"2019-05-26T03:27:27+00:00","dateModified":"2025-02-09T07:11:47+00:00","breadcrumb":{"@id":"https:\/\/pride.audio\/es\/producto\/amplificador-de-audio-para-coche-pride-quattro-xl-300w-x-4-canales\/#breadcrumb"},"inLanguage":"es","potentialAction":[{"@type":"ReadAction","target":["https:\/\/pride.audio\/es\/producto\/amplificador-de-audio-para-coche-pride-quattro-xl-300w-x-4-canales\/"]}]},{"@type":"ImageObject","inLanguage":"es","@id":"https:\/\/pride.audio\/es\/producto\/amplificador-de-audio-para-coche-pride-quattro-xl-300w-x-4-canales\/#primaryimage","url":"https:\/\/pride.audio\/wp-content\/uploads\/2019\/05\/IMG_2020.jpg","contentUrl":"https:\/\/pride.audio\/wp-content\/uploads\/2019\/05\/IMG_2020.jpg","width":1170,"height":1170,"caption":"Screenshot"},{"@type":"BreadcrumbList","@id":"https:\/\/pride.audio\/es\/producto\/amplificador-de-audio-para-coche-pride-quattro-xl-300w-x-4-canales\/#breadcrumb","itemListElement":[{"@type":"ListItem","position":1,"name":"Home","item":"https:\/\/pride.audio\/es\/"},{"@type":"ListItem","position":2,"name":"Productos","item":"https:\/\/pride.audio\/es\/productos\/"},{"@type":"ListItem","position":3,"name":"Amplificador de audio para coche Pride Quattro XL &#8211; 300W x 4 canales"}]},{"@type":"WebSite","@id":"https:\/\/pride.audio\/#website","url":"https:\/\/pride.audio\/","name":"Pride Audio. USA Online store","description":"Pride Car Audio: Official site","publisher":{"@id":"https:\/\/pride.audio\/#organization"},"potentialAction":[{"@type":"SearchAction","target":{"@type":"EntryPoint","urlTemplate":"https:\/\/pride.audio\/?s={search_term_string}"},"query-input":{"@type":"PropertyValueSpecification","valueRequired":true,"valueName":"search_term_string"}}],"inLanguage":"es"},{"@type":"Organization","@id":"https:\/\/pride.audio\/#organization","name":"Pride Audio. USA Online store","url":"https:\/\/pride.audio\/","logo":{"@type":"ImageObject","inLanguage":"es","@id":"https:\/\/pride.audio\/#\/schema\/logo\/image\/","url":"https:\/\/pride.audio\/wp-content\/uploads\/2023\/08\/g10.svg","contentUrl":"https:\/\/pride.audio\/wp-content\/uploads\/2023\/08\/g10.svg","width":158,"height":34,"caption":"Pride Audio. USA Online store"},"image":{"@id":"https:\/\/pride.audio\/#\/schema\/logo\/image\/"}}]}},"_links":{"self":[{"href":"https:\/\/pride.audio\/es\/wp-json\/wp\/v2\/product\/15665","targetHints":{"allow":["GET"]}}],"collection":[{"href":"https:\/\/pride.audio\/es\/wp-json\/wp\/v2\/product"}],"about":[{"href":"https:\/\/pride.audio\/es\/wp-json\/wp\/v2\/types\/product"}],"wp:featuredmedia":[{"embeddable":true,"href":"https:\/\/pride.audio\/es\/wp-json\/wp\/v2\/media\/18845"}],"wp:attachment":[{"href":"https:\/\/pride.audio\/es\/wp-json\/wp\/v2\/media?parent=15665"}],"wp:term":[{"taxonomy":"product_brand","embeddable":true,"href":"https:\/\/pride.audio\/es\/wp-json\/wp\/v2\/product_brand?post=15665"},{"taxonomy":"product_cat","embeddable":true,"href":"https:\/\/pride.audio\/es\/wp-json\/wp\/v2\/product_cat?post=15665"},{"taxonomy":"product_tag","embeddable":true,"href":"https:\/\/pride.audio\/es\/wp-json\/wp\/v2\/product_tag?post=15665"}],"curies":[{"name":"wp","href":"https:\/\/api.w.org\/{rel}","templated":true}]}}