{"id":15659,"date":"2019-05-25T22:32:04","date_gmt":"2019-05-26T03:32:04","guid":{"rendered":"https:\/\/pride.audio\/product\/amplificador\/"},"modified":"2019-05-25T22:32:04","modified_gmt":"2019-05-25T20:32:04","slug":"amplificador","status":"publish","type":"product","link":"https:\/\/pride.audio\/es\/producto\/amplificador\/","title":{"rendered":"Amplificador Pride FR1500\/2"},"content":{"rendered":"<p><strong>Amplificador Pride FR1500\/2<\/strong><\/p>\n<p><span class=\"Y2IQFc\" lang=\"es\">Amplificador de potencia de 2 canales Pride FR1500\/2. Amplificador de rango completo muy potente. Puedes conectar muchos altavoces a cada canal y obtener un sonido alto y de alta calidad. El Pride FR1500\/2 es la opci\u00f3n confiable para cualquier sistema. Compacto y eficiente. Excelente disposici\u00f3n de la base del elemento, permitiendo obtener alta potencia y excelente calidad de sonido. Una elecci\u00f3n ideal en el sistema de clase TOP.<\/p>\n<p><\/span><span class=\"Y2IQFc\" lang=\"es\">Potencia nominal RMS en 1 Ohmio, W: 1500 x 2<br \/>\nPotencia nominal RMS de 2 ohmios, W: 1000 x 2<br \/>\nPotencia nominal RMS a 4 ohmios, W: 650 x 2<\/p>\n<p><\/span><span class=\"Y2IQFc\" lang=\"es\">Rango de respuesta de frecuencia, Hz: 10 &#8211; 38000<\/p>\n<p>Puede funcionar en 1 ohmio.<\/span><\/p>\n<p><span class=\"Y2IQFc\" lang=\"es\">\u00a0<\/span><\/p>\n","protected":false},"excerpt":{"rendered":"<p>Amplificador Pride FR1500\/2 Amplificador de potencia de 2 canales Pride FR1500\/2. Amplificador de rango completo muy potente. Puedes conectar muchos altavoces a cada canal y obtener un sonido alto y de alta calidad. El Pride FR1500\/2 es la opci\u00f3n confiable para cualquier sistema. Compacto y eficiente. Excelente disposici\u00f3n de la base del elemento, permitiendo obtener [&hellip;]<\/p>\n","protected":false},"featured_media":18860,"template":"","meta":{"inline_featured_image":false},"product_brand":[],"product_cat":[578],"product_tag":[],"class_list":{"0":"post-15659","1":"product","2":"type-product","3":"status-publish","4":"has-post-thumbnail","6":"product_cat-serie-fr","8":"first","9":"outofstock","10":"taxable","11":"shipping-taxable","12":"product-type-simple"},"acf":[],"yoast_head":"<!-- This site is optimized with the Yoast SEO plugin v27.3 - https:\/\/yoast.com\/product\/yoast-seo-wordpress\/ -->\n<title>Amplificador Pride FR1500\/2 - Pride Audio. USA Online store<\/title>\n<meta name=\"robots\" content=\"index, follow, max-snippet:-1, max-image-preview:large, max-video-preview:-1\" \/>\n<link rel=\"canonical\" href=\"https:\/\/pride.audio\/es\/producto\/amplificador\/\" \/>\n<meta property=\"og:locale\" content=\"es_ES\" \/>\n<meta property=\"og:type\" content=\"article\" \/>\n<meta property=\"og:title\" content=\"Amplificador Pride FR1500\/2 - Pride Audio. USA Online store\" \/>\n<meta property=\"og:description\" content=\"Amplificador Pride FR1500\/2 Amplificador de potencia de 2 canales Pride FR1500\/2. Amplificador de rango completo muy potente. Puedes conectar muchos altavoces a cada canal y obtener un sonido alto y de alta calidad. El Pride FR1500\/2 es la opci\u00f3n confiable para cualquier sistema. Compacto y eficiente. Excelente disposici\u00f3n de la base del elemento, permitiendo obtener [&hellip;]\" \/>\n<meta property=\"og:url\" content=\"https:\/\/pride.audio\/es\/producto\/amplificador\/\" \/>\n<meta property=\"og:site_name\" content=\"Pride Audio. USA Online store\" \/>\n<meta property=\"og:image\" content=\"https:\/\/pride.audio\/wp-content\/uploads\/2019\/05\/IMG_2024-2.jpg\" \/>\n\t<meta property=\"og:image:width\" content=\"1170\" \/>\n\t<meta property=\"og:image:height\" content=\"1170\" \/>\n\t<meta property=\"og:image:type\" content=\"image\/jpeg\" \/>\n<meta name=\"twitter:card\" content=\"summary_large_image\" \/>\n<meta name=\"twitter:label1\" content=\"Tiempo de lectura\" \/>\n\t<meta name=\"twitter:data1\" content=\"1 minuto\" \/>\n<script type=\"application\/ld+json\" class=\"yoast-schema-graph\">{\"@context\":\"https:\\\/\\\/schema.org\",\"@graph\":[{\"@type\":\"WebPage\",\"@id\":\"https:\\\/\\\/pride.audio\\\/es\\\/producto\\\/amplificador\\\/\",\"url\":\"https:\\\/\\\/pride.audio\\\/es\\\/producto\\\/amplificador\\\/\",\"name\":\"Amplificador Pride FR1500\\\/2 - Pride Audio. USA Online store\",\"isPartOf\":{\"@id\":\"https:\\\/\\\/pride.audio\\\/#website\"},\"primaryImageOfPage\":{\"@id\":\"https:\\\/\\\/pride.audio\\\/es\\\/producto\\\/amplificador\\\/#primaryimage\"},\"image\":{\"@id\":\"https:\\\/\\\/pride.audio\\\/es\\\/producto\\\/amplificador\\\/#primaryimage\"},\"thumbnailUrl\":\"https:\\\/\\\/pride.audio\\\/wp-content\\\/uploads\\\/2019\\\/05\\\/IMG_2024-2.jpg\",\"datePublished\":\"2019-05-26T03:32:04+00:00\",\"breadcrumb\":{\"@id\":\"https:\\\/\\\/pride.audio\\\/es\\\/producto\\\/amplificador\\\/#breadcrumb\"},\"inLanguage\":\"es\",\"potentialAction\":[{\"@type\":\"ReadAction\",\"target\":[\"https:\\\/\\\/pride.audio\\\/es\\\/producto\\\/amplificador\\\/\"]}]},{\"@type\":\"ImageObject\",\"inLanguage\":\"es\",\"@id\":\"https:\\\/\\\/pride.audio\\\/es\\\/producto\\\/amplificador\\\/#primaryimage\",\"url\":\"https:\\\/\\\/pride.audio\\\/wp-content\\\/uploads\\\/2019\\\/05\\\/IMG_2024-2.jpg\",\"contentUrl\":\"https:\\\/\\\/pride.audio\\\/wp-content\\\/uploads\\\/2019\\\/05\\\/IMG_2024-2.jpg\",\"width\":1170,\"height\":1170,\"caption\":\"Screenshot\"},{\"@type\":\"BreadcrumbList\",\"@id\":\"https:\\\/\\\/pride.audio\\\/es\\\/producto\\\/amplificador\\\/#breadcrumb\",\"itemListElement\":[{\"@type\":\"ListItem\",\"position\":1,\"name\":\"Home\",\"item\":\"https:\\\/\\\/pride.audio\\\/es\\\/\"},{\"@type\":\"ListItem\",\"position\":2,\"name\":\"Productos\",\"item\":\"https:\\\/\\\/pride.audio\\\/es\\\/productos\\\/\"},{\"@type\":\"ListItem\",\"position\":3,\"name\":\"Amplificador Pride FR1500\\\/2\"}]},{\"@type\":\"WebSite\",\"@id\":\"https:\\\/\\\/pride.audio\\\/#website\",\"url\":\"https:\\\/\\\/pride.audio\\\/\",\"name\":\"Pride Audio. USA Online store\",\"description\":\"Pride Car Audio: Official site\",\"publisher\":{\"@id\":\"https:\\\/\\\/pride.audio\\\/#organization\"},\"potentialAction\":[{\"@type\":\"SearchAction\",\"target\":{\"@type\":\"EntryPoint\",\"urlTemplate\":\"https:\\\/\\\/pride.audio\\\/?s={search_term_string}\"},\"query-input\":{\"@type\":\"PropertyValueSpecification\",\"valueRequired\":true,\"valueName\":\"search_term_string\"}}],\"inLanguage\":\"es\"},{\"@type\":\"Organization\",\"@id\":\"https:\\\/\\\/pride.audio\\\/#organization\",\"name\":\"Pride Audio. USA Online store\",\"url\":\"https:\\\/\\\/pride.audio\\\/\",\"logo\":{\"@type\":\"ImageObject\",\"inLanguage\":\"es\",\"@id\":\"https:\\\/\\\/pride.audio\\\/#\\\/schema\\\/logo\\\/image\\\/\",\"url\":\"https:\\\/\\\/pride.audio\\\/wp-content\\\/uploads\\\/2023\\\/08\\\/g10.svg\",\"contentUrl\":\"https:\\\/\\\/pride.audio\\\/wp-content\\\/uploads\\\/2023\\\/08\\\/g10.svg\",\"width\":158,\"height\":34,\"caption\":\"Pride Audio. USA Online store\"},\"image\":{\"@id\":\"https:\\\/\\\/pride.audio\\\/#\\\/schema\\\/logo\\\/image\\\/\"}}]}<\/script>\n<!-- \/ Yoast SEO plugin. -->","yoast_head_json":{"title":"Amplificador Pride FR1500\/2 - Pride Audio. USA Online store","robots":{"index":"index","follow":"follow","max-snippet":"max-snippet:-1","max-image-preview":"max-image-preview:large","max-video-preview":"max-video-preview:-1"},"canonical":"https:\/\/pride.audio\/es\/producto\/amplificador\/","og_locale":"es_ES","og_type":"article","og_title":"Amplificador Pride FR1500\/2 - Pride Audio. USA Online store","og_description":"Amplificador Pride FR1500\/2 Amplificador de potencia de 2 canales Pride FR1500\/2. Amplificador de rango completo muy potente. Puedes conectar muchos altavoces a cada canal y obtener un sonido alto y de alta calidad. El Pride FR1500\/2 es la opci\u00f3n confiable para cualquier sistema. Compacto y eficiente. Excelente disposici\u00f3n de la base del elemento, permitiendo obtener [&hellip;]","og_url":"https:\/\/pride.audio\/es\/producto\/amplificador\/","og_site_name":"Pride Audio. USA Online store","og_image":[{"width":1170,"height":1170,"url":"https:\/\/pride.audio\/wp-content\/uploads\/2019\/05\/IMG_2024-2.jpg","type":"image\/jpeg"}],"twitter_card":"summary_large_image","twitter_misc":{"Tiempo de lectura":"1 minuto"},"schema":{"@context":"https:\/\/schema.org","@graph":[{"@type":"WebPage","@id":"https:\/\/pride.audio\/es\/producto\/amplificador\/","url":"https:\/\/pride.audio\/es\/producto\/amplificador\/","name":"Amplificador Pride FR1500\/2 - Pride Audio. USA Online store","isPartOf":{"@id":"https:\/\/pride.audio\/#website"},"primaryImageOfPage":{"@id":"https:\/\/pride.audio\/es\/producto\/amplificador\/#primaryimage"},"image":{"@id":"https:\/\/pride.audio\/es\/producto\/amplificador\/#primaryimage"},"thumbnailUrl":"https:\/\/pride.audio\/wp-content\/uploads\/2019\/05\/IMG_2024-2.jpg","datePublished":"2019-05-26T03:32:04+00:00","breadcrumb":{"@id":"https:\/\/pride.audio\/es\/producto\/amplificador\/#breadcrumb"},"inLanguage":"es","potentialAction":[{"@type":"ReadAction","target":["https:\/\/pride.audio\/es\/producto\/amplificador\/"]}]},{"@type":"ImageObject","inLanguage":"es","@id":"https:\/\/pride.audio\/es\/producto\/amplificador\/#primaryimage","url":"https:\/\/pride.audio\/wp-content\/uploads\/2019\/05\/IMG_2024-2.jpg","contentUrl":"https:\/\/pride.audio\/wp-content\/uploads\/2019\/05\/IMG_2024-2.jpg","width":1170,"height":1170,"caption":"Screenshot"},{"@type":"BreadcrumbList","@id":"https:\/\/pride.audio\/es\/producto\/amplificador\/#breadcrumb","itemListElement":[{"@type":"ListItem","position":1,"name":"Home","item":"https:\/\/pride.audio\/es\/"},{"@type":"ListItem","position":2,"name":"Productos","item":"https:\/\/pride.audio\/es\/productos\/"},{"@type":"ListItem","position":3,"name":"Amplificador Pride FR1500\/2"}]},{"@type":"WebSite","@id":"https:\/\/pride.audio\/#website","url":"https:\/\/pride.audio\/","name":"Pride Audio. USA Online store","description":"Pride Car Audio: Official site","publisher":{"@id":"https:\/\/pride.audio\/#organization"},"potentialAction":[{"@type":"SearchAction","target":{"@type":"EntryPoint","urlTemplate":"https:\/\/pride.audio\/?s={search_term_string}"},"query-input":{"@type":"PropertyValueSpecification","valueRequired":true,"valueName":"search_term_string"}}],"inLanguage":"es"},{"@type":"Organization","@id":"https:\/\/pride.audio\/#organization","name":"Pride Audio. USA Online store","url":"https:\/\/pride.audio\/","logo":{"@type":"ImageObject","inLanguage":"es","@id":"https:\/\/pride.audio\/#\/schema\/logo\/image\/","url":"https:\/\/pride.audio\/wp-content\/uploads\/2023\/08\/g10.svg","contentUrl":"https:\/\/pride.audio\/wp-content\/uploads\/2023\/08\/g10.svg","width":158,"height":34,"caption":"Pride Audio. USA Online store"},"image":{"@id":"https:\/\/pride.audio\/#\/schema\/logo\/image\/"}}]}},"_links":{"self":[{"href":"https:\/\/pride.audio\/es\/wp-json\/wp\/v2\/product\/15659","targetHints":{"allow":["GET"]}}],"collection":[{"href":"https:\/\/pride.audio\/es\/wp-json\/wp\/v2\/product"}],"about":[{"href":"https:\/\/pride.audio\/es\/wp-json\/wp\/v2\/types\/product"}],"wp:featuredmedia":[{"embeddable":true,"href":"https:\/\/pride.audio\/es\/wp-json\/wp\/v2\/media\/18860"}],"wp:attachment":[{"href":"https:\/\/pride.audio\/es\/wp-json\/wp\/v2\/media?parent=15659"}],"wp:term":[{"taxonomy":"product_brand","embeddable":true,"href":"https:\/\/pride.audio\/es\/wp-json\/wp\/v2\/product_brand?post=15659"},{"taxonomy":"product_cat","embeddable":true,"href":"https:\/\/pride.audio\/es\/wp-json\/wp\/v2\/product_cat?post=15659"},{"taxonomy":"product_tag","embeddable":true,"href":"https:\/\/pride.audio\/es\/wp-json\/wp\/v2\/product_tag?post=15659"}],"curies":[{"name":"wp","href":"https:\/\/api.w.org\/{rel}","templated":true}]}}