{"id":15649,"date":"2019-05-25T22:35:25","date_gmt":"2019-05-26T03:35:25","guid":{"rendered":"https:\/\/pride.audio\/product\/amplificador-de-audio-para-coche-pride-fr2500-2500w-x-1-canal-de-rango-completo\/"},"modified":"2019-05-25T22:35:25","modified_gmt":"2019-05-25T20:35:25","slug":"amplificador-de-audio-para-coche-pride-fr2500-2500w-x-1-canal-de-rango-completo","status":"publish","type":"product","link":"https:\/\/pride.audio\/es\/producto\/amplificador-de-audio-para-coche-pride-fr2500-2500w-x-1-canal-de-rango-completo\/","title":{"rendered":"Amplificador de audio para coche Pride FR2500 &#8211; 2500W x 1 canal de rango completo"},"content":{"rendered":"<p class=\"tw-data-text tw-text-large tw-ta\" dir=\"ltr\" data-placeholder=\"\u041f\u0435\u0440\u0435\u0432\u043e\u0434\" aria-label=\"\u041f\u0435\u0440\u0435\u0432\u0435\u0434\u0435\u043d\u043d\u044b\u0439 \u0442\u0435\u043a\u0441\u0442\" data-ved=\"2ahUKEwiy57y1nKGFAxVtg_0HHXCeDgQQ3ewLegQIBRAU\"><strong><span class=\"Y2IQFc\" lang=\"es\">Amplificador de audio para coche Pride FR2500<\/span><\/strong><\/p>\n<p class=\"tw-data-text tw-text-large tw-ta\" dir=\"ltr\" data-placeholder=\"\u041f\u0435\u0440\u0435\u0432\u043e\u0434\" aria-label=\"\u041f\u0435\u0440\u0435\u0432\u0435\u0434\u0435\u043d\u043d\u044b\u0439 \u0442\u0435\u043a\u0441\u0442\" data-ved=\"2ahUKEwiy57y1nKGFAxVtg_0HHXCeDgQQ3ewLegQIBRAU\"><span class=\"Y2IQFc\" lang=\"es\">La mejor versi\u00f3n del dise\u00f1o de circuitos, desarrollado sobre la base de la producci\u00f3n en Corea del Sur.<\/p>\n<p><\/span><span class=\"Y2IQFc\" lang=\"es\">El amplificador Pride FR2500 funciona de manera estable con una carga de 1 ohmio. Potencia 2500 W por carga de 1 Ohm, a una tensi\u00f3n de 14,8 voltios y K.N.I. a un nivel de ~5%. El control remoto del nivel de sensibilidad de entrada tiene un indicador LED de que se ha excedido el umbral de distorsi\u00f3n permitido. Posibilidad de funcionamiento en modo \u201cconmutaci\u00f3n de puente\u201d Amplificador de rango completo muy potente. Puede conectar muchos altavoces al canal y obtener un sonido alto y de alta calidad<\/p>\n<p><\/span><span class=\"Y2IQFc\" lang=\"es\">Potencia nominal RMS en 1 Ohmio, W: 2500<br \/>\nPotencia nominal RMS a 2 ohmios, W: 1600<br \/>\nPotencia nominal RMS a 4 ohmios, W: 850<\/p>\n<p><\/span><span class=\"Y2IQFc\" lang=\"es\">Rango de respuesta de frecuencia, Hz: 20 \u2013 17000<\/p>\n<p><\/span><span class=\"Y2IQFc\" lang=\"es\">\u00bfQuieres saber m\u00e1s sobre el Amplificador Pride FR2500?<br \/>\n\u00a1Haz tus preguntas sobre este modelo ahora!<\/span><\/p>\n<p class=\"tw-data-text tw-text-large tw-ta\" dir=\"ltr\" data-placeholder=\"\u041f\u0435\u0440\u0435\u0432\u043e\u0434\" aria-label=\"\u041f\u0435\u0440\u0435\u0432\u0435\u0434\u0435\u043d\u043d\u044b\u0439 \u0442\u0435\u043a\u0441\u0442\" data-ved=\"2ahUKEwiy57y1nKGFAxVtg_0HHXCeDgQQ3ewLegQIBRAU\"><span class=\"Y2IQFc\" lang=\"es\">\u00a0<\/span><\/p>\n","protected":false},"excerpt":{"rendered":"<p>Amplificador de audio para coche Pride FR2500 La mejor versi\u00f3n del dise\u00f1o de circuitos, desarrollado sobre la base de la producci\u00f3n en Corea del Sur. El amplificador Pride FR2500 funciona de manera estable con una carga de 1 ohmio. Potencia 2500 W por carga de 1 Ohm, a una tensi\u00f3n de 14,8 voltios y K.N.I. [&hellip;]<\/p>\n","protected":false},"featured_media":17145,"template":"","meta":{"inline_featured_image":false},"product_brand":[],"product_cat":[574,578],"product_tag":[],"class_list":{"0":"post-15649","1":"product","2":"type-product","3":"status-publish","4":"has-post-thumbnail","6":"product_cat-amplificadores","7":"product_cat-serie-fr","9":"first","10":"outofstock","11":"taxable","12":"shipping-taxable","13":"product-type-simple"},"acf":[],"yoast_head":"<!-- This site is optimized with the Yoast SEO plugin v27.4 - https:\/\/yoast.com\/product\/yoast-seo-wordpress\/ -->\n<title>Amplificador de audio para coche Pride FR2500 - 2500W x 1 canal de rango completo - Pride Audio. USA Online store<\/title>\n<meta name=\"robots\" content=\"index, follow, max-snippet:-1, max-image-preview:large, max-video-preview:-1\" \/>\n<link rel=\"canonical\" href=\"https:\/\/pride.audio\/es\/producto\/amplificador-de-audio-para-coche-pride-fr2500-2500w-x-1-canal-de-rango-completo\/\" \/>\n<meta property=\"og:locale\" content=\"es_ES\" \/>\n<meta property=\"og:type\" content=\"article\" \/>\n<meta property=\"og:title\" content=\"Amplificador de audio para coche Pride FR2500 - 2500W x 1 canal de rango completo - Pride Audio. USA Online store\" \/>\n<meta property=\"og:description\" content=\"Amplificador de audio para coche Pride FR2500 La mejor versi\u00f3n del dise\u00f1o de circuitos, desarrollado sobre la base de la producci\u00f3n en Corea del Sur. El amplificador Pride FR2500 funciona de manera estable con una carga de 1 ohmio. Potencia 2500 W por carga de 1 Ohm, a una tensi\u00f3n de 14,8 voltios y K.N.I. [&hellip;]\" \/>\n<meta property=\"og:url\" content=\"https:\/\/pride.audio\/es\/producto\/amplificador-de-audio-para-coche-pride-fr2500-2500w-x-1-canal-de-rango-completo\/\" \/>\n<meta property=\"og:site_name\" content=\"Pride Audio. USA Online store\" \/>\n<meta property=\"og:image\" content=\"https:\/\/pride.audio\/wp-content\/uploads\/2019\/05\/amplifer_fr2500_3.jpg\" \/>\n\t<meta property=\"og:image:width\" content=\"377\" \/>\n\t<meta property=\"og:image:height\" content=\"318\" \/>\n\t<meta property=\"og:image:type\" content=\"image\/jpeg\" \/>\n<meta name=\"twitter:card\" content=\"summary_large_image\" \/>\n<meta name=\"twitter:label1\" content=\"Tiempo de lectura\" \/>\n\t<meta name=\"twitter:data1\" content=\"1 minuto\" \/>\n<script type=\"application\/ld+json\" class=\"yoast-schema-graph\">{\"@context\":\"https:\\\/\\\/schema.org\",\"@graph\":[{\"@type\":\"WebPage\",\"@id\":\"https:\\\/\\\/pride.audio\\\/es\\\/producto\\\/amplificador-de-audio-para-coche-pride-fr2500-2500w-x-1-canal-de-rango-completo\\\/\",\"url\":\"https:\\\/\\\/pride.audio\\\/es\\\/producto\\\/amplificador-de-audio-para-coche-pride-fr2500-2500w-x-1-canal-de-rango-completo\\\/\",\"name\":\"Amplificador de audio para coche Pride FR2500 - 2500W x 1 canal de rango completo - Pride Audio. USA Online store\",\"isPartOf\":{\"@id\":\"https:\\\/\\\/pride.audio\\\/#website\"},\"primaryImageOfPage\":{\"@id\":\"https:\\\/\\\/pride.audio\\\/es\\\/producto\\\/amplificador-de-audio-para-coche-pride-fr2500-2500w-x-1-canal-de-rango-completo\\\/#primaryimage\"},\"image\":{\"@id\":\"https:\\\/\\\/pride.audio\\\/es\\\/producto\\\/amplificador-de-audio-para-coche-pride-fr2500-2500w-x-1-canal-de-rango-completo\\\/#primaryimage\"},\"thumbnailUrl\":\"https:\\\/\\\/pride.audio\\\/wp-content\\\/uploads\\\/2019\\\/05\\\/amplifer_fr2500_3.jpg\",\"datePublished\":\"2019-05-26T03:35:25+00:00\",\"breadcrumb\":{\"@id\":\"https:\\\/\\\/pride.audio\\\/es\\\/producto\\\/amplificador-de-audio-para-coche-pride-fr2500-2500w-x-1-canal-de-rango-completo\\\/#breadcrumb\"},\"inLanguage\":\"es\",\"potentialAction\":[{\"@type\":\"ReadAction\",\"target\":[\"https:\\\/\\\/pride.audio\\\/es\\\/producto\\\/amplificador-de-audio-para-coche-pride-fr2500-2500w-x-1-canal-de-rango-completo\\\/\"]}]},{\"@type\":\"ImageObject\",\"inLanguage\":\"es\",\"@id\":\"https:\\\/\\\/pride.audio\\\/es\\\/producto\\\/amplificador-de-audio-para-coche-pride-fr2500-2500w-x-1-canal-de-rango-completo\\\/#primaryimage\",\"url\":\"https:\\\/\\\/pride.audio\\\/wp-content\\\/uploads\\\/2019\\\/05\\\/amplifer_fr2500_3.jpg\",\"contentUrl\":\"https:\\\/\\\/pride.audio\\\/wp-content\\\/uploads\\\/2019\\\/05\\\/amplifer_fr2500_3.jpg\",\"width\":377,\"height\":318},{\"@type\":\"BreadcrumbList\",\"@id\":\"https:\\\/\\\/pride.audio\\\/es\\\/producto\\\/amplificador-de-audio-para-coche-pride-fr2500-2500w-x-1-canal-de-rango-completo\\\/#breadcrumb\",\"itemListElement\":[{\"@type\":\"ListItem\",\"position\":1,\"name\":\"Home\",\"item\":\"https:\\\/\\\/pride.audio\\\/es\\\/\"},{\"@type\":\"ListItem\",\"position\":2,\"name\":\"Productos\",\"item\":\"https:\\\/\\\/pride.audio\\\/es\\\/productos\\\/\"},{\"@type\":\"ListItem\",\"position\":3,\"name\":\"Amplificador de audio para coche Pride FR2500 &#8211; 2500W x 1 canal de rango completo\"}]},{\"@type\":\"WebSite\",\"@id\":\"https:\\\/\\\/pride.audio\\\/#website\",\"url\":\"https:\\\/\\\/pride.audio\\\/\",\"name\":\"Pride Audio. USA Online store\",\"description\":\"Pride Car Audio: Official site\",\"publisher\":{\"@id\":\"https:\\\/\\\/pride.audio\\\/#organization\"},\"potentialAction\":[{\"@type\":\"SearchAction\",\"target\":{\"@type\":\"EntryPoint\",\"urlTemplate\":\"https:\\\/\\\/pride.audio\\\/?s={search_term_string}\"},\"query-input\":{\"@type\":\"PropertyValueSpecification\",\"valueRequired\":true,\"valueName\":\"search_term_string\"}}],\"inLanguage\":\"es\"},{\"@type\":\"Organization\",\"@id\":\"https:\\\/\\\/pride.audio\\\/#organization\",\"name\":\"Pride Audio. USA Online store\",\"url\":\"https:\\\/\\\/pride.audio\\\/\",\"logo\":{\"@type\":\"ImageObject\",\"inLanguage\":\"es\",\"@id\":\"https:\\\/\\\/pride.audio\\\/#\\\/schema\\\/logo\\\/image\\\/\",\"url\":\"https:\\\/\\\/pride.audio\\\/wp-content\\\/uploads\\\/2023\\\/08\\\/g10.svg\",\"contentUrl\":\"https:\\\/\\\/pride.audio\\\/wp-content\\\/uploads\\\/2023\\\/08\\\/g10.svg\",\"width\":158,\"height\":34,\"caption\":\"Pride Audio. USA Online store\"},\"image\":{\"@id\":\"https:\\\/\\\/pride.audio\\\/#\\\/schema\\\/logo\\\/image\\\/\"}}]}<\/script>\n<!-- \/ Yoast SEO plugin. -->","yoast_head_json":{"title":"Amplificador de audio para coche Pride FR2500 - 2500W x 1 canal de rango completo - Pride Audio. USA Online store","robots":{"index":"index","follow":"follow","max-snippet":"max-snippet:-1","max-image-preview":"max-image-preview:large","max-video-preview":"max-video-preview:-1"},"canonical":"https:\/\/pride.audio\/es\/producto\/amplificador-de-audio-para-coche-pride-fr2500-2500w-x-1-canal-de-rango-completo\/","og_locale":"es_ES","og_type":"article","og_title":"Amplificador de audio para coche Pride FR2500 - 2500W x 1 canal de rango completo - Pride Audio. USA Online store","og_description":"Amplificador de audio para coche Pride FR2500 La mejor versi\u00f3n del dise\u00f1o de circuitos, desarrollado sobre la base de la producci\u00f3n en Corea del Sur. El amplificador Pride FR2500 funciona de manera estable con una carga de 1 ohmio. Potencia 2500 W por carga de 1 Ohm, a una tensi\u00f3n de 14,8 voltios y K.N.I. [&hellip;]","og_url":"https:\/\/pride.audio\/es\/producto\/amplificador-de-audio-para-coche-pride-fr2500-2500w-x-1-canal-de-rango-completo\/","og_site_name":"Pride Audio. USA Online store","og_image":[{"width":377,"height":318,"url":"https:\/\/pride.audio\/wp-content\/uploads\/2019\/05\/amplifer_fr2500_3.jpg","type":"image\/jpeg"}],"twitter_card":"summary_large_image","twitter_misc":{"Tiempo de lectura":"1 minuto"},"schema":{"@context":"https:\/\/schema.org","@graph":[{"@type":"WebPage","@id":"https:\/\/pride.audio\/es\/producto\/amplificador-de-audio-para-coche-pride-fr2500-2500w-x-1-canal-de-rango-completo\/","url":"https:\/\/pride.audio\/es\/producto\/amplificador-de-audio-para-coche-pride-fr2500-2500w-x-1-canal-de-rango-completo\/","name":"Amplificador de audio para coche Pride FR2500 - 2500W x 1 canal de rango completo - Pride Audio. USA Online store","isPartOf":{"@id":"https:\/\/pride.audio\/#website"},"primaryImageOfPage":{"@id":"https:\/\/pride.audio\/es\/producto\/amplificador-de-audio-para-coche-pride-fr2500-2500w-x-1-canal-de-rango-completo\/#primaryimage"},"image":{"@id":"https:\/\/pride.audio\/es\/producto\/amplificador-de-audio-para-coche-pride-fr2500-2500w-x-1-canal-de-rango-completo\/#primaryimage"},"thumbnailUrl":"https:\/\/pride.audio\/wp-content\/uploads\/2019\/05\/amplifer_fr2500_3.jpg","datePublished":"2019-05-26T03:35:25+00:00","breadcrumb":{"@id":"https:\/\/pride.audio\/es\/producto\/amplificador-de-audio-para-coche-pride-fr2500-2500w-x-1-canal-de-rango-completo\/#breadcrumb"},"inLanguage":"es","potentialAction":[{"@type":"ReadAction","target":["https:\/\/pride.audio\/es\/producto\/amplificador-de-audio-para-coche-pride-fr2500-2500w-x-1-canal-de-rango-completo\/"]}]},{"@type":"ImageObject","inLanguage":"es","@id":"https:\/\/pride.audio\/es\/producto\/amplificador-de-audio-para-coche-pride-fr2500-2500w-x-1-canal-de-rango-completo\/#primaryimage","url":"https:\/\/pride.audio\/wp-content\/uploads\/2019\/05\/amplifer_fr2500_3.jpg","contentUrl":"https:\/\/pride.audio\/wp-content\/uploads\/2019\/05\/amplifer_fr2500_3.jpg","width":377,"height":318},{"@type":"BreadcrumbList","@id":"https:\/\/pride.audio\/es\/producto\/amplificador-de-audio-para-coche-pride-fr2500-2500w-x-1-canal-de-rango-completo\/#breadcrumb","itemListElement":[{"@type":"ListItem","position":1,"name":"Home","item":"https:\/\/pride.audio\/es\/"},{"@type":"ListItem","position":2,"name":"Productos","item":"https:\/\/pride.audio\/es\/productos\/"},{"@type":"ListItem","position":3,"name":"Amplificador de audio para coche Pride FR2500 &#8211; 2500W x 1 canal de rango completo"}]},{"@type":"WebSite","@id":"https:\/\/pride.audio\/#website","url":"https:\/\/pride.audio\/","name":"Pride Audio. USA Online store","description":"Pride Car Audio: Official site","publisher":{"@id":"https:\/\/pride.audio\/#organization"},"potentialAction":[{"@type":"SearchAction","target":{"@type":"EntryPoint","urlTemplate":"https:\/\/pride.audio\/?s={search_term_string}"},"query-input":{"@type":"PropertyValueSpecification","valueRequired":true,"valueName":"search_term_string"}}],"inLanguage":"es"},{"@type":"Organization","@id":"https:\/\/pride.audio\/#organization","name":"Pride Audio. USA Online store","url":"https:\/\/pride.audio\/","logo":{"@type":"ImageObject","inLanguage":"es","@id":"https:\/\/pride.audio\/#\/schema\/logo\/image\/","url":"https:\/\/pride.audio\/wp-content\/uploads\/2023\/08\/g10.svg","contentUrl":"https:\/\/pride.audio\/wp-content\/uploads\/2023\/08\/g10.svg","width":158,"height":34,"caption":"Pride Audio. USA Online store"},"image":{"@id":"https:\/\/pride.audio\/#\/schema\/logo\/image\/"}}]}},"_links":{"self":[{"href":"https:\/\/pride.audio\/es\/wp-json\/wp\/v2\/product\/15649","targetHints":{"allow":["GET"]}}],"collection":[{"href":"https:\/\/pride.audio\/es\/wp-json\/wp\/v2\/product"}],"about":[{"href":"https:\/\/pride.audio\/es\/wp-json\/wp\/v2\/types\/product"}],"wp:featuredmedia":[{"embeddable":true,"href":"https:\/\/pride.audio\/es\/wp-json\/wp\/v2\/media\/17145"}],"wp:attachment":[{"href":"https:\/\/pride.audio\/es\/wp-json\/wp\/v2\/media?parent=15649"}],"wp:term":[{"taxonomy":"product_brand","embeddable":true,"href":"https:\/\/pride.audio\/es\/wp-json\/wp\/v2\/product_brand?post=15649"},{"taxonomy":"product_cat","embeddable":true,"href":"https:\/\/pride.audio\/es\/wp-json\/wp\/v2\/product_cat?post=15649"},{"taxonomy":"product_tag","embeddable":true,"href":"https:\/\/pride.audio\/es\/wp-json\/wp\/v2\/product_tag?post=15649"}],"curies":[{"name":"wp","href":"https:\/\/api.w.org\/{rel}","templated":true}]}}