{"id":15623,"date":"2019-09-06T23:40:40","date_gmt":"2019-09-07T04:40:40","guid":{"rendered":"https:\/\/pride.audio\/product\/speakers-pride-solo-10-neo-rms-450w-size-10-inch\/"},"modified":"2019-09-06T23:40:40","modified_gmt":"2019-09-06T21:40:40","slug":"speakers-pride-solo-10-neo-rms-450w-size-10-inch","status":"publish","type":"product","link":"https:\/\/pride.audio\/es\/producto\/speakers-pride-solo-10-neo-rms-450w-size-10-inch\/","title":{"rendered":"Speakers Pride Solo 10 Neo RMS 450W Size 10 inch"},"content":{"rendered":"<p>Speakers Pride Solo 10 Neo<\/p>\n<p><span class=\"Y2IQFc\" lang=\"es\">Te presentamos el altavoz m\u00e1s ruidoso y duradero de todos, el Pride Solo 10 Neo de la marca Pride Car Audio.<\/p>\n<p><\/span><span class=\"Y2IQFc\" lang=\"es\">Una m\u00e1quina definitiva que no conoce la palabra &#8220;no&#8221;. Este altavoz puede funcionar en cualquier comparaci\u00f3n con cualquier altavoz de enchufe producido en el mundo y siempre mostrar\u00e1 un resultado decente. Se trata de un producto que la gente compra desde hace a\u00f1os y al mismo tiempo persigue el objetivo de \u201cno recurrir a la competencia\u201d.<\/p>\n<p><\/span><span class=\"Y2IQFc\" lang=\"es\">Dise\u00f1ado para reproducir una amplia gama de frecuencias. El producto que naci\u00f3 para ganar la competencia m\u00e1s dif\u00edcil. Potente sistema magn\u00e9tico h\u00edbrido. Una bobina m\u00f3vil de aluminio recubierta de cobre de alta temperatura es capaz de digerir 450 vatios RMS de potencia.<\/p>\n<p><\/span><span class=\"Y2IQFc\" lang=\"es\">Sonido equilibrado, alto y de alta calidad. Gran voz y voces. Como todos.<\/p>\n<p><\/span><span class=\"Y2IQFc\" lang=\"es\">Conjunto completo de ventas:<br \/>\nSolo NEO 10\u2033 \u2013 1 par<br \/>\nJunta ABS 10\u2033 \u2013 2 piezas<br \/>\nMalla Met\u00e1lica \u2013 2 piezas<br \/>\nCaja de carton<\/span><\/p>\n<p><span class=\"Y2IQFc\" lang=\"es\">\u00a0<\/span><\/p>\n<p><span class=\"Y2IQFc\" lang=\"es\">\u00a0<\/span><\/p>\n","protected":false},"excerpt":{"rendered":"<p>Speakers Pride Solo 10 Neo Te presentamos el altavoz m\u00e1s ruidoso y duradero de todos, el Pride Solo 10 Neo de la marca Pride Car Audio. Una m\u00e1quina definitiva que no conoce la palabra &#8220;no&#8221;. Este altavoz puede funcionar en cualquier comparaci\u00f3n con cualquier altavoz de enchufe producido en el mundo y siempre mostrar\u00e1 un [&hellip;]<\/p>\n","protected":false},"featured_media":19845,"template":"","meta":{"inline_featured_image":false},"product_brand":[],"product_cat":[],"product_tag":[],"class_list":{"0":"post-15623","1":"product","2":"type-product","3":"status-publish","4":"has-post-thumbnail","7":"first","8":"outofstock","9":"taxable","10":"shipping-taxable","11":"product-type-simple"},"acf":[],"yoast_head":"<!-- This site is optimized with the Yoast SEO plugin v27.2 - https:\/\/yoast.com\/product\/yoast-seo-wordpress\/ -->\n<title>Speakers Pride Solo 10 Neo RMS 450W Size 10 inch - Pride Audio. USA Online store<\/title>\n<meta name=\"robots\" content=\"index, follow, max-snippet:-1, max-image-preview:large, max-video-preview:-1\" \/>\n<link rel=\"canonical\" href=\"https:\/\/pride.audio\/es\/producto\/speakers-pride-solo-10-neo-rms-450w-size-10-inch\/\" \/>\n<meta property=\"og:locale\" content=\"es_ES\" \/>\n<meta property=\"og:type\" content=\"article\" \/>\n<meta property=\"og:title\" content=\"Speakers Pride Solo 10 Neo RMS 450W Size 10 inch - Pride Audio. USA Online store\" \/>\n<meta property=\"og:description\" content=\"Speakers Pride Solo 10 Neo Te presentamos el altavoz m\u00e1s ruidoso y duradero de todos, el Pride Solo 10 Neo de la marca Pride Car Audio. Una m\u00e1quina definitiva que no conoce la palabra &#8220;no&#8221;. Este altavoz puede funcionar en cualquier comparaci\u00f3n con cualquier altavoz de enchufe producido en el mundo y siempre mostrar\u00e1 un [&hellip;]\" \/>\n<meta property=\"og:url\" content=\"https:\/\/pride.audio\/es\/producto\/speakers-pride-solo-10-neo-rms-450w-size-10-inch\/\" \/>\n<meta property=\"og:site_name\" content=\"Pride Audio. USA Online store\" \/>\n<meta property=\"og:image\" content=\"https:\/\/pride.audio\/wp-content\/uploads\/2019\/09\/IMG_1358.jpg\" \/>\n\t<meta property=\"og:image:width\" content=\"1290\" \/>\n\t<meta property=\"og:image:height\" content=\"1290\" \/>\n\t<meta property=\"og:image:type\" content=\"image\/jpeg\" \/>\n<meta name=\"twitter:card\" content=\"summary_large_image\" \/>\n<meta name=\"twitter:label1\" content=\"Tiempo de lectura\" \/>\n\t<meta name=\"twitter:data1\" content=\"1 minuto\" \/>\n<script type=\"application\/ld+json\" class=\"yoast-schema-graph\">{\"@context\":\"https:\/\/schema.org\",\"@graph\":[{\"@type\":\"WebPage\",\"@id\":\"https:\/\/pride.audio\/es\/producto\/speakers-pride-solo-10-neo-rms-450w-size-10-inch\/\",\"url\":\"https:\/\/pride.audio\/es\/producto\/speakers-pride-solo-10-neo-rms-450w-size-10-inch\/\",\"name\":\"Speakers Pride Solo 10 Neo RMS 450W Size 10 inch - Pride Audio. USA Online store\",\"isPartOf\":{\"@id\":\"https:\/\/pride.audio\/#website\"},\"primaryImageOfPage\":{\"@id\":\"https:\/\/pride.audio\/es\/producto\/speakers-pride-solo-10-neo-rms-450w-size-10-inch\/#primaryimage\"},\"image\":{\"@id\":\"https:\/\/pride.audio\/es\/producto\/speakers-pride-solo-10-neo-rms-450w-size-10-inch\/#primaryimage\"},\"thumbnailUrl\":\"https:\/\/pride.audio\/wp-content\/uploads\/2019\/09\/IMG_1358.jpg\",\"datePublished\":\"2019-09-07T04:40:40+00:00\",\"breadcrumb\":{\"@id\":\"https:\/\/pride.audio\/es\/producto\/speakers-pride-solo-10-neo-rms-450w-size-10-inch\/#breadcrumb\"},\"inLanguage\":\"es\",\"potentialAction\":[{\"@type\":\"ReadAction\",\"target\":[\"https:\/\/pride.audio\/es\/producto\/speakers-pride-solo-10-neo-rms-450w-size-10-inch\/\"]}]},{\"@type\":\"ImageObject\",\"inLanguage\":\"es\",\"@id\":\"https:\/\/pride.audio\/es\/producto\/speakers-pride-solo-10-neo-rms-450w-size-10-inch\/#primaryimage\",\"url\":\"https:\/\/pride.audio\/wp-content\/uploads\/2019\/09\/IMG_1358.jpg\",\"contentUrl\":\"https:\/\/pride.audio\/wp-content\/uploads\/2019\/09\/IMG_1358.jpg\",\"width\":1290,\"height\":1290,\"caption\":\"Screenshot\"},{\"@type\":\"BreadcrumbList\",\"@id\":\"https:\/\/pride.audio\/es\/producto\/speakers-pride-solo-10-neo-rms-450w-size-10-inch\/#breadcrumb\",\"itemListElement\":[{\"@type\":\"ListItem\",\"position\":1,\"name\":\"Home\",\"item\":\"https:\/\/pride.audio\/es\/\"},{\"@type\":\"ListItem\",\"position\":2,\"name\":\"Productos\",\"item\":\"https:\/\/pride.audio\/es\/productos\/\"},{\"@type\":\"ListItem\",\"position\":3,\"name\":\"Speakers Pride Solo 10 Neo RMS 450W Size 10 inch\"}]},{\"@type\":\"WebSite\",\"@id\":\"https:\/\/pride.audio\/#website\",\"url\":\"https:\/\/pride.audio\/\",\"name\":\"Pride Audio. USA Online store\",\"description\":\"Pride Car Audio: Official site\",\"publisher\":{\"@id\":\"https:\/\/pride.audio\/#organization\"},\"potentialAction\":[{\"@type\":\"SearchAction\",\"target\":{\"@type\":\"EntryPoint\",\"urlTemplate\":\"https:\/\/pride.audio\/?s={search_term_string}\"},\"query-input\":{\"@type\":\"PropertyValueSpecification\",\"valueRequired\":true,\"valueName\":\"search_term_string\"}}],\"inLanguage\":\"es\"},{\"@type\":\"Organization\",\"@id\":\"https:\/\/pride.audio\/#organization\",\"name\":\"Pride Audio. USA Online store\",\"url\":\"https:\/\/pride.audio\/\",\"logo\":{\"@type\":\"ImageObject\",\"inLanguage\":\"es\",\"@id\":\"https:\/\/pride.audio\/#\/schema\/logo\/image\/\",\"url\":\"https:\/\/pride.audio\/wp-content\/uploads\/2023\/08\/g10.svg\",\"contentUrl\":\"https:\/\/pride.audio\/wp-content\/uploads\/2023\/08\/g10.svg\",\"width\":158,\"height\":34,\"caption\":\"Pride Audio. USA Online store\"},\"image\":{\"@id\":\"https:\/\/pride.audio\/#\/schema\/logo\/image\/\"}}]}<\/script>\n<!-- \/ Yoast SEO plugin. -->","yoast_head_json":{"title":"Speakers Pride Solo 10 Neo RMS 450W Size 10 inch - Pride Audio. USA Online store","robots":{"index":"index","follow":"follow","max-snippet":"max-snippet:-1","max-image-preview":"max-image-preview:large","max-video-preview":"max-video-preview:-1"},"canonical":"https:\/\/pride.audio\/es\/producto\/speakers-pride-solo-10-neo-rms-450w-size-10-inch\/","og_locale":"es_ES","og_type":"article","og_title":"Speakers Pride Solo 10 Neo RMS 450W Size 10 inch - Pride Audio. USA Online store","og_description":"Speakers Pride Solo 10 Neo Te presentamos el altavoz m\u00e1s ruidoso y duradero de todos, el Pride Solo 10 Neo de la marca Pride Car Audio. Una m\u00e1quina definitiva que no conoce la palabra &#8220;no&#8221;. Este altavoz puede funcionar en cualquier comparaci\u00f3n con cualquier altavoz de enchufe producido en el mundo y siempre mostrar\u00e1 un [&hellip;]","og_url":"https:\/\/pride.audio\/es\/producto\/speakers-pride-solo-10-neo-rms-450w-size-10-inch\/","og_site_name":"Pride Audio. USA Online store","og_image":[{"width":1290,"height":1290,"url":"https:\/\/pride.audio\/wp-content\/uploads\/2019\/09\/IMG_1358.jpg","type":"image\/jpeg"}],"twitter_card":"summary_large_image","twitter_misc":{"Tiempo de lectura":"1 minuto"},"schema":{"@context":"https:\/\/schema.org","@graph":[{"@type":"WebPage","@id":"https:\/\/pride.audio\/es\/producto\/speakers-pride-solo-10-neo-rms-450w-size-10-inch\/","url":"https:\/\/pride.audio\/es\/producto\/speakers-pride-solo-10-neo-rms-450w-size-10-inch\/","name":"Speakers Pride Solo 10 Neo RMS 450W Size 10 inch - Pride Audio. USA Online store","isPartOf":{"@id":"https:\/\/pride.audio\/#website"},"primaryImageOfPage":{"@id":"https:\/\/pride.audio\/es\/producto\/speakers-pride-solo-10-neo-rms-450w-size-10-inch\/#primaryimage"},"image":{"@id":"https:\/\/pride.audio\/es\/producto\/speakers-pride-solo-10-neo-rms-450w-size-10-inch\/#primaryimage"},"thumbnailUrl":"https:\/\/pride.audio\/wp-content\/uploads\/2019\/09\/IMG_1358.jpg","datePublished":"2019-09-07T04:40:40+00:00","breadcrumb":{"@id":"https:\/\/pride.audio\/es\/producto\/speakers-pride-solo-10-neo-rms-450w-size-10-inch\/#breadcrumb"},"inLanguage":"es","potentialAction":[{"@type":"ReadAction","target":["https:\/\/pride.audio\/es\/producto\/speakers-pride-solo-10-neo-rms-450w-size-10-inch\/"]}]},{"@type":"ImageObject","inLanguage":"es","@id":"https:\/\/pride.audio\/es\/producto\/speakers-pride-solo-10-neo-rms-450w-size-10-inch\/#primaryimage","url":"https:\/\/pride.audio\/wp-content\/uploads\/2019\/09\/IMG_1358.jpg","contentUrl":"https:\/\/pride.audio\/wp-content\/uploads\/2019\/09\/IMG_1358.jpg","width":1290,"height":1290,"caption":"Screenshot"},{"@type":"BreadcrumbList","@id":"https:\/\/pride.audio\/es\/producto\/speakers-pride-solo-10-neo-rms-450w-size-10-inch\/#breadcrumb","itemListElement":[{"@type":"ListItem","position":1,"name":"Home","item":"https:\/\/pride.audio\/es\/"},{"@type":"ListItem","position":2,"name":"Productos","item":"https:\/\/pride.audio\/es\/productos\/"},{"@type":"ListItem","position":3,"name":"Speakers Pride Solo 10 Neo RMS 450W Size 10 inch"}]},{"@type":"WebSite","@id":"https:\/\/pride.audio\/#website","url":"https:\/\/pride.audio\/","name":"Pride Audio. USA Online store","description":"Pride Car Audio: Official site","publisher":{"@id":"https:\/\/pride.audio\/#organization"},"potentialAction":[{"@type":"SearchAction","target":{"@type":"EntryPoint","urlTemplate":"https:\/\/pride.audio\/?s={search_term_string}"},"query-input":{"@type":"PropertyValueSpecification","valueRequired":true,"valueName":"search_term_string"}}],"inLanguage":"es"},{"@type":"Organization","@id":"https:\/\/pride.audio\/#organization","name":"Pride Audio. USA Online store","url":"https:\/\/pride.audio\/","logo":{"@type":"ImageObject","inLanguage":"es","@id":"https:\/\/pride.audio\/#\/schema\/logo\/image\/","url":"https:\/\/pride.audio\/wp-content\/uploads\/2023\/08\/g10.svg","contentUrl":"https:\/\/pride.audio\/wp-content\/uploads\/2023\/08\/g10.svg","width":158,"height":34,"caption":"Pride Audio. USA Online store"},"image":{"@id":"https:\/\/pride.audio\/#\/schema\/logo\/image\/"}}]}},"_links":{"self":[{"href":"https:\/\/pride.audio\/es\/wp-json\/wp\/v2\/product\/15623","targetHints":{"allow":["GET"]}}],"collection":[{"href":"https:\/\/pride.audio\/es\/wp-json\/wp\/v2\/product"}],"about":[{"href":"https:\/\/pride.audio\/es\/wp-json\/wp\/v2\/types\/product"}],"wp:featuredmedia":[{"embeddable":true,"href":"https:\/\/pride.audio\/es\/wp-json\/wp\/v2\/media\/19845"}],"wp:attachment":[{"href":"https:\/\/pride.audio\/es\/wp-json\/wp\/v2\/media?parent=15623"}],"wp:term":[{"taxonomy":"product_brand","embeddable":true,"href":"https:\/\/pride.audio\/es\/wp-json\/wp\/v2\/product_brand?post=15623"},{"taxonomy":"product_cat","embeddable":true,"href":"https:\/\/pride.audio\/es\/wp-json\/wp\/v2\/product_cat?post=15623"},{"taxonomy":"product_tag","embeddable":true,"href":"https:\/\/pride.audio\/es\/wp-json\/wp\/v2\/product_tag?post=15623"}],"curies":[{"name":"wp","href":"https:\/\/api.w.org\/{rel}","templated":true}]}}