{"id":15616,"date":"2019-09-06T23:43:15","date_gmt":"2019-09-07T04:43:15","guid":{"rendered":"https:\/\/pride.audio\/product\/altavoces-pride-diamond-10-rms-400w-tamano-10-pulgadas\/"},"modified":"2019-09-06T23:43:15","modified_gmt":"2019-09-06T21:43:15","slug":"altavoces-pride-diamond-10-rms-400w-tamano-10-pulgadas","status":"publish","type":"product","link":"https:\/\/pride.audio\/es\/producto\/altavoces-pride-diamond-10-rms-400w-tamano-10-pulgadas\/","title":{"rendered":"Altavoces Pride Diamond 10 RMS 400W Tama\u00f1o 10 pulgadas"},"content":{"rendered":"<p id=\"tw-target-text\" class=\"tw-data-text tw-text-large tw-ta\" dir=\"ltr\" data-placeholder=\"\u041f\u0435\u0440\u0435\u0432\u043e\u0434\" aria-label=\"\u041f\u0435\u0440\u0435\u0432\u0435\u0434\u0435\u043d\u043d\u044b\u0439 \u0442\u0435\u043a\u0441\u0442\" data-ved=\"2ahUKEwiy57y1nKGFAxVtg_0HHXCeDgQQ3ewLegQIBRAU\"><span class=\"Y2IQFc\" lang=\"es\"><strong>Altavoces Pride Diamond 10<\/strong> <\/span><\/p>\n<p class=\"tw-data-text tw-text-large tw-ta\" dir=\"ltr\" data-placeholder=\"\u041f\u0435\u0440\u0435\u0432\u043e\u0434\" aria-label=\"\u041f\u0435\u0440\u0435\u0432\u0435\u0434\u0435\u043d\u043d\u044b\u0439 \u0442\u0435\u043a\u0441\u0442\" data-ved=\"2ahUKEwiy57y1nKGFAxVtg_0HHXCeDgQQ3ewLegQIBRAU\"><span class=\"Y2IQFc\" lang=\"es\">Altavoces pop ruidosos Pride Diamond 10\u201d. Potente sistema magn\u00e9tico de ferrita. Bobina m\u00f3vil de alta temperatura de 51 mm que soporta f\u00e1cilmente una potencia nominal de 400 vatios. Alta sensibilidad con excelente sonido en una amplia banda de frecuencia.<\/p>\n<p>Sonido equilibrado, alto y de alta calidad. Gran voz y voces. Como todos.<\/p>\n<p><\/span><span class=\"Y2IQFc\" lang=\"es\">Material del devanado de la bobina m\u00f3vil: aluminio chapado en cobre.<br \/>\n\u00c1rea de radiaci\u00f3n efectiva 373 cm\u00b2<br \/>\nPotencia nominal 400 W (HPF 24 dB\/octava a 100 Hz)<br \/>\nRango de frecuencia 80 Hz &#8211; 4 kHz<br \/>\nMaterial magn\u00e9tico im\u00e1n de ferrita de alta calidad.<br \/>\nMaterial del n\u00facleo magn\u00e9tico acero el\u00e9ctrico.<\/p>\n<p><\/span><span class=\"Y2IQFc\" lang=\"es\">Conjunto completo de ventas:<br \/>\nDiamante 10\u2033 \u2013 1 par<br \/>\nJunta ABS 10\u2033 \u2013 2 piezas<br \/>\nCaja de carton<br \/>\nMalla met\u00e1lica incluida.<\/span><\/p>\n<p id=\"tw-target-text\" class=\"tw-data-text tw-text-large tw-ta\" dir=\"ltr\" data-placeholder=\"\u041f\u0435\u0440\u0435\u0432\u043e\u0434\" aria-label=\"\u041f\u0435\u0440\u0435\u0432\u0435\u0434\u0435\u043d\u043d\u044b\u0439 \u0442\u0435\u043a\u0441\u0442\" data-ved=\"2ahUKEwiy57y1nKGFAxVtg_0HHXCeDgQQ3ewLegQIBRAU\"><span class=\"Y2IQFc\" lang=\"es\">\u00a0<\/span><\/p>\n","protected":false},"excerpt":{"rendered":"<p>Altavoces Pride Diamond 10 Altavoces pop ruidosos Pride Diamond 10\u201d. Potente sistema magn\u00e9tico de ferrita. Bobina m\u00f3vil de alta temperatura de 51 mm que soporta f\u00e1cilmente una potencia nominal de 400 vatios. Alta sensibilidad con excelente sonido en una amplia banda de frecuencia. Sonido equilibrado, alto y de alta calidad. Gran voz y voces. Como [&hellip;]<\/p>\n","protected":false},"featured_media":19840,"template":"","meta":{"inline_featured_image":false},"product_brand":[],"product_cat":[],"product_tag":[],"class_list":{"0":"post-15616","1":"product","2":"type-product","3":"status-publish","4":"has-post-thumbnail","7":"first","8":"outofstock","9":"taxable","10":"shipping-taxable","11":"product-type-simple"},"acf":[],"yoast_head":"<!-- This site is optimized with the Yoast SEO plugin v27.3 - https:\/\/yoast.com\/product\/yoast-seo-wordpress\/ -->\n<title>Altavoces Pride Diamond 10 RMS 400W Tama\u00f1o 10 pulgadas - Pride Audio. USA Online store<\/title>\n<meta name=\"robots\" content=\"index, follow, max-snippet:-1, max-image-preview:large, max-video-preview:-1\" \/>\n<link rel=\"canonical\" href=\"https:\/\/pride.audio\/es\/producto\/altavoces-pride-diamond-10-rms-400w-tamano-10-pulgadas\/\" \/>\n<meta property=\"og:locale\" content=\"es_ES\" \/>\n<meta property=\"og:type\" content=\"article\" \/>\n<meta property=\"og:title\" content=\"Altavoces Pride Diamond 10 RMS 400W Tama\u00f1o 10 pulgadas - Pride Audio. USA Online store\" \/>\n<meta property=\"og:description\" content=\"Altavoces Pride Diamond 10 Altavoces pop ruidosos Pride Diamond 10\u201d. Potente sistema magn\u00e9tico de ferrita. Bobina m\u00f3vil de alta temperatura de 51 mm que soporta f\u00e1cilmente una potencia nominal de 400 vatios. Alta sensibilidad con excelente sonido en una amplia banda de frecuencia. Sonido equilibrado, alto y de alta calidad. Gran voz y voces. Como [&hellip;]\" \/>\n<meta property=\"og:url\" content=\"https:\/\/pride.audio\/es\/producto\/altavoces-pride-diamond-10-rms-400w-tamano-10-pulgadas\/\" \/>\n<meta property=\"og:site_name\" content=\"Pride Audio. USA Online store\" \/>\n<meta property=\"og:image\" content=\"https:\/\/pride.audio\/wp-content\/uploads\/2019\/09\/IMG_1356.jpg\" \/>\n\t<meta property=\"og:image:width\" content=\"1290\" \/>\n\t<meta property=\"og:image:height\" content=\"1290\" \/>\n\t<meta property=\"og:image:type\" content=\"image\/jpeg\" \/>\n<meta name=\"twitter:card\" content=\"summary_large_image\" \/>\n<meta name=\"twitter:label1\" content=\"Tiempo de lectura\" \/>\n\t<meta name=\"twitter:data1\" content=\"1 minuto\" \/>\n<script type=\"application\/ld+json\" class=\"yoast-schema-graph\">{\"@context\":\"https:\\\/\\\/schema.org\",\"@graph\":[{\"@type\":\"WebPage\",\"@id\":\"https:\\\/\\\/pride.audio\\\/es\\\/producto\\\/altavoces-pride-diamond-10-rms-400w-tamano-10-pulgadas\\\/\",\"url\":\"https:\\\/\\\/pride.audio\\\/es\\\/producto\\\/altavoces-pride-diamond-10-rms-400w-tamano-10-pulgadas\\\/\",\"name\":\"Altavoces Pride Diamond 10 RMS 400W Tama\u00f1o 10 pulgadas - Pride Audio. USA Online store\",\"isPartOf\":{\"@id\":\"https:\\\/\\\/pride.audio\\\/#website\"},\"primaryImageOfPage\":{\"@id\":\"https:\\\/\\\/pride.audio\\\/es\\\/producto\\\/altavoces-pride-diamond-10-rms-400w-tamano-10-pulgadas\\\/#primaryimage\"},\"image\":{\"@id\":\"https:\\\/\\\/pride.audio\\\/es\\\/producto\\\/altavoces-pride-diamond-10-rms-400w-tamano-10-pulgadas\\\/#primaryimage\"},\"thumbnailUrl\":\"https:\\\/\\\/pride.audio\\\/wp-content\\\/uploads\\\/2019\\\/09\\\/IMG_1356.jpg\",\"datePublished\":\"2019-09-07T04:43:15+00:00\",\"breadcrumb\":{\"@id\":\"https:\\\/\\\/pride.audio\\\/es\\\/producto\\\/altavoces-pride-diamond-10-rms-400w-tamano-10-pulgadas\\\/#breadcrumb\"},\"inLanguage\":\"es\",\"potentialAction\":[{\"@type\":\"ReadAction\",\"target\":[\"https:\\\/\\\/pride.audio\\\/es\\\/producto\\\/altavoces-pride-diamond-10-rms-400w-tamano-10-pulgadas\\\/\"]}]},{\"@type\":\"ImageObject\",\"inLanguage\":\"es\",\"@id\":\"https:\\\/\\\/pride.audio\\\/es\\\/producto\\\/altavoces-pride-diamond-10-rms-400w-tamano-10-pulgadas\\\/#primaryimage\",\"url\":\"https:\\\/\\\/pride.audio\\\/wp-content\\\/uploads\\\/2019\\\/09\\\/IMG_1356.jpg\",\"contentUrl\":\"https:\\\/\\\/pride.audio\\\/wp-content\\\/uploads\\\/2019\\\/09\\\/IMG_1356.jpg\",\"width\":1290,\"height\":1290,\"caption\":\"Screenshot\"},{\"@type\":\"BreadcrumbList\",\"@id\":\"https:\\\/\\\/pride.audio\\\/es\\\/producto\\\/altavoces-pride-diamond-10-rms-400w-tamano-10-pulgadas\\\/#breadcrumb\",\"itemListElement\":[{\"@type\":\"ListItem\",\"position\":1,\"name\":\"Home\",\"item\":\"https:\\\/\\\/pride.audio\\\/es\\\/\"},{\"@type\":\"ListItem\",\"position\":2,\"name\":\"Productos\",\"item\":\"https:\\\/\\\/pride.audio\\\/es\\\/productos\\\/\"},{\"@type\":\"ListItem\",\"position\":3,\"name\":\"Altavoces Pride Diamond 10 RMS 400W Tama\u00f1o 10 pulgadas\"}]},{\"@type\":\"WebSite\",\"@id\":\"https:\\\/\\\/pride.audio\\\/#website\",\"url\":\"https:\\\/\\\/pride.audio\\\/\",\"name\":\"Pride Audio. USA Online store\",\"description\":\"Pride Car Audio: Official site\",\"publisher\":{\"@id\":\"https:\\\/\\\/pride.audio\\\/#organization\"},\"potentialAction\":[{\"@type\":\"SearchAction\",\"target\":{\"@type\":\"EntryPoint\",\"urlTemplate\":\"https:\\\/\\\/pride.audio\\\/?s={search_term_string}\"},\"query-input\":{\"@type\":\"PropertyValueSpecification\",\"valueRequired\":true,\"valueName\":\"search_term_string\"}}],\"inLanguage\":\"es\"},{\"@type\":\"Organization\",\"@id\":\"https:\\\/\\\/pride.audio\\\/#organization\",\"name\":\"Pride Audio. USA Online store\",\"url\":\"https:\\\/\\\/pride.audio\\\/\",\"logo\":{\"@type\":\"ImageObject\",\"inLanguage\":\"es\",\"@id\":\"https:\\\/\\\/pride.audio\\\/#\\\/schema\\\/logo\\\/image\\\/\",\"url\":\"https:\\\/\\\/pride.audio\\\/wp-content\\\/uploads\\\/2023\\\/08\\\/g10.svg\",\"contentUrl\":\"https:\\\/\\\/pride.audio\\\/wp-content\\\/uploads\\\/2023\\\/08\\\/g10.svg\",\"width\":158,\"height\":34,\"caption\":\"Pride Audio. USA Online store\"},\"image\":{\"@id\":\"https:\\\/\\\/pride.audio\\\/#\\\/schema\\\/logo\\\/image\\\/\"}}]}<\/script>\n<!-- \/ Yoast SEO plugin. -->","yoast_head_json":{"title":"Altavoces Pride Diamond 10 RMS 400W Tama\u00f1o 10 pulgadas - Pride Audio. USA Online store","robots":{"index":"index","follow":"follow","max-snippet":"max-snippet:-1","max-image-preview":"max-image-preview:large","max-video-preview":"max-video-preview:-1"},"canonical":"https:\/\/pride.audio\/es\/producto\/altavoces-pride-diamond-10-rms-400w-tamano-10-pulgadas\/","og_locale":"es_ES","og_type":"article","og_title":"Altavoces Pride Diamond 10 RMS 400W Tama\u00f1o 10 pulgadas - Pride Audio. USA Online store","og_description":"Altavoces Pride Diamond 10 Altavoces pop ruidosos Pride Diamond 10\u201d. Potente sistema magn\u00e9tico de ferrita. Bobina m\u00f3vil de alta temperatura de 51 mm que soporta f\u00e1cilmente una potencia nominal de 400 vatios. Alta sensibilidad con excelente sonido en una amplia banda de frecuencia. Sonido equilibrado, alto y de alta calidad. Gran voz y voces. Como [&hellip;]","og_url":"https:\/\/pride.audio\/es\/producto\/altavoces-pride-diamond-10-rms-400w-tamano-10-pulgadas\/","og_site_name":"Pride Audio. USA Online store","og_image":[{"width":1290,"height":1290,"url":"https:\/\/pride.audio\/wp-content\/uploads\/2019\/09\/IMG_1356.jpg","type":"image\/jpeg"}],"twitter_card":"summary_large_image","twitter_misc":{"Tiempo de lectura":"1 minuto"},"schema":{"@context":"https:\/\/schema.org","@graph":[{"@type":"WebPage","@id":"https:\/\/pride.audio\/es\/producto\/altavoces-pride-diamond-10-rms-400w-tamano-10-pulgadas\/","url":"https:\/\/pride.audio\/es\/producto\/altavoces-pride-diamond-10-rms-400w-tamano-10-pulgadas\/","name":"Altavoces Pride Diamond 10 RMS 400W Tama\u00f1o 10 pulgadas - Pride Audio. USA Online store","isPartOf":{"@id":"https:\/\/pride.audio\/#website"},"primaryImageOfPage":{"@id":"https:\/\/pride.audio\/es\/producto\/altavoces-pride-diamond-10-rms-400w-tamano-10-pulgadas\/#primaryimage"},"image":{"@id":"https:\/\/pride.audio\/es\/producto\/altavoces-pride-diamond-10-rms-400w-tamano-10-pulgadas\/#primaryimage"},"thumbnailUrl":"https:\/\/pride.audio\/wp-content\/uploads\/2019\/09\/IMG_1356.jpg","datePublished":"2019-09-07T04:43:15+00:00","breadcrumb":{"@id":"https:\/\/pride.audio\/es\/producto\/altavoces-pride-diamond-10-rms-400w-tamano-10-pulgadas\/#breadcrumb"},"inLanguage":"es","potentialAction":[{"@type":"ReadAction","target":["https:\/\/pride.audio\/es\/producto\/altavoces-pride-diamond-10-rms-400w-tamano-10-pulgadas\/"]}]},{"@type":"ImageObject","inLanguage":"es","@id":"https:\/\/pride.audio\/es\/producto\/altavoces-pride-diamond-10-rms-400w-tamano-10-pulgadas\/#primaryimage","url":"https:\/\/pride.audio\/wp-content\/uploads\/2019\/09\/IMG_1356.jpg","contentUrl":"https:\/\/pride.audio\/wp-content\/uploads\/2019\/09\/IMG_1356.jpg","width":1290,"height":1290,"caption":"Screenshot"},{"@type":"BreadcrumbList","@id":"https:\/\/pride.audio\/es\/producto\/altavoces-pride-diamond-10-rms-400w-tamano-10-pulgadas\/#breadcrumb","itemListElement":[{"@type":"ListItem","position":1,"name":"Home","item":"https:\/\/pride.audio\/es\/"},{"@type":"ListItem","position":2,"name":"Productos","item":"https:\/\/pride.audio\/es\/productos\/"},{"@type":"ListItem","position":3,"name":"Altavoces Pride Diamond 10 RMS 400W Tama\u00f1o 10 pulgadas"}]},{"@type":"WebSite","@id":"https:\/\/pride.audio\/#website","url":"https:\/\/pride.audio\/","name":"Pride Audio. USA Online store","description":"Pride Car Audio: Official site","publisher":{"@id":"https:\/\/pride.audio\/#organization"},"potentialAction":[{"@type":"SearchAction","target":{"@type":"EntryPoint","urlTemplate":"https:\/\/pride.audio\/?s={search_term_string}"},"query-input":{"@type":"PropertyValueSpecification","valueRequired":true,"valueName":"search_term_string"}}],"inLanguage":"es"},{"@type":"Organization","@id":"https:\/\/pride.audio\/#organization","name":"Pride Audio. USA Online store","url":"https:\/\/pride.audio\/","logo":{"@type":"ImageObject","inLanguage":"es","@id":"https:\/\/pride.audio\/#\/schema\/logo\/image\/","url":"https:\/\/pride.audio\/wp-content\/uploads\/2023\/08\/g10.svg","contentUrl":"https:\/\/pride.audio\/wp-content\/uploads\/2023\/08\/g10.svg","width":158,"height":34,"caption":"Pride Audio. USA Online store"},"image":{"@id":"https:\/\/pride.audio\/#\/schema\/logo\/image\/"}}]}},"_links":{"self":[{"href":"https:\/\/pride.audio\/es\/wp-json\/wp\/v2\/product\/15616","targetHints":{"allow":["GET"]}}],"collection":[{"href":"https:\/\/pride.audio\/es\/wp-json\/wp\/v2\/product"}],"about":[{"href":"https:\/\/pride.audio\/es\/wp-json\/wp\/v2\/types\/product"}],"wp:featuredmedia":[{"embeddable":true,"href":"https:\/\/pride.audio\/es\/wp-json\/wp\/v2\/media\/19840"}],"wp:attachment":[{"href":"https:\/\/pride.audio\/es\/wp-json\/wp\/v2\/media?parent=15616"}],"wp:term":[{"taxonomy":"product_brand","embeddable":true,"href":"https:\/\/pride.audio\/es\/wp-json\/wp\/v2\/product_brand?post=15616"},{"taxonomy":"product_cat","embeddable":true,"href":"https:\/\/pride.audio\/es\/wp-json\/wp\/v2\/product_cat?post=15616"},{"taxonomy":"product_tag","embeddable":true,"href":"https:\/\/pride.audio\/es\/wp-json\/wp\/v2\/product_tag?post=15616"}],"curies":[{"name":"wp","href":"https:\/\/api.w.org\/{rel}","templated":true}]}}