{"id":15596,"date":"2020-04-16T17:20:52","date_gmt":"2020-04-16T22:20:52","guid":{"rendered":"https:\/\/pride.audio\/product\/altavoces-ruby-light-6-5-rms-60w-tamano-65-pulgadas\/"},"modified":"2020-04-16T17:20:52","modified_gmt":"2020-04-16T15:20:52","slug":"altavoces-ruby-light-6-5-rms-60w-tamano-65-pulgadas","status":"publish","type":"product","link":"https:\/\/pride.audio\/es\/producto\/altavoces-ruby-light-6-5-rms-60w-tamano-65-pulgadas\/","title":{"rendered":"Altavoces Ruby Light 6.5 RMS 60W Tama\u00f1o 6,5 pulgadas"},"content":{"rendered":"<p id=\"tw-target-text\" class=\"tw-data-text tw-text-large tw-ta\" dir=\"ltr\" data-placeholder=\"\u041f\u0435\u0440\u0435\u0432\u043e\u0434\" aria-label=\"\u041f\u0435\u0440\u0435\u0432\u0435\u0434\u0435\u043d\u043d\u044b\u0439 \u0442\u0435\u043a\u0441\u0442\" data-ved=\"2ahUKEwiy57y1nKGFAxVtg_0HHXCeDgQQ3ewLegQIBRAU\"><strong><span class=\"Y2IQFc\" lang=\"es\">Altavoces Ruby Light 6.5 <\/span><\/strong><\/p>\n<p class=\"tw-data-text tw-text-large tw-ta\" dir=\"ltr\" data-placeholder=\"\u041f\u0435\u0440\u0435\u0432\u043e\u0434\" aria-label=\"\u041f\u0435\u0440\u0435\u0432\u0435\u0434\u0435\u043d\u043d\u044b\u0439 \u0442\u0435\u043a\u0441\u0442\" data-ved=\"2ahUKEwiy57y1nKGFAxVtg_0HHXCeDgQQ3ewLegQIBRAU\"><span class=\"Y2IQFc\" lang=\"es\">Es muy melodioso de o\u00eddo, extremadamente vers\u00e1til en t\u00e9rminos de reproducci\u00f3n de sonido y de precio asequible &#8211; Altavoces Ruby Light 6.5 de Pride Car Audio<\/p>\n<p>Ruby Light 6,5\u201d.<br \/>\nTama\u00f1o \u2013 6,5 pulgadas<\/p>\n<p><\/span><span class=\"Y2IQFc\" lang=\"es\">Este modelo de altavoces es realmente muy ligero, s\u00f3lo ~ 500 gramos. Ruby Light 6.5 es muy compacto en t\u00e9rminos de profundidad de instalaci\u00f3n Sin lugar a dudas, NO ES SILENCIOSO que sus competidores en precio y, de hecho, sus oponentes &#8220;m\u00e1s caros&#8221;. Definitivamente encajar\u00e1 en la configuraci\u00f3n, tanto con una &#8220;c\u00fapula de seda&#8221; como con variaciones m\u00e1s &#8220;potentes&#8221; de emisores de RF.<\/p>\n<p><\/span><span class=\"Y2IQFc\" lang=\"es\">Conjunto completo de ventas:<\/p>\n<p><\/span><span class=\"Y2IQFc\" lang=\"es\">Ruby Light 6.5\u2033 \u2013 1 par<br \/>\nJunta ABS 6.5\u2033 \u2013 2 piezas<\/span><\/p>\n<p class=\"tw-data-text tw-text-large tw-ta\" dir=\"ltr\" data-placeholder=\"\u041f\u0435\u0440\u0435\u0432\u043e\u0434\" aria-label=\"\u041f\u0435\u0440\u0435\u0432\u0435\u0434\u0435\u043d\u043d\u044b\u0439 \u0442\u0435\u043a\u0441\u0442\" data-ved=\"2ahUKEwiy57y1nKGFAxVtg_0HHXCeDgQQ3ewLegQIBRAU\"><span class=\"Y2IQFc\" lang=\"es\">\u00a0<\/span><\/p>\n<p id=\"tw-target-text\" class=\"tw-data-text tw-text-large tw-ta\" dir=\"ltr\" data-placeholder=\"\u041f\u0435\u0440\u0435\u0432\u043e\u0434\" aria-label=\"\u041f\u0435\u0440\u0435\u0432\u0435\u0434\u0435\u043d\u043d\u044b\u0439 \u0442\u0435\u043a\u0441\u0442\" data-ved=\"2ahUKEwiy57y1nKGFAxVtg_0HHXCeDgQQ3ewLegQIBRAU\"><span class=\"Y2IQFc\" lang=\"es\">\u00a0<\/span><\/p>\n","protected":false},"excerpt":{"rendered":"<p>Altavoces Ruby Light 6.5 Es muy melodioso de o\u00eddo, extremadamente vers\u00e1til en t\u00e9rminos de reproducci\u00f3n de sonido y de precio asequible &#8211; Altavoces Ruby Light 6.5 de Pride Car Audio Ruby Light 6,5\u201d. Tama\u00f1o \u2013 6,5 pulgadas Este modelo de altavoces es realmente muy ligero, s\u00f3lo ~ 500 gramos. Ruby Light 6.5 es muy compacto [&hellip;]<\/p>\n","protected":false},"featured_media":17036,"template":"","meta":{"inline_featured_image":false},"product_brand":[],"product_cat":[],"product_tag":[],"class_list":{"0":"post-15596","1":"product","2":"type-product","3":"status-publish","4":"has-post-thumbnail","7":"first","8":"outofstock","9":"taxable","10":"shipping-taxable","11":"product-type-simple"},"acf":[],"yoast_head":"<!-- This site is optimized with the Yoast SEO plugin v27.3 - https:\/\/yoast.com\/product\/yoast-seo-wordpress\/ -->\n<title>Altavoces Ruby Light 6.5 RMS 60W Tama\u00f1o 6,5 pulgadas - Pride Audio. USA Online store<\/title>\n<meta name=\"robots\" content=\"index, follow, max-snippet:-1, max-image-preview:large, max-video-preview:-1\" \/>\n<link rel=\"canonical\" href=\"https:\/\/pride.audio\/es\/producto\/altavoces-ruby-light-6-5-rms-60w-tamano-65-pulgadas\/\" \/>\n<meta property=\"og:locale\" content=\"es_ES\" \/>\n<meta property=\"og:type\" content=\"article\" \/>\n<meta property=\"og:title\" content=\"Altavoces Ruby Light 6.5 RMS 60W Tama\u00f1o 6,5 pulgadas - Pride Audio. USA Online store\" \/>\n<meta property=\"og:description\" content=\"Altavoces Ruby Light 6.5 Es muy melodioso de o\u00eddo, extremadamente vers\u00e1til en t\u00e9rminos de reproducci\u00f3n de sonido y de precio asequible &#8211; Altavoces Ruby Light 6.5 de Pride Car Audio Ruby Light 6,5\u201d. Tama\u00f1o \u2013 6,5 pulgadas Este modelo de altavoces es realmente muy ligero, s\u00f3lo ~ 500 gramos. Ruby Light 6.5 es muy compacto [&hellip;]\" \/>\n<meta property=\"og:url\" content=\"https:\/\/pride.audio\/es\/producto\/altavoces-ruby-light-6-5-rms-60w-tamano-65-pulgadas\/\" \/>\n<meta property=\"og:site_name\" content=\"Pride Audio. USA Online store\" \/>\n<meta property=\"og:image\" content=\"https:\/\/pride.audio\/wp-content\/uploads\/2020\/04\/product_prode_Ruby_Light6.5.jpeg\" \/>\n\t<meta property=\"og:image:width\" content=\"300\" \/>\n\t<meta property=\"og:image:height\" content=\"300\" \/>\n\t<meta property=\"og:image:type\" content=\"image\/jpeg\" \/>\n<meta name=\"twitter:card\" content=\"summary_large_image\" \/>\n<meta name=\"twitter:label1\" content=\"Tiempo de lectura\" \/>\n\t<meta name=\"twitter:data1\" content=\"1 minuto\" \/>\n<script type=\"application\/ld+json\" class=\"yoast-schema-graph\">{\"@context\":\"https:\\\/\\\/schema.org\",\"@graph\":[{\"@type\":\"WebPage\",\"@id\":\"https:\\\/\\\/pride.audio\\\/es\\\/producto\\\/altavoces-ruby-light-6-5-rms-60w-tamano-65-pulgadas\\\/\",\"url\":\"https:\\\/\\\/pride.audio\\\/es\\\/producto\\\/altavoces-ruby-light-6-5-rms-60w-tamano-65-pulgadas\\\/\",\"name\":\"Altavoces Ruby Light 6.5 RMS 60W Tama\u00f1o 6,5 pulgadas - Pride Audio. USA Online store\",\"isPartOf\":{\"@id\":\"https:\\\/\\\/pride.audio\\\/#website\"},\"primaryImageOfPage\":{\"@id\":\"https:\\\/\\\/pride.audio\\\/es\\\/producto\\\/altavoces-ruby-light-6-5-rms-60w-tamano-65-pulgadas\\\/#primaryimage\"},\"image\":{\"@id\":\"https:\\\/\\\/pride.audio\\\/es\\\/producto\\\/altavoces-ruby-light-6-5-rms-60w-tamano-65-pulgadas\\\/#primaryimage\"},\"thumbnailUrl\":\"https:\\\/\\\/pride.audio\\\/wp-content\\\/uploads\\\/2020\\\/04\\\/product_prode_Ruby_Light6.5.jpeg\",\"datePublished\":\"2020-04-16T22:20:52+00:00\",\"breadcrumb\":{\"@id\":\"https:\\\/\\\/pride.audio\\\/es\\\/producto\\\/altavoces-ruby-light-6-5-rms-60w-tamano-65-pulgadas\\\/#breadcrumb\"},\"inLanguage\":\"es\",\"potentialAction\":[{\"@type\":\"ReadAction\",\"target\":[\"https:\\\/\\\/pride.audio\\\/es\\\/producto\\\/altavoces-ruby-light-6-5-rms-60w-tamano-65-pulgadas\\\/\"]}]},{\"@type\":\"ImageObject\",\"inLanguage\":\"es\",\"@id\":\"https:\\\/\\\/pride.audio\\\/es\\\/producto\\\/altavoces-ruby-light-6-5-rms-60w-tamano-65-pulgadas\\\/#primaryimage\",\"url\":\"https:\\\/\\\/pride.audio\\\/wp-content\\\/uploads\\\/2020\\\/04\\\/product_prode_Ruby_Light6.5.jpeg\",\"contentUrl\":\"https:\\\/\\\/pride.audio\\\/wp-content\\\/uploads\\\/2020\\\/04\\\/product_prode_Ruby_Light6.5.jpeg\",\"width\":300,\"height\":300,\"caption\":\"{\\\"source_sid\\\":\\\"0569E39B-D084-4BA6-8F3E-F971C1ECF088_1587046122405\\\",\\\"subsource\\\":\\\"done_button\\\",\\\"uid\\\":\\\"0569E39B-D084-4BA6-8F3E-F971C1ECF088_1587046101815\\\",\\\"source\\\":\\\"share_action_sheet\\\",\\\"origin\\\":\\\"unknown\\\"}\"},{\"@type\":\"BreadcrumbList\",\"@id\":\"https:\\\/\\\/pride.audio\\\/es\\\/producto\\\/altavoces-ruby-light-6-5-rms-60w-tamano-65-pulgadas\\\/#breadcrumb\",\"itemListElement\":[{\"@type\":\"ListItem\",\"position\":1,\"name\":\"Home\",\"item\":\"https:\\\/\\\/pride.audio\\\/es\\\/\"},{\"@type\":\"ListItem\",\"position\":2,\"name\":\"Productos\",\"item\":\"https:\\\/\\\/pride.audio\\\/es\\\/productos\\\/\"},{\"@type\":\"ListItem\",\"position\":3,\"name\":\"Altavoces Ruby Light 6.5 RMS 60W Tama\u00f1o 6,5 pulgadas\"}]},{\"@type\":\"WebSite\",\"@id\":\"https:\\\/\\\/pride.audio\\\/#website\",\"url\":\"https:\\\/\\\/pride.audio\\\/\",\"name\":\"Pride Audio. USA Online store\",\"description\":\"Pride Car Audio: Official site\",\"publisher\":{\"@id\":\"https:\\\/\\\/pride.audio\\\/#organization\"},\"potentialAction\":[{\"@type\":\"SearchAction\",\"target\":{\"@type\":\"EntryPoint\",\"urlTemplate\":\"https:\\\/\\\/pride.audio\\\/?s={search_term_string}\"},\"query-input\":{\"@type\":\"PropertyValueSpecification\",\"valueRequired\":true,\"valueName\":\"search_term_string\"}}],\"inLanguage\":\"es\"},{\"@type\":\"Organization\",\"@id\":\"https:\\\/\\\/pride.audio\\\/#organization\",\"name\":\"Pride Audio. USA Online store\",\"url\":\"https:\\\/\\\/pride.audio\\\/\",\"logo\":{\"@type\":\"ImageObject\",\"inLanguage\":\"es\",\"@id\":\"https:\\\/\\\/pride.audio\\\/#\\\/schema\\\/logo\\\/image\\\/\",\"url\":\"https:\\\/\\\/pride.audio\\\/wp-content\\\/uploads\\\/2023\\\/08\\\/g10.svg\",\"contentUrl\":\"https:\\\/\\\/pride.audio\\\/wp-content\\\/uploads\\\/2023\\\/08\\\/g10.svg\",\"width\":158,\"height\":34,\"caption\":\"Pride Audio. USA Online store\"},\"image\":{\"@id\":\"https:\\\/\\\/pride.audio\\\/#\\\/schema\\\/logo\\\/image\\\/\"}}]}<\/script>\n<!-- \/ Yoast SEO plugin. -->","yoast_head_json":{"title":"Altavoces Ruby Light 6.5 RMS 60W Tama\u00f1o 6,5 pulgadas - Pride Audio. USA Online store","robots":{"index":"index","follow":"follow","max-snippet":"max-snippet:-1","max-image-preview":"max-image-preview:large","max-video-preview":"max-video-preview:-1"},"canonical":"https:\/\/pride.audio\/es\/producto\/altavoces-ruby-light-6-5-rms-60w-tamano-65-pulgadas\/","og_locale":"es_ES","og_type":"article","og_title":"Altavoces Ruby Light 6.5 RMS 60W Tama\u00f1o 6,5 pulgadas - Pride Audio. USA Online store","og_description":"Altavoces Ruby Light 6.5 Es muy melodioso de o\u00eddo, extremadamente vers\u00e1til en t\u00e9rminos de reproducci\u00f3n de sonido y de precio asequible &#8211; Altavoces Ruby Light 6.5 de Pride Car Audio Ruby Light 6,5\u201d. Tama\u00f1o \u2013 6,5 pulgadas Este modelo de altavoces es realmente muy ligero, s\u00f3lo ~ 500 gramos. Ruby Light 6.5 es muy compacto [&hellip;]","og_url":"https:\/\/pride.audio\/es\/producto\/altavoces-ruby-light-6-5-rms-60w-tamano-65-pulgadas\/","og_site_name":"Pride Audio. USA Online store","og_image":[{"width":300,"height":300,"url":"https:\/\/pride.audio\/wp-content\/uploads\/2020\/04\/product_prode_Ruby_Light6.5.jpeg","type":"image\/jpeg"}],"twitter_card":"summary_large_image","twitter_misc":{"Tiempo de lectura":"1 minuto"},"schema":{"@context":"https:\/\/schema.org","@graph":[{"@type":"WebPage","@id":"https:\/\/pride.audio\/es\/producto\/altavoces-ruby-light-6-5-rms-60w-tamano-65-pulgadas\/","url":"https:\/\/pride.audio\/es\/producto\/altavoces-ruby-light-6-5-rms-60w-tamano-65-pulgadas\/","name":"Altavoces Ruby Light 6.5 RMS 60W Tama\u00f1o 6,5 pulgadas - Pride Audio. USA Online store","isPartOf":{"@id":"https:\/\/pride.audio\/#website"},"primaryImageOfPage":{"@id":"https:\/\/pride.audio\/es\/producto\/altavoces-ruby-light-6-5-rms-60w-tamano-65-pulgadas\/#primaryimage"},"image":{"@id":"https:\/\/pride.audio\/es\/producto\/altavoces-ruby-light-6-5-rms-60w-tamano-65-pulgadas\/#primaryimage"},"thumbnailUrl":"https:\/\/pride.audio\/wp-content\/uploads\/2020\/04\/product_prode_Ruby_Light6.5.jpeg","datePublished":"2020-04-16T22:20:52+00:00","breadcrumb":{"@id":"https:\/\/pride.audio\/es\/producto\/altavoces-ruby-light-6-5-rms-60w-tamano-65-pulgadas\/#breadcrumb"},"inLanguage":"es","potentialAction":[{"@type":"ReadAction","target":["https:\/\/pride.audio\/es\/producto\/altavoces-ruby-light-6-5-rms-60w-tamano-65-pulgadas\/"]}]},{"@type":"ImageObject","inLanguage":"es","@id":"https:\/\/pride.audio\/es\/producto\/altavoces-ruby-light-6-5-rms-60w-tamano-65-pulgadas\/#primaryimage","url":"https:\/\/pride.audio\/wp-content\/uploads\/2020\/04\/product_prode_Ruby_Light6.5.jpeg","contentUrl":"https:\/\/pride.audio\/wp-content\/uploads\/2020\/04\/product_prode_Ruby_Light6.5.jpeg","width":300,"height":300,"caption":"{\"source_sid\":\"0569E39B-D084-4BA6-8F3E-F971C1ECF088_1587046122405\",\"subsource\":\"done_button\",\"uid\":\"0569E39B-D084-4BA6-8F3E-F971C1ECF088_1587046101815\",\"source\":\"share_action_sheet\",\"origin\":\"unknown\"}"},{"@type":"BreadcrumbList","@id":"https:\/\/pride.audio\/es\/producto\/altavoces-ruby-light-6-5-rms-60w-tamano-65-pulgadas\/#breadcrumb","itemListElement":[{"@type":"ListItem","position":1,"name":"Home","item":"https:\/\/pride.audio\/es\/"},{"@type":"ListItem","position":2,"name":"Productos","item":"https:\/\/pride.audio\/es\/productos\/"},{"@type":"ListItem","position":3,"name":"Altavoces Ruby Light 6.5 RMS 60W Tama\u00f1o 6,5 pulgadas"}]},{"@type":"WebSite","@id":"https:\/\/pride.audio\/#website","url":"https:\/\/pride.audio\/","name":"Pride Audio. USA Online store","description":"Pride Car Audio: Official site","publisher":{"@id":"https:\/\/pride.audio\/#organization"},"potentialAction":[{"@type":"SearchAction","target":{"@type":"EntryPoint","urlTemplate":"https:\/\/pride.audio\/?s={search_term_string}"},"query-input":{"@type":"PropertyValueSpecification","valueRequired":true,"valueName":"search_term_string"}}],"inLanguage":"es"},{"@type":"Organization","@id":"https:\/\/pride.audio\/#organization","name":"Pride Audio. USA Online store","url":"https:\/\/pride.audio\/","logo":{"@type":"ImageObject","inLanguage":"es","@id":"https:\/\/pride.audio\/#\/schema\/logo\/image\/","url":"https:\/\/pride.audio\/wp-content\/uploads\/2023\/08\/g10.svg","contentUrl":"https:\/\/pride.audio\/wp-content\/uploads\/2023\/08\/g10.svg","width":158,"height":34,"caption":"Pride Audio. USA Online store"},"image":{"@id":"https:\/\/pride.audio\/#\/schema\/logo\/image\/"}}]}},"_links":{"self":[{"href":"https:\/\/pride.audio\/es\/wp-json\/wp\/v2\/product\/15596","targetHints":{"allow":["GET"]}}],"collection":[{"href":"https:\/\/pride.audio\/es\/wp-json\/wp\/v2\/product"}],"about":[{"href":"https:\/\/pride.audio\/es\/wp-json\/wp\/v2\/types\/product"}],"wp:featuredmedia":[{"embeddable":true,"href":"https:\/\/pride.audio\/es\/wp-json\/wp\/v2\/media\/17036"}],"wp:attachment":[{"href":"https:\/\/pride.audio\/es\/wp-json\/wp\/v2\/media?parent=15596"}],"wp:term":[{"taxonomy":"product_brand","embeddable":true,"href":"https:\/\/pride.audio\/es\/wp-json\/wp\/v2\/product_brand?post=15596"},{"taxonomy":"product_cat","embeddable":true,"href":"https:\/\/pride.audio\/es\/wp-json\/wp\/v2\/product_cat?post=15596"},{"taxonomy":"product_tag","embeddable":true,"href":"https:\/\/pride.audio\/es\/wp-json\/wp\/v2\/product_tag?post=15596"}],"curies":[{"name":"wp","href":"https:\/\/api.w.org\/{rel}","templated":true}]}}