{"id":15584,"date":"2020-09-25T19:34:01","date_gmt":"2020-09-26T00:34:01","guid":{"rendered":"https:\/\/pride.audio\/product\/tweeter-pride-easy-25c\/"},"modified":"2020-09-25T19:34:01","modified_gmt":"2020-09-25T17:34:01","slug":"tweeter-pride-easy-25c","status":"publish","type":"product","link":"https:\/\/pride.audio\/es\/producto\/tweeter-pride-easy-25c\/","title":{"rendered":"Tweeter Pride Easy 25C"},"content":{"rendered":"<p><b>Tweeter Pride Easy 25C<\/p>\n<p><\/b><span class=\"Y2IQFc\" lang=\"es\">El Tweeter Pride Easy 25C es una excelente opci\u00f3n para los audi\u00f3filos con un presupuesto limitado. Tienen una excelente direccionalidad del sonido, proporcionando un sonido limpio y claro de 2 a 20 kilohercios. Con 25 vatios de potencia (con un filtro de paso alto de 12 dB\/octava a 4 kHz), llenan f\u00e1cilmente cualquier espacio con sonido de alta calidad.<\/p>\n<p><\/span><span class=\"Y2IQFc\" lang=\"es\">Estos parlantes ofrecen flexibilidad de conexi\u00f3n, lo que le permite elegir entre conectarse a un est\u00e9reo o a un amplificador. Si no tiene un procesador de audio, puede utilizar el condensador de 3,9 UF incluido para conectarlo a un amplificador.<\/p>\n<p><\/span><span class=\"Y2IQFc\" lang=\"es\">La bobina m\u00f3vil de estos altavoces est\u00e1 fabricada con alambre de aluminio, lo que garantiza una alta eficiencia y durabilidad. Los tweeters Pride Easy 25C brindan una soluci\u00f3n confiable y asequible para mejorar la calidad del sonido de su autom\u00f3vil o sistema de audio.<\/p>\n<p>El tweeter Easy 25C es de tama\u00f1o peque\u00f1o. Es ideal para la instalaci\u00f3n en el lugar estandartizado del autom\u00f3vil.<\/p>\n<p>RMS \u2013 25W<br \/>\nPaquete = 2 piezas<\/span><\/p>\n<p><span class=\"Y2IQFc\" lang=\"es\">\u00a0<\/span><\/p>\n<p><b>\u00a0<\/b><\/p>\n","protected":false},"excerpt":{"rendered":"<p>Tweeter Pride Easy 25C El Tweeter Pride Easy 25C es una excelente opci\u00f3n para los audi\u00f3filos con un presupuesto limitado. Tienen una excelente direccionalidad del sonido, proporcionando un sonido limpio y claro de 2 a 20 kilohercios. Con 25 vatios de potencia (con un filtro de paso alto de 12 dB\/octava a 4 kHz), llenan [&hellip;]<\/p>\n","protected":false},"featured_media":19825,"template":"","meta":{"inline_featured_image":false},"product_brand":[],"product_cat":[],"product_tag":[],"class_list":{"0":"post-15584","1":"product","2":"type-product","3":"status-publish","4":"has-post-thumbnail","7":"first","8":"outofstock","9":"taxable","10":"shipping-taxable","11":"product-type-simple"},"acf":[],"yoast_head":"<!-- This site is optimized with the Yoast SEO plugin v27.3 - https:\/\/yoast.com\/product\/yoast-seo-wordpress\/ -->\n<title>Tweeter Pride Easy 25C - Pride Audio. USA Online store<\/title>\n<meta name=\"robots\" content=\"index, follow, max-snippet:-1, max-image-preview:large, max-video-preview:-1\" \/>\n<link rel=\"canonical\" href=\"https:\/\/pride.audio\/es\/producto\/tweeter-pride-easy-25c\/\" \/>\n<meta property=\"og:locale\" content=\"es_ES\" \/>\n<meta property=\"og:type\" content=\"article\" \/>\n<meta property=\"og:title\" content=\"Tweeter Pride Easy 25C - Pride Audio. USA Online store\" \/>\n<meta property=\"og:description\" content=\"Tweeter Pride Easy 25C El Tweeter Pride Easy 25C es una excelente opci\u00f3n para los audi\u00f3filos con un presupuesto limitado. Tienen una excelente direccionalidad del sonido, proporcionando un sonido limpio y claro de 2 a 20 kilohercios. Con 25 vatios de potencia (con un filtro de paso alto de 12 dB\/octava a 4 kHz), llenan [&hellip;]\" \/>\n<meta property=\"og:url\" content=\"https:\/\/pride.audio\/es\/producto\/tweeter-pride-easy-25c\/\" \/>\n<meta property=\"og:site_name\" content=\"Pride Audio. USA Online store\" \/>\n<meta property=\"og:image\" content=\"https:\/\/pride.audio\/wp-content\/uploads\/2020\/09\/IMG_1350.jpg\" \/>\n\t<meta property=\"og:image:width\" content=\"1290\" \/>\n\t<meta property=\"og:image:height\" content=\"1290\" \/>\n\t<meta property=\"og:image:type\" content=\"image\/jpeg\" \/>\n<meta name=\"twitter:card\" content=\"summary_large_image\" \/>\n<meta name=\"twitter:label1\" content=\"Tiempo de lectura\" \/>\n\t<meta name=\"twitter:data1\" content=\"1 minuto\" \/>\n<script type=\"application\/ld+json\" class=\"yoast-schema-graph\">{\"@context\":\"https:\\\/\\\/schema.org\",\"@graph\":[{\"@type\":\"WebPage\",\"@id\":\"https:\\\/\\\/pride.audio\\\/es\\\/producto\\\/tweeter-pride-easy-25c\\\/\",\"url\":\"https:\\\/\\\/pride.audio\\\/es\\\/producto\\\/tweeter-pride-easy-25c\\\/\",\"name\":\"Tweeter Pride Easy 25C - Pride Audio. USA Online store\",\"isPartOf\":{\"@id\":\"https:\\\/\\\/pride.audio\\\/#website\"},\"primaryImageOfPage\":{\"@id\":\"https:\\\/\\\/pride.audio\\\/es\\\/producto\\\/tweeter-pride-easy-25c\\\/#primaryimage\"},\"image\":{\"@id\":\"https:\\\/\\\/pride.audio\\\/es\\\/producto\\\/tweeter-pride-easy-25c\\\/#primaryimage\"},\"thumbnailUrl\":\"https:\\\/\\\/pride.audio\\\/wp-content\\\/uploads\\\/2020\\\/09\\\/IMG_1350.jpg\",\"datePublished\":\"2020-09-26T00:34:01+00:00\",\"breadcrumb\":{\"@id\":\"https:\\\/\\\/pride.audio\\\/es\\\/producto\\\/tweeter-pride-easy-25c\\\/#breadcrumb\"},\"inLanguage\":\"es\",\"potentialAction\":[{\"@type\":\"ReadAction\",\"target\":[\"https:\\\/\\\/pride.audio\\\/es\\\/producto\\\/tweeter-pride-easy-25c\\\/\"]}]},{\"@type\":\"ImageObject\",\"inLanguage\":\"es\",\"@id\":\"https:\\\/\\\/pride.audio\\\/es\\\/producto\\\/tweeter-pride-easy-25c\\\/#primaryimage\",\"url\":\"https:\\\/\\\/pride.audio\\\/wp-content\\\/uploads\\\/2020\\\/09\\\/IMG_1350.jpg\",\"contentUrl\":\"https:\\\/\\\/pride.audio\\\/wp-content\\\/uploads\\\/2020\\\/09\\\/IMG_1350.jpg\",\"width\":1290,\"height\":1290,\"caption\":\"Screenshot\"},{\"@type\":\"BreadcrumbList\",\"@id\":\"https:\\\/\\\/pride.audio\\\/es\\\/producto\\\/tweeter-pride-easy-25c\\\/#breadcrumb\",\"itemListElement\":[{\"@type\":\"ListItem\",\"position\":1,\"name\":\"Home\",\"item\":\"https:\\\/\\\/pride.audio\\\/es\\\/\"},{\"@type\":\"ListItem\",\"position\":2,\"name\":\"Productos\",\"item\":\"https:\\\/\\\/pride.audio\\\/es\\\/productos\\\/\"},{\"@type\":\"ListItem\",\"position\":3,\"name\":\"Tweeter Pride Easy 25C\"}]},{\"@type\":\"WebSite\",\"@id\":\"https:\\\/\\\/pride.audio\\\/#website\",\"url\":\"https:\\\/\\\/pride.audio\\\/\",\"name\":\"Pride Audio. USA Online store\",\"description\":\"Pride Car Audio: Official site\",\"publisher\":{\"@id\":\"https:\\\/\\\/pride.audio\\\/#organization\"},\"potentialAction\":[{\"@type\":\"SearchAction\",\"target\":{\"@type\":\"EntryPoint\",\"urlTemplate\":\"https:\\\/\\\/pride.audio\\\/?s={search_term_string}\"},\"query-input\":{\"@type\":\"PropertyValueSpecification\",\"valueRequired\":true,\"valueName\":\"search_term_string\"}}],\"inLanguage\":\"es\"},{\"@type\":\"Organization\",\"@id\":\"https:\\\/\\\/pride.audio\\\/#organization\",\"name\":\"Pride Audio. USA Online store\",\"url\":\"https:\\\/\\\/pride.audio\\\/\",\"logo\":{\"@type\":\"ImageObject\",\"inLanguage\":\"es\",\"@id\":\"https:\\\/\\\/pride.audio\\\/#\\\/schema\\\/logo\\\/image\\\/\",\"url\":\"https:\\\/\\\/pride.audio\\\/wp-content\\\/uploads\\\/2023\\\/08\\\/g10.svg\",\"contentUrl\":\"https:\\\/\\\/pride.audio\\\/wp-content\\\/uploads\\\/2023\\\/08\\\/g10.svg\",\"width\":158,\"height\":34,\"caption\":\"Pride Audio. USA Online store\"},\"image\":{\"@id\":\"https:\\\/\\\/pride.audio\\\/#\\\/schema\\\/logo\\\/image\\\/\"}}]}<\/script>\n<!-- \/ Yoast SEO plugin. -->","yoast_head_json":{"title":"Tweeter Pride Easy 25C - Pride Audio. USA Online store","robots":{"index":"index","follow":"follow","max-snippet":"max-snippet:-1","max-image-preview":"max-image-preview:large","max-video-preview":"max-video-preview:-1"},"canonical":"https:\/\/pride.audio\/es\/producto\/tweeter-pride-easy-25c\/","og_locale":"es_ES","og_type":"article","og_title":"Tweeter Pride Easy 25C - Pride Audio. USA Online store","og_description":"Tweeter Pride Easy 25C El Tweeter Pride Easy 25C es una excelente opci\u00f3n para los audi\u00f3filos con un presupuesto limitado. Tienen una excelente direccionalidad del sonido, proporcionando un sonido limpio y claro de 2 a 20 kilohercios. Con 25 vatios de potencia (con un filtro de paso alto de 12 dB\/octava a 4 kHz), llenan [&hellip;]","og_url":"https:\/\/pride.audio\/es\/producto\/tweeter-pride-easy-25c\/","og_site_name":"Pride Audio. USA Online store","og_image":[{"width":1290,"height":1290,"url":"https:\/\/pride.audio\/wp-content\/uploads\/2020\/09\/IMG_1350.jpg","type":"image\/jpeg"}],"twitter_card":"summary_large_image","twitter_misc":{"Tiempo de lectura":"1 minuto"},"schema":{"@context":"https:\/\/schema.org","@graph":[{"@type":"WebPage","@id":"https:\/\/pride.audio\/es\/producto\/tweeter-pride-easy-25c\/","url":"https:\/\/pride.audio\/es\/producto\/tweeter-pride-easy-25c\/","name":"Tweeter Pride Easy 25C - Pride Audio. USA Online store","isPartOf":{"@id":"https:\/\/pride.audio\/#website"},"primaryImageOfPage":{"@id":"https:\/\/pride.audio\/es\/producto\/tweeter-pride-easy-25c\/#primaryimage"},"image":{"@id":"https:\/\/pride.audio\/es\/producto\/tweeter-pride-easy-25c\/#primaryimage"},"thumbnailUrl":"https:\/\/pride.audio\/wp-content\/uploads\/2020\/09\/IMG_1350.jpg","datePublished":"2020-09-26T00:34:01+00:00","breadcrumb":{"@id":"https:\/\/pride.audio\/es\/producto\/tweeter-pride-easy-25c\/#breadcrumb"},"inLanguage":"es","potentialAction":[{"@type":"ReadAction","target":["https:\/\/pride.audio\/es\/producto\/tweeter-pride-easy-25c\/"]}]},{"@type":"ImageObject","inLanguage":"es","@id":"https:\/\/pride.audio\/es\/producto\/tweeter-pride-easy-25c\/#primaryimage","url":"https:\/\/pride.audio\/wp-content\/uploads\/2020\/09\/IMG_1350.jpg","contentUrl":"https:\/\/pride.audio\/wp-content\/uploads\/2020\/09\/IMG_1350.jpg","width":1290,"height":1290,"caption":"Screenshot"},{"@type":"BreadcrumbList","@id":"https:\/\/pride.audio\/es\/producto\/tweeter-pride-easy-25c\/#breadcrumb","itemListElement":[{"@type":"ListItem","position":1,"name":"Home","item":"https:\/\/pride.audio\/es\/"},{"@type":"ListItem","position":2,"name":"Productos","item":"https:\/\/pride.audio\/es\/productos\/"},{"@type":"ListItem","position":3,"name":"Tweeter Pride Easy 25C"}]},{"@type":"WebSite","@id":"https:\/\/pride.audio\/#website","url":"https:\/\/pride.audio\/","name":"Pride Audio. USA Online store","description":"Pride Car Audio: Official site","publisher":{"@id":"https:\/\/pride.audio\/#organization"},"potentialAction":[{"@type":"SearchAction","target":{"@type":"EntryPoint","urlTemplate":"https:\/\/pride.audio\/?s={search_term_string}"},"query-input":{"@type":"PropertyValueSpecification","valueRequired":true,"valueName":"search_term_string"}}],"inLanguage":"es"},{"@type":"Organization","@id":"https:\/\/pride.audio\/#organization","name":"Pride Audio. USA Online store","url":"https:\/\/pride.audio\/","logo":{"@type":"ImageObject","inLanguage":"es","@id":"https:\/\/pride.audio\/#\/schema\/logo\/image\/","url":"https:\/\/pride.audio\/wp-content\/uploads\/2023\/08\/g10.svg","contentUrl":"https:\/\/pride.audio\/wp-content\/uploads\/2023\/08\/g10.svg","width":158,"height":34,"caption":"Pride Audio. USA Online store"},"image":{"@id":"https:\/\/pride.audio\/#\/schema\/logo\/image\/"}}]}},"_links":{"self":[{"href":"https:\/\/pride.audio\/es\/wp-json\/wp\/v2\/product\/15584","targetHints":{"allow":["GET"]}}],"collection":[{"href":"https:\/\/pride.audio\/es\/wp-json\/wp\/v2\/product"}],"about":[{"href":"https:\/\/pride.audio\/es\/wp-json\/wp\/v2\/types\/product"}],"wp:featuredmedia":[{"embeddable":true,"href":"https:\/\/pride.audio\/es\/wp-json\/wp\/v2\/media\/19825"}],"wp:attachment":[{"href":"https:\/\/pride.audio\/es\/wp-json\/wp\/v2\/media?parent=15584"}],"wp:term":[{"taxonomy":"product_brand","embeddable":true,"href":"https:\/\/pride.audio\/es\/wp-json\/wp\/v2\/product_brand?post=15584"},{"taxonomy":"product_cat","embeddable":true,"href":"https:\/\/pride.audio\/es\/wp-json\/wp\/v2\/product_cat?post=15584"},{"taxonomy":"product_tag","embeddable":true,"href":"https:\/\/pride.audio\/es\/wp-json\/wp\/v2\/product_tag?post=15584"}],"curies":[{"name":"wp","href":"https:\/\/api.w.org\/{rel}","templated":true}]}}