{"id":15576,"date":"2020-09-25T19:49:20","date_gmt":"2020-09-26T00:49:20","guid":{"rendered":"https:\/\/pride.audio\/product\/tweeter-pride-harmony-25%d1%81\/"},"modified":"2020-09-25T19:49:20","modified_gmt":"2020-09-25T17:49:20","slug":"tweeter-pride-harmony-25%d1%81","status":"publish","type":"product","link":"https:\/\/pride.audio\/es\/producto\/tweeter-pride-harmony-25%d1%81\/","title":{"rendered":"Tweeter Pride Harmony 25\u0421"},"content":{"rendered":"<p><strong>Tweeter Pride Harmony 25\u0421<\/p>\n<p><\/strong><span class=\"Y2IQFc\" lang=\"es\">\u00a1El modelo de tweeters de alta frecuencia Pride Harmony 25, de 1 pulgada, ya est\u00e1 disponible en el mercado de audio para autom\u00f3viles estadounidense!<\/p>\n<p><\/span><span class=\"Y2IQFc\" lang=\"es\">Suenan bien y combinan armoniosamente con altavoces no pop, y tambi\u00e9n son adecuados para su instalaci\u00f3n en lugares est\u00e1ndar de un autom\u00f3vil. Le permite crear un sistema de audio de dos o tres v\u00edas. Suenan muy bien y combinan bien con los altavoces cuadrados.<\/p>\n<p><\/span><span class=\"Y2IQFc\" lang=\"es\">Los altavoces reproducen frecuencias en el rango de 2000 &#8211; 24000 Hz.<\/p>\n<p>\u00a1Es ideal para instalarlo en el lugar est\u00e1ndar del autom\u00f3vil sin cambiarlo! Rango de frecuencia 2 kHz \u2013 24 kHz (-3 dB) RMS \u2013 30W<\/p>\n<p><\/span><span class=\"Y2IQFc\" lang=\"es\">Paquete = 2 piezas<br \/>\nPrecio por 1 juego<\/p>\n<p>\u00a1Compre tweeters de Pride Car Audio ahora y sienta nuevas emociones al escuchar m\u00fasica!<\/span><\/p>\n<p><strong>\u00a0<\/strong><\/p>\n","protected":false},"excerpt":{"rendered":"<p>Tweeter Pride Harmony 25\u0421 \u00a1El modelo de tweeters de alta frecuencia Pride Harmony 25, de 1 pulgada, ya est\u00e1 disponible en el mercado de audio para autom\u00f3viles estadounidense! Suenan bien y combinan armoniosamente con altavoces no pop, y tambi\u00e9n son adecuados para su instalaci\u00f3n en lugares est\u00e1ndar de un autom\u00f3vil. Le permite crear un sistema [&hellip;]<\/p>\n","protected":false},"featured_media":19830,"template":"","meta":{"inline_featured_image":false},"product_brand":[],"product_cat":[],"product_tag":[],"class_list":{"0":"post-15576","1":"product","2":"type-product","3":"status-publish","4":"has-post-thumbnail","7":"first","8":"outofstock","9":"taxable","10":"shipping-taxable","11":"product-type-simple"},"acf":[],"yoast_head":"<!-- This site is optimized with the Yoast SEO plugin v27.2 - https:\/\/yoast.com\/product\/yoast-seo-wordpress\/ -->\n<title>Tweeter Pride Harmony 25\u0421 - Pride Audio. USA Online store<\/title>\n<meta name=\"robots\" content=\"index, follow, max-snippet:-1, max-image-preview:large, max-video-preview:-1\" \/>\n<link rel=\"canonical\" href=\"https:\/\/pride.audio\/es\/producto\/tweeter-pride-harmony-25\u0441\/\" \/>\n<meta property=\"og:locale\" content=\"es_ES\" \/>\n<meta property=\"og:type\" content=\"article\" \/>\n<meta property=\"og:title\" content=\"Tweeter Pride Harmony 25\u0421 - Pride Audio. USA Online store\" \/>\n<meta property=\"og:description\" content=\"Tweeter Pride Harmony 25\u0421 \u00a1El modelo de tweeters de alta frecuencia Pride Harmony 25, de 1 pulgada, ya est\u00e1 disponible en el mercado de audio para autom\u00f3viles estadounidense! Suenan bien y combinan armoniosamente con altavoces no pop, y tambi\u00e9n son adecuados para su instalaci\u00f3n en lugares est\u00e1ndar de un autom\u00f3vil. Le permite crear un sistema [&hellip;]\" \/>\n<meta property=\"og:url\" content=\"https:\/\/pride.audio\/es\/producto\/tweeter-pride-harmony-25\u0441\/\" \/>\n<meta property=\"og:site_name\" content=\"Pride Audio. USA Online store\" \/>\n<meta property=\"og:image\" content=\"https:\/\/pride.audio\/wp-content\/uploads\/2020\/09\/IMG_1352.jpg\" \/>\n\t<meta property=\"og:image:width\" content=\"1290\" \/>\n\t<meta property=\"og:image:height\" content=\"1290\" \/>\n\t<meta property=\"og:image:type\" content=\"image\/jpeg\" \/>\n<meta name=\"twitter:card\" content=\"summary_large_image\" \/>\n<meta name=\"twitter:label1\" content=\"Tiempo de lectura\" \/>\n\t<meta name=\"twitter:data1\" content=\"1 minuto\" \/>\n<script type=\"application\/ld+json\" class=\"yoast-schema-graph\">{\"@context\":\"https:\/\/schema.org\",\"@graph\":[{\"@type\":\"WebPage\",\"@id\":\"https:\/\/pride.audio\/es\/producto\/tweeter-pride-harmony-25%d1%81\/\",\"url\":\"https:\/\/pride.audio\/es\/producto\/tweeter-pride-harmony-25%d1%81\/\",\"name\":\"Tweeter Pride Harmony 25\u0421 - Pride Audio. USA Online store\",\"isPartOf\":{\"@id\":\"https:\/\/pride.audio\/#website\"},\"primaryImageOfPage\":{\"@id\":\"https:\/\/pride.audio\/es\/producto\/tweeter-pride-harmony-25%d1%81\/#primaryimage\"},\"image\":{\"@id\":\"https:\/\/pride.audio\/es\/producto\/tweeter-pride-harmony-25%d1%81\/#primaryimage\"},\"thumbnailUrl\":\"https:\/\/pride.audio\/wp-content\/uploads\/2020\/09\/IMG_1352.jpg\",\"datePublished\":\"2020-09-26T00:49:20+00:00\",\"breadcrumb\":{\"@id\":\"https:\/\/pride.audio\/es\/producto\/tweeter-pride-harmony-25%d1%81\/#breadcrumb\"},\"inLanguage\":\"es\",\"potentialAction\":[{\"@type\":\"ReadAction\",\"target\":[\"https:\/\/pride.audio\/es\/producto\/tweeter-pride-harmony-25%d1%81\/\"]}]},{\"@type\":\"ImageObject\",\"inLanguage\":\"es\",\"@id\":\"https:\/\/pride.audio\/es\/producto\/tweeter-pride-harmony-25%d1%81\/#primaryimage\",\"url\":\"https:\/\/pride.audio\/wp-content\/uploads\/2020\/09\/IMG_1352.jpg\",\"contentUrl\":\"https:\/\/pride.audio\/wp-content\/uploads\/2020\/09\/IMG_1352.jpg\",\"width\":1290,\"height\":1290,\"caption\":\"Screenshot\"},{\"@type\":\"BreadcrumbList\",\"@id\":\"https:\/\/pride.audio\/es\/producto\/tweeter-pride-harmony-25%d1%81\/#breadcrumb\",\"itemListElement\":[{\"@type\":\"ListItem\",\"position\":1,\"name\":\"Home\",\"item\":\"https:\/\/pride.audio\/es\/\"},{\"@type\":\"ListItem\",\"position\":2,\"name\":\"Productos\",\"item\":\"https:\/\/pride.audio\/es\/productos\/\"},{\"@type\":\"ListItem\",\"position\":3,\"name\":\"Tweeter Pride Harmony 25\u0421\"}]},{\"@type\":\"WebSite\",\"@id\":\"https:\/\/pride.audio\/#website\",\"url\":\"https:\/\/pride.audio\/\",\"name\":\"Pride Audio. USA Online store\",\"description\":\"Pride Car Audio: Official site\",\"publisher\":{\"@id\":\"https:\/\/pride.audio\/#organization\"},\"potentialAction\":[{\"@type\":\"SearchAction\",\"target\":{\"@type\":\"EntryPoint\",\"urlTemplate\":\"https:\/\/pride.audio\/?s={search_term_string}\"},\"query-input\":{\"@type\":\"PropertyValueSpecification\",\"valueRequired\":true,\"valueName\":\"search_term_string\"}}],\"inLanguage\":\"es\"},{\"@type\":\"Organization\",\"@id\":\"https:\/\/pride.audio\/#organization\",\"name\":\"Pride Audio. USA Online store\",\"url\":\"https:\/\/pride.audio\/\",\"logo\":{\"@type\":\"ImageObject\",\"inLanguage\":\"es\",\"@id\":\"https:\/\/pride.audio\/#\/schema\/logo\/image\/\",\"url\":\"https:\/\/pride.audio\/wp-content\/uploads\/2023\/08\/g10.svg\",\"contentUrl\":\"https:\/\/pride.audio\/wp-content\/uploads\/2023\/08\/g10.svg\",\"width\":158,\"height\":34,\"caption\":\"Pride Audio. USA Online store\"},\"image\":{\"@id\":\"https:\/\/pride.audio\/#\/schema\/logo\/image\/\"}}]}<\/script>\n<!-- \/ Yoast SEO plugin. -->","yoast_head_json":{"title":"Tweeter Pride Harmony 25\u0421 - Pride Audio. USA Online store","robots":{"index":"index","follow":"follow","max-snippet":"max-snippet:-1","max-image-preview":"max-image-preview:large","max-video-preview":"max-video-preview:-1"},"canonical":"https:\/\/pride.audio\/es\/producto\/tweeter-pride-harmony-25\u0441\/","og_locale":"es_ES","og_type":"article","og_title":"Tweeter Pride Harmony 25\u0421 - Pride Audio. USA Online store","og_description":"Tweeter Pride Harmony 25\u0421 \u00a1El modelo de tweeters de alta frecuencia Pride Harmony 25, de 1 pulgada, ya est\u00e1 disponible en el mercado de audio para autom\u00f3viles estadounidense! Suenan bien y combinan armoniosamente con altavoces no pop, y tambi\u00e9n son adecuados para su instalaci\u00f3n en lugares est\u00e1ndar de un autom\u00f3vil. Le permite crear un sistema [&hellip;]","og_url":"https:\/\/pride.audio\/es\/producto\/tweeter-pride-harmony-25\u0441\/","og_site_name":"Pride Audio. USA Online store","og_image":[{"width":1290,"height":1290,"url":"https:\/\/pride.audio\/wp-content\/uploads\/2020\/09\/IMG_1352.jpg","type":"image\/jpeg"}],"twitter_card":"summary_large_image","twitter_misc":{"Tiempo de lectura":"1 minuto"},"schema":{"@context":"https:\/\/schema.org","@graph":[{"@type":"WebPage","@id":"https:\/\/pride.audio\/es\/producto\/tweeter-pride-harmony-25%d1%81\/","url":"https:\/\/pride.audio\/es\/producto\/tweeter-pride-harmony-25%d1%81\/","name":"Tweeter Pride Harmony 25\u0421 - Pride Audio. USA Online store","isPartOf":{"@id":"https:\/\/pride.audio\/#website"},"primaryImageOfPage":{"@id":"https:\/\/pride.audio\/es\/producto\/tweeter-pride-harmony-25%d1%81\/#primaryimage"},"image":{"@id":"https:\/\/pride.audio\/es\/producto\/tweeter-pride-harmony-25%d1%81\/#primaryimage"},"thumbnailUrl":"https:\/\/pride.audio\/wp-content\/uploads\/2020\/09\/IMG_1352.jpg","datePublished":"2020-09-26T00:49:20+00:00","breadcrumb":{"@id":"https:\/\/pride.audio\/es\/producto\/tweeter-pride-harmony-25%d1%81\/#breadcrumb"},"inLanguage":"es","potentialAction":[{"@type":"ReadAction","target":["https:\/\/pride.audio\/es\/producto\/tweeter-pride-harmony-25%d1%81\/"]}]},{"@type":"ImageObject","inLanguage":"es","@id":"https:\/\/pride.audio\/es\/producto\/tweeter-pride-harmony-25%d1%81\/#primaryimage","url":"https:\/\/pride.audio\/wp-content\/uploads\/2020\/09\/IMG_1352.jpg","contentUrl":"https:\/\/pride.audio\/wp-content\/uploads\/2020\/09\/IMG_1352.jpg","width":1290,"height":1290,"caption":"Screenshot"},{"@type":"BreadcrumbList","@id":"https:\/\/pride.audio\/es\/producto\/tweeter-pride-harmony-25%d1%81\/#breadcrumb","itemListElement":[{"@type":"ListItem","position":1,"name":"Home","item":"https:\/\/pride.audio\/es\/"},{"@type":"ListItem","position":2,"name":"Productos","item":"https:\/\/pride.audio\/es\/productos\/"},{"@type":"ListItem","position":3,"name":"Tweeter Pride Harmony 25\u0421"}]},{"@type":"WebSite","@id":"https:\/\/pride.audio\/#website","url":"https:\/\/pride.audio\/","name":"Pride Audio. USA Online store","description":"Pride Car Audio: Official site","publisher":{"@id":"https:\/\/pride.audio\/#organization"},"potentialAction":[{"@type":"SearchAction","target":{"@type":"EntryPoint","urlTemplate":"https:\/\/pride.audio\/?s={search_term_string}"},"query-input":{"@type":"PropertyValueSpecification","valueRequired":true,"valueName":"search_term_string"}}],"inLanguage":"es"},{"@type":"Organization","@id":"https:\/\/pride.audio\/#organization","name":"Pride Audio. USA Online store","url":"https:\/\/pride.audio\/","logo":{"@type":"ImageObject","inLanguage":"es","@id":"https:\/\/pride.audio\/#\/schema\/logo\/image\/","url":"https:\/\/pride.audio\/wp-content\/uploads\/2023\/08\/g10.svg","contentUrl":"https:\/\/pride.audio\/wp-content\/uploads\/2023\/08\/g10.svg","width":158,"height":34,"caption":"Pride Audio. USA Online store"},"image":{"@id":"https:\/\/pride.audio\/#\/schema\/logo\/image\/"}}]}},"_links":{"self":[{"href":"https:\/\/pride.audio\/es\/wp-json\/wp\/v2\/product\/15576","targetHints":{"allow":["GET"]}}],"collection":[{"href":"https:\/\/pride.audio\/es\/wp-json\/wp\/v2\/product"}],"about":[{"href":"https:\/\/pride.audio\/es\/wp-json\/wp\/v2\/types\/product"}],"wp:featuredmedia":[{"embeddable":true,"href":"https:\/\/pride.audio\/es\/wp-json\/wp\/v2\/media\/19830"}],"wp:attachment":[{"href":"https:\/\/pride.audio\/es\/wp-json\/wp\/v2\/media?parent=15576"}],"wp:term":[{"taxonomy":"product_brand","embeddable":true,"href":"https:\/\/pride.audio\/es\/wp-json\/wp\/v2\/product_brand?post=15576"},{"taxonomy":"product_cat","embeddable":true,"href":"https:\/\/pride.audio\/es\/wp-json\/wp\/v2\/product_cat?post=15576"},{"taxonomy":"product_tag","embeddable":true,"href":"https:\/\/pride.audio\/es\/wp-json\/wp\/v2\/product_tag?post=15576"}],"curies":[{"name":"wp","href":"https:\/\/api.w.org\/{rel}","templated":true}]}}