{"id":15470,"date":"2021-01-19T13:18:45","date_gmt":"2021-01-19T18:18:45","guid":{"rendered":"https:\/\/pride.audio\/product\/pride-onyx-5-v-2-rms-80w-tamano-5-pulgadas\/"},"modified":"2021-01-19T13:18:45","modified_gmt":"2021-01-19T11:18:45","slug":"pride-onyx-5-v-2-rms-80w-tamano-5-pulgadas","status":"publish","type":"product","link":"https:\/\/pride.audio\/es\/producto\/pride-onyx-5-v-2-rms-80w-tamano-5-pulgadas\/","title":{"rendered":"Pride Onyx 5&#8243; v.2 RMS 80W Tama\u00f1o 5 pulgadas"},"content":{"rendered":"<p><b>Pride Onyx 5\u2033 v.2<\/p>\n<p><\/b><span class=\"Y2IQFc\" lang=\"es\">Pride Onyx 5&#8243;v2 es un modelo de altavoces de la marca Pride Car Audio cuya tarea es satisfacer las necesidades del oyente en los casos en los que la \u00fanica soluci\u00f3n econ\u00f3mica posible parece ser la sustituci\u00f3n del actual sistema de audio de f\u00e1brica. El conjunto de piezas ha sido optimizado, permitiendo operar el altavoz tanto desde la unidad principal como desde amplificadores de potencia con una demanda de 80 W.<\/p>\n<p><\/span><span class=\"Y2IQFc\" lang=\"es\">Pride Onyx v2 esta es la segunda versi\u00f3n de los legendarios altavoces en tama\u00f1o de 5\u2033 de Pride.<\/p>\n<p>Potente sistema magn\u00e9tico de ferrita basado en un im\u00e1n premium. Alta sensibilidad con excelente sonido en una amplia banda de frecuencia.<\/p>\n<p><\/span><span class=\"Y2IQFc\" lang=\"es\">Rango de frecuencias reproducidas, Hz 125 \u2013 10000 Sonido equilibrado, alto y de alta calidad.<br \/>\nGran voz y voces. Como todos.<\/p>\n<p><\/span><span class=\"Y2IQFc\" lang=\"es\">Conjunto completo de ventas:<br \/>\nOnyx 5\u2033 v2 \u2013 1 par<br \/>\nJunta ABS 5\u2033 \u2013 2 piezas<br \/>\nCaja de carton<\/p>\n<p>Malla met\u00e1lica y aro de abs no incluidos.<\/span><\/p>\n<p><span class=\"Y2IQFc\" lang=\"es\">\u00a1Compre parlantes de la marca Pride Car Audio ahora y cambie el sistema de audio de su autom\u00f3vil para siempre!<\/span><\/p>\n<p><span class=\"Y2IQFc\" lang=\"es\">\u00a0<\/span><\/p>\n<p><span class=\"Y2IQFc\" lang=\"es\">\u00a0<\/span><\/p>\n<p><b>\u00a0<\/b><\/p>\n","protected":false},"excerpt":{"rendered":"<p>Pride Onyx 5\u2033 v.2 Pride Onyx 5&#8243;v2 es un modelo de altavoces de la marca Pride Car Audio cuya tarea es satisfacer las necesidades del oyente en los casos en los que la \u00fanica soluci\u00f3n econ\u00f3mica posible parece ser la sustituci\u00f3n del actual sistema de audio de f\u00e1brica. El conjunto de piezas ha sido optimizado, [&hellip;]<\/p>\n","protected":false},"featured_media":19154,"template":"","meta":{"inline_featured_image":false},"product_brand":[],"product_cat":[579,580],"product_tag":[],"class_list":{"0":"post-15470","1":"product","2":"type-product","3":"status-publish","4":"has-post-thumbnail","6":"product_cat-oradores","7":"product_cat-580","9":"first","10":"outofstock","11":"taxable","12":"shipping-taxable","13":"product-type-simple"},"acf":[],"yoast_head":"<!-- This site is optimized with the Yoast SEO plugin v27.5 - https:\/\/yoast.com\/product\/yoast-seo-wordpress\/ -->\n<title>Pride Onyx 5&quot; v.2 RMS 80W Tama\u00f1o 5 pulgadas - Pride Audio. USA Online store<\/title>\n<meta name=\"robots\" content=\"index, follow, max-snippet:-1, max-image-preview:large, max-video-preview:-1\" \/>\n<link rel=\"canonical\" href=\"https:\/\/pride.audio\/es\/producto\/pride-onyx-5-v-2-rms-80w-tamano-5-pulgadas\/\" \/>\n<meta property=\"og:locale\" content=\"es_ES\" \/>\n<meta property=\"og:type\" content=\"article\" \/>\n<meta property=\"og:title\" content=\"Pride Onyx 5&quot; v.2 RMS 80W Tama\u00f1o 5 pulgadas - Pride Audio. USA Online store\" \/>\n<meta property=\"og:description\" content=\"Pride Onyx 5\u2033 v.2 Pride Onyx 5&#8243;v2 es un modelo de altavoces de la marca Pride Car Audio cuya tarea es satisfacer las necesidades del oyente en los casos en los que la \u00fanica soluci\u00f3n econ\u00f3mica posible parece ser la sustituci\u00f3n del actual sistema de audio de f\u00e1brica. El conjunto de piezas ha sido optimizado, [&hellip;]\" \/>\n<meta property=\"og:url\" content=\"https:\/\/pride.audio\/es\/producto\/pride-onyx-5-v-2-rms-80w-tamano-5-pulgadas\/\" \/>\n<meta property=\"og:site_name\" content=\"Pride Audio. USA Online store\" \/>\n<meta property=\"og:image\" content=\"https:\/\/pride.audio\/wp-content\/uploads\/2021\/01\/IMG_5283.jpg\" \/>\n\t<meta property=\"og:image:width\" content=\"1290\" \/>\n\t<meta property=\"og:image:height\" content=\"1290\" \/>\n\t<meta property=\"og:image:type\" content=\"image\/jpeg\" \/>\n<meta name=\"twitter:card\" content=\"summary_large_image\" \/>\n<meta name=\"twitter:label1\" content=\"Tiempo de lectura\" \/>\n\t<meta name=\"twitter:data1\" content=\"1 minuto\" \/>\n<script type=\"application\/ld+json\" class=\"yoast-schema-graph\">{\"@context\":\"https:\\\/\\\/schema.org\",\"@graph\":[{\"@type\":\"WebPage\",\"@id\":\"https:\\\/\\\/pride.audio\\\/es\\\/producto\\\/pride-onyx-5-v-2-rms-80w-tamano-5-pulgadas\\\/\",\"url\":\"https:\\\/\\\/pride.audio\\\/es\\\/producto\\\/pride-onyx-5-v-2-rms-80w-tamano-5-pulgadas\\\/\",\"name\":\"Pride Onyx 5\\\" v.2 RMS 80W Tama\u00f1o 5 pulgadas - Pride Audio. USA Online store\",\"isPartOf\":{\"@id\":\"https:\\\/\\\/pride.audio\\\/#website\"},\"primaryImageOfPage\":{\"@id\":\"https:\\\/\\\/pride.audio\\\/es\\\/producto\\\/pride-onyx-5-v-2-rms-80w-tamano-5-pulgadas\\\/#primaryimage\"},\"image\":{\"@id\":\"https:\\\/\\\/pride.audio\\\/es\\\/producto\\\/pride-onyx-5-v-2-rms-80w-tamano-5-pulgadas\\\/#primaryimage\"},\"thumbnailUrl\":\"https:\\\/\\\/pride.audio\\\/wp-content\\\/uploads\\\/2021\\\/01\\\/IMG_5283.jpg\",\"datePublished\":\"2021-01-19T18:18:45+00:00\",\"breadcrumb\":{\"@id\":\"https:\\\/\\\/pride.audio\\\/es\\\/producto\\\/pride-onyx-5-v-2-rms-80w-tamano-5-pulgadas\\\/#breadcrumb\"},\"inLanguage\":\"es\",\"potentialAction\":[{\"@type\":\"ReadAction\",\"target\":[\"https:\\\/\\\/pride.audio\\\/es\\\/producto\\\/pride-onyx-5-v-2-rms-80w-tamano-5-pulgadas\\\/\"]}]},{\"@type\":\"ImageObject\",\"inLanguage\":\"es\",\"@id\":\"https:\\\/\\\/pride.audio\\\/es\\\/producto\\\/pride-onyx-5-v-2-rms-80w-tamano-5-pulgadas\\\/#primaryimage\",\"url\":\"https:\\\/\\\/pride.audio\\\/wp-content\\\/uploads\\\/2021\\\/01\\\/IMG_5283.jpg\",\"contentUrl\":\"https:\\\/\\\/pride.audio\\\/wp-content\\\/uploads\\\/2021\\\/01\\\/IMG_5283.jpg\",\"width\":1290,\"height\":1290,\"caption\":\"Screenshot\"},{\"@type\":\"BreadcrumbList\",\"@id\":\"https:\\\/\\\/pride.audio\\\/es\\\/producto\\\/pride-onyx-5-v-2-rms-80w-tamano-5-pulgadas\\\/#breadcrumb\",\"itemListElement\":[{\"@type\":\"ListItem\",\"position\":1,\"name\":\"Home\",\"item\":\"https:\\\/\\\/pride.audio\\\/es\\\/\"},{\"@type\":\"ListItem\",\"position\":2,\"name\":\"Productos\",\"item\":\"https:\\\/\\\/pride.audio\\\/es\\\/productos\\\/\"},{\"@type\":\"ListItem\",\"position\":3,\"name\":\"Pride Onyx 5&#8243; v.2 RMS 80W Tama\u00f1o 5 pulgadas\"}]},{\"@type\":\"WebSite\",\"@id\":\"https:\\\/\\\/pride.audio\\\/#website\",\"url\":\"https:\\\/\\\/pride.audio\\\/\",\"name\":\"Pride Audio. USA Online store\",\"description\":\"Pride Car Audio: Official site\",\"publisher\":{\"@id\":\"https:\\\/\\\/pride.audio\\\/#organization\"},\"potentialAction\":[{\"@type\":\"SearchAction\",\"target\":{\"@type\":\"EntryPoint\",\"urlTemplate\":\"https:\\\/\\\/pride.audio\\\/?s={search_term_string}\"},\"query-input\":{\"@type\":\"PropertyValueSpecification\",\"valueRequired\":true,\"valueName\":\"search_term_string\"}}],\"inLanguage\":\"es\"},{\"@type\":\"Organization\",\"@id\":\"https:\\\/\\\/pride.audio\\\/#organization\",\"name\":\"Pride Audio. USA Online store\",\"url\":\"https:\\\/\\\/pride.audio\\\/\",\"logo\":{\"@type\":\"ImageObject\",\"inLanguage\":\"es\",\"@id\":\"https:\\\/\\\/pride.audio\\\/#\\\/schema\\\/logo\\\/image\\\/\",\"url\":\"https:\\\/\\\/pride.audio\\\/wp-content\\\/uploads\\\/2023\\\/08\\\/g10.svg\",\"contentUrl\":\"https:\\\/\\\/pride.audio\\\/wp-content\\\/uploads\\\/2023\\\/08\\\/g10.svg\",\"width\":158,\"height\":34,\"caption\":\"Pride Audio. USA Online store\"},\"image\":{\"@id\":\"https:\\\/\\\/pride.audio\\\/#\\\/schema\\\/logo\\\/image\\\/\"}}]}<\/script>\n<!-- \/ Yoast SEO plugin. -->","yoast_head_json":{"title":"Pride Onyx 5\" v.2 RMS 80W Tama\u00f1o 5 pulgadas - Pride Audio. USA Online store","robots":{"index":"index","follow":"follow","max-snippet":"max-snippet:-1","max-image-preview":"max-image-preview:large","max-video-preview":"max-video-preview:-1"},"canonical":"https:\/\/pride.audio\/es\/producto\/pride-onyx-5-v-2-rms-80w-tamano-5-pulgadas\/","og_locale":"es_ES","og_type":"article","og_title":"Pride Onyx 5\" v.2 RMS 80W Tama\u00f1o 5 pulgadas - Pride Audio. USA Online store","og_description":"Pride Onyx 5\u2033 v.2 Pride Onyx 5&#8243;v2 es un modelo de altavoces de la marca Pride Car Audio cuya tarea es satisfacer las necesidades del oyente en los casos en los que la \u00fanica soluci\u00f3n econ\u00f3mica posible parece ser la sustituci\u00f3n del actual sistema de audio de f\u00e1brica. El conjunto de piezas ha sido optimizado, [&hellip;]","og_url":"https:\/\/pride.audio\/es\/producto\/pride-onyx-5-v-2-rms-80w-tamano-5-pulgadas\/","og_site_name":"Pride Audio. USA Online store","og_image":[{"width":1290,"height":1290,"url":"https:\/\/pride.audio\/wp-content\/uploads\/2021\/01\/IMG_5283.jpg","type":"image\/jpeg"}],"twitter_card":"summary_large_image","twitter_misc":{"Tiempo de lectura":"1 minuto"},"schema":{"@context":"https:\/\/schema.org","@graph":[{"@type":"WebPage","@id":"https:\/\/pride.audio\/es\/producto\/pride-onyx-5-v-2-rms-80w-tamano-5-pulgadas\/","url":"https:\/\/pride.audio\/es\/producto\/pride-onyx-5-v-2-rms-80w-tamano-5-pulgadas\/","name":"Pride Onyx 5\" v.2 RMS 80W Tama\u00f1o 5 pulgadas - Pride Audio. USA Online store","isPartOf":{"@id":"https:\/\/pride.audio\/#website"},"primaryImageOfPage":{"@id":"https:\/\/pride.audio\/es\/producto\/pride-onyx-5-v-2-rms-80w-tamano-5-pulgadas\/#primaryimage"},"image":{"@id":"https:\/\/pride.audio\/es\/producto\/pride-onyx-5-v-2-rms-80w-tamano-5-pulgadas\/#primaryimage"},"thumbnailUrl":"https:\/\/pride.audio\/wp-content\/uploads\/2021\/01\/IMG_5283.jpg","datePublished":"2021-01-19T18:18:45+00:00","breadcrumb":{"@id":"https:\/\/pride.audio\/es\/producto\/pride-onyx-5-v-2-rms-80w-tamano-5-pulgadas\/#breadcrumb"},"inLanguage":"es","potentialAction":[{"@type":"ReadAction","target":["https:\/\/pride.audio\/es\/producto\/pride-onyx-5-v-2-rms-80w-tamano-5-pulgadas\/"]}]},{"@type":"ImageObject","inLanguage":"es","@id":"https:\/\/pride.audio\/es\/producto\/pride-onyx-5-v-2-rms-80w-tamano-5-pulgadas\/#primaryimage","url":"https:\/\/pride.audio\/wp-content\/uploads\/2021\/01\/IMG_5283.jpg","contentUrl":"https:\/\/pride.audio\/wp-content\/uploads\/2021\/01\/IMG_5283.jpg","width":1290,"height":1290,"caption":"Screenshot"},{"@type":"BreadcrumbList","@id":"https:\/\/pride.audio\/es\/producto\/pride-onyx-5-v-2-rms-80w-tamano-5-pulgadas\/#breadcrumb","itemListElement":[{"@type":"ListItem","position":1,"name":"Home","item":"https:\/\/pride.audio\/es\/"},{"@type":"ListItem","position":2,"name":"Productos","item":"https:\/\/pride.audio\/es\/productos\/"},{"@type":"ListItem","position":3,"name":"Pride Onyx 5&#8243; v.2 RMS 80W Tama\u00f1o 5 pulgadas"}]},{"@type":"WebSite","@id":"https:\/\/pride.audio\/#website","url":"https:\/\/pride.audio\/","name":"Pride Audio. USA Online store","description":"Pride Car Audio: Official site","publisher":{"@id":"https:\/\/pride.audio\/#organization"},"potentialAction":[{"@type":"SearchAction","target":{"@type":"EntryPoint","urlTemplate":"https:\/\/pride.audio\/?s={search_term_string}"},"query-input":{"@type":"PropertyValueSpecification","valueRequired":true,"valueName":"search_term_string"}}],"inLanguage":"es"},{"@type":"Organization","@id":"https:\/\/pride.audio\/#organization","name":"Pride Audio. USA Online store","url":"https:\/\/pride.audio\/","logo":{"@type":"ImageObject","inLanguage":"es","@id":"https:\/\/pride.audio\/#\/schema\/logo\/image\/","url":"https:\/\/pride.audio\/wp-content\/uploads\/2023\/08\/g10.svg","contentUrl":"https:\/\/pride.audio\/wp-content\/uploads\/2023\/08\/g10.svg","width":158,"height":34,"caption":"Pride Audio. USA Online store"},"image":{"@id":"https:\/\/pride.audio\/#\/schema\/logo\/image\/"}}]}},"_links":{"self":[{"href":"https:\/\/pride.audio\/es\/wp-json\/wp\/v2\/product\/15470","targetHints":{"allow":["GET"]}}],"collection":[{"href":"https:\/\/pride.audio\/es\/wp-json\/wp\/v2\/product"}],"about":[{"href":"https:\/\/pride.audio\/es\/wp-json\/wp\/v2\/types\/product"}],"wp:featuredmedia":[{"embeddable":true,"href":"https:\/\/pride.audio\/es\/wp-json\/wp\/v2\/media\/19154"}],"wp:attachment":[{"href":"https:\/\/pride.audio\/es\/wp-json\/wp\/v2\/media?parent=15470"}],"wp:term":[{"taxonomy":"product_brand","embeddable":true,"href":"https:\/\/pride.audio\/es\/wp-json\/wp\/v2\/product_brand?post=15470"},{"taxonomy":"product_cat","embeddable":true,"href":"https:\/\/pride.audio\/es\/wp-json\/wp\/v2\/product_cat?post=15470"},{"taxonomy":"product_tag","embeddable":true,"href":"https:\/\/pride.audio\/es\/wp-json\/wp\/v2\/product_tag?post=15470"}],"curies":[{"name":"wp","href":"https:\/\/api.w.org\/{rel}","templated":true}]}}