{"id":15451,"date":"2021-01-19T13:22:52","date_gmt":"2021-01-19T18:22:52","guid":{"rendered":"https:\/\/pride.audio\/product\/altavoces-pride-diamond-8-v-2-rms-300w-tamano-8-pulgadas\/"},"modified":"2021-01-19T13:22:52","modified_gmt":"2021-01-19T11:22:52","slug":"altavoces-pride-diamond-8-v-2-rms-300w-tamano-8-pulgadas","status":"publish","type":"product","link":"https:\/\/pride.audio\/es\/producto\/altavoces-pride-diamond-8-v-2-rms-300w-tamano-8-pulgadas\/","title":{"rendered":"Altavoces Pride Diamond 8 v.2 RMS 300W Tama\u00f1o 8 pulgadas"},"content":{"rendered":"<p><strong>Altavoces Pride Diamond 8 v.2<\/strong><\/p>\n<p><span class=\"Y2IQFc\" lang=\"es\">Pride Diamond 8 v2 es la segunda versi\u00f3n de los legendarios parlantes, \u00a1que ya puedes comprar en el mercado americano! Potente sistema magn\u00e9tico h\u00edbrido basado en un im\u00e1n premium. Potencia nominal de 300 vatios.<\/p>\n<p><\/span><span class=\"Y2IQFc\" lang=\"es\">Alta sensibilidad con excelente sonido en una amplia banda de frecuencia. Rango de frecuencias reproducidas, Hz 125 \u2013 8000<\/p>\n<p><\/span><span class=\"Y2IQFc\" lang=\"es\">Otras caracter\u00edsticas de la nueva l\u00ednea Pride Diamond:<\/p>\n<p><\/span><span class=\"Y2IQFc\" lang=\"es\">Bobina m\u00f3vil de 1,75&#8243;<br \/>\nSistema magn\u00e9tico de ferrita basado en un im\u00e1n premium con un di\u00e1metro de 145 mm<br \/>\n<\/span><span class=\"Y2IQFc\" lang=\"es\">Peso del altavoz dentro de ~3 kg (similar a muchos modelos populares en el mercado)<br \/>\nLa peque\u00f1a profundidad de instalaci\u00f3n, menos de 80 mm (en realidad, 77 mm), simplificar\u00e1 significativamente el proceso de instalaci\u00f3n de una serie de altavoces en una puerta.<br \/>\nAlta sensibilidad, en la banda de 100-125Hz (24dB\/oct) a 6,3-8kHz (6dB\/oct) tanto para voz como para m\u00fasica electr\u00f3nica.<\/p>\n<p><\/span><span class=\"Y2IQFc\" lang=\"es\">Los 8 orificios de sujeci\u00f3n de la canasta con un elemento de sujeci\u00f3n especial hecho de pl\u00e1stico ABS le permiten fijar de forma segura el altavoz utilizando la malla protectora plana del difusor sin problemas desplazando la parte m\u00f3vil en una amplitud de hasta ~5 mm<\/p>\n<p><\/span><span class=\"Y2IQFc\" lang=\"es\">Potencia nominal 275W cuando el altavoz opera en la banda de 140Hz (24dB\/oct) a 8kHz (6dB\/oct)<br \/>\nExcelente sonido en una amplia banda de frecuencia<\/p>\n<p><\/span><span class=\"Y2IQFc\" lang=\"es\">Conjunto completo de ventas:<br \/>\nDiamond 8 v2 \u2013 1 par<br \/>\nJunta ABS 8\u2033 \u2013 2 piezas<br \/>\nCaja de carton<\/span><\/p>\n<p><span class=\"Y2IQFc\" lang=\"es\">\u00a0<\/span><\/p>\n","protected":false},"excerpt":{"rendered":"<p>Altavoces Pride Diamond 8 v.2 Pride Diamond 8 v2 es la segunda versi\u00f3n de los legendarios parlantes, \u00a1que ya puedes comprar en el mercado americano! Potente sistema magn\u00e9tico h\u00edbrido basado en un im\u00e1n premium. Potencia nominal de 300 vatios. Alta sensibilidad con excelente sonido en una amplia banda de frecuencia. Rango de frecuencias reproducidas, Hz [&hellip;]<\/p>\n","protected":false},"featured_media":18902,"template":"","meta":{"inline_featured_image":false},"product_brand":[],"product_cat":[],"product_tag":[],"class_list":{"0":"post-15451","1":"product","2":"type-product","3":"status-publish","4":"has-post-thumbnail","7":"first","8":"outofstock","9":"taxable","10":"shipping-taxable","11":"product-type-simple"},"acf":[],"yoast_head":"<!-- This site is optimized with the Yoast SEO plugin v27.3 - https:\/\/yoast.com\/product\/yoast-seo-wordpress\/ -->\n<title>Altavoces Pride Diamond 8 v.2 RMS 300W Tama\u00f1o 8 pulgadas - Pride Audio. USA Online store<\/title>\n<meta name=\"robots\" content=\"index, follow, max-snippet:-1, max-image-preview:large, max-video-preview:-1\" \/>\n<link rel=\"canonical\" href=\"https:\/\/pride.audio\/es\/producto\/altavoces-pride-diamond-8-v-2-rms-300w-tamano-8-pulgadas\/\" \/>\n<meta property=\"og:locale\" content=\"es_ES\" \/>\n<meta property=\"og:type\" content=\"article\" \/>\n<meta property=\"og:title\" content=\"Altavoces Pride Diamond 8 v.2 RMS 300W Tama\u00f1o 8 pulgadas - Pride Audio. USA Online store\" \/>\n<meta property=\"og:description\" content=\"Altavoces Pride Diamond 8 v.2 Pride Diamond 8 v2 es la segunda versi\u00f3n de los legendarios parlantes, \u00a1que ya puedes comprar en el mercado americano! Potente sistema magn\u00e9tico h\u00edbrido basado en un im\u00e1n premium. Potencia nominal de 300 vatios. Alta sensibilidad con excelente sonido en una amplia banda de frecuencia. Rango de frecuencias reproducidas, Hz [&hellip;]\" \/>\n<meta property=\"og:url\" content=\"https:\/\/pride.audio\/es\/producto\/altavoces-pride-diamond-8-v-2-rms-300w-tamano-8-pulgadas\/\" \/>\n<meta property=\"og:site_name\" content=\"Pride Audio. USA Online store\" \/>\n<meta property=\"og:image\" content=\"https:\/\/pride.audio\/wp-content\/uploads\/2021\/01\/IMG_2042.jpg\" \/>\n\t<meta property=\"og:image:width\" content=\"1077\" \/>\n\t<meta property=\"og:image:height\" content=\"1077\" \/>\n\t<meta property=\"og:image:type\" content=\"image\/jpeg\" \/>\n<meta name=\"twitter:card\" content=\"summary_large_image\" \/>\n<meta name=\"twitter:label1\" content=\"Tiempo de lectura\" \/>\n\t<meta name=\"twitter:data1\" content=\"1 minuto\" \/>\n<script type=\"application\/ld+json\" class=\"yoast-schema-graph\">{\"@context\":\"https:\\\/\\\/schema.org\",\"@graph\":[{\"@type\":\"WebPage\",\"@id\":\"https:\\\/\\\/pride.audio\\\/es\\\/producto\\\/altavoces-pride-diamond-8-v-2-rms-300w-tamano-8-pulgadas\\\/\",\"url\":\"https:\\\/\\\/pride.audio\\\/es\\\/producto\\\/altavoces-pride-diamond-8-v-2-rms-300w-tamano-8-pulgadas\\\/\",\"name\":\"Altavoces Pride Diamond 8 v.2 RMS 300W Tama\u00f1o 8 pulgadas - Pride Audio. USA Online store\",\"isPartOf\":{\"@id\":\"https:\\\/\\\/pride.audio\\\/#website\"},\"primaryImageOfPage\":{\"@id\":\"https:\\\/\\\/pride.audio\\\/es\\\/producto\\\/altavoces-pride-diamond-8-v-2-rms-300w-tamano-8-pulgadas\\\/#primaryimage\"},\"image\":{\"@id\":\"https:\\\/\\\/pride.audio\\\/es\\\/producto\\\/altavoces-pride-diamond-8-v-2-rms-300w-tamano-8-pulgadas\\\/#primaryimage\"},\"thumbnailUrl\":\"https:\\\/\\\/pride.audio\\\/wp-content\\\/uploads\\\/2021\\\/01\\\/IMG_2042.jpg\",\"datePublished\":\"2021-01-19T18:22:52+00:00\",\"breadcrumb\":{\"@id\":\"https:\\\/\\\/pride.audio\\\/es\\\/producto\\\/altavoces-pride-diamond-8-v-2-rms-300w-tamano-8-pulgadas\\\/#breadcrumb\"},\"inLanguage\":\"es\",\"potentialAction\":[{\"@type\":\"ReadAction\",\"target\":[\"https:\\\/\\\/pride.audio\\\/es\\\/producto\\\/altavoces-pride-diamond-8-v-2-rms-300w-tamano-8-pulgadas\\\/\"]}]},{\"@type\":\"ImageObject\",\"inLanguage\":\"es\",\"@id\":\"https:\\\/\\\/pride.audio\\\/es\\\/producto\\\/altavoces-pride-diamond-8-v-2-rms-300w-tamano-8-pulgadas\\\/#primaryimage\",\"url\":\"https:\\\/\\\/pride.audio\\\/wp-content\\\/uploads\\\/2021\\\/01\\\/IMG_2042.jpg\",\"contentUrl\":\"https:\\\/\\\/pride.audio\\\/wp-content\\\/uploads\\\/2021\\\/01\\\/IMG_2042.jpg\",\"width\":1077,\"height\":1077,\"caption\":\"Screenshot\"},{\"@type\":\"BreadcrumbList\",\"@id\":\"https:\\\/\\\/pride.audio\\\/es\\\/producto\\\/altavoces-pride-diamond-8-v-2-rms-300w-tamano-8-pulgadas\\\/#breadcrumb\",\"itemListElement\":[{\"@type\":\"ListItem\",\"position\":1,\"name\":\"Home\",\"item\":\"https:\\\/\\\/pride.audio\\\/es\\\/\"},{\"@type\":\"ListItem\",\"position\":2,\"name\":\"Productos\",\"item\":\"https:\\\/\\\/pride.audio\\\/es\\\/productos\\\/\"},{\"@type\":\"ListItem\",\"position\":3,\"name\":\"Altavoces Pride Diamond 8 v.2 RMS 300W Tama\u00f1o 8 pulgadas\"}]},{\"@type\":\"WebSite\",\"@id\":\"https:\\\/\\\/pride.audio\\\/#website\",\"url\":\"https:\\\/\\\/pride.audio\\\/\",\"name\":\"Pride Audio. USA Online store\",\"description\":\"Pride Car Audio: Official site\",\"publisher\":{\"@id\":\"https:\\\/\\\/pride.audio\\\/#organization\"},\"potentialAction\":[{\"@type\":\"SearchAction\",\"target\":{\"@type\":\"EntryPoint\",\"urlTemplate\":\"https:\\\/\\\/pride.audio\\\/?s={search_term_string}\"},\"query-input\":{\"@type\":\"PropertyValueSpecification\",\"valueRequired\":true,\"valueName\":\"search_term_string\"}}],\"inLanguage\":\"es\"},{\"@type\":\"Organization\",\"@id\":\"https:\\\/\\\/pride.audio\\\/#organization\",\"name\":\"Pride Audio. USA Online store\",\"url\":\"https:\\\/\\\/pride.audio\\\/\",\"logo\":{\"@type\":\"ImageObject\",\"inLanguage\":\"es\",\"@id\":\"https:\\\/\\\/pride.audio\\\/#\\\/schema\\\/logo\\\/image\\\/\",\"url\":\"https:\\\/\\\/pride.audio\\\/wp-content\\\/uploads\\\/2023\\\/08\\\/g10.svg\",\"contentUrl\":\"https:\\\/\\\/pride.audio\\\/wp-content\\\/uploads\\\/2023\\\/08\\\/g10.svg\",\"width\":158,\"height\":34,\"caption\":\"Pride Audio. USA Online store\"},\"image\":{\"@id\":\"https:\\\/\\\/pride.audio\\\/#\\\/schema\\\/logo\\\/image\\\/\"}}]}<\/script>\n<!-- \/ Yoast SEO plugin. -->","yoast_head_json":{"title":"Altavoces Pride Diamond 8 v.2 RMS 300W Tama\u00f1o 8 pulgadas - Pride Audio. USA Online store","robots":{"index":"index","follow":"follow","max-snippet":"max-snippet:-1","max-image-preview":"max-image-preview:large","max-video-preview":"max-video-preview:-1"},"canonical":"https:\/\/pride.audio\/es\/producto\/altavoces-pride-diamond-8-v-2-rms-300w-tamano-8-pulgadas\/","og_locale":"es_ES","og_type":"article","og_title":"Altavoces Pride Diamond 8 v.2 RMS 300W Tama\u00f1o 8 pulgadas - Pride Audio. USA Online store","og_description":"Altavoces Pride Diamond 8 v.2 Pride Diamond 8 v2 es la segunda versi\u00f3n de los legendarios parlantes, \u00a1que ya puedes comprar en el mercado americano! Potente sistema magn\u00e9tico h\u00edbrido basado en un im\u00e1n premium. Potencia nominal de 300 vatios. Alta sensibilidad con excelente sonido en una amplia banda de frecuencia. Rango de frecuencias reproducidas, Hz [&hellip;]","og_url":"https:\/\/pride.audio\/es\/producto\/altavoces-pride-diamond-8-v-2-rms-300w-tamano-8-pulgadas\/","og_site_name":"Pride Audio. USA Online store","og_image":[{"width":1077,"height":1077,"url":"https:\/\/pride.audio\/wp-content\/uploads\/2021\/01\/IMG_2042.jpg","type":"image\/jpeg"}],"twitter_card":"summary_large_image","twitter_misc":{"Tiempo de lectura":"1 minuto"},"schema":{"@context":"https:\/\/schema.org","@graph":[{"@type":"WebPage","@id":"https:\/\/pride.audio\/es\/producto\/altavoces-pride-diamond-8-v-2-rms-300w-tamano-8-pulgadas\/","url":"https:\/\/pride.audio\/es\/producto\/altavoces-pride-diamond-8-v-2-rms-300w-tamano-8-pulgadas\/","name":"Altavoces Pride Diamond 8 v.2 RMS 300W Tama\u00f1o 8 pulgadas - Pride Audio. USA Online store","isPartOf":{"@id":"https:\/\/pride.audio\/#website"},"primaryImageOfPage":{"@id":"https:\/\/pride.audio\/es\/producto\/altavoces-pride-diamond-8-v-2-rms-300w-tamano-8-pulgadas\/#primaryimage"},"image":{"@id":"https:\/\/pride.audio\/es\/producto\/altavoces-pride-diamond-8-v-2-rms-300w-tamano-8-pulgadas\/#primaryimage"},"thumbnailUrl":"https:\/\/pride.audio\/wp-content\/uploads\/2021\/01\/IMG_2042.jpg","datePublished":"2021-01-19T18:22:52+00:00","breadcrumb":{"@id":"https:\/\/pride.audio\/es\/producto\/altavoces-pride-diamond-8-v-2-rms-300w-tamano-8-pulgadas\/#breadcrumb"},"inLanguage":"es","potentialAction":[{"@type":"ReadAction","target":["https:\/\/pride.audio\/es\/producto\/altavoces-pride-diamond-8-v-2-rms-300w-tamano-8-pulgadas\/"]}]},{"@type":"ImageObject","inLanguage":"es","@id":"https:\/\/pride.audio\/es\/producto\/altavoces-pride-diamond-8-v-2-rms-300w-tamano-8-pulgadas\/#primaryimage","url":"https:\/\/pride.audio\/wp-content\/uploads\/2021\/01\/IMG_2042.jpg","contentUrl":"https:\/\/pride.audio\/wp-content\/uploads\/2021\/01\/IMG_2042.jpg","width":1077,"height":1077,"caption":"Screenshot"},{"@type":"BreadcrumbList","@id":"https:\/\/pride.audio\/es\/producto\/altavoces-pride-diamond-8-v-2-rms-300w-tamano-8-pulgadas\/#breadcrumb","itemListElement":[{"@type":"ListItem","position":1,"name":"Home","item":"https:\/\/pride.audio\/es\/"},{"@type":"ListItem","position":2,"name":"Productos","item":"https:\/\/pride.audio\/es\/productos\/"},{"@type":"ListItem","position":3,"name":"Altavoces Pride Diamond 8 v.2 RMS 300W Tama\u00f1o 8 pulgadas"}]},{"@type":"WebSite","@id":"https:\/\/pride.audio\/#website","url":"https:\/\/pride.audio\/","name":"Pride Audio. USA Online store","description":"Pride Car Audio: Official site","publisher":{"@id":"https:\/\/pride.audio\/#organization"},"potentialAction":[{"@type":"SearchAction","target":{"@type":"EntryPoint","urlTemplate":"https:\/\/pride.audio\/?s={search_term_string}"},"query-input":{"@type":"PropertyValueSpecification","valueRequired":true,"valueName":"search_term_string"}}],"inLanguage":"es"},{"@type":"Organization","@id":"https:\/\/pride.audio\/#organization","name":"Pride Audio. USA Online store","url":"https:\/\/pride.audio\/","logo":{"@type":"ImageObject","inLanguage":"es","@id":"https:\/\/pride.audio\/#\/schema\/logo\/image\/","url":"https:\/\/pride.audio\/wp-content\/uploads\/2023\/08\/g10.svg","contentUrl":"https:\/\/pride.audio\/wp-content\/uploads\/2023\/08\/g10.svg","width":158,"height":34,"caption":"Pride Audio. USA Online store"},"image":{"@id":"https:\/\/pride.audio\/#\/schema\/logo\/image\/"}}]}},"_links":{"self":[{"href":"https:\/\/pride.audio\/es\/wp-json\/wp\/v2\/product\/15451","targetHints":{"allow":["GET"]}}],"collection":[{"href":"https:\/\/pride.audio\/es\/wp-json\/wp\/v2\/product"}],"about":[{"href":"https:\/\/pride.audio\/es\/wp-json\/wp\/v2\/types\/product"}],"wp:featuredmedia":[{"embeddable":true,"href":"https:\/\/pride.audio\/es\/wp-json\/wp\/v2\/media\/18902"}],"wp:attachment":[{"href":"https:\/\/pride.audio\/es\/wp-json\/wp\/v2\/media?parent=15451"}],"wp:term":[{"taxonomy":"product_brand","embeddable":true,"href":"https:\/\/pride.audio\/es\/wp-json\/wp\/v2\/product_brand?post=15451"},{"taxonomy":"product_cat","embeddable":true,"href":"https:\/\/pride.audio\/es\/wp-json\/wp\/v2\/product_cat?post=15451"},{"taxonomy":"product_tag","embeddable":true,"href":"https:\/\/pride.audio\/es\/wp-json\/wp\/v2\/product_tag?post=15451"}],"curies":[{"name":"wp","href":"https:\/\/api.w.org\/{rel}","templated":true}]}}