{"id":15423,"date":"2021-10-29T09:03:12","date_gmt":"2021-10-29T14:03:12","guid":{"rendered":"https:\/\/pride.audio\/product\/altavoces-pride-ruby-8-v2-rms-200w-tamano-8-pulgadas\/"},"modified":"2021-10-29T09:03:12","modified_gmt":"2021-10-29T07:03:12","slug":"altavoces-pride-ruby-8-v2-rms-200w-tamano-8-pulgadas","status":"publish","type":"product","link":"https:\/\/pride.audio\/es\/producto\/altavoces-pride-ruby-8-v2-rms-200w-tamano-8-pulgadas\/","title":{"rendered":"Altavoces Pride Ruby 8 v2 RMS 200W Tama\u00f1o 8 pulgadas"},"content":{"rendered":"<p><strong>Altavoces Pride Ruby 8 v2<\/p>\n<p><\/strong><span class=\"Y2IQFc\" lang=\"es\">Pride Ruby 8 &#8220;v2 es la ac\u00fastica ruidosa de rango medio de la serie Pride Ruby. El modelo se caracteriza por el sonido m\u00e1s detallado a un excelente nivel de volumen. Seg\u00fan el fabricante Ruby, este altavoz es el m\u00e1s agradable&#8221; de o\u00eddo &#8220;de todos Gama de productos Los altavoces est\u00e1n equipados con redes protectoras.<\/p>\n<p><\/span><span class=\"Y2IQFc\" lang=\"es\">Rango de frecuencias reproducidas, Hz 120 &#8211; 8000<br \/>\nSonido equilibrado, alto y de alta calidad.<br \/>\nGran voz y voces. Como todos.<\/p>\n<p><\/span><span class=\"Y2IQFc\" lang=\"es\">Conjunto completo de ventas:<br \/>\nRuby Ruby 8 v2 &#8211; 1 par<br \/>\nJunta ABS 8&#8243; &#8211; 2 piezas<br \/>\nCaja de carton<\/span><\/p>\n","protected":false},"excerpt":{"rendered":"<p>Altavoces Pride Ruby 8 v2 Pride Ruby 8 &#8220;v2 es la ac\u00fastica ruidosa de rango medio de la serie Pride Ruby. El modelo se caracteriza por el sonido m\u00e1s detallado a un excelente nivel de volumen. Seg\u00fan el fabricante Ruby, este altavoz es el m\u00e1s agradable&#8221; de o\u00eddo &#8220;de todos Gama de productos Los altavoces [&hellip;]<\/p>\n","protected":false},"featured_media":18890,"template":"","meta":{"inline_featured_image":false},"product_brand":[],"product_cat":[579,582],"product_tag":[],"class_list":{"0":"post-15423","1":"product","2":"type-product","3":"status-publish","4":"has-post-thumbnail","6":"product_cat-oradores","7":"product_cat-582","9":"first","10":"outofstock","11":"taxable","12":"shipping-taxable","13":"product-type-simple"},"acf":[],"yoast_head":"<!-- This site is optimized with the Yoast SEO plugin v27.3 - https:\/\/yoast.com\/product\/yoast-seo-wordpress\/ -->\n<title>Altavoces Pride Ruby 8 v2 RMS 200W Tama\u00f1o 8 pulgadas - Pride Audio. USA Online store<\/title>\n<meta name=\"robots\" content=\"index, follow, max-snippet:-1, max-image-preview:large, max-video-preview:-1\" \/>\n<link rel=\"canonical\" href=\"https:\/\/pride.audio\/es\/producto\/altavoces-pride-ruby-8-v2-rms-200w-tamano-8-pulgadas\/\" \/>\n<meta property=\"og:locale\" content=\"es_ES\" \/>\n<meta property=\"og:type\" content=\"article\" \/>\n<meta property=\"og:title\" content=\"Altavoces Pride Ruby 8 v2 RMS 200W Tama\u00f1o 8 pulgadas - Pride Audio. USA Online store\" \/>\n<meta property=\"og:description\" content=\"Altavoces Pride Ruby 8 v2 Pride Ruby 8 &#8220;v2 es la ac\u00fastica ruidosa de rango medio de la serie Pride Ruby. El modelo se caracteriza por el sonido m\u00e1s detallado a un excelente nivel de volumen. Seg\u00fan el fabricante Ruby, este altavoz es el m\u00e1s agradable&#8221; de o\u00eddo &#8220;de todos Gama de productos Los altavoces [&hellip;]\" \/>\n<meta property=\"og:url\" content=\"https:\/\/pride.audio\/es\/producto\/altavoces-pride-ruby-8-v2-rms-200w-tamano-8-pulgadas\/\" \/>\n<meta property=\"og:site_name\" content=\"Pride Audio. USA Online store\" \/>\n<meta property=\"og:image\" content=\"https:\/\/pride.audio\/wp-content\/uploads\/2021\/10\/IMG_2036.jpg\" \/>\n\t<meta property=\"og:image:width\" content=\"1170\" \/>\n\t<meta property=\"og:image:height\" content=\"1170\" \/>\n\t<meta property=\"og:image:type\" content=\"image\/jpeg\" \/>\n<meta name=\"twitter:card\" content=\"summary_large_image\" \/>\n<script type=\"application\/ld+json\" class=\"yoast-schema-graph\">{\"@context\":\"https:\\\/\\\/schema.org\",\"@graph\":[{\"@type\":\"WebPage\",\"@id\":\"https:\\\/\\\/pride.audio\\\/es\\\/producto\\\/altavoces-pride-ruby-8-v2-rms-200w-tamano-8-pulgadas\\\/\",\"url\":\"https:\\\/\\\/pride.audio\\\/es\\\/producto\\\/altavoces-pride-ruby-8-v2-rms-200w-tamano-8-pulgadas\\\/\",\"name\":\"Altavoces Pride Ruby 8 v2 RMS 200W Tama\u00f1o 8 pulgadas - Pride Audio. USA Online store\",\"isPartOf\":{\"@id\":\"https:\\\/\\\/pride.audio\\\/#website\"},\"primaryImageOfPage\":{\"@id\":\"https:\\\/\\\/pride.audio\\\/es\\\/producto\\\/altavoces-pride-ruby-8-v2-rms-200w-tamano-8-pulgadas\\\/#primaryimage\"},\"image\":{\"@id\":\"https:\\\/\\\/pride.audio\\\/es\\\/producto\\\/altavoces-pride-ruby-8-v2-rms-200w-tamano-8-pulgadas\\\/#primaryimage\"},\"thumbnailUrl\":\"https:\\\/\\\/pride.audio\\\/wp-content\\\/uploads\\\/2021\\\/10\\\/IMG_2036.jpg\",\"datePublished\":\"2021-10-29T14:03:12+00:00\",\"breadcrumb\":{\"@id\":\"https:\\\/\\\/pride.audio\\\/es\\\/producto\\\/altavoces-pride-ruby-8-v2-rms-200w-tamano-8-pulgadas\\\/#breadcrumb\"},\"inLanguage\":\"es\",\"potentialAction\":[{\"@type\":\"ReadAction\",\"target\":[\"https:\\\/\\\/pride.audio\\\/es\\\/producto\\\/altavoces-pride-ruby-8-v2-rms-200w-tamano-8-pulgadas\\\/\"]}]},{\"@type\":\"ImageObject\",\"inLanguage\":\"es\",\"@id\":\"https:\\\/\\\/pride.audio\\\/es\\\/producto\\\/altavoces-pride-ruby-8-v2-rms-200w-tamano-8-pulgadas\\\/#primaryimage\",\"url\":\"https:\\\/\\\/pride.audio\\\/wp-content\\\/uploads\\\/2021\\\/10\\\/IMG_2036.jpg\",\"contentUrl\":\"https:\\\/\\\/pride.audio\\\/wp-content\\\/uploads\\\/2021\\\/10\\\/IMG_2036.jpg\",\"width\":1170,\"height\":1170,\"caption\":\"Screenshot\"},{\"@type\":\"BreadcrumbList\",\"@id\":\"https:\\\/\\\/pride.audio\\\/es\\\/producto\\\/altavoces-pride-ruby-8-v2-rms-200w-tamano-8-pulgadas\\\/#breadcrumb\",\"itemListElement\":[{\"@type\":\"ListItem\",\"position\":1,\"name\":\"Home\",\"item\":\"https:\\\/\\\/pride.audio\\\/es\\\/\"},{\"@type\":\"ListItem\",\"position\":2,\"name\":\"Productos\",\"item\":\"https:\\\/\\\/pride.audio\\\/es\\\/productos\\\/\"},{\"@type\":\"ListItem\",\"position\":3,\"name\":\"Altavoces Pride Ruby 8 v2 RMS 200W Tama\u00f1o 8 pulgadas\"}]},{\"@type\":\"WebSite\",\"@id\":\"https:\\\/\\\/pride.audio\\\/#website\",\"url\":\"https:\\\/\\\/pride.audio\\\/\",\"name\":\"Pride Audio. USA Online store\",\"description\":\"Pride Car Audio: Official site\",\"publisher\":{\"@id\":\"https:\\\/\\\/pride.audio\\\/#organization\"},\"potentialAction\":[{\"@type\":\"SearchAction\",\"target\":{\"@type\":\"EntryPoint\",\"urlTemplate\":\"https:\\\/\\\/pride.audio\\\/?s={search_term_string}\"},\"query-input\":{\"@type\":\"PropertyValueSpecification\",\"valueRequired\":true,\"valueName\":\"search_term_string\"}}],\"inLanguage\":\"es\"},{\"@type\":\"Organization\",\"@id\":\"https:\\\/\\\/pride.audio\\\/#organization\",\"name\":\"Pride Audio. USA Online store\",\"url\":\"https:\\\/\\\/pride.audio\\\/\",\"logo\":{\"@type\":\"ImageObject\",\"inLanguage\":\"es\",\"@id\":\"https:\\\/\\\/pride.audio\\\/#\\\/schema\\\/logo\\\/image\\\/\",\"url\":\"https:\\\/\\\/pride.audio\\\/wp-content\\\/uploads\\\/2023\\\/08\\\/g10.svg\",\"contentUrl\":\"https:\\\/\\\/pride.audio\\\/wp-content\\\/uploads\\\/2023\\\/08\\\/g10.svg\",\"width\":158,\"height\":34,\"caption\":\"Pride Audio. USA Online store\"},\"image\":{\"@id\":\"https:\\\/\\\/pride.audio\\\/#\\\/schema\\\/logo\\\/image\\\/\"}}]}<\/script>\n<!-- \/ Yoast SEO plugin. -->","yoast_head_json":{"title":"Altavoces Pride Ruby 8 v2 RMS 200W Tama\u00f1o 8 pulgadas - Pride Audio. USA Online store","robots":{"index":"index","follow":"follow","max-snippet":"max-snippet:-1","max-image-preview":"max-image-preview:large","max-video-preview":"max-video-preview:-1"},"canonical":"https:\/\/pride.audio\/es\/producto\/altavoces-pride-ruby-8-v2-rms-200w-tamano-8-pulgadas\/","og_locale":"es_ES","og_type":"article","og_title":"Altavoces Pride Ruby 8 v2 RMS 200W Tama\u00f1o 8 pulgadas - Pride Audio. USA Online store","og_description":"Altavoces Pride Ruby 8 v2 Pride Ruby 8 &#8220;v2 es la ac\u00fastica ruidosa de rango medio de la serie Pride Ruby. El modelo se caracteriza por el sonido m\u00e1s detallado a un excelente nivel de volumen. Seg\u00fan el fabricante Ruby, este altavoz es el m\u00e1s agradable&#8221; de o\u00eddo &#8220;de todos Gama de productos Los altavoces [&hellip;]","og_url":"https:\/\/pride.audio\/es\/producto\/altavoces-pride-ruby-8-v2-rms-200w-tamano-8-pulgadas\/","og_site_name":"Pride Audio. USA Online store","og_image":[{"width":1170,"height":1170,"url":"https:\/\/pride.audio\/wp-content\/uploads\/2021\/10\/IMG_2036.jpg","type":"image\/jpeg"}],"twitter_card":"summary_large_image","schema":{"@context":"https:\/\/schema.org","@graph":[{"@type":"WebPage","@id":"https:\/\/pride.audio\/es\/producto\/altavoces-pride-ruby-8-v2-rms-200w-tamano-8-pulgadas\/","url":"https:\/\/pride.audio\/es\/producto\/altavoces-pride-ruby-8-v2-rms-200w-tamano-8-pulgadas\/","name":"Altavoces Pride Ruby 8 v2 RMS 200W Tama\u00f1o 8 pulgadas - Pride Audio. USA Online store","isPartOf":{"@id":"https:\/\/pride.audio\/#website"},"primaryImageOfPage":{"@id":"https:\/\/pride.audio\/es\/producto\/altavoces-pride-ruby-8-v2-rms-200w-tamano-8-pulgadas\/#primaryimage"},"image":{"@id":"https:\/\/pride.audio\/es\/producto\/altavoces-pride-ruby-8-v2-rms-200w-tamano-8-pulgadas\/#primaryimage"},"thumbnailUrl":"https:\/\/pride.audio\/wp-content\/uploads\/2021\/10\/IMG_2036.jpg","datePublished":"2021-10-29T14:03:12+00:00","breadcrumb":{"@id":"https:\/\/pride.audio\/es\/producto\/altavoces-pride-ruby-8-v2-rms-200w-tamano-8-pulgadas\/#breadcrumb"},"inLanguage":"es","potentialAction":[{"@type":"ReadAction","target":["https:\/\/pride.audio\/es\/producto\/altavoces-pride-ruby-8-v2-rms-200w-tamano-8-pulgadas\/"]}]},{"@type":"ImageObject","inLanguage":"es","@id":"https:\/\/pride.audio\/es\/producto\/altavoces-pride-ruby-8-v2-rms-200w-tamano-8-pulgadas\/#primaryimage","url":"https:\/\/pride.audio\/wp-content\/uploads\/2021\/10\/IMG_2036.jpg","contentUrl":"https:\/\/pride.audio\/wp-content\/uploads\/2021\/10\/IMG_2036.jpg","width":1170,"height":1170,"caption":"Screenshot"},{"@type":"BreadcrumbList","@id":"https:\/\/pride.audio\/es\/producto\/altavoces-pride-ruby-8-v2-rms-200w-tamano-8-pulgadas\/#breadcrumb","itemListElement":[{"@type":"ListItem","position":1,"name":"Home","item":"https:\/\/pride.audio\/es\/"},{"@type":"ListItem","position":2,"name":"Productos","item":"https:\/\/pride.audio\/es\/productos\/"},{"@type":"ListItem","position":3,"name":"Altavoces Pride Ruby 8 v2 RMS 200W Tama\u00f1o 8 pulgadas"}]},{"@type":"WebSite","@id":"https:\/\/pride.audio\/#website","url":"https:\/\/pride.audio\/","name":"Pride Audio. USA Online store","description":"Pride Car Audio: Official site","publisher":{"@id":"https:\/\/pride.audio\/#organization"},"potentialAction":[{"@type":"SearchAction","target":{"@type":"EntryPoint","urlTemplate":"https:\/\/pride.audio\/?s={search_term_string}"},"query-input":{"@type":"PropertyValueSpecification","valueRequired":true,"valueName":"search_term_string"}}],"inLanguage":"es"},{"@type":"Organization","@id":"https:\/\/pride.audio\/#organization","name":"Pride Audio. USA Online store","url":"https:\/\/pride.audio\/","logo":{"@type":"ImageObject","inLanguage":"es","@id":"https:\/\/pride.audio\/#\/schema\/logo\/image\/","url":"https:\/\/pride.audio\/wp-content\/uploads\/2023\/08\/g10.svg","contentUrl":"https:\/\/pride.audio\/wp-content\/uploads\/2023\/08\/g10.svg","width":158,"height":34,"caption":"Pride Audio. USA Online store"},"image":{"@id":"https:\/\/pride.audio\/#\/schema\/logo\/image\/"}}]}},"_links":{"self":[{"href":"https:\/\/pride.audio\/es\/wp-json\/wp\/v2\/product\/15423","targetHints":{"allow":["GET"]}}],"collection":[{"href":"https:\/\/pride.audio\/es\/wp-json\/wp\/v2\/product"}],"about":[{"href":"https:\/\/pride.audio\/es\/wp-json\/wp\/v2\/types\/product"}],"wp:featuredmedia":[{"embeddable":true,"href":"https:\/\/pride.audio\/es\/wp-json\/wp\/v2\/media\/18890"}],"wp:attachment":[{"href":"https:\/\/pride.audio\/es\/wp-json\/wp\/v2\/media?parent=15423"}],"wp:term":[{"taxonomy":"product_brand","embeddable":true,"href":"https:\/\/pride.audio\/es\/wp-json\/wp\/v2\/product_brand?post=15423"},{"taxonomy":"product_cat","embeddable":true,"href":"https:\/\/pride.audio\/es\/wp-json\/wp\/v2\/product_cat?post=15423"},{"taxonomy":"product_tag","embeddable":true,"href":"https:\/\/pride.audio\/es\/wp-json\/wp\/v2\/product_tag?post=15423"}],"curies":[{"name":"wp","href":"https:\/\/api.w.org\/{rel}","templated":true}]}}