{"id":15409,"date":"2021-11-30T00:13:28","date_gmt":"2021-11-30T05:13:28","guid":{"rendered":"https:\/\/pride.audio\/product\/altavoces-ruby-6-5-performance-rms-200w-tamano-65-pulgadas\/"},"modified":"2021-11-30T00:13:28","modified_gmt":"2021-11-29T22:13:28","slug":"altavoces-ruby-6-5-performance-rms-200w-tamano-65-pulgadas","status":"publish","type":"product","link":"https:\/\/pride.audio\/es\/producto\/altavoces-ruby-6-5-performance-rms-200w-tamano-65-pulgadas\/","title":{"rendered":"Altavoces Ruby 6.5 Performance RMS 200W Tama\u00f1o 6,5 pulgadas"},"content":{"rendered":"<p class=\"tw-data-text tw-text-large tw-ta\" dir=\"ltr\" data-placeholder=\"\u041f\u0435\u0440\u0435\u0432\u043e\u0434\" aria-label=\"\u041f\u0435\u0440\u0435\u0432\u0435\u0434\u0435\u043d\u043d\u044b\u0439 \u0442\u0435\u043a\u0441\u0442\" data-ved=\"2ahUKEwjut-LXv6CFAxV-FBAIHYNgBoUQ3ewLegQICBAU\"><span class=\"Y2IQFc\" lang=\"es\"><strong>Altavoces Ruby 6.5 Performance<\/strong><\/p>\n<p><\/span><span class=\"Y2IQFc\" lang=\"es\">Nuevo y con un sonido fant\u00e1stico: RUBY PERFORMANCE en tama\u00f1o de 6,5&#8221;. Esta l\u00ednea de parlantes combina lo mejor en sonido, confiabilidad y tecnolog\u00eda de punta.<\/p>\n<p><\/span><span class=\"Y2IQFc\" lang=\"es\">Hemos obtenido una plataforma modular cuyo vuelo de fantas\u00eda no tiene l\u00edmites. Puede \u201cpersonalizar\u201d el altavoz en una amplia gama de soluciones<\/p>\n<p><\/span><span class=\"Y2IQFc\" lang=\"es\">Los parlantes Ruby 6.5 Perfomance tienen un nuevo marco, que no solo se destaca visualmente, sino que tambi\u00e9n funciona para enfriar todo el MS, y tambi\u00e9n une con precisi\u00f3n el elemento estructural, actuando como un &#8220;conductor&#8221; para el ensamblaje. Incluso puedes instalar dos tipos de kits de tuning. Como resultado, ambos OverBoost cambian las caracter\u00edsticas del altavoz en la direcci\u00f3n requerida, tanto el im\u00e1n adicional en el MS instalado en el n\u00facleo como el concentrador inferior de l\u00edneas magn\u00e9ticas.<\/p>\n<p>En realidad, est\u00e1n optimizados para aquellos clientes que priorizan un sonido elegante, sin embargo, vale la pena se\u00f1alar que la sensibilidad ha aumentado enormemente en comparaci\u00f3n con los altavoces Ruby de 6,5 pulgadas de la primera versi\u00f3n. Ahora puedes disfrutar del \u201cvolumen Solo\u201d con el sonido caracter\u00edstico del viejo Ruby 6.5&#8221;. Este modelo de altavoces es una gran soluci\u00f3n para usted y los sistemas de m\u00fasica de su coche.<\/p>\n<p><\/span><span class=\"Y2IQFc\" lang=\"es\">Conjunto completo de ventas:<br \/>\nPride Ruby 6.5<br \/>\nPerformance &#8211; 1 par<br \/>\nCaja de carton<\/span><\/p>\n<p id=\"tw-target-text\" class=\"tw-data-text tw-text-large tw-ta\" dir=\"ltr\" data-placeholder=\"\u041f\u0435\u0440\u0435\u0432\u043e\u0434\" aria-label=\"\u041f\u0435\u0440\u0435\u0432\u0435\u0434\u0435\u043d\u043d\u044b\u0439 \u0442\u0435\u043a\u0441\u0442\" data-ved=\"2ahUKEwjut-LXv6CFAxV-FBAIHYNgBoUQ3ewLegQICBAU\"><span class=\"Y2IQFc\" lang=\"es\">\u00a0<\/span><\/p>\n","protected":false},"excerpt":{"rendered":"<p>Altavoces Ruby 6.5 Performance Nuevo y con un sonido fant\u00e1stico: RUBY PERFORMANCE en tama\u00f1o de 6,5&#8221;. Esta l\u00ednea de parlantes combina lo mejor en sonido, confiabilidad y tecnolog\u00eda de punta. Hemos obtenido una plataforma modular cuyo vuelo de fantas\u00eda no tiene l\u00edmites. Puede \u201cpersonalizar\u201d el altavoz en una amplia gama de soluciones Los parlantes Ruby [&hellip;]<\/p>\n","protected":false},"featured_media":17016,"template":"","meta":{"inline_featured_image":false},"product_brand":[],"product_cat":[579,581],"product_tag":[],"class_list":{"0":"post-15409","1":"product","2":"type-product","3":"status-publish","4":"has-post-thumbnail","6":"product_cat-oradores","7":"product_cat-6-5","9":"first","10":"outofstock","11":"taxable","12":"shipping-taxable","13":"product-type-simple"},"acf":[],"yoast_head":"<!-- This site is optimized with the Yoast SEO plugin v27.5 - https:\/\/yoast.com\/product\/yoast-seo-wordpress\/ -->\n<title>Altavoces Ruby 6.5 Performance RMS 200W Tama\u00f1o 6,5 pulgadas - Pride Audio. USA Online store<\/title>\n<meta name=\"robots\" content=\"index, follow, max-snippet:-1, max-image-preview:large, max-video-preview:-1\" \/>\n<link rel=\"canonical\" href=\"https:\/\/pride.audio\/es\/producto\/altavoces-ruby-6-5-performance-rms-200w-tamano-65-pulgadas\/\" \/>\n<meta property=\"og:locale\" content=\"es_ES\" \/>\n<meta property=\"og:type\" content=\"article\" \/>\n<meta property=\"og:title\" content=\"Altavoces Ruby 6.5 Performance RMS 200W Tama\u00f1o 6,5 pulgadas - Pride Audio. USA Online store\" \/>\n<meta property=\"og:description\" content=\"Altavoces Ruby 6.5 Performance Nuevo y con un sonido fant\u00e1stico: RUBY PERFORMANCE en tama\u00f1o de 6,5&#8221;. Esta l\u00ednea de parlantes combina lo mejor en sonido, confiabilidad y tecnolog\u00eda de punta. Hemos obtenido una plataforma modular cuyo vuelo de fantas\u00eda no tiene l\u00edmites. Puede \u201cpersonalizar\u201d el altavoz en una amplia gama de soluciones Los parlantes Ruby [&hellip;]\" \/>\n<meta property=\"og:url\" content=\"https:\/\/pride.audio\/es\/producto\/altavoces-ruby-6-5-performance-rms-200w-tamano-65-pulgadas\/\" \/>\n<meta property=\"og:site_name\" content=\"Pride Audio. USA Online store\" \/>\n<meta property=\"og:image\" content=\"https:\/\/pride.audio\/wp-content\/uploads\/2021\/11\/pride_ruby6.5perfomance_mini-1.jpeg\" \/>\n\t<meta property=\"og:image:width\" content=\"450\" \/>\n\t<meta property=\"og:image:height\" content=\"450\" \/>\n\t<meta property=\"og:image:type\" content=\"image\/jpeg\" \/>\n<meta name=\"twitter:card\" content=\"summary_large_image\" \/>\n<meta name=\"twitter:label1\" content=\"Tiempo de lectura\" \/>\n\t<meta name=\"twitter:data1\" content=\"1 minuto\" \/>\n<script type=\"application\/ld+json\" class=\"yoast-schema-graph\">{\"@context\":\"https:\\\/\\\/schema.org\",\"@graph\":[{\"@type\":\"WebPage\",\"@id\":\"https:\\\/\\\/pride.audio\\\/es\\\/producto\\\/altavoces-ruby-6-5-performance-rms-200w-tamano-65-pulgadas\\\/\",\"url\":\"https:\\\/\\\/pride.audio\\\/es\\\/producto\\\/altavoces-ruby-6-5-performance-rms-200w-tamano-65-pulgadas\\\/\",\"name\":\"Altavoces Ruby 6.5 Performance RMS 200W Tama\u00f1o 6,5 pulgadas - Pride Audio. USA Online store\",\"isPartOf\":{\"@id\":\"https:\\\/\\\/pride.audio\\\/#website\"},\"primaryImageOfPage\":{\"@id\":\"https:\\\/\\\/pride.audio\\\/es\\\/producto\\\/altavoces-ruby-6-5-performance-rms-200w-tamano-65-pulgadas\\\/#primaryimage\"},\"image\":{\"@id\":\"https:\\\/\\\/pride.audio\\\/es\\\/producto\\\/altavoces-ruby-6-5-performance-rms-200w-tamano-65-pulgadas\\\/#primaryimage\"},\"thumbnailUrl\":\"https:\\\/\\\/pride.audio\\\/wp-content\\\/uploads\\\/2021\\\/11\\\/pride_ruby6.5perfomance_mini-1.jpeg\",\"datePublished\":\"2021-11-30T05:13:28+00:00\",\"breadcrumb\":{\"@id\":\"https:\\\/\\\/pride.audio\\\/es\\\/producto\\\/altavoces-ruby-6-5-performance-rms-200w-tamano-65-pulgadas\\\/#breadcrumb\"},\"inLanguage\":\"es\",\"potentialAction\":[{\"@type\":\"ReadAction\",\"target\":[\"https:\\\/\\\/pride.audio\\\/es\\\/producto\\\/altavoces-ruby-6-5-performance-rms-200w-tamano-65-pulgadas\\\/\"]}]},{\"@type\":\"ImageObject\",\"inLanguage\":\"es\",\"@id\":\"https:\\\/\\\/pride.audio\\\/es\\\/producto\\\/altavoces-ruby-6-5-performance-rms-200w-tamano-65-pulgadas\\\/#primaryimage\",\"url\":\"https:\\\/\\\/pride.audio\\\/wp-content\\\/uploads\\\/2021\\\/11\\\/pride_ruby6.5perfomance_mini-1.jpeg\",\"contentUrl\":\"https:\\\/\\\/pride.audio\\\/wp-content\\\/uploads\\\/2021\\\/11\\\/pride_ruby6.5perfomance_mini-1.jpeg\",\"width\":450,\"height\":450},{\"@type\":\"BreadcrumbList\",\"@id\":\"https:\\\/\\\/pride.audio\\\/es\\\/producto\\\/altavoces-ruby-6-5-performance-rms-200w-tamano-65-pulgadas\\\/#breadcrumb\",\"itemListElement\":[{\"@type\":\"ListItem\",\"position\":1,\"name\":\"Home\",\"item\":\"https:\\\/\\\/pride.audio\\\/es\\\/\"},{\"@type\":\"ListItem\",\"position\":2,\"name\":\"Productos\",\"item\":\"https:\\\/\\\/pride.audio\\\/es\\\/productos\\\/\"},{\"@type\":\"ListItem\",\"position\":3,\"name\":\"Altavoces Ruby 6.5 Performance RMS 200W Tama\u00f1o 6,5 pulgadas\"}]},{\"@type\":\"WebSite\",\"@id\":\"https:\\\/\\\/pride.audio\\\/#website\",\"url\":\"https:\\\/\\\/pride.audio\\\/\",\"name\":\"Pride Audio. USA Online store\",\"description\":\"Pride Car Audio: Official site\",\"publisher\":{\"@id\":\"https:\\\/\\\/pride.audio\\\/#organization\"},\"potentialAction\":[{\"@type\":\"SearchAction\",\"target\":{\"@type\":\"EntryPoint\",\"urlTemplate\":\"https:\\\/\\\/pride.audio\\\/?s={search_term_string}\"},\"query-input\":{\"@type\":\"PropertyValueSpecification\",\"valueRequired\":true,\"valueName\":\"search_term_string\"}}],\"inLanguage\":\"es\"},{\"@type\":\"Organization\",\"@id\":\"https:\\\/\\\/pride.audio\\\/#organization\",\"name\":\"Pride Audio. USA Online store\",\"url\":\"https:\\\/\\\/pride.audio\\\/\",\"logo\":{\"@type\":\"ImageObject\",\"inLanguage\":\"es\",\"@id\":\"https:\\\/\\\/pride.audio\\\/#\\\/schema\\\/logo\\\/image\\\/\",\"url\":\"https:\\\/\\\/pride.audio\\\/wp-content\\\/uploads\\\/2023\\\/08\\\/g10.svg\",\"contentUrl\":\"https:\\\/\\\/pride.audio\\\/wp-content\\\/uploads\\\/2023\\\/08\\\/g10.svg\",\"width\":158,\"height\":34,\"caption\":\"Pride Audio. USA Online store\"},\"image\":{\"@id\":\"https:\\\/\\\/pride.audio\\\/#\\\/schema\\\/logo\\\/image\\\/\"}}]}<\/script>\n<!-- \/ Yoast SEO plugin. -->","yoast_head_json":{"title":"Altavoces Ruby 6.5 Performance RMS 200W Tama\u00f1o 6,5 pulgadas - Pride Audio. USA Online store","robots":{"index":"index","follow":"follow","max-snippet":"max-snippet:-1","max-image-preview":"max-image-preview:large","max-video-preview":"max-video-preview:-1"},"canonical":"https:\/\/pride.audio\/es\/producto\/altavoces-ruby-6-5-performance-rms-200w-tamano-65-pulgadas\/","og_locale":"es_ES","og_type":"article","og_title":"Altavoces Ruby 6.5 Performance RMS 200W Tama\u00f1o 6,5 pulgadas - Pride Audio. USA Online store","og_description":"Altavoces Ruby 6.5 Performance Nuevo y con un sonido fant\u00e1stico: RUBY PERFORMANCE en tama\u00f1o de 6,5&#8221;. Esta l\u00ednea de parlantes combina lo mejor en sonido, confiabilidad y tecnolog\u00eda de punta. Hemos obtenido una plataforma modular cuyo vuelo de fantas\u00eda no tiene l\u00edmites. Puede \u201cpersonalizar\u201d el altavoz en una amplia gama de soluciones Los parlantes Ruby [&hellip;]","og_url":"https:\/\/pride.audio\/es\/producto\/altavoces-ruby-6-5-performance-rms-200w-tamano-65-pulgadas\/","og_site_name":"Pride Audio. USA Online store","og_image":[{"width":450,"height":450,"url":"https:\/\/pride.audio\/wp-content\/uploads\/2021\/11\/pride_ruby6.5perfomance_mini-1.jpeg","type":"image\/jpeg"}],"twitter_card":"summary_large_image","twitter_misc":{"Tiempo de lectura":"1 minuto"},"schema":{"@context":"https:\/\/schema.org","@graph":[{"@type":"WebPage","@id":"https:\/\/pride.audio\/es\/producto\/altavoces-ruby-6-5-performance-rms-200w-tamano-65-pulgadas\/","url":"https:\/\/pride.audio\/es\/producto\/altavoces-ruby-6-5-performance-rms-200w-tamano-65-pulgadas\/","name":"Altavoces Ruby 6.5 Performance RMS 200W Tama\u00f1o 6,5 pulgadas - Pride Audio. USA Online store","isPartOf":{"@id":"https:\/\/pride.audio\/#website"},"primaryImageOfPage":{"@id":"https:\/\/pride.audio\/es\/producto\/altavoces-ruby-6-5-performance-rms-200w-tamano-65-pulgadas\/#primaryimage"},"image":{"@id":"https:\/\/pride.audio\/es\/producto\/altavoces-ruby-6-5-performance-rms-200w-tamano-65-pulgadas\/#primaryimage"},"thumbnailUrl":"https:\/\/pride.audio\/wp-content\/uploads\/2021\/11\/pride_ruby6.5perfomance_mini-1.jpeg","datePublished":"2021-11-30T05:13:28+00:00","breadcrumb":{"@id":"https:\/\/pride.audio\/es\/producto\/altavoces-ruby-6-5-performance-rms-200w-tamano-65-pulgadas\/#breadcrumb"},"inLanguage":"es","potentialAction":[{"@type":"ReadAction","target":["https:\/\/pride.audio\/es\/producto\/altavoces-ruby-6-5-performance-rms-200w-tamano-65-pulgadas\/"]}]},{"@type":"ImageObject","inLanguage":"es","@id":"https:\/\/pride.audio\/es\/producto\/altavoces-ruby-6-5-performance-rms-200w-tamano-65-pulgadas\/#primaryimage","url":"https:\/\/pride.audio\/wp-content\/uploads\/2021\/11\/pride_ruby6.5perfomance_mini-1.jpeg","contentUrl":"https:\/\/pride.audio\/wp-content\/uploads\/2021\/11\/pride_ruby6.5perfomance_mini-1.jpeg","width":450,"height":450},{"@type":"BreadcrumbList","@id":"https:\/\/pride.audio\/es\/producto\/altavoces-ruby-6-5-performance-rms-200w-tamano-65-pulgadas\/#breadcrumb","itemListElement":[{"@type":"ListItem","position":1,"name":"Home","item":"https:\/\/pride.audio\/es\/"},{"@type":"ListItem","position":2,"name":"Productos","item":"https:\/\/pride.audio\/es\/productos\/"},{"@type":"ListItem","position":3,"name":"Altavoces Ruby 6.5 Performance RMS 200W Tama\u00f1o 6,5 pulgadas"}]},{"@type":"WebSite","@id":"https:\/\/pride.audio\/#website","url":"https:\/\/pride.audio\/","name":"Pride Audio. USA Online store","description":"Pride Car Audio: Official site","publisher":{"@id":"https:\/\/pride.audio\/#organization"},"potentialAction":[{"@type":"SearchAction","target":{"@type":"EntryPoint","urlTemplate":"https:\/\/pride.audio\/?s={search_term_string}"},"query-input":{"@type":"PropertyValueSpecification","valueRequired":true,"valueName":"search_term_string"}}],"inLanguage":"es"},{"@type":"Organization","@id":"https:\/\/pride.audio\/#organization","name":"Pride Audio. USA Online store","url":"https:\/\/pride.audio\/","logo":{"@type":"ImageObject","inLanguage":"es","@id":"https:\/\/pride.audio\/#\/schema\/logo\/image\/","url":"https:\/\/pride.audio\/wp-content\/uploads\/2023\/08\/g10.svg","contentUrl":"https:\/\/pride.audio\/wp-content\/uploads\/2023\/08\/g10.svg","width":158,"height":34,"caption":"Pride Audio. USA Online store"},"image":{"@id":"https:\/\/pride.audio\/#\/schema\/logo\/image\/"}}]}},"_links":{"self":[{"href":"https:\/\/pride.audio\/es\/wp-json\/wp\/v2\/product\/15409","targetHints":{"allow":["GET"]}}],"collection":[{"href":"https:\/\/pride.audio\/es\/wp-json\/wp\/v2\/product"}],"about":[{"href":"https:\/\/pride.audio\/es\/wp-json\/wp\/v2\/types\/product"}],"wp:featuredmedia":[{"embeddable":true,"href":"https:\/\/pride.audio\/es\/wp-json\/wp\/v2\/media\/17016"}],"wp:attachment":[{"href":"https:\/\/pride.audio\/es\/wp-json\/wp\/v2\/media?parent=15409"}],"wp:term":[{"taxonomy":"product_brand","embeddable":true,"href":"https:\/\/pride.audio\/es\/wp-json\/wp\/v2\/product_brand?post=15409"},{"taxonomy":"product_cat","embeddable":true,"href":"https:\/\/pride.audio\/es\/wp-json\/wp\/v2\/product_cat?post=15409"},{"taxonomy":"product_tag","embeddable":true,"href":"https:\/\/pride.audio\/es\/wp-json\/wp\/v2\/product_tag?post=15409"}],"curies":[{"name":"wp","href":"https:\/\/api.w.org\/{rel}","templated":true}]}}