{"id":15391,"date":"2021-11-30T00:27:01","date_gmt":"2021-11-30T05:27:01","guid":{"rendered":"https:\/\/pride.audio\/product\/altavoces-solo-150-rms-150w-tamano-65-pulgadas\/"},"modified":"2021-11-30T00:27:01","modified_gmt":"2021-11-29T22:27:01","slug":"altavoces-solo-150-rms-150w-tamano-65-pulgadas","status":"publish","type":"product","link":"https:\/\/pride.audio\/es\/producto\/altavoces-solo-150-rms-150w-tamano-65-pulgadas\/","title":{"rendered":"Altavoces Solo 150 RMS 150W Tama\u00f1o 6,5 pulgadas"},"content":{"rendered":"<p id=\"tw-target-text\" class=\"tw-data-text tw-text-large tw-ta\" dir=\"ltr\" data-placeholder=\"\u041f\u0435\u0440\u0435\u0432\u043e\u0434\" aria-label=\"\u041f\u0435\u0440\u0435\u0432\u0435\u0434\u0435\u043d\u043d\u044b\u0439 \u0442\u0435\u043a\u0441\u0442\" data-ved=\"2ahUKEwjut-LXv6CFAxV-FBAIHYNgBoUQ3ewLegQICBAU\"><span class=\"Y2IQFc\" lang=\"es\"><strong>Altavoces Solo 150<\/strong> <\/span><\/p>\n<p class=\"tw-data-text tw-text-large tw-ta\" dir=\"ltr\" data-placeholder=\"\u041f\u0435\u0440\u0435\u0432\u043e\u0434\" aria-label=\"\u041f\u0435\u0440\u0435\u0432\u0435\u0434\u0435\u043d\u043d\u044b\u0439 \u0442\u0435\u043a\u0441\u0442\" data-ved=\"2ahUKEwjut-LXv6CFAxV-FBAIHYNgBoUQ3ewLegQICBAU\"><span class=\"Y2IQFc\" lang=\"es\">Otro modelo popular y de alta calidad de la gama de la marca Pride Car Audio: los altavoces Solo 150. \u00a1Ya est\u00e1 disponible en America! Este modelo es una soluci\u00f3n realmente excelente para el sistema de audio de su autom\u00f3vil.<\/p>\n<p><\/span><span class=\"Y2IQFc\" lang=\"es\">Pride Solo 150 sobremodular.<br \/>\nTama\u00f1o 6,5.<br \/>\nUna nueva era de oradores. Sistema modular.<\/p>\n<p><\/span><span class=\"Y2IQFc\" lang=\"es\">Solo 150, como todos nuestros productos, es fiable y da confianza a sus propietarios en el futuro.<\/span><\/p>\n<p id=\"tw-target-text\" class=\"tw-data-text tw-text-large tw-ta\" dir=\"ltr\" data-placeholder=\"\u041f\u0435\u0440\u0435\u0432\u043e\u0434\" aria-label=\"\u041f\u0435\u0440\u0435\u0432\u0435\u0434\u0435\u043d\u043d\u044b\u0439 \u0442\u0435\u043a\u0441\u0442\" data-ved=\"2ahUKEwjut-LXv6CFAxV-FBAIHYNgBoUQ3ewLegQICBAU\"><span class=\"Y2IQFc\" lang=\"es\">\u00a0<\/span><\/p>\n","protected":false},"excerpt":{"rendered":"<p>Altavoces Solo 150 Otro modelo popular y de alta calidad de la gama de la marca Pride Car Audio: los altavoces Solo 150. \u00a1Ya est\u00e1 disponible en America! Este modelo es una soluci\u00f3n realmente excelente para el sistema de audio de su autom\u00f3vil. Pride Solo 150 sobremodular. Tama\u00f1o 6,5. Una nueva era de oradores. Sistema [&hellip;]<\/p>\n","protected":false},"featured_media":18898,"template":"","meta":{"inline_featured_image":false},"product_brand":[],"product_cat":[],"product_tag":[],"class_list":{"0":"post-15391","1":"product","2":"type-product","3":"status-publish","4":"has-post-thumbnail","7":"first","8":"outofstock","9":"taxable","10":"shipping-taxable","11":"product-type-simple"},"acf":[],"yoast_head":"<!-- This site is optimized with the Yoast SEO plugin v27.2 - https:\/\/yoast.com\/product\/yoast-seo-wordpress\/ -->\n<title>Altavoces Solo 150 RMS 150W Tama\u00f1o 6,5 pulgadas - Pride Audio. USA Online store<\/title>\n<meta name=\"robots\" content=\"index, follow, max-snippet:-1, max-image-preview:large, max-video-preview:-1\" \/>\n<link rel=\"canonical\" href=\"https:\/\/pride.audio\/es\/producto\/altavoces-solo-150-rms-150w-tamano-65-pulgadas\/\" \/>\n<meta property=\"og:locale\" content=\"es_ES\" \/>\n<meta property=\"og:type\" content=\"article\" \/>\n<meta property=\"og:title\" content=\"Altavoces Solo 150 RMS 150W Tama\u00f1o 6,5 pulgadas - Pride Audio. USA Online store\" \/>\n<meta property=\"og:description\" content=\"Altavoces Solo 150 Otro modelo popular y de alta calidad de la gama de la marca Pride Car Audio: los altavoces Solo 150. \u00a1Ya est\u00e1 disponible en America! Este modelo es una soluci\u00f3n realmente excelente para el sistema de audio de su autom\u00f3vil. Pride Solo 150 sobremodular. Tama\u00f1o 6,5. Una nueva era de oradores. Sistema [&hellip;]\" \/>\n<meta property=\"og:url\" content=\"https:\/\/pride.audio\/es\/producto\/altavoces-solo-150-rms-150w-tamano-65-pulgadas\/\" \/>\n<meta property=\"og:site_name\" content=\"Pride Audio. USA Online store\" \/>\n<meta property=\"og:image\" content=\"https:\/\/pride.audio\/wp-content\/uploads\/2021\/11\/IMG_2040.jpg\" \/>\n\t<meta property=\"og:image:width\" content=\"1170\" \/>\n\t<meta property=\"og:image:height\" content=\"1170\" \/>\n\t<meta property=\"og:image:type\" content=\"image\/jpeg\" \/>\n<meta name=\"twitter:card\" content=\"summary_large_image\" \/>\n<script type=\"application\/ld+json\" class=\"yoast-schema-graph\">{\"@context\":\"https:\/\/schema.org\",\"@graph\":[{\"@type\":\"WebPage\",\"@id\":\"https:\/\/pride.audio\/es\/producto\/altavoces-solo-150-rms-150w-tamano-65-pulgadas\/\",\"url\":\"https:\/\/pride.audio\/es\/producto\/altavoces-solo-150-rms-150w-tamano-65-pulgadas\/\",\"name\":\"Altavoces Solo 150 RMS 150W Tama\u00f1o 6,5 pulgadas - Pride Audio. USA Online store\",\"isPartOf\":{\"@id\":\"https:\/\/pride.audio\/#website\"},\"primaryImageOfPage\":{\"@id\":\"https:\/\/pride.audio\/es\/producto\/altavoces-solo-150-rms-150w-tamano-65-pulgadas\/#primaryimage\"},\"image\":{\"@id\":\"https:\/\/pride.audio\/es\/producto\/altavoces-solo-150-rms-150w-tamano-65-pulgadas\/#primaryimage\"},\"thumbnailUrl\":\"https:\/\/pride.audio\/wp-content\/uploads\/2021\/11\/IMG_2040.jpg\",\"datePublished\":\"2021-11-30T05:27:01+00:00\",\"breadcrumb\":{\"@id\":\"https:\/\/pride.audio\/es\/producto\/altavoces-solo-150-rms-150w-tamano-65-pulgadas\/#breadcrumb\"},\"inLanguage\":\"es\",\"potentialAction\":[{\"@type\":\"ReadAction\",\"target\":[\"https:\/\/pride.audio\/es\/producto\/altavoces-solo-150-rms-150w-tamano-65-pulgadas\/\"]}]},{\"@type\":\"ImageObject\",\"inLanguage\":\"es\",\"@id\":\"https:\/\/pride.audio\/es\/producto\/altavoces-solo-150-rms-150w-tamano-65-pulgadas\/#primaryimage\",\"url\":\"https:\/\/pride.audio\/wp-content\/uploads\/2021\/11\/IMG_2040.jpg\",\"contentUrl\":\"https:\/\/pride.audio\/wp-content\/uploads\/2021\/11\/IMG_2040.jpg\",\"width\":1170,\"height\":1170,\"caption\":\"Screenshot\"},{\"@type\":\"BreadcrumbList\",\"@id\":\"https:\/\/pride.audio\/es\/producto\/altavoces-solo-150-rms-150w-tamano-65-pulgadas\/#breadcrumb\",\"itemListElement\":[{\"@type\":\"ListItem\",\"position\":1,\"name\":\"Home\",\"item\":\"https:\/\/pride.audio\/es\/\"},{\"@type\":\"ListItem\",\"position\":2,\"name\":\"Productos\",\"item\":\"https:\/\/pride.audio\/es\/productos\/\"},{\"@type\":\"ListItem\",\"position\":3,\"name\":\"Altavoces Solo 150 RMS 150W Tama\u00f1o 6,5 pulgadas\"}]},{\"@type\":\"WebSite\",\"@id\":\"https:\/\/pride.audio\/#website\",\"url\":\"https:\/\/pride.audio\/\",\"name\":\"Pride Audio. USA Online store\",\"description\":\"Pride Car Audio: Official site\",\"publisher\":{\"@id\":\"https:\/\/pride.audio\/#organization\"},\"potentialAction\":[{\"@type\":\"SearchAction\",\"target\":{\"@type\":\"EntryPoint\",\"urlTemplate\":\"https:\/\/pride.audio\/?s={search_term_string}\"},\"query-input\":{\"@type\":\"PropertyValueSpecification\",\"valueRequired\":true,\"valueName\":\"search_term_string\"}}],\"inLanguage\":\"es\"},{\"@type\":\"Organization\",\"@id\":\"https:\/\/pride.audio\/#organization\",\"name\":\"Pride Audio. USA Online store\",\"url\":\"https:\/\/pride.audio\/\",\"logo\":{\"@type\":\"ImageObject\",\"inLanguage\":\"es\",\"@id\":\"https:\/\/pride.audio\/#\/schema\/logo\/image\/\",\"url\":\"https:\/\/pride.audio\/wp-content\/uploads\/2023\/08\/g10.svg\",\"contentUrl\":\"https:\/\/pride.audio\/wp-content\/uploads\/2023\/08\/g10.svg\",\"width\":158,\"height\":34,\"caption\":\"Pride Audio. USA Online store\"},\"image\":{\"@id\":\"https:\/\/pride.audio\/#\/schema\/logo\/image\/\"}}]}<\/script>\n<!-- \/ Yoast SEO plugin. -->","yoast_head_json":{"title":"Altavoces Solo 150 RMS 150W Tama\u00f1o 6,5 pulgadas - Pride Audio. USA Online store","robots":{"index":"index","follow":"follow","max-snippet":"max-snippet:-1","max-image-preview":"max-image-preview:large","max-video-preview":"max-video-preview:-1"},"canonical":"https:\/\/pride.audio\/es\/producto\/altavoces-solo-150-rms-150w-tamano-65-pulgadas\/","og_locale":"es_ES","og_type":"article","og_title":"Altavoces Solo 150 RMS 150W Tama\u00f1o 6,5 pulgadas - Pride Audio. USA Online store","og_description":"Altavoces Solo 150 Otro modelo popular y de alta calidad de la gama de la marca Pride Car Audio: los altavoces Solo 150. \u00a1Ya est\u00e1 disponible en America! Este modelo es una soluci\u00f3n realmente excelente para el sistema de audio de su autom\u00f3vil. Pride Solo 150 sobremodular. Tama\u00f1o 6,5. Una nueva era de oradores. Sistema [&hellip;]","og_url":"https:\/\/pride.audio\/es\/producto\/altavoces-solo-150-rms-150w-tamano-65-pulgadas\/","og_site_name":"Pride Audio. USA Online store","og_image":[{"width":1170,"height":1170,"url":"https:\/\/pride.audio\/wp-content\/uploads\/2021\/11\/IMG_2040.jpg","type":"image\/jpeg"}],"twitter_card":"summary_large_image","schema":{"@context":"https:\/\/schema.org","@graph":[{"@type":"WebPage","@id":"https:\/\/pride.audio\/es\/producto\/altavoces-solo-150-rms-150w-tamano-65-pulgadas\/","url":"https:\/\/pride.audio\/es\/producto\/altavoces-solo-150-rms-150w-tamano-65-pulgadas\/","name":"Altavoces Solo 150 RMS 150W Tama\u00f1o 6,5 pulgadas - Pride Audio. USA Online store","isPartOf":{"@id":"https:\/\/pride.audio\/#website"},"primaryImageOfPage":{"@id":"https:\/\/pride.audio\/es\/producto\/altavoces-solo-150-rms-150w-tamano-65-pulgadas\/#primaryimage"},"image":{"@id":"https:\/\/pride.audio\/es\/producto\/altavoces-solo-150-rms-150w-tamano-65-pulgadas\/#primaryimage"},"thumbnailUrl":"https:\/\/pride.audio\/wp-content\/uploads\/2021\/11\/IMG_2040.jpg","datePublished":"2021-11-30T05:27:01+00:00","breadcrumb":{"@id":"https:\/\/pride.audio\/es\/producto\/altavoces-solo-150-rms-150w-tamano-65-pulgadas\/#breadcrumb"},"inLanguage":"es","potentialAction":[{"@type":"ReadAction","target":["https:\/\/pride.audio\/es\/producto\/altavoces-solo-150-rms-150w-tamano-65-pulgadas\/"]}]},{"@type":"ImageObject","inLanguage":"es","@id":"https:\/\/pride.audio\/es\/producto\/altavoces-solo-150-rms-150w-tamano-65-pulgadas\/#primaryimage","url":"https:\/\/pride.audio\/wp-content\/uploads\/2021\/11\/IMG_2040.jpg","contentUrl":"https:\/\/pride.audio\/wp-content\/uploads\/2021\/11\/IMG_2040.jpg","width":1170,"height":1170,"caption":"Screenshot"},{"@type":"BreadcrumbList","@id":"https:\/\/pride.audio\/es\/producto\/altavoces-solo-150-rms-150w-tamano-65-pulgadas\/#breadcrumb","itemListElement":[{"@type":"ListItem","position":1,"name":"Home","item":"https:\/\/pride.audio\/es\/"},{"@type":"ListItem","position":2,"name":"Productos","item":"https:\/\/pride.audio\/es\/productos\/"},{"@type":"ListItem","position":3,"name":"Altavoces Solo 150 RMS 150W Tama\u00f1o 6,5 pulgadas"}]},{"@type":"WebSite","@id":"https:\/\/pride.audio\/#website","url":"https:\/\/pride.audio\/","name":"Pride Audio. USA Online store","description":"Pride Car Audio: Official site","publisher":{"@id":"https:\/\/pride.audio\/#organization"},"potentialAction":[{"@type":"SearchAction","target":{"@type":"EntryPoint","urlTemplate":"https:\/\/pride.audio\/?s={search_term_string}"},"query-input":{"@type":"PropertyValueSpecification","valueRequired":true,"valueName":"search_term_string"}}],"inLanguage":"es"},{"@type":"Organization","@id":"https:\/\/pride.audio\/#organization","name":"Pride Audio. USA Online store","url":"https:\/\/pride.audio\/","logo":{"@type":"ImageObject","inLanguage":"es","@id":"https:\/\/pride.audio\/#\/schema\/logo\/image\/","url":"https:\/\/pride.audio\/wp-content\/uploads\/2023\/08\/g10.svg","contentUrl":"https:\/\/pride.audio\/wp-content\/uploads\/2023\/08\/g10.svg","width":158,"height":34,"caption":"Pride Audio. USA Online store"},"image":{"@id":"https:\/\/pride.audio\/#\/schema\/logo\/image\/"}}]}},"_links":{"self":[{"href":"https:\/\/pride.audio\/es\/wp-json\/wp\/v2\/product\/15391","targetHints":{"allow":["GET"]}}],"collection":[{"href":"https:\/\/pride.audio\/es\/wp-json\/wp\/v2\/product"}],"about":[{"href":"https:\/\/pride.audio\/es\/wp-json\/wp\/v2\/types\/product"}],"wp:featuredmedia":[{"embeddable":true,"href":"https:\/\/pride.audio\/es\/wp-json\/wp\/v2\/media\/18898"}],"wp:attachment":[{"href":"https:\/\/pride.audio\/es\/wp-json\/wp\/v2\/media?parent=15391"}],"wp:term":[{"taxonomy":"product_brand","embeddable":true,"href":"https:\/\/pride.audio\/es\/wp-json\/wp\/v2\/product_brand?post=15391"},{"taxonomy":"product_cat","embeddable":true,"href":"https:\/\/pride.audio\/es\/wp-json\/wp\/v2\/product_cat?post=15391"},{"taxonomy":"product_tag","embeddable":true,"href":"https:\/\/pride.audio\/es\/wp-json\/wp\/v2\/product_tag?post=15391"}],"curies":[{"name":"wp","href":"https:\/\/api.w.org\/{rel}","templated":true}]}}