{"id":15384,"date":"2022-01-30T22:15:57","date_gmt":"2022-01-31T03:15:57","guid":{"rendered":"https:\/\/pride.audio\/product\/componente-de-altavoces-pride-harmony-5c\/"},"modified":"2022-01-30T22:15:57","modified_gmt":"2022-01-30T20:15:57","slug":"componente-de-altavoces-pride-harmony-5c","status":"publish","type":"product","link":"https:\/\/pride.audio\/es\/producto\/componente-de-altavoces-pride-harmony-5c\/","title":{"rendered":"Componente de altavoces Pride Harmony 5C"},"content":{"rendered":"<p id=\"tw-target-text\" class=\"tw-data-text tw-text-large tw-ta\" dir=\"ltr\" data-placeholder=\"\u041f\u0435\u0440\u0435\u0432\u043e\u0434\" aria-label=\"\u041f\u0435\u0440\u0435\u0432\u0435\u0434\u0435\u043d\u043d\u044b\u0439 \u0442\u0435\u043a\u0441\u0442\" data-ved=\"2ahUKEwjut-LXv6CFAxV-FBAIHYNgBoUQ3ewLegQICBAU\"><strong><span class=\"Y2IQFc\" lang=\"es\">Componente de altavoces Pride Harmony 5C<\/span><\/strong><\/p>\n<p>Pride Harmony 5C es un modelo con caracter\u00edsticas impecables que te permite lograr un sonido musical claro. Tienen una calidad de construcci\u00f3n decente. Esta es una combinaci\u00f3n de tecnolog\u00eda, precio asequible, calidad y sonido genial. El material del im\u00e1n de graves medios es ferrita de alta calidad y el material de la suspensi\u00f3n est\u00e1 hecho de poliuretano espumado.<\/p>\n<p><span class=\"Y2IQFc\" lang=\"es\">Caracter\u00edsticas principales:<br \/>\n<\/span><span class=\"Y2IQFc\" lang=\"es\">Di\u00e1metro \/ Tama\u00f1o 5&#8243;<br \/>\nRe (resistencia\/impedancia nominal), ohmios (\u03a9) 4<br \/>\nDe color negro<br \/>\nRango de frecuencia reproducible, Hz 63 &#8211; 24000<\/p>\n<p><\/span><span class=\"Y2IQFc\" lang=\"es\">Fuerza:<\/p>\n<p>RMS (potencia nominal), W 50<br \/>\nPar\u00e1metros de Thiel-Small:<br \/>\nFS (frecuencia resonante), Hz 80<\/span><\/p>\n<p><span class=\"Y2IQFc\" lang=\"es\">\u00a0<\/span><\/p>\n","protected":false},"excerpt":{"rendered":"<p>Componente de altavoces Pride Harmony 5C Pride Harmony 5C es un modelo con caracter\u00edsticas impecables que te permite lograr un sonido musical claro. Tienen una calidad de construcci\u00f3n decente. Esta es una combinaci\u00f3n de tecnolog\u00eda, precio asequible, calidad y sonido genial. El material del im\u00e1n de graves medios es ferrita de alta calidad y el [&hellip;]<\/p>\n","protected":false},"featured_media":17357,"template":"","meta":{"inline_featured_image":false},"product_brand":[],"product_cat":[579,585],"product_tag":[],"class_list":{"0":"post-15384","1":"product","2":"type-product","3":"status-publish","4":"has-post-thumbnail","6":"product_cat-oradores","7":"product_cat-altavoces-componentes","9":"first","10":"outofstock","11":"taxable","12":"shipping-taxable","13":"product-type-simple"},"acf":[],"yoast_head":"<!-- This site is optimized with the Yoast SEO plugin v27.2 - https:\/\/yoast.com\/product\/yoast-seo-wordpress\/ -->\n<title>Componente de altavoces Pride Harmony 5C - Pride Audio. USA Online store<\/title>\n<meta name=\"robots\" content=\"index, follow, max-snippet:-1, max-image-preview:large, max-video-preview:-1\" \/>\n<link rel=\"canonical\" href=\"https:\/\/pride.audio\/es\/producto\/componente-de-altavoces-pride-harmony-5c\/\" \/>\n<meta property=\"og:locale\" content=\"es_ES\" \/>\n<meta property=\"og:type\" content=\"article\" \/>\n<meta property=\"og:title\" content=\"Componente de altavoces Pride Harmony 5C - Pride Audio. USA Online store\" \/>\n<meta property=\"og:description\" content=\"Componente de altavoces Pride Harmony 5C Pride Harmony 5C es un modelo con caracter\u00edsticas impecables que te permite lograr un sonido musical claro. Tienen una calidad de construcci\u00f3n decente. Esta es una combinaci\u00f3n de tecnolog\u00eda, precio asequible, calidad y sonido genial. El material del im\u00e1n de graves medios es ferrita de alta calidad y el [&hellip;]\" \/>\n<meta property=\"og:url\" content=\"https:\/\/pride.audio\/es\/producto\/componente-de-altavoces-pride-harmony-5c\/\" \/>\n<meta property=\"og:site_name\" content=\"Pride Audio. USA Online store\" \/>\n<meta property=\"og:image\" content=\"https:\/\/pride.audio\/wp-content\/uploads\/2022\/01\/pride_harmony_5c_mini-290x290-1.jpeg\" \/>\n\t<meta property=\"og:image:width\" content=\"290\" \/>\n\t<meta property=\"og:image:height\" content=\"290\" \/>\n\t<meta property=\"og:image:type\" content=\"image\/jpeg\" \/>\n<meta name=\"twitter:card\" content=\"summary_large_image\" \/>\n<meta name=\"twitter:label1\" content=\"Tiempo de lectura\" \/>\n\t<meta name=\"twitter:data1\" content=\"1 minuto\" \/>\n<script type=\"application\/ld+json\" class=\"yoast-schema-graph\">{\"@context\":\"https:\/\/schema.org\",\"@graph\":[{\"@type\":\"WebPage\",\"@id\":\"https:\/\/pride.audio\/es\/producto\/componente-de-altavoces-pride-harmony-5c\/\",\"url\":\"https:\/\/pride.audio\/es\/producto\/componente-de-altavoces-pride-harmony-5c\/\",\"name\":\"Componente de altavoces Pride Harmony 5C - Pride Audio. USA Online store\",\"isPartOf\":{\"@id\":\"https:\/\/pride.audio\/#website\"},\"primaryImageOfPage\":{\"@id\":\"https:\/\/pride.audio\/es\/producto\/componente-de-altavoces-pride-harmony-5c\/#primaryimage\"},\"image\":{\"@id\":\"https:\/\/pride.audio\/es\/producto\/componente-de-altavoces-pride-harmony-5c\/#primaryimage\"},\"thumbnailUrl\":\"https:\/\/pride.audio\/wp-content\/uploads\/2022\/01\/pride_harmony_5c_mini-290x290-1.jpeg\",\"datePublished\":\"2022-01-31T03:15:57+00:00\",\"breadcrumb\":{\"@id\":\"https:\/\/pride.audio\/es\/producto\/componente-de-altavoces-pride-harmony-5c\/#breadcrumb\"},\"inLanguage\":\"es\",\"potentialAction\":[{\"@type\":\"ReadAction\",\"target\":[\"https:\/\/pride.audio\/es\/producto\/componente-de-altavoces-pride-harmony-5c\/\"]}]},{\"@type\":\"ImageObject\",\"inLanguage\":\"es\",\"@id\":\"https:\/\/pride.audio\/es\/producto\/componente-de-altavoces-pride-harmony-5c\/#primaryimage\",\"url\":\"https:\/\/pride.audio\/wp-content\/uploads\/2022\/01\/pride_harmony_5c_mini-290x290-1.jpeg\",\"contentUrl\":\"https:\/\/pride.audio\/wp-content\/uploads\/2022\/01\/pride_harmony_5c_mini-290x290-1.jpeg\",\"width\":290,\"height\":290},{\"@type\":\"BreadcrumbList\",\"@id\":\"https:\/\/pride.audio\/es\/producto\/componente-de-altavoces-pride-harmony-5c\/#breadcrumb\",\"itemListElement\":[{\"@type\":\"ListItem\",\"position\":1,\"name\":\"Home\",\"item\":\"https:\/\/pride.audio\/es\/\"},{\"@type\":\"ListItem\",\"position\":2,\"name\":\"Productos\",\"item\":\"https:\/\/pride.audio\/es\/productos\/\"},{\"@type\":\"ListItem\",\"position\":3,\"name\":\"Componente de altavoces Pride Harmony 5C\"}]},{\"@type\":\"WebSite\",\"@id\":\"https:\/\/pride.audio\/#website\",\"url\":\"https:\/\/pride.audio\/\",\"name\":\"Pride Audio. USA Online store\",\"description\":\"Pride Car Audio: Official site\",\"publisher\":{\"@id\":\"https:\/\/pride.audio\/#organization\"},\"potentialAction\":[{\"@type\":\"SearchAction\",\"target\":{\"@type\":\"EntryPoint\",\"urlTemplate\":\"https:\/\/pride.audio\/?s={search_term_string}\"},\"query-input\":{\"@type\":\"PropertyValueSpecification\",\"valueRequired\":true,\"valueName\":\"search_term_string\"}}],\"inLanguage\":\"es\"},{\"@type\":\"Organization\",\"@id\":\"https:\/\/pride.audio\/#organization\",\"name\":\"Pride Audio. USA Online store\",\"url\":\"https:\/\/pride.audio\/\",\"logo\":{\"@type\":\"ImageObject\",\"inLanguage\":\"es\",\"@id\":\"https:\/\/pride.audio\/#\/schema\/logo\/image\/\",\"url\":\"https:\/\/pride.audio\/wp-content\/uploads\/2023\/08\/g10.svg\",\"contentUrl\":\"https:\/\/pride.audio\/wp-content\/uploads\/2023\/08\/g10.svg\",\"width\":158,\"height\":34,\"caption\":\"Pride Audio. USA Online store\"},\"image\":{\"@id\":\"https:\/\/pride.audio\/#\/schema\/logo\/image\/\"}}]}<\/script>\n<!-- \/ Yoast SEO plugin. -->","yoast_head_json":{"title":"Componente de altavoces Pride Harmony 5C - Pride Audio. USA Online store","robots":{"index":"index","follow":"follow","max-snippet":"max-snippet:-1","max-image-preview":"max-image-preview:large","max-video-preview":"max-video-preview:-1"},"canonical":"https:\/\/pride.audio\/es\/producto\/componente-de-altavoces-pride-harmony-5c\/","og_locale":"es_ES","og_type":"article","og_title":"Componente de altavoces Pride Harmony 5C - Pride Audio. USA Online store","og_description":"Componente de altavoces Pride Harmony 5C Pride Harmony 5C es un modelo con caracter\u00edsticas impecables que te permite lograr un sonido musical claro. Tienen una calidad de construcci\u00f3n decente. Esta es una combinaci\u00f3n de tecnolog\u00eda, precio asequible, calidad y sonido genial. El material del im\u00e1n de graves medios es ferrita de alta calidad y el [&hellip;]","og_url":"https:\/\/pride.audio\/es\/producto\/componente-de-altavoces-pride-harmony-5c\/","og_site_name":"Pride Audio. USA Online store","og_image":[{"width":290,"height":290,"url":"https:\/\/pride.audio\/wp-content\/uploads\/2022\/01\/pride_harmony_5c_mini-290x290-1.jpeg","type":"image\/jpeg"}],"twitter_card":"summary_large_image","twitter_misc":{"Tiempo de lectura":"1 minuto"},"schema":{"@context":"https:\/\/schema.org","@graph":[{"@type":"WebPage","@id":"https:\/\/pride.audio\/es\/producto\/componente-de-altavoces-pride-harmony-5c\/","url":"https:\/\/pride.audio\/es\/producto\/componente-de-altavoces-pride-harmony-5c\/","name":"Componente de altavoces Pride Harmony 5C - Pride Audio. USA Online store","isPartOf":{"@id":"https:\/\/pride.audio\/#website"},"primaryImageOfPage":{"@id":"https:\/\/pride.audio\/es\/producto\/componente-de-altavoces-pride-harmony-5c\/#primaryimage"},"image":{"@id":"https:\/\/pride.audio\/es\/producto\/componente-de-altavoces-pride-harmony-5c\/#primaryimage"},"thumbnailUrl":"https:\/\/pride.audio\/wp-content\/uploads\/2022\/01\/pride_harmony_5c_mini-290x290-1.jpeg","datePublished":"2022-01-31T03:15:57+00:00","breadcrumb":{"@id":"https:\/\/pride.audio\/es\/producto\/componente-de-altavoces-pride-harmony-5c\/#breadcrumb"},"inLanguage":"es","potentialAction":[{"@type":"ReadAction","target":["https:\/\/pride.audio\/es\/producto\/componente-de-altavoces-pride-harmony-5c\/"]}]},{"@type":"ImageObject","inLanguage":"es","@id":"https:\/\/pride.audio\/es\/producto\/componente-de-altavoces-pride-harmony-5c\/#primaryimage","url":"https:\/\/pride.audio\/wp-content\/uploads\/2022\/01\/pride_harmony_5c_mini-290x290-1.jpeg","contentUrl":"https:\/\/pride.audio\/wp-content\/uploads\/2022\/01\/pride_harmony_5c_mini-290x290-1.jpeg","width":290,"height":290},{"@type":"BreadcrumbList","@id":"https:\/\/pride.audio\/es\/producto\/componente-de-altavoces-pride-harmony-5c\/#breadcrumb","itemListElement":[{"@type":"ListItem","position":1,"name":"Home","item":"https:\/\/pride.audio\/es\/"},{"@type":"ListItem","position":2,"name":"Productos","item":"https:\/\/pride.audio\/es\/productos\/"},{"@type":"ListItem","position":3,"name":"Componente de altavoces Pride Harmony 5C"}]},{"@type":"WebSite","@id":"https:\/\/pride.audio\/#website","url":"https:\/\/pride.audio\/","name":"Pride Audio. USA Online store","description":"Pride Car Audio: Official site","publisher":{"@id":"https:\/\/pride.audio\/#organization"},"potentialAction":[{"@type":"SearchAction","target":{"@type":"EntryPoint","urlTemplate":"https:\/\/pride.audio\/?s={search_term_string}"},"query-input":{"@type":"PropertyValueSpecification","valueRequired":true,"valueName":"search_term_string"}}],"inLanguage":"es"},{"@type":"Organization","@id":"https:\/\/pride.audio\/#organization","name":"Pride Audio. USA Online store","url":"https:\/\/pride.audio\/","logo":{"@type":"ImageObject","inLanguage":"es","@id":"https:\/\/pride.audio\/#\/schema\/logo\/image\/","url":"https:\/\/pride.audio\/wp-content\/uploads\/2023\/08\/g10.svg","contentUrl":"https:\/\/pride.audio\/wp-content\/uploads\/2023\/08\/g10.svg","width":158,"height":34,"caption":"Pride Audio. USA Online store"},"image":{"@id":"https:\/\/pride.audio\/#\/schema\/logo\/image\/"}}]}},"_links":{"self":[{"href":"https:\/\/pride.audio\/es\/wp-json\/wp\/v2\/product\/15384","targetHints":{"allow":["GET"]}}],"collection":[{"href":"https:\/\/pride.audio\/es\/wp-json\/wp\/v2\/product"}],"about":[{"href":"https:\/\/pride.audio\/es\/wp-json\/wp\/v2\/types\/product"}],"wp:featuredmedia":[{"embeddable":true,"href":"https:\/\/pride.audio\/es\/wp-json\/wp\/v2\/media\/17357"}],"wp:attachment":[{"href":"https:\/\/pride.audio\/es\/wp-json\/wp\/v2\/media?parent=15384"}],"wp:term":[{"taxonomy":"product_brand","embeddable":true,"href":"https:\/\/pride.audio\/es\/wp-json\/wp\/v2\/product_brand?post=15384"},{"taxonomy":"product_cat","embeddable":true,"href":"https:\/\/pride.audio\/es\/wp-json\/wp\/v2\/product_cat?post=15384"},{"taxonomy":"product_tag","embeddable":true,"href":"https:\/\/pride.audio\/es\/wp-json\/wp\/v2\/product_tag?post=15384"}],"curies":[{"name":"wp","href":"https:\/\/api.w.org\/{rel}","templated":true}]}}