{"id":15361,"date":"2022-05-08T13:43:38","date_gmt":"2022-05-08T18:43:38","guid":{"rendered":"https:\/\/pride.audio\/product\/altavoces-pride-coaxial-harmony-5x-rms-50w-tamano-5-pulgadas\/"},"modified":"2022-05-08T13:43:38","modified_gmt":"2022-05-08T11:43:38","slug":"altavoces-pride-coaxial-harmony-5x-rms-50w-tamano-5-pulgadas","status":"publish","type":"product","link":"https:\/\/pride.audio\/es\/producto\/altavoces-pride-coaxial-harmony-5x-rms-50w-tamano-5-pulgadas\/","title":{"rendered":"Altavoces Pride Coaxial Harmony 5X RMS 50W Tama\u00f1o 5 pulgadas"},"content":{"rendered":"<p><b>Coaxial Harmony 5X<\/p>\n<p><\/b><span class=\"Y2IQFc\" lang=\"es\">Hay una nueva incorporaci\u00f3n a las filas de la ac\u00fastica coaxial: estamos listos para presentarles otro conjunto de bellezas, sin las cuales la l\u00ednea no estar\u00eda completa: HARMONY 5X<\/p>\n<p><\/span><span class=\"Y2IQFc\" lang=\"es\">Tipo: ac\u00fastica coaxial de 2 v\u00edas<br \/>\nImpedancia (Z) (Ohmios) &#8211; 4<br \/>\nResistencia del devanado activo (Re) (Ohm) &#8211; 92<\/p>\n<p><\/span><span class=\"Y2IQFc\" lang=\"es\">Potencia nominal, W &#8211; 50<br \/>\nRango de frecuencia, Hz &#8211; 63-24000<br \/>\nTama\u00f1o est\u00e1ndar: 5 pulgadas.<\/p>\n<p><\/span><span class=\"Y2IQFc\" lang=\"es\">\u00a1Haz tu elecci\u00f3n y disfruta de un sonido potente en tu coche!<\/span><\/p>\n<p><b>\u00a0<\/b><\/p>\n","protected":false},"excerpt":{"rendered":"<p>Coaxial Harmony 5X Hay una nueva incorporaci\u00f3n a las filas de la ac\u00fastica coaxial: estamos listos para presentarles otro conjunto de bellezas, sin las cuales la l\u00ednea no estar\u00eda completa: HARMONY 5X Tipo: ac\u00fastica coaxial de 2 v\u00edas Impedancia (Z) (Ohmios) &#8211; 4 Resistencia del devanado activo (Re) (Ohm) &#8211; 92 Potencia nominal, W &#8211; [&hellip;]<\/p>\n","protected":false},"featured_media":17323,"template":"","meta":{"inline_featured_image":false},"product_brand":[],"product_cat":[579,584],"product_tag":[],"class_list":{"0":"post-15361","1":"product","2":"type-product","3":"status-publish","4":"has-post-thumbnail","6":"product_cat-oradores","7":"product_cat-coaxial-es","9":"first","10":"outofstock","11":"taxable","12":"shipping-taxable","13":"product-type-simple"},"acf":[],"yoast_head":"<!-- This site is optimized with the Yoast SEO plugin v27.4 - https:\/\/yoast.com\/product\/yoast-seo-wordpress\/ -->\n<title>Altavoces Pride Coaxial Harmony 5X RMS 50W Tama\u00f1o 5 pulgadas - Pride Audio. USA Online store<\/title>\n<meta name=\"robots\" content=\"index, follow, max-snippet:-1, max-image-preview:large, max-video-preview:-1\" \/>\n<link rel=\"canonical\" href=\"https:\/\/pride.audio\/es\/producto\/altavoces-pride-coaxial-harmony-5x-rms-50w-tamano-5-pulgadas\/\" \/>\n<meta property=\"og:locale\" content=\"es_ES\" \/>\n<meta property=\"og:type\" content=\"article\" \/>\n<meta property=\"og:title\" content=\"Altavoces Pride Coaxial Harmony 5X RMS 50W Tama\u00f1o 5 pulgadas - Pride Audio. USA Online store\" \/>\n<meta property=\"og:description\" content=\"Coaxial Harmony 5X Hay una nueva incorporaci\u00f3n a las filas de la ac\u00fastica coaxial: estamos listos para presentarles otro conjunto de bellezas, sin las cuales la l\u00ednea no estar\u00eda completa: HARMONY 5X Tipo: ac\u00fastica coaxial de 2 v\u00edas Impedancia (Z) (Ohmios) &#8211; 4 Resistencia del devanado activo (Re) (Ohm) &#8211; 92 Potencia nominal, W &#8211; [&hellip;]\" \/>\n<meta property=\"og:url\" content=\"https:\/\/pride.audio\/es\/producto\/altavoces-pride-coaxial-harmony-5x-rms-50w-tamano-5-pulgadas\/\" \/>\n<meta property=\"og:site_name\" content=\"Pride Audio. USA Online store\" \/>\n<meta property=\"og:image\" content=\"https:\/\/pride.audio\/wp-content\/uploads\/2022\/05\/pride_coaxial_harmony5_mini.jpg\" \/>\n\t<meta property=\"og:image:width\" content=\"400\" \/>\n\t<meta property=\"og:image:height\" content=\"400\" \/>\n\t<meta property=\"og:image:type\" content=\"image\/jpeg\" \/>\n<meta name=\"twitter:card\" content=\"summary_large_image\" \/>\n<script type=\"application\/ld+json\" class=\"yoast-schema-graph\">{\"@context\":\"https:\\\/\\\/schema.org\",\"@graph\":[{\"@type\":\"WebPage\",\"@id\":\"https:\\\/\\\/pride.audio\\\/es\\\/producto\\\/altavoces-pride-coaxial-harmony-5x-rms-50w-tamano-5-pulgadas\\\/\",\"url\":\"https:\\\/\\\/pride.audio\\\/es\\\/producto\\\/altavoces-pride-coaxial-harmony-5x-rms-50w-tamano-5-pulgadas\\\/\",\"name\":\"Altavoces Pride Coaxial Harmony 5X RMS 50W Tama\u00f1o 5 pulgadas - Pride Audio. USA Online store\",\"isPartOf\":{\"@id\":\"https:\\\/\\\/pride.audio\\\/#website\"},\"primaryImageOfPage\":{\"@id\":\"https:\\\/\\\/pride.audio\\\/es\\\/producto\\\/altavoces-pride-coaxial-harmony-5x-rms-50w-tamano-5-pulgadas\\\/#primaryimage\"},\"image\":{\"@id\":\"https:\\\/\\\/pride.audio\\\/es\\\/producto\\\/altavoces-pride-coaxial-harmony-5x-rms-50w-tamano-5-pulgadas\\\/#primaryimage\"},\"thumbnailUrl\":\"https:\\\/\\\/pride.audio\\\/wp-content\\\/uploads\\\/2022\\\/05\\\/pride_coaxial_harmony5_mini.jpg\",\"datePublished\":\"2022-05-08T18:43:38+00:00\",\"breadcrumb\":{\"@id\":\"https:\\\/\\\/pride.audio\\\/es\\\/producto\\\/altavoces-pride-coaxial-harmony-5x-rms-50w-tamano-5-pulgadas\\\/#breadcrumb\"},\"inLanguage\":\"es\",\"potentialAction\":[{\"@type\":\"ReadAction\",\"target\":[\"https:\\\/\\\/pride.audio\\\/es\\\/producto\\\/altavoces-pride-coaxial-harmony-5x-rms-50w-tamano-5-pulgadas\\\/\"]}]},{\"@type\":\"ImageObject\",\"inLanguage\":\"es\",\"@id\":\"https:\\\/\\\/pride.audio\\\/es\\\/producto\\\/altavoces-pride-coaxial-harmony-5x-rms-50w-tamano-5-pulgadas\\\/#primaryimage\",\"url\":\"https:\\\/\\\/pride.audio\\\/wp-content\\\/uploads\\\/2022\\\/05\\\/pride_coaxial_harmony5_mini.jpg\",\"contentUrl\":\"https:\\\/\\\/pride.audio\\\/wp-content\\\/uploads\\\/2022\\\/05\\\/pride_coaxial_harmony5_mini.jpg\",\"width\":400,\"height\":400},{\"@type\":\"BreadcrumbList\",\"@id\":\"https:\\\/\\\/pride.audio\\\/es\\\/producto\\\/altavoces-pride-coaxial-harmony-5x-rms-50w-tamano-5-pulgadas\\\/#breadcrumb\",\"itemListElement\":[{\"@type\":\"ListItem\",\"position\":1,\"name\":\"Home\",\"item\":\"https:\\\/\\\/pride.audio\\\/es\\\/\"},{\"@type\":\"ListItem\",\"position\":2,\"name\":\"Productos\",\"item\":\"https:\\\/\\\/pride.audio\\\/es\\\/productos\\\/\"},{\"@type\":\"ListItem\",\"position\":3,\"name\":\"Altavoces Pride Coaxial Harmony 5X RMS 50W Tama\u00f1o 5 pulgadas\"}]},{\"@type\":\"WebSite\",\"@id\":\"https:\\\/\\\/pride.audio\\\/#website\",\"url\":\"https:\\\/\\\/pride.audio\\\/\",\"name\":\"Pride Audio. USA Online store\",\"description\":\"Pride Car Audio: Official site\",\"publisher\":{\"@id\":\"https:\\\/\\\/pride.audio\\\/#organization\"},\"potentialAction\":[{\"@type\":\"SearchAction\",\"target\":{\"@type\":\"EntryPoint\",\"urlTemplate\":\"https:\\\/\\\/pride.audio\\\/?s={search_term_string}\"},\"query-input\":{\"@type\":\"PropertyValueSpecification\",\"valueRequired\":true,\"valueName\":\"search_term_string\"}}],\"inLanguage\":\"es\"},{\"@type\":\"Organization\",\"@id\":\"https:\\\/\\\/pride.audio\\\/#organization\",\"name\":\"Pride Audio. USA Online store\",\"url\":\"https:\\\/\\\/pride.audio\\\/\",\"logo\":{\"@type\":\"ImageObject\",\"inLanguage\":\"es\",\"@id\":\"https:\\\/\\\/pride.audio\\\/#\\\/schema\\\/logo\\\/image\\\/\",\"url\":\"https:\\\/\\\/pride.audio\\\/wp-content\\\/uploads\\\/2023\\\/08\\\/g10.svg\",\"contentUrl\":\"https:\\\/\\\/pride.audio\\\/wp-content\\\/uploads\\\/2023\\\/08\\\/g10.svg\",\"width\":158,\"height\":34,\"caption\":\"Pride Audio. USA Online store\"},\"image\":{\"@id\":\"https:\\\/\\\/pride.audio\\\/#\\\/schema\\\/logo\\\/image\\\/\"}}]}<\/script>\n<!-- \/ Yoast SEO plugin. -->","yoast_head_json":{"title":"Altavoces Pride Coaxial Harmony 5X RMS 50W Tama\u00f1o 5 pulgadas - Pride Audio. USA Online store","robots":{"index":"index","follow":"follow","max-snippet":"max-snippet:-1","max-image-preview":"max-image-preview:large","max-video-preview":"max-video-preview:-1"},"canonical":"https:\/\/pride.audio\/es\/producto\/altavoces-pride-coaxial-harmony-5x-rms-50w-tamano-5-pulgadas\/","og_locale":"es_ES","og_type":"article","og_title":"Altavoces Pride Coaxial Harmony 5X RMS 50W Tama\u00f1o 5 pulgadas - Pride Audio. USA Online store","og_description":"Coaxial Harmony 5X Hay una nueva incorporaci\u00f3n a las filas de la ac\u00fastica coaxial: estamos listos para presentarles otro conjunto de bellezas, sin las cuales la l\u00ednea no estar\u00eda completa: HARMONY 5X Tipo: ac\u00fastica coaxial de 2 v\u00edas Impedancia (Z) (Ohmios) &#8211; 4 Resistencia del devanado activo (Re) (Ohm) &#8211; 92 Potencia nominal, W &#8211; [&hellip;]","og_url":"https:\/\/pride.audio\/es\/producto\/altavoces-pride-coaxial-harmony-5x-rms-50w-tamano-5-pulgadas\/","og_site_name":"Pride Audio. USA Online store","og_image":[{"width":400,"height":400,"url":"https:\/\/pride.audio\/wp-content\/uploads\/2022\/05\/pride_coaxial_harmony5_mini.jpg","type":"image\/jpeg"}],"twitter_card":"summary_large_image","schema":{"@context":"https:\/\/schema.org","@graph":[{"@type":"WebPage","@id":"https:\/\/pride.audio\/es\/producto\/altavoces-pride-coaxial-harmony-5x-rms-50w-tamano-5-pulgadas\/","url":"https:\/\/pride.audio\/es\/producto\/altavoces-pride-coaxial-harmony-5x-rms-50w-tamano-5-pulgadas\/","name":"Altavoces Pride Coaxial Harmony 5X RMS 50W Tama\u00f1o 5 pulgadas - Pride Audio. USA Online store","isPartOf":{"@id":"https:\/\/pride.audio\/#website"},"primaryImageOfPage":{"@id":"https:\/\/pride.audio\/es\/producto\/altavoces-pride-coaxial-harmony-5x-rms-50w-tamano-5-pulgadas\/#primaryimage"},"image":{"@id":"https:\/\/pride.audio\/es\/producto\/altavoces-pride-coaxial-harmony-5x-rms-50w-tamano-5-pulgadas\/#primaryimage"},"thumbnailUrl":"https:\/\/pride.audio\/wp-content\/uploads\/2022\/05\/pride_coaxial_harmony5_mini.jpg","datePublished":"2022-05-08T18:43:38+00:00","breadcrumb":{"@id":"https:\/\/pride.audio\/es\/producto\/altavoces-pride-coaxial-harmony-5x-rms-50w-tamano-5-pulgadas\/#breadcrumb"},"inLanguage":"es","potentialAction":[{"@type":"ReadAction","target":["https:\/\/pride.audio\/es\/producto\/altavoces-pride-coaxial-harmony-5x-rms-50w-tamano-5-pulgadas\/"]}]},{"@type":"ImageObject","inLanguage":"es","@id":"https:\/\/pride.audio\/es\/producto\/altavoces-pride-coaxial-harmony-5x-rms-50w-tamano-5-pulgadas\/#primaryimage","url":"https:\/\/pride.audio\/wp-content\/uploads\/2022\/05\/pride_coaxial_harmony5_mini.jpg","contentUrl":"https:\/\/pride.audio\/wp-content\/uploads\/2022\/05\/pride_coaxial_harmony5_mini.jpg","width":400,"height":400},{"@type":"BreadcrumbList","@id":"https:\/\/pride.audio\/es\/producto\/altavoces-pride-coaxial-harmony-5x-rms-50w-tamano-5-pulgadas\/#breadcrumb","itemListElement":[{"@type":"ListItem","position":1,"name":"Home","item":"https:\/\/pride.audio\/es\/"},{"@type":"ListItem","position":2,"name":"Productos","item":"https:\/\/pride.audio\/es\/productos\/"},{"@type":"ListItem","position":3,"name":"Altavoces Pride Coaxial Harmony 5X RMS 50W Tama\u00f1o 5 pulgadas"}]},{"@type":"WebSite","@id":"https:\/\/pride.audio\/#website","url":"https:\/\/pride.audio\/","name":"Pride Audio. USA Online store","description":"Pride Car Audio: Official site","publisher":{"@id":"https:\/\/pride.audio\/#organization"},"potentialAction":[{"@type":"SearchAction","target":{"@type":"EntryPoint","urlTemplate":"https:\/\/pride.audio\/?s={search_term_string}"},"query-input":{"@type":"PropertyValueSpecification","valueRequired":true,"valueName":"search_term_string"}}],"inLanguage":"es"},{"@type":"Organization","@id":"https:\/\/pride.audio\/#organization","name":"Pride Audio. USA Online store","url":"https:\/\/pride.audio\/","logo":{"@type":"ImageObject","inLanguage":"es","@id":"https:\/\/pride.audio\/#\/schema\/logo\/image\/","url":"https:\/\/pride.audio\/wp-content\/uploads\/2023\/08\/g10.svg","contentUrl":"https:\/\/pride.audio\/wp-content\/uploads\/2023\/08\/g10.svg","width":158,"height":34,"caption":"Pride Audio. USA Online store"},"image":{"@id":"https:\/\/pride.audio\/#\/schema\/logo\/image\/"}}]}},"_links":{"self":[{"href":"https:\/\/pride.audio\/es\/wp-json\/wp\/v2\/product\/15361","targetHints":{"allow":["GET"]}}],"collection":[{"href":"https:\/\/pride.audio\/es\/wp-json\/wp\/v2\/product"}],"about":[{"href":"https:\/\/pride.audio\/es\/wp-json\/wp\/v2\/types\/product"}],"wp:featuredmedia":[{"embeddable":true,"href":"https:\/\/pride.audio\/es\/wp-json\/wp\/v2\/media\/17323"}],"wp:attachment":[{"href":"https:\/\/pride.audio\/es\/wp-json\/wp\/v2\/media?parent=15361"}],"wp:term":[{"taxonomy":"product_brand","embeddable":true,"href":"https:\/\/pride.audio\/es\/wp-json\/wp\/v2\/product_brand?post=15361"},{"taxonomy":"product_cat","embeddable":true,"href":"https:\/\/pride.audio\/es\/wp-json\/wp\/v2\/product_cat?post=15361"},{"taxonomy":"product_tag","embeddable":true,"href":"https:\/\/pride.audio\/es\/wp-json\/wp\/v2\/product_tag?post=15361"}],"curies":[{"name":"wp","href":"https:\/\/api.w.org\/{rel}","templated":true}]}}