{"id":15301,"date":"2022-07-21T05:06:57","date_gmt":"2022-07-21T10:06:57","guid":{"rendered":"https:\/\/pride.audio\/product\/modulo-de-reconocimiento-pride-solo-150\/"},"modified":"2022-07-21T05:06:57","modified_gmt":"2022-07-21T03:06:57","slug":"modulo-de-reconocimiento-pride-solo-150","status":"publish","type":"product","link":"https:\/\/pride.audio\/es\/producto\/modulo-de-reconocimiento-pride-solo-150\/","title":{"rendered":"M\u00f3dulo de reconocimiento Pride Solo 150"},"content":{"rendered":"<p id=\"tw-target-text\" class=\"tw-data-text tw-text-large tw-ta\" dir=\"ltr\" data-placeholder=\"\u041f\u0435\u0440\u0435\u0432\u043e\u0434\" aria-label=\"\u041f\u0435\u0440\u0435\u0432\u0435\u0434\u0435\u043d\u043d\u044b\u0439 \u0442\u0435\u043a\u0441\u0442\" data-ved=\"2ahUKEwjut-LXv6CFAxV-FBAIHYNgBoUQ3ewLegQICBAU\"><strong><span class=\"Y2IQFc\" lang=\"es\">M\u00f3dulo de reconocimiento Pride Solo 150<\/span><\/strong><\/p>\n<p class=\"tw-data-text tw-text-large tw-ta\" dir=\"ltr\" data-placeholder=\"\u041f\u0435\u0440\u0435\u0432\u043e\u0434\" aria-label=\"\u041f\u0435\u0440\u0435\u0432\u0435\u0434\u0435\u043d\u043d\u044b\u0439 \u0442\u0435\u043a\u0441\u0442\" data-ved=\"2ahUKEwjut-LXv6CFAxV-FBAIHYNgBoUQ3ewLegQICBAU\"><span class=\"Y2IQFc\" lang=\"es\">M\u00f3dulo de repuesto para el altavoz Pride Solo 150. El m\u00f3dulo de parte m\u00f3vil Pride Solo 150 le permite reemplazar o reparar f\u00e1cilmente el altavoz. El m\u00f3dulo Pride Solo 150 incluye todos los elementos del sistema de altavoces m\u00f3viles, que se ensamblan en un \u00fanico marco de pol\u00edmero. El m\u00f3dulo contiene aquellos elementos que fallan con mayor frecuencia debido a sobrecargas el\u00e9ctricas y da\u00f1os mec\u00e1nicos. En caso de aver\u00eda de la bobina m\u00f3vil y de los cables de alimentaci\u00f3n de la misma, la arandela de centrado, el difusor o la suspensi\u00f3n, se sustituye todo el sistema de movimiento en su conjunto. Con el m\u00f3dulo Pride Solo 150, la reparaci\u00f3n de los altavoces es r\u00e1pida y sencilla.<\/p>\n<p><\/span><span class=\"Y2IQFc\" lang=\"es\">Secuencia de cambio del kit de reparaci\u00f3n Pride Solo 150:<\/p>\n<p>1.<\/span><span class=\"Y2IQFc\" lang=\"es\">Desatornille el m\u00f3dulo viejo y fallido.<br \/>\n<\/span><span class=\"Y2IQFc\" lang=\"es\">2.<\/span><span class=\"Y2IQFc\" lang=\"es\">Limpiar el hueco de los restos de la bobina quemada, si est\u00e1n presentes en el hueco. Despu\u00e9s de eliminar los residuos, debe soplar el espacio o limpiarlo con cinta adhesiva enrollada. Si el espacio no se limpia adecuadamente, los residuos de la bobina m\u00f3vil pueden interferir con el funcionamiento correcto del altavoz o da\u00f1ar la nueva bobina m\u00f3vil.<br \/>\n3. <\/span><span class=\"Y2IQFc\" lang=\"es\">Instale el m\u00f3dulo con cuidado. Es importante comprender que la bobina m\u00f3vil no tiene mucha rigidez bajo cargas radiales y cualquier impacto externo sobre ella puede provocar deformaci\u00f3n.<br \/>\n4. Apretar los tornillos. No los aprietes con demasiada fuerza.<\/p>\n<p><\/span><span class=\"Y2IQFc\" lang=\"es\">Es importante tener en cuenta que si instala el m\u00f3dulo usted mismo (no a trav\u00e9s de un representante oficial), no podemos controlar la correcci\u00f3n de las acciones al reemplazarlo, lo que significa que no podemos ser responsables de la correcci\u00f3n de su funcionamiento posterior y no se proporciona ninguna garant\u00eda. este producto.<\/span><\/p>\n<p class=\"tw-data-text tw-text-large tw-ta\" dir=\"ltr\" data-placeholder=\"\u041f\u0435\u0440\u0435\u0432\u043e\u0434\" aria-label=\"\u041f\u0435\u0440\u0435\u0432\u0435\u0434\u0435\u043d\u043d\u044b\u0439 \u0442\u0435\u043a\u0441\u0442\" data-ved=\"2ahUKEwjut-LXv6CFAxV-FBAIHYNgBoUQ3ewLegQICBAU\"><span class=\"Y2IQFc\" lang=\"es\">\u00a0<\/span><\/p>\n","protected":false},"excerpt":{"rendered":"<p>M\u00f3dulo de reconocimiento Pride Solo 150 M\u00f3dulo de repuesto para el altavoz Pride Solo 150. El m\u00f3dulo de parte m\u00f3vil Pride Solo 150 le permite reemplazar o reparar f\u00e1cilmente el altavoz. El m\u00f3dulo Pride Solo 150 incluye todos los elementos del sistema de altavoces m\u00f3viles, que se ensamblan en un \u00fanico marco de pol\u00edmero. El [&hellip;]<\/p>\n","protected":false},"featured_media":17951,"template":"","meta":{"inline_featured_image":false},"product_brand":[],"product_cat":[579,586],"product_tag":[],"class_list":{"0":"post-15301","1":"product","2":"type-product","3":"status-publish","4":"has-post-thumbnail","6":"product_cat-oradores","7":"product_cat-kit-de-reconocimiento-de-altavoces","9":"first","10":"outofstock","11":"taxable","12":"shipping-taxable","13":"product-type-simple"},"acf":[],"yoast_head":"<!-- This site is optimized with the Yoast SEO plugin v27.3 - https:\/\/yoast.com\/product\/yoast-seo-wordpress\/ -->\n<title>M\u00f3dulo de reconocimiento Pride Solo 150 - Pride Audio. USA Online store<\/title>\n<meta name=\"robots\" content=\"index, follow, max-snippet:-1, max-image-preview:large, max-video-preview:-1\" \/>\n<link rel=\"canonical\" href=\"https:\/\/pride.audio\/es\/producto\/modulo-de-reconocimiento-pride-solo-150\/\" \/>\n<meta property=\"og:locale\" content=\"es_ES\" \/>\n<meta property=\"og:type\" content=\"article\" \/>\n<meta property=\"og:title\" content=\"M\u00f3dulo de reconocimiento Pride Solo 150 - Pride Audio. USA Online store\" \/>\n<meta property=\"og:description\" content=\"M\u00f3dulo de reconocimiento Pride Solo 150 M\u00f3dulo de repuesto para el altavoz Pride Solo 150. El m\u00f3dulo de parte m\u00f3vil Pride Solo 150 le permite reemplazar o reparar f\u00e1cilmente el altavoz. El m\u00f3dulo Pride Solo 150 incluye todos los elementos del sistema de altavoces m\u00f3viles, que se ensamblan en un \u00fanico marco de pol\u00edmero. El [&hellip;]\" \/>\n<meta property=\"og:url\" content=\"https:\/\/pride.audio\/es\/producto\/modulo-de-reconocimiento-pride-solo-150\/\" \/>\n<meta property=\"og:site_name\" content=\"Pride Audio. USA Online store\" \/>\n<meta property=\"og:image\" content=\"https:\/\/pride.audio\/wp-content\/uploads\/2022\/07\/recone_solo150_mini.jpeg\" \/>\n\t<meta property=\"og:image:width\" content=\"300\" \/>\n\t<meta property=\"og:image:height\" content=\"300\" \/>\n\t<meta property=\"og:image:type\" content=\"image\/jpeg\" \/>\n<meta name=\"twitter:card\" content=\"summary_large_image\" \/>\n<meta name=\"twitter:label1\" content=\"Tiempo de lectura\" \/>\n\t<meta name=\"twitter:data1\" content=\"2 minutos\" \/>\n<script type=\"application\/ld+json\" class=\"yoast-schema-graph\">{\"@context\":\"https:\\\/\\\/schema.org\",\"@graph\":[{\"@type\":\"WebPage\",\"@id\":\"https:\\\/\\\/pride.audio\\\/es\\\/producto\\\/modulo-de-reconocimiento-pride-solo-150\\\/\",\"url\":\"https:\\\/\\\/pride.audio\\\/es\\\/producto\\\/modulo-de-reconocimiento-pride-solo-150\\\/\",\"name\":\"M\u00f3dulo de reconocimiento Pride Solo 150 - Pride Audio. USA Online store\",\"isPartOf\":{\"@id\":\"https:\\\/\\\/pride.audio\\\/#website\"},\"primaryImageOfPage\":{\"@id\":\"https:\\\/\\\/pride.audio\\\/es\\\/producto\\\/modulo-de-reconocimiento-pride-solo-150\\\/#primaryimage\"},\"image\":{\"@id\":\"https:\\\/\\\/pride.audio\\\/es\\\/producto\\\/modulo-de-reconocimiento-pride-solo-150\\\/#primaryimage\"},\"thumbnailUrl\":\"https:\\\/\\\/pride.audio\\\/wp-content\\\/uploads\\\/2022\\\/07\\\/recone_solo150_mini.jpeg\",\"datePublished\":\"2022-07-21T10:06:57+00:00\",\"breadcrumb\":{\"@id\":\"https:\\\/\\\/pride.audio\\\/es\\\/producto\\\/modulo-de-reconocimiento-pride-solo-150\\\/#breadcrumb\"},\"inLanguage\":\"es\",\"potentialAction\":[{\"@type\":\"ReadAction\",\"target\":[\"https:\\\/\\\/pride.audio\\\/es\\\/producto\\\/modulo-de-reconocimiento-pride-solo-150\\\/\"]}]},{\"@type\":\"ImageObject\",\"inLanguage\":\"es\",\"@id\":\"https:\\\/\\\/pride.audio\\\/es\\\/producto\\\/modulo-de-reconocimiento-pride-solo-150\\\/#primaryimage\",\"url\":\"https:\\\/\\\/pride.audio\\\/wp-content\\\/uploads\\\/2022\\\/07\\\/recone_solo150_mini.jpeg\",\"contentUrl\":\"https:\\\/\\\/pride.audio\\\/wp-content\\\/uploads\\\/2022\\\/07\\\/recone_solo150_mini.jpeg\",\"width\":300,\"height\":300},{\"@type\":\"BreadcrumbList\",\"@id\":\"https:\\\/\\\/pride.audio\\\/es\\\/producto\\\/modulo-de-reconocimiento-pride-solo-150\\\/#breadcrumb\",\"itemListElement\":[{\"@type\":\"ListItem\",\"position\":1,\"name\":\"Home\",\"item\":\"https:\\\/\\\/pride.audio\\\/es\\\/\"},{\"@type\":\"ListItem\",\"position\":2,\"name\":\"Productos\",\"item\":\"https:\\\/\\\/pride.audio\\\/es\\\/productos\\\/\"},{\"@type\":\"ListItem\",\"position\":3,\"name\":\"M\u00f3dulo de reconocimiento Pride Solo 150\"}]},{\"@type\":\"WebSite\",\"@id\":\"https:\\\/\\\/pride.audio\\\/#website\",\"url\":\"https:\\\/\\\/pride.audio\\\/\",\"name\":\"Pride Audio. USA Online store\",\"description\":\"Pride Car Audio: Official site\",\"publisher\":{\"@id\":\"https:\\\/\\\/pride.audio\\\/#organization\"},\"potentialAction\":[{\"@type\":\"SearchAction\",\"target\":{\"@type\":\"EntryPoint\",\"urlTemplate\":\"https:\\\/\\\/pride.audio\\\/?s={search_term_string}\"},\"query-input\":{\"@type\":\"PropertyValueSpecification\",\"valueRequired\":true,\"valueName\":\"search_term_string\"}}],\"inLanguage\":\"es\"},{\"@type\":\"Organization\",\"@id\":\"https:\\\/\\\/pride.audio\\\/#organization\",\"name\":\"Pride Audio. USA Online store\",\"url\":\"https:\\\/\\\/pride.audio\\\/\",\"logo\":{\"@type\":\"ImageObject\",\"inLanguage\":\"es\",\"@id\":\"https:\\\/\\\/pride.audio\\\/#\\\/schema\\\/logo\\\/image\\\/\",\"url\":\"https:\\\/\\\/pride.audio\\\/wp-content\\\/uploads\\\/2023\\\/08\\\/g10.svg\",\"contentUrl\":\"https:\\\/\\\/pride.audio\\\/wp-content\\\/uploads\\\/2023\\\/08\\\/g10.svg\",\"width\":158,\"height\":34,\"caption\":\"Pride Audio. USA Online store\"},\"image\":{\"@id\":\"https:\\\/\\\/pride.audio\\\/#\\\/schema\\\/logo\\\/image\\\/\"}}]}<\/script>\n<!-- \/ Yoast SEO plugin. -->","yoast_head_json":{"title":"M\u00f3dulo de reconocimiento Pride Solo 150 - Pride Audio. USA Online store","robots":{"index":"index","follow":"follow","max-snippet":"max-snippet:-1","max-image-preview":"max-image-preview:large","max-video-preview":"max-video-preview:-1"},"canonical":"https:\/\/pride.audio\/es\/producto\/modulo-de-reconocimiento-pride-solo-150\/","og_locale":"es_ES","og_type":"article","og_title":"M\u00f3dulo de reconocimiento Pride Solo 150 - Pride Audio. USA Online store","og_description":"M\u00f3dulo de reconocimiento Pride Solo 150 M\u00f3dulo de repuesto para el altavoz Pride Solo 150. El m\u00f3dulo de parte m\u00f3vil Pride Solo 150 le permite reemplazar o reparar f\u00e1cilmente el altavoz. El m\u00f3dulo Pride Solo 150 incluye todos los elementos del sistema de altavoces m\u00f3viles, que se ensamblan en un \u00fanico marco de pol\u00edmero. El [&hellip;]","og_url":"https:\/\/pride.audio\/es\/producto\/modulo-de-reconocimiento-pride-solo-150\/","og_site_name":"Pride Audio. USA Online store","og_image":[{"width":300,"height":300,"url":"https:\/\/pride.audio\/wp-content\/uploads\/2022\/07\/recone_solo150_mini.jpeg","type":"image\/jpeg"}],"twitter_card":"summary_large_image","twitter_misc":{"Tiempo de lectura":"2 minutos"},"schema":{"@context":"https:\/\/schema.org","@graph":[{"@type":"WebPage","@id":"https:\/\/pride.audio\/es\/producto\/modulo-de-reconocimiento-pride-solo-150\/","url":"https:\/\/pride.audio\/es\/producto\/modulo-de-reconocimiento-pride-solo-150\/","name":"M\u00f3dulo de reconocimiento Pride Solo 150 - Pride Audio. USA Online store","isPartOf":{"@id":"https:\/\/pride.audio\/#website"},"primaryImageOfPage":{"@id":"https:\/\/pride.audio\/es\/producto\/modulo-de-reconocimiento-pride-solo-150\/#primaryimage"},"image":{"@id":"https:\/\/pride.audio\/es\/producto\/modulo-de-reconocimiento-pride-solo-150\/#primaryimage"},"thumbnailUrl":"https:\/\/pride.audio\/wp-content\/uploads\/2022\/07\/recone_solo150_mini.jpeg","datePublished":"2022-07-21T10:06:57+00:00","breadcrumb":{"@id":"https:\/\/pride.audio\/es\/producto\/modulo-de-reconocimiento-pride-solo-150\/#breadcrumb"},"inLanguage":"es","potentialAction":[{"@type":"ReadAction","target":["https:\/\/pride.audio\/es\/producto\/modulo-de-reconocimiento-pride-solo-150\/"]}]},{"@type":"ImageObject","inLanguage":"es","@id":"https:\/\/pride.audio\/es\/producto\/modulo-de-reconocimiento-pride-solo-150\/#primaryimage","url":"https:\/\/pride.audio\/wp-content\/uploads\/2022\/07\/recone_solo150_mini.jpeg","contentUrl":"https:\/\/pride.audio\/wp-content\/uploads\/2022\/07\/recone_solo150_mini.jpeg","width":300,"height":300},{"@type":"BreadcrumbList","@id":"https:\/\/pride.audio\/es\/producto\/modulo-de-reconocimiento-pride-solo-150\/#breadcrumb","itemListElement":[{"@type":"ListItem","position":1,"name":"Home","item":"https:\/\/pride.audio\/es\/"},{"@type":"ListItem","position":2,"name":"Productos","item":"https:\/\/pride.audio\/es\/productos\/"},{"@type":"ListItem","position":3,"name":"M\u00f3dulo de reconocimiento Pride Solo 150"}]},{"@type":"WebSite","@id":"https:\/\/pride.audio\/#website","url":"https:\/\/pride.audio\/","name":"Pride Audio. USA Online store","description":"Pride Car Audio: Official site","publisher":{"@id":"https:\/\/pride.audio\/#organization"},"potentialAction":[{"@type":"SearchAction","target":{"@type":"EntryPoint","urlTemplate":"https:\/\/pride.audio\/?s={search_term_string}"},"query-input":{"@type":"PropertyValueSpecification","valueRequired":true,"valueName":"search_term_string"}}],"inLanguage":"es"},{"@type":"Organization","@id":"https:\/\/pride.audio\/#organization","name":"Pride Audio. USA Online store","url":"https:\/\/pride.audio\/","logo":{"@type":"ImageObject","inLanguage":"es","@id":"https:\/\/pride.audio\/#\/schema\/logo\/image\/","url":"https:\/\/pride.audio\/wp-content\/uploads\/2023\/08\/g10.svg","contentUrl":"https:\/\/pride.audio\/wp-content\/uploads\/2023\/08\/g10.svg","width":158,"height":34,"caption":"Pride Audio. USA Online store"},"image":{"@id":"https:\/\/pride.audio\/#\/schema\/logo\/image\/"}}]}},"_links":{"self":[{"href":"https:\/\/pride.audio\/es\/wp-json\/wp\/v2\/product\/15301","targetHints":{"allow":["GET"]}}],"collection":[{"href":"https:\/\/pride.audio\/es\/wp-json\/wp\/v2\/product"}],"about":[{"href":"https:\/\/pride.audio\/es\/wp-json\/wp\/v2\/types\/product"}],"wp:featuredmedia":[{"embeddable":true,"href":"https:\/\/pride.audio\/es\/wp-json\/wp\/v2\/media\/17951"}],"wp:attachment":[{"href":"https:\/\/pride.audio\/es\/wp-json\/wp\/v2\/media?parent=15301"}],"wp:term":[{"taxonomy":"product_brand","embeddable":true,"href":"https:\/\/pride.audio\/es\/wp-json\/wp\/v2\/product_brand?post=15301"},{"taxonomy":"product_cat","embeddable":true,"href":"https:\/\/pride.audio\/es\/wp-json\/wp\/v2\/product_cat?post=15301"},{"taxonomy":"product_tag","embeddable":true,"href":"https:\/\/pride.audio\/es\/wp-json\/wp\/v2\/product_tag?post=15301"}],"curies":[{"name":"wp","href":"https:\/\/api.w.org\/{rel}","templated":true}]}}