{"id":15284,"date":"2022-09-16T11:29:27","date_gmt":"2022-09-16T16:29:27","guid":{"rendered":"https:\/\/pride.audio\/product\/subwoofer-pride-m6-10-rms-600-w\/"},"modified":"2024-05-08T16:22:12","modified_gmt":"2024-05-08T14:22:12","slug":"subwoofer-pride-m6-10-rms-600-w","status":"publish","type":"product","link":"https:\/\/pride.audio\/es\/producto\/subwoofer-pride-m6-10-rms-600-w\/","title":{"rendered":"Subwoofer Pride M6.10 RMS 600 W Tama\u00f1o 10&#8243;"},"content":{"rendered":"<p><b>Subwoofer Pride M6.10<\/b><\/p>\n<p><span class=\"Y2IQFc\" lang=\"es\">Te presentamos el Subwoofer Pride M6.10<\/span><\/p>\n<p>Pride M.6 10&#8243; es un modelo con caracter\u00edsticas impecables que le permite lograr un sonido de m\u00fasica claro. El subwoofer tiene un RMS honesto: 600 vatios, as\u00ed como una eficiencia a\u00fan mejor que los modelos anteriores.<\/p>\n<p>Bobina m\u00f3vil: cobre redondo de 2 \u2033<br \/>\nTama\u00f1o 10&#8243;<\/p>\n<p>Las propiedades distintivas de nuestros subwoofers son la alta calidad de las materias primas, su resistencia al desgaste y su larga vida \u00fatil, lo que significa que su sistema de altavoces Pride Car Audio funcionar\u00e1 correctamente durante muchos a\u00f1os.<\/p>\n<p><span class=\"Y2IQFc\" lang=\"es\">Del\u00e9itese con graves potentes, sonido claro y equipo confiable con Pride Car Audio<\/span><\/p>\n<p><b>\u00a0<\/b><\/p>\n","protected":false},"excerpt":{"rendered":"<p>Subwoofer Pride M6.10 Te presentamos el Subwoofer Pride M6.10 Pride M.6 10&#8243; es un modelo con caracter\u00edsticas impecables que le permite lograr un sonido de m\u00fasica claro. El subwoofer tiene un RMS honesto: 600 vatios, as\u00ed como una eficiencia a\u00fan mejor que los modelos anteriores. Bobina m\u00f3vil: cobre redondo de 2 \u2033 Tama\u00f1o 10&#8243; Las [&hellip;]<\/p>\n","protected":false},"featured_media":18378,"template":"","meta":{"inline_featured_image":false},"product_brand":[],"product_cat":[588,589],"product_tag":[],"class_list":{"0":"post-15284","1":"product","2":"type-product","3":"status-publish","4":"has-post-thumbnail","6":"product_cat-subwoofers-es","7":"product_cat-serie-m-6-600w","9":"first","10":"outofstock","11":"taxable","12":"shipping-taxable","13":"product-type-variable"},"acf":[],"yoast_head":"<!-- This site is optimized with the Yoast SEO plugin v27.2 - https:\/\/yoast.com\/product\/yoast-seo-wordpress\/ -->\n<title>Subwoofer Pride M6.10 RMS 600 W Tama\u00f1o 10&quot; - Pride Audio. USA Online store<\/title>\n<meta name=\"robots\" content=\"index, follow, max-snippet:-1, max-image-preview:large, max-video-preview:-1\" \/>\n<link rel=\"canonical\" href=\"https:\/\/pride.audio\/es\/producto\/subwoofer-pride-m6-10-rms-600-w\/\" \/>\n<meta property=\"og:locale\" content=\"es_ES\" \/>\n<meta property=\"og:type\" content=\"article\" \/>\n<meta property=\"og:title\" content=\"Subwoofer Pride M6.10 RMS 600 W Tama\u00f1o 10&quot; - Pride Audio. USA Online store\" \/>\n<meta property=\"og:description\" content=\"Subwoofer Pride M6.10 Te presentamos el Subwoofer Pride M6.10 Pride M.6 10&#8243; es un modelo con caracter\u00edsticas impecables que le permite lograr un sonido de m\u00fasica claro. El subwoofer tiene un RMS honesto: 600 vatios, as\u00ed como una eficiencia a\u00fan mejor que los modelos anteriores. Bobina m\u00f3vil: cobre redondo de 2 \u2033 Tama\u00f1o 10&#8243; Las [&hellip;]\" \/>\n<meta property=\"og:url\" content=\"https:\/\/pride.audio\/es\/producto\/subwoofer-pride-m6-10-rms-600-w\/\" \/>\n<meta property=\"og:site_name\" content=\"Pride Audio. USA Online store\" \/>\n<meta property=\"article:modified_time\" content=\"2024-05-08T14:22:12+00:00\" \/>\n<meta property=\"og:image\" content=\"https:\/\/pride.audio\/wp-content\/uploads\/pride_subwoofer_m610_1.jpg\" \/>\n\t<meta property=\"og:image:width\" content=\"559\" \/>\n\t<meta property=\"og:image:height\" content=\"424\" \/>\n\t<meta property=\"og:image:type\" content=\"image\/jpeg\" \/>\n<meta name=\"twitter:card\" content=\"summary_large_image\" \/>\n<meta name=\"twitter:label1\" content=\"Tiempo de lectura\" \/>\n\t<meta name=\"twitter:data1\" content=\"1 minuto\" \/>\n<script type=\"application\/ld+json\" class=\"yoast-schema-graph\">{\"@context\":\"https:\/\/schema.org\",\"@graph\":[{\"@type\":\"WebPage\",\"@id\":\"https:\/\/pride.audio\/es\/producto\/subwoofer-pride-m6-10-rms-600-w\/\",\"url\":\"https:\/\/pride.audio\/es\/producto\/subwoofer-pride-m6-10-rms-600-w\/\",\"name\":\"Subwoofer Pride M6.10 RMS 600 W Tama\u00f1o 10\\\" - Pride Audio. USA Online store\",\"isPartOf\":{\"@id\":\"https:\/\/pride.audio\/#website\"},\"primaryImageOfPage\":{\"@id\":\"https:\/\/pride.audio\/es\/producto\/subwoofer-pride-m6-10-rms-600-w\/#primaryimage\"},\"image\":{\"@id\":\"https:\/\/pride.audio\/es\/producto\/subwoofer-pride-m6-10-rms-600-w\/#primaryimage\"},\"thumbnailUrl\":\"https:\/\/pride.audio\/wp-content\/uploads\/2022\/09\/pride_subwoofer_m610_1.jpg\",\"datePublished\":\"2022-09-16T16:29:27+00:00\",\"dateModified\":\"2024-05-08T14:22:12+00:00\",\"breadcrumb\":{\"@id\":\"https:\/\/pride.audio\/es\/producto\/subwoofer-pride-m6-10-rms-600-w\/#breadcrumb\"},\"inLanguage\":\"es\",\"potentialAction\":[{\"@type\":\"ReadAction\",\"target\":[\"https:\/\/pride.audio\/es\/producto\/subwoofer-pride-m6-10-rms-600-w\/\"]}]},{\"@type\":\"ImageObject\",\"inLanguage\":\"es\",\"@id\":\"https:\/\/pride.audio\/es\/producto\/subwoofer-pride-m6-10-rms-600-w\/#primaryimage\",\"url\":\"https:\/\/pride.audio\/wp-content\/uploads\/2022\/09\/pride_subwoofer_m610_1.jpg\",\"contentUrl\":\"https:\/\/pride.audio\/wp-content\/uploads\/2022\/09\/pride_subwoofer_m610_1.jpg\",\"width\":559,\"height\":424},{\"@type\":\"BreadcrumbList\",\"@id\":\"https:\/\/pride.audio\/es\/producto\/subwoofer-pride-m6-10-rms-600-w\/#breadcrumb\",\"itemListElement\":[{\"@type\":\"ListItem\",\"position\":1,\"name\":\"Home\",\"item\":\"https:\/\/pride.audio\/es\/\"},{\"@type\":\"ListItem\",\"position\":2,\"name\":\"Productos\",\"item\":\"https:\/\/pride.audio\/es\/productos\/\"},{\"@type\":\"ListItem\",\"position\":3,\"name\":\"Subwoofer Pride M6.10 RMS 600 W Tama\u00f1o 10&#8243;\"}]},{\"@type\":\"WebSite\",\"@id\":\"https:\/\/pride.audio\/#website\",\"url\":\"https:\/\/pride.audio\/\",\"name\":\"Pride Audio. USA Online store\",\"description\":\"Pride Car Audio: Official site\",\"publisher\":{\"@id\":\"https:\/\/pride.audio\/#organization\"},\"potentialAction\":[{\"@type\":\"SearchAction\",\"target\":{\"@type\":\"EntryPoint\",\"urlTemplate\":\"https:\/\/pride.audio\/?s={search_term_string}\"},\"query-input\":{\"@type\":\"PropertyValueSpecification\",\"valueRequired\":true,\"valueName\":\"search_term_string\"}}],\"inLanguage\":\"es\"},{\"@type\":\"Organization\",\"@id\":\"https:\/\/pride.audio\/#organization\",\"name\":\"Pride Audio. USA Online store\",\"url\":\"https:\/\/pride.audio\/\",\"logo\":{\"@type\":\"ImageObject\",\"inLanguage\":\"es\",\"@id\":\"https:\/\/pride.audio\/#\/schema\/logo\/image\/\",\"url\":\"https:\/\/pride.audio\/wp-content\/uploads\/2023\/08\/g10.svg\",\"contentUrl\":\"https:\/\/pride.audio\/wp-content\/uploads\/2023\/08\/g10.svg\",\"width\":158,\"height\":34,\"caption\":\"Pride Audio. USA Online store\"},\"image\":{\"@id\":\"https:\/\/pride.audio\/#\/schema\/logo\/image\/\"}}]}<\/script>\n<!-- \/ Yoast SEO plugin. -->","yoast_head_json":{"title":"Subwoofer Pride M6.10 RMS 600 W Tama\u00f1o 10\" - Pride Audio. USA Online store","robots":{"index":"index","follow":"follow","max-snippet":"max-snippet:-1","max-image-preview":"max-image-preview:large","max-video-preview":"max-video-preview:-1"},"canonical":"https:\/\/pride.audio\/es\/producto\/subwoofer-pride-m6-10-rms-600-w\/","og_locale":"es_ES","og_type":"article","og_title":"Subwoofer Pride M6.10 RMS 600 W Tama\u00f1o 10\" - Pride Audio. USA Online store","og_description":"Subwoofer Pride M6.10 Te presentamos el Subwoofer Pride M6.10 Pride M.6 10&#8243; es un modelo con caracter\u00edsticas impecables que le permite lograr un sonido de m\u00fasica claro. El subwoofer tiene un RMS honesto: 600 vatios, as\u00ed como una eficiencia a\u00fan mejor que los modelos anteriores. Bobina m\u00f3vil: cobre redondo de 2 \u2033 Tama\u00f1o 10&#8243; Las [&hellip;]","og_url":"https:\/\/pride.audio\/es\/producto\/subwoofer-pride-m6-10-rms-600-w\/","og_site_name":"Pride Audio. USA Online store","article_modified_time":"2024-05-08T14:22:12+00:00","og_image":[{"width":559,"height":424,"url":"https:\/\/pride.audio\/wp-content\/uploads\/pride_subwoofer_m610_1.jpg","type":"image\/jpeg"}],"twitter_card":"summary_large_image","twitter_misc":{"Tiempo de lectura":"1 minuto"},"schema":{"@context":"https:\/\/schema.org","@graph":[{"@type":"WebPage","@id":"https:\/\/pride.audio\/es\/producto\/subwoofer-pride-m6-10-rms-600-w\/","url":"https:\/\/pride.audio\/es\/producto\/subwoofer-pride-m6-10-rms-600-w\/","name":"Subwoofer Pride M6.10 RMS 600 W Tama\u00f1o 10\" - Pride Audio. USA Online store","isPartOf":{"@id":"https:\/\/pride.audio\/#website"},"primaryImageOfPage":{"@id":"https:\/\/pride.audio\/es\/producto\/subwoofer-pride-m6-10-rms-600-w\/#primaryimage"},"image":{"@id":"https:\/\/pride.audio\/es\/producto\/subwoofer-pride-m6-10-rms-600-w\/#primaryimage"},"thumbnailUrl":"https:\/\/pride.audio\/wp-content\/uploads\/2022\/09\/pride_subwoofer_m610_1.jpg","datePublished":"2022-09-16T16:29:27+00:00","dateModified":"2024-05-08T14:22:12+00:00","breadcrumb":{"@id":"https:\/\/pride.audio\/es\/producto\/subwoofer-pride-m6-10-rms-600-w\/#breadcrumb"},"inLanguage":"es","potentialAction":[{"@type":"ReadAction","target":["https:\/\/pride.audio\/es\/producto\/subwoofer-pride-m6-10-rms-600-w\/"]}]},{"@type":"ImageObject","inLanguage":"es","@id":"https:\/\/pride.audio\/es\/producto\/subwoofer-pride-m6-10-rms-600-w\/#primaryimage","url":"https:\/\/pride.audio\/wp-content\/uploads\/2022\/09\/pride_subwoofer_m610_1.jpg","contentUrl":"https:\/\/pride.audio\/wp-content\/uploads\/2022\/09\/pride_subwoofer_m610_1.jpg","width":559,"height":424},{"@type":"BreadcrumbList","@id":"https:\/\/pride.audio\/es\/producto\/subwoofer-pride-m6-10-rms-600-w\/#breadcrumb","itemListElement":[{"@type":"ListItem","position":1,"name":"Home","item":"https:\/\/pride.audio\/es\/"},{"@type":"ListItem","position":2,"name":"Productos","item":"https:\/\/pride.audio\/es\/productos\/"},{"@type":"ListItem","position":3,"name":"Subwoofer Pride M6.10 RMS 600 W Tama\u00f1o 10&#8243;"}]},{"@type":"WebSite","@id":"https:\/\/pride.audio\/#website","url":"https:\/\/pride.audio\/","name":"Pride Audio. USA Online store","description":"Pride Car Audio: Official site","publisher":{"@id":"https:\/\/pride.audio\/#organization"},"potentialAction":[{"@type":"SearchAction","target":{"@type":"EntryPoint","urlTemplate":"https:\/\/pride.audio\/?s={search_term_string}"},"query-input":{"@type":"PropertyValueSpecification","valueRequired":true,"valueName":"search_term_string"}}],"inLanguage":"es"},{"@type":"Organization","@id":"https:\/\/pride.audio\/#organization","name":"Pride Audio. USA Online store","url":"https:\/\/pride.audio\/","logo":{"@type":"ImageObject","inLanguage":"es","@id":"https:\/\/pride.audio\/#\/schema\/logo\/image\/","url":"https:\/\/pride.audio\/wp-content\/uploads\/2023\/08\/g10.svg","contentUrl":"https:\/\/pride.audio\/wp-content\/uploads\/2023\/08\/g10.svg","width":158,"height":34,"caption":"Pride Audio. USA Online store"},"image":{"@id":"https:\/\/pride.audio\/#\/schema\/logo\/image\/"}}]}},"_links":{"self":[{"href":"https:\/\/pride.audio\/es\/wp-json\/wp\/v2\/product\/15284","targetHints":{"allow":["GET"]}}],"collection":[{"href":"https:\/\/pride.audio\/es\/wp-json\/wp\/v2\/product"}],"about":[{"href":"https:\/\/pride.audio\/es\/wp-json\/wp\/v2\/types\/product"}],"wp:featuredmedia":[{"embeddable":true,"href":"https:\/\/pride.audio\/es\/wp-json\/wp\/v2\/media\/18378"}],"wp:attachment":[{"href":"https:\/\/pride.audio\/es\/wp-json\/wp\/v2\/media?parent=15284"}],"wp:term":[{"taxonomy":"product_brand","embeddable":true,"href":"https:\/\/pride.audio\/es\/wp-json\/wp\/v2\/product_brand?post=15284"},{"taxonomy":"product_cat","embeddable":true,"href":"https:\/\/pride.audio\/es\/wp-json\/wp\/v2\/product_cat?post=15284"},{"taxonomy":"product_tag","embeddable":true,"href":"https:\/\/pride.audio\/es\/wp-json\/wp\/v2\/product_tag?post=15284"}],"curies":[{"name":"wp","href":"https:\/\/api.w.org\/{rel}","templated":true}]}}