{"id":15276,"date":"2022-09-16T12:18:23","date_gmt":"2022-09-16T17:18:23","guid":{"rendered":"https:\/\/pride.audio\/product\/subwoofer-pride-m9-10-rms-900w-tamano-10\/"},"modified":"2022-09-16T12:18:23","modified_gmt":"2022-09-16T10:18:23","slug":"subwoofer-pride-m9-10-rms-900w-tamano-10","status":"publish","type":"product","link":"https:\/\/pride.audio\/es\/producto\/subwoofer-pride-m9-10-rms-900w-tamano-10\/","title":{"rendered":"Subwoofer Pride M9.10 RMS 900W Tama\u00f1o 10&#8243;"},"content":{"rendered":"<p><b>Subwoofer Pride M9.10<\/p>\n<p><\/b><span class=\"Y2IQFc\" lang=\"es\">Altavoz subwoofer Pride M9.10 con un dise\u00f1o modular \u00fanico de Pride. El dise\u00f1o de la cesta con un radiador con sistema magn\u00e9tico proporciona una distribuci\u00f3n eficaz de los flujos de aire para un m\u00e1ximo efecto de refrigeraci\u00f3n. Sistema magn\u00e9tico fabricado en ferrita del m\u00e1s alto est\u00e1ndar, calculado por el m\u00e9todo de elementos finitos con alta inducci\u00f3n en el hueco. La bobina m\u00f3vil de 2,5&#8243; de alta temperatura enrollada con alambre de cobre proporciona la mayor resistencia al calor posible.<\/p>\n<p><\/span><span class=\"Y2IQFc\" lang=\"es\">Un subwoofer es un altavoz de baja frecuencia dise\u00f1ado para reproducir las frecuencias m\u00e1s bajas, aproximadamente de 20 a 63 Hz, y sirve como complemento al sistema de audio de un autom\u00f3vil.<\/p>\n<p>RMS &#8211; 900W Tama\u00f1o 10&#8243;<\/p>\n<p><\/span><span class=\"Y2IQFc\" lang=\"es\">\u00a1Del\u00e9itate con unos graves potentes, un sonido claro y un equipo fiable con Pride Car Audio!<\/span><\/p>\n<p><span class=\"Y2IQFc\" lang=\"es\"><\/p>\n<p><\/span><\/p>\n<p><b>\u00a0<\/b><\/p>\n","protected":false},"excerpt":{"rendered":"<p>Subwoofer Pride M9.10 Altavoz subwoofer Pride M9.10 con un dise\u00f1o modular \u00fanico de Pride. El dise\u00f1o de la cesta con un radiador con sistema magn\u00e9tico proporciona una distribuci\u00f3n eficaz de los flujos de aire para un m\u00e1ximo efecto de refrigeraci\u00f3n. Sistema magn\u00e9tico fabricado en ferrita del m\u00e1s alto est\u00e1ndar, calculado por el m\u00e9todo de elementos [&hellip;]<\/p>\n","protected":false},"featured_media":18322,"template":"","meta":{"inline_featured_image":false},"product_brand":[],"product_cat":[588,590],"product_tag":[],"class_list":{"0":"post-15276","1":"product","2":"type-product","3":"status-publish","4":"has-post-thumbnail","6":"product_cat-subwoofers-es","7":"product_cat-pride-serie-m-9-900w","9":"first","10":"outofstock","11":"taxable","12":"shipping-taxable","13":"product-type-variable"},"acf":[],"yoast_head":"<!-- This site is optimized with the Yoast SEO plugin v27.5 - https:\/\/yoast.com\/product\/yoast-seo-wordpress\/ -->\n<title>Subwoofer Pride M9.10 RMS 900W Tama\u00f1o 10&quot; - Pride Audio. USA Online store<\/title>\n<meta name=\"robots\" content=\"index, follow, max-snippet:-1, max-image-preview:large, max-video-preview:-1\" \/>\n<link rel=\"canonical\" href=\"https:\/\/pride.audio\/es\/producto\/subwoofer-pride-m9-10-rms-900w-tamano-10\/\" \/>\n<meta property=\"og:locale\" content=\"es_ES\" \/>\n<meta property=\"og:type\" content=\"article\" \/>\n<meta property=\"og:title\" content=\"Subwoofer Pride M9.10 RMS 900W Tama\u00f1o 10&quot; - Pride Audio. USA Online store\" \/>\n<meta property=\"og:description\" content=\"Subwoofer Pride M9.10 Altavoz subwoofer Pride M9.10 con un dise\u00f1o modular \u00fanico de Pride. El dise\u00f1o de la cesta con un radiador con sistema magn\u00e9tico proporciona una distribuci\u00f3n eficaz de los flujos de aire para un m\u00e1ximo efecto de refrigeraci\u00f3n. Sistema magn\u00e9tico fabricado en ferrita del m\u00e1s alto est\u00e1ndar, calculado por el m\u00e9todo de elementos [&hellip;]\" \/>\n<meta property=\"og:url\" content=\"https:\/\/pride.audio\/es\/producto\/subwoofer-pride-m9-10-rms-900w-tamano-10\/\" \/>\n<meta property=\"og:site_name\" content=\"Pride Audio. USA Online store\" \/>\n<meta property=\"og:image\" content=\"https:\/\/pride.audio\/wp-content\/uploads\/2022\/09\/pride_subwoofer_m910_1.jpg\" \/>\n\t<meta property=\"og:image:width\" content=\"469\" \/>\n\t<meta property=\"og:image:height\" content=\"356\" \/>\n\t<meta property=\"og:image:type\" content=\"image\/jpeg\" \/>\n<meta name=\"twitter:card\" content=\"summary_large_image\" \/>\n<meta name=\"twitter:label1\" content=\"Tiempo de lectura\" \/>\n\t<meta name=\"twitter:data1\" content=\"1 minuto\" \/>\n<script type=\"application\/ld+json\" class=\"yoast-schema-graph\">{\"@context\":\"https:\\\/\\\/schema.org\",\"@graph\":[{\"@type\":\"WebPage\",\"@id\":\"https:\\\/\\\/pride.audio\\\/es\\\/producto\\\/subwoofer-pride-m9-10-rms-900w-tamano-10\\\/\",\"url\":\"https:\\\/\\\/pride.audio\\\/es\\\/producto\\\/subwoofer-pride-m9-10-rms-900w-tamano-10\\\/\",\"name\":\"Subwoofer Pride M9.10 RMS 900W Tama\u00f1o 10\\\" - Pride Audio. USA Online store\",\"isPartOf\":{\"@id\":\"https:\\\/\\\/pride.audio\\\/#website\"},\"primaryImageOfPage\":{\"@id\":\"https:\\\/\\\/pride.audio\\\/es\\\/producto\\\/subwoofer-pride-m9-10-rms-900w-tamano-10\\\/#primaryimage\"},\"image\":{\"@id\":\"https:\\\/\\\/pride.audio\\\/es\\\/producto\\\/subwoofer-pride-m9-10-rms-900w-tamano-10\\\/#primaryimage\"},\"thumbnailUrl\":\"https:\\\/\\\/pride.audio\\\/wp-content\\\/uploads\\\/2022\\\/09\\\/pride_subwoofer_m910_1.jpg\",\"datePublished\":\"2022-09-16T17:18:23+00:00\",\"breadcrumb\":{\"@id\":\"https:\\\/\\\/pride.audio\\\/es\\\/producto\\\/subwoofer-pride-m9-10-rms-900w-tamano-10\\\/#breadcrumb\"},\"inLanguage\":\"es\",\"potentialAction\":[{\"@type\":\"ReadAction\",\"target\":[\"https:\\\/\\\/pride.audio\\\/es\\\/producto\\\/subwoofer-pride-m9-10-rms-900w-tamano-10\\\/\"]}]},{\"@type\":\"ImageObject\",\"inLanguage\":\"es\",\"@id\":\"https:\\\/\\\/pride.audio\\\/es\\\/producto\\\/subwoofer-pride-m9-10-rms-900w-tamano-10\\\/#primaryimage\",\"url\":\"https:\\\/\\\/pride.audio\\\/wp-content\\\/uploads\\\/2022\\\/09\\\/pride_subwoofer_m910_1.jpg\",\"contentUrl\":\"https:\\\/\\\/pride.audio\\\/wp-content\\\/uploads\\\/2022\\\/09\\\/pride_subwoofer_m910_1.jpg\",\"width\":469,\"height\":356},{\"@type\":\"BreadcrumbList\",\"@id\":\"https:\\\/\\\/pride.audio\\\/es\\\/producto\\\/subwoofer-pride-m9-10-rms-900w-tamano-10\\\/#breadcrumb\",\"itemListElement\":[{\"@type\":\"ListItem\",\"position\":1,\"name\":\"Home\",\"item\":\"https:\\\/\\\/pride.audio\\\/es\\\/\"},{\"@type\":\"ListItem\",\"position\":2,\"name\":\"Productos\",\"item\":\"https:\\\/\\\/pride.audio\\\/es\\\/productos\\\/\"},{\"@type\":\"ListItem\",\"position\":3,\"name\":\"Subwoofer Pride M9.10 RMS 900W Tama\u00f1o 10&#8243;\"}]},{\"@type\":\"WebSite\",\"@id\":\"https:\\\/\\\/pride.audio\\\/#website\",\"url\":\"https:\\\/\\\/pride.audio\\\/\",\"name\":\"Pride Audio. USA Online store\",\"description\":\"Pride Car Audio: Official site\",\"publisher\":{\"@id\":\"https:\\\/\\\/pride.audio\\\/#organization\"},\"potentialAction\":[{\"@type\":\"SearchAction\",\"target\":{\"@type\":\"EntryPoint\",\"urlTemplate\":\"https:\\\/\\\/pride.audio\\\/?s={search_term_string}\"},\"query-input\":{\"@type\":\"PropertyValueSpecification\",\"valueRequired\":true,\"valueName\":\"search_term_string\"}}],\"inLanguage\":\"es\"},{\"@type\":\"Organization\",\"@id\":\"https:\\\/\\\/pride.audio\\\/#organization\",\"name\":\"Pride Audio. USA Online store\",\"url\":\"https:\\\/\\\/pride.audio\\\/\",\"logo\":{\"@type\":\"ImageObject\",\"inLanguage\":\"es\",\"@id\":\"https:\\\/\\\/pride.audio\\\/#\\\/schema\\\/logo\\\/image\\\/\",\"url\":\"https:\\\/\\\/pride.audio\\\/wp-content\\\/uploads\\\/2023\\\/08\\\/g10.svg\",\"contentUrl\":\"https:\\\/\\\/pride.audio\\\/wp-content\\\/uploads\\\/2023\\\/08\\\/g10.svg\",\"width\":158,\"height\":34,\"caption\":\"Pride Audio. USA Online store\"},\"image\":{\"@id\":\"https:\\\/\\\/pride.audio\\\/#\\\/schema\\\/logo\\\/image\\\/\"}}]}<\/script>\n<!-- \/ Yoast SEO plugin. -->","yoast_head_json":{"title":"Subwoofer Pride M9.10 RMS 900W Tama\u00f1o 10\" - Pride Audio. USA Online store","robots":{"index":"index","follow":"follow","max-snippet":"max-snippet:-1","max-image-preview":"max-image-preview:large","max-video-preview":"max-video-preview:-1"},"canonical":"https:\/\/pride.audio\/es\/producto\/subwoofer-pride-m9-10-rms-900w-tamano-10\/","og_locale":"es_ES","og_type":"article","og_title":"Subwoofer Pride M9.10 RMS 900W Tama\u00f1o 10\" - Pride Audio. USA Online store","og_description":"Subwoofer Pride M9.10 Altavoz subwoofer Pride M9.10 con un dise\u00f1o modular \u00fanico de Pride. El dise\u00f1o de la cesta con un radiador con sistema magn\u00e9tico proporciona una distribuci\u00f3n eficaz de los flujos de aire para un m\u00e1ximo efecto de refrigeraci\u00f3n. Sistema magn\u00e9tico fabricado en ferrita del m\u00e1s alto est\u00e1ndar, calculado por el m\u00e9todo de elementos [&hellip;]","og_url":"https:\/\/pride.audio\/es\/producto\/subwoofer-pride-m9-10-rms-900w-tamano-10\/","og_site_name":"Pride Audio. USA Online store","og_image":[{"width":469,"height":356,"url":"https:\/\/pride.audio\/wp-content\/uploads\/2022\/09\/pride_subwoofer_m910_1.jpg","type":"image\/jpeg"}],"twitter_card":"summary_large_image","twitter_misc":{"Tiempo de lectura":"1 minuto"},"schema":{"@context":"https:\/\/schema.org","@graph":[{"@type":"WebPage","@id":"https:\/\/pride.audio\/es\/producto\/subwoofer-pride-m9-10-rms-900w-tamano-10\/","url":"https:\/\/pride.audio\/es\/producto\/subwoofer-pride-m9-10-rms-900w-tamano-10\/","name":"Subwoofer Pride M9.10 RMS 900W Tama\u00f1o 10\" - Pride Audio. USA Online store","isPartOf":{"@id":"https:\/\/pride.audio\/#website"},"primaryImageOfPage":{"@id":"https:\/\/pride.audio\/es\/producto\/subwoofer-pride-m9-10-rms-900w-tamano-10\/#primaryimage"},"image":{"@id":"https:\/\/pride.audio\/es\/producto\/subwoofer-pride-m9-10-rms-900w-tamano-10\/#primaryimage"},"thumbnailUrl":"https:\/\/pride.audio\/wp-content\/uploads\/2022\/09\/pride_subwoofer_m910_1.jpg","datePublished":"2022-09-16T17:18:23+00:00","breadcrumb":{"@id":"https:\/\/pride.audio\/es\/producto\/subwoofer-pride-m9-10-rms-900w-tamano-10\/#breadcrumb"},"inLanguage":"es","potentialAction":[{"@type":"ReadAction","target":["https:\/\/pride.audio\/es\/producto\/subwoofer-pride-m9-10-rms-900w-tamano-10\/"]}]},{"@type":"ImageObject","inLanguage":"es","@id":"https:\/\/pride.audio\/es\/producto\/subwoofer-pride-m9-10-rms-900w-tamano-10\/#primaryimage","url":"https:\/\/pride.audio\/wp-content\/uploads\/2022\/09\/pride_subwoofer_m910_1.jpg","contentUrl":"https:\/\/pride.audio\/wp-content\/uploads\/2022\/09\/pride_subwoofer_m910_1.jpg","width":469,"height":356},{"@type":"BreadcrumbList","@id":"https:\/\/pride.audio\/es\/producto\/subwoofer-pride-m9-10-rms-900w-tamano-10\/#breadcrumb","itemListElement":[{"@type":"ListItem","position":1,"name":"Home","item":"https:\/\/pride.audio\/es\/"},{"@type":"ListItem","position":2,"name":"Productos","item":"https:\/\/pride.audio\/es\/productos\/"},{"@type":"ListItem","position":3,"name":"Subwoofer Pride M9.10 RMS 900W Tama\u00f1o 10&#8243;"}]},{"@type":"WebSite","@id":"https:\/\/pride.audio\/#website","url":"https:\/\/pride.audio\/","name":"Pride Audio. USA Online store","description":"Pride Car Audio: Official site","publisher":{"@id":"https:\/\/pride.audio\/#organization"},"potentialAction":[{"@type":"SearchAction","target":{"@type":"EntryPoint","urlTemplate":"https:\/\/pride.audio\/?s={search_term_string}"},"query-input":{"@type":"PropertyValueSpecification","valueRequired":true,"valueName":"search_term_string"}}],"inLanguage":"es"},{"@type":"Organization","@id":"https:\/\/pride.audio\/#organization","name":"Pride Audio. USA Online store","url":"https:\/\/pride.audio\/","logo":{"@type":"ImageObject","inLanguage":"es","@id":"https:\/\/pride.audio\/#\/schema\/logo\/image\/","url":"https:\/\/pride.audio\/wp-content\/uploads\/2023\/08\/g10.svg","contentUrl":"https:\/\/pride.audio\/wp-content\/uploads\/2023\/08\/g10.svg","width":158,"height":34,"caption":"Pride Audio. USA Online store"},"image":{"@id":"https:\/\/pride.audio\/#\/schema\/logo\/image\/"}}]}},"_links":{"self":[{"href":"https:\/\/pride.audio\/es\/wp-json\/wp\/v2\/product\/15276","targetHints":{"allow":["GET"]}}],"collection":[{"href":"https:\/\/pride.audio\/es\/wp-json\/wp\/v2\/product"}],"about":[{"href":"https:\/\/pride.audio\/es\/wp-json\/wp\/v2\/types\/product"}],"wp:featuredmedia":[{"embeddable":true,"href":"https:\/\/pride.audio\/es\/wp-json\/wp\/v2\/media\/18322"}],"wp:attachment":[{"href":"https:\/\/pride.audio\/es\/wp-json\/wp\/v2\/media?parent=15276"}],"wp:term":[{"taxonomy":"product_brand","embeddable":true,"href":"https:\/\/pride.audio\/es\/wp-json\/wp\/v2\/product_brand?post=15276"},{"taxonomy":"product_cat","embeddable":true,"href":"https:\/\/pride.audio\/es\/wp-json\/wp\/v2\/product_cat?post=15276"},{"taxonomy":"product_tag","embeddable":true,"href":"https:\/\/pride.audio\/es\/wp-json\/wp\/v2\/product_tag?post=15276"}],"curies":[{"name":"wp","href":"https:\/\/api.w.org\/{rel}","templated":true}]}}