{"id":15265,"date":"2022-09-16T12:28:18","date_gmt":"2022-09-16T17:28:18","guid":{"rendered":"https:\/\/pride.audio\/product\/subwoofer-pride-m9-12-rms-900w-tamano-12\/"},"modified":"2022-09-16T12:28:18","modified_gmt":"2022-09-16T10:28:18","slug":"subwoofer-pride-m9-12-rms-900w-tamano-12","status":"publish","type":"product","link":"https:\/\/pride.audio\/es\/producto\/subwoofer-pride-m9-12-rms-900w-tamano-12\/","title":{"rendered":"Subwoofer Pride M9.12 RMS 900W Tama\u00f1o 12&#8243;"},"content":{"rendered":"<p><b>Subwoofer Pride M9.12<\/p>\n<p><\/b><span class=\"Y2IQFc\" lang=\"es\">\u00bfEst\u00e1 buscando un subwoofer para su autom\u00f3vil con un rendimiento impecable y un sonido musical claro? \u00a1Entonces no te pierdas el nuevo modelo de subwoofer para coche Pride M9 12!<\/p>\n<p><\/span><span class=\"Y2IQFc\" lang=\"es\">Este subwoofer reemplaza al Pride Sapphire 12 y cuenta con una potencia RMS de 900 W, una bobina m\u00f3vil de 2,6 pulgadas y una impedancia de 1,85+1,85 ohmios. La cesta plegable garantiza un sonido musical claro.<\/p>\n<p><\/span><span class=\"Y2IQFc\" lang=\"es\">Adem\u00e1s, este subwoofer tiene una alta calidad de construcci\u00f3n y est\u00e1 listo para complacerte con graves potentes en tus canciones favoritas. No te arrepentir\u00e1s de haber comprado el Pride M9 12: \u00a1esta es la mejor soluci\u00f3n para el sistema de m\u00fasica de tu coche!<\/p>\n<p><\/span><span class=\"Y2IQFc\" lang=\"es\">Entre sus hom\u00f3logos destacan los subwoofers fabricados por la empresa l\u00edder Pride con las siguientes ventajas:<\/p>\n<p><\/span><span class=\"Y2IQFc\" lang=\"es\">El prensado en caliente de las arandelas y el uso de material tejido para las arandelas de centrado le permiten aprovechar todo el potencial del altavoz en diversas condiciones de funcionamiento. Pegado automatizado de sistemas magn\u00e9ticos para probar el sistema magn\u00e9tico seg\u00fan todas las caracter\u00edsticas. El pegamento especial para cada unidad de la ac\u00fastica Pride permite la m\u00e1xima resistencia y elasticidad de las unidades m\u00f3viles. Las mallas ac\u00fasticas est\u00e1n dise\u00f1adas individualmente para toda la gama de modelos, por lo que protegen eficazmente los difusores de da\u00f1os mec\u00e1nicos.<\/p>\n<p>\u00a1Del\u00e9itate con unos graves potentes, un sonido claro y un equipo fiable con Pride Car Audio!<\/span><\/p>\n<p><b>\u00a0<\/b><\/p>\n","protected":false},"excerpt":{"rendered":"<p>Subwoofer Pride M9.12 \u00bfEst\u00e1 buscando un subwoofer para su autom\u00f3vil con un rendimiento impecable y un sonido musical claro? \u00a1Entonces no te pierdas el nuevo modelo de subwoofer para coche Pride M9 12! Este subwoofer reemplaza al Pride Sapphire 12 y cuenta con una potencia RMS de 900 W, una bobina m\u00f3vil de 2,6 pulgadas [&hellip;]<\/p>\n","protected":false},"featured_media":18305,"template":"","meta":{"inline_featured_image":false},"product_brand":[],"product_cat":[588,590],"product_tag":[],"class_list":{"0":"post-15265","1":"product","2":"type-product","3":"status-publish","4":"has-post-thumbnail","6":"product_cat-subwoofers-es","7":"product_cat-pride-serie-m-9-900w","9":"first","10":"outofstock","11":"taxable","12":"shipping-taxable","13":"product-type-variable"},"acf":[],"yoast_head":"<!-- This site is optimized with the Yoast SEO plugin v27.3 - https:\/\/yoast.com\/product\/yoast-seo-wordpress\/ -->\n<title>Subwoofer Pride M9.12 RMS 900W Tama\u00f1o 12&quot; - Pride Audio. USA Online store<\/title>\n<meta name=\"robots\" content=\"index, follow, max-snippet:-1, max-image-preview:large, max-video-preview:-1\" \/>\n<link rel=\"canonical\" href=\"https:\/\/pride.audio\/es\/producto\/subwoofer-pride-m9-12-rms-900w-tamano-12\/\" \/>\n<meta property=\"og:locale\" content=\"es_ES\" \/>\n<meta property=\"og:type\" content=\"article\" \/>\n<meta property=\"og:title\" content=\"Subwoofer Pride M9.12 RMS 900W Tama\u00f1o 12&quot; - Pride Audio. USA Online store\" \/>\n<meta property=\"og:description\" content=\"Subwoofer Pride M9.12 \u00bfEst\u00e1 buscando un subwoofer para su autom\u00f3vil con un rendimiento impecable y un sonido musical claro? \u00a1Entonces no te pierdas el nuevo modelo de subwoofer para coche Pride M9 12! Este subwoofer reemplaza al Pride Sapphire 12 y cuenta con una potencia RMS de 900 W, una bobina m\u00f3vil de 2,6 pulgadas [&hellip;]\" \/>\n<meta property=\"og:url\" content=\"https:\/\/pride.audio\/es\/producto\/subwoofer-pride-m9-12-rms-900w-tamano-12\/\" \/>\n<meta property=\"og:site_name\" content=\"Pride Audio. USA Online store\" \/>\n<meta property=\"og:image\" content=\"https:\/\/pride.audio\/wp-content\/uploads\/2022\/09\/pride_subwoofer_m912_1.jpg\" \/>\n\t<meta property=\"og:image:width\" content=\"559\" \/>\n\t<meta property=\"og:image:height\" content=\"424\" \/>\n\t<meta property=\"og:image:type\" content=\"image\/jpeg\" \/>\n<meta name=\"twitter:card\" content=\"summary_large_image\" \/>\n<meta name=\"twitter:label1\" content=\"Tiempo de lectura\" \/>\n\t<meta name=\"twitter:data1\" content=\"1 minuto\" \/>\n<script type=\"application\/ld+json\" class=\"yoast-schema-graph\">{\"@context\":\"https:\\\/\\\/schema.org\",\"@graph\":[{\"@type\":\"WebPage\",\"@id\":\"https:\\\/\\\/pride.audio\\\/es\\\/producto\\\/subwoofer-pride-m9-12-rms-900w-tamano-12\\\/\",\"url\":\"https:\\\/\\\/pride.audio\\\/es\\\/producto\\\/subwoofer-pride-m9-12-rms-900w-tamano-12\\\/\",\"name\":\"Subwoofer Pride M9.12 RMS 900W Tama\u00f1o 12\\\" - Pride Audio. USA Online store\",\"isPartOf\":{\"@id\":\"https:\\\/\\\/pride.audio\\\/#website\"},\"primaryImageOfPage\":{\"@id\":\"https:\\\/\\\/pride.audio\\\/es\\\/producto\\\/subwoofer-pride-m9-12-rms-900w-tamano-12\\\/#primaryimage\"},\"image\":{\"@id\":\"https:\\\/\\\/pride.audio\\\/es\\\/producto\\\/subwoofer-pride-m9-12-rms-900w-tamano-12\\\/#primaryimage\"},\"thumbnailUrl\":\"https:\\\/\\\/pride.audio\\\/wp-content\\\/uploads\\\/2022\\\/09\\\/pride_subwoofer_m912_1.jpg\",\"datePublished\":\"2022-09-16T17:28:18+00:00\",\"breadcrumb\":{\"@id\":\"https:\\\/\\\/pride.audio\\\/es\\\/producto\\\/subwoofer-pride-m9-12-rms-900w-tamano-12\\\/#breadcrumb\"},\"inLanguage\":\"es\",\"potentialAction\":[{\"@type\":\"ReadAction\",\"target\":[\"https:\\\/\\\/pride.audio\\\/es\\\/producto\\\/subwoofer-pride-m9-12-rms-900w-tamano-12\\\/\"]}]},{\"@type\":\"ImageObject\",\"inLanguage\":\"es\",\"@id\":\"https:\\\/\\\/pride.audio\\\/es\\\/producto\\\/subwoofer-pride-m9-12-rms-900w-tamano-12\\\/#primaryimage\",\"url\":\"https:\\\/\\\/pride.audio\\\/wp-content\\\/uploads\\\/2022\\\/09\\\/pride_subwoofer_m912_1.jpg\",\"contentUrl\":\"https:\\\/\\\/pride.audio\\\/wp-content\\\/uploads\\\/2022\\\/09\\\/pride_subwoofer_m912_1.jpg\",\"width\":559,\"height\":424},{\"@type\":\"BreadcrumbList\",\"@id\":\"https:\\\/\\\/pride.audio\\\/es\\\/producto\\\/subwoofer-pride-m9-12-rms-900w-tamano-12\\\/#breadcrumb\",\"itemListElement\":[{\"@type\":\"ListItem\",\"position\":1,\"name\":\"Home\",\"item\":\"https:\\\/\\\/pride.audio\\\/es\\\/\"},{\"@type\":\"ListItem\",\"position\":2,\"name\":\"Productos\",\"item\":\"https:\\\/\\\/pride.audio\\\/es\\\/productos\\\/\"},{\"@type\":\"ListItem\",\"position\":3,\"name\":\"Subwoofer Pride M9.12 RMS 900W Tama\u00f1o 12&#8243;\"}]},{\"@type\":\"WebSite\",\"@id\":\"https:\\\/\\\/pride.audio\\\/#website\",\"url\":\"https:\\\/\\\/pride.audio\\\/\",\"name\":\"Pride Audio. USA Online store\",\"description\":\"Pride Car Audio: Official site\",\"publisher\":{\"@id\":\"https:\\\/\\\/pride.audio\\\/#organization\"},\"potentialAction\":[{\"@type\":\"SearchAction\",\"target\":{\"@type\":\"EntryPoint\",\"urlTemplate\":\"https:\\\/\\\/pride.audio\\\/?s={search_term_string}\"},\"query-input\":{\"@type\":\"PropertyValueSpecification\",\"valueRequired\":true,\"valueName\":\"search_term_string\"}}],\"inLanguage\":\"es\"},{\"@type\":\"Organization\",\"@id\":\"https:\\\/\\\/pride.audio\\\/#organization\",\"name\":\"Pride Audio. USA Online store\",\"url\":\"https:\\\/\\\/pride.audio\\\/\",\"logo\":{\"@type\":\"ImageObject\",\"inLanguage\":\"es\",\"@id\":\"https:\\\/\\\/pride.audio\\\/#\\\/schema\\\/logo\\\/image\\\/\",\"url\":\"https:\\\/\\\/pride.audio\\\/wp-content\\\/uploads\\\/2023\\\/08\\\/g10.svg\",\"contentUrl\":\"https:\\\/\\\/pride.audio\\\/wp-content\\\/uploads\\\/2023\\\/08\\\/g10.svg\",\"width\":158,\"height\":34,\"caption\":\"Pride Audio. USA Online store\"},\"image\":{\"@id\":\"https:\\\/\\\/pride.audio\\\/#\\\/schema\\\/logo\\\/image\\\/\"}}]}<\/script>\n<!-- \/ Yoast SEO plugin. -->","yoast_head_json":{"title":"Subwoofer Pride M9.12 RMS 900W Tama\u00f1o 12\" - Pride Audio. USA Online store","robots":{"index":"index","follow":"follow","max-snippet":"max-snippet:-1","max-image-preview":"max-image-preview:large","max-video-preview":"max-video-preview:-1"},"canonical":"https:\/\/pride.audio\/es\/producto\/subwoofer-pride-m9-12-rms-900w-tamano-12\/","og_locale":"es_ES","og_type":"article","og_title":"Subwoofer Pride M9.12 RMS 900W Tama\u00f1o 12\" - Pride Audio. USA Online store","og_description":"Subwoofer Pride M9.12 \u00bfEst\u00e1 buscando un subwoofer para su autom\u00f3vil con un rendimiento impecable y un sonido musical claro? \u00a1Entonces no te pierdas el nuevo modelo de subwoofer para coche Pride M9 12! Este subwoofer reemplaza al Pride Sapphire 12 y cuenta con una potencia RMS de 900 W, una bobina m\u00f3vil de 2,6 pulgadas [&hellip;]","og_url":"https:\/\/pride.audio\/es\/producto\/subwoofer-pride-m9-12-rms-900w-tamano-12\/","og_site_name":"Pride Audio. USA Online store","og_image":[{"width":559,"height":424,"url":"https:\/\/pride.audio\/wp-content\/uploads\/2022\/09\/pride_subwoofer_m912_1.jpg","type":"image\/jpeg"}],"twitter_card":"summary_large_image","twitter_misc":{"Tiempo de lectura":"1 minuto"},"schema":{"@context":"https:\/\/schema.org","@graph":[{"@type":"WebPage","@id":"https:\/\/pride.audio\/es\/producto\/subwoofer-pride-m9-12-rms-900w-tamano-12\/","url":"https:\/\/pride.audio\/es\/producto\/subwoofer-pride-m9-12-rms-900w-tamano-12\/","name":"Subwoofer Pride M9.12 RMS 900W Tama\u00f1o 12\" - Pride Audio. USA Online store","isPartOf":{"@id":"https:\/\/pride.audio\/#website"},"primaryImageOfPage":{"@id":"https:\/\/pride.audio\/es\/producto\/subwoofer-pride-m9-12-rms-900w-tamano-12\/#primaryimage"},"image":{"@id":"https:\/\/pride.audio\/es\/producto\/subwoofer-pride-m9-12-rms-900w-tamano-12\/#primaryimage"},"thumbnailUrl":"https:\/\/pride.audio\/wp-content\/uploads\/2022\/09\/pride_subwoofer_m912_1.jpg","datePublished":"2022-09-16T17:28:18+00:00","breadcrumb":{"@id":"https:\/\/pride.audio\/es\/producto\/subwoofer-pride-m9-12-rms-900w-tamano-12\/#breadcrumb"},"inLanguage":"es","potentialAction":[{"@type":"ReadAction","target":["https:\/\/pride.audio\/es\/producto\/subwoofer-pride-m9-12-rms-900w-tamano-12\/"]}]},{"@type":"ImageObject","inLanguage":"es","@id":"https:\/\/pride.audio\/es\/producto\/subwoofer-pride-m9-12-rms-900w-tamano-12\/#primaryimage","url":"https:\/\/pride.audio\/wp-content\/uploads\/2022\/09\/pride_subwoofer_m912_1.jpg","contentUrl":"https:\/\/pride.audio\/wp-content\/uploads\/2022\/09\/pride_subwoofer_m912_1.jpg","width":559,"height":424},{"@type":"BreadcrumbList","@id":"https:\/\/pride.audio\/es\/producto\/subwoofer-pride-m9-12-rms-900w-tamano-12\/#breadcrumb","itemListElement":[{"@type":"ListItem","position":1,"name":"Home","item":"https:\/\/pride.audio\/es\/"},{"@type":"ListItem","position":2,"name":"Productos","item":"https:\/\/pride.audio\/es\/productos\/"},{"@type":"ListItem","position":3,"name":"Subwoofer Pride M9.12 RMS 900W Tama\u00f1o 12&#8243;"}]},{"@type":"WebSite","@id":"https:\/\/pride.audio\/#website","url":"https:\/\/pride.audio\/","name":"Pride Audio. USA Online store","description":"Pride Car Audio: Official site","publisher":{"@id":"https:\/\/pride.audio\/#organization"},"potentialAction":[{"@type":"SearchAction","target":{"@type":"EntryPoint","urlTemplate":"https:\/\/pride.audio\/?s={search_term_string}"},"query-input":{"@type":"PropertyValueSpecification","valueRequired":true,"valueName":"search_term_string"}}],"inLanguage":"es"},{"@type":"Organization","@id":"https:\/\/pride.audio\/#organization","name":"Pride Audio. USA Online store","url":"https:\/\/pride.audio\/","logo":{"@type":"ImageObject","inLanguage":"es","@id":"https:\/\/pride.audio\/#\/schema\/logo\/image\/","url":"https:\/\/pride.audio\/wp-content\/uploads\/2023\/08\/g10.svg","contentUrl":"https:\/\/pride.audio\/wp-content\/uploads\/2023\/08\/g10.svg","width":158,"height":34,"caption":"Pride Audio. USA Online store"},"image":{"@id":"https:\/\/pride.audio\/#\/schema\/logo\/image\/"}}]}},"_links":{"self":[{"href":"https:\/\/pride.audio\/es\/wp-json\/wp\/v2\/product\/15265","targetHints":{"allow":["GET"]}}],"collection":[{"href":"https:\/\/pride.audio\/es\/wp-json\/wp\/v2\/product"}],"about":[{"href":"https:\/\/pride.audio\/es\/wp-json\/wp\/v2\/types\/product"}],"wp:featuredmedia":[{"embeddable":true,"href":"https:\/\/pride.audio\/es\/wp-json\/wp\/v2\/media\/18305"}],"wp:attachment":[{"href":"https:\/\/pride.audio\/es\/wp-json\/wp\/v2\/media?parent=15265"}],"wp:term":[{"taxonomy":"product_brand","embeddable":true,"href":"https:\/\/pride.audio\/es\/wp-json\/wp\/v2\/product_brand?post=15265"},{"taxonomy":"product_cat","embeddable":true,"href":"https:\/\/pride.audio\/es\/wp-json\/wp\/v2\/product_cat?post=15265"},{"taxonomy":"product_tag","embeddable":true,"href":"https:\/\/pride.audio\/es\/wp-json\/wp\/v2\/product_tag?post=15265"}],"curies":[{"name":"wp","href":"https:\/\/api.w.org\/{rel}","templated":true}]}}