{"id":15236,"date":"2022-09-16T13:12:34","date_gmt":"2022-09-16T18:12:34","guid":{"rendered":"https:\/\/pride.audio\/product\/subwoofer-pride-m12-15-rms-1200w-tamano-15\/"},"modified":"2022-09-16T13:12:34","modified_gmt":"2022-09-16T11:12:34","slug":"subwoofer-pride-m12-15-rms-1200w-tamano-15","status":"publish","type":"product","link":"https:\/\/pride.audio\/es\/producto\/subwoofer-pride-m12-15-rms-1200w-tamano-15\/","title":{"rendered":"Subwoofer Pride M12.15 RMS 1200W Tama\u00f1o 15&#8243;"},"content":{"rendered":"<p><b>Subwoofer Pride M12.15<\/p>\n<p><\/b><span class=\"Y2IQFc\" lang=\"es\">Le presentamos un modelo popular de subwoofers: Pride M12.15<\/p>\n<p><\/span><span class=\"Y2IQFc\" lang=\"es\">Arquitectura modular y listo. Una nueva era en la historia del audio para autom\u00f3viles est\u00e1 ahora en tus manos, todo lo que tienes que hacer es elegir el tama\u00f1o y la potencia requeridos. Los marcos de aluminio que act\u00faan como radiadores y un sistema de refrigeraci\u00f3n actualizado brindan la m\u00e1xima protecci\u00f3n contra el sobrecalentamiento, lo que significa la capacidad de sonar durante mucho tiempo y con fuerza. Los subwoofers recibieron un nuevo sistema magn\u00e9tico y nuestra suspensi\u00f3n altamente lineal: puntos adicionales en confiabilidad y potencia. Arandela de centrado ampliada con forma de corrugaci\u00f3n progresiva. La forma del difusor permiti\u00f3 reducir la masa adicional de la parte m\u00f3vil y aumentar el \u00e1rea de contactos adhesivos, lo que proporciona a\u00fan m\u00e1s resistencia bajo cargas elevadas.<\/p>\n<p><\/span><span class=\"Y2IQFc\" lang=\"es\">El subwoofer tiene un RMS honesto: 1200 vatios, as\u00ed como una eficiencia a\u00fan mejor que los modelos anteriores.<\/p>\n<p><\/span><span class=\"Y2IQFc\" lang=\"es\">Tama\u00f1o &#8211; 15\u201d<br \/>\nBobina m\u00f3vil \u2013 cobre redondo de 2,8\u2033<\/p>\n<p><\/span><span class=\"Y2IQFc\" lang=\"es\">\u00a1Cambie el sistema de audio de su autom\u00f3vil con ac\u00fastica de Pride Car Audio!<\/span><\/p>\n<p><span class=\"Y2IQFc\" lang=\"es\">\u00a0<\/span><\/p>\n","protected":false},"excerpt":{"rendered":"<p>Subwoofer Pride M12.15 Le presentamos un modelo popular de subwoofers: Pride M12.15 Arquitectura modular y listo. Una nueva era en la historia del audio para autom\u00f3viles est\u00e1 ahora en tus manos, todo lo que tienes que hacer es elegir el tama\u00f1o y la potencia requeridos. Los marcos de aluminio que act\u00faan como radiadores y un [&hellip;]<\/p>\n","protected":false},"featured_media":18026,"template":"","meta":{"inline_featured_image":false},"product_brand":[],"product_cat":[588,591],"product_tag":[],"class_list":{"0":"post-15236","1":"product","2":"type-product","3":"status-publish","4":"has-post-thumbnail","6":"product_cat-subwoofers-es","7":"product_cat-pride-serie-m-12-1200w","9":"first","10":"outofstock","11":"taxable","12":"shipping-taxable","13":"product-type-variable"},"acf":[],"yoast_head":"<!-- This site is optimized with the Yoast SEO plugin v27.3 - https:\/\/yoast.com\/product\/yoast-seo-wordpress\/ -->\n<title>Subwoofer Pride M12.15 RMS 1200W Tama\u00f1o 15&quot; - Pride Audio. USA Online store<\/title>\n<meta name=\"robots\" content=\"index, follow, max-snippet:-1, max-image-preview:large, max-video-preview:-1\" \/>\n<link rel=\"canonical\" href=\"https:\/\/pride.audio\/es\/producto\/subwoofer-pride-m12-15-rms-1200w-tamano-15\/\" \/>\n<meta property=\"og:locale\" content=\"es_ES\" \/>\n<meta property=\"og:type\" content=\"article\" \/>\n<meta property=\"og:title\" content=\"Subwoofer Pride M12.15 RMS 1200W Tama\u00f1o 15&quot; - Pride Audio. USA Online store\" \/>\n<meta property=\"og:description\" content=\"Subwoofer Pride M12.15 Le presentamos un modelo popular de subwoofers: Pride M12.15 Arquitectura modular y listo. Una nueva era en la historia del audio para autom\u00f3viles est\u00e1 ahora en tus manos, todo lo que tienes que hacer es elegir el tama\u00f1o y la potencia requeridos. Los marcos de aluminio que act\u00faan como radiadores y un [&hellip;]\" \/>\n<meta property=\"og:url\" content=\"https:\/\/pride.audio\/es\/producto\/subwoofer-pride-m12-15-rms-1200w-tamano-15\/\" \/>\n<meta property=\"og:site_name\" content=\"Pride Audio. USA Online store\" \/>\n<meta property=\"og:image\" content=\"https:\/\/pride.audio\/wp-content\/uploads\/2022\/09\/pride_subwoofer_m1215_1.jpg\" \/>\n\t<meta property=\"og:image:width\" content=\"600\" \/>\n\t<meta property=\"og:image:height\" content=\"421\" \/>\n\t<meta property=\"og:image:type\" content=\"image\/jpeg\" \/>\n<meta name=\"twitter:card\" content=\"summary_large_image\" \/>\n<meta name=\"twitter:label1\" content=\"Tiempo de lectura\" \/>\n\t<meta name=\"twitter:data1\" content=\"1 minuto\" \/>\n<script type=\"application\/ld+json\" class=\"yoast-schema-graph\">{\"@context\":\"https:\\\/\\\/schema.org\",\"@graph\":[{\"@type\":\"WebPage\",\"@id\":\"https:\\\/\\\/pride.audio\\\/es\\\/producto\\\/subwoofer-pride-m12-15-rms-1200w-tamano-15\\\/\",\"url\":\"https:\\\/\\\/pride.audio\\\/es\\\/producto\\\/subwoofer-pride-m12-15-rms-1200w-tamano-15\\\/\",\"name\":\"Subwoofer Pride M12.15 RMS 1200W Tama\u00f1o 15\\\" - Pride Audio. USA Online store\",\"isPartOf\":{\"@id\":\"https:\\\/\\\/pride.audio\\\/#website\"},\"primaryImageOfPage\":{\"@id\":\"https:\\\/\\\/pride.audio\\\/es\\\/producto\\\/subwoofer-pride-m12-15-rms-1200w-tamano-15\\\/#primaryimage\"},\"image\":{\"@id\":\"https:\\\/\\\/pride.audio\\\/es\\\/producto\\\/subwoofer-pride-m12-15-rms-1200w-tamano-15\\\/#primaryimage\"},\"thumbnailUrl\":\"https:\\\/\\\/pride.audio\\\/wp-content\\\/uploads\\\/2022\\\/09\\\/pride_subwoofer_m1215_1.jpg\",\"datePublished\":\"2022-09-16T18:12:34+00:00\",\"breadcrumb\":{\"@id\":\"https:\\\/\\\/pride.audio\\\/es\\\/producto\\\/subwoofer-pride-m12-15-rms-1200w-tamano-15\\\/#breadcrumb\"},\"inLanguage\":\"es\",\"potentialAction\":[{\"@type\":\"ReadAction\",\"target\":[\"https:\\\/\\\/pride.audio\\\/es\\\/producto\\\/subwoofer-pride-m12-15-rms-1200w-tamano-15\\\/\"]}]},{\"@type\":\"ImageObject\",\"inLanguage\":\"es\",\"@id\":\"https:\\\/\\\/pride.audio\\\/es\\\/producto\\\/subwoofer-pride-m12-15-rms-1200w-tamano-15\\\/#primaryimage\",\"url\":\"https:\\\/\\\/pride.audio\\\/wp-content\\\/uploads\\\/2022\\\/09\\\/pride_subwoofer_m1215_1.jpg\",\"contentUrl\":\"https:\\\/\\\/pride.audio\\\/wp-content\\\/uploads\\\/2022\\\/09\\\/pride_subwoofer_m1215_1.jpg\",\"width\":600,\"height\":421},{\"@type\":\"BreadcrumbList\",\"@id\":\"https:\\\/\\\/pride.audio\\\/es\\\/producto\\\/subwoofer-pride-m12-15-rms-1200w-tamano-15\\\/#breadcrumb\",\"itemListElement\":[{\"@type\":\"ListItem\",\"position\":1,\"name\":\"Home\",\"item\":\"https:\\\/\\\/pride.audio\\\/es\\\/\"},{\"@type\":\"ListItem\",\"position\":2,\"name\":\"Productos\",\"item\":\"https:\\\/\\\/pride.audio\\\/es\\\/productos\\\/\"},{\"@type\":\"ListItem\",\"position\":3,\"name\":\"Subwoofer Pride M12.15 RMS 1200W Tama\u00f1o 15&#8243;\"}]},{\"@type\":\"WebSite\",\"@id\":\"https:\\\/\\\/pride.audio\\\/#website\",\"url\":\"https:\\\/\\\/pride.audio\\\/\",\"name\":\"Pride Audio. USA Online store\",\"description\":\"Pride Car Audio: Official site\",\"publisher\":{\"@id\":\"https:\\\/\\\/pride.audio\\\/#organization\"},\"potentialAction\":[{\"@type\":\"SearchAction\",\"target\":{\"@type\":\"EntryPoint\",\"urlTemplate\":\"https:\\\/\\\/pride.audio\\\/?s={search_term_string}\"},\"query-input\":{\"@type\":\"PropertyValueSpecification\",\"valueRequired\":true,\"valueName\":\"search_term_string\"}}],\"inLanguage\":\"es\"},{\"@type\":\"Organization\",\"@id\":\"https:\\\/\\\/pride.audio\\\/#organization\",\"name\":\"Pride Audio. USA Online store\",\"url\":\"https:\\\/\\\/pride.audio\\\/\",\"logo\":{\"@type\":\"ImageObject\",\"inLanguage\":\"es\",\"@id\":\"https:\\\/\\\/pride.audio\\\/#\\\/schema\\\/logo\\\/image\\\/\",\"url\":\"https:\\\/\\\/pride.audio\\\/wp-content\\\/uploads\\\/2023\\\/08\\\/g10.svg\",\"contentUrl\":\"https:\\\/\\\/pride.audio\\\/wp-content\\\/uploads\\\/2023\\\/08\\\/g10.svg\",\"width\":158,\"height\":34,\"caption\":\"Pride Audio. USA Online store\"},\"image\":{\"@id\":\"https:\\\/\\\/pride.audio\\\/#\\\/schema\\\/logo\\\/image\\\/\"}}]}<\/script>\n<!-- \/ Yoast SEO plugin. -->","yoast_head_json":{"title":"Subwoofer Pride M12.15 RMS 1200W Tama\u00f1o 15\" - Pride Audio. USA Online store","robots":{"index":"index","follow":"follow","max-snippet":"max-snippet:-1","max-image-preview":"max-image-preview:large","max-video-preview":"max-video-preview:-1"},"canonical":"https:\/\/pride.audio\/es\/producto\/subwoofer-pride-m12-15-rms-1200w-tamano-15\/","og_locale":"es_ES","og_type":"article","og_title":"Subwoofer Pride M12.15 RMS 1200W Tama\u00f1o 15\" - Pride Audio. USA Online store","og_description":"Subwoofer Pride M12.15 Le presentamos un modelo popular de subwoofers: Pride M12.15 Arquitectura modular y listo. Una nueva era en la historia del audio para autom\u00f3viles est\u00e1 ahora en tus manos, todo lo que tienes que hacer es elegir el tama\u00f1o y la potencia requeridos. Los marcos de aluminio que act\u00faan como radiadores y un [&hellip;]","og_url":"https:\/\/pride.audio\/es\/producto\/subwoofer-pride-m12-15-rms-1200w-tamano-15\/","og_site_name":"Pride Audio. USA Online store","og_image":[{"width":600,"height":421,"url":"https:\/\/pride.audio\/wp-content\/uploads\/2022\/09\/pride_subwoofer_m1215_1.jpg","type":"image\/jpeg"}],"twitter_card":"summary_large_image","twitter_misc":{"Tiempo de lectura":"1 minuto"},"schema":{"@context":"https:\/\/schema.org","@graph":[{"@type":"WebPage","@id":"https:\/\/pride.audio\/es\/producto\/subwoofer-pride-m12-15-rms-1200w-tamano-15\/","url":"https:\/\/pride.audio\/es\/producto\/subwoofer-pride-m12-15-rms-1200w-tamano-15\/","name":"Subwoofer Pride M12.15 RMS 1200W Tama\u00f1o 15\" - Pride Audio. USA Online store","isPartOf":{"@id":"https:\/\/pride.audio\/#website"},"primaryImageOfPage":{"@id":"https:\/\/pride.audio\/es\/producto\/subwoofer-pride-m12-15-rms-1200w-tamano-15\/#primaryimage"},"image":{"@id":"https:\/\/pride.audio\/es\/producto\/subwoofer-pride-m12-15-rms-1200w-tamano-15\/#primaryimage"},"thumbnailUrl":"https:\/\/pride.audio\/wp-content\/uploads\/2022\/09\/pride_subwoofer_m1215_1.jpg","datePublished":"2022-09-16T18:12:34+00:00","breadcrumb":{"@id":"https:\/\/pride.audio\/es\/producto\/subwoofer-pride-m12-15-rms-1200w-tamano-15\/#breadcrumb"},"inLanguage":"es","potentialAction":[{"@type":"ReadAction","target":["https:\/\/pride.audio\/es\/producto\/subwoofer-pride-m12-15-rms-1200w-tamano-15\/"]}]},{"@type":"ImageObject","inLanguage":"es","@id":"https:\/\/pride.audio\/es\/producto\/subwoofer-pride-m12-15-rms-1200w-tamano-15\/#primaryimage","url":"https:\/\/pride.audio\/wp-content\/uploads\/2022\/09\/pride_subwoofer_m1215_1.jpg","contentUrl":"https:\/\/pride.audio\/wp-content\/uploads\/2022\/09\/pride_subwoofer_m1215_1.jpg","width":600,"height":421},{"@type":"BreadcrumbList","@id":"https:\/\/pride.audio\/es\/producto\/subwoofer-pride-m12-15-rms-1200w-tamano-15\/#breadcrumb","itemListElement":[{"@type":"ListItem","position":1,"name":"Home","item":"https:\/\/pride.audio\/es\/"},{"@type":"ListItem","position":2,"name":"Productos","item":"https:\/\/pride.audio\/es\/productos\/"},{"@type":"ListItem","position":3,"name":"Subwoofer Pride M12.15 RMS 1200W Tama\u00f1o 15&#8243;"}]},{"@type":"WebSite","@id":"https:\/\/pride.audio\/#website","url":"https:\/\/pride.audio\/","name":"Pride Audio. USA Online store","description":"Pride Car Audio: Official site","publisher":{"@id":"https:\/\/pride.audio\/#organization"},"potentialAction":[{"@type":"SearchAction","target":{"@type":"EntryPoint","urlTemplate":"https:\/\/pride.audio\/?s={search_term_string}"},"query-input":{"@type":"PropertyValueSpecification","valueRequired":true,"valueName":"search_term_string"}}],"inLanguage":"es"},{"@type":"Organization","@id":"https:\/\/pride.audio\/#organization","name":"Pride Audio. USA Online store","url":"https:\/\/pride.audio\/","logo":{"@type":"ImageObject","inLanguage":"es","@id":"https:\/\/pride.audio\/#\/schema\/logo\/image\/","url":"https:\/\/pride.audio\/wp-content\/uploads\/2023\/08\/g10.svg","contentUrl":"https:\/\/pride.audio\/wp-content\/uploads\/2023\/08\/g10.svg","width":158,"height":34,"caption":"Pride Audio. USA Online store"},"image":{"@id":"https:\/\/pride.audio\/#\/schema\/logo\/image\/"}}]}},"_links":{"self":[{"href":"https:\/\/pride.audio\/es\/wp-json\/wp\/v2\/product\/15236","targetHints":{"allow":["GET"]}}],"collection":[{"href":"https:\/\/pride.audio\/es\/wp-json\/wp\/v2\/product"}],"about":[{"href":"https:\/\/pride.audio\/es\/wp-json\/wp\/v2\/types\/product"}],"wp:featuredmedia":[{"embeddable":true,"href":"https:\/\/pride.audio\/es\/wp-json\/wp\/v2\/media\/18026"}],"wp:attachment":[{"href":"https:\/\/pride.audio\/es\/wp-json\/wp\/v2\/media?parent=15236"}],"wp:term":[{"taxonomy":"product_brand","embeddable":true,"href":"https:\/\/pride.audio\/es\/wp-json\/wp\/v2\/product_brand?post=15236"},{"taxonomy":"product_cat","embeddable":true,"href":"https:\/\/pride.audio\/es\/wp-json\/wp\/v2\/product_cat?post=15236"},{"taxonomy":"product_tag","embeddable":true,"href":"https:\/\/pride.audio\/es\/wp-json\/wp\/v2\/product_tag?post=15236"}],"curies":[{"name":"wp","href":"https:\/\/api.w.org\/{rel}","templated":true}]}}