{"id":15217,"date":"2022-09-16T13:15:44","date_gmt":"2022-09-16T18:15:44","guid":{"rendered":"https:\/\/pride.audio\/product\/subwoofer-pride-m16-15-rms-1600w-size-15\/"},"modified":"2022-09-16T13:15:44","modified_gmt":"2022-09-16T11:15:44","slug":"subwoofer-pride-m16-15-rms-1600w-size-15","status":"publish","type":"product","link":"https:\/\/pride.audio\/es\/producto\/subwoofer-pride-m16-15-rms-1600w-size-15\/","title":{"rendered":"Subwoofer Pride M16.15 RMS 1600W Tama\u00f1o 15&#8243;"},"content":{"rendered":"<p><strong>Subwoofer Pride M16.15<\/p>\n<p><\/strong><span class=\"Y2IQFc\" lang=\"es\">Te presentamos uno de los modelos m\u00e1s populares de nuestra gama de subwoofers. Este Pride M.16 15\u201d es un modelo con caracter\u00edsticas impecables que te permite lograr un sonido musical claro. Tienen una calidad de construcci\u00f3n decente.<\/span><\/p>\n<p>A new era in the history of car audio is now in your hands. Aluminum frames that act as radiators and an updated cooling system provide maximum protection against overheating, which means the ability to sound long and loud. The subwoofers received a new magnetic system and a highly linear suspension &#8211; additional points in reliability and power. Enlarged centering washer with progressive corrugation shape. The shape of the diffuser made it possible to reduce the additional mass of the moving part and increase the area of \u200b\u200badhesive contacts, which provides even more strength under high loads.<\/p>\n<p><span class=\"Y2IQFc\" lang=\"es\">RMS &#8211; 1600W<br \/>\nBobina m\u00f3vil \u2013 cobre redondo de 3,2\u2033<br \/>\nTama\u00f1o &#8211; 15\u201d<\/p>\n<p>Las propiedades distintivas de nuestros subwoofers son la alta calidad de las materias primas, su resistencia al desgaste y su larga vida \u00fatil, lo que significa que su sistema de altavoces Pride Car Audio funcionar\u00e1 correctamente durante muchos a\u00f1os.<\/span><\/p>\n<p><strong><br \/>\n<\/strong><\/p>\n","protected":false},"excerpt":{"rendered":"<p>Subwoofer Pride M16.15 Te presentamos uno de los modelos m\u00e1s populares de nuestra gama de subwoofers. Este Pride M.16 15\u201d es un modelo con caracter\u00edsticas impecables que te permite lograr un sonido musical claro. Tienen una calidad de construcci\u00f3n decente. A new era in the history of car audio is now in your hands. Aluminum [&hellip;]<\/p>\n","protected":false},"featured_media":18002,"template":"","meta":{"inline_featured_image":false},"product_brand":[],"product_cat":[588,592],"product_tag":[],"class_list":{"0":"post-15217","1":"product","2":"type-product","3":"status-publish","4":"has-post-thumbnail","6":"product_cat-subwoofers-es","7":"product_cat-pride-serie-m-16-1600w","9":"first","10":"outofstock","11":"taxable","12":"shipping-taxable","13":"product-type-variable"},"acf":[],"yoast_head":"<!-- This site is optimized with the Yoast SEO plugin v27.3 - https:\/\/yoast.com\/product\/yoast-seo-wordpress\/ -->\n<title>Subwoofer Pride M16.15 RMS 1600W Tama\u00f1o 15&quot; - Pride Audio. USA Online store<\/title>\n<meta name=\"robots\" content=\"index, follow, max-snippet:-1, max-image-preview:large, max-video-preview:-1\" \/>\n<link rel=\"canonical\" href=\"https:\/\/pride.audio\/es\/producto\/subwoofer-pride-m16-15-rms-1600w-size-15\/\" \/>\n<meta property=\"og:locale\" content=\"es_ES\" \/>\n<meta property=\"og:type\" content=\"article\" \/>\n<meta property=\"og:title\" content=\"Subwoofer Pride M16.15 RMS 1600W Tama\u00f1o 15&quot; - Pride Audio. USA Online store\" \/>\n<meta property=\"og:description\" content=\"Subwoofer Pride M16.15 Te presentamos uno de los modelos m\u00e1s populares de nuestra gama de subwoofers. Este Pride M.16 15\u201d es un modelo con caracter\u00edsticas impecables que te permite lograr un sonido musical claro. Tienen una calidad de construcci\u00f3n decente. A new era in the history of car audio is now in your hands. Aluminum [&hellip;]\" \/>\n<meta property=\"og:url\" content=\"https:\/\/pride.audio\/es\/producto\/subwoofer-pride-m16-15-rms-1600w-size-15\/\" \/>\n<meta property=\"og:site_name\" content=\"Pride Audio. USA Online store\" \/>\n<meta property=\"og:image\" content=\"https:\/\/pride.audio\/wp-content\/uploads\/2022\/09\/pride_subwoofer_m1615_1.jpg\" \/>\n\t<meta property=\"og:image:width\" content=\"600\" \/>\n\t<meta property=\"og:image:height\" content=\"421\" \/>\n\t<meta property=\"og:image:type\" content=\"image\/jpeg\" \/>\n<meta name=\"twitter:card\" content=\"summary_large_image\" \/>\n<meta name=\"twitter:label1\" content=\"Tiempo de lectura\" \/>\n\t<meta name=\"twitter:data1\" content=\"1 minuto\" \/>\n<script type=\"application\/ld+json\" class=\"yoast-schema-graph\">{\"@context\":\"https:\\\/\\\/schema.org\",\"@graph\":[{\"@type\":\"WebPage\",\"@id\":\"https:\\\/\\\/pride.audio\\\/es\\\/producto\\\/subwoofer-pride-m16-15-rms-1600w-size-15\\\/\",\"url\":\"https:\\\/\\\/pride.audio\\\/es\\\/producto\\\/subwoofer-pride-m16-15-rms-1600w-size-15\\\/\",\"name\":\"Subwoofer Pride M16.15 RMS 1600W Tama\u00f1o 15\\\" - Pride Audio. USA Online store\",\"isPartOf\":{\"@id\":\"https:\\\/\\\/pride.audio\\\/#website\"},\"primaryImageOfPage\":{\"@id\":\"https:\\\/\\\/pride.audio\\\/es\\\/producto\\\/subwoofer-pride-m16-15-rms-1600w-size-15\\\/#primaryimage\"},\"image\":{\"@id\":\"https:\\\/\\\/pride.audio\\\/es\\\/producto\\\/subwoofer-pride-m16-15-rms-1600w-size-15\\\/#primaryimage\"},\"thumbnailUrl\":\"https:\\\/\\\/pride.audio\\\/wp-content\\\/uploads\\\/2022\\\/09\\\/pride_subwoofer_m1615_1.jpg\",\"datePublished\":\"2022-09-16T18:15:44+00:00\",\"breadcrumb\":{\"@id\":\"https:\\\/\\\/pride.audio\\\/es\\\/producto\\\/subwoofer-pride-m16-15-rms-1600w-size-15\\\/#breadcrumb\"},\"inLanguage\":\"es\",\"potentialAction\":[{\"@type\":\"ReadAction\",\"target\":[\"https:\\\/\\\/pride.audio\\\/es\\\/producto\\\/subwoofer-pride-m16-15-rms-1600w-size-15\\\/\"]}]},{\"@type\":\"ImageObject\",\"inLanguage\":\"es\",\"@id\":\"https:\\\/\\\/pride.audio\\\/es\\\/producto\\\/subwoofer-pride-m16-15-rms-1600w-size-15\\\/#primaryimage\",\"url\":\"https:\\\/\\\/pride.audio\\\/wp-content\\\/uploads\\\/2022\\\/09\\\/pride_subwoofer_m1615_1.jpg\",\"contentUrl\":\"https:\\\/\\\/pride.audio\\\/wp-content\\\/uploads\\\/2022\\\/09\\\/pride_subwoofer_m1615_1.jpg\",\"width\":600,\"height\":421},{\"@type\":\"BreadcrumbList\",\"@id\":\"https:\\\/\\\/pride.audio\\\/es\\\/producto\\\/subwoofer-pride-m16-15-rms-1600w-size-15\\\/#breadcrumb\",\"itemListElement\":[{\"@type\":\"ListItem\",\"position\":1,\"name\":\"Home\",\"item\":\"https:\\\/\\\/pride.audio\\\/es\\\/\"},{\"@type\":\"ListItem\",\"position\":2,\"name\":\"Productos\",\"item\":\"https:\\\/\\\/pride.audio\\\/es\\\/productos\\\/\"},{\"@type\":\"ListItem\",\"position\":3,\"name\":\"Subwoofer Pride M16.15 RMS 1600W Tama\u00f1o 15&#8243;\"}]},{\"@type\":\"WebSite\",\"@id\":\"https:\\\/\\\/pride.audio\\\/#website\",\"url\":\"https:\\\/\\\/pride.audio\\\/\",\"name\":\"Pride Audio. USA Online store\",\"description\":\"Pride Car Audio: Official site\",\"publisher\":{\"@id\":\"https:\\\/\\\/pride.audio\\\/#organization\"},\"potentialAction\":[{\"@type\":\"SearchAction\",\"target\":{\"@type\":\"EntryPoint\",\"urlTemplate\":\"https:\\\/\\\/pride.audio\\\/?s={search_term_string}\"},\"query-input\":{\"@type\":\"PropertyValueSpecification\",\"valueRequired\":true,\"valueName\":\"search_term_string\"}}],\"inLanguage\":\"es\"},{\"@type\":\"Organization\",\"@id\":\"https:\\\/\\\/pride.audio\\\/#organization\",\"name\":\"Pride Audio. USA Online store\",\"url\":\"https:\\\/\\\/pride.audio\\\/\",\"logo\":{\"@type\":\"ImageObject\",\"inLanguage\":\"es\",\"@id\":\"https:\\\/\\\/pride.audio\\\/#\\\/schema\\\/logo\\\/image\\\/\",\"url\":\"https:\\\/\\\/pride.audio\\\/wp-content\\\/uploads\\\/2023\\\/08\\\/g10.svg\",\"contentUrl\":\"https:\\\/\\\/pride.audio\\\/wp-content\\\/uploads\\\/2023\\\/08\\\/g10.svg\",\"width\":158,\"height\":34,\"caption\":\"Pride Audio. USA Online store\"},\"image\":{\"@id\":\"https:\\\/\\\/pride.audio\\\/#\\\/schema\\\/logo\\\/image\\\/\"}}]}<\/script>\n<!-- \/ Yoast SEO plugin. -->","yoast_head_json":{"title":"Subwoofer Pride M16.15 RMS 1600W Tama\u00f1o 15\" - Pride Audio. USA Online store","robots":{"index":"index","follow":"follow","max-snippet":"max-snippet:-1","max-image-preview":"max-image-preview:large","max-video-preview":"max-video-preview:-1"},"canonical":"https:\/\/pride.audio\/es\/producto\/subwoofer-pride-m16-15-rms-1600w-size-15\/","og_locale":"es_ES","og_type":"article","og_title":"Subwoofer Pride M16.15 RMS 1600W Tama\u00f1o 15\" - Pride Audio. USA Online store","og_description":"Subwoofer Pride M16.15 Te presentamos uno de los modelos m\u00e1s populares de nuestra gama de subwoofers. Este Pride M.16 15\u201d es un modelo con caracter\u00edsticas impecables que te permite lograr un sonido musical claro. Tienen una calidad de construcci\u00f3n decente. A new era in the history of car audio is now in your hands. Aluminum [&hellip;]","og_url":"https:\/\/pride.audio\/es\/producto\/subwoofer-pride-m16-15-rms-1600w-size-15\/","og_site_name":"Pride Audio. USA Online store","og_image":[{"width":600,"height":421,"url":"https:\/\/pride.audio\/wp-content\/uploads\/2022\/09\/pride_subwoofer_m1615_1.jpg","type":"image\/jpeg"}],"twitter_card":"summary_large_image","twitter_misc":{"Tiempo de lectura":"1 minuto"},"schema":{"@context":"https:\/\/schema.org","@graph":[{"@type":"WebPage","@id":"https:\/\/pride.audio\/es\/producto\/subwoofer-pride-m16-15-rms-1600w-size-15\/","url":"https:\/\/pride.audio\/es\/producto\/subwoofer-pride-m16-15-rms-1600w-size-15\/","name":"Subwoofer Pride M16.15 RMS 1600W Tama\u00f1o 15\" - Pride Audio. USA Online store","isPartOf":{"@id":"https:\/\/pride.audio\/#website"},"primaryImageOfPage":{"@id":"https:\/\/pride.audio\/es\/producto\/subwoofer-pride-m16-15-rms-1600w-size-15\/#primaryimage"},"image":{"@id":"https:\/\/pride.audio\/es\/producto\/subwoofer-pride-m16-15-rms-1600w-size-15\/#primaryimage"},"thumbnailUrl":"https:\/\/pride.audio\/wp-content\/uploads\/2022\/09\/pride_subwoofer_m1615_1.jpg","datePublished":"2022-09-16T18:15:44+00:00","breadcrumb":{"@id":"https:\/\/pride.audio\/es\/producto\/subwoofer-pride-m16-15-rms-1600w-size-15\/#breadcrumb"},"inLanguage":"es","potentialAction":[{"@type":"ReadAction","target":["https:\/\/pride.audio\/es\/producto\/subwoofer-pride-m16-15-rms-1600w-size-15\/"]}]},{"@type":"ImageObject","inLanguage":"es","@id":"https:\/\/pride.audio\/es\/producto\/subwoofer-pride-m16-15-rms-1600w-size-15\/#primaryimage","url":"https:\/\/pride.audio\/wp-content\/uploads\/2022\/09\/pride_subwoofer_m1615_1.jpg","contentUrl":"https:\/\/pride.audio\/wp-content\/uploads\/2022\/09\/pride_subwoofer_m1615_1.jpg","width":600,"height":421},{"@type":"BreadcrumbList","@id":"https:\/\/pride.audio\/es\/producto\/subwoofer-pride-m16-15-rms-1600w-size-15\/#breadcrumb","itemListElement":[{"@type":"ListItem","position":1,"name":"Home","item":"https:\/\/pride.audio\/es\/"},{"@type":"ListItem","position":2,"name":"Productos","item":"https:\/\/pride.audio\/es\/productos\/"},{"@type":"ListItem","position":3,"name":"Subwoofer Pride M16.15 RMS 1600W Tama\u00f1o 15&#8243;"}]},{"@type":"WebSite","@id":"https:\/\/pride.audio\/#website","url":"https:\/\/pride.audio\/","name":"Pride Audio. USA Online store","description":"Pride Car Audio: Official site","publisher":{"@id":"https:\/\/pride.audio\/#organization"},"potentialAction":[{"@type":"SearchAction","target":{"@type":"EntryPoint","urlTemplate":"https:\/\/pride.audio\/?s={search_term_string}"},"query-input":{"@type":"PropertyValueSpecification","valueRequired":true,"valueName":"search_term_string"}}],"inLanguage":"es"},{"@type":"Organization","@id":"https:\/\/pride.audio\/#organization","name":"Pride Audio. USA Online store","url":"https:\/\/pride.audio\/","logo":{"@type":"ImageObject","inLanguage":"es","@id":"https:\/\/pride.audio\/#\/schema\/logo\/image\/","url":"https:\/\/pride.audio\/wp-content\/uploads\/2023\/08\/g10.svg","contentUrl":"https:\/\/pride.audio\/wp-content\/uploads\/2023\/08\/g10.svg","width":158,"height":34,"caption":"Pride Audio. USA Online store"},"image":{"@id":"https:\/\/pride.audio\/#\/schema\/logo\/image\/"}}]}},"_links":{"self":[{"href":"https:\/\/pride.audio\/es\/wp-json\/wp\/v2\/product\/15217","targetHints":{"allow":["GET"]}}],"collection":[{"href":"https:\/\/pride.audio\/es\/wp-json\/wp\/v2\/product"}],"about":[{"href":"https:\/\/pride.audio\/es\/wp-json\/wp\/v2\/types\/product"}],"wp:featuredmedia":[{"embeddable":true,"href":"https:\/\/pride.audio\/es\/wp-json\/wp\/v2\/media\/18002"}],"wp:attachment":[{"href":"https:\/\/pride.audio\/es\/wp-json\/wp\/v2\/media?parent=15217"}],"wp:term":[{"taxonomy":"product_brand","embeddable":true,"href":"https:\/\/pride.audio\/es\/wp-json\/wp\/v2\/product_brand?post=15217"},{"taxonomy":"product_cat","embeddable":true,"href":"https:\/\/pride.audio\/es\/wp-json\/wp\/v2\/product_cat?post=15217"},{"taxonomy":"product_tag","embeddable":true,"href":"https:\/\/pride.audio\/es\/wp-json\/wp\/v2\/product_tag?post=15217"}],"curies":[{"name":"wp","href":"https:\/\/api.w.org\/{rel}","templated":true}]}}