{"id":15208,"date":"2022-09-16T13:18:06","date_gmt":"2022-09-16T18:18:06","guid":{"rendered":"https:\/\/pride.audio\/product\/subwoofer-pride-m20-12-rms-2000w-tamano-12\/"},"modified":"2022-09-16T13:18:06","modified_gmt":"2022-09-16T11:18:06","slug":"subwoofer-pride-m20-12-rms-2000w-tamano-12","status":"publish","type":"product","link":"https:\/\/pride.audio\/es\/producto\/subwoofer-pride-m20-12-rms-2000w-tamano-12\/","title":{"rendered":"Subwoofer Pride M20.12 RMS 2000W Tama\u00f1o 12&#8243;"},"content":{"rendered":"<p><b>Subwoofer Pride M20.12<\/p>\n<p><\/b><span class=\"Y2IQFc\" lang=\"es\">Una nueva era en la historia del audio para autom\u00f3viles est\u00e1 ahora en tus manos. Los marcos de aluminio que act\u00faan como radiadores y un sistema de refrigeraci\u00f3n actualizado brindan la m\u00e1xima protecci\u00f3n contra el sobrecalentamiento, lo que significa la capacidad de sonar durante mucho tiempo y con fuerza. Los subwoofers recibieron un nuevo sistema magn\u00e9tico y una suspensi\u00f3n altamente lineal: puntos adicionales en confiabilidad y potencia. Arandela de centrado ampliada con forma de corrugaci\u00f3n progresiva. La forma del difusor permiti\u00f3 reducir la masa adicional de la parte m\u00f3vil y aumentar el \u00e1rea de contactos adhesivos, lo que proporciona a\u00fan m\u00e1s resistencia bajo cargas elevadas.<\/p>\n<p><\/span><span class=\"Y2IQFc\" lang=\"es\">Le presentamos un modelo potente y realmente popular entre nuestros consumidores: el subwoofer Pride M20.12.<\/p>\n<p><\/span><span class=\"Y2IQFc\" lang=\"es\">El subwoofer tiene un RMS honesto: 2000 vatios, as\u00ed como una eficiencia a\u00fan mejor que los modelos anteriores.<br \/>\nTama\u00f1o &#8211; 12\u201d<br \/>\n<\/span><span class=\"Y2IQFc\" lang=\"es\">Bobina m\u00f3vil \u2013 cobre redondo de 3,2\u2033<\/p>\n<p><\/span><span class=\"Y2IQFc\" lang=\"es\">Las propiedades distintivas de nuestros subwoofers son la alta calidad de las materias primas, su resistencia al desgaste y su larga vida \u00fatil, lo que significa que su sistema de altavoces Pride Car Audio funcionar\u00e1 correctamente durante muchos a\u00f1os.<\/p>\n<p><\/span><span class=\"Y2IQFc\" lang=\"es\">Del\u00e9itese con graves potentes, sonido claro y equipo confiable con Pride Car Audio<\/span><\/p>\n<p><b>\u00a0<\/b><\/p>\n","protected":false},"excerpt":{"rendered":"<p>Subwoofer Pride M20.12 Una nueva era en la historia del audio para autom\u00f3viles est\u00e1 ahora en tus manos. Los marcos de aluminio que act\u00faan como radiadores y un sistema de refrigeraci\u00f3n actualizado brindan la m\u00e1xima protecci\u00f3n contra el sobrecalentamiento, lo que significa la capacidad de sonar durante mucho tiempo y con fuerza. Los subwoofers recibieron [&hellip;]<\/p>\n","protected":false},"featured_media":18175,"template":"","meta":{"inline_featured_image":false},"product_brand":[],"product_cat":[588,593],"product_tag":[],"class_list":{"0":"post-15208","1":"product","2":"type-product","3":"status-publish","4":"has-post-thumbnail","6":"product_cat-subwoofers-es","7":"product_cat-pride-serie-m-92-900w","9":"first","10":"outofstock","11":"taxable","12":"shipping-taxable","13":"product-type-variable"},"acf":[],"yoast_head":"<!-- This site is optimized with the Yoast SEO plugin v27.3 - https:\/\/yoast.com\/product\/yoast-seo-wordpress\/ -->\n<title>Subwoofer Pride M20.12 RMS 2000W Tama\u00f1o 12&quot; - Pride Audio. USA Online store<\/title>\n<meta name=\"robots\" content=\"index, follow, max-snippet:-1, max-image-preview:large, max-video-preview:-1\" \/>\n<link rel=\"canonical\" href=\"https:\/\/pride.audio\/es\/producto\/subwoofer-pride-m20-12-rms-2000w-tamano-12\/\" \/>\n<meta property=\"og:locale\" content=\"es_ES\" \/>\n<meta property=\"og:type\" content=\"article\" \/>\n<meta property=\"og:title\" content=\"Subwoofer Pride M20.12 RMS 2000W Tama\u00f1o 12&quot; - Pride Audio. USA Online store\" \/>\n<meta property=\"og:description\" content=\"Subwoofer Pride M20.12 Una nueva era en la historia del audio para autom\u00f3viles est\u00e1 ahora en tus manos. Los marcos de aluminio que act\u00faan como radiadores y un sistema de refrigeraci\u00f3n actualizado brindan la m\u00e1xima protecci\u00f3n contra el sobrecalentamiento, lo que significa la capacidad de sonar durante mucho tiempo y con fuerza. Los subwoofers recibieron [&hellip;]\" \/>\n<meta property=\"og:url\" content=\"https:\/\/pride.audio\/es\/producto\/subwoofer-pride-m20-12-rms-2000w-tamano-12\/\" \/>\n<meta property=\"og:site_name\" content=\"Pride Audio. USA Online store\" \/>\n<meta property=\"og:image\" content=\"https:\/\/pride.audio\/wp-content\/uploads\/2022\/09\/pride_subwoofer_m2012_1.jpg\" \/>\n\t<meta property=\"og:image:width\" content=\"600\" \/>\n\t<meta property=\"og:image:height\" content=\"421\" \/>\n\t<meta property=\"og:image:type\" content=\"image\/jpeg\" \/>\n<meta name=\"twitter:card\" content=\"summary_large_image\" \/>\n<meta name=\"twitter:label1\" content=\"Tiempo de lectura\" \/>\n\t<meta name=\"twitter:data1\" content=\"1 minuto\" \/>\n<script type=\"application\/ld+json\" class=\"yoast-schema-graph\">{\"@context\":\"https:\\\/\\\/schema.org\",\"@graph\":[{\"@type\":\"WebPage\",\"@id\":\"https:\\\/\\\/pride.audio\\\/es\\\/producto\\\/subwoofer-pride-m20-12-rms-2000w-tamano-12\\\/\",\"url\":\"https:\\\/\\\/pride.audio\\\/es\\\/producto\\\/subwoofer-pride-m20-12-rms-2000w-tamano-12\\\/\",\"name\":\"Subwoofer Pride M20.12 RMS 2000W Tama\u00f1o 12\\\" - Pride Audio. USA Online store\",\"isPartOf\":{\"@id\":\"https:\\\/\\\/pride.audio\\\/#website\"},\"primaryImageOfPage\":{\"@id\":\"https:\\\/\\\/pride.audio\\\/es\\\/producto\\\/subwoofer-pride-m20-12-rms-2000w-tamano-12\\\/#primaryimage\"},\"image\":{\"@id\":\"https:\\\/\\\/pride.audio\\\/es\\\/producto\\\/subwoofer-pride-m20-12-rms-2000w-tamano-12\\\/#primaryimage\"},\"thumbnailUrl\":\"https:\\\/\\\/pride.audio\\\/wp-content\\\/uploads\\\/2022\\\/09\\\/pride_subwoofer_m2012_1.jpg\",\"datePublished\":\"2022-09-16T18:18:06+00:00\",\"breadcrumb\":{\"@id\":\"https:\\\/\\\/pride.audio\\\/es\\\/producto\\\/subwoofer-pride-m20-12-rms-2000w-tamano-12\\\/#breadcrumb\"},\"inLanguage\":\"es\",\"potentialAction\":[{\"@type\":\"ReadAction\",\"target\":[\"https:\\\/\\\/pride.audio\\\/es\\\/producto\\\/subwoofer-pride-m20-12-rms-2000w-tamano-12\\\/\"]}]},{\"@type\":\"ImageObject\",\"inLanguage\":\"es\",\"@id\":\"https:\\\/\\\/pride.audio\\\/es\\\/producto\\\/subwoofer-pride-m20-12-rms-2000w-tamano-12\\\/#primaryimage\",\"url\":\"https:\\\/\\\/pride.audio\\\/wp-content\\\/uploads\\\/2022\\\/09\\\/pride_subwoofer_m2012_1.jpg\",\"contentUrl\":\"https:\\\/\\\/pride.audio\\\/wp-content\\\/uploads\\\/2022\\\/09\\\/pride_subwoofer_m2012_1.jpg\",\"width\":600,\"height\":421},{\"@type\":\"BreadcrumbList\",\"@id\":\"https:\\\/\\\/pride.audio\\\/es\\\/producto\\\/subwoofer-pride-m20-12-rms-2000w-tamano-12\\\/#breadcrumb\",\"itemListElement\":[{\"@type\":\"ListItem\",\"position\":1,\"name\":\"Home\",\"item\":\"https:\\\/\\\/pride.audio\\\/es\\\/\"},{\"@type\":\"ListItem\",\"position\":2,\"name\":\"Productos\",\"item\":\"https:\\\/\\\/pride.audio\\\/es\\\/productos\\\/\"},{\"@type\":\"ListItem\",\"position\":3,\"name\":\"Subwoofer Pride M20.12 RMS 2000W Tama\u00f1o 12&#8243;\"}]},{\"@type\":\"WebSite\",\"@id\":\"https:\\\/\\\/pride.audio\\\/#website\",\"url\":\"https:\\\/\\\/pride.audio\\\/\",\"name\":\"Pride Audio. USA Online store\",\"description\":\"Pride Car Audio: Official site\",\"publisher\":{\"@id\":\"https:\\\/\\\/pride.audio\\\/#organization\"},\"potentialAction\":[{\"@type\":\"SearchAction\",\"target\":{\"@type\":\"EntryPoint\",\"urlTemplate\":\"https:\\\/\\\/pride.audio\\\/?s={search_term_string}\"},\"query-input\":{\"@type\":\"PropertyValueSpecification\",\"valueRequired\":true,\"valueName\":\"search_term_string\"}}],\"inLanguage\":\"es\"},{\"@type\":\"Organization\",\"@id\":\"https:\\\/\\\/pride.audio\\\/#organization\",\"name\":\"Pride Audio. USA Online store\",\"url\":\"https:\\\/\\\/pride.audio\\\/\",\"logo\":{\"@type\":\"ImageObject\",\"inLanguage\":\"es\",\"@id\":\"https:\\\/\\\/pride.audio\\\/#\\\/schema\\\/logo\\\/image\\\/\",\"url\":\"https:\\\/\\\/pride.audio\\\/wp-content\\\/uploads\\\/2023\\\/08\\\/g10.svg\",\"contentUrl\":\"https:\\\/\\\/pride.audio\\\/wp-content\\\/uploads\\\/2023\\\/08\\\/g10.svg\",\"width\":158,\"height\":34,\"caption\":\"Pride Audio. USA Online store\"},\"image\":{\"@id\":\"https:\\\/\\\/pride.audio\\\/#\\\/schema\\\/logo\\\/image\\\/\"}}]}<\/script>\n<!-- \/ Yoast SEO plugin. -->","yoast_head_json":{"title":"Subwoofer Pride M20.12 RMS 2000W Tama\u00f1o 12\" - Pride Audio. USA Online store","robots":{"index":"index","follow":"follow","max-snippet":"max-snippet:-1","max-image-preview":"max-image-preview:large","max-video-preview":"max-video-preview:-1"},"canonical":"https:\/\/pride.audio\/es\/producto\/subwoofer-pride-m20-12-rms-2000w-tamano-12\/","og_locale":"es_ES","og_type":"article","og_title":"Subwoofer Pride M20.12 RMS 2000W Tama\u00f1o 12\" - Pride Audio. USA Online store","og_description":"Subwoofer Pride M20.12 Una nueva era en la historia del audio para autom\u00f3viles est\u00e1 ahora en tus manos. Los marcos de aluminio que act\u00faan como radiadores y un sistema de refrigeraci\u00f3n actualizado brindan la m\u00e1xima protecci\u00f3n contra el sobrecalentamiento, lo que significa la capacidad de sonar durante mucho tiempo y con fuerza. Los subwoofers recibieron [&hellip;]","og_url":"https:\/\/pride.audio\/es\/producto\/subwoofer-pride-m20-12-rms-2000w-tamano-12\/","og_site_name":"Pride Audio. USA Online store","og_image":[{"width":600,"height":421,"url":"https:\/\/pride.audio\/wp-content\/uploads\/2022\/09\/pride_subwoofer_m2012_1.jpg","type":"image\/jpeg"}],"twitter_card":"summary_large_image","twitter_misc":{"Tiempo de lectura":"1 minuto"},"schema":{"@context":"https:\/\/schema.org","@graph":[{"@type":"WebPage","@id":"https:\/\/pride.audio\/es\/producto\/subwoofer-pride-m20-12-rms-2000w-tamano-12\/","url":"https:\/\/pride.audio\/es\/producto\/subwoofer-pride-m20-12-rms-2000w-tamano-12\/","name":"Subwoofer Pride M20.12 RMS 2000W Tama\u00f1o 12\" - Pride Audio. USA Online store","isPartOf":{"@id":"https:\/\/pride.audio\/#website"},"primaryImageOfPage":{"@id":"https:\/\/pride.audio\/es\/producto\/subwoofer-pride-m20-12-rms-2000w-tamano-12\/#primaryimage"},"image":{"@id":"https:\/\/pride.audio\/es\/producto\/subwoofer-pride-m20-12-rms-2000w-tamano-12\/#primaryimage"},"thumbnailUrl":"https:\/\/pride.audio\/wp-content\/uploads\/2022\/09\/pride_subwoofer_m2012_1.jpg","datePublished":"2022-09-16T18:18:06+00:00","breadcrumb":{"@id":"https:\/\/pride.audio\/es\/producto\/subwoofer-pride-m20-12-rms-2000w-tamano-12\/#breadcrumb"},"inLanguage":"es","potentialAction":[{"@type":"ReadAction","target":["https:\/\/pride.audio\/es\/producto\/subwoofer-pride-m20-12-rms-2000w-tamano-12\/"]}]},{"@type":"ImageObject","inLanguage":"es","@id":"https:\/\/pride.audio\/es\/producto\/subwoofer-pride-m20-12-rms-2000w-tamano-12\/#primaryimage","url":"https:\/\/pride.audio\/wp-content\/uploads\/2022\/09\/pride_subwoofer_m2012_1.jpg","contentUrl":"https:\/\/pride.audio\/wp-content\/uploads\/2022\/09\/pride_subwoofer_m2012_1.jpg","width":600,"height":421},{"@type":"BreadcrumbList","@id":"https:\/\/pride.audio\/es\/producto\/subwoofer-pride-m20-12-rms-2000w-tamano-12\/#breadcrumb","itemListElement":[{"@type":"ListItem","position":1,"name":"Home","item":"https:\/\/pride.audio\/es\/"},{"@type":"ListItem","position":2,"name":"Productos","item":"https:\/\/pride.audio\/es\/productos\/"},{"@type":"ListItem","position":3,"name":"Subwoofer Pride M20.12 RMS 2000W Tama\u00f1o 12&#8243;"}]},{"@type":"WebSite","@id":"https:\/\/pride.audio\/#website","url":"https:\/\/pride.audio\/","name":"Pride Audio. USA Online store","description":"Pride Car Audio: Official site","publisher":{"@id":"https:\/\/pride.audio\/#organization"},"potentialAction":[{"@type":"SearchAction","target":{"@type":"EntryPoint","urlTemplate":"https:\/\/pride.audio\/?s={search_term_string}"},"query-input":{"@type":"PropertyValueSpecification","valueRequired":true,"valueName":"search_term_string"}}],"inLanguage":"es"},{"@type":"Organization","@id":"https:\/\/pride.audio\/#organization","name":"Pride Audio. USA Online store","url":"https:\/\/pride.audio\/","logo":{"@type":"ImageObject","inLanguage":"es","@id":"https:\/\/pride.audio\/#\/schema\/logo\/image\/","url":"https:\/\/pride.audio\/wp-content\/uploads\/2023\/08\/g10.svg","contentUrl":"https:\/\/pride.audio\/wp-content\/uploads\/2023\/08\/g10.svg","width":158,"height":34,"caption":"Pride Audio. USA Online store"},"image":{"@id":"https:\/\/pride.audio\/#\/schema\/logo\/image\/"}}]}},"_links":{"self":[{"href":"https:\/\/pride.audio\/es\/wp-json\/wp\/v2\/product\/15208","targetHints":{"allow":["GET"]}}],"collection":[{"href":"https:\/\/pride.audio\/es\/wp-json\/wp\/v2\/product"}],"about":[{"href":"https:\/\/pride.audio\/es\/wp-json\/wp\/v2\/types\/product"}],"wp:featuredmedia":[{"embeddable":true,"href":"https:\/\/pride.audio\/es\/wp-json\/wp\/v2\/media\/18175"}],"wp:attachment":[{"href":"https:\/\/pride.audio\/es\/wp-json\/wp\/v2\/media?parent=15208"}],"wp:term":[{"taxonomy":"product_brand","embeddable":true,"href":"https:\/\/pride.audio\/es\/wp-json\/wp\/v2\/product_brand?post=15208"},{"taxonomy":"product_cat","embeddable":true,"href":"https:\/\/pride.audio\/es\/wp-json\/wp\/v2\/product_cat?post=15208"},{"taxonomy":"product_tag","embeddable":true,"href":"https:\/\/pride.audio\/es\/wp-json\/wp\/v2\/product_tag?post=15208"}],"curies":[{"name":"wp","href":"https:\/\/api.w.org\/{rel}","templated":true}]}}