{"id":15155,"date":"2022-12-08T18:54:50","date_gmt":"2022-12-08T23:54:50","guid":{"rendered":"https:\/\/pride.audio\/product\/subwoofer-pride-m35-12-rms-3500w-tamano-12\/"},"modified":"2022-12-08T18:54:50","modified_gmt":"2022-12-08T16:54:50","slug":"subwoofer-pride-m35-12-rms-3500w-tamano-12","status":"publish","type":"product","link":"https:\/\/pride.audio\/es\/producto\/subwoofer-pride-m35-12-rms-3500w-tamano-12\/","title":{"rendered":"Subwoofer Pride M35.12 RMS 3500W Tama\u00f1o 12&#8243;"},"content":{"rendered":"<p><b>Subwoofer Pride M35.12<\/p>\n<p><\/b><span class=\"Y2IQFc\" lang=\"es\">Altavoz subwoofer con un dise\u00f1o modular \u00fanico de Pride Car Audio &#8211; Pride M35.12. El dise\u00f1o de la cesta en conjunto con el radiador de aluminio del sistema magn\u00e9tico proporciona una distribuci\u00f3n efectiva de los flujos de aire para un m\u00e1ximo efecto de enfriamiento. El sistema magn\u00e9tico m\u00e1s potente fabricado con ferrita del m\u00e1s alto nivel, calculado mediante el m\u00e9todo de elementos finitos con alta inducci\u00f3n en el hueco.<\/p>\n<p><\/span><span class=\"Y2IQFc\" lang=\"es\">Suspensi\u00f3n de largo recorrido con corrugaciones dispuestas radialmente para m\u00e1xima linealidad con grandes desplazamientos del difusor. Seis arandelas centradoras alineadas con espejo de 10&#8243;.<\/p>\n<p><\/span><span class=\"Y2IQFc\" lang=\"es\">La bobina m\u00f3vil de alta temperatura de 3,6&#8243; est\u00e1 enrollada con alambre plano de aluminio y aislamiento de poliimida para la mayor resistencia al calor posible. Terminales de tornillo M8: potentes y confiables.<\/p>\n<p><\/span><span class=\"Y2IQFc\" lang=\"es\">Un subwoofer es un altavoz de baja frecuencia dise\u00f1ado para reproducir las frecuencias m\u00e1s bajas, aproximadamente de 20 a 63 Hz, y sirve como complemento al sistema de audio de un autom\u00f3vil. Los altavoces vienen en diferentes calibres y potencias, que se utilizan en sistemas cotidianos y para competiciones de presi\u00f3n sonora &#8211; SPL.<\/p>\n<p><\/span><span class=\"Y2IQFc\" lang=\"es\">Tama\u00f1o \u2013 12\u2033, RMS \u2013 3500 W.<\/p>\n<p><\/span><span class=\"Y2IQFc\" lang=\"es\">Del\u00e9itese con graves potentes, sonido claro y equipo confiable con Pride Car Audio<\/span><\/p>\n<p><b><br \/>\n<\/b><\/p>\n","protected":false},"excerpt":{"rendered":"<p>Subwoofer Pride M35.12 Altavoz subwoofer con un dise\u00f1o modular \u00fanico de Pride Car Audio &#8211; Pride M35.12. El dise\u00f1o de la cesta en conjunto con el radiador de aluminio del sistema magn\u00e9tico proporciona una distribuci\u00f3n efectiva de los flujos de aire para un m\u00e1ximo efecto de enfriamiento. El sistema magn\u00e9tico m\u00e1s potente fabricado con ferrita [&hellip;]<\/p>\n","protected":false},"featured_media":18086,"template":"","meta":{"inline_featured_image":false},"product_brand":[],"product_cat":[588,595],"product_tag":[],"class_list":{"0":"post-15155","1":"product","2":"type-product","3":"status-publish","4":"has-post-thumbnail","6":"product_cat-subwoofers-es","7":"product_cat-pride-serie-m-35-3500w","9":"first","10":"outofstock","11":"taxable","12":"shipping-taxable","13":"product-type-variable"},"acf":[],"yoast_head":"<!-- This site is optimized with the Yoast SEO plugin v27.3 - https:\/\/yoast.com\/product\/yoast-seo-wordpress\/ -->\n<title>Subwoofer Pride M35.12 RMS 3500W Tama\u00f1o 12&quot; - Pride Audio. USA Online store<\/title>\n<meta name=\"robots\" content=\"index, follow, max-snippet:-1, max-image-preview:large, max-video-preview:-1\" \/>\n<link rel=\"canonical\" href=\"https:\/\/pride.audio\/es\/producto\/subwoofer-pride-m35-12-rms-3500w-tamano-12\/\" \/>\n<meta property=\"og:locale\" content=\"es_ES\" \/>\n<meta property=\"og:type\" content=\"article\" \/>\n<meta property=\"og:title\" content=\"Subwoofer Pride M35.12 RMS 3500W Tama\u00f1o 12&quot; - Pride Audio. USA Online store\" \/>\n<meta property=\"og:description\" content=\"Subwoofer Pride M35.12 Altavoz subwoofer con un dise\u00f1o modular \u00fanico de Pride Car Audio &#8211; Pride M35.12. El dise\u00f1o de la cesta en conjunto con el radiador de aluminio del sistema magn\u00e9tico proporciona una distribuci\u00f3n efectiva de los flujos de aire para un m\u00e1ximo efecto de enfriamiento. El sistema magn\u00e9tico m\u00e1s potente fabricado con ferrita [&hellip;]\" \/>\n<meta property=\"og:url\" content=\"https:\/\/pride.audio\/es\/producto\/subwoofer-pride-m35-12-rms-3500w-tamano-12\/\" \/>\n<meta property=\"og:site_name\" content=\"Pride Audio. USA Online store\" \/>\n<meta property=\"og:image\" content=\"https:\/\/pride.audio\/wp-content\/uploads\/2022\/12\/pride_subwoofer_m3512_1.jpg\" \/>\n\t<meta property=\"og:image:width\" content=\"600\" \/>\n\t<meta property=\"og:image:height\" content=\"421\" \/>\n\t<meta property=\"og:image:type\" content=\"image\/jpeg\" \/>\n<meta name=\"twitter:card\" content=\"summary_large_image\" \/>\n<meta name=\"twitter:label1\" content=\"Tiempo de lectura\" \/>\n\t<meta name=\"twitter:data1\" content=\"1 minuto\" \/>\n<script type=\"application\/ld+json\" class=\"yoast-schema-graph\">{\"@context\":\"https:\\\/\\\/schema.org\",\"@graph\":[{\"@type\":\"WebPage\",\"@id\":\"https:\\\/\\\/pride.audio\\\/es\\\/producto\\\/subwoofer-pride-m35-12-rms-3500w-tamano-12\\\/\",\"url\":\"https:\\\/\\\/pride.audio\\\/es\\\/producto\\\/subwoofer-pride-m35-12-rms-3500w-tamano-12\\\/\",\"name\":\"Subwoofer Pride M35.12 RMS 3500W Tama\u00f1o 12\\\" - Pride Audio. USA Online store\",\"isPartOf\":{\"@id\":\"https:\\\/\\\/pride.audio\\\/#website\"},\"primaryImageOfPage\":{\"@id\":\"https:\\\/\\\/pride.audio\\\/es\\\/producto\\\/subwoofer-pride-m35-12-rms-3500w-tamano-12\\\/#primaryimage\"},\"image\":{\"@id\":\"https:\\\/\\\/pride.audio\\\/es\\\/producto\\\/subwoofer-pride-m35-12-rms-3500w-tamano-12\\\/#primaryimage\"},\"thumbnailUrl\":\"https:\\\/\\\/pride.audio\\\/wp-content\\\/uploads\\\/2022\\\/12\\\/pride_subwoofer_m3512_1.jpg\",\"datePublished\":\"2022-12-08T23:54:50+00:00\",\"breadcrumb\":{\"@id\":\"https:\\\/\\\/pride.audio\\\/es\\\/producto\\\/subwoofer-pride-m35-12-rms-3500w-tamano-12\\\/#breadcrumb\"},\"inLanguage\":\"es\",\"potentialAction\":[{\"@type\":\"ReadAction\",\"target\":[\"https:\\\/\\\/pride.audio\\\/es\\\/producto\\\/subwoofer-pride-m35-12-rms-3500w-tamano-12\\\/\"]}]},{\"@type\":\"ImageObject\",\"inLanguage\":\"es\",\"@id\":\"https:\\\/\\\/pride.audio\\\/es\\\/producto\\\/subwoofer-pride-m35-12-rms-3500w-tamano-12\\\/#primaryimage\",\"url\":\"https:\\\/\\\/pride.audio\\\/wp-content\\\/uploads\\\/2022\\\/12\\\/pride_subwoofer_m3512_1.jpg\",\"contentUrl\":\"https:\\\/\\\/pride.audio\\\/wp-content\\\/uploads\\\/2022\\\/12\\\/pride_subwoofer_m3512_1.jpg\",\"width\":600,\"height\":421},{\"@type\":\"BreadcrumbList\",\"@id\":\"https:\\\/\\\/pride.audio\\\/es\\\/producto\\\/subwoofer-pride-m35-12-rms-3500w-tamano-12\\\/#breadcrumb\",\"itemListElement\":[{\"@type\":\"ListItem\",\"position\":1,\"name\":\"Home\",\"item\":\"https:\\\/\\\/pride.audio\\\/es\\\/\"},{\"@type\":\"ListItem\",\"position\":2,\"name\":\"Productos\",\"item\":\"https:\\\/\\\/pride.audio\\\/es\\\/productos\\\/\"},{\"@type\":\"ListItem\",\"position\":3,\"name\":\"Subwoofer Pride M35.12 RMS 3500W Tama\u00f1o 12&#8243;\"}]},{\"@type\":\"WebSite\",\"@id\":\"https:\\\/\\\/pride.audio\\\/#website\",\"url\":\"https:\\\/\\\/pride.audio\\\/\",\"name\":\"Pride Audio. USA Online store\",\"description\":\"Pride Car Audio: Official site\",\"publisher\":{\"@id\":\"https:\\\/\\\/pride.audio\\\/#organization\"},\"potentialAction\":[{\"@type\":\"SearchAction\",\"target\":{\"@type\":\"EntryPoint\",\"urlTemplate\":\"https:\\\/\\\/pride.audio\\\/?s={search_term_string}\"},\"query-input\":{\"@type\":\"PropertyValueSpecification\",\"valueRequired\":true,\"valueName\":\"search_term_string\"}}],\"inLanguage\":\"es\"},{\"@type\":\"Organization\",\"@id\":\"https:\\\/\\\/pride.audio\\\/#organization\",\"name\":\"Pride Audio. USA Online store\",\"url\":\"https:\\\/\\\/pride.audio\\\/\",\"logo\":{\"@type\":\"ImageObject\",\"inLanguage\":\"es\",\"@id\":\"https:\\\/\\\/pride.audio\\\/#\\\/schema\\\/logo\\\/image\\\/\",\"url\":\"https:\\\/\\\/pride.audio\\\/wp-content\\\/uploads\\\/2023\\\/08\\\/g10.svg\",\"contentUrl\":\"https:\\\/\\\/pride.audio\\\/wp-content\\\/uploads\\\/2023\\\/08\\\/g10.svg\",\"width\":158,\"height\":34,\"caption\":\"Pride Audio. USA Online store\"},\"image\":{\"@id\":\"https:\\\/\\\/pride.audio\\\/#\\\/schema\\\/logo\\\/image\\\/\"}}]}<\/script>\n<!-- \/ Yoast SEO plugin. -->","yoast_head_json":{"title":"Subwoofer Pride M35.12 RMS 3500W Tama\u00f1o 12\" - Pride Audio. USA Online store","robots":{"index":"index","follow":"follow","max-snippet":"max-snippet:-1","max-image-preview":"max-image-preview:large","max-video-preview":"max-video-preview:-1"},"canonical":"https:\/\/pride.audio\/es\/producto\/subwoofer-pride-m35-12-rms-3500w-tamano-12\/","og_locale":"es_ES","og_type":"article","og_title":"Subwoofer Pride M35.12 RMS 3500W Tama\u00f1o 12\" - Pride Audio. USA Online store","og_description":"Subwoofer Pride M35.12 Altavoz subwoofer con un dise\u00f1o modular \u00fanico de Pride Car Audio &#8211; Pride M35.12. El dise\u00f1o de la cesta en conjunto con el radiador de aluminio del sistema magn\u00e9tico proporciona una distribuci\u00f3n efectiva de los flujos de aire para un m\u00e1ximo efecto de enfriamiento. El sistema magn\u00e9tico m\u00e1s potente fabricado con ferrita [&hellip;]","og_url":"https:\/\/pride.audio\/es\/producto\/subwoofer-pride-m35-12-rms-3500w-tamano-12\/","og_site_name":"Pride Audio. USA Online store","og_image":[{"width":600,"height":421,"url":"https:\/\/pride.audio\/wp-content\/uploads\/2022\/12\/pride_subwoofer_m3512_1.jpg","type":"image\/jpeg"}],"twitter_card":"summary_large_image","twitter_misc":{"Tiempo de lectura":"1 minuto"},"schema":{"@context":"https:\/\/schema.org","@graph":[{"@type":"WebPage","@id":"https:\/\/pride.audio\/es\/producto\/subwoofer-pride-m35-12-rms-3500w-tamano-12\/","url":"https:\/\/pride.audio\/es\/producto\/subwoofer-pride-m35-12-rms-3500w-tamano-12\/","name":"Subwoofer Pride M35.12 RMS 3500W Tama\u00f1o 12\" - Pride Audio. USA Online store","isPartOf":{"@id":"https:\/\/pride.audio\/#website"},"primaryImageOfPage":{"@id":"https:\/\/pride.audio\/es\/producto\/subwoofer-pride-m35-12-rms-3500w-tamano-12\/#primaryimage"},"image":{"@id":"https:\/\/pride.audio\/es\/producto\/subwoofer-pride-m35-12-rms-3500w-tamano-12\/#primaryimage"},"thumbnailUrl":"https:\/\/pride.audio\/wp-content\/uploads\/2022\/12\/pride_subwoofer_m3512_1.jpg","datePublished":"2022-12-08T23:54:50+00:00","breadcrumb":{"@id":"https:\/\/pride.audio\/es\/producto\/subwoofer-pride-m35-12-rms-3500w-tamano-12\/#breadcrumb"},"inLanguage":"es","potentialAction":[{"@type":"ReadAction","target":["https:\/\/pride.audio\/es\/producto\/subwoofer-pride-m35-12-rms-3500w-tamano-12\/"]}]},{"@type":"ImageObject","inLanguage":"es","@id":"https:\/\/pride.audio\/es\/producto\/subwoofer-pride-m35-12-rms-3500w-tamano-12\/#primaryimage","url":"https:\/\/pride.audio\/wp-content\/uploads\/2022\/12\/pride_subwoofer_m3512_1.jpg","contentUrl":"https:\/\/pride.audio\/wp-content\/uploads\/2022\/12\/pride_subwoofer_m3512_1.jpg","width":600,"height":421},{"@type":"BreadcrumbList","@id":"https:\/\/pride.audio\/es\/producto\/subwoofer-pride-m35-12-rms-3500w-tamano-12\/#breadcrumb","itemListElement":[{"@type":"ListItem","position":1,"name":"Home","item":"https:\/\/pride.audio\/es\/"},{"@type":"ListItem","position":2,"name":"Productos","item":"https:\/\/pride.audio\/es\/productos\/"},{"@type":"ListItem","position":3,"name":"Subwoofer Pride M35.12 RMS 3500W Tama\u00f1o 12&#8243;"}]},{"@type":"WebSite","@id":"https:\/\/pride.audio\/#website","url":"https:\/\/pride.audio\/","name":"Pride Audio. USA Online store","description":"Pride Car Audio: Official site","publisher":{"@id":"https:\/\/pride.audio\/#organization"},"potentialAction":[{"@type":"SearchAction","target":{"@type":"EntryPoint","urlTemplate":"https:\/\/pride.audio\/?s={search_term_string}"},"query-input":{"@type":"PropertyValueSpecification","valueRequired":true,"valueName":"search_term_string"}}],"inLanguage":"es"},{"@type":"Organization","@id":"https:\/\/pride.audio\/#organization","name":"Pride Audio. USA Online store","url":"https:\/\/pride.audio\/","logo":{"@type":"ImageObject","inLanguage":"es","@id":"https:\/\/pride.audio\/#\/schema\/logo\/image\/","url":"https:\/\/pride.audio\/wp-content\/uploads\/2023\/08\/g10.svg","contentUrl":"https:\/\/pride.audio\/wp-content\/uploads\/2023\/08\/g10.svg","width":158,"height":34,"caption":"Pride Audio. USA Online store"},"image":{"@id":"https:\/\/pride.audio\/#\/schema\/logo\/image\/"}}]}},"_links":{"self":[{"href":"https:\/\/pride.audio\/es\/wp-json\/wp\/v2\/product\/15155","targetHints":{"allow":["GET"]}}],"collection":[{"href":"https:\/\/pride.audio\/es\/wp-json\/wp\/v2\/product"}],"about":[{"href":"https:\/\/pride.audio\/es\/wp-json\/wp\/v2\/types\/product"}],"wp:featuredmedia":[{"embeddable":true,"href":"https:\/\/pride.audio\/es\/wp-json\/wp\/v2\/media\/18086"}],"wp:attachment":[{"href":"https:\/\/pride.audio\/es\/wp-json\/wp\/v2\/media?parent=15155"}],"wp:term":[{"taxonomy":"product_brand","embeddable":true,"href":"https:\/\/pride.audio\/es\/wp-json\/wp\/v2\/product_brand?post=15155"},{"taxonomy":"product_cat","embeddable":true,"href":"https:\/\/pride.audio\/es\/wp-json\/wp\/v2\/product_cat?post=15155"},{"taxonomy":"product_tag","embeddable":true,"href":"https:\/\/pride.audio\/es\/wp-json\/wp\/v2\/product_tag?post=15155"}],"curies":[{"name":"wp","href":"https:\/\/api.w.org\/{rel}","templated":true}]}}