{"id":15146,"date":"2022-12-08T15:34:36","date_gmt":"2022-12-08T20:34:36","guid":{"rendered":"https:\/\/pride.audio\/product\/subwoofer-pride-m25-15-rms-2500w-tamano-15\/"},"modified":"2022-12-08T15:34:36","modified_gmt":"2022-12-08T13:34:36","slug":"subwoofer-pride-m25-15-rms-2500w-tamano-15","status":"publish","type":"product","link":"https:\/\/pride.audio\/es\/producto\/subwoofer-pride-m25-15-rms-2500w-tamano-15\/","title":{"rendered":"Subwoofer Pride M25.15 RMS 2500W Tama\u00f1o 15&#8243;"},"content":{"rendered":"<p><b>Subwoofer Pride M25.15<\/p>\n<p><\/b><span class=\"Y2IQFc\" lang=\"es\">Le presentamos uno de los subwoofers m\u00e1s populares de la marca Pride Car Audio: Pride M.25 de 15\u201d con tapa antipolvo de carbono.<\/p>\n<p><\/span><span class=\"Y2IQFc\" lang=\"es\">Tama\u00f1o \u2013 15\u2033, RMS \u2013 2500 W.<\/span><\/p>\n<p><span class=\"Y2IQFc\" lang=\"es\">El subwoofer tiene un sistema de refrigeraci\u00f3n actualizado. El marco de aluminio elimina ahora por completo todo el calor. Ahora el subwoofer puede reproducir durante m\u00e1s tiempo y con m\u00e1s volumen. El subwoofer tambi\u00e9n recibi\u00f3 un nuevo y potente sistema magn\u00e9tico y nuestra suspensi\u00f3n de l\u00ednea alta. El tama\u00f1o de los imanes es 8,66*1,06\u2033\u201d x 2 piezas.<\/p>\n<p><\/span><span class=\"Y2IQFc\" lang=\"es\">La bobina m\u00f3vil est\u00e1 dise\u00f1ada y desarrollada por Pride. Debido a que utilizamos pegamento y barniz de alta temperatura, las bobinas m\u00f3viles no emiten olor durante el funcionamiento. Una bobina m\u00f3vil de 3,2 \u2033 de di\u00e1metro.<\/p>\n<p><\/span><span class=\"Y2IQFc\" lang=\"es\">Arandela de centrado ampliada de 9,06\u2033\u201d de di\u00e1metro con forma de corrugaci\u00f3n progresiva. La forma del cono permiti\u00f3 reducir la masa adicional de la parte m\u00f3vil y aumentar el \u00e1rea de contactos adhesivos, lo que proporciona a\u00fan m\u00e1s resistencia a cargas elevadas.<\/span><\/p>\n<p><span style=\"font-weight: 400;\">The subwoofer has a replaceable modular design of the suspension and you can replace it in a few minutes.<\/p>\n<p><\/span><span class=\"Y2IQFc\" lang=\"es\">\u00a1Del\u00e9itate con unos graves potentes, un sonido claro y un equipo fiable con Pride Car Audio!<\/span><\/p>\n<p><span class=\"Y2IQFc\" lang=\"es\">\u00a0<\/span><\/p>\n<p><span class=\"Y2IQFc\" lang=\"es\">\u00a0<\/span><\/p>\n","protected":false},"excerpt":{"rendered":"<p>Subwoofer Pride M25.15 Le presentamos uno de los subwoofers m\u00e1s populares de la marca Pride Car Audio: Pride M.25 de 15\u201d con tapa antipolvo de carbono. Tama\u00f1o \u2013 15\u2033, RMS \u2013 2500 W. El subwoofer tiene un sistema de refrigeraci\u00f3n actualizado. El marco de aluminio elimina ahora por completo todo el calor. Ahora el subwoofer [&hellip;]<\/p>\n","protected":false},"featured_media":18106,"template":"","meta":{"inline_featured_image":false},"product_brand":[],"product_cat":[588,594],"product_tag":[],"class_list":{"0":"post-15146","1":"product","2":"type-product","3":"status-publish","4":"has-post-thumbnail","6":"product_cat-subwoofers-es","7":"product_cat-pride-serie-m-25-2500w","9":"first","10":"outofstock","11":"taxable","12":"shipping-taxable","13":"product-type-variable"},"acf":[],"yoast_head":"<!-- This site is optimized with the Yoast SEO plugin v27.5 - https:\/\/yoast.com\/product\/yoast-seo-wordpress\/ -->\n<title>Subwoofer Pride M25.15 RMS 2500W Tama\u00f1o 15&quot; - Pride Audio. USA Online store<\/title>\n<meta name=\"robots\" content=\"index, follow, max-snippet:-1, max-image-preview:large, max-video-preview:-1\" \/>\n<link rel=\"canonical\" href=\"https:\/\/pride.audio\/es\/producto\/subwoofer-pride-m25-15-rms-2500w-tamano-15\/\" \/>\n<meta property=\"og:locale\" content=\"es_ES\" \/>\n<meta property=\"og:type\" content=\"article\" \/>\n<meta property=\"og:title\" content=\"Subwoofer Pride M25.15 RMS 2500W Tama\u00f1o 15&quot; - Pride Audio. USA Online store\" \/>\n<meta property=\"og:description\" content=\"Subwoofer Pride M25.15 Le presentamos uno de los subwoofers m\u00e1s populares de la marca Pride Car Audio: Pride M.25 de 15\u201d con tapa antipolvo de carbono. Tama\u00f1o \u2013 15\u2033, RMS \u2013 2500 W. El subwoofer tiene un sistema de refrigeraci\u00f3n actualizado. El marco de aluminio elimina ahora por completo todo el calor. Ahora el subwoofer [&hellip;]\" \/>\n<meta property=\"og:url\" content=\"https:\/\/pride.audio\/es\/producto\/subwoofer-pride-m25-15-rms-2500w-tamano-15\/\" \/>\n<meta property=\"og:site_name\" content=\"Pride Audio. USA Online store\" \/>\n<meta property=\"og:image\" content=\"https:\/\/pride.audio\/wp-content\/uploads\/2022\/12\/pride_subwoofer_m2515_1.jpg\" \/>\n\t<meta property=\"og:image:width\" content=\"600\" \/>\n\t<meta property=\"og:image:height\" content=\"421\" \/>\n\t<meta property=\"og:image:type\" content=\"image\/jpeg\" \/>\n<meta name=\"twitter:card\" content=\"summary_large_image\" \/>\n<meta name=\"twitter:label1\" content=\"Tiempo de lectura\" \/>\n\t<meta name=\"twitter:data1\" content=\"1 minuto\" \/>\n<script type=\"application\/ld+json\" class=\"yoast-schema-graph\">{\"@context\":\"https:\\\/\\\/schema.org\",\"@graph\":[{\"@type\":\"WebPage\",\"@id\":\"https:\\\/\\\/pride.audio\\\/es\\\/producto\\\/subwoofer-pride-m25-15-rms-2500w-tamano-15\\\/\",\"url\":\"https:\\\/\\\/pride.audio\\\/es\\\/producto\\\/subwoofer-pride-m25-15-rms-2500w-tamano-15\\\/\",\"name\":\"Subwoofer Pride M25.15 RMS 2500W Tama\u00f1o 15\\\" - Pride Audio. USA Online store\",\"isPartOf\":{\"@id\":\"https:\\\/\\\/pride.audio\\\/#website\"},\"primaryImageOfPage\":{\"@id\":\"https:\\\/\\\/pride.audio\\\/es\\\/producto\\\/subwoofer-pride-m25-15-rms-2500w-tamano-15\\\/#primaryimage\"},\"image\":{\"@id\":\"https:\\\/\\\/pride.audio\\\/es\\\/producto\\\/subwoofer-pride-m25-15-rms-2500w-tamano-15\\\/#primaryimage\"},\"thumbnailUrl\":\"https:\\\/\\\/pride.audio\\\/wp-content\\\/uploads\\\/2022\\\/12\\\/pride_subwoofer_m2515_1.jpg\",\"datePublished\":\"2022-12-08T20:34:36+00:00\",\"breadcrumb\":{\"@id\":\"https:\\\/\\\/pride.audio\\\/es\\\/producto\\\/subwoofer-pride-m25-15-rms-2500w-tamano-15\\\/#breadcrumb\"},\"inLanguage\":\"es\",\"potentialAction\":[{\"@type\":\"ReadAction\",\"target\":[\"https:\\\/\\\/pride.audio\\\/es\\\/producto\\\/subwoofer-pride-m25-15-rms-2500w-tamano-15\\\/\"]}]},{\"@type\":\"ImageObject\",\"inLanguage\":\"es\",\"@id\":\"https:\\\/\\\/pride.audio\\\/es\\\/producto\\\/subwoofer-pride-m25-15-rms-2500w-tamano-15\\\/#primaryimage\",\"url\":\"https:\\\/\\\/pride.audio\\\/wp-content\\\/uploads\\\/2022\\\/12\\\/pride_subwoofer_m2515_1.jpg\",\"contentUrl\":\"https:\\\/\\\/pride.audio\\\/wp-content\\\/uploads\\\/2022\\\/12\\\/pride_subwoofer_m2515_1.jpg\",\"width\":600,\"height\":421},{\"@type\":\"BreadcrumbList\",\"@id\":\"https:\\\/\\\/pride.audio\\\/es\\\/producto\\\/subwoofer-pride-m25-15-rms-2500w-tamano-15\\\/#breadcrumb\",\"itemListElement\":[{\"@type\":\"ListItem\",\"position\":1,\"name\":\"Home\",\"item\":\"https:\\\/\\\/pride.audio\\\/es\\\/\"},{\"@type\":\"ListItem\",\"position\":2,\"name\":\"Productos\",\"item\":\"https:\\\/\\\/pride.audio\\\/es\\\/productos\\\/\"},{\"@type\":\"ListItem\",\"position\":3,\"name\":\"Subwoofer Pride M25.15 RMS 2500W Tama\u00f1o 15&#8243;\"}]},{\"@type\":\"WebSite\",\"@id\":\"https:\\\/\\\/pride.audio\\\/#website\",\"url\":\"https:\\\/\\\/pride.audio\\\/\",\"name\":\"Pride Audio. USA Online store\",\"description\":\"Pride Car Audio: Official site\",\"publisher\":{\"@id\":\"https:\\\/\\\/pride.audio\\\/#organization\"},\"potentialAction\":[{\"@type\":\"SearchAction\",\"target\":{\"@type\":\"EntryPoint\",\"urlTemplate\":\"https:\\\/\\\/pride.audio\\\/?s={search_term_string}\"},\"query-input\":{\"@type\":\"PropertyValueSpecification\",\"valueRequired\":true,\"valueName\":\"search_term_string\"}}],\"inLanguage\":\"es\"},{\"@type\":\"Organization\",\"@id\":\"https:\\\/\\\/pride.audio\\\/#organization\",\"name\":\"Pride Audio. USA Online store\",\"url\":\"https:\\\/\\\/pride.audio\\\/\",\"logo\":{\"@type\":\"ImageObject\",\"inLanguage\":\"es\",\"@id\":\"https:\\\/\\\/pride.audio\\\/#\\\/schema\\\/logo\\\/image\\\/\",\"url\":\"https:\\\/\\\/pride.audio\\\/wp-content\\\/uploads\\\/2023\\\/08\\\/g10.svg\",\"contentUrl\":\"https:\\\/\\\/pride.audio\\\/wp-content\\\/uploads\\\/2023\\\/08\\\/g10.svg\",\"width\":158,\"height\":34,\"caption\":\"Pride Audio. USA Online store\"},\"image\":{\"@id\":\"https:\\\/\\\/pride.audio\\\/#\\\/schema\\\/logo\\\/image\\\/\"}}]}<\/script>\n<!-- \/ Yoast SEO plugin. -->","yoast_head_json":{"title":"Subwoofer Pride M25.15 RMS 2500W Tama\u00f1o 15\" - Pride Audio. USA Online store","robots":{"index":"index","follow":"follow","max-snippet":"max-snippet:-1","max-image-preview":"max-image-preview:large","max-video-preview":"max-video-preview:-1"},"canonical":"https:\/\/pride.audio\/es\/producto\/subwoofer-pride-m25-15-rms-2500w-tamano-15\/","og_locale":"es_ES","og_type":"article","og_title":"Subwoofer Pride M25.15 RMS 2500W Tama\u00f1o 15\" - Pride Audio. USA Online store","og_description":"Subwoofer Pride M25.15 Le presentamos uno de los subwoofers m\u00e1s populares de la marca Pride Car Audio: Pride M.25 de 15\u201d con tapa antipolvo de carbono. Tama\u00f1o \u2013 15\u2033, RMS \u2013 2500 W. El subwoofer tiene un sistema de refrigeraci\u00f3n actualizado. El marco de aluminio elimina ahora por completo todo el calor. Ahora el subwoofer [&hellip;]","og_url":"https:\/\/pride.audio\/es\/producto\/subwoofer-pride-m25-15-rms-2500w-tamano-15\/","og_site_name":"Pride Audio. USA Online store","og_image":[{"width":600,"height":421,"url":"https:\/\/pride.audio\/wp-content\/uploads\/2022\/12\/pride_subwoofer_m2515_1.jpg","type":"image\/jpeg"}],"twitter_card":"summary_large_image","twitter_misc":{"Tiempo de lectura":"1 minuto"},"schema":{"@context":"https:\/\/schema.org","@graph":[{"@type":"WebPage","@id":"https:\/\/pride.audio\/es\/producto\/subwoofer-pride-m25-15-rms-2500w-tamano-15\/","url":"https:\/\/pride.audio\/es\/producto\/subwoofer-pride-m25-15-rms-2500w-tamano-15\/","name":"Subwoofer Pride M25.15 RMS 2500W Tama\u00f1o 15\" - Pride Audio. USA Online store","isPartOf":{"@id":"https:\/\/pride.audio\/#website"},"primaryImageOfPage":{"@id":"https:\/\/pride.audio\/es\/producto\/subwoofer-pride-m25-15-rms-2500w-tamano-15\/#primaryimage"},"image":{"@id":"https:\/\/pride.audio\/es\/producto\/subwoofer-pride-m25-15-rms-2500w-tamano-15\/#primaryimage"},"thumbnailUrl":"https:\/\/pride.audio\/wp-content\/uploads\/2022\/12\/pride_subwoofer_m2515_1.jpg","datePublished":"2022-12-08T20:34:36+00:00","breadcrumb":{"@id":"https:\/\/pride.audio\/es\/producto\/subwoofer-pride-m25-15-rms-2500w-tamano-15\/#breadcrumb"},"inLanguage":"es","potentialAction":[{"@type":"ReadAction","target":["https:\/\/pride.audio\/es\/producto\/subwoofer-pride-m25-15-rms-2500w-tamano-15\/"]}]},{"@type":"ImageObject","inLanguage":"es","@id":"https:\/\/pride.audio\/es\/producto\/subwoofer-pride-m25-15-rms-2500w-tamano-15\/#primaryimage","url":"https:\/\/pride.audio\/wp-content\/uploads\/2022\/12\/pride_subwoofer_m2515_1.jpg","contentUrl":"https:\/\/pride.audio\/wp-content\/uploads\/2022\/12\/pride_subwoofer_m2515_1.jpg","width":600,"height":421},{"@type":"BreadcrumbList","@id":"https:\/\/pride.audio\/es\/producto\/subwoofer-pride-m25-15-rms-2500w-tamano-15\/#breadcrumb","itemListElement":[{"@type":"ListItem","position":1,"name":"Home","item":"https:\/\/pride.audio\/es\/"},{"@type":"ListItem","position":2,"name":"Productos","item":"https:\/\/pride.audio\/es\/productos\/"},{"@type":"ListItem","position":3,"name":"Subwoofer Pride M25.15 RMS 2500W Tama\u00f1o 15&#8243;"}]},{"@type":"WebSite","@id":"https:\/\/pride.audio\/#website","url":"https:\/\/pride.audio\/","name":"Pride Audio. USA Online store","description":"Pride Car Audio: Official site","publisher":{"@id":"https:\/\/pride.audio\/#organization"},"potentialAction":[{"@type":"SearchAction","target":{"@type":"EntryPoint","urlTemplate":"https:\/\/pride.audio\/?s={search_term_string}"},"query-input":{"@type":"PropertyValueSpecification","valueRequired":true,"valueName":"search_term_string"}}],"inLanguage":"es"},{"@type":"Organization","@id":"https:\/\/pride.audio\/#organization","name":"Pride Audio. USA Online store","url":"https:\/\/pride.audio\/","logo":{"@type":"ImageObject","inLanguage":"es","@id":"https:\/\/pride.audio\/#\/schema\/logo\/image\/","url":"https:\/\/pride.audio\/wp-content\/uploads\/2023\/08\/g10.svg","contentUrl":"https:\/\/pride.audio\/wp-content\/uploads\/2023\/08\/g10.svg","width":158,"height":34,"caption":"Pride Audio. USA Online store"},"image":{"@id":"https:\/\/pride.audio\/#\/schema\/logo\/image\/"}}]}},"_links":{"self":[{"href":"https:\/\/pride.audio\/es\/wp-json\/wp\/v2\/product\/15146","targetHints":{"allow":["GET"]}}],"collection":[{"href":"https:\/\/pride.audio\/es\/wp-json\/wp\/v2\/product"}],"about":[{"href":"https:\/\/pride.audio\/es\/wp-json\/wp\/v2\/types\/product"}],"wp:featuredmedia":[{"embeddable":true,"href":"https:\/\/pride.audio\/es\/wp-json\/wp\/v2\/media\/18106"}],"wp:attachment":[{"href":"https:\/\/pride.audio\/es\/wp-json\/wp\/v2\/media?parent=15146"}],"wp:term":[{"taxonomy":"product_brand","embeddable":true,"href":"https:\/\/pride.audio\/es\/wp-json\/wp\/v2\/product_brand?post=15146"},{"taxonomy":"product_cat","embeddable":true,"href":"https:\/\/pride.audio\/es\/wp-json\/wp\/v2\/product_cat?post=15146"},{"taxonomy":"product_tag","embeddable":true,"href":"https:\/\/pride.audio\/es\/wp-json\/wp\/v2\/product_tag?post=15146"}],"curies":[{"name":"wp","href":"https:\/\/api.w.org\/{rel}","templated":true}]}}