{"id":15132,"date":"2023-11-21T15:53:21","date_gmt":"2023-11-21T20:53:21","guid":{"rendered":"https:\/\/pride.audio\/product\/subwoofer-pride-ufo5-18v3-rms-7500-10000-w-bobina-movil-tamano-5-18\/"},"modified":"2023-11-21T15:53:21","modified_gmt":"2023-11-21T13:53:21","slug":"subwoofer-pride-ufo5-18v3-rms-7500-10000-w-bobina-movil-tamano-5-18","status":"publish","type":"product","link":"https:\/\/pride.audio\/es\/producto\/subwoofer-pride-ufo5-18v3-rms-7500-10000-w-bobina-movil-tamano-5-18\/","title":{"rendered":"Subwoofer Pride UFO5 18v3 RMS 7500-10000 W Bobina m\u00f3vil &#8211; TAMA\u00d1O 5&#8243; &#8211; 18&#8243;"},"content":{"rendered":"<p><strong>Subwoofer Pride UFO5 18v3<\/p>\n<p><\/strong><span class=\"Y2IQFc\" lang=\"es\">La intersecci\u00f3n de la realidad y la fantas\u00eda, lo deseado y lo posible. UFO.5: equipamiento de los campeonesSubwoofer de la serie UFO5 de la empresa Pride. Esta versi\u00f3n se ha vuelto m\u00e1s potente, m\u00e1s ruidosa y m\u00e1s fiable.<\/span><\/p>\n<p>RMS &#8211; 7500-10000 W, Voice Coil &#8211; 5&#8243;.<\/p>\n<p><span class=\"Y2IQFc\" lang=\"es\">Una bobina m\u00f3vil de alta temperatura de 5 pulgadas hecha de aluminio plano, con un potente motor de neodimio y un avanzado sistema de enfriamiento, proporcionar\u00e1 una alta capacidad de sobrecarga y un funcionamiento a largo plazo en condiciones operativas diarias de hasta 10.000 W RMS.<\/p>\n<p>El subwoofer est\u00e1 equipado con un difusor y una tapa de carbono, que le dar\u00e1n ligereza al sistema m\u00f3vil y una apariencia fresca.<\/span><\/p>\n","protected":false},"excerpt":{"rendered":"<p>Subwoofer Pride UFO5 18v3 La intersecci\u00f3n de la realidad y la fantas\u00eda, lo deseado y lo posible. UFO.5: equipamiento de los campeonesSubwoofer de la serie UFO5 de la empresa Pride. Esta versi\u00f3n se ha vuelto m\u00e1s potente, m\u00e1s ruidosa y m\u00e1s fiable. RMS &#8211; 7500-10000 W, Voice Coil &#8211; 5&#8243;. Una bobina m\u00f3vil de alta [&hellip;]<\/p>\n","protected":false},"featured_media":18543,"template":"","meta":{"inline_featured_image":false},"product_brand":[],"product_cat":[],"product_tag":[],"class_list":{"0":"post-15132","1":"product","2":"type-product","3":"status-publish","4":"has-post-thumbnail","7":"first","8":"outofstock","9":"taxable","10":"shipping-taxable","11":"product-type-simple"},"acf":[],"yoast_head":"<!-- This site is optimized with the Yoast SEO plugin v27.3 - https:\/\/yoast.com\/product\/yoast-seo-wordpress\/ -->\n<title>Subwoofer Pride UFO5 18v3 RMS 7500-10000 W Bobina m\u00f3vil - TAMA\u00d1O 5&quot; - 18&quot; - Pride Audio. USA Online store<\/title>\n<meta name=\"robots\" content=\"index, follow, max-snippet:-1, max-image-preview:large, max-video-preview:-1\" \/>\n<link rel=\"canonical\" href=\"https:\/\/pride.audio\/es\/producto\/subwoofer-pride-ufo5-18v3-rms-7500-10000-w-bobina-movil-tamano-5-18\/\" \/>\n<meta property=\"og:locale\" content=\"es_ES\" \/>\n<meta property=\"og:type\" content=\"article\" \/>\n<meta property=\"og:title\" content=\"Subwoofer Pride UFO5 18v3 RMS 7500-10000 W Bobina m\u00f3vil - TAMA\u00d1O 5&quot; - 18&quot; - Pride Audio. USA Online store\" \/>\n<meta property=\"og:description\" content=\"Subwoofer Pride UFO5 18v3 La intersecci\u00f3n de la realidad y la fantas\u00eda, lo deseado y lo posible. UFO.5: equipamiento de los campeonesSubwoofer de la serie UFO5 de la empresa Pride. Esta versi\u00f3n se ha vuelto m\u00e1s potente, m\u00e1s ruidosa y m\u00e1s fiable. RMS &#8211; 7500-10000 W, Voice Coil &#8211; 5&#8243;. Una bobina m\u00f3vil de alta [&hellip;]\" \/>\n<meta property=\"og:url\" content=\"https:\/\/pride.audio\/es\/producto\/subwoofer-pride-ufo5-18v3-rms-7500-10000-w-bobina-movil-tamano-5-18\/\" \/>\n<meta property=\"og:site_name\" content=\"Pride Audio. USA Online store\" \/>\n<meta property=\"og:image\" content=\"https:\/\/pride.audio\/wp-content\/uploads\/2023\/11\/subwoofer_ufo5_18v3-1.jpg\" \/>\n\t<meta property=\"og:image:width\" content=\"434\" \/>\n\t<meta property=\"og:image:height\" content=\"424\" \/>\n\t<meta property=\"og:image:type\" content=\"image\/jpeg\" \/>\n<meta name=\"twitter:card\" content=\"summary_large_image\" \/>\n<meta name=\"twitter:label1\" content=\"Tiempo de lectura\" \/>\n\t<meta name=\"twitter:data1\" content=\"1 minuto\" \/>\n<script type=\"application\/ld+json\" class=\"yoast-schema-graph\">{\"@context\":\"https:\\\/\\\/schema.org\",\"@graph\":[{\"@type\":\"WebPage\",\"@id\":\"https:\\\/\\\/pride.audio\\\/es\\\/producto\\\/subwoofer-pride-ufo5-18v3-rms-7500-10000-w-bobina-movil-tamano-5-18\\\/\",\"url\":\"https:\\\/\\\/pride.audio\\\/es\\\/producto\\\/subwoofer-pride-ufo5-18v3-rms-7500-10000-w-bobina-movil-tamano-5-18\\\/\",\"name\":\"Subwoofer Pride UFO5 18v3 RMS 7500-10000 W Bobina m\u00f3vil - TAMA\u00d1O 5\\\" - 18\\\" - Pride Audio. USA Online store\",\"isPartOf\":{\"@id\":\"https:\\\/\\\/pride.audio\\\/#website\"},\"primaryImageOfPage\":{\"@id\":\"https:\\\/\\\/pride.audio\\\/es\\\/producto\\\/subwoofer-pride-ufo5-18v3-rms-7500-10000-w-bobina-movil-tamano-5-18\\\/#primaryimage\"},\"image\":{\"@id\":\"https:\\\/\\\/pride.audio\\\/es\\\/producto\\\/subwoofer-pride-ufo5-18v3-rms-7500-10000-w-bobina-movil-tamano-5-18\\\/#primaryimage\"},\"thumbnailUrl\":\"https:\\\/\\\/pride.audio\\\/wp-content\\\/uploads\\\/2023\\\/11\\\/subwoofer_ufo5_18v3-1.jpg\",\"datePublished\":\"2023-11-21T20:53:21+00:00\",\"breadcrumb\":{\"@id\":\"https:\\\/\\\/pride.audio\\\/es\\\/producto\\\/subwoofer-pride-ufo5-18v3-rms-7500-10000-w-bobina-movil-tamano-5-18\\\/#breadcrumb\"},\"inLanguage\":\"es\",\"potentialAction\":[{\"@type\":\"ReadAction\",\"target\":[\"https:\\\/\\\/pride.audio\\\/es\\\/producto\\\/subwoofer-pride-ufo5-18v3-rms-7500-10000-w-bobina-movil-tamano-5-18\\\/\"]}]},{\"@type\":\"ImageObject\",\"inLanguage\":\"es\",\"@id\":\"https:\\\/\\\/pride.audio\\\/es\\\/producto\\\/subwoofer-pride-ufo5-18v3-rms-7500-10000-w-bobina-movil-tamano-5-18\\\/#primaryimage\",\"url\":\"https:\\\/\\\/pride.audio\\\/wp-content\\\/uploads\\\/2023\\\/11\\\/subwoofer_ufo5_18v3-1.jpg\",\"contentUrl\":\"https:\\\/\\\/pride.audio\\\/wp-content\\\/uploads\\\/2023\\\/11\\\/subwoofer_ufo5_18v3-1.jpg\",\"width\":434,\"height\":424},{\"@type\":\"BreadcrumbList\",\"@id\":\"https:\\\/\\\/pride.audio\\\/es\\\/producto\\\/subwoofer-pride-ufo5-18v3-rms-7500-10000-w-bobina-movil-tamano-5-18\\\/#breadcrumb\",\"itemListElement\":[{\"@type\":\"ListItem\",\"position\":1,\"name\":\"Home\",\"item\":\"https:\\\/\\\/pride.audio\\\/es\\\/\"},{\"@type\":\"ListItem\",\"position\":2,\"name\":\"Productos\",\"item\":\"https:\\\/\\\/pride.audio\\\/es\\\/productos\\\/\"},{\"@type\":\"ListItem\",\"position\":3,\"name\":\"Subwoofer Pride UFO5 18v3 RMS 7500-10000 W Bobina m\u00f3vil &#8211; TAMA\u00d1O 5&#8243; &#8211; 18&#8243;\"}]},{\"@type\":\"WebSite\",\"@id\":\"https:\\\/\\\/pride.audio\\\/#website\",\"url\":\"https:\\\/\\\/pride.audio\\\/\",\"name\":\"Pride Audio. USA Online store\",\"description\":\"Pride Car Audio: Official site\",\"publisher\":{\"@id\":\"https:\\\/\\\/pride.audio\\\/#organization\"},\"potentialAction\":[{\"@type\":\"SearchAction\",\"target\":{\"@type\":\"EntryPoint\",\"urlTemplate\":\"https:\\\/\\\/pride.audio\\\/?s={search_term_string}\"},\"query-input\":{\"@type\":\"PropertyValueSpecification\",\"valueRequired\":true,\"valueName\":\"search_term_string\"}}],\"inLanguage\":\"es\"},{\"@type\":\"Organization\",\"@id\":\"https:\\\/\\\/pride.audio\\\/#organization\",\"name\":\"Pride Audio. USA Online store\",\"url\":\"https:\\\/\\\/pride.audio\\\/\",\"logo\":{\"@type\":\"ImageObject\",\"inLanguage\":\"es\",\"@id\":\"https:\\\/\\\/pride.audio\\\/#\\\/schema\\\/logo\\\/image\\\/\",\"url\":\"https:\\\/\\\/pride.audio\\\/wp-content\\\/uploads\\\/2023\\\/08\\\/g10.svg\",\"contentUrl\":\"https:\\\/\\\/pride.audio\\\/wp-content\\\/uploads\\\/2023\\\/08\\\/g10.svg\",\"width\":158,\"height\":34,\"caption\":\"Pride Audio. USA Online store\"},\"image\":{\"@id\":\"https:\\\/\\\/pride.audio\\\/#\\\/schema\\\/logo\\\/image\\\/\"}}]}<\/script>\n<!-- \/ Yoast SEO plugin. -->","yoast_head_json":{"title":"Subwoofer Pride UFO5 18v3 RMS 7500-10000 W Bobina m\u00f3vil - TAMA\u00d1O 5\" - 18\" - Pride Audio. USA Online store","robots":{"index":"index","follow":"follow","max-snippet":"max-snippet:-1","max-image-preview":"max-image-preview:large","max-video-preview":"max-video-preview:-1"},"canonical":"https:\/\/pride.audio\/es\/producto\/subwoofer-pride-ufo5-18v3-rms-7500-10000-w-bobina-movil-tamano-5-18\/","og_locale":"es_ES","og_type":"article","og_title":"Subwoofer Pride UFO5 18v3 RMS 7500-10000 W Bobina m\u00f3vil - TAMA\u00d1O 5\" - 18\" - Pride Audio. USA Online store","og_description":"Subwoofer Pride UFO5 18v3 La intersecci\u00f3n de la realidad y la fantas\u00eda, lo deseado y lo posible. UFO.5: equipamiento de los campeonesSubwoofer de la serie UFO5 de la empresa Pride. Esta versi\u00f3n se ha vuelto m\u00e1s potente, m\u00e1s ruidosa y m\u00e1s fiable. RMS &#8211; 7500-10000 W, Voice Coil &#8211; 5&#8243;. Una bobina m\u00f3vil de alta [&hellip;]","og_url":"https:\/\/pride.audio\/es\/producto\/subwoofer-pride-ufo5-18v3-rms-7500-10000-w-bobina-movil-tamano-5-18\/","og_site_name":"Pride Audio. USA Online store","og_image":[{"width":434,"height":424,"url":"https:\/\/pride.audio\/wp-content\/uploads\/2023\/11\/subwoofer_ufo5_18v3-1.jpg","type":"image\/jpeg"}],"twitter_card":"summary_large_image","twitter_misc":{"Tiempo de lectura":"1 minuto"},"schema":{"@context":"https:\/\/schema.org","@graph":[{"@type":"WebPage","@id":"https:\/\/pride.audio\/es\/producto\/subwoofer-pride-ufo5-18v3-rms-7500-10000-w-bobina-movil-tamano-5-18\/","url":"https:\/\/pride.audio\/es\/producto\/subwoofer-pride-ufo5-18v3-rms-7500-10000-w-bobina-movil-tamano-5-18\/","name":"Subwoofer Pride UFO5 18v3 RMS 7500-10000 W Bobina m\u00f3vil - TAMA\u00d1O 5\" - 18\" - Pride Audio. USA Online store","isPartOf":{"@id":"https:\/\/pride.audio\/#website"},"primaryImageOfPage":{"@id":"https:\/\/pride.audio\/es\/producto\/subwoofer-pride-ufo5-18v3-rms-7500-10000-w-bobina-movil-tamano-5-18\/#primaryimage"},"image":{"@id":"https:\/\/pride.audio\/es\/producto\/subwoofer-pride-ufo5-18v3-rms-7500-10000-w-bobina-movil-tamano-5-18\/#primaryimage"},"thumbnailUrl":"https:\/\/pride.audio\/wp-content\/uploads\/2023\/11\/subwoofer_ufo5_18v3-1.jpg","datePublished":"2023-11-21T20:53:21+00:00","breadcrumb":{"@id":"https:\/\/pride.audio\/es\/producto\/subwoofer-pride-ufo5-18v3-rms-7500-10000-w-bobina-movil-tamano-5-18\/#breadcrumb"},"inLanguage":"es","potentialAction":[{"@type":"ReadAction","target":["https:\/\/pride.audio\/es\/producto\/subwoofer-pride-ufo5-18v3-rms-7500-10000-w-bobina-movil-tamano-5-18\/"]}]},{"@type":"ImageObject","inLanguage":"es","@id":"https:\/\/pride.audio\/es\/producto\/subwoofer-pride-ufo5-18v3-rms-7500-10000-w-bobina-movil-tamano-5-18\/#primaryimage","url":"https:\/\/pride.audio\/wp-content\/uploads\/2023\/11\/subwoofer_ufo5_18v3-1.jpg","contentUrl":"https:\/\/pride.audio\/wp-content\/uploads\/2023\/11\/subwoofer_ufo5_18v3-1.jpg","width":434,"height":424},{"@type":"BreadcrumbList","@id":"https:\/\/pride.audio\/es\/producto\/subwoofer-pride-ufo5-18v3-rms-7500-10000-w-bobina-movil-tamano-5-18\/#breadcrumb","itemListElement":[{"@type":"ListItem","position":1,"name":"Home","item":"https:\/\/pride.audio\/es\/"},{"@type":"ListItem","position":2,"name":"Productos","item":"https:\/\/pride.audio\/es\/productos\/"},{"@type":"ListItem","position":3,"name":"Subwoofer Pride UFO5 18v3 RMS 7500-10000 W Bobina m\u00f3vil &#8211; TAMA\u00d1O 5&#8243; &#8211; 18&#8243;"}]},{"@type":"WebSite","@id":"https:\/\/pride.audio\/#website","url":"https:\/\/pride.audio\/","name":"Pride Audio. USA Online store","description":"Pride Car Audio: Official site","publisher":{"@id":"https:\/\/pride.audio\/#organization"},"potentialAction":[{"@type":"SearchAction","target":{"@type":"EntryPoint","urlTemplate":"https:\/\/pride.audio\/?s={search_term_string}"},"query-input":{"@type":"PropertyValueSpecification","valueRequired":true,"valueName":"search_term_string"}}],"inLanguage":"es"},{"@type":"Organization","@id":"https:\/\/pride.audio\/#organization","name":"Pride Audio. USA Online store","url":"https:\/\/pride.audio\/","logo":{"@type":"ImageObject","inLanguage":"es","@id":"https:\/\/pride.audio\/#\/schema\/logo\/image\/","url":"https:\/\/pride.audio\/wp-content\/uploads\/2023\/08\/g10.svg","contentUrl":"https:\/\/pride.audio\/wp-content\/uploads\/2023\/08\/g10.svg","width":158,"height":34,"caption":"Pride Audio. USA Online store"},"image":{"@id":"https:\/\/pride.audio\/#\/schema\/logo\/image\/"}}]}},"_links":{"self":[{"href":"https:\/\/pride.audio\/es\/wp-json\/wp\/v2\/product\/15132","targetHints":{"allow":["GET"]}}],"collection":[{"href":"https:\/\/pride.audio\/es\/wp-json\/wp\/v2\/product"}],"about":[{"href":"https:\/\/pride.audio\/es\/wp-json\/wp\/v2\/types\/product"}],"wp:featuredmedia":[{"embeddable":true,"href":"https:\/\/pride.audio\/es\/wp-json\/wp\/v2\/media\/18543"}],"wp:attachment":[{"href":"https:\/\/pride.audio\/es\/wp-json\/wp\/v2\/media?parent=15132"}],"wp:term":[{"taxonomy":"product_brand","embeddable":true,"href":"https:\/\/pride.audio\/es\/wp-json\/wp\/v2\/product_brand?post=15132"},{"taxonomy":"product_cat","embeddable":true,"href":"https:\/\/pride.audio\/es\/wp-json\/wp\/v2\/product_cat?post=15132"},{"taxonomy":"product_tag","embeddable":true,"href":"https:\/\/pride.audio\/es\/wp-json\/wp\/v2\/product_tag?post=15132"}],"curies":[{"name":"wp","href":"https:\/\/api.w.org\/{rel}","templated":true}]}}