{"id":15127,"date":"2023-11-21T15:51:32","date_gmt":"2023-11-21T20:51:32","guid":{"rendered":"https:\/\/pride.audio\/product\/subwoofer-pride-ufo5-15v3-rms-7500-10000-w-bobina-movil-5%e2%80%b3-tamano-15\/"},"modified":"2023-11-21T15:51:32","modified_gmt":"2023-11-21T13:51:32","slug":"subwoofer-pride-ufo5-15v3-rms-7500-10000-w-bobina-movil-5%e2%80%b3-tamano-15","status":"publish","type":"product","link":"https:\/\/pride.audio\/es\/producto\/subwoofer-pride-ufo5-15v3-rms-7500-10000-w-bobina-movil-5%e2%80%b3-tamano-15\/","title":{"rendered":"Subwoofer Pride UFO5 15v3 RMS 7500-10000 W Bobina m\u00f3vil &#8211; 5\u2033 TAMA\u00d1O &#8211; 15&#8243;"},"content":{"rendered":"<p><strong>Subwoofer Pride UFO5 15v3<\/p>\n<p><\/strong><span class=\"Y2IQFc\" lang=\"es\">Esta versi\u00f3n se ha vuelto m\u00e1s potente, m\u00e1s ruidosa y m\u00e1s confiable que la anterior.<br \/>\n<\/span><\/p>\n<p><span class=\"Y2IQFc\" lang=\"es\">Altavoz subwoofer de la serie \u201cUFO5\u201d de Pride. Una cesta original con un dise\u00f1o genial fue dise\u00f1ada especialmente para este monstruo. Arandelas de centrado de aramida dobles espaciadas de 10 pulgadas aseguradas con un anillo de sujeci\u00f3n.<\/p>\n<p><\/span><span class=\"Y2IQFc\" lang=\"es\">Una bobina m\u00f3vil de 5 pulgadas de alta temperatura hecha de aluminio plano, con un potente motor de neodimio y un sistema de enfriamiento avanzado, proporcionar\u00e1 una alta capacidad de sobrecarga y un funcionamiento a largo plazo de hasta 10 000 W RMS. El subwoofer est\u00e1 equipado con un difusor y una tapa de carbono, que le dar\u00e1n ligereza al sistema m\u00f3vil y una apariencia fresca.<\/span><\/p>\n<p><strong><\/p>\n<p><\/strong><\/p>\n","protected":false},"excerpt":{"rendered":"<p>Subwoofer Pride UFO5 15v3 Esta versi\u00f3n se ha vuelto m\u00e1s potente, m\u00e1s ruidosa y m\u00e1s confiable que la anterior. Altavoz subwoofer de la serie \u201cUFO5\u201d de Pride. Una cesta original con un dise\u00f1o genial fue dise\u00f1ada especialmente para este monstruo. Arandelas de centrado de aramida dobles espaciadas de 10 pulgadas aseguradas con un anillo de [&hellip;]<\/p>\n","protected":false},"featured_media":18563,"template":"","meta":{"inline_featured_image":false},"product_brand":[],"product_cat":[],"product_tag":[],"class_list":{"0":"post-15127","1":"product","2":"type-product","3":"status-publish","4":"has-post-thumbnail","7":"first","8":"outofstock","9":"taxable","10":"shipping-taxable","11":"product-type-simple"},"acf":[],"yoast_head":"<!-- This site is optimized with the Yoast SEO plugin v27.4 - https:\/\/yoast.com\/product\/yoast-seo-wordpress\/ -->\n<title>Subwoofer Pride UFO5 15v3 RMS 7500-10000 W Bobina m\u00f3vil - 5\u2033 TAMA\u00d1O - 15&quot; - Pride Audio. USA Online store<\/title>\n<meta name=\"robots\" content=\"index, follow, max-snippet:-1, max-image-preview:large, max-video-preview:-1\" \/>\n<link rel=\"canonical\" href=\"https:\/\/pride.audio\/es\/producto\/subwoofer-pride-ufo5-15v3-rms-7500-10000-w-bobina-movil-5\u2033-tamano-15\/\" \/>\n<meta property=\"og:locale\" content=\"es_ES\" \/>\n<meta property=\"og:type\" content=\"article\" \/>\n<meta property=\"og:title\" content=\"Subwoofer Pride UFO5 15v3 RMS 7500-10000 W Bobina m\u00f3vil - 5\u2033 TAMA\u00d1O - 15&quot; - Pride Audio. USA Online store\" \/>\n<meta property=\"og:description\" content=\"Subwoofer Pride UFO5 15v3 Esta versi\u00f3n se ha vuelto m\u00e1s potente, m\u00e1s ruidosa y m\u00e1s confiable que la anterior. Altavoz subwoofer de la serie \u201cUFO5\u201d de Pride. Una cesta original con un dise\u00f1o genial fue dise\u00f1ada especialmente para este monstruo. Arandelas de centrado de aramida dobles espaciadas de 10 pulgadas aseguradas con un anillo de [&hellip;]\" \/>\n<meta property=\"og:url\" content=\"https:\/\/pride.audio\/es\/producto\/subwoofer-pride-ufo5-15v3-rms-7500-10000-w-bobina-movil-5\u2033-tamano-15\/\" \/>\n<meta property=\"og:site_name\" content=\"Pride Audio. USA Online store\" \/>\n<meta property=\"og:image\" content=\"https:\/\/pride.audio\/wp-content\/uploads\/2023\/11\/Subwoofer_UFO5_15v3-1.jpg\" \/>\n\t<meta property=\"og:image:width\" content=\"434\" \/>\n\t<meta property=\"og:image:height\" content=\"424\" \/>\n\t<meta property=\"og:image:type\" content=\"image\/jpeg\" \/>\n<meta name=\"twitter:card\" content=\"summary_large_image\" \/>\n<meta name=\"twitter:label1\" content=\"Tiempo de lectura\" \/>\n\t<meta name=\"twitter:data1\" content=\"1 minuto\" \/>\n<script type=\"application\/ld+json\" class=\"yoast-schema-graph\">{\"@context\":\"https:\\\/\\\/schema.org\",\"@graph\":[{\"@type\":\"WebPage\",\"@id\":\"https:\\\/\\\/pride.audio\\\/es\\\/producto\\\/subwoofer-pride-ufo5-15v3-rms-7500-10000-w-bobina-movil-5%e2%80%b3-tamano-15\\\/\",\"url\":\"https:\\\/\\\/pride.audio\\\/es\\\/producto\\\/subwoofer-pride-ufo5-15v3-rms-7500-10000-w-bobina-movil-5%e2%80%b3-tamano-15\\\/\",\"name\":\"Subwoofer Pride UFO5 15v3 RMS 7500-10000 W Bobina m\u00f3vil - 5\u2033 TAMA\u00d1O - 15\\\" - Pride Audio. USA Online store\",\"isPartOf\":{\"@id\":\"https:\\\/\\\/pride.audio\\\/#website\"},\"primaryImageOfPage\":{\"@id\":\"https:\\\/\\\/pride.audio\\\/es\\\/producto\\\/subwoofer-pride-ufo5-15v3-rms-7500-10000-w-bobina-movil-5%e2%80%b3-tamano-15\\\/#primaryimage\"},\"image\":{\"@id\":\"https:\\\/\\\/pride.audio\\\/es\\\/producto\\\/subwoofer-pride-ufo5-15v3-rms-7500-10000-w-bobina-movil-5%e2%80%b3-tamano-15\\\/#primaryimage\"},\"thumbnailUrl\":\"https:\\\/\\\/pride.audio\\\/wp-content\\\/uploads\\\/2023\\\/11\\\/Subwoofer_UFO5_15v3-1.jpg\",\"datePublished\":\"2023-11-21T20:51:32+00:00\",\"breadcrumb\":{\"@id\":\"https:\\\/\\\/pride.audio\\\/es\\\/producto\\\/subwoofer-pride-ufo5-15v3-rms-7500-10000-w-bobina-movil-5%e2%80%b3-tamano-15\\\/#breadcrumb\"},\"inLanguage\":\"es\",\"potentialAction\":[{\"@type\":\"ReadAction\",\"target\":[\"https:\\\/\\\/pride.audio\\\/es\\\/producto\\\/subwoofer-pride-ufo5-15v3-rms-7500-10000-w-bobina-movil-5%e2%80%b3-tamano-15\\\/\"]}]},{\"@type\":\"ImageObject\",\"inLanguage\":\"es\",\"@id\":\"https:\\\/\\\/pride.audio\\\/es\\\/producto\\\/subwoofer-pride-ufo5-15v3-rms-7500-10000-w-bobina-movil-5%e2%80%b3-tamano-15\\\/#primaryimage\",\"url\":\"https:\\\/\\\/pride.audio\\\/wp-content\\\/uploads\\\/2023\\\/11\\\/Subwoofer_UFO5_15v3-1.jpg\",\"contentUrl\":\"https:\\\/\\\/pride.audio\\\/wp-content\\\/uploads\\\/2023\\\/11\\\/Subwoofer_UFO5_15v3-1.jpg\",\"width\":434,\"height\":424},{\"@type\":\"BreadcrumbList\",\"@id\":\"https:\\\/\\\/pride.audio\\\/es\\\/producto\\\/subwoofer-pride-ufo5-15v3-rms-7500-10000-w-bobina-movil-5%e2%80%b3-tamano-15\\\/#breadcrumb\",\"itemListElement\":[{\"@type\":\"ListItem\",\"position\":1,\"name\":\"Home\",\"item\":\"https:\\\/\\\/pride.audio\\\/es\\\/\"},{\"@type\":\"ListItem\",\"position\":2,\"name\":\"Productos\",\"item\":\"https:\\\/\\\/pride.audio\\\/es\\\/productos\\\/\"},{\"@type\":\"ListItem\",\"position\":3,\"name\":\"Subwoofer Pride UFO5 15v3 RMS 7500-10000 W Bobina m\u00f3vil &#8211; 5\u2033 TAMA\u00d1O &#8211; 15&#8243;\"}]},{\"@type\":\"WebSite\",\"@id\":\"https:\\\/\\\/pride.audio\\\/#website\",\"url\":\"https:\\\/\\\/pride.audio\\\/\",\"name\":\"Pride Audio. USA Online store\",\"description\":\"Pride Car Audio: Official site\",\"publisher\":{\"@id\":\"https:\\\/\\\/pride.audio\\\/#organization\"},\"potentialAction\":[{\"@type\":\"SearchAction\",\"target\":{\"@type\":\"EntryPoint\",\"urlTemplate\":\"https:\\\/\\\/pride.audio\\\/?s={search_term_string}\"},\"query-input\":{\"@type\":\"PropertyValueSpecification\",\"valueRequired\":true,\"valueName\":\"search_term_string\"}}],\"inLanguage\":\"es\"},{\"@type\":\"Organization\",\"@id\":\"https:\\\/\\\/pride.audio\\\/#organization\",\"name\":\"Pride Audio. USA Online store\",\"url\":\"https:\\\/\\\/pride.audio\\\/\",\"logo\":{\"@type\":\"ImageObject\",\"inLanguage\":\"es\",\"@id\":\"https:\\\/\\\/pride.audio\\\/#\\\/schema\\\/logo\\\/image\\\/\",\"url\":\"https:\\\/\\\/pride.audio\\\/wp-content\\\/uploads\\\/2023\\\/08\\\/g10.svg\",\"contentUrl\":\"https:\\\/\\\/pride.audio\\\/wp-content\\\/uploads\\\/2023\\\/08\\\/g10.svg\",\"width\":158,\"height\":34,\"caption\":\"Pride Audio. USA Online store\"},\"image\":{\"@id\":\"https:\\\/\\\/pride.audio\\\/#\\\/schema\\\/logo\\\/image\\\/\"}}]}<\/script>\n<!-- \/ Yoast SEO plugin. -->","yoast_head_json":{"title":"Subwoofer Pride UFO5 15v3 RMS 7500-10000 W Bobina m\u00f3vil - 5\u2033 TAMA\u00d1O - 15\" - Pride Audio. USA Online store","robots":{"index":"index","follow":"follow","max-snippet":"max-snippet:-1","max-image-preview":"max-image-preview:large","max-video-preview":"max-video-preview:-1"},"canonical":"https:\/\/pride.audio\/es\/producto\/subwoofer-pride-ufo5-15v3-rms-7500-10000-w-bobina-movil-5\u2033-tamano-15\/","og_locale":"es_ES","og_type":"article","og_title":"Subwoofer Pride UFO5 15v3 RMS 7500-10000 W Bobina m\u00f3vil - 5\u2033 TAMA\u00d1O - 15\" - Pride Audio. USA Online store","og_description":"Subwoofer Pride UFO5 15v3 Esta versi\u00f3n se ha vuelto m\u00e1s potente, m\u00e1s ruidosa y m\u00e1s confiable que la anterior. Altavoz subwoofer de la serie \u201cUFO5\u201d de Pride. Una cesta original con un dise\u00f1o genial fue dise\u00f1ada especialmente para este monstruo. Arandelas de centrado de aramida dobles espaciadas de 10 pulgadas aseguradas con un anillo de [&hellip;]","og_url":"https:\/\/pride.audio\/es\/producto\/subwoofer-pride-ufo5-15v3-rms-7500-10000-w-bobina-movil-5\u2033-tamano-15\/","og_site_name":"Pride Audio. USA Online store","og_image":[{"width":434,"height":424,"url":"https:\/\/pride.audio\/wp-content\/uploads\/2023\/11\/Subwoofer_UFO5_15v3-1.jpg","type":"image\/jpeg"}],"twitter_card":"summary_large_image","twitter_misc":{"Tiempo de lectura":"1 minuto"},"schema":{"@context":"https:\/\/schema.org","@graph":[{"@type":"WebPage","@id":"https:\/\/pride.audio\/es\/producto\/subwoofer-pride-ufo5-15v3-rms-7500-10000-w-bobina-movil-5%e2%80%b3-tamano-15\/","url":"https:\/\/pride.audio\/es\/producto\/subwoofer-pride-ufo5-15v3-rms-7500-10000-w-bobina-movil-5%e2%80%b3-tamano-15\/","name":"Subwoofer Pride UFO5 15v3 RMS 7500-10000 W Bobina m\u00f3vil - 5\u2033 TAMA\u00d1O - 15\" - Pride Audio. USA Online store","isPartOf":{"@id":"https:\/\/pride.audio\/#website"},"primaryImageOfPage":{"@id":"https:\/\/pride.audio\/es\/producto\/subwoofer-pride-ufo5-15v3-rms-7500-10000-w-bobina-movil-5%e2%80%b3-tamano-15\/#primaryimage"},"image":{"@id":"https:\/\/pride.audio\/es\/producto\/subwoofer-pride-ufo5-15v3-rms-7500-10000-w-bobina-movil-5%e2%80%b3-tamano-15\/#primaryimage"},"thumbnailUrl":"https:\/\/pride.audio\/wp-content\/uploads\/2023\/11\/Subwoofer_UFO5_15v3-1.jpg","datePublished":"2023-11-21T20:51:32+00:00","breadcrumb":{"@id":"https:\/\/pride.audio\/es\/producto\/subwoofer-pride-ufo5-15v3-rms-7500-10000-w-bobina-movil-5%e2%80%b3-tamano-15\/#breadcrumb"},"inLanguage":"es","potentialAction":[{"@type":"ReadAction","target":["https:\/\/pride.audio\/es\/producto\/subwoofer-pride-ufo5-15v3-rms-7500-10000-w-bobina-movil-5%e2%80%b3-tamano-15\/"]}]},{"@type":"ImageObject","inLanguage":"es","@id":"https:\/\/pride.audio\/es\/producto\/subwoofer-pride-ufo5-15v3-rms-7500-10000-w-bobina-movil-5%e2%80%b3-tamano-15\/#primaryimage","url":"https:\/\/pride.audio\/wp-content\/uploads\/2023\/11\/Subwoofer_UFO5_15v3-1.jpg","contentUrl":"https:\/\/pride.audio\/wp-content\/uploads\/2023\/11\/Subwoofer_UFO5_15v3-1.jpg","width":434,"height":424},{"@type":"BreadcrumbList","@id":"https:\/\/pride.audio\/es\/producto\/subwoofer-pride-ufo5-15v3-rms-7500-10000-w-bobina-movil-5%e2%80%b3-tamano-15\/#breadcrumb","itemListElement":[{"@type":"ListItem","position":1,"name":"Home","item":"https:\/\/pride.audio\/es\/"},{"@type":"ListItem","position":2,"name":"Productos","item":"https:\/\/pride.audio\/es\/productos\/"},{"@type":"ListItem","position":3,"name":"Subwoofer Pride UFO5 15v3 RMS 7500-10000 W Bobina m\u00f3vil &#8211; 5\u2033 TAMA\u00d1O &#8211; 15&#8243;"}]},{"@type":"WebSite","@id":"https:\/\/pride.audio\/#website","url":"https:\/\/pride.audio\/","name":"Pride Audio. USA Online store","description":"Pride Car Audio: Official site","publisher":{"@id":"https:\/\/pride.audio\/#organization"},"potentialAction":[{"@type":"SearchAction","target":{"@type":"EntryPoint","urlTemplate":"https:\/\/pride.audio\/?s={search_term_string}"},"query-input":{"@type":"PropertyValueSpecification","valueRequired":true,"valueName":"search_term_string"}}],"inLanguage":"es"},{"@type":"Organization","@id":"https:\/\/pride.audio\/#organization","name":"Pride Audio. USA Online store","url":"https:\/\/pride.audio\/","logo":{"@type":"ImageObject","inLanguage":"es","@id":"https:\/\/pride.audio\/#\/schema\/logo\/image\/","url":"https:\/\/pride.audio\/wp-content\/uploads\/2023\/08\/g10.svg","contentUrl":"https:\/\/pride.audio\/wp-content\/uploads\/2023\/08\/g10.svg","width":158,"height":34,"caption":"Pride Audio. USA Online store"},"image":{"@id":"https:\/\/pride.audio\/#\/schema\/logo\/image\/"}}]}},"_links":{"self":[{"href":"https:\/\/pride.audio\/es\/wp-json\/wp\/v2\/product\/15127","targetHints":{"allow":["GET"]}}],"collection":[{"href":"https:\/\/pride.audio\/es\/wp-json\/wp\/v2\/product"}],"about":[{"href":"https:\/\/pride.audio\/es\/wp-json\/wp\/v2\/types\/product"}],"wp:featuredmedia":[{"embeddable":true,"href":"https:\/\/pride.audio\/es\/wp-json\/wp\/v2\/media\/18563"}],"wp:attachment":[{"href":"https:\/\/pride.audio\/es\/wp-json\/wp\/v2\/media?parent=15127"}],"wp:term":[{"taxonomy":"product_brand","embeddable":true,"href":"https:\/\/pride.audio\/es\/wp-json\/wp\/v2\/product_brand?post=15127"},{"taxonomy":"product_cat","embeddable":true,"href":"https:\/\/pride.audio\/es\/wp-json\/wp\/v2\/product_cat?post=15127"},{"taxonomy":"product_tag","embeddable":true,"href":"https:\/\/pride.audio\/es\/wp-json\/wp\/v2\/product_tag?post=15127"}],"curies":[{"name":"wp","href":"https:\/\/api.w.org\/{rel}","templated":true}]}}