{"id":15119,"date":"2024-01-17T03:06:54","date_gmt":"2024-01-17T08:06:54","guid":{"rendered":"https:\/\/pride.audio\/product\/rendimiento-del-modulo-de-reconocimiento-pride-pride-ruby-6-5\/"},"modified":"2024-01-17T03:06:54","modified_gmt":"2024-01-17T01:06:54","slug":"rendimiento-del-modulo-de-reconocimiento-pride-pride-ruby-6-5","status":"publish","type":"product","link":"https:\/\/pride.audio\/es\/producto\/rendimiento-del-modulo-de-reconocimiento-pride-pride-ruby-6-5\/","title":{"rendered":"Rendimiento del m\u00f3dulo de reconocimiento Pride Pride Ruby 6.5"},"content":{"rendered":"<p class=\"tw-data-text tw-text-large tw-ta\" dir=\"ltr\" data-placeholder=\"\u041f\u0435\u0440\u0435\u0432\u043e\u0434\" aria-label=\"\u041f\u0435\u0440\u0435\u0432\u0435\u0434\u0435\u043d\u043d\u044b\u0439 \u0442\u0435\u043a\u0441\u0442\" data-ved=\"2ahUKEwiolOyugpeFAxUQJRAIHRsYAtoQ3ewLegQICBAU\"><span class=\"Y2IQFc\" lang=\"es\">Rendimiento del m\u00f3dulo de reconocimiento Pride Pride Ruby 6.5<\/p>\n<p><\/span><span class=\"Y2IQFc\" lang=\"es\">M\u00f3dulo de repuesto para el rendimiento Pride Ruby 6.5. El m\u00f3dulo de piezas m\u00f3viles de rendimiento Pride Ruby 6.5 le permite reemplazar o reparar f\u00e1cilmente el altavoz. El m\u00f3dulo de rendimiento Pride Ruby 6.5 incluye todos los elementos del sistema de altavoces m\u00f3viles, que est\u00e1n ensamblados en un \u00fanico marco de pol\u00edmero. El m\u00f3dulo contiene aquellos elementos que fallan con mayor frecuencia debido a sobrecargas el\u00e9ctricas y da\u00f1os mec\u00e1nicos. En caso de aver\u00eda de la bobina m\u00f3vil y de los cables de alimentaci\u00f3n de la misma, la arandela de centrado, el difusor o la suspensi\u00f3n, se sustituye todo el sistema de movimiento en su conjunto. Con el m\u00f3dulo de rendimiento Pride Ruby 6.5, la reparaci\u00f3n de los altavoces es r\u00e1pida y sencilla.<\/p>\n<p><\/span><span class=\"Y2IQFc\" lang=\"es\">Secuencia de cambio del kit de reparaci\u00f3n de rendimiento Pride Ruby 6.5:<\/p>\n<p><\/span><span class=\"Y2IQFc\" lang=\"es\">Desatornille el m\u00f3dulo viejo y fallido. Limpiar el hueco de los restos de la bobina quemada, si est\u00e1n presentes en el hueco. Despu\u00e9s de eliminar los residuos, debe soplar el espacio o limpiarlo con cinta adhesiva enrollada. Si el espacio no se limpia adecuadamente, los residuos de la bobina m\u00f3vil pueden interferir con el funcionamiento correcto del altavoz o da\u00f1ar la nueva bobina m\u00f3vil. Instale el m\u00f3dulo con cuidado. Es importante comprender que la bobina m\u00f3vil no tiene mucha rigidez bajo cargas radiales y cualquier impacto externo sobre ella puede provocar deformaci\u00f3n. Apretar los tornillos. No los aprietes con demasiada fuerza.<\/p>\n<p><\/span><span class=\"Y2IQFc\" lang=\"es\">Es importante tener en cuenta que si instala el m\u00f3dulo usted mismo (no a trav\u00e9s de un representante oficial), no podemos controlar la correcci\u00f3n de las acciones al reemplazarlo, lo que significa que no podemos ser responsables de la correcci\u00f3n de su funcionamiento posterior y no se proporciona ninguna garant\u00eda. este producto.<\/span><\/p>\n<p id=\"tw-target-text\" class=\"tw-data-text tw-text-large tw-ta\" dir=\"ltr\" data-placeholder=\"\u041f\u0435\u0440\u0435\u0432\u043e\u0434\" aria-label=\"\u041f\u0435\u0440\u0435\u0432\u0435\u0434\u0435\u043d\u043d\u044b\u0439 \u0442\u0435\u043a\u0441\u0442\" data-ved=\"2ahUKEwiolOyugpeFAxUQJRAIHRsYAtoQ3ewLegQICBAU\">\n","protected":false},"excerpt":{"rendered":"<p>Rendimiento del m\u00f3dulo de reconocimiento Pride Pride Ruby 6.5 M\u00f3dulo de repuesto para el rendimiento Pride Ruby 6.5. El m\u00f3dulo de piezas m\u00f3viles de rendimiento Pride Ruby 6.5 le permite reemplazar o reparar f\u00e1cilmente el altavoz. El m\u00f3dulo de rendimiento Pride Ruby 6.5 incluye todos los elementos del sistema de altavoces m\u00f3viles, que est\u00e1n ensamblados [&hellip;]<\/p>\n","protected":false},"featured_media":17545,"template":"","meta":{"inline_featured_image":false},"product_brand":[],"product_cat":[579,586],"product_tag":[],"class_list":{"0":"post-15119","1":"product","2":"type-product","3":"status-publish","4":"has-post-thumbnail","6":"product_cat-oradores","7":"product_cat-kit-de-reconocimiento-de-altavoces","9":"first","10":"outofstock","11":"taxable","12":"shipping-taxable","13":"product-type-simple"},"acf":[],"yoast_head":"<!-- This site is optimized with the Yoast SEO plugin v27.3 - https:\/\/yoast.com\/product\/yoast-seo-wordpress\/ -->\n<title>Rendimiento del m\u00f3dulo de reconocimiento Pride Pride Ruby 6.5 - Pride Audio. USA Online store<\/title>\n<meta name=\"robots\" content=\"index, follow, max-snippet:-1, max-image-preview:large, max-video-preview:-1\" \/>\n<link rel=\"canonical\" href=\"https:\/\/pride.audio\/es\/producto\/rendimiento-del-modulo-de-reconocimiento-pride-pride-ruby-6-5\/\" \/>\n<meta property=\"og:locale\" content=\"es_ES\" \/>\n<meta property=\"og:type\" content=\"article\" \/>\n<meta property=\"og:title\" content=\"Rendimiento del m\u00f3dulo de reconocimiento Pride Pride Ruby 6.5 - Pride Audio. USA Online store\" \/>\n<meta property=\"og:description\" content=\"Rendimiento del m\u00f3dulo de reconocimiento Pride Pride Ruby 6.5 M\u00f3dulo de repuesto para el rendimiento Pride Ruby 6.5. El m\u00f3dulo de piezas m\u00f3viles de rendimiento Pride Ruby 6.5 le permite reemplazar o reparar f\u00e1cilmente el altavoz. El m\u00f3dulo de rendimiento Pride Ruby 6.5 incluye todos los elementos del sistema de altavoces m\u00f3viles, que est\u00e1n ensamblados [&hellip;]\" \/>\n<meta property=\"og:url\" content=\"https:\/\/pride.audio\/es\/producto\/rendimiento-del-modulo-de-reconocimiento-pride-pride-ruby-6-5\/\" \/>\n<meta property=\"og:site_name\" content=\"Pride Audio. USA Online store\" \/>\n<meta property=\"og:image\" content=\"https:\/\/pride.audio\/wp-content\/uploads\/2024\/01\/recone_ruby65_perfomance_mini.jpeg\" \/>\n\t<meta property=\"og:image:width\" content=\"300\" \/>\n\t<meta property=\"og:image:height\" content=\"300\" \/>\n\t<meta property=\"og:image:type\" content=\"image\/jpeg\" \/>\n<meta name=\"twitter:card\" content=\"summary_large_image\" \/>\n<meta name=\"twitter:label1\" content=\"Tiempo de lectura\" \/>\n\t<meta name=\"twitter:data1\" content=\"2 minutos\" \/>\n<script type=\"application\/ld+json\" class=\"yoast-schema-graph\">{\"@context\":\"https:\\\/\\\/schema.org\",\"@graph\":[{\"@type\":\"WebPage\",\"@id\":\"https:\\\/\\\/pride.audio\\\/es\\\/producto\\\/rendimiento-del-modulo-de-reconocimiento-pride-pride-ruby-6-5\\\/\",\"url\":\"https:\\\/\\\/pride.audio\\\/es\\\/producto\\\/rendimiento-del-modulo-de-reconocimiento-pride-pride-ruby-6-5\\\/\",\"name\":\"Rendimiento del m\u00f3dulo de reconocimiento Pride Pride Ruby 6.5 - Pride Audio. USA Online store\",\"isPartOf\":{\"@id\":\"https:\\\/\\\/pride.audio\\\/#website\"},\"primaryImageOfPage\":{\"@id\":\"https:\\\/\\\/pride.audio\\\/es\\\/producto\\\/rendimiento-del-modulo-de-reconocimiento-pride-pride-ruby-6-5\\\/#primaryimage\"},\"image\":{\"@id\":\"https:\\\/\\\/pride.audio\\\/es\\\/producto\\\/rendimiento-del-modulo-de-reconocimiento-pride-pride-ruby-6-5\\\/#primaryimage\"},\"thumbnailUrl\":\"https:\\\/\\\/pride.audio\\\/wp-content\\\/uploads\\\/2024\\\/01\\\/recone_ruby65_perfomance_mini.jpeg\",\"datePublished\":\"2024-01-17T08:06:54+00:00\",\"breadcrumb\":{\"@id\":\"https:\\\/\\\/pride.audio\\\/es\\\/producto\\\/rendimiento-del-modulo-de-reconocimiento-pride-pride-ruby-6-5\\\/#breadcrumb\"},\"inLanguage\":\"es\",\"potentialAction\":[{\"@type\":\"ReadAction\",\"target\":[\"https:\\\/\\\/pride.audio\\\/es\\\/producto\\\/rendimiento-del-modulo-de-reconocimiento-pride-pride-ruby-6-5\\\/\"]}]},{\"@type\":\"ImageObject\",\"inLanguage\":\"es\",\"@id\":\"https:\\\/\\\/pride.audio\\\/es\\\/producto\\\/rendimiento-del-modulo-de-reconocimiento-pride-pride-ruby-6-5\\\/#primaryimage\",\"url\":\"https:\\\/\\\/pride.audio\\\/wp-content\\\/uploads\\\/2024\\\/01\\\/recone_ruby65_perfomance_mini.jpeg\",\"contentUrl\":\"https:\\\/\\\/pride.audio\\\/wp-content\\\/uploads\\\/2024\\\/01\\\/recone_ruby65_perfomance_mini.jpeg\",\"width\":300,\"height\":300},{\"@type\":\"BreadcrumbList\",\"@id\":\"https:\\\/\\\/pride.audio\\\/es\\\/producto\\\/rendimiento-del-modulo-de-reconocimiento-pride-pride-ruby-6-5\\\/#breadcrumb\",\"itemListElement\":[{\"@type\":\"ListItem\",\"position\":1,\"name\":\"Home\",\"item\":\"https:\\\/\\\/pride.audio\\\/es\\\/\"},{\"@type\":\"ListItem\",\"position\":2,\"name\":\"Productos\",\"item\":\"https:\\\/\\\/pride.audio\\\/es\\\/productos\\\/\"},{\"@type\":\"ListItem\",\"position\":3,\"name\":\"Rendimiento del m\u00f3dulo de reconocimiento Pride Pride Ruby 6.5\"}]},{\"@type\":\"WebSite\",\"@id\":\"https:\\\/\\\/pride.audio\\\/#website\",\"url\":\"https:\\\/\\\/pride.audio\\\/\",\"name\":\"Pride Audio. USA Online store\",\"description\":\"Pride Car Audio: Official site\",\"publisher\":{\"@id\":\"https:\\\/\\\/pride.audio\\\/#organization\"},\"potentialAction\":[{\"@type\":\"SearchAction\",\"target\":{\"@type\":\"EntryPoint\",\"urlTemplate\":\"https:\\\/\\\/pride.audio\\\/?s={search_term_string}\"},\"query-input\":{\"@type\":\"PropertyValueSpecification\",\"valueRequired\":true,\"valueName\":\"search_term_string\"}}],\"inLanguage\":\"es\"},{\"@type\":\"Organization\",\"@id\":\"https:\\\/\\\/pride.audio\\\/#organization\",\"name\":\"Pride Audio. USA Online store\",\"url\":\"https:\\\/\\\/pride.audio\\\/\",\"logo\":{\"@type\":\"ImageObject\",\"inLanguage\":\"es\",\"@id\":\"https:\\\/\\\/pride.audio\\\/#\\\/schema\\\/logo\\\/image\\\/\",\"url\":\"https:\\\/\\\/pride.audio\\\/wp-content\\\/uploads\\\/2023\\\/08\\\/g10.svg\",\"contentUrl\":\"https:\\\/\\\/pride.audio\\\/wp-content\\\/uploads\\\/2023\\\/08\\\/g10.svg\",\"width\":158,\"height\":34,\"caption\":\"Pride Audio. USA Online store\"},\"image\":{\"@id\":\"https:\\\/\\\/pride.audio\\\/#\\\/schema\\\/logo\\\/image\\\/\"}}]}<\/script>\n<!-- \/ Yoast SEO plugin. -->","yoast_head_json":{"title":"Rendimiento del m\u00f3dulo de reconocimiento Pride Pride Ruby 6.5 - Pride Audio. USA Online store","robots":{"index":"index","follow":"follow","max-snippet":"max-snippet:-1","max-image-preview":"max-image-preview:large","max-video-preview":"max-video-preview:-1"},"canonical":"https:\/\/pride.audio\/es\/producto\/rendimiento-del-modulo-de-reconocimiento-pride-pride-ruby-6-5\/","og_locale":"es_ES","og_type":"article","og_title":"Rendimiento del m\u00f3dulo de reconocimiento Pride Pride Ruby 6.5 - Pride Audio. USA Online store","og_description":"Rendimiento del m\u00f3dulo de reconocimiento Pride Pride Ruby 6.5 M\u00f3dulo de repuesto para el rendimiento Pride Ruby 6.5. El m\u00f3dulo de piezas m\u00f3viles de rendimiento Pride Ruby 6.5 le permite reemplazar o reparar f\u00e1cilmente el altavoz. El m\u00f3dulo de rendimiento Pride Ruby 6.5 incluye todos los elementos del sistema de altavoces m\u00f3viles, que est\u00e1n ensamblados [&hellip;]","og_url":"https:\/\/pride.audio\/es\/producto\/rendimiento-del-modulo-de-reconocimiento-pride-pride-ruby-6-5\/","og_site_name":"Pride Audio. USA Online store","og_image":[{"width":300,"height":300,"url":"https:\/\/pride.audio\/wp-content\/uploads\/2024\/01\/recone_ruby65_perfomance_mini.jpeg","type":"image\/jpeg"}],"twitter_card":"summary_large_image","twitter_misc":{"Tiempo de lectura":"2 minutos"},"schema":{"@context":"https:\/\/schema.org","@graph":[{"@type":"WebPage","@id":"https:\/\/pride.audio\/es\/producto\/rendimiento-del-modulo-de-reconocimiento-pride-pride-ruby-6-5\/","url":"https:\/\/pride.audio\/es\/producto\/rendimiento-del-modulo-de-reconocimiento-pride-pride-ruby-6-5\/","name":"Rendimiento del m\u00f3dulo de reconocimiento Pride Pride Ruby 6.5 - Pride Audio. USA Online store","isPartOf":{"@id":"https:\/\/pride.audio\/#website"},"primaryImageOfPage":{"@id":"https:\/\/pride.audio\/es\/producto\/rendimiento-del-modulo-de-reconocimiento-pride-pride-ruby-6-5\/#primaryimage"},"image":{"@id":"https:\/\/pride.audio\/es\/producto\/rendimiento-del-modulo-de-reconocimiento-pride-pride-ruby-6-5\/#primaryimage"},"thumbnailUrl":"https:\/\/pride.audio\/wp-content\/uploads\/2024\/01\/recone_ruby65_perfomance_mini.jpeg","datePublished":"2024-01-17T08:06:54+00:00","breadcrumb":{"@id":"https:\/\/pride.audio\/es\/producto\/rendimiento-del-modulo-de-reconocimiento-pride-pride-ruby-6-5\/#breadcrumb"},"inLanguage":"es","potentialAction":[{"@type":"ReadAction","target":["https:\/\/pride.audio\/es\/producto\/rendimiento-del-modulo-de-reconocimiento-pride-pride-ruby-6-5\/"]}]},{"@type":"ImageObject","inLanguage":"es","@id":"https:\/\/pride.audio\/es\/producto\/rendimiento-del-modulo-de-reconocimiento-pride-pride-ruby-6-5\/#primaryimage","url":"https:\/\/pride.audio\/wp-content\/uploads\/2024\/01\/recone_ruby65_perfomance_mini.jpeg","contentUrl":"https:\/\/pride.audio\/wp-content\/uploads\/2024\/01\/recone_ruby65_perfomance_mini.jpeg","width":300,"height":300},{"@type":"BreadcrumbList","@id":"https:\/\/pride.audio\/es\/producto\/rendimiento-del-modulo-de-reconocimiento-pride-pride-ruby-6-5\/#breadcrumb","itemListElement":[{"@type":"ListItem","position":1,"name":"Home","item":"https:\/\/pride.audio\/es\/"},{"@type":"ListItem","position":2,"name":"Productos","item":"https:\/\/pride.audio\/es\/productos\/"},{"@type":"ListItem","position":3,"name":"Rendimiento del m\u00f3dulo de reconocimiento Pride Pride Ruby 6.5"}]},{"@type":"WebSite","@id":"https:\/\/pride.audio\/#website","url":"https:\/\/pride.audio\/","name":"Pride Audio. USA Online store","description":"Pride Car Audio: Official site","publisher":{"@id":"https:\/\/pride.audio\/#organization"},"potentialAction":[{"@type":"SearchAction","target":{"@type":"EntryPoint","urlTemplate":"https:\/\/pride.audio\/?s={search_term_string}"},"query-input":{"@type":"PropertyValueSpecification","valueRequired":true,"valueName":"search_term_string"}}],"inLanguage":"es"},{"@type":"Organization","@id":"https:\/\/pride.audio\/#organization","name":"Pride Audio. USA Online store","url":"https:\/\/pride.audio\/","logo":{"@type":"ImageObject","inLanguage":"es","@id":"https:\/\/pride.audio\/#\/schema\/logo\/image\/","url":"https:\/\/pride.audio\/wp-content\/uploads\/2023\/08\/g10.svg","contentUrl":"https:\/\/pride.audio\/wp-content\/uploads\/2023\/08\/g10.svg","width":158,"height":34,"caption":"Pride Audio. USA Online store"},"image":{"@id":"https:\/\/pride.audio\/#\/schema\/logo\/image\/"}}]}},"_links":{"self":[{"href":"https:\/\/pride.audio\/es\/wp-json\/wp\/v2\/product\/15119","targetHints":{"allow":["GET"]}}],"collection":[{"href":"https:\/\/pride.audio\/es\/wp-json\/wp\/v2\/product"}],"about":[{"href":"https:\/\/pride.audio\/es\/wp-json\/wp\/v2\/types\/product"}],"wp:featuredmedia":[{"embeddable":true,"href":"https:\/\/pride.audio\/es\/wp-json\/wp\/v2\/media\/17545"}],"wp:attachment":[{"href":"https:\/\/pride.audio\/es\/wp-json\/wp\/v2\/media?parent=15119"}],"wp:term":[{"taxonomy":"product_brand","embeddable":true,"href":"https:\/\/pride.audio\/es\/wp-json\/wp\/v2\/product_brand?post=15119"},{"taxonomy":"product_cat","embeddable":true,"href":"https:\/\/pride.audio\/es\/wp-json\/wp\/v2\/product_cat?post=15119"},{"taxonomy":"product_tag","embeddable":true,"href":"https:\/\/pride.audio\/es\/wp-json\/wp\/v2\/product_tag?post=15119"}],"curies":[{"name":"wp","href":"https:\/\/api.w.org\/{rel}","templated":true}]}}