{"id":15118,"date":"2024-01-17T03:33:15","date_gmt":"2024-01-17T08:33:15","guid":{"rendered":"https:\/\/pride.audio\/product\/altavoces-solo-300-neo-6-5-rms-400-w-tamano-65-pulgadas\/"},"modified":"2024-01-17T03:33:15","modified_gmt":"2024-01-17T01:33:15","slug":"altavoces-solo-300-neo-6-5-rms-400-w-tamano-65-pulgadas","status":"publish","type":"product","link":"https:\/\/pride.audio\/es\/producto\/altavoces-solo-300-neo-6-5-rms-400-w-tamano-65-pulgadas\/","title":{"rendered":"Altavoces Solo 300 NEO 6.5&#8243; &#8211; RMS 400 W Tama\u00f1o 6,5 pulgadas"},"content":{"rendered":"<pre id=\"tw-target-text\" class=\"tw-data-text tw-text-large tw-ta\" dir=\"ltr\" data-placeholder=\"\u041f\u0435\u0440\u0435\u0432\u043e\u0434\" aria-label=\"\u041f\u0435\u0440\u0435\u0432\u0435\u0434\u0435\u043d\u043d\u044b\u0439 \u0442\u0435\u043a\u0441\u0442\" data-ved=\"2ahUKEwiolOyugpeFAxUQJRAIHRsYAtoQ3ewLegQICBAU\"><span class=\"Y2IQFc\" lang=\"es\">Altavoces Solo 300 NEO\r\n<\/span><\/pre>\n<p>&nbsp;<\/p>\n<p class=\"tw-data-text tw-text-large tw-ta\" dir=\"ltr\" data-placeholder=\"\u041f\u0435\u0440\u0435\u0432\u043e\u0434\" aria-label=\"\u041f\u0435\u0440\u0435\u0432\u0435\u0434\u0435\u043d\u043d\u044b\u0439 \u0442\u0435\u043a\u0441\u0442\" data-ved=\"2ahUKEwiolOyugpeFAxUQJRAIHRsYAtoQ3ewLegQICBAU\"><span class=\"Y2IQFc\" lang=\"es\">Los parlantes Solo 300 para el sistema de audio de su autom\u00f3vil de la marca Pride Car Audio est\u00e1n disponibles en America<\/p>\n<p><\/span><span class=\"Y2IQFc\" lang=\"es\">Se instalar\u00e1n perfectamente en paneles de puertas est\u00e1ndar, as\u00ed como en paneles y cajas redise\u00f1ados. El altavoz tiene una estructura de aluminio, un motor muy potente y un sistema modular.<\/p>\n<p><\/span><span class=\"Y2IQFc\" lang=\"es\">Valores eficaces: 400 W<br \/>\nTama\u00f1o del di\u00e1metro: 6,5 pulgadas.<br \/>\nImpedancia \u2013 4 ohmios Bobina m\u00f3vil \u2013 alambre de cobre<br \/>\n\u00c1rea de radiaci\u00f3n efectiva \u2013 158 cm3<br \/>\nEl rango de frecuencias a reproducir \u2013 160 Hz \u2013 10 kHz Material del im\u00e1n \u2013 im\u00e1n h\u00edbrido Material del n\u00facleo magn\u00e9tico: acero el\u00e9ctrico.<\/p>\n<p><\/span><span class=\"Y2IQFc\" lang=\"es\">Dentro de la caja:<br \/>\nAltavoces \u2013 Pride Solo 300 NEO \u2013 1 par<br \/>\nCaja de carton<br \/>\nEtiqueta del Orgullo incluida<\/p>\n<p>Malla met\u00e1lica y aro de abs no incluidos.<\/span><\/p>\n<p id=\"tw-target-text\" class=\"tw-data-text tw-text-large tw-ta\" dir=\"ltr\" data-placeholder=\"\u041f\u0435\u0440\u0435\u0432\u043e\u0434\" aria-label=\"\u041f\u0435\u0440\u0435\u0432\u0435\u0434\u0435\u043d\u043d\u044b\u0439 \u0442\u0435\u043a\u0441\u0442\" data-ved=\"2ahUKEwiolOyugpeFAxUQJRAIHRsYAtoQ3ewLegQICBAU\"><span class=\"Y2IQFc\" lang=\"es\"><\/p>\n<p><\/span><\/p>\n","protected":false},"excerpt":{"rendered":"<p>Altavoces Solo 300 NEO &nbsp; Los parlantes Solo 300 para el sistema de audio de su autom\u00f3vil de la marca Pride Car Audio est\u00e1n disponibles en America Se instalar\u00e1n perfectamente en paneles de puertas est\u00e1ndar, as\u00ed como en paneles y cajas redise\u00f1ados. El altavoz tiene una estructura de aluminio, un motor muy potente y un [&hellip;]<\/p>\n","protected":false},"featured_media":19448,"template":"","meta":{"inline_featured_image":false},"product_brand":[],"product_cat":[],"product_tag":[],"class_list":{"0":"post-15118","1":"product","2":"type-product","3":"status-publish","4":"has-post-thumbnail","7":"first","8":"outofstock","9":"taxable","10":"shipping-taxable","11":"product-type-simple"},"acf":[],"yoast_head":"<!-- This site is optimized with the Yoast SEO plugin v27.3 - https:\/\/yoast.com\/product\/yoast-seo-wordpress\/ -->\n<title>Altavoces Solo 300 NEO 6.5&quot; - RMS 400 W Tama\u00f1o 6,5 pulgadas - Pride Audio. USA Online store<\/title>\n<meta name=\"robots\" content=\"index, follow, max-snippet:-1, max-image-preview:large, max-video-preview:-1\" \/>\n<link rel=\"canonical\" href=\"https:\/\/pride.audio\/es\/producto\/altavoces-solo-300-neo-6-5-rms-400-w-tamano-65-pulgadas\/\" \/>\n<meta property=\"og:locale\" content=\"es_ES\" \/>\n<meta property=\"og:type\" content=\"article\" \/>\n<meta property=\"og:title\" content=\"Altavoces Solo 300 NEO 6.5&quot; - RMS 400 W Tama\u00f1o 6,5 pulgadas - Pride Audio. USA Online store\" \/>\n<meta property=\"og:description\" content=\"Altavoces Solo 300 NEO &nbsp; Los parlantes Solo 300 para el sistema de audio de su autom\u00f3vil de la marca Pride Car Audio est\u00e1n disponibles en America Se instalar\u00e1n perfectamente en paneles de puertas est\u00e1ndar, as\u00ed como en paneles y cajas redise\u00f1ados. El altavoz tiene una estructura de aluminio, un motor muy potente y un [&hellip;]\" \/>\n<meta property=\"og:url\" content=\"https:\/\/pride.audio\/es\/producto\/altavoces-solo-300-neo-6-5-rms-400-w-tamano-65-pulgadas\/\" \/>\n<meta property=\"og:site_name\" content=\"Pride Audio. USA Online store\" \/>\n<meta property=\"og:image\" content=\"https:\/\/pride.audio\/wp-content\/uploads\/2024\/01\/IMG_9617.jpg\" \/>\n\t<meta property=\"og:image:width\" content=\"1290\" \/>\n\t<meta property=\"og:image:height\" content=\"1290\" \/>\n\t<meta property=\"og:image:type\" content=\"image\/jpeg\" \/>\n<meta name=\"twitter:card\" content=\"summary_large_image\" \/>\n<meta name=\"twitter:label1\" content=\"Tiempo de lectura\" \/>\n\t<meta name=\"twitter:data1\" content=\"1 minuto\" \/>\n<script type=\"application\/ld+json\" class=\"yoast-schema-graph\">{\"@context\":\"https:\\\/\\\/schema.org\",\"@graph\":[{\"@type\":\"WebPage\",\"@id\":\"https:\\\/\\\/pride.audio\\\/es\\\/producto\\\/altavoces-solo-300-neo-6-5-rms-400-w-tamano-65-pulgadas\\\/\",\"url\":\"https:\\\/\\\/pride.audio\\\/es\\\/producto\\\/altavoces-solo-300-neo-6-5-rms-400-w-tamano-65-pulgadas\\\/\",\"name\":\"Altavoces Solo 300 NEO 6.5\\\" - RMS 400 W Tama\u00f1o 6,5 pulgadas - Pride Audio. USA Online store\",\"isPartOf\":{\"@id\":\"https:\\\/\\\/pride.audio\\\/#website\"},\"primaryImageOfPage\":{\"@id\":\"https:\\\/\\\/pride.audio\\\/es\\\/producto\\\/altavoces-solo-300-neo-6-5-rms-400-w-tamano-65-pulgadas\\\/#primaryimage\"},\"image\":{\"@id\":\"https:\\\/\\\/pride.audio\\\/es\\\/producto\\\/altavoces-solo-300-neo-6-5-rms-400-w-tamano-65-pulgadas\\\/#primaryimage\"},\"thumbnailUrl\":\"https:\\\/\\\/pride.audio\\\/wp-content\\\/uploads\\\/2024\\\/01\\\/IMG_9617.jpg\",\"datePublished\":\"2024-01-17T08:33:15+00:00\",\"breadcrumb\":{\"@id\":\"https:\\\/\\\/pride.audio\\\/es\\\/producto\\\/altavoces-solo-300-neo-6-5-rms-400-w-tamano-65-pulgadas\\\/#breadcrumb\"},\"inLanguage\":\"es\",\"potentialAction\":[{\"@type\":\"ReadAction\",\"target\":[\"https:\\\/\\\/pride.audio\\\/es\\\/producto\\\/altavoces-solo-300-neo-6-5-rms-400-w-tamano-65-pulgadas\\\/\"]}]},{\"@type\":\"ImageObject\",\"inLanguage\":\"es\",\"@id\":\"https:\\\/\\\/pride.audio\\\/es\\\/producto\\\/altavoces-solo-300-neo-6-5-rms-400-w-tamano-65-pulgadas\\\/#primaryimage\",\"url\":\"https:\\\/\\\/pride.audio\\\/wp-content\\\/uploads\\\/2024\\\/01\\\/IMG_9617.jpg\",\"contentUrl\":\"https:\\\/\\\/pride.audio\\\/wp-content\\\/uploads\\\/2024\\\/01\\\/IMG_9617.jpg\",\"width\":1290,\"height\":1290,\"caption\":\"Screenshot\"},{\"@type\":\"BreadcrumbList\",\"@id\":\"https:\\\/\\\/pride.audio\\\/es\\\/producto\\\/altavoces-solo-300-neo-6-5-rms-400-w-tamano-65-pulgadas\\\/#breadcrumb\",\"itemListElement\":[{\"@type\":\"ListItem\",\"position\":1,\"name\":\"Home\",\"item\":\"https:\\\/\\\/pride.audio\\\/es\\\/\"},{\"@type\":\"ListItem\",\"position\":2,\"name\":\"Productos\",\"item\":\"https:\\\/\\\/pride.audio\\\/es\\\/productos\\\/\"},{\"@type\":\"ListItem\",\"position\":3,\"name\":\"Altavoces Solo 300 NEO 6.5&#8243; &#8211; RMS 400 W Tama\u00f1o 6,5 pulgadas\"}]},{\"@type\":\"WebSite\",\"@id\":\"https:\\\/\\\/pride.audio\\\/#website\",\"url\":\"https:\\\/\\\/pride.audio\\\/\",\"name\":\"Pride Audio. USA Online store\",\"description\":\"Pride Car Audio: Official site\",\"publisher\":{\"@id\":\"https:\\\/\\\/pride.audio\\\/#organization\"},\"potentialAction\":[{\"@type\":\"SearchAction\",\"target\":{\"@type\":\"EntryPoint\",\"urlTemplate\":\"https:\\\/\\\/pride.audio\\\/?s={search_term_string}\"},\"query-input\":{\"@type\":\"PropertyValueSpecification\",\"valueRequired\":true,\"valueName\":\"search_term_string\"}}],\"inLanguage\":\"es\"},{\"@type\":\"Organization\",\"@id\":\"https:\\\/\\\/pride.audio\\\/#organization\",\"name\":\"Pride Audio. USA Online store\",\"url\":\"https:\\\/\\\/pride.audio\\\/\",\"logo\":{\"@type\":\"ImageObject\",\"inLanguage\":\"es\",\"@id\":\"https:\\\/\\\/pride.audio\\\/#\\\/schema\\\/logo\\\/image\\\/\",\"url\":\"https:\\\/\\\/pride.audio\\\/wp-content\\\/uploads\\\/2023\\\/08\\\/g10.svg\",\"contentUrl\":\"https:\\\/\\\/pride.audio\\\/wp-content\\\/uploads\\\/2023\\\/08\\\/g10.svg\",\"width\":158,\"height\":34,\"caption\":\"Pride Audio. USA Online store\"},\"image\":{\"@id\":\"https:\\\/\\\/pride.audio\\\/#\\\/schema\\\/logo\\\/image\\\/\"}}]}<\/script>\n<!-- \/ Yoast SEO plugin. -->","yoast_head_json":{"title":"Altavoces Solo 300 NEO 6.5\" - RMS 400 W Tama\u00f1o 6,5 pulgadas - Pride Audio. USA Online store","robots":{"index":"index","follow":"follow","max-snippet":"max-snippet:-1","max-image-preview":"max-image-preview:large","max-video-preview":"max-video-preview:-1"},"canonical":"https:\/\/pride.audio\/es\/producto\/altavoces-solo-300-neo-6-5-rms-400-w-tamano-65-pulgadas\/","og_locale":"es_ES","og_type":"article","og_title":"Altavoces Solo 300 NEO 6.5\" - RMS 400 W Tama\u00f1o 6,5 pulgadas - Pride Audio. USA Online store","og_description":"Altavoces Solo 300 NEO &nbsp; Los parlantes Solo 300 para el sistema de audio de su autom\u00f3vil de la marca Pride Car Audio est\u00e1n disponibles en America Se instalar\u00e1n perfectamente en paneles de puertas est\u00e1ndar, as\u00ed como en paneles y cajas redise\u00f1ados. El altavoz tiene una estructura de aluminio, un motor muy potente y un [&hellip;]","og_url":"https:\/\/pride.audio\/es\/producto\/altavoces-solo-300-neo-6-5-rms-400-w-tamano-65-pulgadas\/","og_site_name":"Pride Audio. USA Online store","og_image":[{"width":1290,"height":1290,"url":"https:\/\/pride.audio\/wp-content\/uploads\/2024\/01\/IMG_9617.jpg","type":"image\/jpeg"}],"twitter_card":"summary_large_image","twitter_misc":{"Tiempo de lectura":"1 minuto"},"schema":{"@context":"https:\/\/schema.org","@graph":[{"@type":"WebPage","@id":"https:\/\/pride.audio\/es\/producto\/altavoces-solo-300-neo-6-5-rms-400-w-tamano-65-pulgadas\/","url":"https:\/\/pride.audio\/es\/producto\/altavoces-solo-300-neo-6-5-rms-400-w-tamano-65-pulgadas\/","name":"Altavoces Solo 300 NEO 6.5\" - RMS 400 W Tama\u00f1o 6,5 pulgadas - Pride Audio. USA Online store","isPartOf":{"@id":"https:\/\/pride.audio\/#website"},"primaryImageOfPage":{"@id":"https:\/\/pride.audio\/es\/producto\/altavoces-solo-300-neo-6-5-rms-400-w-tamano-65-pulgadas\/#primaryimage"},"image":{"@id":"https:\/\/pride.audio\/es\/producto\/altavoces-solo-300-neo-6-5-rms-400-w-tamano-65-pulgadas\/#primaryimage"},"thumbnailUrl":"https:\/\/pride.audio\/wp-content\/uploads\/2024\/01\/IMG_9617.jpg","datePublished":"2024-01-17T08:33:15+00:00","breadcrumb":{"@id":"https:\/\/pride.audio\/es\/producto\/altavoces-solo-300-neo-6-5-rms-400-w-tamano-65-pulgadas\/#breadcrumb"},"inLanguage":"es","potentialAction":[{"@type":"ReadAction","target":["https:\/\/pride.audio\/es\/producto\/altavoces-solo-300-neo-6-5-rms-400-w-tamano-65-pulgadas\/"]}]},{"@type":"ImageObject","inLanguage":"es","@id":"https:\/\/pride.audio\/es\/producto\/altavoces-solo-300-neo-6-5-rms-400-w-tamano-65-pulgadas\/#primaryimage","url":"https:\/\/pride.audio\/wp-content\/uploads\/2024\/01\/IMG_9617.jpg","contentUrl":"https:\/\/pride.audio\/wp-content\/uploads\/2024\/01\/IMG_9617.jpg","width":1290,"height":1290,"caption":"Screenshot"},{"@type":"BreadcrumbList","@id":"https:\/\/pride.audio\/es\/producto\/altavoces-solo-300-neo-6-5-rms-400-w-tamano-65-pulgadas\/#breadcrumb","itemListElement":[{"@type":"ListItem","position":1,"name":"Home","item":"https:\/\/pride.audio\/es\/"},{"@type":"ListItem","position":2,"name":"Productos","item":"https:\/\/pride.audio\/es\/productos\/"},{"@type":"ListItem","position":3,"name":"Altavoces Solo 300 NEO 6.5&#8243; &#8211; RMS 400 W Tama\u00f1o 6,5 pulgadas"}]},{"@type":"WebSite","@id":"https:\/\/pride.audio\/#website","url":"https:\/\/pride.audio\/","name":"Pride Audio. USA Online store","description":"Pride Car Audio: Official site","publisher":{"@id":"https:\/\/pride.audio\/#organization"},"potentialAction":[{"@type":"SearchAction","target":{"@type":"EntryPoint","urlTemplate":"https:\/\/pride.audio\/?s={search_term_string}"},"query-input":{"@type":"PropertyValueSpecification","valueRequired":true,"valueName":"search_term_string"}}],"inLanguage":"es"},{"@type":"Organization","@id":"https:\/\/pride.audio\/#organization","name":"Pride Audio. USA Online store","url":"https:\/\/pride.audio\/","logo":{"@type":"ImageObject","inLanguage":"es","@id":"https:\/\/pride.audio\/#\/schema\/logo\/image\/","url":"https:\/\/pride.audio\/wp-content\/uploads\/2023\/08\/g10.svg","contentUrl":"https:\/\/pride.audio\/wp-content\/uploads\/2023\/08\/g10.svg","width":158,"height":34,"caption":"Pride Audio. USA Online store"},"image":{"@id":"https:\/\/pride.audio\/#\/schema\/logo\/image\/"}}]}},"_links":{"self":[{"href":"https:\/\/pride.audio\/es\/wp-json\/wp\/v2\/product\/15118","targetHints":{"allow":["GET"]}}],"collection":[{"href":"https:\/\/pride.audio\/es\/wp-json\/wp\/v2\/product"}],"about":[{"href":"https:\/\/pride.audio\/es\/wp-json\/wp\/v2\/types\/product"}],"wp:featuredmedia":[{"embeddable":true,"href":"https:\/\/pride.audio\/es\/wp-json\/wp\/v2\/media\/19448"}],"wp:attachment":[{"href":"https:\/\/pride.audio\/es\/wp-json\/wp\/v2\/media?parent=15118"}],"wp:term":[{"taxonomy":"product_brand","embeddable":true,"href":"https:\/\/pride.audio\/es\/wp-json\/wp\/v2\/product_brand?post=15118"},{"taxonomy":"product_cat","embeddable":true,"href":"https:\/\/pride.audio\/es\/wp-json\/wp\/v2\/product_cat?post=15118"},{"taxonomy":"product_tag","embeddable":true,"href":"https:\/\/pride.audio\/es\/wp-json\/wp\/v2\/product_tag?post=15118"}],"curies":[{"name":"wp","href":"https:\/\/api.w.org\/{rel}","templated":true}]}}