{"id":15099,"date":"2024-01-28T06:15:16","date_gmt":"2024-01-28T11:15:16","guid":{"rendered":"https:\/\/pride.audio\/product\/subwoofer-pride-s5-15-v-2-rms-5000-7500w-bobina-movil-5-tamano-15\/"},"modified":"2024-01-28T06:15:16","modified_gmt":"2024-01-28T04:15:16","slug":"subwoofer-pride-s5-15-v-2-rms-5000-7500w-bobina-movil-5-tamano-15","status":"publish","type":"product","link":"https:\/\/pride.audio\/es\/producto\/subwoofer-pride-s5-15-v-2-rms-5000-7500w-bobina-movil-5-tamano-15\/","title":{"rendered":"Subwoofer Pride S5 15 v.2 RMS 5000-7500W Bobina m\u00f3vil &#8211; 5&#8243; TAMA\u00d1O &#8211; 15&#8243;"},"content":{"rendered":"<p id=\"tw-target-text\" class=\"tw-data-text tw-text-large tw-ta\" dir=\"ltr\" data-placeholder=\"\u041f\u0435\u0440\u0435\u0432\u043e\u0434\" aria-label=\"\u041f\u0435\u0440\u0435\u0432\u0435\u0434\u0435\u043d\u043d\u044b\u0439 \u0442\u0435\u043a\u0441\u0442\" data-ved=\"2ahUKEwiolOyugpeFAxUQJRAIHRsYAtoQ3ewLegQICBAU\"><span class=\"Y2IQFc\" lang=\"es\"><strong>Subwoofer Pride S5 15 v.2<\/strong><\/p>\n<p>Subwoofer serie S5 de la empresa Pride. Esta versi\u00f3n se ha vuelto m\u00e1s potente, m\u00e1s ruidosa y m\u00e1s confiable. El subwoofer es adecuado para principiantes, aficionados y deportistas. RMS &#8211; 7500 W, Bobina m\u00f3vil &#8211; 5&#8243;.<\/span><\/p>\n","protected":false},"excerpt":{"rendered":"<p>Subwoofer Pride S5 15 v.2 Subwoofer serie S5 de la empresa Pride. Esta versi\u00f3n se ha vuelto m\u00e1s potente, m\u00e1s ruidosa y m\u00e1s confiable. El subwoofer es adecuado para principiantes, aficionados y deportistas. RMS &#8211; 7500 W, Bobina m\u00f3vil &#8211; 5&#8243;.<\/p>\n","protected":false},"featured_media":18424,"template":"","meta":{"inline_featured_image":false},"product_brand":[],"product_cat":[],"product_tag":[],"class_list":{"0":"post-15099","1":"product","2":"type-product","3":"status-publish","4":"has-post-thumbnail","7":"first","8":"outofstock","9":"taxable","10":"shipping-taxable","11":"product-type-simple"},"acf":[],"yoast_head":"<!-- This site is optimized with the Yoast SEO plugin v27.2 - https:\/\/yoast.com\/product\/yoast-seo-wordpress\/ -->\n<title>Subwoofer Pride S5 15 v.2 RMS 5000-7500W Bobina m\u00f3vil - 5&quot; TAMA\u00d1O - 15&quot; - Pride Audio. USA Online store<\/title>\n<meta name=\"robots\" content=\"index, follow, max-snippet:-1, max-image-preview:large, max-video-preview:-1\" \/>\n<link rel=\"canonical\" href=\"https:\/\/pride.audio\/es\/producto\/subwoofer-pride-s5-15-v-2-rms-5000-7500w-bobina-movil-5-tamano-15\/\" \/>\n<meta property=\"og:locale\" content=\"es_ES\" \/>\n<meta property=\"og:type\" content=\"article\" \/>\n<meta property=\"og:title\" content=\"Subwoofer Pride S5 15 v.2 RMS 5000-7500W Bobina m\u00f3vil - 5&quot; TAMA\u00d1O - 15&quot; - Pride Audio. USA Online store\" \/>\n<meta property=\"og:description\" content=\"Subwoofer Pride S5 15 v.2 Subwoofer serie S5 de la empresa Pride. Esta versi\u00f3n se ha vuelto m\u00e1s potente, m\u00e1s ruidosa y m\u00e1s confiable. El subwoofer es adecuado para principiantes, aficionados y deportistas. RMS &#8211; 7500 W, Bobina m\u00f3vil &#8211; 5&#8243;.\" \/>\n<meta property=\"og:url\" content=\"https:\/\/pride.audio\/es\/producto\/subwoofer-pride-s5-15-v-2-rms-5000-7500w-bobina-movil-5-tamano-15\/\" \/>\n<meta property=\"og:site_name\" content=\"Pride Audio. USA Online store\" \/>\n<meta property=\"og:image\" content=\"https:\/\/pride.audio\/wp-content\/uploads\/2024\/01\/Subwoofer_-S515-v.2-1.jpg\" \/>\n\t<meta property=\"og:image:width\" content=\"600\" \/>\n\t<meta property=\"og:image:height\" content=\"600\" \/>\n\t<meta property=\"og:image:type\" content=\"image\/jpeg\" \/>\n<meta name=\"twitter:card\" content=\"summary_large_image\" \/>\n<script type=\"application\/ld+json\" class=\"yoast-schema-graph\">{\"@context\":\"https:\/\/schema.org\",\"@graph\":[{\"@type\":\"WebPage\",\"@id\":\"https:\/\/pride.audio\/es\/producto\/subwoofer-pride-s5-15-v-2-rms-5000-7500w-bobina-movil-5-tamano-15\/\",\"url\":\"https:\/\/pride.audio\/es\/producto\/subwoofer-pride-s5-15-v-2-rms-5000-7500w-bobina-movil-5-tamano-15\/\",\"name\":\"Subwoofer Pride S5 15 v.2 RMS 5000-7500W Bobina m\u00f3vil - 5\\\" TAMA\u00d1O - 15\\\" - Pride Audio. USA Online store\",\"isPartOf\":{\"@id\":\"https:\/\/pride.audio\/#website\"},\"primaryImageOfPage\":{\"@id\":\"https:\/\/pride.audio\/es\/producto\/subwoofer-pride-s5-15-v-2-rms-5000-7500w-bobina-movil-5-tamano-15\/#primaryimage\"},\"image\":{\"@id\":\"https:\/\/pride.audio\/es\/producto\/subwoofer-pride-s5-15-v-2-rms-5000-7500w-bobina-movil-5-tamano-15\/#primaryimage\"},\"thumbnailUrl\":\"https:\/\/pride.audio\/wp-content\/uploads\/2024\/01\/Subwoofer_-S515-v.2-1.jpg\",\"datePublished\":\"2024-01-28T11:15:16+00:00\",\"breadcrumb\":{\"@id\":\"https:\/\/pride.audio\/es\/producto\/subwoofer-pride-s5-15-v-2-rms-5000-7500w-bobina-movil-5-tamano-15\/#breadcrumb\"},\"inLanguage\":\"es\",\"potentialAction\":[{\"@type\":\"ReadAction\",\"target\":[\"https:\/\/pride.audio\/es\/producto\/subwoofer-pride-s5-15-v-2-rms-5000-7500w-bobina-movil-5-tamano-15\/\"]}]},{\"@type\":\"ImageObject\",\"inLanguage\":\"es\",\"@id\":\"https:\/\/pride.audio\/es\/producto\/subwoofer-pride-s5-15-v-2-rms-5000-7500w-bobina-movil-5-tamano-15\/#primaryimage\",\"url\":\"https:\/\/pride.audio\/wp-content\/uploads\/2024\/01\/Subwoofer_-S515-v.2-1.jpg\",\"contentUrl\":\"https:\/\/pride.audio\/wp-content\/uploads\/2024\/01\/Subwoofer_-S515-v.2-1.jpg\",\"width\":600,\"height\":600},{\"@type\":\"BreadcrumbList\",\"@id\":\"https:\/\/pride.audio\/es\/producto\/subwoofer-pride-s5-15-v-2-rms-5000-7500w-bobina-movil-5-tamano-15\/#breadcrumb\",\"itemListElement\":[{\"@type\":\"ListItem\",\"position\":1,\"name\":\"Home\",\"item\":\"https:\/\/pride.audio\/es\/\"},{\"@type\":\"ListItem\",\"position\":2,\"name\":\"Productos\",\"item\":\"https:\/\/pride.audio\/es\/productos\/\"},{\"@type\":\"ListItem\",\"position\":3,\"name\":\"Subwoofer Pride S5 15 v.2 RMS 5000-7500W Bobina m\u00f3vil &#8211; 5&#8243; TAMA\u00d1O &#8211; 15&#8243;\"}]},{\"@type\":\"WebSite\",\"@id\":\"https:\/\/pride.audio\/#website\",\"url\":\"https:\/\/pride.audio\/\",\"name\":\"Pride Audio. USA Online store\",\"description\":\"Pride Car Audio: Official site\",\"publisher\":{\"@id\":\"https:\/\/pride.audio\/#organization\"},\"potentialAction\":[{\"@type\":\"SearchAction\",\"target\":{\"@type\":\"EntryPoint\",\"urlTemplate\":\"https:\/\/pride.audio\/?s={search_term_string}\"},\"query-input\":{\"@type\":\"PropertyValueSpecification\",\"valueRequired\":true,\"valueName\":\"search_term_string\"}}],\"inLanguage\":\"es\"},{\"@type\":\"Organization\",\"@id\":\"https:\/\/pride.audio\/#organization\",\"name\":\"Pride Audio. USA Online store\",\"url\":\"https:\/\/pride.audio\/\",\"logo\":{\"@type\":\"ImageObject\",\"inLanguage\":\"es\",\"@id\":\"https:\/\/pride.audio\/#\/schema\/logo\/image\/\",\"url\":\"https:\/\/pride.audio\/wp-content\/uploads\/2023\/08\/g10.svg\",\"contentUrl\":\"https:\/\/pride.audio\/wp-content\/uploads\/2023\/08\/g10.svg\",\"width\":158,\"height\":34,\"caption\":\"Pride Audio. USA Online store\"},\"image\":{\"@id\":\"https:\/\/pride.audio\/#\/schema\/logo\/image\/\"}}]}<\/script>\n<!-- \/ Yoast SEO plugin. -->","yoast_head_json":{"title":"Subwoofer Pride S5 15 v.2 RMS 5000-7500W Bobina m\u00f3vil - 5\" TAMA\u00d1O - 15\" - Pride Audio. USA Online store","robots":{"index":"index","follow":"follow","max-snippet":"max-snippet:-1","max-image-preview":"max-image-preview:large","max-video-preview":"max-video-preview:-1"},"canonical":"https:\/\/pride.audio\/es\/producto\/subwoofer-pride-s5-15-v-2-rms-5000-7500w-bobina-movil-5-tamano-15\/","og_locale":"es_ES","og_type":"article","og_title":"Subwoofer Pride S5 15 v.2 RMS 5000-7500W Bobina m\u00f3vil - 5\" TAMA\u00d1O - 15\" - Pride Audio. USA Online store","og_description":"Subwoofer Pride S5 15 v.2 Subwoofer serie S5 de la empresa Pride. Esta versi\u00f3n se ha vuelto m\u00e1s potente, m\u00e1s ruidosa y m\u00e1s confiable. El subwoofer es adecuado para principiantes, aficionados y deportistas. RMS &#8211; 7500 W, Bobina m\u00f3vil &#8211; 5&#8243;.","og_url":"https:\/\/pride.audio\/es\/producto\/subwoofer-pride-s5-15-v-2-rms-5000-7500w-bobina-movil-5-tamano-15\/","og_site_name":"Pride Audio. USA Online store","og_image":[{"width":600,"height":600,"url":"https:\/\/pride.audio\/wp-content\/uploads\/2024\/01\/Subwoofer_-S515-v.2-1.jpg","type":"image\/jpeg"}],"twitter_card":"summary_large_image","schema":{"@context":"https:\/\/schema.org","@graph":[{"@type":"WebPage","@id":"https:\/\/pride.audio\/es\/producto\/subwoofer-pride-s5-15-v-2-rms-5000-7500w-bobina-movil-5-tamano-15\/","url":"https:\/\/pride.audio\/es\/producto\/subwoofer-pride-s5-15-v-2-rms-5000-7500w-bobina-movil-5-tamano-15\/","name":"Subwoofer Pride S5 15 v.2 RMS 5000-7500W Bobina m\u00f3vil - 5\" TAMA\u00d1O - 15\" - Pride Audio. USA Online store","isPartOf":{"@id":"https:\/\/pride.audio\/#website"},"primaryImageOfPage":{"@id":"https:\/\/pride.audio\/es\/producto\/subwoofer-pride-s5-15-v-2-rms-5000-7500w-bobina-movil-5-tamano-15\/#primaryimage"},"image":{"@id":"https:\/\/pride.audio\/es\/producto\/subwoofer-pride-s5-15-v-2-rms-5000-7500w-bobina-movil-5-tamano-15\/#primaryimage"},"thumbnailUrl":"https:\/\/pride.audio\/wp-content\/uploads\/2024\/01\/Subwoofer_-S515-v.2-1.jpg","datePublished":"2024-01-28T11:15:16+00:00","breadcrumb":{"@id":"https:\/\/pride.audio\/es\/producto\/subwoofer-pride-s5-15-v-2-rms-5000-7500w-bobina-movil-5-tamano-15\/#breadcrumb"},"inLanguage":"es","potentialAction":[{"@type":"ReadAction","target":["https:\/\/pride.audio\/es\/producto\/subwoofer-pride-s5-15-v-2-rms-5000-7500w-bobina-movil-5-tamano-15\/"]}]},{"@type":"ImageObject","inLanguage":"es","@id":"https:\/\/pride.audio\/es\/producto\/subwoofer-pride-s5-15-v-2-rms-5000-7500w-bobina-movil-5-tamano-15\/#primaryimage","url":"https:\/\/pride.audio\/wp-content\/uploads\/2024\/01\/Subwoofer_-S515-v.2-1.jpg","contentUrl":"https:\/\/pride.audio\/wp-content\/uploads\/2024\/01\/Subwoofer_-S515-v.2-1.jpg","width":600,"height":600},{"@type":"BreadcrumbList","@id":"https:\/\/pride.audio\/es\/producto\/subwoofer-pride-s5-15-v-2-rms-5000-7500w-bobina-movil-5-tamano-15\/#breadcrumb","itemListElement":[{"@type":"ListItem","position":1,"name":"Home","item":"https:\/\/pride.audio\/es\/"},{"@type":"ListItem","position":2,"name":"Productos","item":"https:\/\/pride.audio\/es\/productos\/"},{"@type":"ListItem","position":3,"name":"Subwoofer Pride S5 15 v.2 RMS 5000-7500W Bobina m\u00f3vil &#8211; 5&#8243; TAMA\u00d1O &#8211; 15&#8243;"}]},{"@type":"WebSite","@id":"https:\/\/pride.audio\/#website","url":"https:\/\/pride.audio\/","name":"Pride Audio. USA Online store","description":"Pride Car Audio: Official site","publisher":{"@id":"https:\/\/pride.audio\/#organization"},"potentialAction":[{"@type":"SearchAction","target":{"@type":"EntryPoint","urlTemplate":"https:\/\/pride.audio\/?s={search_term_string}"},"query-input":{"@type":"PropertyValueSpecification","valueRequired":true,"valueName":"search_term_string"}}],"inLanguage":"es"},{"@type":"Organization","@id":"https:\/\/pride.audio\/#organization","name":"Pride Audio. USA Online store","url":"https:\/\/pride.audio\/","logo":{"@type":"ImageObject","inLanguage":"es","@id":"https:\/\/pride.audio\/#\/schema\/logo\/image\/","url":"https:\/\/pride.audio\/wp-content\/uploads\/2023\/08\/g10.svg","contentUrl":"https:\/\/pride.audio\/wp-content\/uploads\/2023\/08\/g10.svg","width":158,"height":34,"caption":"Pride Audio. USA Online store"},"image":{"@id":"https:\/\/pride.audio\/#\/schema\/logo\/image\/"}}]}},"_links":{"self":[{"href":"https:\/\/pride.audio\/es\/wp-json\/wp\/v2\/product\/15099","targetHints":{"allow":["GET"]}}],"collection":[{"href":"https:\/\/pride.audio\/es\/wp-json\/wp\/v2\/product"}],"about":[{"href":"https:\/\/pride.audio\/es\/wp-json\/wp\/v2\/types\/product"}],"wp:featuredmedia":[{"embeddable":true,"href":"https:\/\/pride.audio\/es\/wp-json\/wp\/v2\/media\/18424"}],"wp:attachment":[{"href":"https:\/\/pride.audio\/es\/wp-json\/wp\/v2\/media?parent=15099"}],"wp:term":[{"taxonomy":"product_brand","embeddable":true,"href":"https:\/\/pride.audio\/es\/wp-json\/wp\/v2\/product_brand?post=15099"},{"taxonomy":"product_cat","embeddable":true,"href":"https:\/\/pride.audio\/es\/wp-json\/wp\/v2\/product_cat?post=15099"},{"taxonomy":"product_tag","embeddable":true,"href":"https:\/\/pride.audio\/es\/wp-json\/wp\/v2\/product_tag?post=15099"}],"curies":[{"name":"wp","href":"https:\/\/api.w.org\/{rel}","templated":true}]}}