{"id":14634,"date":"2019-05-08T13:02:09","date_gmt":"2019-05-08T11:02:09","guid":{"rendered":"https:\/\/pride.audio\/?page_id=14634"},"modified":"2024-03-12T12:27:25","modified_gmt":"2024-03-12T10:27:25","slug":"servicio-de-garantia","status":"publish","type":"page","link":"https:\/\/pride.audio\/es\/ayuda\/servicio-de-garantia\/","title":{"rendered":"Servicio de garant\u00eda"},"content":{"rendered":"\n<p>En esta secci\u00f3n del sitio web, el procedimiento de garant\u00eda y reparaciones post-garant\u00eda est\u00e1 escrito en detalle:<\/p>\n\n\n\n<p>1.1 El servicio de garant\u00eda y reparaci\u00f3n de los equipos PRIDE en conformidad con los requisitos y normas del fabricante se realiza en el territorio de la Federaci\u00f3n Rusa exclusivamente en el centro de servicio autorizado (en adelante &#8220;Centro de servicio autorizado&#8221;).<\/p>\n\n\n\n<p>1.2 el centro de servicio autorizado considera las reclamaciones de garant\u00eda en presencia de la tarjeta de garant\u00eda correctamente rellenada. La tarjeta de garant\u00eda es el \u00fanico documento que confirma el derecho a la garant\u00eda de reparaci\u00f3n y mantenimiento de los productos PRIDE.<\/p>\n\n\n\n<p>1.3 Sin presentar la tarjeta de garant\u00eda y el\/los documento(s) (recibo (de caja) del producto, factura, etc.) que confirme(n) la compra de los bienes de la marca PRIDE, la obligaci\u00f3n de probar el hecho y las condiciones de compra recae en el comprador de los bienes de la marca PRIDE.<\/p>\n\n\n\n<p>1.4 el per\u00edodo de Garant\u00eda se calcula a partir de la fecha de venta del producto PRIDE al comprador y es de 12 (doce) meses.<\/p>\n\n\n\n<p>2.1 Durante el per\u00edodo de garant\u00eda se eliminan gratuitamente<\/p>\n\n\n\n<p>-Los da\u00f1os causados por el uso de material de baja calidad en las partes principales de la mercanc\u00eda;<\/p>\n\n\n\n<p>-defectos de montaje causados por culpa del fabricante.<\/p>\n\n\n\n<p>2.2 la vida \u00fatil del producto durante su funcionamiento en el marco de las recomendaciones del fabricante y de acuerdo con las instrucciones de uso es de 3 (tres) a\u00f1os.<\/p>\n\n\n\n<p>3.1 La garant\u00eda no se aplica<\/p>\n\n\n\n<p>-para los productos que no tengan garant\u00eda o que tengan una garant\u00eda nula;<\/p>\n\n\n\n<p>-en los productos de la marca PRIDE adquiridos por el comprador fuera del distribuidor oficial*;<\/p>\n\n\n\n<p>*la lista de distribuidores autorizados se especifica en la secci\u00f3n de contactos https:\/\/pride.audio<\/p>\n\n\n\n<p>-sobre los bienes que tengan rastros de interferencia de terceros en su dise\u00f1o por parte del usuario o de otros (terceros);<\/p>\n\n\n\n<p>-en los productos cuyos elementos de control y alarma indiquen violaciones de las condiciones de funcionamiento establecidas en las instrucciones de uso del producto;<\/p>\n\n\n\n<p>-en el producto, durante el diagn\u00f3stico del cual se revelan los hechos de su uso fuera de las condiciones de funcionamiento establecidas por el fabricante y establecidas en las instrucciones de funcionamiento al producto;<\/p>\n\n\n\n<p>-en los productos con da\u00f1os mec\u00e1nicos (grietas, astillas, ara\u00f1azos, etc.) y los da\u00f1os causados por la influencia de ambientes agresivos, alta humedad, altas temperaturas, golpe de objetos extra\u00f1os en las aberturas de ventilaci\u00f3n de los elementos t\u00e9rmicamente cargados de equipos de audio, y tambi\u00e9n en los productos que tienen relaci\u00f3n causal con las condiciones de almacenamiento incorrecto del producto;<\/p>\n\n\n\n<p>&#8211; on audio equipment with faults caused by overload (resulting in the failure of the speaker sound coil, power amplifier, etc.), the causes of which may be the operation and violation of the operating instructions of the equipment, as well as the use of equipment for other purposes, or the use of components (not brand PRIDE) audio system paired with parts of the brand PRIDE;<\/p>\n\n\n\n<p>-el desgaste natural de las piezas del equipo de audio (conexiones roscadas, sometidas a un funcionamiento constante, terminales ac\u00fasticos de resorte y terminales ac\u00fasticos para soldar, sometidos a un desgaste natural, elementos decorativos en forma de rejillas protectoras, almohadillas de goma, cuyo desmontaje\/instalaci\u00f3n m\u00faltiple provoca un cambio de su forma inicial, etc.).<\/p>\n\n\n\n<p>-para equipos con un n\u00famero de serie remoto, oculto, ilegible o modificado.<\/p>\n\n\n\n<p>4.1 Si el comprador necesita diagnosticar el producto PRIDE, este tipo de trabajo se lleva a cabo en el centro de servicio autorizado de la empresa.<\/p>\n\n\n\n<p>4.2 Las aver\u00edas detectadas durante el diagn\u00f3stico, que entran dentro de la garant\u00eda, se eliminan gratuitamente. Todos los dem\u00e1s casos se consideran en consulta con el consumidor por escrito.<\/p>\n\n\n\n<p>5. Puede obtener informaci\u00f3n adicional por correo electr\u00f3nico: service@pride.audio<\/p>\n\n\n\n<ol class=\"wp-block-list\" start=\"5\">\n<li><\/li>\n<\/ol>\n","protected":false},"excerpt":{"rendered":"<p>En esta secci\u00f3n del sitio web, el procedimiento de garant\u00eda y reparaciones post-garant\u00eda est\u00e1 escrito en detalle: 1.1 El servicio de garant\u00eda y reparaci\u00f3n de los equipos PRIDE en conformidad con los requisitos y normas del fabricante se realiza en el territorio de la Federaci\u00f3n Rusa exclusivamente en el centro de servicio autorizado (en adelante [&hellip;]<\/p>\n","protected":false},"author":1,"featured_media":0,"parent":14617,"menu_order":0,"comment_status":"closed","ping_status":"closed","template":"page-templates\/knowledge-template.php","meta":{"inline_featured_image":false,"footnotes":""},"class_list":["post-14634","page","type-page","status-publish","hentry"],"acf":[],"yoast_head":"<!-- This site is optimized with the Yoast SEO plugin v27.3 - https:\/\/yoast.com\/product\/yoast-seo-wordpress\/ -->\n<title>Servicio de garant\u00eda - Pride Audio. USA Online store<\/title>\n<meta name=\"robots\" content=\"index, follow, max-snippet:-1, max-image-preview:large, max-video-preview:-1\" \/>\n<link rel=\"canonical\" href=\"https:\/\/pride.audio\/es\/ayuda\/servicio-de-garantia\/\" \/>\n<meta property=\"og:locale\" content=\"es_ES\" \/>\n<meta property=\"og:type\" content=\"article\" \/>\n<meta property=\"og:title\" content=\"Servicio de garant\u00eda - Pride Audio. USA Online store\" \/>\n<meta property=\"og:description\" content=\"En esta secci\u00f3n del sitio web, el procedimiento de garant\u00eda y reparaciones post-garant\u00eda est\u00e1 escrito en detalle: 1.1 El servicio de garant\u00eda y reparaci\u00f3n de los equipos PRIDE en conformidad con los requisitos y normas del fabricante se realiza en el territorio de la Federaci\u00f3n Rusa exclusivamente en el centro de servicio autorizado (en adelante [&hellip;]\" \/>\n<meta property=\"og:url\" content=\"https:\/\/pride.audio\/es\/ayuda\/servicio-de-garantia\/\" \/>\n<meta property=\"og:site_name\" content=\"Pride Audio. USA Online store\" \/>\n<meta property=\"article:modified_time\" content=\"2024-03-12T10:27:25+00:00\" \/>\n<meta name=\"twitter:card\" content=\"summary_large_image\" \/>\n<meta name=\"twitter:label1\" content=\"Tiempo de lectura\" \/>\n\t<meta name=\"twitter:data1\" content=\"3 minutos\" \/>\n<script type=\"application\/ld+json\" class=\"yoast-schema-graph\">{\"@context\":\"https:\\\/\\\/schema.org\",\"@graph\":[{\"@type\":\"WebPage\",\"@id\":\"https:\\\/\\\/pride.audio\\\/es\\\/ayuda\\\/servicio-de-garantia\\\/\",\"url\":\"https:\\\/\\\/pride.audio\\\/es\\\/ayuda\\\/servicio-de-garantia\\\/\",\"name\":\"Servicio de garant\u00eda - Pride Audio. USA Online store\",\"isPartOf\":{\"@id\":\"https:\\\/\\\/pride.audio\\\/#website\"},\"datePublished\":\"2019-05-08T11:02:09+00:00\",\"dateModified\":\"2024-03-12T10:27:25+00:00\",\"breadcrumb\":{\"@id\":\"https:\\\/\\\/pride.audio\\\/es\\\/ayuda\\\/servicio-de-garantia\\\/#breadcrumb\"},\"inLanguage\":\"es\",\"potentialAction\":[{\"@type\":\"ReadAction\",\"target\":[\"https:\\\/\\\/pride.audio\\\/es\\\/ayuda\\\/servicio-de-garantia\\\/\"]}]},{\"@type\":\"BreadcrumbList\",\"@id\":\"https:\\\/\\\/pride.audio\\\/es\\\/ayuda\\\/servicio-de-garantia\\\/#breadcrumb\",\"itemListElement\":[{\"@type\":\"ListItem\",\"position\":1,\"name\":\"Home\",\"item\":\"https:\\\/\\\/pride.audio\\\/es\\\/\"},{\"@type\":\"ListItem\",\"position\":2,\"name\":\"Ayuda\",\"item\":\"https:\\\/\\\/pride.audio\\\/es\\\/ayuda\\\/\"},{\"@type\":\"ListItem\",\"position\":3,\"name\":\"Servicio de garant\u00eda\"}]},{\"@type\":\"WebSite\",\"@id\":\"https:\\\/\\\/pride.audio\\\/#website\",\"url\":\"https:\\\/\\\/pride.audio\\\/\",\"name\":\"Pride Audio. USA Online store\",\"description\":\"Pride Car Audio: Official site\",\"publisher\":{\"@id\":\"https:\\\/\\\/pride.audio\\\/#organization\"},\"potentialAction\":[{\"@type\":\"SearchAction\",\"target\":{\"@type\":\"EntryPoint\",\"urlTemplate\":\"https:\\\/\\\/pride.audio\\\/?s={search_term_string}\"},\"query-input\":{\"@type\":\"PropertyValueSpecification\",\"valueRequired\":true,\"valueName\":\"search_term_string\"}}],\"inLanguage\":\"es\"},{\"@type\":\"Organization\",\"@id\":\"https:\\\/\\\/pride.audio\\\/#organization\",\"name\":\"Pride Audio. USA Online store\",\"url\":\"https:\\\/\\\/pride.audio\\\/\",\"logo\":{\"@type\":\"ImageObject\",\"inLanguage\":\"es\",\"@id\":\"https:\\\/\\\/pride.audio\\\/#\\\/schema\\\/logo\\\/image\\\/\",\"url\":\"https:\\\/\\\/pride.audio\\\/wp-content\\\/uploads\\\/2023\\\/08\\\/g10.svg\",\"contentUrl\":\"https:\\\/\\\/pride.audio\\\/wp-content\\\/uploads\\\/2023\\\/08\\\/g10.svg\",\"width\":158,\"height\":34,\"caption\":\"Pride Audio. USA Online store\"},\"image\":{\"@id\":\"https:\\\/\\\/pride.audio\\\/#\\\/schema\\\/logo\\\/image\\\/\"}}]}<\/script>\n<!-- \/ Yoast SEO plugin. -->","yoast_head_json":{"title":"Servicio de garant\u00eda - Pride Audio. USA Online store","robots":{"index":"index","follow":"follow","max-snippet":"max-snippet:-1","max-image-preview":"max-image-preview:large","max-video-preview":"max-video-preview:-1"},"canonical":"https:\/\/pride.audio\/es\/ayuda\/servicio-de-garantia\/","og_locale":"es_ES","og_type":"article","og_title":"Servicio de garant\u00eda - Pride Audio. USA Online store","og_description":"En esta secci\u00f3n del sitio web, el procedimiento de garant\u00eda y reparaciones post-garant\u00eda est\u00e1 escrito en detalle: 1.1 El servicio de garant\u00eda y reparaci\u00f3n de los equipos PRIDE en conformidad con los requisitos y normas del fabricante se realiza en el territorio de la Federaci\u00f3n Rusa exclusivamente en el centro de servicio autorizado (en adelante [&hellip;]","og_url":"https:\/\/pride.audio\/es\/ayuda\/servicio-de-garantia\/","og_site_name":"Pride Audio. USA Online store","article_modified_time":"2024-03-12T10:27:25+00:00","twitter_card":"summary_large_image","twitter_misc":{"Tiempo de lectura":"3 minutos"},"schema":{"@context":"https:\/\/schema.org","@graph":[{"@type":"WebPage","@id":"https:\/\/pride.audio\/es\/ayuda\/servicio-de-garantia\/","url":"https:\/\/pride.audio\/es\/ayuda\/servicio-de-garantia\/","name":"Servicio de garant\u00eda - Pride Audio. USA Online store","isPartOf":{"@id":"https:\/\/pride.audio\/#website"},"datePublished":"2019-05-08T11:02:09+00:00","dateModified":"2024-03-12T10:27:25+00:00","breadcrumb":{"@id":"https:\/\/pride.audio\/es\/ayuda\/servicio-de-garantia\/#breadcrumb"},"inLanguage":"es","potentialAction":[{"@type":"ReadAction","target":["https:\/\/pride.audio\/es\/ayuda\/servicio-de-garantia\/"]}]},{"@type":"BreadcrumbList","@id":"https:\/\/pride.audio\/es\/ayuda\/servicio-de-garantia\/#breadcrumb","itemListElement":[{"@type":"ListItem","position":1,"name":"Home","item":"https:\/\/pride.audio\/es\/"},{"@type":"ListItem","position":2,"name":"Ayuda","item":"https:\/\/pride.audio\/es\/ayuda\/"},{"@type":"ListItem","position":3,"name":"Servicio de garant\u00eda"}]},{"@type":"WebSite","@id":"https:\/\/pride.audio\/#website","url":"https:\/\/pride.audio\/","name":"Pride Audio. USA Online store","description":"Pride Car Audio: Official site","publisher":{"@id":"https:\/\/pride.audio\/#organization"},"potentialAction":[{"@type":"SearchAction","target":{"@type":"EntryPoint","urlTemplate":"https:\/\/pride.audio\/?s={search_term_string}"},"query-input":{"@type":"PropertyValueSpecification","valueRequired":true,"valueName":"search_term_string"}}],"inLanguage":"es"},{"@type":"Organization","@id":"https:\/\/pride.audio\/#organization","name":"Pride Audio. USA Online store","url":"https:\/\/pride.audio\/","logo":{"@type":"ImageObject","inLanguage":"es","@id":"https:\/\/pride.audio\/#\/schema\/logo\/image\/","url":"https:\/\/pride.audio\/wp-content\/uploads\/2023\/08\/g10.svg","contentUrl":"https:\/\/pride.audio\/wp-content\/uploads\/2023\/08\/g10.svg","width":158,"height":34,"caption":"Pride Audio. USA Online store"},"image":{"@id":"https:\/\/pride.audio\/#\/schema\/logo\/image\/"}}]}},"_links":{"self":[{"href":"https:\/\/pride.audio\/es\/wp-json\/wp\/v2\/pages\/14634","targetHints":{"allow":["GET"]}}],"collection":[{"href":"https:\/\/pride.audio\/es\/wp-json\/wp\/v2\/pages"}],"about":[{"href":"https:\/\/pride.audio\/es\/wp-json\/wp\/v2\/types\/page"}],"author":[{"embeddable":true,"href":"https:\/\/pride.audio\/es\/wp-json\/wp\/v2\/users\/1"}],"replies":[{"embeddable":true,"href":"https:\/\/pride.audio\/es\/wp-json\/wp\/v2\/comments?post=14634"}],"version-history":[{"count":0,"href":"https:\/\/pride.audio\/es\/wp-json\/wp\/v2\/pages\/14634\/revisions"}],"up":[{"embeddable":true,"href":"https:\/\/pride.audio\/es\/wp-json\/wp\/v2\/pages\/14617"}],"wp:attachment":[{"href":"https:\/\/pride.audio\/es\/wp-json\/wp\/v2\/media?parent=14634"}],"curies":[{"name":"wp","href":"https:\/\/api.w.org\/{rel}","templated":true}]}}