{"id":14631,"date":"2019-07-23T13:27:13","date_gmt":"2019-07-23T11:27:13","guid":{"rendered":"https:\/\/pride.audio\/?page_id=14631"},"modified":"2024-03-12T12:24:16","modified_gmt":"2024-03-12T10:24:16","slug":"la-orden-de-recepcion-del-producto-para-su-reparacion-o-diagnostico","status":"publish","type":"page","link":"https:\/\/pride.audio\/es\/ayuda\/la-orden-de-recepcion-del-producto-para-su-reparacion-o-diagnostico\/","title":{"rendered":"La orden de recepci\u00f3n del producto para su reparaci\u00f3n o diagn\u00f3stico"},"content":{"rendered":"\n<p>El traslado del producto al departamento de reparaciones para realizar el diagn\u00f3stico, la reparaci\u00f3n y otros tr\u00e1mites tiene algunos detalles especiales<\/p>\n\n\n\n<p>Las condiciones m\u00e1s importantes:<\/p>\n\n\n\n<p>La caja original, en la que se compr\u00f3 el producto, para la oportunidad de transportar el producto en el departamento de reparaci\u00f3n<\/p>\n\n\n\n<p>Un producto sin los signos de las penetraciones laterales dentro de la carcasa o su` partes individuales, nos dar\u00e1 las mejores condiciones en la b\u00fasqueda de la raz\u00f3n de la rotura. El n\u00famero de serie debe ser legible. Se puede encontrar en la caja, en el cuerpo del producto o en otra parte, que debe ser encontrada por el vendedor. El n\u00famero de serie debe coincidir con el n\u00famero que aparece en el ticket de garant\u00eda.<\/p>\n\n\n\n<p>El ticket de garant\u00eda cumplimentado, lo que le dar\u00e1 derecho a utilizar todos los servicios prestados, que puede hacer el fabricante. En caso contrario, tendr\u00e1 que esperar la ayuda del vendedor, ya que no podremos identificar nuestro producto y estar seguros de su venta oficial.<\/p>\n\n\n\n<p>Es muy recomendable poner el apellido (el nombre es opcional) y el n\u00famero de m\u00f3vil del remitente en la parte anterior de la caja. Muy conveniente y f\u00e1cil es poner un pedazo de cinta de papel o una pegatina en el cuerpo del producto con su apellido y n\u00famero de celular. Esto har\u00e1 que el proceso de reparaci\u00f3n sea mucho m\u00e1s r\u00e1pido.<\/p>\n\n\n\n<p>Por favor, h\u00e1ganos saber cu\u00e1l es la raz\u00f3n de la reparaci\u00f3n o diagn\u00f3stico. Los diagn\u00f3sticos complejos no ser\u00e1n gratuitos, a menos que nos informe del problema. La forma m\u00e1s f\u00e1cil es poner una hoja de papel con la descripci\u00f3n del problema dentro de la caja, que usted enviar\u00e1 y nosotros recibiremos en nuestro centro de reparaci\u00f3n.<\/p>\n\n\n\n<p>Hecho necesario del env\u00edo pagado &#8220;Puerta a Puerta&#8221; a nuestro Departamento de Reparaciones. Todos los gastos ser\u00e1n responsabilidad del remitente hasta la comprobaci\u00f3n final y resultado. El vendedor y el comprador est\u00e1n de acuerdo con esta pregunta, bajo la regulaci\u00f3n de la ley-sistema ruso<\/p>\n\n\n\n<p>Si usted tiene alguna otra pregunta, por favor env\u00ede un mensaje con su pregunta en nuestro e-mail. Nuestra informaci\u00f3n de contacto se puede encontrar en la secci\u00f3n &#8220;Contacto&#8221;.<\/p>\n","protected":false},"excerpt":{"rendered":"<p>El traslado del producto al departamento de reparaciones para realizar el diagn\u00f3stico, la reparaci\u00f3n y otros tr\u00e1mites tiene algunos detalles especiales Las condiciones m\u00e1s importantes: La caja original, en la que se compr\u00f3 el producto, para la oportunidad de transportar el producto en el departamento de reparaci\u00f3n Un producto sin los signos de las penetraciones [&hellip;]<\/p>\n","protected":false},"author":1,"featured_media":0,"parent":14617,"menu_order":0,"comment_status":"closed","ping_status":"closed","template":"page-templates\/knowledge-template.php","meta":{"inline_featured_image":false,"footnotes":""},"class_list":["post-14631","page","type-page","status-publish","hentry"],"acf":[],"yoast_head":"<!-- This site is optimized with the Yoast SEO plugin v27.2 - https:\/\/yoast.com\/product\/yoast-seo-wordpress\/ -->\n<title>La orden de recepci\u00f3n del producto para su reparaci\u00f3n o diagn\u00f3stico - Pride Audio. USA Online store<\/title>\n<meta name=\"robots\" content=\"index, follow, max-snippet:-1, max-image-preview:large, max-video-preview:-1\" \/>\n<link rel=\"canonical\" href=\"https:\/\/pride.audio\/es\/ayuda\/la-orden-de-recepcion-del-producto-para-su-reparacion-o-diagnostico\/\" \/>\n<meta property=\"og:locale\" content=\"es_ES\" \/>\n<meta property=\"og:type\" content=\"article\" \/>\n<meta property=\"og:title\" content=\"La orden de recepci\u00f3n del producto para su reparaci\u00f3n o diagn\u00f3stico - Pride Audio. USA Online store\" \/>\n<meta property=\"og:description\" content=\"El traslado del producto al departamento de reparaciones para realizar el diagn\u00f3stico, la reparaci\u00f3n y otros tr\u00e1mites tiene algunos detalles especiales Las condiciones m\u00e1s importantes: La caja original, en la que se compr\u00f3 el producto, para la oportunidad de transportar el producto en el departamento de reparaci\u00f3n Un producto sin los signos de las penetraciones [&hellip;]\" \/>\n<meta property=\"og:url\" content=\"https:\/\/pride.audio\/es\/ayuda\/la-orden-de-recepcion-del-producto-para-su-reparacion-o-diagnostico\/\" \/>\n<meta property=\"og:site_name\" content=\"Pride Audio. USA Online store\" \/>\n<meta property=\"article:modified_time\" content=\"2024-03-12T10:24:16+00:00\" \/>\n<meta name=\"twitter:card\" content=\"summary_large_image\" \/>\n<meta name=\"twitter:label1\" content=\"Tiempo de lectura\" \/>\n\t<meta name=\"twitter:data1\" content=\"2 minutos\" \/>\n<script type=\"application\/ld+json\" class=\"yoast-schema-graph\">{\"@context\":\"https:\/\/schema.org\",\"@graph\":[{\"@type\":\"WebPage\",\"@id\":\"https:\/\/pride.audio\/es\/ayuda\/la-orden-de-recepcion-del-producto-para-su-reparacion-o-diagnostico\/\",\"url\":\"https:\/\/pride.audio\/es\/ayuda\/la-orden-de-recepcion-del-producto-para-su-reparacion-o-diagnostico\/\",\"name\":\"La orden de recepci\u00f3n del producto para su reparaci\u00f3n o diagn\u00f3stico - Pride Audio. USA Online store\",\"isPartOf\":{\"@id\":\"https:\/\/pride.audio\/#website\"},\"datePublished\":\"2019-07-23T11:27:13+00:00\",\"dateModified\":\"2024-03-12T10:24:16+00:00\",\"breadcrumb\":{\"@id\":\"https:\/\/pride.audio\/es\/ayuda\/la-orden-de-recepcion-del-producto-para-su-reparacion-o-diagnostico\/#breadcrumb\"},\"inLanguage\":\"es\",\"potentialAction\":[{\"@type\":\"ReadAction\",\"target\":[\"https:\/\/pride.audio\/es\/ayuda\/la-orden-de-recepcion-del-producto-para-su-reparacion-o-diagnostico\/\"]}]},{\"@type\":\"BreadcrumbList\",\"@id\":\"https:\/\/pride.audio\/es\/ayuda\/la-orden-de-recepcion-del-producto-para-su-reparacion-o-diagnostico\/#breadcrumb\",\"itemListElement\":[{\"@type\":\"ListItem\",\"position\":1,\"name\":\"Home\",\"item\":\"https:\/\/pride.audio\/es\/\"},{\"@type\":\"ListItem\",\"position\":2,\"name\":\"Ayuda\",\"item\":\"https:\/\/pride.audio\/es\/ayuda\/\"},{\"@type\":\"ListItem\",\"position\":3,\"name\":\"La orden de recepci\u00f3n del producto para su reparaci\u00f3n o diagn\u00f3stico\"}]},{\"@type\":\"WebSite\",\"@id\":\"https:\/\/pride.audio\/#website\",\"url\":\"https:\/\/pride.audio\/\",\"name\":\"Pride Audio. USA Online store\",\"description\":\"Pride Car Audio: Official site\",\"publisher\":{\"@id\":\"https:\/\/pride.audio\/#organization\"},\"potentialAction\":[{\"@type\":\"SearchAction\",\"target\":{\"@type\":\"EntryPoint\",\"urlTemplate\":\"https:\/\/pride.audio\/?s={search_term_string}\"},\"query-input\":{\"@type\":\"PropertyValueSpecification\",\"valueRequired\":true,\"valueName\":\"search_term_string\"}}],\"inLanguage\":\"es\"},{\"@type\":\"Organization\",\"@id\":\"https:\/\/pride.audio\/#organization\",\"name\":\"Pride Audio. USA Online store\",\"url\":\"https:\/\/pride.audio\/\",\"logo\":{\"@type\":\"ImageObject\",\"inLanguage\":\"es\",\"@id\":\"https:\/\/pride.audio\/#\/schema\/logo\/image\/\",\"url\":\"https:\/\/pride.audio\/wp-content\/uploads\/2023\/08\/g10.svg\",\"contentUrl\":\"https:\/\/pride.audio\/wp-content\/uploads\/2023\/08\/g10.svg\",\"width\":158,\"height\":34,\"caption\":\"Pride Audio. USA Online store\"},\"image\":{\"@id\":\"https:\/\/pride.audio\/#\/schema\/logo\/image\/\"}}]}<\/script>\n<!-- \/ Yoast SEO plugin. -->","yoast_head_json":{"title":"La orden de recepci\u00f3n del producto para su reparaci\u00f3n o diagn\u00f3stico - Pride Audio. USA Online store","robots":{"index":"index","follow":"follow","max-snippet":"max-snippet:-1","max-image-preview":"max-image-preview:large","max-video-preview":"max-video-preview:-1"},"canonical":"https:\/\/pride.audio\/es\/ayuda\/la-orden-de-recepcion-del-producto-para-su-reparacion-o-diagnostico\/","og_locale":"es_ES","og_type":"article","og_title":"La orden de recepci\u00f3n del producto para su reparaci\u00f3n o diagn\u00f3stico - Pride Audio. USA Online store","og_description":"El traslado del producto al departamento de reparaciones para realizar el diagn\u00f3stico, la reparaci\u00f3n y otros tr\u00e1mites tiene algunos detalles especiales Las condiciones m\u00e1s importantes: La caja original, en la que se compr\u00f3 el producto, para la oportunidad de transportar el producto en el departamento de reparaci\u00f3n Un producto sin los signos de las penetraciones [&hellip;]","og_url":"https:\/\/pride.audio\/es\/ayuda\/la-orden-de-recepcion-del-producto-para-su-reparacion-o-diagnostico\/","og_site_name":"Pride Audio. USA Online store","article_modified_time":"2024-03-12T10:24:16+00:00","twitter_card":"summary_large_image","twitter_misc":{"Tiempo de lectura":"2 minutos"},"schema":{"@context":"https:\/\/schema.org","@graph":[{"@type":"WebPage","@id":"https:\/\/pride.audio\/es\/ayuda\/la-orden-de-recepcion-del-producto-para-su-reparacion-o-diagnostico\/","url":"https:\/\/pride.audio\/es\/ayuda\/la-orden-de-recepcion-del-producto-para-su-reparacion-o-diagnostico\/","name":"La orden de recepci\u00f3n del producto para su reparaci\u00f3n o diagn\u00f3stico - Pride Audio. USA Online store","isPartOf":{"@id":"https:\/\/pride.audio\/#website"},"datePublished":"2019-07-23T11:27:13+00:00","dateModified":"2024-03-12T10:24:16+00:00","breadcrumb":{"@id":"https:\/\/pride.audio\/es\/ayuda\/la-orden-de-recepcion-del-producto-para-su-reparacion-o-diagnostico\/#breadcrumb"},"inLanguage":"es","potentialAction":[{"@type":"ReadAction","target":["https:\/\/pride.audio\/es\/ayuda\/la-orden-de-recepcion-del-producto-para-su-reparacion-o-diagnostico\/"]}]},{"@type":"BreadcrumbList","@id":"https:\/\/pride.audio\/es\/ayuda\/la-orden-de-recepcion-del-producto-para-su-reparacion-o-diagnostico\/#breadcrumb","itemListElement":[{"@type":"ListItem","position":1,"name":"Home","item":"https:\/\/pride.audio\/es\/"},{"@type":"ListItem","position":2,"name":"Ayuda","item":"https:\/\/pride.audio\/es\/ayuda\/"},{"@type":"ListItem","position":3,"name":"La orden de recepci\u00f3n del producto para su reparaci\u00f3n o diagn\u00f3stico"}]},{"@type":"WebSite","@id":"https:\/\/pride.audio\/#website","url":"https:\/\/pride.audio\/","name":"Pride Audio. USA Online store","description":"Pride Car Audio: Official site","publisher":{"@id":"https:\/\/pride.audio\/#organization"},"potentialAction":[{"@type":"SearchAction","target":{"@type":"EntryPoint","urlTemplate":"https:\/\/pride.audio\/?s={search_term_string}"},"query-input":{"@type":"PropertyValueSpecification","valueRequired":true,"valueName":"search_term_string"}}],"inLanguage":"es"},{"@type":"Organization","@id":"https:\/\/pride.audio\/#organization","name":"Pride Audio. USA Online store","url":"https:\/\/pride.audio\/","logo":{"@type":"ImageObject","inLanguage":"es","@id":"https:\/\/pride.audio\/#\/schema\/logo\/image\/","url":"https:\/\/pride.audio\/wp-content\/uploads\/2023\/08\/g10.svg","contentUrl":"https:\/\/pride.audio\/wp-content\/uploads\/2023\/08\/g10.svg","width":158,"height":34,"caption":"Pride Audio. USA Online store"},"image":{"@id":"https:\/\/pride.audio\/#\/schema\/logo\/image\/"}}]}},"_links":{"self":[{"href":"https:\/\/pride.audio\/es\/wp-json\/wp\/v2\/pages\/14631","targetHints":{"allow":["GET"]}}],"collection":[{"href":"https:\/\/pride.audio\/es\/wp-json\/wp\/v2\/pages"}],"about":[{"href":"https:\/\/pride.audio\/es\/wp-json\/wp\/v2\/types\/page"}],"author":[{"embeddable":true,"href":"https:\/\/pride.audio\/es\/wp-json\/wp\/v2\/users\/1"}],"replies":[{"embeddable":true,"href":"https:\/\/pride.audio\/es\/wp-json\/wp\/v2\/comments?post=14631"}],"version-history":[{"count":0,"href":"https:\/\/pride.audio\/es\/wp-json\/wp\/v2\/pages\/14631\/revisions"}],"up":[{"embeddable":true,"href":"https:\/\/pride.audio\/es\/wp-json\/wp\/v2\/pages\/14617"}],"wp:attachment":[{"href":"https:\/\/pride.audio\/es\/wp-json\/wp\/v2\/media?parent=14631"}],"curies":[{"name":"wp","href":"https:\/\/api.w.org\/{rel}","templated":true}]}}