{"id":14630,"date":"2019-07-23T13:23:23","date_gmt":"2019-07-23T11:23:23","guid":{"rendered":"https:\/\/pride.audio\/?page_id=14630"},"modified":"2024-03-12T12:21:36","modified_gmt":"2024-03-12T10:21:36","slug":"condiciones-de-los-trabajos-de-mantenimiento","status":"publish","type":"page","link":"https:\/\/pride.audio\/es\/ayuda\/condiciones-de-los-trabajos-de-mantenimiento\/","title":{"rendered":"Condiciones de los trabajos de mantenimiento"},"content":{"rendered":"\n<p>El tiempo de los trabajos de diagn\u00f3stico y reparaci\u00f3n depende de varios factores. Uno de los principales factores, que debe tenerse en cuenta es una carga de trabajo en la fabricaci\u00f3n principal. Tambi\u00e9n es importante, si los detalles, que son necesarios para la reparaci\u00f3n, est\u00e1n en stock en este momento. Debido a la constante renovaci\u00f3n del producto y la modificaci\u00f3n de sus piezas, tambi\u00e9n puede llevar m\u00e1s tiempo realizar los servicios. El tiempo depende en gran medida del tipo de rotura y de la forma y el proceso de eliminaci\u00f3n.<\/p>\n\n\n\n<p>Usted puede hacer cualquier otra pregunta, comprobando la informaci\u00f3n de contacto en la secci\u00f3n espec\u00edfica en el Web-site<\/p>\n","protected":false},"excerpt":{"rendered":"<p>El tiempo de los trabajos de diagn\u00f3stico y reparaci\u00f3n depende de varios factores. Uno de los principales factores, que debe tenerse en cuenta es una carga de trabajo en la fabricaci\u00f3n principal. Tambi\u00e9n es importante, si los detalles, que son necesarios para la reparaci\u00f3n, est\u00e1n en stock en este momento. Debido a la constante renovaci\u00f3n [&hellip;]<\/p>\n","protected":false},"author":1,"featured_media":0,"parent":14617,"menu_order":0,"comment_status":"closed","ping_status":"closed","template":"page-templates\/knowledge-template.php","meta":{"inline_featured_image":false,"footnotes":""},"class_list":["post-14630","page","type-page","status-publish","hentry"],"acf":[],"yoast_head":"<!-- This site is optimized with the Yoast SEO plugin v27.3 - https:\/\/yoast.com\/product\/yoast-seo-wordpress\/ -->\n<title>Condiciones de los trabajos de mantenimiento - Pride Audio. USA Online store<\/title>\n<meta name=\"robots\" content=\"index, follow, max-snippet:-1, max-image-preview:large, max-video-preview:-1\" \/>\n<link rel=\"canonical\" href=\"https:\/\/pride.audio\/es\/ayuda\/condiciones-de-los-trabajos-de-mantenimiento\/\" \/>\n<meta property=\"og:locale\" content=\"es_ES\" \/>\n<meta property=\"og:type\" content=\"article\" \/>\n<meta property=\"og:title\" content=\"Condiciones de los trabajos de mantenimiento - Pride Audio. USA Online store\" \/>\n<meta property=\"og:description\" content=\"El tiempo de los trabajos de diagn\u00f3stico y reparaci\u00f3n depende de varios factores. Uno de los principales factores, que debe tenerse en cuenta es una carga de trabajo en la fabricaci\u00f3n principal. Tambi\u00e9n es importante, si los detalles, que son necesarios para la reparaci\u00f3n, est\u00e1n en stock en este momento. Debido a la constante renovaci\u00f3n [&hellip;]\" \/>\n<meta property=\"og:url\" content=\"https:\/\/pride.audio\/es\/ayuda\/condiciones-de-los-trabajos-de-mantenimiento\/\" \/>\n<meta property=\"og:site_name\" content=\"Pride Audio. USA Online store\" \/>\n<meta property=\"article:modified_time\" content=\"2024-03-12T10:21:36+00:00\" \/>\n<meta name=\"twitter:card\" content=\"summary_large_image\" \/>\n<meta name=\"twitter:label1\" content=\"Tiempo de lectura\" \/>\n\t<meta name=\"twitter:data1\" content=\"1 minuto\" \/>\n<script type=\"application\/ld+json\" class=\"yoast-schema-graph\">{\"@context\":\"https:\\\/\\\/schema.org\",\"@graph\":[{\"@type\":\"WebPage\",\"@id\":\"https:\\\/\\\/pride.audio\\\/es\\\/ayuda\\\/condiciones-de-los-trabajos-de-mantenimiento\\\/\",\"url\":\"https:\\\/\\\/pride.audio\\\/es\\\/ayuda\\\/condiciones-de-los-trabajos-de-mantenimiento\\\/\",\"name\":\"Condiciones de los trabajos de mantenimiento - Pride Audio. USA Online store\",\"isPartOf\":{\"@id\":\"https:\\\/\\\/pride.audio\\\/#website\"},\"datePublished\":\"2019-07-23T11:23:23+00:00\",\"dateModified\":\"2024-03-12T10:21:36+00:00\",\"breadcrumb\":{\"@id\":\"https:\\\/\\\/pride.audio\\\/es\\\/ayuda\\\/condiciones-de-los-trabajos-de-mantenimiento\\\/#breadcrumb\"},\"inLanguage\":\"es\",\"potentialAction\":[{\"@type\":\"ReadAction\",\"target\":[\"https:\\\/\\\/pride.audio\\\/es\\\/ayuda\\\/condiciones-de-los-trabajos-de-mantenimiento\\\/\"]}]},{\"@type\":\"BreadcrumbList\",\"@id\":\"https:\\\/\\\/pride.audio\\\/es\\\/ayuda\\\/condiciones-de-los-trabajos-de-mantenimiento\\\/#breadcrumb\",\"itemListElement\":[{\"@type\":\"ListItem\",\"position\":1,\"name\":\"Home\",\"item\":\"https:\\\/\\\/pride.audio\\\/es\\\/\"},{\"@type\":\"ListItem\",\"position\":2,\"name\":\"Ayuda\",\"item\":\"https:\\\/\\\/pride.audio\\\/es\\\/ayuda\\\/\"},{\"@type\":\"ListItem\",\"position\":3,\"name\":\"Condiciones de los trabajos de mantenimiento\"}]},{\"@type\":\"WebSite\",\"@id\":\"https:\\\/\\\/pride.audio\\\/#website\",\"url\":\"https:\\\/\\\/pride.audio\\\/\",\"name\":\"Pride Audio. USA Online store\",\"description\":\"Pride Car Audio: Official site\",\"publisher\":{\"@id\":\"https:\\\/\\\/pride.audio\\\/#organization\"},\"potentialAction\":[{\"@type\":\"SearchAction\",\"target\":{\"@type\":\"EntryPoint\",\"urlTemplate\":\"https:\\\/\\\/pride.audio\\\/?s={search_term_string}\"},\"query-input\":{\"@type\":\"PropertyValueSpecification\",\"valueRequired\":true,\"valueName\":\"search_term_string\"}}],\"inLanguage\":\"es\"},{\"@type\":\"Organization\",\"@id\":\"https:\\\/\\\/pride.audio\\\/#organization\",\"name\":\"Pride Audio. USA Online store\",\"url\":\"https:\\\/\\\/pride.audio\\\/\",\"logo\":{\"@type\":\"ImageObject\",\"inLanguage\":\"es\",\"@id\":\"https:\\\/\\\/pride.audio\\\/#\\\/schema\\\/logo\\\/image\\\/\",\"url\":\"https:\\\/\\\/pride.audio\\\/wp-content\\\/uploads\\\/2023\\\/08\\\/g10.svg\",\"contentUrl\":\"https:\\\/\\\/pride.audio\\\/wp-content\\\/uploads\\\/2023\\\/08\\\/g10.svg\",\"width\":158,\"height\":34,\"caption\":\"Pride Audio. USA Online store\"},\"image\":{\"@id\":\"https:\\\/\\\/pride.audio\\\/#\\\/schema\\\/logo\\\/image\\\/\"}}]}<\/script>\n<!-- \/ Yoast SEO plugin. -->","yoast_head_json":{"title":"Condiciones de los trabajos de mantenimiento - Pride Audio. USA Online store","robots":{"index":"index","follow":"follow","max-snippet":"max-snippet:-1","max-image-preview":"max-image-preview:large","max-video-preview":"max-video-preview:-1"},"canonical":"https:\/\/pride.audio\/es\/ayuda\/condiciones-de-los-trabajos-de-mantenimiento\/","og_locale":"es_ES","og_type":"article","og_title":"Condiciones de los trabajos de mantenimiento - Pride Audio. USA Online store","og_description":"El tiempo de los trabajos de diagn\u00f3stico y reparaci\u00f3n depende de varios factores. Uno de los principales factores, que debe tenerse en cuenta es una carga de trabajo en la fabricaci\u00f3n principal. Tambi\u00e9n es importante, si los detalles, que son necesarios para la reparaci\u00f3n, est\u00e1n en stock en este momento. Debido a la constante renovaci\u00f3n [&hellip;]","og_url":"https:\/\/pride.audio\/es\/ayuda\/condiciones-de-los-trabajos-de-mantenimiento\/","og_site_name":"Pride Audio. USA Online store","article_modified_time":"2024-03-12T10:21:36+00:00","twitter_card":"summary_large_image","twitter_misc":{"Tiempo de lectura":"1 minuto"},"schema":{"@context":"https:\/\/schema.org","@graph":[{"@type":"WebPage","@id":"https:\/\/pride.audio\/es\/ayuda\/condiciones-de-los-trabajos-de-mantenimiento\/","url":"https:\/\/pride.audio\/es\/ayuda\/condiciones-de-los-trabajos-de-mantenimiento\/","name":"Condiciones de los trabajos de mantenimiento - Pride Audio. USA Online store","isPartOf":{"@id":"https:\/\/pride.audio\/#website"},"datePublished":"2019-07-23T11:23:23+00:00","dateModified":"2024-03-12T10:21:36+00:00","breadcrumb":{"@id":"https:\/\/pride.audio\/es\/ayuda\/condiciones-de-los-trabajos-de-mantenimiento\/#breadcrumb"},"inLanguage":"es","potentialAction":[{"@type":"ReadAction","target":["https:\/\/pride.audio\/es\/ayuda\/condiciones-de-los-trabajos-de-mantenimiento\/"]}]},{"@type":"BreadcrumbList","@id":"https:\/\/pride.audio\/es\/ayuda\/condiciones-de-los-trabajos-de-mantenimiento\/#breadcrumb","itemListElement":[{"@type":"ListItem","position":1,"name":"Home","item":"https:\/\/pride.audio\/es\/"},{"@type":"ListItem","position":2,"name":"Ayuda","item":"https:\/\/pride.audio\/es\/ayuda\/"},{"@type":"ListItem","position":3,"name":"Condiciones de los trabajos de mantenimiento"}]},{"@type":"WebSite","@id":"https:\/\/pride.audio\/#website","url":"https:\/\/pride.audio\/","name":"Pride Audio. USA Online store","description":"Pride Car Audio: Official site","publisher":{"@id":"https:\/\/pride.audio\/#organization"},"potentialAction":[{"@type":"SearchAction","target":{"@type":"EntryPoint","urlTemplate":"https:\/\/pride.audio\/?s={search_term_string}"},"query-input":{"@type":"PropertyValueSpecification","valueRequired":true,"valueName":"search_term_string"}}],"inLanguage":"es"},{"@type":"Organization","@id":"https:\/\/pride.audio\/#organization","name":"Pride Audio. USA Online store","url":"https:\/\/pride.audio\/","logo":{"@type":"ImageObject","inLanguage":"es","@id":"https:\/\/pride.audio\/#\/schema\/logo\/image\/","url":"https:\/\/pride.audio\/wp-content\/uploads\/2023\/08\/g10.svg","contentUrl":"https:\/\/pride.audio\/wp-content\/uploads\/2023\/08\/g10.svg","width":158,"height":34,"caption":"Pride Audio. USA Online store"},"image":{"@id":"https:\/\/pride.audio\/#\/schema\/logo\/image\/"}}]}},"_links":{"self":[{"href":"https:\/\/pride.audio\/es\/wp-json\/wp\/v2\/pages\/14630","targetHints":{"allow":["GET"]}}],"collection":[{"href":"https:\/\/pride.audio\/es\/wp-json\/wp\/v2\/pages"}],"about":[{"href":"https:\/\/pride.audio\/es\/wp-json\/wp\/v2\/types\/page"}],"author":[{"embeddable":true,"href":"https:\/\/pride.audio\/es\/wp-json\/wp\/v2\/users\/1"}],"replies":[{"embeddable":true,"href":"https:\/\/pride.audio\/es\/wp-json\/wp\/v2\/comments?post=14630"}],"version-history":[{"count":0,"href":"https:\/\/pride.audio\/es\/wp-json\/wp\/v2\/pages\/14630\/revisions"}],"up":[{"embeddable":true,"href":"https:\/\/pride.audio\/es\/wp-json\/wp\/v2\/pages\/14617"}],"wp:attachment":[{"href":"https:\/\/pride.audio\/es\/wp-json\/wp\/v2\/media?parent=14630"}],"curies":[{"name":"wp","href":"https:\/\/api.w.org\/{rel}","templated":true}]}}