{"id":14628,"date":"2022-06-01T14:07:21","date_gmt":"2022-06-01T12:07:21","guid":{"rendered":"https:\/\/pride.audio\/?page_id=14628"},"modified":"2024-03-12T12:20:22","modified_gmt":"2024-03-12T10:20:22","slug":"tramitar-y-rellenar-el-formulario","status":"publish","type":"page","link":"https:\/\/pride.audio\/es\/ayuda\/tramitar-y-rellenar-el-formulario\/","title":{"rendered":"Tramitar y rellenar el formulario"},"content":{"rendered":"\n<ol class=\"wp-block-list\">\n<li>Preparaci\u00f3n de productos averiados<\/li>\n\n\n\n<li>Debe entregarlo a su distribuidor o concesionario principal en el pa\u00eds<\/li>\n\n\n\n<li>Rellenar el formulario de la p\u00e1gina web<\/li>\n\n\n\n<li>A la espera de una decisi\u00f3n<\/li>\n\n\n\n<li>Le confirmamos<\/li>\n\n\n\n<li>Usted se lleva el producto reparado<\/li>\n<\/ol>\n\n\n\n<p>Estimado cliente. Tiene que rellenar todos los campos. Tomamos los datos de su cuenta personal y la direcci\u00f3n del libro. Si los datos no son correctos, tiene que hacer cambios.<\/p>\n\n\n\n<p>Debe enviar los productos para su reparaci\u00f3n a: Lepa tee, 4 Loo Alevik, 74201, Estonia, el n\u00famero de tel\u00e9fono es +372 5560 6288<br>o bien entregar el producto roto al distribuidor m\u00e1s cercano. A continuaci\u00f3n, a\u00f1ada el n\u00famero de seguimiento al rellenar el formulario.<\/p>\n\n\n\n<p>Si recibimos los productos sin estos datos, entonces los productos para la reparaci\u00f3n esperar\u00e1 a que el presente formulario. El almacenamiento de pago se iniciar\u00e1 en 5 d\u00edas sin un formulario completo<\/p>\n\n\n<div class=\"text-block\">Dear customer. You must be <a href=\"https:\/\/pride.audio\/my-account\/\">registered<\/a> to fill out the form for repair.<\/div>","protected":false},"excerpt":{"rendered":"<p>Estimado cliente. Tiene que rellenar todos los campos. Tomamos los datos de su cuenta personal y la direcci\u00f3n del libro. Si los datos no son correctos, tiene que hacer cambios. Debe enviar los productos para su reparaci\u00f3n a: Lepa tee, 4 Loo Alevik, 74201, Estonia, el n\u00famero de tel\u00e9fono es +372 5560 6288o bien entregar [&hellip;]<\/p>\n","protected":false},"author":1,"featured_media":0,"parent":14617,"menu_order":0,"comment_status":"closed","ping_status":"closed","template":"page-templates\/knowledge-template.php","meta":{"inline_featured_image":false,"footnotes":""},"class_list":["post-14628","page","type-page","status-publish","hentry"],"acf":[],"yoast_head":"<!-- This site is optimized with the Yoast SEO plugin v27.2 - https:\/\/yoast.com\/product\/yoast-seo-wordpress\/ -->\n<title>Tramitar y rellenar el formulario - Pride Audio. USA Online store<\/title>\n<meta name=\"robots\" content=\"index, follow, max-snippet:-1, max-image-preview:large, max-video-preview:-1\" \/>\n<link rel=\"canonical\" href=\"https:\/\/pride.audio\/es\/ayuda\/tramitar-y-rellenar-el-formulario\/\" \/>\n<meta property=\"og:locale\" content=\"es_ES\" \/>\n<meta property=\"og:type\" content=\"article\" \/>\n<meta property=\"og:title\" content=\"Tramitar y rellenar el formulario - Pride Audio. USA Online store\" \/>\n<meta property=\"og:description\" content=\"Estimado cliente. Tiene que rellenar todos los campos. Tomamos los datos de su cuenta personal y la direcci\u00f3n del libro. Si los datos no son correctos, tiene que hacer cambios. Debe enviar los productos para su reparaci\u00f3n a: Lepa tee, 4 Loo Alevik, 74201, Estonia, el n\u00famero de tel\u00e9fono es +372 5560 6288o bien entregar [&hellip;]\" \/>\n<meta property=\"og:url\" content=\"https:\/\/pride.audio\/es\/ayuda\/tramitar-y-rellenar-el-formulario\/\" \/>\n<meta property=\"og:site_name\" content=\"Pride Audio. USA Online store\" \/>\n<meta property=\"article:modified_time\" content=\"2024-03-12T10:20:22+00:00\" \/>\n<meta name=\"twitter:card\" content=\"summary_large_image\" \/>\n<meta name=\"twitter:label1\" content=\"Tiempo de lectura\" \/>\n\t<meta name=\"twitter:data1\" content=\"1 minuto\" \/>\n<script type=\"application\/ld+json\" class=\"yoast-schema-graph\">{\"@context\":\"https:\/\/schema.org\",\"@graph\":[{\"@type\":\"WebPage\",\"@id\":\"https:\/\/pride.audio\/es\/ayuda\/tramitar-y-rellenar-el-formulario\/\",\"url\":\"https:\/\/pride.audio\/es\/ayuda\/tramitar-y-rellenar-el-formulario\/\",\"name\":\"Tramitar y rellenar el formulario - Pride Audio. USA Online store\",\"isPartOf\":{\"@id\":\"https:\/\/pride.audio\/#website\"},\"datePublished\":\"2022-06-01T12:07:21+00:00\",\"dateModified\":\"2024-03-12T10:20:22+00:00\",\"breadcrumb\":{\"@id\":\"https:\/\/pride.audio\/es\/ayuda\/tramitar-y-rellenar-el-formulario\/#breadcrumb\"},\"inLanguage\":\"es\",\"potentialAction\":[{\"@type\":\"ReadAction\",\"target\":[\"https:\/\/pride.audio\/es\/ayuda\/tramitar-y-rellenar-el-formulario\/\"]}]},{\"@type\":\"BreadcrumbList\",\"@id\":\"https:\/\/pride.audio\/es\/ayuda\/tramitar-y-rellenar-el-formulario\/#breadcrumb\",\"itemListElement\":[{\"@type\":\"ListItem\",\"position\":1,\"name\":\"Home\",\"item\":\"https:\/\/pride.audio\/es\/\"},{\"@type\":\"ListItem\",\"position\":2,\"name\":\"Ayuda\",\"item\":\"https:\/\/pride.audio\/es\/ayuda\/\"},{\"@type\":\"ListItem\",\"position\":3,\"name\":\"Tramitar y rellenar el formulario\"}]},{\"@type\":\"WebSite\",\"@id\":\"https:\/\/pride.audio\/#website\",\"url\":\"https:\/\/pride.audio\/\",\"name\":\"Pride Audio. USA Online store\",\"description\":\"Pride Car Audio: Official site\",\"publisher\":{\"@id\":\"https:\/\/pride.audio\/#organization\"},\"potentialAction\":[{\"@type\":\"SearchAction\",\"target\":{\"@type\":\"EntryPoint\",\"urlTemplate\":\"https:\/\/pride.audio\/?s={search_term_string}\"},\"query-input\":{\"@type\":\"PropertyValueSpecification\",\"valueRequired\":true,\"valueName\":\"search_term_string\"}}],\"inLanguage\":\"es\"},{\"@type\":\"Organization\",\"@id\":\"https:\/\/pride.audio\/#organization\",\"name\":\"Pride Audio. USA Online store\",\"url\":\"https:\/\/pride.audio\/\",\"logo\":{\"@type\":\"ImageObject\",\"inLanguage\":\"es\",\"@id\":\"https:\/\/pride.audio\/#\/schema\/logo\/image\/\",\"url\":\"https:\/\/pride.audio\/wp-content\/uploads\/2023\/08\/g10.svg\",\"contentUrl\":\"https:\/\/pride.audio\/wp-content\/uploads\/2023\/08\/g10.svg\",\"width\":158,\"height\":34,\"caption\":\"Pride Audio. USA Online store\"},\"image\":{\"@id\":\"https:\/\/pride.audio\/#\/schema\/logo\/image\/\"}}]}<\/script>\n<!-- \/ Yoast SEO plugin. -->","yoast_head_json":{"title":"Tramitar y rellenar el formulario - Pride Audio. USA Online store","robots":{"index":"index","follow":"follow","max-snippet":"max-snippet:-1","max-image-preview":"max-image-preview:large","max-video-preview":"max-video-preview:-1"},"canonical":"https:\/\/pride.audio\/es\/ayuda\/tramitar-y-rellenar-el-formulario\/","og_locale":"es_ES","og_type":"article","og_title":"Tramitar y rellenar el formulario - Pride Audio. USA Online store","og_description":"Estimado cliente. Tiene que rellenar todos los campos. Tomamos los datos de su cuenta personal y la direcci\u00f3n del libro. Si los datos no son correctos, tiene que hacer cambios. Debe enviar los productos para su reparaci\u00f3n a: Lepa tee, 4 Loo Alevik, 74201, Estonia, el n\u00famero de tel\u00e9fono es +372 5560 6288o bien entregar [&hellip;]","og_url":"https:\/\/pride.audio\/es\/ayuda\/tramitar-y-rellenar-el-formulario\/","og_site_name":"Pride Audio. USA Online store","article_modified_time":"2024-03-12T10:20:22+00:00","twitter_card":"summary_large_image","twitter_misc":{"Tiempo de lectura":"1 minuto"},"schema":{"@context":"https:\/\/schema.org","@graph":[{"@type":"WebPage","@id":"https:\/\/pride.audio\/es\/ayuda\/tramitar-y-rellenar-el-formulario\/","url":"https:\/\/pride.audio\/es\/ayuda\/tramitar-y-rellenar-el-formulario\/","name":"Tramitar y rellenar el formulario - Pride Audio. USA Online store","isPartOf":{"@id":"https:\/\/pride.audio\/#website"},"datePublished":"2022-06-01T12:07:21+00:00","dateModified":"2024-03-12T10:20:22+00:00","breadcrumb":{"@id":"https:\/\/pride.audio\/es\/ayuda\/tramitar-y-rellenar-el-formulario\/#breadcrumb"},"inLanguage":"es","potentialAction":[{"@type":"ReadAction","target":["https:\/\/pride.audio\/es\/ayuda\/tramitar-y-rellenar-el-formulario\/"]}]},{"@type":"BreadcrumbList","@id":"https:\/\/pride.audio\/es\/ayuda\/tramitar-y-rellenar-el-formulario\/#breadcrumb","itemListElement":[{"@type":"ListItem","position":1,"name":"Home","item":"https:\/\/pride.audio\/es\/"},{"@type":"ListItem","position":2,"name":"Ayuda","item":"https:\/\/pride.audio\/es\/ayuda\/"},{"@type":"ListItem","position":3,"name":"Tramitar y rellenar el formulario"}]},{"@type":"WebSite","@id":"https:\/\/pride.audio\/#website","url":"https:\/\/pride.audio\/","name":"Pride Audio. USA Online store","description":"Pride Car Audio: Official site","publisher":{"@id":"https:\/\/pride.audio\/#organization"},"potentialAction":[{"@type":"SearchAction","target":{"@type":"EntryPoint","urlTemplate":"https:\/\/pride.audio\/?s={search_term_string}"},"query-input":{"@type":"PropertyValueSpecification","valueRequired":true,"valueName":"search_term_string"}}],"inLanguage":"es"},{"@type":"Organization","@id":"https:\/\/pride.audio\/#organization","name":"Pride Audio. USA Online store","url":"https:\/\/pride.audio\/","logo":{"@type":"ImageObject","inLanguage":"es","@id":"https:\/\/pride.audio\/#\/schema\/logo\/image\/","url":"https:\/\/pride.audio\/wp-content\/uploads\/2023\/08\/g10.svg","contentUrl":"https:\/\/pride.audio\/wp-content\/uploads\/2023\/08\/g10.svg","width":158,"height":34,"caption":"Pride Audio. USA Online store"},"image":{"@id":"https:\/\/pride.audio\/#\/schema\/logo\/image\/"}}]}},"_links":{"self":[{"href":"https:\/\/pride.audio\/es\/wp-json\/wp\/v2\/pages\/14628","targetHints":{"allow":["GET"]}}],"collection":[{"href":"https:\/\/pride.audio\/es\/wp-json\/wp\/v2\/pages"}],"about":[{"href":"https:\/\/pride.audio\/es\/wp-json\/wp\/v2\/types\/page"}],"author":[{"embeddable":true,"href":"https:\/\/pride.audio\/es\/wp-json\/wp\/v2\/users\/1"}],"replies":[{"embeddable":true,"href":"https:\/\/pride.audio\/es\/wp-json\/wp\/v2\/comments?post=14628"}],"version-history":[{"count":0,"href":"https:\/\/pride.audio\/es\/wp-json\/wp\/v2\/pages\/14628\/revisions"}],"up":[{"embeddable":true,"href":"https:\/\/pride.audio\/es\/wp-json\/wp\/v2\/pages\/14617"}],"wp:attachment":[{"href":"https:\/\/pride.audio\/es\/wp-json\/wp\/v2\/media?parent=14628"}],"curies":[{"name":"wp","href":"https:\/\/api.w.org\/{rel}","templated":true}]}}