{"id":14626,"date":"2019-07-23T13:29:00","date_gmt":"2019-07-23T11:29:00","guid":{"rendered":"https:\/\/pride.audio\/?page_id=14626"},"modified":"2024-03-12T12:17:53","modified_gmt":"2024-03-12T10:17:53","slug":"precios-de-los-procedimientos-transporte-de-mercancias-ensamblaje-de-componentes-en-lugar-de-piezas-rotas","status":"publish","type":"page","link":"https:\/\/pride.audio\/es\/ayuda\/precios-de-los-procedimientos-transporte-de-mercancias-ensamblaje-de-componentes-en-lugar-de-piezas-rotas\/","title":{"rendered":"Precios de los procedimientos, transporte de mercanc\u00edas, ensamblaje de componentes, en lugar de piezas rotas"},"content":{"rendered":"\n<p>Muchas roturas son espec\u00edficamente individuales. Podemos agruparlas seg\u00fan los signos del problema. En la mayor\u00eda de los casos, cada situaci\u00f3n es diferente. Este hecho puede ralentizar el anuncio del precio de la reparaci\u00f3n. Una respuesta m\u00e1s precisa sobre las cuestiones relacionadas con la reparaci\u00f3n que podemos dar s\u00f3lo despu\u00e9s de los procedimientos de diagn\u00f3stico. La cantidad de tiempo, que ser\u00e1 gastado por el profesional cualificado en la reparaci\u00f3n est\u00e1 formando el precio del procedimiento, lo que se correlaciona con el precio de la reparaci\u00f3n para nuestros clientes.<\/p>\n\n\n\n<p>El precio de la reinstalaci\u00f3n de piezas tambi\u00e9n var\u00eda constantemente. En primer lugar, la modificaci\u00f3n regular de nuestros productos, lo que implica el cambio en el precio del producto y su ` componentes. En segundo lugar, es una tendencia de la moneda rublo ruso, en comparaci\u00f3n con las otras monedas. Como hemos visto antes, algunos de nuestros componentes son importados de los EE.UU., Europa y Asia. Esto nos hace responsables de la otra parte del negocio, que est\u00e1 operando en la moneda diferente. Sin embargo, el tipo de cambio de otras monedas al rublo ruso puede tener una gran influencia en el precio final.<\/p>\n\n\n\n<p>Si el departamento de reparaciones descubre que no hay correlaci\u00f3n entre el cliente y la rotura del producto, prestaremos servicios de reparaci\u00f3n, ya que entrar\u00eda dentro de la garant\u00eda. En este caso, la rotura puede deberse a errores de fabricaci\u00f3n, montaje u otros factores negativos.<\/p>\n\n\n\n<p>El precio de env\u00edo de carga bajo el programa de no garant\u00eda, diagn\u00f3stico, modificaci\u00f3n del producto y as\u00ed sucesivamente ser\u00e1 calculado personalmente por el cliente o el minorista de los productos PRIDE, depende de qui\u00e9n nos dijo sobre el problema y le gustar\u00eda recibir los servicios de reparaci\u00f3n.<\/p>\n\n\n\n<p>Otras preguntas relacionadas con el precio de la reparaci\u00f3n, que no hemos notado aqu\u00ed, se puede pedir a trav\u00e9s de la solicitud por escrito. Env\u00ede sus preguntas por correo electr\u00f3nico a info@pride.audio<\/p>\n","protected":false},"excerpt":{"rendered":"<p>Muchas roturas son espec\u00edficamente individuales. Podemos agruparlas seg\u00fan los signos del problema. En la mayor\u00eda de los casos, cada situaci\u00f3n es diferente. Este hecho puede ralentizar el anuncio del precio de la reparaci\u00f3n. Una respuesta m\u00e1s precisa sobre las cuestiones relacionadas con la reparaci\u00f3n que podemos dar s\u00f3lo despu\u00e9s de los procedimientos de diagn\u00f3stico. La [&hellip;]<\/p>\n","protected":false},"author":1,"featured_media":0,"parent":14617,"menu_order":0,"comment_status":"closed","ping_status":"closed","template":"page-templates\/knowledge-template.php","meta":{"inline_featured_image":false,"footnotes":""},"class_list":["post-14626","page","type-page","status-publish","hentry"],"acf":[],"yoast_head":"<!-- This site is optimized with the Yoast SEO plugin v27.2 - https:\/\/yoast.com\/product\/yoast-seo-wordpress\/ -->\n<title>Precios de los procedimientos, transporte de mercanc\u00edas, ensamblaje de componentes, en lugar de piezas rotas - Pride Audio. USA Online store<\/title>\n<meta name=\"robots\" content=\"index, follow, max-snippet:-1, max-image-preview:large, max-video-preview:-1\" \/>\n<link rel=\"canonical\" href=\"https:\/\/pride.audio\/es\/ayuda\/precios-de-los-procedimientos-transporte-de-mercancias-ensamblaje-de-componentes-en-lugar-de-piezas-rotas\/\" \/>\n<meta property=\"og:locale\" content=\"es_ES\" \/>\n<meta property=\"og:type\" content=\"article\" \/>\n<meta property=\"og:title\" content=\"Precios de los procedimientos, transporte de mercanc\u00edas, ensamblaje de componentes, en lugar de piezas rotas - Pride Audio. USA Online store\" \/>\n<meta property=\"og:description\" content=\"Muchas roturas son espec\u00edficamente individuales. Podemos agruparlas seg\u00fan los signos del problema. En la mayor\u00eda de los casos, cada situaci\u00f3n es diferente. Este hecho puede ralentizar el anuncio del precio de la reparaci\u00f3n. Una respuesta m\u00e1s precisa sobre las cuestiones relacionadas con la reparaci\u00f3n que podemos dar s\u00f3lo despu\u00e9s de los procedimientos de diagn\u00f3stico. La [&hellip;]\" \/>\n<meta property=\"og:url\" content=\"https:\/\/pride.audio\/es\/ayuda\/precios-de-los-procedimientos-transporte-de-mercancias-ensamblaje-de-componentes-en-lugar-de-piezas-rotas\/\" \/>\n<meta property=\"og:site_name\" content=\"Pride Audio. USA Online store\" \/>\n<meta property=\"article:modified_time\" content=\"2024-03-12T10:17:53+00:00\" \/>\n<meta name=\"twitter:card\" content=\"summary_large_image\" \/>\n<meta name=\"twitter:label1\" content=\"Tiempo de lectura\" \/>\n\t<meta name=\"twitter:data1\" content=\"2 minutos\" \/>\n<script type=\"application\/ld+json\" class=\"yoast-schema-graph\">{\"@context\":\"https:\/\/schema.org\",\"@graph\":[{\"@type\":\"WebPage\",\"@id\":\"https:\/\/pride.audio\/es\/ayuda\/precios-de-los-procedimientos-transporte-de-mercancias-ensamblaje-de-componentes-en-lugar-de-piezas-rotas\/\",\"url\":\"https:\/\/pride.audio\/es\/ayuda\/precios-de-los-procedimientos-transporte-de-mercancias-ensamblaje-de-componentes-en-lugar-de-piezas-rotas\/\",\"name\":\"Precios de los procedimientos, transporte de mercanc\u00edas, ensamblaje de componentes, en lugar de piezas rotas - Pride Audio. USA Online store\",\"isPartOf\":{\"@id\":\"https:\/\/pride.audio\/#website\"},\"datePublished\":\"2019-07-23T11:29:00+00:00\",\"dateModified\":\"2024-03-12T10:17:53+00:00\",\"breadcrumb\":{\"@id\":\"https:\/\/pride.audio\/es\/ayuda\/precios-de-los-procedimientos-transporte-de-mercancias-ensamblaje-de-componentes-en-lugar-de-piezas-rotas\/#breadcrumb\"},\"inLanguage\":\"es\",\"potentialAction\":[{\"@type\":\"ReadAction\",\"target\":[\"https:\/\/pride.audio\/es\/ayuda\/precios-de-los-procedimientos-transporte-de-mercancias-ensamblaje-de-componentes-en-lugar-de-piezas-rotas\/\"]}]},{\"@type\":\"BreadcrumbList\",\"@id\":\"https:\/\/pride.audio\/es\/ayuda\/precios-de-los-procedimientos-transporte-de-mercancias-ensamblaje-de-componentes-en-lugar-de-piezas-rotas\/#breadcrumb\",\"itemListElement\":[{\"@type\":\"ListItem\",\"position\":1,\"name\":\"Home\",\"item\":\"https:\/\/pride.audio\/es\/\"},{\"@type\":\"ListItem\",\"position\":2,\"name\":\"Ayuda\",\"item\":\"https:\/\/pride.audio\/es\/ayuda\/\"},{\"@type\":\"ListItem\",\"position\":3,\"name\":\"Precios de los procedimientos, transporte de mercanc\u00edas, ensamblaje de componentes, en lugar de piezas rotas\"}]},{\"@type\":\"WebSite\",\"@id\":\"https:\/\/pride.audio\/#website\",\"url\":\"https:\/\/pride.audio\/\",\"name\":\"Pride Audio. USA Online store\",\"description\":\"Pride Car Audio: Official site\",\"publisher\":{\"@id\":\"https:\/\/pride.audio\/#organization\"},\"potentialAction\":[{\"@type\":\"SearchAction\",\"target\":{\"@type\":\"EntryPoint\",\"urlTemplate\":\"https:\/\/pride.audio\/?s={search_term_string}\"},\"query-input\":{\"@type\":\"PropertyValueSpecification\",\"valueRequired\":true,\"valueName\":\"search_term_string\"}}],\"inLanguage\":\"es\"},{\"@type\":\"Organization\",\"@id\":\"https:\/\/pride.audio\/#organization\",\"name\":\"Pride Audio. USA Online store\",\"url\":\"https:\/\/pride.audio\/\",\"logo\":{\"@type\":\"ImageObject\",\"inLanguage\":\"es\",\"@id\":\"https:\/\/pride.audio\/#\/schema\/logo\/image\/\",\"url\":\"https:\/\/pride.audio\/wp-content\/uploads\/2023\/08\/g10.svg\",\"contentUrl\":\"https:\/\/pride.audio\/wp-content\/uploads\/2023\/08\/g10.svg\",\"width\":158,\"height\":34,\"caption\":\"Pride Audio. USA Online store\"},\"image\":{\"@id\":\"https:\/\/pride.audio\/#\/schema\/logo\/image\/\"}}]}<\/script>\n<!-- \/ Yoast SEO plugin. -->","yoast_head_json":{"title":"Precios de los procedimientos, transporte de mercanc\u00edas, ensamblaje de componentes, en lugar de piezas rotas - Pride Audio. USA Online store","robots":{"index":"index","follow":"follow","max-snippet":"max-snippet:-1","max-image-preview":"max-image-preview:large","max-video-preview":"max-video-preview:-1"},"canonical":"https:\/\/pride.audio\/es\/ayuda\/precios-de-los-procedimientos-transporte-de-mercancias-ensamblaje-de-componentes-en-lugar-de-piezas-rotas\/","og_locale":"es_ES","og_type":"article","og_title":"Precios de los procedimientos, transporte de mercanc\u00edas, ensamblaje de componentes, en lugar de piezas rotas - Pride Audio. USA Online store","og_description":"Muchas roturas son espec\u00edficamente individuales. Podemos agruparlas seg\u00fan los signos del problema. En la mayor\u00eda de los casos, cada situaci\u00f3n es diferente. Este hecho puede ralentizar el anuncio del precio de la reparaci\u00f3n. Una respuesta m\u00e1s precisa sobre las cuestiones relacionadas con la reparaci\u00f3n que podemos dar s\u00f3lo despu\u00e9s de los procedimientos de diagn\u00f3stico. La [&hellip;]","og_url":"https:\/\/pride.audio\/es\/ayuda\/precios-de-los-procedimientos-transporte-de-mercancias-ensamblaje-de-componentes-en-lugar-de-piezas-rotas\/","og_site_name":"Pride Audio. USA Online store","article_modified_time":"2024-03-12T10:17:53+00:00","twitter_card":"summary_large_image","twitter_misc":{"Tiempo de lectura":"2 minutos"},"schema":{"@context":"https:\/\/schema.org","@graph":[{"@type":"WebPage","@id":"https:\/\/pride.audio\/es\/ayuda\/precios-de-los-procedimientos-transporte-de-mercancias-ensamblaje-de-componentes-en-lugar-de-piezas-rotas\/","url":"https:\/\/pride.audio\/es\/ayuda\/precios-de-los-procedimientos-transporte-de-mercancias-ensamblaje-de-componentes-en-lugar-de-piezas-rotas\/","name":"Precios de los procedimientos, transporte de mercanc\u00edas, ensamblaje de componentes, en lugar de piezas rotas - Pride Audio. USA Online store","isPartOf":{"@id":"https:\/\/pride.audio\/#website"},"datePublished":"2019-07-23T11:29:00+00:00","dateModified":"2024-03-12T10:17:53+00:00","breadcrumb":{"@id":"https:\/\/pride.audio\/es\/ayuda\/precios-de-los-procedimientos-transporte-de-mercancias-ensamblaje-de-componentes-en-lugar-de-piezas-rotas\/#breadcrumb"},"inLanguage":"es","potentialAction":[{"@type":"ReadAction","target":["https:\/\/pride.audio\/es\/ayuda\/precios-de-los-procedimientos-transporte-de-mercancias-ensamblaje-de-componentes-en-lugar-de-piezas-rotas\/"]}]},{"@type":"BreadcrumbList","@id":"https:\/\/pride.audio\/es\/ayuda\/precios-de-los-procedimientos-transporte-de-mercancias-ensamblaje-de-componentes-en-lugar-de-piezas-rotas\/#breadcrumb","itemListElement":[{"@type":"ListItem","position":1,"name":"Home","item":"https:\/\/pride.audio\/es\/"},{"@type":"ListItem","position":2,"name":"Ayuda","item":"https:\/\/pride.audio\/es\/ayuda\/"},{"@type":"ListItem","position":3,"name":"Precios de los procedimientos, transporte de mercanc\u00edas, ensamblaje de componentes, en lugar de piezas rotas"}]},{"@type":"WebSite","@id":"https:\/\/pride.audio\/#website","url":"https:\/\/pride.audio\/","name":"Pride Audio. USA Online store","description":"Pride Car Audio: Official site","publisher":{"@id":"https:\/\/pride.audio\/#organization"},"potentialAction":[{"@type":"SearchAction","target":{"@type":"EntryPoint","urlTemplate":"https:\/\/pride.audio\/?s={search_term_string}"},"query-input":{"@type":"PropertyValueSpecification","valueRequired":true,"valueName":"search_term_string"}}],"inLanguage":"es"},{"@type":"Organization","@id":"https:\/\/pride.audio\/#organization","name":"Pride Audio. USA Online store","url":"https:\/\/pride.audio\/","logo":{"@type":"ImageObject","inLanguage":"es","@id":"https:\/\/pride.audio\/#\/schema\/logo\/image\/","url":"https:\/\/pride.audio\/wp-content\/uploads\/2023\/08\/g10.svg","contentUrl":"https:\/\/pride.audio\/wp-content\/uploads\/2023\/08\/g10.svg","width":158,"height":34,"caption":"Pride Audio. USA Online store"},"image":{"@id":"https:\/\/pride.audio\/#\/schema\/logo\/image\/"}}]}},"_links":{"self":[{"href":"https:\/\/pride.audio\/es\/wp-json\/wp\/v2\/pages\/14626","targetHints":{"allow":["GET"]}}],"collection":[{"href":"https:\/\/pride.audio\/es\/wp-json\/wp\/v2\/pages"}],"about":[{"href":"https:\/\/pride.audio\/es\/wp-json\/wp\/v2\/types\/page"}],"author":[{"embeddable":true,"href":"https:\/\/pride.audio\/es\/wp-json\/wp\/v2\/users\/1"}],"replies":[{"embeddable":true,"href":"https:\/\/pride.audio\/es\/wp-json\/wp\/v2\/comments?post=14626"}],"version-history":[{"count":0,"href":"https:\/\/pride.audio\/es\/wp-json\/wp\/v2\/pages\/14626\/revisions"}],"up":[{"embeddable":true,"href":"https:\/\/pride.audio\/es\/wp-json\/wp\/v2\/pages\/14617"}],"wp:attachment":[{"href":"https:\/\/pride.audio\/es\/wp-json\/wp\/v2\/media?parent=14626"}],"curies":[{"name":"wp","href":"https:\/\/api.w.org\/{rel}","templated":true}]}}