{"id":14625,"date":"2019-07-18T19:53:52","date_gmt":"2019-07-18T17:53:52","guid":{"rendered":"https:\/\/pride.audio\/?page_id=14625"},"modified":"2024-03-12T12:16:18","modified_gmt":"2024-03-12T10:16:18","slug":"como-hacer-un-pedido","status":"publish","type":"page","link":"https:\/\/pride.audio\/es\/ayuda\/como-hacer-un-pedido\/","title":{"rendered":"C\u00f3mo hacer un pedido"},"content":{"rendered":"\n<p>Bienvenido, en primer lugar, nos gustar\u00eda aconsejarle que se registre en nuestro sitio web y obtenga un descuento instant\u00e1neo en su primer pedido &#8211; 10 USD. Nuestro sistema de bonificaciones Pride Car Audio Benefits le permitir\u00e1 realizar compras m\u00e1s rentables, acumular puntos y \u00a1aumentar su descuento de cumplea\u00f1os!<\/p>\n\n\n\n<h3 class=\"wp-block-heading\">Para hacer su pedido, tiene que hacer:<\/h3>\n\n\n\n<p><strong>1. Seleccionar productos<\/strong><br>Seleccione secuencialmente un grupo de productos. Aparece la p\u00e1gina For You, donde se muestran los productos, indicando los precios, as\u00ed como una peque\u00f1a foto y algunas de las caracter\u00edsticas m\u00e1s importantes. Haciendo clic en el enlace que muestra el modelo del producto, puede encontrar la lista m\u00e1s detallada de caracter\u00edsticas interesantes.<\/p>\n\n\n\n<p><strong>2. Poner art\u00edculos en la cesta de la compra<\/strong><br>Elija su modelo favorito y haga clic en &#8220;Comprar&#8221;. El producto se a\u00f1adir\u00e1 autom\u00e1ticamente a su cesta de la compra. Puede poner en la cesta cualquier n\u00famero de productos.<\/p>\n\n\n\n<p><strong>3. Su cesta<\/strong><br>Para hacer un pedido, vaya a &#8220;Cesta de la compra&#8221;. Revise su contenido. Puede cambiar la cantidad de art\u00edculos de la cesta o eliminar los que no necesite.<\/p>\n\n\n\n<p><strong>4. Haga su pedido<\/strong><br>Para realizar el pago, haga clic en el bot\u00f3n &#8220;Pago&#8221; e introduzca sus datos de contacto.<\/p>\n\n\n\n<p><strong>5. Aprovecha el sistema de bonificaciones<br><\/strong>\u00a1Aplica tu descuento personal o gasta bonificaciones por registrarte en nuestra web!<\/p>\n\n\n\n<p><strong>6. Elija un tipo de pago<\/strong><br>Despu\u00e9s de pulsar el bot\u00f3n &#8220;Enviar pedido&#8221;, tiene que pagar. Una vez recibido el pago, el pedido se entregar\u00e1 al servicio de mensajer\u00eda.<\/p>\n\n\n\n<p><strong>7. Env\u00edo de un pedido<\/strong><br>Despu\u00e9s de enviar su pedido, a\u00f1adiremos informaci\u00f3n sobre el env\u00edo a su cuenta personal &#8211; Sus pedidos.<\/p>\n\n\n\n<p>Si tiene alguna pregunta, p\u00f3ngase en contacto con nosotros: online@pride.audio<\/p>\n\n\n\n<p><\/p>\n","protected":false},"excerpt":{"rendered":"<p>Bienvenido, en primer lugar, nos gustar\u00eda aconsejarle que se registre en nuestro sitio web y obtenga un descuento instant\u00e1neo en su primer pedido &#8211; 10 USD. Nuestro sistema de bonificaciones Pride Car Audio Benefits le permitir\u00e1 realizar compras m\u00e1s rentables, acumular puntos y \u00a1aumentar su descuento de cumplea\u00f1os! Para hacer su pedido, tiene que hacer: [&hellip;]<\/p>\n","protected":false},"author":1,"featured_media":0,"parent":14617,"menu_order":0,"comment_status":"closed","ping_status":"closed","template":"page-templates\/knowledge-template.php","meta":{"inline_featured_image":false,"footnotes":""},"class_list":["post-14625","page","type-page","status-publish","hentry"],"acf":[],"yoast_head":"<!-- This site is optimized with the Yoast SEO plugin v27.3 - https:\/\/yoast.com\/product\/yoast-seo-wordpress\/ -->\n<title>C\u00f3mo hacer un pedido - Pride Audio. USA Online store<\/title>\n<meta name=\"robots\" content=\"index, follow, max-snippet:-1, max-image-preview:large, max-video-preview:-1\" \/>\n<link rel=\"canonical\" href=\"https:\/\/pride.audio\/es\/ayuda\/como-hacer-un-pedido\/\" \/>\n<meta property=\"og:locale\" content=\"es_ES\" \/>\n<meta property=\"og:type\" content=\"article\" \/>\n<meta property=\"og:title\" content=\"C\u00f3mo hacer un pedido - Pride Audio. USA Online store\" \/>\n<meta property=\"og:description\" content=\"Bienvenido, en primer lugar, nos gustar\u00eda aconsejarle que se registre en nuestro sitio web y obtenga un descuento instant\u00e1neo en su primer pedido &#8211; 10 USD. Nuestro sistema de bonificaciones Pride Car Audio Benefits le permitir\u00e1 realizar compras m\u00e1s rentables, acumular puntos y \u00a1aumentar su descuento de cumplea\u00f1os! Para hacer su pedido, tiene que hacer: [&hellip;]\" \/>\n<meta property=\"og:url\" content=\"https:\/\/pride.audio\/es\/ayuda\/como-hacer-un-pedido\/\" \/>\n<meta property=\"og:site_name\" content=\"Pride Audio. USA Online store\" \/>\n<meta property=\"article:modified_time\" content=\"2024-03-12T10:16:18+00:00\" \/>\n<meta name=\"twitter:card\" content=\"summary_large_image\" \/>\n<meta name=\"twitter:label1\" content=\"Tiempo de lectura\" \/>\n\t<meta name=\"twitter:data1\" content=\"2 minutos\" \/>\n<script type=\"application\/ld+json\" class=\"yoast-schema-graph\">{\"@context\":\"https:\\\/\\\/schema.org\",\"@graph\":[{\"@type\":\"WebPage\",\"@id\":\"https:\\\/\\\/pride.audio\\\/es\\\/ayuda\\\/como-hacer-un-pedido\\\/\",\"url\":\"https:\\\/\\\/pride.audio\\\/es\\\/ayuda\\\/como-hacer-un-pedido\\\/\",\"name\":\"C\u00f3mo hacer un pedido - Pride Audio. USA Online store\",\"isPartOf\":{\"@id\":\"https:\\\/\\\/pride.audio\\\/#website\"},\"datePublished\":\"2019-07-18T17:53:52+00:00\",\"dateModified\":\"2024-03-12T10:16:18+00:00\",\"breadcrumb\":{\"@id\":\"https:\\\/\\\/pride.audio\\\/es\\\/ayuda\\\/como-hacer-un-pedido\\\/#breadcrumb\"},\"inLanguage\":\"es\",\"potentialAction\":[{\"@type\":\"ReadAction\",\"target\":[\"https:\\\/\\\/pride.audio\\\/es\\\/ayuda\\\/como-hacer-un-pedido\\\/\"]}]},{\"@type\":\"BreadcrumbList\",\"@id\":\"https:\\\/\\\/pride.audio\\\/es\\\/ayuda\\\/como-hacer-un-pedido\\\/#breadcrumb\",\"itemListElement\":[{\"@type\":\"ListItem\",\"position\":1,\"name\":\"Home\",\"item\":\"https:\\\/\\\/pride.audio\\\/es\\\/\"},{\"@type\":\"ListItem\",\"position\":2,\"name\":\"Ayuda\",\"item\":\"https:\\\/\\\/pride.audio\\\/es\\\/ayuda\\\/\"},{\"@type\":\"ListItem\",\"position\":3,\"name\":\"C\u00f3mo hacer un pedido\"}]},{\"@type\":\"WebSite\",\"@id\":\"https:\\\/\\\/pride.audio\\\/#website\",\"url\":\"https:\\\/\\\/pride.audio\\\/\",\"name\":\"Pride Audio. USA Online store\",\"description\":\"Pride Car Audio: Official site\",\"publisher\":{\"@id\":\"https:\\\/\\\/pride.audio\\\/#organization\"},\"potentialAction\":[{\"@type\":\"SearchAction\",\"target\":{\"@type\":\"EntryPoint\",\"urlTemplate\":\"https:\\\/\\\/pride.audio\\\/?s={search_term_string}\"},\"query-input\":{\"@type\":\"PropertyValueSpecification\",\"valueRequired\":true,\"valueName\":\"search_term_string\"}}],\"inLanguage\":\"es\"},{\"@type\":\"Organization\",\"@id\":\"https:\\\/\\\/pride.audio\\\/#organization\",\"name\":\"Pride Audio. USA Online store\",\"url\":\"https:\\\/\\\/pride.audio\\\/\",\"logo\":{\"@type\":\"ImageObject\",\"inLanguage\":\"es\",\"@id\":\"https:\\\/\\\/pride.audio\\\/#\\\/schema\\\/logo\\\/image\\\/\",\"url\":\"https:\\\/\\\/pride.audio\\\/wp-content\\\/uploads\\\/2023\\\/08\\\/g10.svg\",\"contentUrl\":\"https:\\\/\\\/pride.audio\\\/wp-content\\\/uploads\\\/2023\\\/08\\\/g10.svg\",\"width\":158,\"height\":34,\"caption\":\"Pride Audio. USA Online store\"},\"image\":{\"@id\":\"https:\\\/\\\/pride.audio\\\/#\\\/schema\\\/logo\\\/image\\\/\"}}]}<\/script>\n<!-- \/ Yoast SEO plugin. -->","yoast_head_json":{"title":"C\u00f3mo hacer un pedido - Pride Audio. USA Online store","robots":{"index":"index","follow":"follow","max-snippet":"max-snippet:-1","max-image-preview":"max-image-preview:large","max-video-preview":"max-video-preview:-1"},"canonical":"https:\/\/pride.audio\/es\/ayuda\/como-hacer-un-pedido\/","og_locale":"es_ES","og_type":"article","og_title":"C\u00f3mo hacer un pedido - Pride Audio. USA Online store","og_description":"Bienvenido, en primer lugar, nos gustar\u00eda aconsejarle que se registre en nuestro sitio web y obtenga un descuento instant\u00e1neo en su primer pedido &#8211; 10 USD. Nuestro sistema de bonificaciones Pride Car Audio Benefits le permitir\u00e1 realizar compras m\u00e1s rentables, acumular puntos y \u00a1aumentar su descuento de cumplea\u00f1os! Para hacer su pedido, tiene que hacer: [&hellip;]","og_url":"https:\/\/pride.audio\/es\/ayuda\/como-hacer-un-pedido\/","og_site_name":"Pride Audio. USA Online store","article_modified_time":"2024-03-12T10:16:18+00:00","twitter_card":"summary_large_image","twitter_misc":{"Tiempo de lectura":"2 minutos"},"schema":{"@context":"https:\/\/schema.org","@graph":[{"@type":"WebPage","@id":"https:\/\/pride.audio\/es\/ayuda\/como-hacer-un-pedido\/","url":"https:\/\/pride.audio\/es\/ayuda\/como-hacer-un-pedido\/","name":"C\u00f3mo hacer un pedido - Pride Audio. USA Online store","isPartOf":{"@id":"https:\/\/pride.audio\/#website"},"datePublished":"2019-07-18T17:53:52+00:00","dateModified":"2024-03-12T10:16:18+00:00","breadcrumb":{"@id":"https:\/\/pride.audio\/es\/ayuda\/como-hacer-un-pedido\/#breadcrumb"},"inLanguage":"es","potentialAction":[{"@type":"ReadAction","target":["https:\/\/pride.audio\/es\/ayuda\/como-hacer-un-pedido\/"]}]},{"@type":"BreadcrumbList","@id":"https:\/\/pride.audio\/es\/ayuda\/como-hacer-un-pedido\/#breadcrumb","itemListElement":[{"@type":"ListItem","position":1,"name":"Home","item":"https:\/\/pride.audio\/es\/"},{"@type":"ListItem","position":2,"name":"Ayuda","item":"https:\/\/pride.audio\/es\/ayuda\/"},{"@type":"ListItem","position":3,"name":"C\u00f3mo hacer un pedido"}]},{"@type":"WebSite","@id":"https:\/\/pride.audio\/#website","url":"https:\/\/pride.audio\/","name":"Pride Audio. USA Online store","description":"Pride Car Audio: Official site","publisher":{"@id":"https:\/\/pride.audio\/#organization"},"potentialAction":[{"@type":"SearchAction","target":{"@type":"EntryPoint","urlTemplate":"https:\/\/pride.audio\/?s={search_term_string}"},"query-input":{"@type":"PropertyValueSpecification","valueRequired":true,"valueName":"search_term_string"}}],"inLanguage":"es"},{"@type":"Organization","@id":"https:\/\/pride.audio\/#organization","name":"Pride Audio. USA Online store","url":"https:\/\/pride.audio\/","logo":{"@type":"ImageObject","inLanguage":"es","@id":"https:\/\/pride.audio\/#\/schema\/logo\/image\/","url":"https:\/\/pride.audio\/wp-content\/uploads\/2023\/08\/g10.svg","contentUrl":"https:\/\/pride.audio\/wp-content\/uploads\/2023\/08\/g10.svg","width":158,"height":34,"caption":"Pride Audio. USA Online store"},"image":{"@id":"https:\/\/pride.audio\/#\/schema\/logo\/image\/"}}]}},"_links":{"self":[{"href":"https:\/\/pride.audio\/es\/wp-json\/wp\/v2\/pages\/14625","targetHints":{"allow":["GET"]}}],"collection":[{"href":"https:\/\/pride.audio\/es\/wp-json\/wp\/v2\/pages"}],"about":[{"href":"https:\/\/pride.audio\/es\/wp-json\/wp\/v2\/types\/page"}],"author":[{"embeddable":true,"href":"https:\/\/pride.audio\/es\/wp-json\/wp\/v2\/users\/1"}],"replies":[{"embeddable":true,"href":"https:\/\/pride.audio\/es\/wp-json\/wp\/v2\/comments?post=14625"}],"version-history":[{"count":0,"href":"https:\/\/pride.audio\/es\/wp-json\/wp\/v2\/pages\/14625\/revisions"}],"up":[{"embeddable":true,"href":"https:\/\/pride.audio\/es\/wp-json\/wp\/v2\/pages\/14617"}],"wp:attachment":[{"href":"https:\/\/pride.audio\/es\/wp-json\/wp\/v2\/media?parent=14625"}],"curies":[{"name":"wp","href":"https:\/\/api.w.org\/{rel}","templated":true}]}}