{"id":14623,"date":"2019-05-08T12:58:36","date_gmt":"2019-05-08T10:58:36","guid":{"rendered":"https:\/\/pride.audio\/?page_id=14623"},"modified":"2024-03-12T12:12:22","modified_gmt":"2024-03-12T10:12:22","slug":"preguntas-frecuentes-sobre-el-proceso-de-reparacion","status":"publish","type":"page","link":"https:\/\/pride.audio\/es\/ayuda\/preguntas-frecuentes-sobre-el-proceso-de-reparacion\/","title":{"rendered":"Preguntas frecuentes sobre el proceso de reparaci\u00f3n"},"content":{"rendered":"\n<p>El procedimiento de reparaci\u00f3n del Subwoofer, Ac\u00fastica significa la recuperaci\u00f3n t\u00e9cnica del altavoz a la condici\u00f3n (en mec\u00e1nica), que los clientes tienen en el principio despu\u00e9s de la compra.<\/p>\n\n\n\n<p>La lista de procedimientos incluye la instalaci\u00f3n del nuevo cono y Surround, ara\u00f1a con los cables rodeados, bobina de voz, Dustcap (opcional)<\/p>\n\n\n\n<p>Mientras que el proceso de reparaci\u00f3n que estamos utilizando s\u00f3lo aut\u00e9nticos adhesivos (materiales de uni\u00f3n), que tambi\u00e9n se utilizaron en la primera producci\u00f3n del producto. Todos los detalles o partes que se rompieron o necesitan ser reemplazados, ir\u00e1n a reciclar despu\u00e9s de la reparaci\u00f3n.<\/p>\n\n\n\n<p>La entrega del producto al lugar de la reparaci\u00f3n, que se encuentra en Kazan est\u00e1 bajo la responsabilidad del vendedor final y el env\u00edo se har\u00e1 despu\u00e9s del acuerdo completo con el comprador final. La regla obligatoria es pagar por la entrega &#8220;Puerta a Puerta&#8221;. Sin temor a favor, nos gustar\u00eda se\u00f1alar que el &#8220;Delovie Linii&#8221; Ltd es, probablemente, la empresa m\u00e1s fiable, que mantienen la excelencia del servicio, mediante la entrega de paquetes en el tiempo. El diagn\u00f3stico del producto incluye su desmontaje parcial o total con el fin de encontrar la pieza, que es la raz\u00f3n del mal funcionamiento. En algunos casos, por ejemplo, en el diagn\u00f3stico de subwoofers, el desmontaje de la parte m\u00f3vil no ser\u00e1 posible para la segunda instalaci\u00f3n.<\/p>\n\n\n\n<p>Pegamentos y resinas no pueden cambiar su condici\u00f3n de firme a l\u00edquido dentro de las unidades de altavoz, durante el cual ser\u00e1 m\u00e1s f\u00e1cil para el desmantelamiento, sin da\u00f1ar las partes m\u00e1s importantes. Por otro lado, sin el procedimiento de desmontaje no podremos encontrar algunos detalles espec\u00edficos sobre el problema, que pueden ser significativos en la elaboraci\u00f3n del informe final sobre la rotura. En resumen, usted tiene que evaluar sus posibilidades de los diagn\u00f3sticos complejos y por favor sea consciente de antemano acerca de la apertura del producto, que usted est\u00e1 comprando.<\/p>\n\n\n\n<p>El procedimiento de la reparaci\u00f3n del amplificador significa la b\u00fasqueda del problema y la soluci\u00f3n a este problema.<\/p>\n\n\n\n<p>El car\u00e1cter de la rotura asigna el tiempo de la reparaci\u00f3n y a veces la solicitud de los detalles de la reparaci\u00f3n puede ser necesaria, que no est\u00e1n en stock, pero necesario para la reconstrucci\u00f3n del producto. El motivo de la rotura s\u00f3lo se puede encontrar durante el control visual y a trav\u00e9s del diagn\u00f3stico, que ser\u00e1 realizado por nuestros profesionales.<\/p>\n\n\n\n<p>Nos gustar\u00eda prestar especial atenci\u00f3n al hecho de que, si el producto tendr\u00e1 cualquier signo de la penetraci\u00f3n lateral en el dispositivo de amplificaci\u00f3n o de otras partes &#8211; WON`T PROVIDE NING\u00daN SERVICIO DE GARANT\u00cdA en este caso.<\/p>\n\n\n\n<p>Este tipo de producto es considerado como un tipo de alta complejidad de los productos y nosotros, persuasivamente, recomendamos en caso de que los problemas se producen para enviar el producto a nuestro Departamento de Reparaci\u00f3n para el diagn\u00f3stico<\/p>\n\n\n\n<p>Todas las operaciones para encontrar los problemas y solucionarlos, sobre la base de nuestro departamento de reparaci\u00f3n, le ayudar\u00e1n a evitarlos en el futuro. Debido a la reparaci\u00f3n no profesional y as\u00ed sucesivamente, puede hacer frente a los servicios de reparaci\u00f3n sin garant\u00eda pagados y la reinstalaci\u00f3n de los detalles costosos, que antes eran buenos para trabajar para el Amplificador<\/p>\n\n\n\n<p>La entrega del producto al lugar de reparaci\u00f3n, que se encuentra en Kazan est\u00e1 bajo la responsabilidad del vendedor final y el env\u00edo se realizar\u00e1 despu\u00e9s del acuerdo completo con el comprador final. La regla obligatoria es pagar por la entrega &#8220;Puerta a Puerta&#8221;. Sin temor a favor, nos gustar\u00eda se\u00f1alar que el &#8220;Delovie Linii&#8221; Ltd es, probablemente, la empresa m\u00e1s fiable, que mantienen la excelencia del servicio, mediante la entrega de paquetes en el tiempo<\/p>\n\n\n\n<p>Si usted tiene alguna otra pregunta, por favor env\u00ede un mensaje con su pregunta en nuestro e-mail. Nuestra informaci\u00f3n de contacto se puede encontrar en la secci\u00f3n &#8220;Contacto&#8221;.<\/p>\n","protected":false},"excerpt":{"rendered":"<p>El procedimiento de reparaci\u00f3n del Subwoofer, Ac\u00fastica significa la recuperaci\u00f3n t\u00e9cnica del altavoz a la condici\u00f3n (en mec\u00e1nica), que los clientes tienen en el principio despu\u00e9s de la compra. La lista de procedimientos incluye la instalaci\u00f3n del nuevo cono y Surround, ara\u00f1a con los cables rodeados, bobina de voz, Dustcap (opcional) Mientras que el proceso [&hellip;]<\/p>\n","protected":false},"author":1,"featured_media":0,"parent":14617,"menu_order":0,"comment_status":"closed","ping_status":"closed","template":"page-templates\/knowledge-template.php","meta":{"inline_featured_image":false,"footnotes":""},"class_list":["post-14623","page","type-page","status-publish","hentry"],"acf":[],"yoast_head":"<!-- This site is optimized with the Yoast SEO plugin v27.2 - https:\/\/yoast.com\/product\/yoast-seo-wordpress\/ -->\n<title>Preguntas frecuentes sobre el proceso de reparaci\u00f3n - Pride Audio. USA Online store<\/title>\n<meta name=\"robots\" content=\"index, follow, max-snippet:-1, max-image-preview:large, max-video-preview:-1\" \/>\n<link rel=\"canonical\" href=\"https:\/\/pride.audio\/es\/ayuda\/preguntas-frecuentes-sobre-el-proceso-de-reparacion\/\" \/>\n<meta property=\"og:locale\" content=\"es_ES\" \/>\n<meta property=\"og:type\" content=\"article\" \/>\n<meta property=\"og:title\" content=\"Preguntas frecuentes sobre el proceso de reparaci\u00f3n - Pride Audio. USA Online store\" \/>\n<meta property=\"og:description\" content=\"El procedimiento de reparaci\u00f3n del Subwoofer, Ac\u00fastica significa la recuperaci\u00f3n t\u00e9cnica del altavoz a la condici\u00f3n (en mec\u00e1nica), que los clientes tienen en el principio despu\u00e9s de la compra. La lista de procedimientos incluye la instalaci\u00f3n del nuevo cono y Surround, ara\u00f1a con los cables rodeados, bobina de voz, Dustcap (opcional) Mientras que el proceso [&hellip;]\" \/>\n<meta property=\"og:url\" content=\"https:\/\/pride.audio\/es\/ayuda\/preguntas-frecuentes-sobre-el-proceso-de-reparacion\/\" \/>\n<meta property=\"og:site_name\" content=\"Pride Audio. USA Online store\" \/>\n<meta property=\"article:modified_time\" content=\"2024-03-12T10:12:22+00:00\" \/>\n<meta name=\"twitter:card\" content=\"summary_large_image\" \/>\n<meta name=\"twitter:label1\" content=\"Tiempo de lectura\" \/>\n\t<meta name=\"twitter:data1\" content=\"3 minutos\" \/>\n<script type=\"application\/ld+json\" class=\"yoast-schema-graph\">{\"@context\":\"https:\/\/schema.org\",\"@graph\":[{\"@type\":\"WebPage\",\"@id\":\"https:\/\/pride.audio\/es\/ayuda\/preguntas-frecuentes-sobre-el-proceso-de-reparacion\/\",\"url\":\"https:\/\/pride.audio\/es\/ayuda\/preguntas-frecuentes-sobre-el-proceso-de-reparacion\/\",\"name\":\"Preguntas frecuentes sobre el proceso de reparaci\u00f3n - Pride Audio. USA Online store\",\"isPartOf\":{\"@id\":\"https:\/\/pride.audio\/#website\"},\"datePublished\":\"2019-05-08T10:58:36+00:00\",\"dateModified\":\"2024-03-12T10:12:22+00:00\",\"breadcrumb\":{\"@id\":\"https:\/\/pride.audio\/es\/ayuda\/preguntas-frecuentes-sobre-el-proceso-de-reparacion\/#breadcrumb\"},\"inLanguage\":\"es\",\"potentialAction\":[{\"@type\":\"ReadAction\",\"target\":[\"https:\/\/pride.audio\/es\/ayuda\/preguntas-frecuentes-sobre-el-proceso-de-reparacion\/\"]}]},{\"@type\":\"BreadcrumbList\",\"@id\":\"https:\/\/pride.audio\/es\/ayuda\/preguntas-frecuentes-sobre-el-proceso-de-reparacion\/#breadcrumb\",\"itemListElement\":[{\"@type\":\"ListItem\",\"position\":1,\"name\":\"Home\",\"item\":\"https:\/\/pride.audio\/es\/\"},{\"@type\":\"ListItem\",\"position\":2,\"name\":\"Ayuda\",\"item\":\"https:\/\/pride.audio\/es\/ayuda\/\"},{\"@type\":\"ListItem\",\"position\":3,\"name\":\"Preguntas frecuentes sobre el proceso de reparaci\u00f3n\"}]},{\"@type\":\"WebSite\",\"@id\":\"https:\/\/pride.audio\/#website\",\"url\":\"https:\/\/pride.audio\/\",\"name\":\"Pride Audio. USA Online store\",\"description\":\"Pride Car Audio: Official site\",\"publisher\":{\"@id\":\"https:\/\/pride.audio\/#organization\"},\"potentialAction\":[{\"@type\":\"SearchAction\",\"target\":{\"@type\":\"EntryPoint\",\"urlTemplate\":\"https:\/\/pride.audio\/?s={search_term_string}\"},\"query-input\":{\"@type\":\"PropertyValueSpecification\",\"valueRequired\":true,\"valueName\":\"search_term_string\"}}],\"inLanguage\":\"es\"},{\"@type\":\"Organization\",\"@id\":\"https:\/\/pride.audio\/#organization\",\"name\":\"Pride Audio. USA Online store\",\"url\":\"https:\/\/pride.audio\/\",\"logo\":{\"@type\":\"ImageObject\",\"inLanguage\":\"es\",\"@id\":\"https:\/\/pride.audio\/#\/schema\/logo\/image\/\",\"url\":\"https:\/\/pride.audio\/wp-content\/uploads\/2023\/08\/g10.svg\",\"contentUrl\":\"https:\/\/pride.audio\/wp-content\/uploads\/2023\/08\/g10.svg\",\"width\":158,\"height\":34,\"caption\":\"Pride Audio. USA Online store\"},\"image\":{\"@id\":\"https:\/\/pride.audio\/#\/schema\/logo\/image\/\"}}]}<\/script>\n<!-- \/ Yoast SEO plugin. -->","yoast_head_json":{"title":"Preguntas frecuentes sobre el proceso de reparaci\u00f3n - Pride Audio. USA Online store","robots":{"index":"index","follow":"follow","max-snippet":"max-snippet:-1","max-image-preview":"max-image-preview:large","max-video-preview":"max-video-preview:-1"},"canonical":"https:\/\/pride.audio\/es\/ayuda\/preguntas-frecuentes-sobre-el-proceso-de-reparacion\/","og_locale":"es_ES","og_type":"article","og_title":"Preguntas frecuentes sobre el proceso de reparaci\u00f3n - Pride Audio. USA Online store","og_description":"El procedimiento de reparaci\u00f3n del Subwoofer, Ac\u00fastica significa la recuperaci\u00f3n t\u00e9cnica del altavoz a la condici\u00f3n (en mec\u00e1nica), que los clientes tienen en el principio despu\u00e9s de la compra. La lista de procedimientos incluye la instalaci\u00f3n del nuevo cono y Surround, ara\u00f1a con los cables rodeados, bobina de voz, Dustcap (opcional) Mientras que el proceso [&hellip;]","og_url":"https:\/\/pride.audio\/es\/ayuda\/preguntas-frecuentes-sobre-el-proceso-de-reparacion\/","og_site_name":"Pride Audio. USA Online store","article_modified_time":"2024-03-12T10:12:22+00:00","twitter_card":"summary_large_image","twitter_misc":{"Tiempo de lectura":"3 minutos"},"schema":{"@context":"https:\/\/schema.org","@graph":[{"@type":"WebPage","@id":"https:\/\/pride.audio\/es\/ayuda\/preguntas-frecuentes-sobre-el-proceso-de-reparacion\/","url":"https:\/\/pride.audio\/es\/ayuda\/preguntas-frecuentes-sobre-el-proceso-de-reparacion\/","name":"Preguntas frecuentes sobre el proceso de reparaci\u00f3n - Pride Audio. USA Online store","isPartOf":{"@id":"https:\/\/pride.audio\/#website"},"datePublished":"2019-05-08T10:58:36+00:00","dateModified":"2024-03-12T10:12:22+00:00","breadcrumb":{"@id":"https:\/\/pride.audio\/es\/ayuda\/preguntas-frecuentes-sobre-el-proceso-de-reparacion\/#breadcrumb"},"inLanguage":"es","potentialAction":[{"@type":"ReadAction","target":["https:\/\/pride.audio\/es\/ayuda\/preguntas-frecuentes-sobre-el-proceso-de-reparacion\/"]}]},{"@type":"BreadcrumbList","@id":"https:\/\/pride.audio\/es\/ayuda\/preguntas-frecuentes-sobre-el-proceso-de-reparacion\/#breadcrumb","itemListElement":[{"@type":"ListItem","position":1,"name":"Home","item":"https:\/\/pride.audio\/es\/"},{"@type":"ListItem","position":2,"name":"Ayuda","item":"https:\/\/pride.audio\/es\/ayuda\/"},{"@type":"ListItem","position":3,"name":"Preguntas frecuentes sobre el proceso de reparaci\u00f3n"}]},{"@type":"WebSite","@id":"https:\/\/pride.audio\/#website","url":"https:\/\/pride.audio\/","name":"Pride Audio. USA Online store","description":"Pride Car Audio: Official site","publisher":{"@id":"https:\/\/pride.audio\/#organization"},"potentialAction":[{"@type":"SearchAction","target":{"@type":"EntryPoint","urlTemplate":"https:\/\/pride.audio\/?s={search_term_string}"},"query-input":{"@type":"PropertyValueSpecification","valueRequired":true,"valueName":"search_term_string"}}],"inLanguage":"es"},{"@type":"Organization","@id":"https:\/\/pride.audio\/#organization","name":"Pride Audio. USA Online store","url":"https:\/\/pride.audio\/","logo":{"@type":"ImageObject","inLanguage":"es","@id":"https:\/\/pride.audio\/#\/schema\/logo\/image\/","url":"https:\/\/pride.audio\/wp-content\/uploads\/2023\/08\/g10.svg","contentUrl":"https:\/\/pride.audio\/wp-content\/uploads\/2023\/08\/g10.svg","width":158,"height":34,"caption":"Pride Audio. USA Online store"},"image":{"@id":"https:\/\/pride.audio\/#\/schema\/logo\/image\/"}}]}},"_links":{"self":[{"href":"https:\/\/pride.audio\/es\/wp-json\/wp\/v2\/pages\/14623","targetHints":{"allow":["GET"]}}],"collection":[{"href":"https:\/\/pride.audio\/es\/wp-json\/wp\/v2\/pages"}],"about":[{"href":"https:\/\/pride.audio\/es\/wp-json\/wp\/v2\/types\/page"}],"author":[{"embeddable":true,"href":"https:\/\/pride.audio\/es\/wp-json\/wp\/v2\/users\/1"}],"replies":[{"embeddable":true,"href":"https:\/\/pride.audio\/es\/wp-json\/wp\/v2\/comments?post=14623"}],"version-history":[{"count":0,"href":"https:\/\/pride.audio\/es\/wp-json\/wp\/v2\/pages\/14623\/revisions"}],"up":[{"embeddable":true,"href":"https:\/\/pride.audio\/es\/wp-json\/wp\/v2\/pages\/14617"}],"wp:attachment":[{"href":"https:\/\/pride.audio\/es\/wp-json\/wp\/v2\/media?parent=14623"}],"curies":[{"name":"wp","href":"https:\/\/api.w.org\/{rel}","templated":true}]}}