{"id":14621,"date":"2022-09-10T10:49:05","date_gmt":"2022-09-10T15:49:05","guid":{"rendered":"https:\/\/pride.audio\/?page_id=14621"},"modified":"2025-08-30T23:25:41","modified_gmt":"2025-08-31T04:25:41","slug":"politica-de-reembolso-en-ee-uu","status":"publish","type":"page","link":"https:\/\/pride.audio\/es\/politica-de-reembolso-en-ee-uu\/","title":{"rendered":"Pol\u00edtica de reembolso en EE.UU."},"content":{"rendered":"\n<p><strong>\u00bfC\u00f3mo puedo devolver un art\u00edculo comprado en una tienda online?<\/strong><\/p>\n\n\n\n<p>Tienes derecho a anular un pedido realizado en nuestra tienda online en un plazo de 14 d\u00edas naturales a partir de la fecha de recepci\u00f3n de la mercanc\u00eda. Para ello, debe<\/p>\n\n\n\n<p>Rellenar el formulario de devoluci\u00f3n. Puede hacerlo en un ordenador o a mano, y si no puede imprimir el formulario, env\u00edelo a online@pride.audio con la indicaci\u00f3n &#8220;Devoluci\u00f3n a la tienda en l\u00ednea&#8221;. El formulario de devoluci\u00f3n est\u00e1 disponible en ingl\u00e9s.<br>Elija el m\u00e9todo de devoluci\u00f3n que m\u00e1s le convenga. Los productos solicitados pueden devolverse a la tienda por mensajer\u00eda o a trav\u00e9s de una m\u00e1quina de paqueter\u00eda .<br>Si todo est\u00e1 en orden con el\/los producto(s) (el producto debe ser devuelto intacto y empaquetado), el dinero ser\u00e1 devuelto a la misma cuenta desde la que se realiz\u00f3 el pago, a m\u00e1s tardar en un plazo de 14 d\u00edas naturales a partir de la fecha de recepci\u00f3n de la mercanc\u00eda por nuestra parte.<br>la mercanc\u00eda debe ser enviada por cuenta del cliente y recibida por nosotros. Aseg\u00farese de utilizar los datos para enviar:<\/p>\n\n\n\n<p><\/p>\n\n\n\n<p><strong>Es imposible volver:<\/strong><\/p>\n\n\n\n<p>Productos da\u00f1ados por culpa del cliente, con restos de instalaci\u00f3n, montaje;<br>Productos con la caja da\u00f1ada;<br>Cosas hechas teniendo en cuenta las necesidades personales del Comprador;<br>Art\u00edculos hechos de acuerdo con las condiciones proporcionadas por el Comprador;<\/p>\n","protected":false},"excerpt":{"rendered":"<p>\u00bfC\u00f3mo puedo devolver un art\u00edculo comprado en una tienda online? Tienes derecho a anular un pedido realizado en nuestra tienda online en un plazo de 14 d\u00edas naturales a partir de la fecha de recepci\u00f3n de la mercanc\u00eda. Para ello, debe Rellenar el formulario de devoluci\u00f3n. Puede hacerlo en un ordenador o a mano, y [&hellip;]<\/p>\n","protected":false},"author":1,"featured_media":0,"parent":0,"menu_order":0,"comment_status":"closed","ping_status":"closed","template":"page-templates\/knowledge-template.php","meta":{"inline_featured_image":false,"footnotes":""},"class_list":["post-14621","page","type-page","status-publish","hentry"],"acf":[],"yoast_head":"<!-- This site is optimized with the Yoast SEO plugin v27.3 - https:\/\/yoast.com\/product\/yoast-seo-wordpress\/ -->\n<title>Pol\u00edtica de reembolso en EE.UU. - Pride Audio. USA Online store<\/title>\n<meta name=\"robots\" content=\"index, follow, max-snippet:-1, max-image-preview:large, max-video-preview:-1\" \/>\n<link rel=\"canonical\" href=\"https:\/\/pride.audio\/es\/politica-de-reembolso-en-ee-uu\/\" \/>\n<meta property=\"og:locale\" content=\"es_ES\" \/>\n<meta property=\"og:type\" content=\"article\" \/>\n<meta property=\"og:title\" content=\"Pol\u00edtica de reembolso en EE.UU. - Pride Audio. USA Online store\" \/>\n<meta property=\"og:description\" content=\"\u00bfC\u00f3mo puedo devolver un art\u00edculo comprado en una tienda online? Tienes derecho a anular un pedido realizado en nuestra tienda online en un plazo de 14 d\u00edas naturales a partir de la fecha de recepci\u00f3n de la mercanc\u00eda. Para ello, debe Rellenar el formulario de devoluci\u00f3n. Puede hacerlo en un ordenador o a mano, y [&hellip;]\" \/>\n<meta property=\"og:url\" content=\"https:\/\/pride.audio\/es\/politica-de-reembolso-en-ee-uu\/\" \/>\n<meta property=\"og:site_name\" content=\"Pride Audio. USA Online store\" \/>\n<meta property=\"article:modified_time\" content=\"2025-08-31T04:25:41+00:00\" \/>\n<meta name=\"twitter:card\" content=\"summary_large_image\" \/>\n<meta name=\"twitter:label1\" content=\"Tiempo de lectura\" \/>\n\t<meta name=\"twitter:data1\" content=\"1 minuto\" \/>\n<script type=\"application\/ld+json\" class=\"yoast-schema-graph\">{\"@context\":\"https:\\\/\\\/schema.org\",\"@graph\":[{\"@type\":\"WebPage\",\"@id\":\"https:\\\/\\\/pride.audio\\\/es\\\/politica-de-reembolso-en-ee-uu\\\/\",\"url\":\"https:\\\/\\\/pride.audio\\\/es\\\/politica-de-reembolso-en-ee-uu\\\/\",\"name\":\"Pol\u00edtica de reembolso en EE.UU. - Pride Audio. USA Online store\",\"isPartOf\":{\"@id\":\"https:\\\/\\\/pride.audio\\\/#website\"},\"datePublished\":\"2022-09-10T15:49:05+00:00\",\"dateModified\":\"2025-08-31T04:25:41+00:00\",\"breadcrumb\":{\"@id\":\"https:\\\/\\\/pride.audio\\\/es\\\/politica-de-reembolso-en-ee-uu\\\/#breadcrumb\"},\"inLanguage\":\"es\",\"potentialAction\":[{\"@type\":\"ReadAction\",\"target\":[\"https:\\\/\\\/pride.audio\\\/es\\\/politica-de-reembolso-en-ee-uu\\\/\"]}]},{\"@type\":\"BreadcrumbList\",\"@id\":\"https:\\\/\\\/pride.audio\\\/es\\\/politica-de-reembolso-en-ee-uu\\\/#breadcrumb\",\"itemListElement\":[{\"@type\":\"ListItem\",\"position\":1,\"name\":\"Home\",\"item\":\"https:\\\/\\\/pride.audio\\\/es\\\/\"},{\"@type\":\"ListItem\",\"position\":2,\"name\":\"Pol\u00edtica de reembolso en EE.UU.\"}]},{\"@type\":\"WebSite\",\"@id\":\"https:\\\/\\\/pride.audio\\\/#website\",\"url\":\"https:\\\/\\\/pride.audio\\\/\",\"name\":\"Pride Audio. USA Online store\",\"description\":\"Pride Car Audio: Official site\",\"publisher\":{\"@id\":\"https:\\\/\\\/pride.audio\\\/#organization\"},\"potentialAction\":[{\"@type\":\"SearchAction\",\"target\":{\"@type\":\"EntryPoint\",\"urlTemplate\":\"https:\\\/\\\/pride.audio\\\/?s={search_term_string}\"},\"query-input\":{\"@type\":\"PropertyValueSpecification\",\"valueRequired\":true,\"valueName\":\"search_term_string\"}}],\"inLanguage\":\"es\"},{\"@type\":\"Organization\",\"@id\":\"https:\\\/\\\/pride.audio\\\/#organization\",\"name\":\"Pride Audio. USA Online store\",\"url\":\"https:\\\/\\\/pride.audio\\\/\",\"logo\":{\"@type\":\"ImageObject\",\"inLanguage\":\"es\",\"@id\":\"https:\\\/\\\/pride.audio\\\/#\\\/schema\\\/logo\\\/image\\\/\",\"url\":\"https:\\\/\\\/pride.audio\\\/wp-content\\\/uploads\\\/2023\\\/08\\\/g10.svg\",\"contentUrl\":\"https:\\\/\\\/pride.audio\\\/wp-content\\\/uploads\\\/2023\\\/08\\\/g10.svg\",\"width\":158,\"height\":34,\"caption\":\"Pride Audio. USA Online store\"},\"image\":{\"@id\":\"https:\\\/\\\/pride.audio\\\/#\\\/schema\\\/logo\\\/image\\\/\"}}]}<\/script>\n<!-- \/ Yoast SEO plugin. -->","yoast_head_json":{"title":"Pol\u00edtica de reembolso en EE.UU. - Pride Audio. USA Online store","robots":{"index":"index","follow":"follow","max-snippet":"max-snippet:-1","max-image-preview":"max-image-preview:large","max-video-preview":"max-video-preview:-1"},"canonical":"https:\/\/pride.audio\/es\/politica-de-reembolso-en-ee-uu\/","og_locale":"es_ES","og_type":"article","og_title":"Pol\u00edtica de reembolso en EE.UU. - Pride Audio. USA Online store","og_description":"\u00bfC\u00f3mo puedo devolver un art\u00edculo comprado en una tienda online? Tienes derecho a anular un pedido realizado en nuestra tienda online en un plazo de 14 d\u00edas naturales a partir de la fecha de recepci\u00f3n de la mercanc\u00eda. Para ello, debe Rellenar el formulario de devoluci\u00f3n. Puede hacerlo en un ordenador o a mano, y [&hellip;]","og_url":"https:\/\/pride.audio\/es\/politica-de-reembolso-en-ee-uu\/","og_site_name":"Pride Audio. USA Online store","article_modified_time":"2025-08-31T04:25:41+00:00","twitter_card":"summary_large_image","twitter_misc":{"Tiempo de lectura":"1 minuto"},"schema":{"@context":"https:\/\/schema.org","@graph":[{"@type":"WebPage","@id":"https:\/\/pride.audio\/es\/politica-de-reembolso-en-ee-uu\/","url":"https:\/\/pride.audio\/es\/politica-de-reembolso-en-ee-uu\/","name":"Pol\u00edtica de reembolso en EE.UU. - Pride Audio. USA Online store","isPartOf":{"@id":"https:\/\/pride.audio\/#website"},"datePublished":"2022-09-10T15:49:05+00:00","dateModified":"2025-08-31T04:25:41+00:00","breadcrumb":{"@id":"https:\/\/pride.audio\/es\/politica-de-reembolso-en-ee-uu\/#breadcrumb"},"inLanguage":"es","potentialAction":[{"@type":"ReadAction","target":["https:\/\/pride.audio\/es\/politica-de-reembolso-en-ee-uu\/"]}]},{"@type":"BreadcrumbList","@id":"https:\/\/pride.audio\/es\/politica-de-reembolso-en-ee-uu\/#breadcrumb","itemListElement":[{"@type":"ListItem","position":1,"name":"Home","item":"https:\/\/pride.audio\/es\/"},{"@type":"ListItem","position":2,"name":"Pol\u00edtica de reembolso en EE.UU."}]},{"@type":"WebSite","@id":"https:\/\/pride.audio\/#website","url":"https:\/\/pride.audio\/","name":"Pride Audio. USA Online store","description":"Pride Car Audio: Official site","publisher":{"@id":"https:\/\/pride.audio\/#organization"},"potentialAction":[{"@type":"SearchAction","target":{"@type":"EntryPoint","urlTemplate":"https:\/\/pride.audio\/?s={search_term_string}"},"query-input":{"@type":"PropertyValueSpecification","valueRequired":true,"valueName":"search_term_string"}}],"inLanguage":"es"},{"@type":"Organization","@id":"https:\/\/pride.audio\/#organization","name":"Pride Audio. USA Online store","url":"https:\/\/pride.audio\/","logo":{"@type":"ImageObject","inLanguage":"es","@id":"https:\/\/pride.audio\/#\/schema\/logo\/image\/","url":"https:\/\/pride.audio\/wp-content\/uploads\/2023\/08\/g10.svg","contentUrl":"https:\/\/pride.audio\/wp-content\/uploads\/2023\/08\/g10.svg","width":158,"height":34,"caption":"Pride Audio. USA Online store"},"image":{"@id":"https:\/\/pride.audio\/#\/schema\/logo\/image\/"}}]}},"_links":{"self":[{"href":"https:\/\/pride.audio\/es\/wp-json\/wp\/v2\/pages\/14621","targetHints":{"allow":["GET"]}}],"collection":[{"href":"https:\/\/pride.audio\/es\/wp-json\/wp\/v2\/pages"}],"about":[{"href":"https:\/\/pride.audio\/es\/wp-json\/wp\/v2\/types\/page"}],"author":[{"embeddable":true,"href":"https:\/\/pride.audio\/es\/wp-json\/wp\/v2\/users\/1"}],"replies":[{"embeddable":true,"href":"https:\/\/pride.audio\/es\/wp-json\/wp\/v2\/comments?post=14621"}],"version-history":[{"count":0,"href":"https:\/\/pride.audio\/es\/wp-json\/wp\/v2\/pages\/14621\/revisions"}],"wp:attachment":[{"href":"https:\/\/pride.audio\/es\/wp-json\/wp\/v2\/media?parent=14621"}],"curies":[{"name":"wp","href":"https:\/\/api.w.org\/{rel}","templated":true}]}}