{"id":14609,"date":"2022-09-10T10:00:10","date_gmt":"2022-09-10T15:00:10","guid":{"rendered":"https:\/\/pride.audio\/?page_id=14609"},"modified":"2024-03-12T11:38:18","modified_gmt":"2024-03-12T09:38:18","slug":"formas-de-pago","status":"publish","type":"page","link":"https:\/\/pride.audio\/es\/ayuda\/formas-de-pago\/","title":{"rendered":"Formas de pago"},"content":{"rendered":"\n<p><strong>Aceptamos las siguientes formas de pago:<\/strong><\/p>\n\n\n\n<ol class=\"wp-block-list\">\n<li>Visa, MasterCard (d\u00e9bito o cr\u00e9dito)<\/li>\n\n\n\n<li>Paypal<\/li>\n<\/ol>\n\n\n\n<p><strong>Notes:<\/strong><\/p>\n\n\n\n<ol class=\"wp-block-list\">\n<li>No se pueden combinar diferentes formas de pago, y s\u00f3lo se puede utilizar una tarjeta bancaria para cada pedido.<\/li>\n\n\n\n<li>Si se produce una disputa de PayPal antes del env\u00edo, PayPal retendr\u00e1 el pago, oblig\u00e1ndonos a retener el pedido. Por favor, resuelva la disputa para proceder con el pedido.<\/li>\n\n\n\n<li>Al pagar con paypal, se toma una comisi\u00f3n adicional de este sistema.<\/li>\n\n\n\n<li>P\u00f3ngase en contacto con nuestro servicio de atenci\u00f3n al cliente en l\u00ednea en <a href=\"mailto:online@pride.audio\">online@pride.audio<\/a> si tiene alg\u00fan problema con el pago.<\/li>\n<\/ol>\n","protected":false},"excerpt":{"rendered":"<p>Aceptamos las siguientes formas de pago: Notes:<\/p>\n","protected":false},"author":1,"featured_media":0,"parent":14617,"menu_order":0,"comment_status":"closed","ping_status":"closed","template":"page-templates\/knowledge-template.php","meta":{"inline_featured_image":false,"footnotes":""},"class_list":["post-14609","page","type-page","status-publish","hentry"],"acf":[],"yoast_head":"<!-- This site is optimized with the Yoast SEO plugin v27.3 - https:\/\/yoast.com\/product\/yoast-seo-wordpress\/ -->\n<title>Formas de pago - Pride Audio. USA Online store<\/title>\n<meta name=\"robots\" content=\"index, follow, max-snippet:-1, max-image-preview:large, max-video-preview:-1\" \/>\n<link rel=\"canonical\" href=\"https:\/\/pride.audio\/es\/formas-de-pago\/\" \/>\n<meta property=\"og:locale\" content=\"es_ES\" \/>\n<meta property=\"og:type\" content=\"article\" \/>\n<meta property=\"og:title\" content=\"Formas de pago - Pride Audio. USA Online store\" \/>\n<meta property=\"og:description\" content=\"Aceptamos las siguientes formas de pago: Notes:\" \/>\n<meta property=\"og:url\" content=\"https:\/\/pride.audio\/es\/formas-de-pago\/\" \/>\n<meta property=\"og:site_name\" content=\"Pride Audio. USA Online store\" \/>\n<meta property=\"article:modified_time\" content=\"2024-03-12T09:38:18+00:00\" \/>\n<meta name=\"twitter:card\" content=\"summary_large_image\" \/>\n<meta name=\"twitter:label1\" content=\"Tiempo de lectura\" \/>\n\t<meta name=\"twitter:data1\" content=\"1 minuto\" \/>\n<script type=\"application\/ld+json\" class=\"yoast-schema-graph\">{\"@context\":\"https:\\\/\\\/schema.org\",\"@graph\":[{\"@type\":\"WebPage\",\"@id\":\"https:\\\/\\\/pride.audio\\\/es\\\/formas-de-pago\\\/\",\"url\":\"https:\\\/\\\/pride.audio\\\/es\\\/formas-de-pago\\\/\",\"name\":\"Formas de pago - Pride Audio. USA Online store\",\"isPartOf\":{\"@id\":\"https:\\\/\\\/pride.audio\\\/#website\"},\"datePublished\":\"2022-09-10T15:00:10+00:00\",\"dateModified\":\"2024-03-12T09:38:18+00:00\",\"breadcrumb\":{\"@id\":\"https:\\\/\\\/pride.audio\\\/es\\\/formas-de-pago\\\/#breadcrumb\"},\"inLanguage\":\"es\",\"potentialAction\":[{\"@type\":\"ReadAction\",\"target\":[\"https:\\\/\\\/pride.audio\\\/es\\\/formas-de-pago\\\/\"]}]},{\"@type\":\"BreadcrumbList\",\"@id\":\"https:\\\/\\\/pride.audio\\\/es\\\/formas-de-pago\\\/#breadcrumb\",\"itemListElement\":[{\"@type\":\"ListItem\",\"position\":1,\"name\":\"Home\",\"item\":\"https:\\\/\\\/pride.audio\\\/es\\\/\"},{\"@type\":\"ListItem\",\"position\":2,\"name\":\"Formas de pago\"}]},{\"@type\":\"WebSite\",\"@id\":\"https:\\\/\\\/pride.audio\\\/#website\",\"url\":\"https:\\\/\\\/pride.audio\\\/\",\"name\":\"Pride Audio. USA Online store\",\"description\":\"Pride Car Audio: Official site\",\"publisher\":{\"@id\":\"https:\\\/\\\/pride.audio\\\/#organization\"},\"potentialAction\":[{\"@type\":\"SearchAction\",\"target\":{\"@type\":\"EntryPoint\",\"urlTemplate\":\"https:\\\/\\\/pride.audio\\\/?s={search_term_string}\"},\"query-input\":{\"@type\":\"PropertyValueSpecification\",\"valueRequired\":true,\"valueName\":\"search_term_string\"}}],\"inLanguage\":\"es\"},{\"@type\":\"Organization\",\"@id\":\"https:\\\/\\\/pride.audio\\\/#organization\",\"name\":\"Pride Audio. USA Online store\",\"url\":\"https:\\\/\\\/pride.audio\\\/\",\"logo\":{\"@type\":\"ImageObject\",\"inLanguage\":\"es\",\"@id\":\"https:\\\/\\\/pride.audio\\\/#\\\/schema\\\/logo\\\/image\\\/\",\"url\":\"https:\\\/\\\/pride.audio\\\/wp-content\\\/uploads\\\/2023\\\/08\\\/g10.svg\",\"contentUrl\":\"https:\\\/\\\/pride.audio\\\/wp-content\\\/uploads\\\/2023\\\/08\\\/g10.svg\",\"width\":158,\"height\":34,\"caption\":\"Pride Audio. USA Online store\"},\"image\":{\"@id\":\"https:\\\/\\\/pride.audio\\\/#\\\/schema\\\/logo\\\/image\\\/\"}}]}<\/script>\n<!-- \/ Yoast SEO plugin. -->","yoast_head_json":{"title":"Formas de pago - Pride Audio. USA Online store","robots":{"index":"index","follow":"follow","max-snippet":"max-snippet:-1","max-image-preview":"max-image-preview:large","max-video-preview":"max-video-preview:-1"},"canonical":"https:\/\/pride.audio\/es\/formas-de-pago\/","og_locale":"es_ES","og_type":"article","og_title":"Formas de pago - Pride Audio. USA Online store","og_description":"Aceptamos las siguientes formas de pago: Notes:","og_url":"https:\/\/pride.audio\/es\/formas-de-pago\/","og_site_name":"Pride Audio. USA Online store","article_modified_time":"2024-03-12T09:38:18+00:00","twitter_card":"summary_large_image","twitter_misc":{"Tiempo de lectura":"1 minuto"},"schema":{"@context":"https:\/\/schema.org","@graph":[{"@type":"WebPage","@id":"https:\/\/pride.audio\/es\/formas-de-pago\/","url":"https:\/\/pride.audio\/es\/formas-de-pago\/","name":"Formas de pago - Pride Audio. USA Online store","isPartOf":{"@id":"https:\/\/pride.audio\/#website"},"datePublished":"2022-09-10T15:00:10+00:00","dateModified":"2024-03-12T09:38:18+00:00","breadcrumb":{"@id":"https:\/\/pride.audio\/es\/formas-de-pago\/#breadcrumb"},"inLanguage":"es","potentialAction":[{"@type":"ReadAction","target":["https:\/\/pride.audio\/es\/formas-de-pago\/"]}]},{"@type":"BreadcrumbList","@id":"https:\/\/pride.audio\/es\/formas-de-pago\/#breadcrumb","itemListElement":[{"@type":"ListItem","position":1,"name":"Home","item":"https:\/\/pride.audio\/es\/"},{"@type":"ListItem","position":2,"name":"Formas de pago"}]},{"@type":"WebSite","@id":"https:\/\/pride.audio\/#website","url":"https:\/\/pride.audio\/","name":"Pride Audio. USA Online store","description":"Pride Car Audio: Official site","publisher":{"@id":"https:\/\/pride.audio\/#organization"},"potentialAction":[{"@type":"SearchAction","target":{"@type":"EntryPoint","urlTemplate":"https:\/\/pride.audio\/?s={search_term_string}"},"query-input":{"@type":"PropertyValueSpecification","valueRequired":true,"valueName":"search_term_string"}}],"inLanguage":"es"},{"@type":"Organization","@id":"https:\/\/pride.audio\/#organization","name":"Pride Audio. USA Online store","url":"https:\/\/pride.audio\/","logo":{"@type":"ImageObject","inLanguage":"es","@id":"https:\/\/pride.audio\/#\/schema\/logo\/image\/","url":"https:\/\/pride.audio\/wp-content\/uploads\/2023\/08\/g10.svg","contentUrl":"https:\/\/pride.audio\/wp-content\/uploads\/2023\/08\/g10.svg","width":158,"height":34,"caption":"Pride Audio. USA Online store"},"image":{"@id":"https:\/\/pride.audio\/#\/schema\/logo\/image\/"}}]}},"_links":{"self":[{"href":"https:\/\/pride.audio\/es\/wp-json\/wp\/v2\/pages\/14609","targetHints":{"allow":["GET"]}}],"collection":[{"href":"https:\/\/pride.audio\/es\/wp-json\/wp\/v2\/pages"}],"about":[{"href":"https:\/\/pride.audio\/es\/wp-json\/wp\/v2\/types\/page"}],"author":[{"embeddable":true,"href":"https:\/\/pride.audio\/es\/wp-json\/wp\/v2\/users\/1"}],"replies":[{"embeddable":true,"href":"https:\/\/pride.audio\/es\/wp-json\/wp\/v2\/comments?post=14609"}],"version-history":[{"count":0,"href":"https:\/\/pride.audio\/es\/wp-json\/wp\/v2\/pages\/14609\/revisions"}],"up":[{"embeddable":true,"href":"https:\/\/pride.audio\/es\/wp-json\/wp\/v2\/pages\/14617"}],"wp:attachment":[{"href":"https:\/\/pride.audio\/es\/wp-json\/wp\/v2\/media?parent=14609"}],"curies":[{"name":"wp","href":"https:\/\/api.w.org\/{rel}","templated":true}]}}