{"id":14584,"date":"2022-09-10T10:03:32","date_gmt":"2022-09-10T08:03:32","guid":{"rendered":"https:\/\/pride.audio\/?page_id=14584"},"modified":"2024-03-12T11:16:29","modified_gmt":"2024-03-12T09:16:29","slug":"cuestiones-generales","status":"publish","type":"page","link":"https:\/\/pride.audio\/es\/cuestiones-generales\/","title":{"rendered":"Cuestiones generales"},"content":{"rendered":"<section class=\"faq faq--lmod faq--sm\">\r\n    <div class=\"container\">\r\n        <h2 class=\"faq__title\" data1-aos=\"fade-up\" data1-aos-duration=\"1000\"><\/h2>\r\n        <div class=\"faq__accordeons\">\r\n                            <div class=\"faq__item faq--lmod__item\" data-aos1=\"fade-up\" data-aos1-delay=\"0\">\r\n                    <span data-toggle=\"collapse\" class=\"faq__toggle\" aria-expanded=\"false\">\r\n                        <div class=\"faq__question\">Plazo de entrega<\/div>\r\n                        <div class=\"faq__icon\">\r\n                            <div class=\"icon\"><\/div>\r\n                        <\/div>\r\n                    <\/span>\r\n                    <div class=\"faq__content\" aria-expanded=\"false\">\r\n                        <div class=\"faq__wrapper\">Nuestra tienda cuenta con una amplia lista de productos. Cuando hagas compras en pride.audio y encuentres el producto que te gusta, mira en la pesta\u00f1a &#8220;Disponibilidad&#8221; para saber el plazo de entrega del producto o para estar seguro de su disponibilidad inmediata.\r\nSi el producto est\u00e1 en stock, lo enviaremos de forma conveniente en un plazo de 1-3 d\u00edas laborables a partir de la fecha de pago para los pa\u00edses de la Uni\u00f3n Europea y en un plazo de 3-5 d\u00edas laborables para los pa\u00edses fuera de la Uni\u00f3n Europea. Este tiempo es necesario para la preparaci\u00f3n de los documentos y todas las formalidades.<\/div>\r\n                    <\/div>\r\n                <\/div>\r\n                            <div class=\"faq__item faq--lmod__item\" data-aos1=\"fade-up\" data-aos1-delay=\"200\">\r\n                    <span data-toggle=\"collapse\" class=\"faq__toggle\" aria-expanded=\"false\">\r\n                        <div class=\"faq__question\">No puedo acceder a mi cuenta<\/div>\r\n                        <div class=\"faq__icon\">\r\n                            <div class=\"icon\"><\/div>\r\n                        <\/div>\r\n                    <\/span>\r\n                    <div class=\"faq__content\" aria-expanded=\"false\">\r\n                        <div class=\"faq__wrapper\">Try to recover the password, you may have forgotten.\r\nIf this did not help, then you can write a request to the email and we will help you\r\n<a href=\"mailto:online@pride.audio\">online@pride.audio<\/a><\/div>\r\n                    <\/div>\r\n                <\/div>\r\n                            <div class=\"faq__item faq--lmod__item\" data-aos1=\"fade-up\" data-aos1-delay=\"400\">\r\n                    <span data-toggle=\"collapse\" class=\"faq__toggle\" aria-expanded=\"false\">\r\n                        <div class=\"faq__question\">\u00bfC\u00f3mo puedo eliminar un pedido de la cesta de la compra?<\/div>\r\n                        <div class=\"faq__icon\">\r\n                            <div class=\"icon\"><\/div>\r\n                        <\/div>\r\n                    <\/span>\r\n                    <div class=\"faq__content\" aria-expanded=\"false\">\r\n                        <div class=\"faq__wrapper\">Para ello, debe eliminar cada art\u00edculo de la cesta. Cada producto tiene una cruz, haciendo clic en el que se elimina el producto a su vez.<\/div>\r\n                    <\/div>\r\n                <\/div>\r\n                            <div class=\"faq__item faq--lmod__item\" data-aos1=\"fade-up\" data-aos1-delay=\"0\">\r\n                    <span data-toggle=\"collapse\" class=\"faq__toggle\" aria-expanded=\"false\">\r\n                        <div class=\"faq__question\">\u00bfC\u00f3mo puedo ver mis pedidos?<\/div>\r\n                        <div class=\"faq__icon\">\r\n                            <div class=\"icon\"><\/div>\r\n                        <\/div>\r\n                    <\/span>\r\n                    <div class=\"faq__content\" aria-expanded=\"false\">\r\n                        <div class=\"faq__wrapper\">Para ello, con\u00e9ctese a su cuenta. En la secci\u00f3n de pedidos, puede ver informaci\u00f3n sobre todos sus pedidos.<\/div>\r\n                    <\/div>\r\n                <\/div>\r\n                            <div class=\"faq__item faq--lmod__item\" data-aos1=\"fade-up\" data-aos1-delay=\"200\">\r\n                    <span data-toggle=\"collapse\" class=\"faq__toggle\" aria-expanded=\"false\">\r\n                        <div class=\"faq__question\">\u00bfLa elecci\u00f3n del pa\u00eds de entrega modifica el precio y los impuestos?<\/div>\r\n                        <div class=\"faq__icon\">\r\n                            <div class=\"icon\"><\/div>\r\n                        <\/div>\r\n                    <\/span>\r\n                    <div class=\"faq__content\" aria-expanded=\"false\">\r\n                        <div class=\"faq__wrapper\">S\u00ed, el pa\u00eds es importante. Enviamos productos a un gran n\u00famero de pa\u00edses. Cuando haga un pedido en la Uni\u00f3n Europea, tenga en cuenta que los precios de todos los productos de la tienda en l\u00ednea pride.audio son m\u00e1s bajos despu\u00e9s del IVA . En los pa\u00edses de la UE, hay un porcentaje diferente de IVA en todas partes. Estamos obligados a pagar el IVA seg\u00fan las condiciones de su pa\u00eds. Por lo tanto, la direcci\u00f3n de entrega y la direcci\u00f3n de la cuenta personal se fijan en la cuenta personal. La entrega no puede diferir del pa\u00eds de su residencia y de su cuenta personal.\r\n\r\n\r\nSi vive fuera de la Uni\u00f3n Europea, entonces est\u00e1 comprando productos sin IVA (IVA=0%). Tendr\u00e1 que pagar usted mismo los impuestos al importar a su pa\u00eds.\r\nEmitimos una declaraci\u00f3n de exportaci\u00f3n y entregamos la carga a la empresa de transportes.<\/div>\r\n                    <\/div>\r\n                <\/div>\r\n                            <div class=\"faq__item faq--lmod__item\" data-aos1=\"fade-up\" data-aos1-delay=\"400\">\r\n                    <span data-toggle=\"collapse\" class=\"faq__toggle\" aria-expanded=\"false\">\r\n                        <div class=\"faq__question\">\u00bfPor qu\u00e9 y c\u00f3mo crear una &#8220;Mi cuenta&#8221; en la tienda en l\u00ednea?<\/div>\r\n                        <div class=\"faq__icon\">\r\n                            <div class=\"icon\"><\/div>\r\n                        <\/div>\r\n                    <\/span>\r\n                    <div class=\"faq__content\" aria-expanded=\"false\">\r\n                        <div class=\"faq__wrapper\">Tener una cuenta de la tienda online pride.audio hace que comprar sea a\u00fan m\u00e1s r\u00e1pido y c\u00f3modo, ya que el usuario registrado\r\n\r\npuede comprar c\u00f3moda y r\u00e1pidamente, porque ya se han rellenado previamente todos los campos necesarios;\r\npuede consultar su historial de compras en cualquier momento, incluidas las facturas y los productos;\r\nla posibilidad de controlar el movimiento y el estado de los productos pedidos;\r\nla posibilidad de ver el historial de compras en las tiendas minoristas;<\/div>\r\n                    <\/div>\r\n                <\/div>\r\n                    <\/div>\r\n    <\/div>\r\n<\/section>","protected":false},"excerpt":{"rendered":"","protected":false},"author":1,"featured_media":14532,"parent":0,"menu_order":0,"comment_status":"closed","ping_status":"closed","template":"page-templates\/knowledge-template.php","meta":{"inline_featured_image":false,"footnotes":""},"class_list":["post-14584","page","type-page","status-publish","has-post-thumbnail","hentry"],"acf":[],"yoast_head":"<!-- This site is optimized with the Yoast SEO plugin v27.3 - https:\/\/yoast.com\/product\/yoast-seo-wordpress\/ -->\n<title>Cuestiones generales - Pride Audio. USA Online store<\/title>\n<meta name=\"robots\" content=\"index, follow, max-snippet:-1, max-image-preview:large, max-video-preview:-1\" \/>\n<link rel=\"canonical\" href=\"https:\/\/pride.audio\/es\/cuestiones-generales\/\" \/>\n<meta property=\"og:locale\" content=\"es_ES\" \/>\n<meta property=\"og:type\" content=\"article\" \/>\n<meta property=\"og:title\" content=\"Cuestiones generales - Pride Audio. USA Online store\" \/>\n<meta property=\"og:url\" content=\"https:\/\/pride.audio\/es\/cuestiones-generales\/\" \/>\n<meta property=\"og:site_name\" content=\"Pride Audio. USA Online store\" \/>\n<meta property=\"article:modified_time\" content=\"2024-03-12T09:16:29+00:00\" \/>\n<meta property=\"og:image\" content=\"https:\/\/pride.audio\/wp-content\/uploads\/2023\/11\/image.png\" \/>\n\t<meta property=\"og:image:width\" content=\"512\" \/>\n\t<meta property=\"og:image:height\" content=\"512\" \/>\n\t<meta property=\"og:image:type\" content=\"image\/png\" \/>\n<meta name=\"twitter:card\" content=\"summary_large_image\" \/>\n<script type=\"application\/ld+json\" class=\"yoast-schema-graph\">{\"@context\":\"https:\\\/\\\/schema.org\",\"@graph\":[{\"@type\":\"WebPage\",\"@id\":\"https:\\\/\\\/pride.audio\\\/es\\\/cuestiones-generales\\\/\",\"url\":\"https:\\\/\\\/pride.audio\\\/es\\\/cuestiones-generales\\\/\",\"name\":\"Cuestiones generales - Pride Audio. USA Online store\",\"isPartOf\":{\"@id\":\"https:\\\/\\\/pride.audio\\\/#website\"},\"primaryImageOfPage\":{\"@id\":\"https:\\\/\\\/pride.audio\\\/es\\\/cuestiones-generales\\\/#primaryimage\"},\"image\":{\"@id\":\"https:\\\/\\\/pride.audio\\\/es\\\/cuestiones-generales\\\/#primaryimage\"},\"thumbnailUrl\":\"https:\\\/\\\/pride.audio\\\/wp-content\\\/uploads\\\/2023\\\/11\\\/image.png\",\"datePublished\":\"2022-09-10T08:03:32+00:00\",\"dateModified\":\"2024-03-12T09:16:29+00:00\",\"breadcrumb\":{\"@id\":\"https:\\\/\\\/pride.audio\\\/es\\\/cuestiones-generales\\\/#breadcrumb\"},\"inLanguage\":\"es\",\"potentialAction\":[{\"@type\":\"ReadAction\",\"target\":[\"https:\\\/\\\/pride.audio\\\/es\\\/cuestiones-generales\\\/\"]}]},{\"@type\":\"ImageObject\",\"inLanguage\":\"es\",\"@id\":\"https:\\\/\\\/pride.audio\\\/es\\\/cuestiones-generales\\\/#primaryimage\",\"url\":\"https:\\\/\\\/pride.audio\\\/wp-content\\\/uploads\\\/2023\\\/11\\\/image.png\",\"contentUrl\":\"https:\\\/\\\/pride.audio\\\/wp-content\\\/uploads\\\/2023\\\/11\\\/image.png\",\"width\":512,\"height\":512},{\"@type\":\"BreadcrumbList\",\"@id\":\"https:\\\/\\\/pride.audio\\\/es\\\/cuestiones-generales\\\/#breadcrumb\",\"itemListElement\":[{\"@type\":\"ListItem\",\"position\":1,\"name\":\"Home\",\"item\":\"https:\\\/\\\/pride.audio\\\/es\\\/\"},{\"@type\":\"ListItem\",\"position\":2,\"name\":\"Cuestiones generales\"}]},{\"@type\":\"WebSite\",\"@id\":\"https:\\\/\\\/pride.audio\\\/#website\",\"url\":\"https:\\\/\\\/pride.audio\\\/\",\"name\":\"Pride Audio. USA Online store\",\"description\":\"Pride Car Audio: Official site\",\"publisher\":{\"@id\":\"https:\\\/\\\/pride.audio\\\/#organization\"},\"potentialAction\":[{\"@type\":\"SearchAction\",\"target\":{\"@type\":\"EntryPoint\",\"urlTemplate\":\"https:\\\/\\\/pride.audio\\\/?s={search_term_string}\"},\"query-input\":{\"@type\":\"PropertyValueSpecification\",\"valueRequired\":true,\"valueName\":\"search_term_string\"}}],\"inLanguage\":\"es\"},{\"@type\":\"Organization\",\"@id\":\"https:\\\/\\\/pride.audio\\\/#organization\",\"name\":\"Pride Audio. USA Online store\",\"url\":\"https:\\\/\\\/pride.audio\\\/\",\"logo\":{\"@type\":\"ImageObject\",\"inLanguage\":\"es\",\"@id\":\"https:\\\/\\\/pride.audio\\\/#\\\/schema\\\/logo\\\/image\\\/\",\"url\":\"https:\\\/\\\/pride.audio\\\/wp-content\\\/uploads\\\/2023\\\/08\\\/g10.svg\",\"contentUrl\":\"https:\\\/\\\/pride.audio\\\/wp-content\\\/uploads\\\/2023\\\/08\\\/g10.svg\",\"width\":158,\"height\":34,\"caption\":\"Pride Audio. USA Online store\"},\"image\":{\"@id\":\"https:\\\/\\\/pride.audio\\\/#\\\/schema\\\/logo\\\/image\\\/\"}}]}<\/script>\n<!-- \/ Yoast SEO plugin. -->","yoast_head_json":{"title":"Cuestiones generales - Pride Audio. USA Online store","robots":{"index":"index","follow":"follow","max-snippet":"max-snippet:-1","max-image-preview":"max-image-preview:large","max-video-preview":"max-video-preview:-1"},"canonical":"https:\/\/pride.audio\/es\/cuestiones-generales\/","og_locale":"es_ES","og_type":"article","og_title":"Cuestiones generales - Pride Audio. USA Online store","og_url":"https:\/\/pride.audio\/es\/cuestiones-generales\/","og_site_name":"Pride Audio. USA Online store","article_modified_time":"2024-03-12T09:16:29+00:00","og_image":[{"width":512,"height":512,"url":"https:\/\/pride.audio\/wp-content\/uploads\/2023\/11\/image.png","type":"image\/png"}],"twitter_card":"summary_large_image","schema":{"@context":"https:\/\/schema.org","@graph":[{"@type":"WebPage","@id":"https:\/\/pride.audio\/es\/cuestiones-generales\/","url":"https:\/\/pride.audio\/es\/cuestiones-generales\/","name":"Cuestiones generales - Pride Audio. USA Online store","isPartOf":{"@id":"https:\/\/pride.audio\/#website"},"primaryImageOfPage":{"@id":"https:\/\/pride.audio\/es\/cuestiones-generales\/#primaryimage"},"image":{"@id":"https:\/\/pride.audio\/es\/cuestiones-generales\/#primaryimage"},"thumbnailUrl":"https:\/\/pride.audio\/wp-content\/uploads\/2023\/11\/image.png","datePublished":"2022-09-10T08:03:32+00:00","dateModified":"2024-03-12T09:16:29+00:00","breadcrumb":{"@id":"https:\/\/pride.audio\/es\/cuestiones-generales\/#breadcrumb"},"inLanguage":"es","potentialAction":[{"@type":"ReadAction","target":["https:\/\/pride.audio\/es\/cuestiones-generales\/"]}]},{"@type":"ImageObject","inLanguage":"es","@id":"https:\/\/pride.audio\/es\/cuestiones-generales\/#primaryimage","url":"https:\/\/pride.audio\/wp-content\/uploads\/2023\/11\/image.png","contentUrl":"https:\/\/pride.audio\/wp-content\/uploads\/2023\/11\/image.png","width":512,"height":512},{"@type":"BreadcrumbList","@id":"https:\/\/pride.audio\/es\/cuestiones-generales\/#breadcrumb","itemListElement":[{"@type":"ListItem","position":1,"name":"Home","item":"https:\/\/pride.audio\/es\/"},{"@type":"ListItem","position":2,"name":"Cuestiones generales"}]},{"@type":"WebSite","@id":"https:\/\/pride.audio\/#website","url":"https:\/\/pride.audio\/","name":"Pride Audio. USA Online store","description":"Pride Car Audio: Official site","publisher":{"@id":"https:\/\/pride.audio\/#organization"},"potentialAction":[{"@type":"SearchAction","target":{"@type":"EntryPoint","urlTemplate":"https:\/\/pride.audio\/?s={search_term_string}"},"query-input":{"@type":"PropertyValueSpecification","valueRequired":true,"valueName":"search_term_string"}}],"inLanguage":"es"},{"@type":"Organization","@id":"https:\/\/pride.audio\/#organization","name":"Pride Audio. USA Online store","url":"https:\/\/pride.audio\/","logo":{"@type":"ImageObject","inLanguage":"es","@id":"https:\/\/pride.audio\/#\/schema\/logo\/image\/","url":"https:\/\/pride.audio\/wp-content\/uploads\/2023\/08\/g10.svg","contentUrl":"https:\/\/pride.audio\/wp-content\/uploads\/2023\/08\/g10.svg","width":158,"height":34,"caption":"Pride Audio. USA Online store"},"image":{"@id":"https:\/\/pride.audio\/#\/schema\/logo\/image\/"}}]}},"_links":{"self":[{"href":"https:\/\/pride.audio\/es\/wp-json\/wp\/v2\/pages\/14584","targetHints":{"allow":["GET"]}}],"collection":[{"href":"https:\/\/pride.audio\/es\/wp-json\/wp\/v2\/pages"}],"about":[{"href":"https:\/\/pride.audio\/es\/wp-json\/wp\/v2\/types\/page"}],"author":[{"embeddable":true,"href":"https:\/\/pride.audio\/es\/wp-json\/wp\/v2\/users\/1"}],"replies":[{"embeddable":true,"href":"https:\/\/pride.audio\/es\/wp-json\/wp\/v2\/comments?post=14584"}],"version-history":[{"count":0,"href":"https:\/\/pride.audio\/es\/wp-json\/wp\/v2\/pages\/14584\/revisions"}],"wp:featuredmedia":[{"embeddable":true,"href":"https:\/\/pride.audio\/es\/wp-json\/wp\/v2\/media\/14532"}],"wp:attachment":[{"href":"https:\/\/pride.audio\/es\/wp-json\/wp\/v2\/media?parent=14584"}],"curies":[{"name":"wp","href":"https:\/\/api.w.org\/{rel}","templated":true}]}}