{"id":14582,"date":"2023-11-10T18:13:47","date_gmt":"2023-11-10T23:13:47","guid":{"rendered":"https:\/\/pride.audio\/?page_id=14582"},"modified":"2024-03-12T11:13:00","modified_gmt":"2024-03-12T09:13:00","slug":"pride-car-audio-ventajas","status":"publish","type":"page","link":"https:\/\/pride.audio\/es\/about-us\/pride-car-audio-ventajas\/","title":{"rendered":"PRIDE CAR AUDIO VENTAJAS"},"content":{"rendered":"\n<h4 class=\"wp-block-heading\">VENTAJAS DE PRIDE CAR AUDIO: \u00bfC\u00d3MO FUNCIONA?<\/h4>\n\n\n\n<p class=\"has-medium-font-size\">PRIDE CAR AUDIO Beneficios es un tipo de moneda virtual que se puede utilizar para pagar sus compras en la tienda online de Pride Car Audio. Es f\u00e1cil de obtener y f\u00e1cil de usar. Los Beneficios Pride Car Audio no son transferibles, no se pueden cambiar por dinero en efectivo y no se pueden utilizar fuera de la Tienda Online Oficial Pride Car Audio. Puede consultar su saldo de Beneficios Pride Car Audio haciendo clic en &#8220;Mi cuenta&#8221; despu\u00e9s de iniciar sesi\u00f3n. La moneda de tus Beneficios Pride Car Audio ser\u00e1 la misma moneda con la que elijas pagar.<\/p>\n\n\n\n<div class=\"wp-block-media-text is-stacked-on-mobile\" style=\"grid-template-columns:53% auto\"><figure class=\"wp-block-media-text__media\"><img loading=\"lazy\" decoding=\"async\" width=\"500\" height=\"314\" src=\"https:\/\/pride.audio\/wp-content\/uploads\/2023\/11\/0gzEinhSM8Q-500x314.jpeg\" alt=\"\" class=\"wp-image-12955 size-medium\"\/><\/figure><div class=\"wp-block-media-text__content\">\n<p><strong>C\u00d3MO UTILIZAR EL CR\u00c9DITO PRIDE CAR AUDIO<\/strong><\/p>\n\n\n\n<p>Puede elegir utilizar sus Beneficios Pride Car Audio durante el proceso de compra. Si el importe de sus Beneficios Pride Car Audio disponibles es inferior al importe total de su pedido (excluidos los gastos de env\u00edo), puede pagar la diferencia con uno de nuestros m\u00e9todos de pago.<\/p>\n<\/div><\/div>\n\n\n\n<p><\/p>\n\n\n\n<h3 class=\"wp-block-heading\"><strong>Preguntas frecuentes<\/strong><\/h3>\n\n\n\n<p class=\"has-medium-font-size\"><strong>\u00bfC\u00f3mo puedo obtener las ventajas de Pride Car Audio?<\/strong><br>Puede obtener los beneficios de Pride Car Audio registr\u00e1ndose en nuestro sistema y creando una cuenta personal. Por esta acci\u00f3n recibir\u00e1 el primer bono &#8211; 10 USD.<\/p>\n\n\n\n<p class=\"has-medium-font-size\"><strong>\u00bfC\u00f3mo me devuelven el 1% del valor total de mi compra en ventajas Pride Car Audio?<br><\/strong>Concedemos las bonificaciones 15 d\u00edas despu\u00e9s del env\u00edo y la entrega satisfactoria de la mercanc\u00eda al comprador. Si no disponemos de un sistema de entrega (como FedEx), las bonificaciones se conceder\u00e1n transcurridos 20 d\u00edas desde la fecha de descarga.<\/p>\n\n\n\n<p class=\"has-medium-font-size\"><strong>\u00bfC\u00f3mo puedo aumentar el porcentaje de devoluci\u00f3n?<br><\/strong>Estamos dando un mayor porcentaje de cashback Pride Car Audio bonos en honor de su cumplea\u00f1os &#8211; de 10%.<\/p>\n\n\n\n<p class=\"has-medium-font-size\">El aumento del porcentaje de devoluci\u00f3n de la bonificaci\u00f3n de Pride Car Audio es v\u00e1lido 7 d\u00edas antes de tu cumplea\u00f1os y 7 d\u00edas despu\u00e9s, por lo que tienes 15 d\u00edas completos de aumento de la bonificaci\u00f3n.<\/p>\n\n\n\n<p class=\"has-medium-font-size\">Una sorpresa especialmente agradable: durante este periodo puedes utilizar el descuento todos los d\u00edas, lo que significa que en 15 d\u00edas puedes, por ejemplo, hacer un pedido 20 veces y recibir el 10% de devoluci\u00f3n 20 veces.<\/p>\n\n\n\n<p class=\"has-medium-font-size\"><strong>\u00bfPuedo obtener beneficios de Pride Car Audio si compro un producto utilizando cupones o Pride Car Audio Credit?<\/strong><br>Si compra un producto utilizando cupones o Beneficios Pride Car Audio, no podr\u00e1 recibir la devoluci\u00f3n del 1% del valor total de su compra. Por ejemplo, si un cliente utiliza un cup\u00f3n de 50 $ en un pedido de 200 $, s\u00f3lo recibir\u00e1 el 1% en Beneficios Pride Car Audio por los 150 $ restantes, lo que equivale a 1,50 $ en Beneficios Pride Car Audio.<\/p>\n\n\n\n<p class=\"has-medium-font-size\"><strong>\u00bfPuedo seguir disfrutando de las ventajas de Pride Car Audio si cancelo mi pedido?<br><\/strong>Los Beneficios Pride Car Audio obtenidos de pedidos reembolsados perder\u00e1n su validez. Si los Beneficios Pride Car Audio se a\u00f1aden a su cuenta, el sistema deducir\u00e1 autom\u00e1ticamente el importe de su cuenta. Pride Car Audio Benefits se reserva el derecho de retirar todos los Pride Car Audio Benefits obtenidos de pedidos fraudulentos.<br><strong><br>\u00bfExiste alg\u00fan l\u00edmite en la cantidad de ventajas Pride Car Audio utilizadas durante la compra?<\/strong><br>No. El cr\u00e9dito Pride Car Audio se puede utilizar para comprar cualquiera de los productos de la tienda online de Pride Car Audio (gastos de env\u00edo excluidos).<\/p>\n\n\n\n<p class=\"has-medium-font-size\"><strong>\u00bfPuedo utilizar mis ventajas Pride Car Audio en otros pa\u00edses?<\/strong><br>No, por ahora s\u00f3lo puede utilizar sus ventajas Pride Car Audio en EE.UU., pero estamos trabajando para ampliar los horizontes de nuestro sistema de bonificaciones.<\/p>\n\n\n\n<p class=\"has-medium-font-size\"><strong>\u00bfCaducan los beneficios de Pride Car Audio?<\/strong><br>Los Beneficios Pride Car Audio que hayan sido emitidos no caducar\u00e1n. Para obtener m\u00e1s informaci\u00f3n sobre el uso de los beneficios Pride Car Audio, visite la tienda oficial Pride Car Audio en l\u00ednea.<\/p>\n\n\n\n<p><\/p>\n\n\n\n<p class=\"has-large-font-size\"><strong>Pride Car Audio Beneficios Notas<\/strong><\/p>\n\n\n\n<p class=\"has-medium-font-size\">Los Beneficios ride Car Audio s\u00f3lo pueden obtenerse de compras realizadas por particulares y no por organizaciones con el prop\u00f3sito de obtener beneficios mediante la reventa de productos. Si se produce alguna de las siguientes situaciones, ride Car Audio cancelar\u00e1 los pedidos unilateralmente y retirar\u00e1 cualquier Beneficio ride Car Audio generado a partir de los pedidos antes de su env\u00edo o confirmaci\u00f3n de recepci\u00f3n.<\/p>\n\n\n\n<ul class=\"wp-block-list\">\n<li class=\"has-medium-font-size\">Los usuarios compran productos por un importe superior al permitido utilizando la misma cuenta.<\/li>\n\n\n\n<li class=\"has-medium-font-size\">Pedidos con la misma cuenta de pago, direcci\u00f3n de entrega, direcci\u00f3n IP del ordenador y n\u00famero de tel\u00e9fono que podr\u00edan estar relacionados con la misma persona o realizados por ella, y el n\u00famero total de productos adquiridos supera el l\u00edmite de importe permitido.<\/li>\n\n\n\n<li class=\"has-medium-font-size\">Otras compras realizadas por medios indebidos o que se demuestre que son ilegales.<\/li>\n<\/ul>\n\n\n\n<p class=\"has-medium-font-size\">Pride Car Audio Benefits se reserva todo el derecho de interpretaci\u00f3n final de las reglas, t\u00e9rminos y condiciones de ride Car Audio Benefits.<\/p>\n","protected":false},"excerpt":{"rendered":"<p>VENTAJAS DE PRIDE CAR AUDIO: \u00bfC\u00d3MO FUNCIONA? PRIDE CAR AUDIO Beneficios es un tipo de moneda virtual que se puede utilizar para pagar sus compras en la tienda online de Pride Car Audio. Es f\u00e1cil de obtener y f\u00e1cil de usar. Los Beneficios Pride Car Audio no son transferibles, no se pueden cambiar por dinero [&hellip;]<\/p>\n","protected":false},"author":1,"featured_media":0,"parent":14519,"menu_order":0,"comment_status":"closed","ping_status":"closed","template":"page-templates\/knowledge-template.php","meta":{"inline_featured_image":false,"footnotes":""},"class_list":["post-14582","page","type-page","status-publish","hentry"],"acf":[],"yoast_head":"<!-- This site is optimized with the Yoast SEO plugin v27.2 - https:\/\/yoast.com\/product\/yoast-seo-wordpress\/ -->\n<title>PRIDE CAR AUDIO VENTAJAS - Pride Audio. USA Online store<\/title>\n<meta name=\"robots\" content=\"index, follow, max-snippet:-1, max-image-preview:large, max-video-preview:-1\" \/>\n<link rel=\"canonical\" href=\"https:\/\/pride.audio\/es\/faq\/pride-car-audio-ventajas\/\" \/>\n<meta property=\"og:locale\" content=\"es_ES\" \/>\n<meta property=\"og:type\" content=\"article\" \/>\n<meta property=\"og:title\" content=\"PRIDE CAR AUDIO VENTAJAS - Pride Audio. USA Online store\" \/>\n<meta property=\"og:description\" content=\"VENTAJAS DE PRIDE CAR AUDIO: \u00bfC\u00d3MO FUNCIONA? PRIDE CAR AUDIO Beneficios es un tipo de moneda virtual que se puede utilizar para pagar sus compras en la tienda online de Pride Car Audio. Es f\u00e1cil de obtener y f\u00e1cil de usar. Los Beneficios Pride Car Audio no son transferibles, no se pueden cambiar por dinero [&hellip;]\" \/>\n<meta property=\"og:url\" content=\"https:\/\/pride.audio\/es\/faq\/pride-car-audio-ventajas\/\" \/>\n<meta property=\"og:site_name\" content=\"Pride Audio. USA Online store\" \/>\n<meta property=\"article:modified_time\" content=\"2024-03-12T09:13:00+00:00\" \/>\n<meta property=\"og:image\" content=\"https:\/\/pride.audio\/wp-content\/uploads\/2023\/11\/0gzEinhSM8Q-500x314.jpeg\" \/>\n<meta name=\"twitter:card\" content=\"summary_large_image\" \/>\n<meta name=\"twitter:label1\" content=\"Tiempo de lectura\" \/>\n\t<meta name=\"twitter:data1\" content=\"4 minutos\" \/>\n<script type=\"application\/ld+json\" class=\"yoast-schema-graph\">{\"@context\":\"https:\/\/schema.org\",\"@graph\":[{\"@type\":\"WebPage\",\"@id\":\"https:\/\/pride.audio\/es\/faq\/pride-car-audio-ventajas\/\",\"url\":\"https:\/\/pride.audio\/es\/faq\/pride-car-audio-ventajas\/\",\"name\":\"PRIDE CAR AUDIO VENTAJAS - Pride Audio. USA Online store\",\"isPartOf\":{\"@id\":\"https:\/\/pride.audio\/#website\"},\"primaryImageOfPage\":{\"@id\":\"https:\/\/pride.audio\/es\/faq\/pride-car-audio-ventajas\/#primaryimage\"},\"image\":{\"@id\":\"https:\/\/pride.audio\/es\/faq\/pride-car-audio-ventajas\/#primaryimage\"},\"thumbnailUrl\":\"https:\/\/pride.audio\/wp-content\/uploads\/2023\/11\/0gzEinhSM8Q-500x314.jpeg\",\"datePublished\":\"2023-11-10T23:13:47+00:00\",\"dateModified\":\"2024-03-12T09:13:00+00:00\",\"breadcrumb\":{\"@id\":\"https:\/\/pride.audio\/es\/faq\/pride-car-audio-ventajas\/#breadcrumb\"},\"inLanguage\":\"es\",\"potentialAction\":[{\"@type\":\"ReadAction\",\"target\":[\"https:\/\/pride.audio\/es\/faq\/pride-car-audio-ventajas\/\"]}]},{\"@type\":\"ImageObject\",\"inLanguage\":\"es\",\"@id\":\"https:\/\/pride.audio\/es\/faq\/pride-car-audio-ventajas\/#primaryimage\",\"url\":\"https:\/\/pride.audio\/wp-content\/uploads\/2023\/11\/0gzEinhSM8Q-500x314.jpeg\",\"contentUrl\":\"https:\/\/pride.audio\/wp-content\/uploads\/2023\/11\/0gzEinhSM8Q-500x314.jpeg\"},{\"@type\":\"BreadcrumbList\",\"@id\":\"https:\/\/pride.audio\/es\/faq\/pride-car-audio-ventajas\/#breadcrumb\",\"itemListElement\":[{\"@type\":\"ListItem\",\"position\":1,\"name\":\"Home\",\"item\":\"https:\/\/pride.audio\/es\/\"},{\"@type\":\"ListItem\",\"position\":2,\"name\":\"FAQ\",\"item\":\"https:\/\/pride.audio\/es\/faq\/\"},{\"@type\":\"ListItem\",\"position\":3,\"name\":\"PRIDE CAR AUDIO VENTAJAS\"}]},{\"@type\":\"WebSite\",\"@id\":\"https:\/\/pride.audio\/#website\",\"url\":\"https:\/\/pride.audio\/\",\"name\":\"Pride Audio. USA Online store\",\"description\":\"Pride Car Audio: Official site\",\"publisher\":{\"@id\":\"https:\/\/pride.audio\/#organization\"},\"potentialAction\":[{\"@type\":\"SearchAction\",\"target\":{\"@type\":\"EntryPoint\",\"urlTemplate\":\"https:\/\/pride.audio\/?s={search_term_string}\"},\"query-input\":{\"@type\":\"PropertyValueSpecification\",\"valueRequired\":true,\"valueName\":\"search_term_string\"}}],\"inLanguage\":\"es\"},{\"@type\":\"Organization\",\"@id\":\"https:\/\/pride.audio\/#organization\",\"name\":\"Pride Audio. USA Online store\",\"url\":\"https:\/\/pride.audio\/\",\"logo\":{\"@type\":\"ImageObject\",\"inLanguage\":\"es\",\"@id\":\"https:\/\/pride.audio\/#\/schema\/logo\/image\/\",\"url\":\"https:\/\/pride.audio\/wp-content\/uploads\/2023\/08\/g10.svg\",\"contentUrl\":\"https:\/\/pride.audio\/wp-content\/uploads\/2023\/08\/g10.svg\",\"width\":158,\"height\":34,\"caption\":\"Pride Audio. USA Online store\"},\"image\":{\"@id\":\"https:\/\/pride.audio\/#\/schema\/logo\/image\/\"}}]}<\/script>\n<!-- \/ Yoast SEO plugin. -->","yoast_head_json":{"title":"PRIDE CAR AUDIO VENTAJAS - Pride Audio. USA Online store","robots":{"index":"index","follow":"follow","max-snippet":"max-snippet:-1","max-image-preview":"max-image-preview:large","max-video-preview":"max-video-preview:-1"},"canonical":"https:\/\/pride.audio\/es\/faq\/pride-car-audio-ventajas\/","og_locale":"es_ES","og_type":"article","og_title":"PRIDE CAR AUDIO VENTAJAS - Pride Audio. USA Online store","og_description":"VENTAJAS DE PRIDE CAR AUDIO: \u00bfC\u00d3MO FUNCIONA? PRIDE CAR AUDIO Beneficios es un tipo de moneda virtual que se puede utilizar para pagar sus compras en la tienda online de Pride Car Audio. Es f\u00e1cil de obtener y f\u00e1cil de usar. Los Beneficios Pride Car Audio no son transferibles, no se pueden cambiar por dinero [&hellip;]","og_url":"https:\/\/pride.audio\/es\/faq\/pride-car-audio-ventajas\/","og_site_name":"Pride Audio. USA Online store","article_modified_time":"2024-03-12T09:13:00+00:00","og_image":[{"url":"https:\/\/pride.audio\/wp-content\/uploads\/2023\/11\/0gzEinhSM8Q-500x314.jpeg","type":"","width":"","height":""}],"twitter_card":"summary_large_image","twitter_misc":{"Tiempo de lectura":"4 minutos"},"schema":{"@context":"https:\/\/schema.org","@graph":[{"@type":"WebPage","@id":"https:\/\/pride.audio\/es\/faq\/pride-car-audio-ventajas\/","url":"https:\/\/pride.audio\/es\/faq\/pride-car-audio-ventajas\/","name":"PRIDE CAR AUDIO VENTAJAS - Pride Audio. USA Online store","isPartOf":{"@id":"https:\/\/pride.audio\/#website"},"primaryImageOfPage":{"@id":"https:\/\/pride.audio\/es\/faq\/pride-car-audio-ventajas\/#primaryimage"},"image":{"@id":"https:\/\/pride.audio\/es\/faq\/pride-car-audio-ventajas\/#primaryimage"},"thumbnailUrl":"https:\/\/pride.audio\/wp-content\/uploads\/2023\/11\/0gzEinhSM8Q-500x314.jpeg","datePublished":"2023-11-10T23:13:47+00:00","dateModified":"2024-03-12T09:13:00+00:00","breadcrumb":{"@id":"https:\/\/pride.audio\/es\/faq\/pride-car-audio-ventajas\/#breadcrumb"},"inLanguage":"es","potentialAction":[{"@type":"ReadAction","target":["https:\/\/pride.audio\/es\/faq\/pride-car-audio-ventajas\/"]}]},{"@type":"ImageObject","inLanguage":"es","@id":"https:\/\/pride.audio\/es\/faq\/pride-car-audio-ventajas\/#primaryimage","url":"https:\/\/pride.audio\/wp-content\/uploads\/2023\/11\/0gzEinhSM8Q-500x314.jpeg","contentUrl":"https:\/\/pride.audio\/wp-content\/uploads\/2023\/11\/0gzEinhSM8Q-500x314.jpeg"},{"@type":"BreadcrumbList","@id":"https:\/\/pride.audio\/es\/faq\/pride-car-audio-ventajas\/#breadcrumb","itemListElement":[{"@type":"ListItem","position":1,"name":"Home","item":"https:\/\/pride.audio\/es\/"},{"@type":"ListItem","position":2,"name":"FAQ","item":"https:\/\/pride.audio\/es\/faq\/"},{"@type":"ListItem","position":3,"name":"PRIDE CAR AUDIO VENTAJAS"}]},{"@type":"WebSite","@id":"https:\/\/pride.audio\/#website","url":"https:\/\/pride.audio\/","name":"Pride Audio. USA Online store","description":"Pride Car Audio: Official site","publisher":{"@id":"https:\/\/pride.audio\/#organization"},"potentialAction":[{"@type":"SearchAction","target":{"@type":"EntryPoint","urlTemplate":"https:\/\/pride.audio\/?s={search_term_string}"},"query-input":{"@type":"PropertyValueSpecification","valueRequired":true,"valueName":"search_term_string"}}],"inLanguage":"es"},{"@type":"Organization","@id":"https:\/\/pride.audio\/#organization","name":"Pride Audio. USA Online store","url":"https:\/\/pride.audio\/","logo":{"@type":"ImageObject","inLanguage":"es","@id":"https:\/\/pride.audio\/#\/schema\/logo\/image\/","url":"https:\/\/pride.audio\/wp-content\/uploads\/2023\/08\/g10.svg","contentUrl":"https:\/\/pride.audio\/wp-content\/uploads\/2023\/08\/g10.svg","width":158,"height":34,"caption":"Pride Audio. USA Online store"},"image":{"@id":"https:\/\/pride.audio\/#\/schema\/logo\/image\/"}}]}},"_links":{"self":[{"href":"https:\/\/pride.audio\/es\/wp-json\/wp\/v2\/pages\/14582","targetHints":{"allow":["GET"]}}],"collection":[{"href":"https:\/\/pride.audio\/es\/wp-json\/wp\/v2\/pages"}],"about":[{"href":"https:\/\/pride.audio\/es\/wp-json\/wp\/v2\/types\/page"}],"author":[{"embeddable":true,"href":"https:\/\/pride.audio\/es\/wp-json\/wp\/v2\/users\/1"}],"replies":[{"embeddable":true,"href":"https:\/\/pride.audio\/es\/wp-json\/wp\/v2\/comments?post=14582"}],"version-history":[{"count":0,"href":"https:\/\/pride.audio\/es\/wp-json\/wp\/v2\/pages\/14582\/revisions"}],"up":[{"embeddable":true,"href":"https:\/\/pride.audio\/es\/wp-json\/wp\/v2\/pages\/14519"}],"wp:attachment":[{"href":"https:\/\/pride.audio\/es\/wp-json\/wp\/v2\/media?parent=14582"}],"curies":[{"name":"wp","href":"https:\/\/api.w.org\/{rel}","templated":true}]}}