{"id":14519,"date":"2019-05-08T12:53:23","date_gmt":"2019-05-08T10:53:23","guid":{"rendered":"https:\/\/pride.audio\/?page_id=14519"},"modified":"2024-03-11T16:29:56","modified_gmt":"2024-03-11T14:29:56","slug":"about-us","status":"publish","type":"page","link":"https:\/\/pride.audio\/es\/about-us\/","title":{"rendered":"Qui\u00e9nes somos"},"content":{"rendered":"<section class=\"aubanner\">\r\n\t<div class=\"container\">\r\n\t\t<div class=\"aubanner__inner\">\r\n\t\t\t<h1 class=\"aubanner__title\" data-1-aos=\"fade-up\">El principal objetivo de la empresa en el pasado, presente y futuro ser\u00e1 crear productos de alta calidad<\/h1>\r\n\t\t\t<div class=\"aubanner__contents\">\r\n\t\t\t\t<div class=\"aubanner__snippet\" data-1-aos=\"fade-up\" data-aos-delay=\"300\">\r\n\t\t\t\t\t&#8220;Producto de alta calidad&#8221; se refiere a ambas cosas: a las caracter\u00edsticas finales del producto y al servicio de garant\u00eda\/postgarant\u00eda. Precisamente, nuestro servicio se distingui\u00f3 de otras marcas.\t\t\t\t<\/div>\r\n\t\t\t\t<div class=\"aubanner__snippet\" data-1-aos=\"fade-up\" data-aos-delay=\"400\">\r\n\t\t\t\t\tCuando un cliente habitual adquir\u00eda un producto t\u00edpico de origen asi\u00e1tico con diferentes tipos de defectos, significaba que en caso de rotura del equipo, el propietario se enfrentar\u00eda a todos los problemas para arreglar las piezas rotas\t\t\t\t<\/div>\r\n\t\t\t<\/div>\r\n\t\t<\/div>\r\n\t<\/div>\r\n<\/section>\r\n\n\n<section class=\"auproducing\">\r\n\t<div class=\"container\">\r\n\t\t<h2 class=\"auproducing__title\" data-aos=\"fade-up\">\u00bfQu\u00e9 estamos produciendo?<\/h2>\r\n\t\t<div class=\"auproducing__snippet\" data-aos=\"fade-up\" data-aos-delay=\"100\">Hoy en d\u00eda Pride cuenta con una gran variedad de piezas exclusivas, formas y decisiones t\u00e9cnicas dentro de nuestros productos. La empresa ha ampliado considerablemente su radio de acci\u00f3n. Ahora importamos una amplia variedad de productos<\/div>\r\n\t\t<div class=\"auproducing__grid\">\r\n\t\t                <div class=\"auproducing__card\" data-aos=\"fade-up\" data-aos-delay=\"0\">\r\n                <div class=\"auproducing__name\">\r\n                                        <span>Subwoofers<\/span>\r\n                <\/div>\r\n                <div class=\"auproducing__image\">\r\n                    <img loading=\"lazy\" decoding=\"async\" width=\"310\" height=\"205\" src=\"https:\/\/pride.audio\/wp-content\/uploads\/2023\/08\/produce1.webp\" class=\"attachment-full size-full\" alt=\"\" \/>                <\/div>\r\n            <\/div>\r\n                        <div class=\"auproducing__card\" data-aos=\"fade-up\" data-aos-delay=\"200\">\r\n                <div class=\"auproducing__name\">\r\n                                        <span>Amplificadores<\/span>\r\n                <\/div>\r\n                <div class=\"auproducing__image\">\r\n                    <img loading=\"lazy\" decoding=\"async\" width=\"360\" height=\"206\" src=\"https:\/\/pride.audio\/wp-content\/uploads\/2023\/08\/produce2.webp\" class=\"attachment-full size-full\" alt=\"\" \/>                <\/div>\r\n            <\/div>\r\n                        <div class=\"auproducing__card\" data-aos=\"fade-up\" data-aos-delay=\"400\">\r\n                <div class=\"auproducing__name\">\r\n                                        <span>Altavoces<\/span>\r\n                <\/div>\r\n                <div class=\"auproducing__image\">\r\n                    <img loading=\"lazy\" decoding=\"async\" width=\"316\" height=\"207\" src=\"https:\/\/pride.audio\/wp-content\/uploads\/2023\/08\/produce3.webp\" class=\"attachment-full size-full\" alt=\"\" \/>                <\/div>\r\n            <\/div>\r\n            \t\t<\/div>\r\n\t<\/div>\r\n<\/section>\r\n\n\n<section class=\"auvalues\">\r\n    <div class=\"container\">\r\n        <h2 class=\"auvalues__title\" data-aos=\"fade-up\">Nuestros valores<\/h2>\r\n        <div class=\"auvalues__grid\">\r\n\t\t\t                <div class=\"iconbox\" data-aos=\"fade-up\" data-aos-delay=\"0\">\r\n                    <div class=\"iconbox__icon\">\r\n\t\t\t\t\t\t<img loading=\"lazy\" decoding=\"async\" width=\"35\" height=\"28\" src=\"https:\/\/pride.audio\/wp-content\/uploads\/2023\/08\/value1.svg\" class=\"attachment-full size-full\" alt=\"\" \/>                    <\/div>\r\n                    <div class=\"iconbox__title\">Equipo Pride<\/div>\r\n                    <div class=\"iconbox__snippet\">Pride \u2013 son los compa\u00f1eros, que tienen intereses mutuos, que avanzan hacia la progresi\u00f3n, que pueden aprender algo nuevo cada d\u00eda y que lo aportan al usuario final.<\/div>\r\n                <\/div>\r\n\t\t\t                <div class=\"iconbox\" data-aos=\"fade-up\" data-aos-delay=\"150\">\r\n                    <div class=\"iconbox__icon\">\r\n\t\t\t\t\t\t<img loading=\"lazy\" decoding=\"async\" width=\"28\" height=\"27\" src=\"https:\/\/pride.audio\/wp-content\/uploads\/2023\/08\/value2.svg\" class=\"attachment-full size-full\" alt=\"\" \/>                    <\/div>\r\n                    <div class=\"iconbox__title\">Su opini\u00f3n es importante<\/div>\r\n                    <div class=\"iconbox__snippet\">La empresa crece d\u00eda a d\u00eda y todos contribuimos a ello. Cada opini\u00f3n y comentario de un cliente real nos ayuda a mejorar el producto final.<\/div>\r\n                <\/div>\r\n\t\t\t                <div class=\"iconbox\" data-aos=\"fade-up\" data-aos-delay=\"300\">\r\n                    <div class=\"iconbox__icon\">\r\n\t\t\t\t\t\t<img loading=\"lazy\" decoding=\"async\" width=\"24\" height=\"36\" src=\"https:\/\/pride.audio\/wp-content\/uploads\/2023\/08\/value3.svg\" class=\"attachment-full size-full\" alt=\"\" \/>                    <\/div>\r\n                    <div class=\"iconbox__title\">Construir un futuro mejor para nuestros clientes<\/div>\r\n                    <div class=\"iconbox__snippet\">Escapamos del modelo &#8220;obtener grandes ingresos de las ventas en un par de a\u00f1os&#8221;. Nuestro objetivo: desarrollar sistem\u00e1ticamente, mejorar nuestro producto y satisfacer a nuestros clientes.<\/div>\r\n                <\/div>\r\n\t\t\t        <\/div>\r\n    <\/div>\r\n<\/section>\r\n","protected":false},"excerpt":{"rendered":"","protected":false},"author":1,"featured_media":14532,"parent":0,"menu_order":0,"comment_status":"closed","ping_status":"closed","template":"page-templates\/canvas-template.php","meta":{"inline_featured_image":false,"footnotes":""},"class_list":["post-14519","page","type-page","status-publish","has-post-thumbnail","hentry"],"acf":[],"yoast_head":"<!-- This site is optimized with the Yoast SEO plugin v27.3 - https:\/\/yoast.com\/product\/yoast-seo-wordpress\/ -->\n<title>Qui\u00e9nes somos - Pride Audio. USA Online store<\/title>\n<meta name=\"robots\" content=\"index, follow, max-snippet:-1, max-image-preview:large, max-video-preview:-1\" \/>\n<link rel=\"canonical\" href=\"https:\/\/pride.audio\/es\/about-us\/\" \/>\n<meta property=\"og:locale\" content=\"es_ES\" \/>\n<meta property=\"og:type\" content=\"article\" \/>\n<meta property=\"og:title\" content=\"Qui\u00e9nes somos - Pride Audio. USA Online store\" \/>\n<meta property=\"og:url\" content=\"https:\/\/pride.audio\/es\/about-us\/\" \/>\n<meta property=\"og:site_name\" content=\"Pride Audio. USA Online store\" \/>\n<meta property=\"article:modified_time\" content=\"2024-03-11T14:29:56+00:00\" \/>\n<meta property=\"og:image\" content=\"https:\/\/pride.audio\/wp-content\/uploads\/2023\/11\/image.png\" \/>\n\t<meta property=\"og:image:width\" content=\"512\" \/>\n\t<meta property=\"og:image:height\" content=\"512\" \/>\n\t<meta property=\"og:image:type\" content=\"image\/png\" \/>\n<meta name=\"twitter:card\" content=\"summary_large_image\" \/>\n<meta name=\"twitter:label1\" content=\"Tiempo de lectura\" \/>\n\t<meta name=\"twitter:data1\" content=\"1 minuto\" \/>\n<script type=\"application\/ld+json\" class=\"yoast-schema-graph\">{\"@context\":\"https:\\\/\\\/schema.org\",\"@graph\":[{\"@type\":\"WebPage\",\"@id\":\"https:\\\/\\\/pride.audio\\\/es\\\/about-us\\\/\",\"url\":\"https:\\\/\\\/pride.audio\\\/es\\\/about-us\\\/\",\"name\":\"Qui\u00e9nes somos - Pride Audio. USA Online store\",\"isPartOf\":{\"@id\":\"https:\\\/\\\/pride.audio\\\/#website\"},\"primaryImageOfPage\":{\"@id\":\"https:\\\/\\\/pride.audio\\\/es\\\/about-us\\\/#primaryimage\"},\"image\":{\"@id\":\"https:\\\/\\\/pride.audio\\\/es\\\/about-us\\\/#primaryimage\"},\"thumbnailUrl\":\"https:\\\/\\\/pride.audio\\\/wp-content\\\/uploads\\\/2023\\\/11\\\/image.png\",\"datePublished\":\"2019-05-08T10:53:23+00:00\",\"dateModified\":\"2024-03-11T14:29:56+00:00\",\"breadcrumb\":{\"@id\":\"https:\\\/\\\/pride.audio\\\/es\\\/about-us\\\/#breadcrumb\"},\"inLanguage\":\"es\",\"potentialAction\":[{\"@type\":\"ReadAction\",\"target\":[\"https:\\\/\\\/pride.audio\\\/es\\\/about-us\\\/\"]}]},{\"@type\":\"ImageObject\",\"inLanguage\":\"es\",\"@id\":\"https:\\\/\\\/pride.audio\\\/es\\\/about-us\\\/#primaryimage\",\"url\":\"https:\\\/\\\/pride.audio\\\/wp-content\\\/uploads\\\/2023\\\/11\\\/image.png\",\"contentUrl\":\"https:\\\/\\\/pride.audio\\\/wp-content\\\/uploads\\\/2023\\\/11\\\/image.png\",\"width\":512,\"height\":512},{\"@type\":\"BreadcrumbList\",\"@id\":\"https:\\\/\\\/pride.audio\\\/es\\\/about-us\\\/#breadcrumb\",\"itemListElement\":[{\"@type\":\"ListItem\",\"position\":1,\"name\":\"Home\",\"item\":\"https:\\\/\\\/pride.audio\\\/es\\\/\"},{\"@type\":\"ListItem\",\"position\":2,\"name\":\"Qui\u00e9nes somos\"}]},{\"@type\":\"WebSite\",\"@id\":\"https:\\\/\\\/pride.audio\\\/#website\",\"url\":\"https:\\\/\\\/pride.audio\\\/\",\"name\":\"Pride Audio. USA Online store\",\"description\":\"Pride Car Audio: Official site\",\"publisher\":{\"@id\":\"https:\\\/\\\/pride.audio\\\/#organization\"},\"potentialAction\":[{\"@type\":\"SearchAction\",\"target\":{\"@type\":\"EntryPoint\",\"urlTemplate\":\"https:\\\/\\\/pride.audio\\\/?s={search_term_string}\"},\"query-input\":{\"@type\":\"PropertyValueSpecification\",\"valueRequired\":true,\"valueName\":\"search_term_string\"}}],\"inLanguage\":\"es\"},{\"@type\":\"Organization\",\"@id\":\"https:\\\/\\\/pride.audio\\\/#organization\",\"name\":\"Pride Audio. USA Online store\",\"url\":\"https:\\\/\\\/pride.audio\\\/\",\"logo\":{\"@type\":\"ImageObject\",\"inLanguage\":\"es\",\"@id\":\"https:\\\/\\\/pride.audio\\\/#\\\/schema\\\/logo\\\/image\\\/\",\"url\":\"https:\\\/\\\/pride.audio\\\/wp-content\\\/uploads\\\/2023\\\/08\\\/g10.svg\",\"contentUrl\":\"https:\\\/\\\/pride.audio\\\/wp-content\\\/uploads\\\/2023\\\/08\\\/g10.svg\",\"width\":158,\"height\":34,\"caption\":\"Pride Audio. USA Online store\"},\"image\":{\"@id\":\"https:\\\/\\\/pride.audio\\\/#\\\/schema\\\/logo\\\/image\\\/\"}}]}<\/script>\n<!-- \/ Yoast SEO plugin. -->","yoast_head_json":{"title":"Qui\u00e9nes somos - Pride Audio. USA Online store","robots":{"index":"index","follow":"follow","max-snippet":"max-snippet:-1","max-image-preview":"max-image-preview:large","max-video-preview":"max-video-preview:-1"},"canonical":"https:\/\/pride.audio\/es\/about-us\/","og_locale":"es_ES","og_type":"article","og_title":"Qui\u00e9nes somos - Pride Audio. USA Online store","og_url":"https:\/\/pride.audio\/es\/about-us\/","og_site_name":"Pride Audio. USA Online store","article_modified_time":"2024-03-11T14:29:56+00:00","og_image":[{"width":512,"height":512,"url":"https:\/\/pride.audio\/wp-content\/uploads\/2023\/11\/image.png","type":"image\/png"}],"twitter_card":"summary_large_image","twitter_misc":{"Tiempo de lectura":"1 minuto"},"schema":{"@context":"https:\/\/schema.org","@graph":[{"@type":"WebPage","@id":"https:\/\/pride.audio\/es\/about-us\/","url":"https:\/\/pride.audio\/es\/about-us\/","name":"Qui\u00e9nes somos - Pride Audio. USA Online store","isPartOf":{"@id":"https:\/\/pride.audio\/#website"},"primaryImageOfPage":{"@id":"https:\/\/pride.audio\/es\/about-us\/#primaryimage"},"image":{"@id":"https:\/\/pride.audio\/es\/about-us\/#primaryimage"},"thumbnailUrl":"https:\/\/pride.audio\/wp-content\/uploads\/2023\/11\/image.png","datePublished":"2019-05-08T10:53:23+00:00","dateModified":"2024-03-11T14:29:56+00:00","breadcrumb":{"@id":"https:\/\/pride.audio\/es\/about-us\/#breadcrumb"},"inLanguage":"es","potentialAction":[{"@type":"ReadAction","target":["https:\/\/pride.audio\/es\/about-us\/"]}]},{"@type":"ImageObject","inLanguage":"es","@id":"https:\/\/pride.audio\/es\/about-us\/#primaryimage","url":"https:\/\/pride.audio\/wp-content\/uploads\/2023\/11\/image.png","contentUrl":"https:\/\/pride.audio\/wp-content\/uploads\/2023\/11\/image.png","width":512,"height":512},{"@type":"BreadcrumbList","@id":"https:\/\/pride.audio\/es\/about-us\/#breadcrumb","itemListElement":[{"@type":"ListItem","position":1,"name":"Home","item":"https:\/\/pride.audio\/es\/"},{"@type":"ListItem","position":2,"name":"Qui\u00e9nes somos"}]},{"@type":"WebSite","@id":"https:\/\/pride.audio\/#website","url":"https:\/\/pride.audio\/","name":"Pride Audio. USA Online store","description":"Pride Car Audio: Official site","publisher":{"@id":"https:\/\/pride.audio\/#organization"},"potentialAction":[{"@type":"SearchAction","target":{"@type":"EntryPoint","urlTemplate":"https:\/\/pride.audio\/?s={search_term_string}"},"query-input":{"@type":"PropertyValueSpecification","valueRequired":true,"valueName":"search_term_string"}}],"inLanguage":"es"},{"@type":"Organization","@id":"https:\/\/pride.audio\/#organization","name":"Pride Audio. USA Online store","url":"https:\/\/pride.audio\/","logo":{"@type":"ImageObject","inLanguage":"es","@id":"https:\/\/pride.audio\/#\/schema\/logo\/image\/","url":"https:\/\/pride.audio\/wp-content\/uploads\/2023\/08\/g10.svg","contentUrl":"https:\/\/pride.audio\/wp-content\/uploads\/2023\/08\/g10.svg","width":158,"height":34,"caption":"Pride Audio. USA Online store"},"image":{"@id":"https:\/\/pride.audio\/#\/schema\/logo\/image\/"}}]}},"_links":{"self":[{"href":"https:\/\/pride.audio\/es\/wp-json\/wp\/v2\/pages\/14519","targetHints":{"allow":["GET"]}}],"collection":[{"href":"https:\/\/pride.audio\/es\/wp-json\/wp\/v2\/pages"}],"about":[{"href":"https:\/\/pride.audio\/es\/wp-json\/wp\/v2\/types\/page"}],"author":[{"embeddable":true,"href":"https:\/\/pride.audio\/es\/wp-json\/wp\/v2\/users\/1"}],"replies":[{"embeddable":true,"href":"https:\/\/pride.audio\/es\/wp-json\/wp\/v2\/comments?post=14519"}],"version-history":[{"count":0,"href":"https:\/\/pride.audio\/es\/wp-json\/wp\/v2\/pages\/14519\/revisions"}],"wp:featuredmedia":[{"embeddable":true,"href":"https:\/\/pride.audio\/es\/wp-json\/wp\/v2\/media\/14532"}],"wp:attachment":[{"href":"https:\/\/pride.audio\/es\/wp-json\/wp\/v2\/media?parent=14519"}],"curies":[{"name":"wp","href":"https:\/\/api.w.org\/{rel}","templated":true}]}}