{"id":9672,"date":"2019-05-25T13:01:29","date_gmt":"2019-05-25T18:01:29","guid":{"rendered":"https:\/\/pride.audio\/product\/subwoofer-pride-w-8\/"},"modified":"2024-04-10T14:43:12","modified_gmt":"2024-04-10T12:43:12","slug":"w-80","status":"publish","type":"product","link":"https:\/\/pride.audio\/de\/produkt\/w-80\/","title":{"rendered":"Lautsprecher Pride W 8 RMS 300W Gr\u00f6\u00dfe 8&#8243;"},"content":{"rendered":"<p><strong>Lautsprecher Pride W 8<\/strong><\/p>\n<p>Lautsprecher Pride W 8, leistungsstarkes, tieft\u00f6nendes Midbass-Modell der Marke Pride Car Audio. Ein 20-Zentimeter-Tiefmittelt\u00f6ner, der sowohl im 2-Komponenten- als auch im 3-Komponenten-System verwendet werden kann.<\/p>\n<p>Unsere Empfehlungen sind eine Art Botschaft an den Benutzer, wie er das Potenzial des Lautsprechers freisetzen kann, nachdem er seine F\u00e4higkeiten in vollem Umfang erhalten hat.<\/p>\n<p>Wenn wir den W8 mit \u201eFalse-Midbass\u201c vergleichen, das sind gewichtete Mittelt\u00f6ner, dann k\u00f6nnen wir mit Sicherheit sagen, dass sie \u00fcberhaupt ohne Subwoofer verwendet werden k\u00f6nnen; das \u201eHimmlische\u201c ist uns nicht einmal nahe.<\/p>\n<p>Die beste Wahl f\u00fcr laute Systeme. Bereich der wiedergegebenen Frequenzen, Hz 50 \u2013 500Max (Spitzenleistung), W 600<br \/>\nRMS (Nennleistung), W 300Ausgewogener Klang, laut und hochwertig. Tolle Stimme und Gesang. Wie jeder<\/p>\n<p>Komplettes Verkaufsset:<\/p>\n<p>W8\u2033 \u2013 1 Paar<br \/>\nABS-Dichtung 8\u2033 \u2013 2 Stk<br \/>\nMetallgitter \u2013 2 Stk<br \/>\nKartonschachtel<\/p>\n<p>Metallgeflecht und Bauchring nicht im Lieferumfang enthalten<\/p>\n","protected":false},"excerpt":{"rendered":"<p>300 W<\/p>\n","protected":false},"featured_media":17427,"template":"","meta":{"inline_featured_image":false},"product_brand":[],"product_cat":[340,342],"product_tag":[],"class_list":{"0":"post-9672","1":"product","2":"type-product","3":"status-publish","4":"has-post-thumbnail","6":"product_cat-speakers","7":"product_cat-8-speakers","9":"first","10":"outofstock","11":"taxable","12":"shipping-taxable","13":"product-type-simple"},"acf":[],"yoast_head":"<!-- This site is optimized with the Yoast SEO plugin v27.3 - https:\/\/yoast.com\/product\/yoast-seo-wordpress\/ -->\n<title>Lautsprecher Pride W 8 RMS 300W Gr\u00f6\u00dfe 8&quot; - Pride Car Audio1<\/title>\n<meta name=\"robots\" content=\"index, follow, max-snippet:-1, max-image-preview:large, max-video-preview:-1\" \/>\n<link rel=\"canonical\" href=\"https:\/\/pride.audio\/produkt\/w-80\/\" \/>\n<meta property=\"og:locale\" content=\"de_DE\" \/>\n<meta property=\"og:type\" content=\"article\" \/>\n<meta property=\"og:title\" content=\"Lautsprecher Pride W 8 RMS 300W Gr\u00f6\u00dfe 8&quot; - Pride Car Audio1\" \/>\n<meta property=\"og:description\" content=\"300 W\" \/>\n<meta property=\"og:url\" content=\"https:\/\/pride.audio\/produkt\/w-80\/\" \/>\n<meta property=\"og:site_name\" content=\"Pride Car Audio1\" \/>\n<meta property=\"article:modified_time\" content=\"2024-04-10T12:43:12+00:00\" \/>\n<meta property=\"og:image\" content=\"https:\/\/pride.audio\/wp-content\/uploads\/izobrazhenie-sdelano-25.10.2019-v-21.51.jpg\" \/>\n\t<meta property=\"og:image:width\" content=\"792\" \/>\n\t<meta property=\"og:image:height\" content=\"792\" \/>\n\t<meta property=\"og:image:type\" content=\"image\/jpeg\" \/>\n<meta name=\"twitter:card\" content=\"summary_large_image\" \/>\n<meta name=\"twitter:label1\" content=\"Gesch\u00e4tzte Lesezeit\" \/>\n\t<meta name=\"twitter:data1\" content=\"1\u00a0Minute\" \/>\n<script type=\"application\/ld+json\" class=\"yoast-schema-graph\">{\"@context\":\"https:\\\/\\\/schema.org\",\"@graph\":[{\"@type\":\"WebPage\",\"@id\":\"https:\\\/\\\/pride.audio\\\/produkt\\\/w-80\\\/\",\"url\":\"https:\\\/\\\/pride.audio\\\/produkt\\\/w-80\\\/\",\"name\":\"Lautsprecher Pride W 8 RMS 300W Gr\u00f6\u00dfe 8\\\" - Pride Car Audio1\",\"isPartOf\":{\"@id\":\"https:\\\/\\\/pride.audio\\\/#website\"},\"primaryImageOfPage\":{\"@id\":\"https:\\\/\\\/pride.audio\\\/produkt\\\/w-80\\\/#primaryimage\"},\"image\":{\"@id\":\"https:\\\/\\\/pride.audio\\\/produkt\\\/w-80\\\/#primaryimage\"},\"thumbnailUrl\":\"https:\\\/\\\/pride.audio\\\/wp-content\\\/uploads\\\/2019\\\/05\\\/product_speakers_W8-.jpg\",\"datePublished\":\"2019-05-25T18:01:29+00:00\",\"dateModified\":\"2024-04-10T12:43:12+00:00\",\"breadcrumb\":{\"@id\":\"https:\\\/\\\/pride.audio\\\/produkt\\\/w-80\\\/#breadcrumb\"},\"inLanguage\":\"de\",\"potentialAction\":[{\"@type\":\"ReadAction\",\"target\":[\"https:\\\/\\\/pride.audio\\\/produkt\\\/w-80\\\/\"]}]},{\"@type\":\"ImageObject\",\"inLanguage\":\"de\",\"@id\":\"https:\\\/\\\/pride.audio\\\/produkt\\\/w-80\\\/#primaryimage\",\"url\":\"https:\\\/\\\/pride.audio\\\/wp-content\\\/uploads\\\/2019\\\/05\\\/product_speakers_W8-.jpg\",\"contentUrl\":\"https:\\\/\\\/pride.audio\\\/wp-content\\\/uploads\\\/2019\\\/05\\\/product_speakers_W8-.jpg\",\"width\":300,\"height\":300},{\"@type\":\"BreadcrumbList\",\"@id\":\"https:\\\/\\\/pride.audio\\\/produkt\\\/w-80\\\/#breadcrumb\",\"itemListElement\":[{\"@type\":\"ListItem\",\"position\":1,\"name\":\"Home\",\"item\":\"https:\\\/\\\/pride.audio\\\/de\\\/\"},{\"@type\":\"ListItem\",\"position\":2,\"name\":\"Shop\",\"item\":\"https:\\\/\\\/pride.audio\\\/de\\\/shop-2\\\/\"},{\"@type\":\"ListItem\",\"position\":3,\"name\":\"Lautsprecher Pride W 8 RMS 300W Gr\u00f6\u00dfe 8&#8243;\"}]},{\"@type\":\"WebSite\",\"@id\":\"https:\\\/\\\/pride.audio\\\/#website\",\"url\":\"https:\\\/\\\/pride.audio\\\/\",\"name\":\"Pride Car Audio1\",\"description\":\"Pride Car Audio: Official site\",\"publisher\":{\"@id\":\"https:\\\/\\\/pride.audio\\\/#organization\"},\"potentialAction\":[{\"@type\":\"SearchAction\",\"target\":{\"@type\":\"EntryPoint\",\"urlTemplate\":\"https:\\\/\\\/pride.audio\\\/?s={search_term_string}\"},\"query-input\":{\"@type\":\"PropertyValueSpecification\",\"valueRequired\":true,\"valueName\":\"search_term_string\"}}],\"inLanguage\":\"de\"},{\"@type\":\"Organization\",\"@id\":\"https:\\\/\\\/pride.audio\\\/#organization\",\"name\":\"Pride Car Audio1\",\"url\":\"https:\\\/\\\/pride.audio\\\/\",\"logo\":{\"@type\":\"ImageObject\",\"inLanguage\":\"de\",\"@id\":\"https:\\\/\\\/pride.audio\\\/#\\\/schema\\\/logo\\\/image\\\/\",\"url\":\"https:\\\/\\\/pride.audio\\\/wp-content\\\/uploads\\\/2023\\\/08\\\/g10.svg\",\"contentUrl\":\"https:\\\/\\\/pride.audio\\\/wp-content\\\/uploads\\\/2023\\\/08\\\/g10.svg\",\"width\":158,\"height\":34,\"caption\":\"Pride Car Audio1\"},\"image\":{\"@id\":\"https:\\\/\\\/pride.audio\\\/#\\\/schema\\\/logo\\\/image\\\/\"}}]}<\/script>\n<!-- \/ Yoast SEO plugin. -->","yoast_head_json":{"title":"Lautsprecher Pride W 8 RMS 300W Gr\u00f6\u00dfe 8\" - Pride Car Audio1","robots":{"index":"index","follow":"follow","max-snippet":"max-snippet:-1","max-image-preview":"max-image-preview:large","max-video-preview":"max-video-preview:-1"},"canonical":"https:\/\/pride.audio\/produkt\/w-80\/","og_locale":"de_DE","og_type":"article","og_title":"Lautsprecher Pride W 8 RMS 300W Gr\u00f6\u00dfe 8\" - Pride Car Audio1","og_description":"300 W","og_url":"https:\/\/pride.audio\/produkt\/w-80\/","og_site_name":"Pride Car Audio1","article_modified_time":"2024-04-10T12:43:12+00:00","og_image":[{"width":792,"height":792,"url":"https:\/\/pride.audio\/wp-content\/uploads\/izobrazhenie-sdelano-25.10.2019-v-21.51.jpg","type":"image\/jpeg"}],"twitter_card":"summary_large_image","twitter_misc":{"Gesch\u00e4tzte Lesezeit":"1\u00a0Minute"},"schema":{"@context":"https:\/\/schema.org","@graph":[{"@type":"WebPage","@id":"https:\/\/pride.audio\/produkt\/w-80\/","url":"https:\/\/pride.audio\/produkt\/w-80\/","name":"Lautsprecher Pride W 8 RMS 300W Gr\u00f6\u00dfe 8\" - Pride Car Audio1","isPartOf":{"@id":"https:\/\/pride.audio\/#website"},"primaryImageOfPage":{"@id":"https:\/\/pride.audio\/produkt\/w-80\/#primaryimage"},"image":{"@id":"https:\/\/pride.audio\/produkt\/w-80\/#primaryimage"},"thumbnailUrl":"https:\/\/pride.audio\/wp-content\/uploads\/2019\/05\/product_speakers_W8-.jpg","datePublished":"2019-05-25T18:01:29+00:00","dateModified":"2024-04-10T12:43:12+00:00","breadcrumb":{"@id":"https:\/\/pride.audio\/produkt\/w-80\/#breadcrumb"},"inLanguage":"de","potentialAction":[{"@type":"ReadAction","target":["https:\/\/pride.audio\/produkt\/w-80\/"]}]},{"@type":"ImageObject","inLanguage":"de","@id":"https:\/\/pride.audio\/produkt\/w-80\/#primaryimage","url":"https:\/\/pride.audio\/wp-content\/uploads\/2019\/05\/product_speakers_W8-.jpg","contentUrl":"https:\/\/pride.audio\/wp-content\/uploads\/2019\/05\/product_speakers_W8-.jpg","width":300,"height":300},{"@type":"BreadcrumbList","@id":"https:\/\/pride.audio\/produkt\/w-80\/#breadcrumb","itemListElement":[{"@type":"ListItem","position":1,"name":"Home","item":"https:\/\/pride.audio\/de\/"},{"@type":"ListItem","position":2,"name":"Shop","item":"https:\/\/pride.audio\/de\/shop-2\/"},{"@type":"ListItem","position":3,"name":"Lautsprecher Pride W 8 RMS 300W Gr\u00f6\u00dfe 8&#8243;"}]},{"@type":"WebSite","@id":"https:\/\/pride.audio\/#website","url":"https:\/\/pride.audio\/","name":"Pride Car Audio1","description":"Pride Car Audio: Official site","publisher":{"@id":"https:\/\/pride.audio\/#organization"},"potentialAction":[{"@type":"SearchAction","target":{"@type":"EntryPoint","urlTemplate":"https:\/\/pride.audio\/?s={search_term_string}"},"query-input":{"@type":"PropertyValueSpecification","valueRequired":true,"valueName":"search_term_string"}}],"inLanguage":"de"},{"@type":"Organization","@id":"https:\/\/pride.audio\/#organization","name":"Pride Car Audio1","url":"https:\/\/pride.audio\/","logo":{"@type":"ImageObject","inLanguage":"de","@id":"https:\/\/pride.audio\/#\/schema\/logo\/image\/","url":"https:\/\/pride.audio\/wp-content\/uploads\/2023\/08\/g10.svg","contentUrl":"https:\/\/pride.audio\/wp-content\/uploads\/2023\/08\/g10.svg","width":158,"height":34,"caption":"Pride Car Audio1"},"image":{"@id":"https:\/\/pride.audio\/#\/schema\/logo\/image\/"}}]}},"_links":{"self":[{"href":"https:\/\/pride.audio\/de\/wp-json\/wp\/v2\/product\/9672","targetHints":{"allow":["GET"]}}],"collection":[{"href":"https:\/\/pride.audio\/de\/wp-json\/wp\/v2\/product"}],"about":[{"href":"https:\/\/pride.audio\/de\/wp-json\/wp\/v2\/types\/product"}],"wp:featuredmedia":[{"embeddable":true,"href":"https:\/\/pride.audio\/de\/wp-json\/wp\/v2\/media\/17427"}],"wp:attachment":[{"href":"https:\/\/pride.audio\/de\/wp-json\/wp\/v2\/media?parent=9672"}],"wp:term":[{"taxonomy":"product_brand","embeddable":true,"href":"https:\/\/pride.audio\/de\/wp-json\/wp\/v2\/product_brand?post=9672"},{"taxonomy":"product_cat","embeddable":true,"href":"https:\/\/pride.audio\/de\/wp-json\/wp\/v2\/product_cat?post=9672"},{"taxonomy":"product_tag","embeddable":true,"href":"https:\/\/pride.audio\/de\/wp-json\/wp\/v2\/product_tag?post=9672"}],"curies":[{"name":"wp","href":"https:\/\/api.w.org\/{rel}","templated":true}]}}