{"id":9626,"date":"2019-05-25T21:29:56","date_gmt":"2019-05-26T02:29:56","guid":{"rendered":"https:\/\/pride.audio\/product\/amplifier-pride-uno-xl\/"},"modified":"2024-04-10T14:41:07","modified_gmt":"2024-04-10T12:41:07","slug":"u-12","status":"publish","type":"product","link":"https:\/\/pride.audio\/de\/produkt\/u-12\/","title":{"rendered":"Verst\u00e4rker Pride Uno XL \u2013 1200 W x 1 Kanal"},"content":{"rendered":"<p><strong>Verst\u00e4rker Pride Uno XL<\/strong><\/p>\n<p>Wir pr\u00e4sentieren Ihnen die Uno-Serie von Pride, einkanalige Subwoofer-Verst\u00e4rker mit koreanischer Schaltung.<\/p>\n<p>Die Linie umfasst 3 Modelle, wie UNO, UNO PLUS und UNO XL mit einer Leistung von 400, 700 und 1200 W mit einer Verzerrung von 5 % und einer Last von 1 Ohm. An Bord von drei Modellen gibt es eine externe Pegelregelung mit Anzeigen f\u00fcr Verst\u00e4rkerbetrieb und \u00dcberlastung (Klipp).<\/p>\n<p>Die koreanische Schaltung bietet uns eine h\u00f6here Stabilit\u00e4t im Betrieb als chinesische Modelle und beh\u00e4lt au\u00dferdem einen guten, satten Bass bei.<br \/>\nNachschub im Lineup Pride Uno. Zuverl\u00e4ssig, klein und vor allem erschwinglich \u2013 Pride Uno XL!<\/p>\n<p>Leistung \u2013 1200 W pro 1 Ohm Last, mit Eingang. Spannung 14,4 V und K.N.I. Gehalte &lt;1 %.<\/p>\n<p>Wir empfehlen dieses Modell als gro\u00dfartige Option f\u00fcr Systeme, die ein Paar Subwoofer wie PRIDE LP12 mit 2 + 2 Schwingspulen und einem Nenn-Ohm-Anschluss verwenden.<\/p>\n<p>Die Fernbedienung der Eingangsempfindlichkeitsstufe verf\u00fcgt \u00fcber eine LED-Anzeige f\u00fcr das \u00dcberschreiten der zul\u00e4ssigen Verzerrungsschwelle. Der Leistungsverst\u00e4rker ist nicht f\u00fcr den Betrieb im \u201eBr\u00fcckenmodus\u201c ausgelegt.<\/p>\n<p>Leistung an 4 Ohm \u2013 500 W<br \/>\nLeistung an 2 Ohm \u2013 900 W<br \/>\nLeistung bei 1 Ohm \u2013 1200 W<\/p>\n<p>Frequenzgang \u2013 15\u2013270 Hz<\/p>\n<p>1-Kanal-Leistungsverst\u00e4rker Pride UNO 1200W. Geeignet f\u00fcr Subwoofer bis 1200 Watt RMS. Die Qualit\u00e4t und Stabilit\u00e4t der UNO-Linie machen die Verst\u00e4rker zu einer ausgezeichneten Wahl.<\/p>\n<p>Kaufen Sie es jetzt und genie\u00dfen Sie die Kraft des Klangs!<\/p>\n","protected":false},"excerpt":{"rendered":"<p>1200W<\/p>\n","protected":false},"featured_media":18811,"template":"","meta":{"inline_featured_image":false},"product_brand":[],"product_cat":[328,329],"product_tag":[],"class_list":{"0":"post-9626","1":"product","2":"type-product","3":"status-publish","4":"has-post-thumbnail","6":"product_cat-amplifiers","7":"product_cat-1-channel","9":"first","10":"outofstock","11":"taxable","12":"shipping-taxable","13":"product-type-simple"},"acf":[],"yoast_head":"<!-- This site is optimized with the Yoast SEO plugin v27.3 - https:\/\/yoast.com\/product\/yoast-seo-wordpress\/ -->\n<title>Verst\u00e4rker Pride Uno XL \u2013 1200 W x 1 Kanal - Pride Car Audio1<\/title>\n<meta name=\"robots\" content=\"index, follow, max-snippet:-1, max-image-preview:large, max-video-preview:-1\" \/>\n<link rel=\"canonical\" href=\"https:\/\/pride.audio\/produkt\/u-12\/\" \/>\n<meta property=\"og:locale\" content=\"de_DE\" \/>\n<meta property=\"og:type\" content=\"article\" \/>\n<meta property=\"og:title\" content=\"Verst\u00e4rker Pride Uno XL \u2013 1200 W x 1 Kanal - Pride Car Audio1\" \/>\n<meta property=\"og:description\" content=\"1200W\" \/>\n<meta property=\"og:url\" content=\"https:\/\/pride.audio\/produkt\/u-12\/\" \/>\n<meta property=\"og:site_name\" content=\"Pride Car Audio1\" \/>\n<meta property=\"article:modified_time\" content=\"2024-04-10T12:41:07+00:00\" \/>\n<meta property=\"og:image\" content=\"https:\/\/pride.audio\/wp-content\/uploads\/izobrazhenie-sdelano-21.10.2019-v-19.30.jpg\" \/>\n\t<meta property=\"og:image:width\" content=\"723\" \/>\n\t<meta property=\"og:image:height\" content=\"723\" \/>\n\t<meta property=\"og:image:type\" content=\"image\/jpeg\" \/>\n<meta name=\"twitter:card\" content=\"summary_large_image\" \/>\n<meta name=\"twitter:label1\" content=\"Gesch\u00e4tzte Lesezeit\" \/>\n\t<meta name=\"twitter:data1\" content=\"1\u00a0Minute\" \/>\n<script type=\"application\/ld+json\" class=\"yoast-schema-graph\">{\"@context\":\"https:\\\/\\\/schema.org\",\"@graph\":[{\"@type\":\"WebPage\",\"@id\":\"https:\\\/\\\/pride.audio\\\/produkt\\\/u-12\\\/\",\"url\":\"https:\\\/\\\/pride.audio\\\/produkt\\\/u-12\\\/\",\"name\":\"Verst\u00e4rker Pride Uno XL \u2013 1200 W x 1 Kanal - Pride Car Audio1\",\"isPartOf\":{\"@id\":\"https:\\\/\\\/pride.audio\\\/#website\"},\"primaryImageOfPage\":{\"@id\":\"https:\\\/\\\/pride.audio\\\/produkt\\\/u-12\\\/#primaryimage\"},\"image\":{\"@id\":\"https:\\\/\\\/pride.audio\\\/produkt\\\/u-12\\\/#primaryimage\"},\"thumbnailUrl\":\"https:\\\/\\\/pride.audio\\\/wp-content\\\/uploads\\\/2019\\\/05\\\/F65EFDFE-5111-47F9-B8D9-658B6A036791.jpg\",\"datePublished\":\"2019-05-26T02:29:56+00:00\",\"dateModified\":\"2024-04-10T12:41:07+00:00\",\"breadcrumb\":{\"@id\":\"https:\\\/\\\/pride.audio\\\/produkt\\\/u-12\\\/#breadcrumb\"},\"inLanguage\":\"de\",\"potentialAction\":[{\"@type\":\"ReadAction\",\"target\":[\"https:\\\/\\\/pride.audio\\\/produkt\\\/u-12\\\/\"]}]},{\"@type\":\"ImageObject\",\"inLanguage\":\"de\",\"@id\":\"https:\\\/\\\/pride.audio\\\/produkt\\\/u-12\\\/#primaryimage\",\"url\":\"https:\\\/\\\/pride.audio\\\/wp-content\\\/uploads\\\/2019\\\/05\\\/F65EFDFE-5111-47F9-B8D9-658B6A036791.jpg\",\"contentUrl\":\"https:\\\/\\\/pride.audio\\\/wp-content\\\/uploads\\\/2019\\\/05\\\/F65EFDFE-5111-47F9-B8D9-658B6A036791.jpg\",\"width\":1170,\"height\":1170},{\"@type\":\"BreadcrumbList\",\"@id\":\"https:\\\/\\\/pride.audio\\\/produkt\\\/u-12\\\/#breadcrumb\",\"itemListElement\":[{\"@type\":\"ListItem\",\"position\":1,\"name\":\"Home\",\"item\":\"https:\\\/\\\/pride.audio\\\/de\\\/\"},{\"@type\":\"ListItem\",\"position\":2,\"name\":\"Shop\",\"item\":\"https:\\\/\\\/pride.audio\\\/de\\\/shop-2\\\/\"},{\"@type\":\"ListItem\",\"position\":3,\"name\":\"Verst\u00e4rker Pride Uno XL \u2013 1200 W x 1 Kanal\"}]},{\"@type\":\"WebSite\",\"@id\":\"https:\\\/\\\/pride.audio\\\/#website\",\"url\":\"https:\\\/\\\/pride.audio\\\/\",\"name\":\"Pride Car Audio1\",\"description\":\"Pride Car Audio: Official site\",\"publisher\":{\"@id\":\"https:\\\/\\\/pride.audio\\\/#organization\"},\"potentialAction\":[{\"@type\":\"SearchAction\",\"target\":{\"@type\":\"EntryPoint\",\"urlTemplate\":\"https:\\\/\\\/pride.audio\\\/?s={search_term_string}\"},\"query-input\":{\"@type\":\"PropertyValueSpecification\",\"valueRequired\":true,\"valueName\":\"search_term_string\"}}],\"inLanguage\":\"de\"},{\"@type\":\"Organization\",\"@id\":\"https:\\\/\\\/pride.audio\\\/#organization\",\"name\":\"Pride Car Audio1\",\"url\":\"https:\\\/\\\/pride.audio\\\/\",\"logo\":{\"@type\":\"ImageObject\",\"inLanguage\":\"de\",\"@id\":\"https:\\\/\\\/pride.audio\\\/#\\\/schema\\\/logo\\\/image\\\/\",\"url\":\"https:\\\/\\\/pride.audio\\\/wp-content\\\/uploads\\\/2023\\\/08\\\/g10.svg\",\"contentUrl\":\"https:\\\/\\\/pride.audio\\\/wp-content\\\/uploads\\\/2023\\\/08\\\/g10.svg\",\"width\":158,\"height\":34,\"caption\":\"Pride Car Audio1\"},\"image\":{\"@id\":\"https:\\\/\\\/pride.audio\\\/#\\\/schema\\\/logo\\\/image\\\/\"}}]}<\/script>\n<!-- \/ Yoast SEO plugin. -->","yoast_head_json":{"title":"Verst\u00e4rker Pride Uno XL \u2013 1200 W x 1 Kanal - Pride Car Audio1","robots":{"index":"index","follow":"follow","max-snippet":"max-snippet:-1","max-image-preview":"max-image-preview:large","max-video-preview":"max-video-preview:-1"},"canonical":"https:\/\/pride.audio\/produkt\/u-12\/","og_locale":"de_DE","og_type":"article","og_title":"Verst\u00e4rker Pride Uno XL \u2013 1200 W x 1 Kanal - Pride Car Audio1","og_description":"1200W","og_url":"https:\/\/pride.audio\/produkt\/u-12\/","og_site_name":"Pride Car Audio1","article_modified_time":"2024-04-10T12:41:07+00:00","og_image":[{"width":723,"height":723,"url":"https:\/\/pride.audio\/wp-content\/uploads\/izobrazhenie-sdelano-21.10.2019-v-19.30.jpg","type":"image\/jpeg"}],"twitter_card":"summary_large_image","twitter_misc":{"Gesch\u00e4tzte Lesezeit":"1\u00a0Minute"},"schema":{"@context":"https:\/\/schema.org","@graph":[{"@type":"WebPage","@id":"https:\/\/pride.audio\/produkt\/u-12\/","url":"https:\/\/pride.audio\/produkt\/u-12\/","name":"Verst\u00e4rker Pride Uno XL \u2013 1200 W x 1 Kanal - Pride Car Audio1","isPartOf":{"@id":"https:\/\/pride.audio\/#website"},"primaryImageOfPage":{"@id":"https:\/\/pride.audio\/produkt\/u-12\/#primaryimage"},"image":{"@id":"https:\/\/pride.audio\/produkt\/u-12\/#primaryimage"},"thumbnailUrl":"https:\/\/pride.audio\/wp-content\/uploads\/2019\/05\/F65EFDFE-5111-47F9-B8D9-658B6A036791.jpg","datePublished":"2019-05-26T02:29:56+00:00","dateModified":"2024-04-10T12:41:07+00:00","breadcrumb":{"@id":"https:\/\/pride.audio\/produkt\/u-12\/#breadcrumb"},"inLanguage":"de","potentialAction":[{"@type":"ReadAction","target":["https:\/\/pride.audio\/produkt\/u-12\/"]}]},{"@type":"ImageObject","inLanguage":"de","@id":"https:\/\/pride.audio\/produkt\/u-12\/#primaryimage","url":"https:\/\/pride.audio\/wp-content\/uploads\/2019\/05\/F65EFDFE-5111-47F9-B8D9-658B6A036791.jpg","contentUrl":"https:\/\/pride.audio\/wp-content\/uploads\/2019\/05\/F65EFDFE-5111-47F9-B8D9-658B6A036791.jpg","width":1170,"height":1170},{"@type":"BreadcrumbList","@id":"https:\/\/pride.audio\/produkt\/u-12\/#breadcrumb","itemListElement":[{"@type":"ListItem","position":1,"name":"Home","item":"https:\/\/pride.audio\/de\/"},{"@type":"ListItem","position":2,"name":"Shop","item":"https:\/\/pride.audio\/de\/shop-2\/"},{"@type":"ListItem","position":3,"name":"Verst\u00e4rker Pride Uno XL \u2013 1200 W x 1 Kanal"}]},{"@type":"WebSite","@id":"https:\/\/pride.audio\/#website","url":"https:\/\/pride.audio\/","name":"Pride Car Audio1","description":"Pride Car Audio: Official site","publisher":{"@id":"https:\/\/pride.audio\/#organization"},"potentialAction":[{"@type":"SearchAction","target":{"@type":"EntryPoint","urlTemplate":"https:\/\/pride.audio\/?s={search_term_string}"},"query-input":{"@type":"PropertyValueSpecification","valueRequired":true,"valueName":"search_term_string"}}],"inLanguage":"de"},{"@type":"Organization","@id":"https:\/\/pride.audio\/#organization","name":"Pride Car Audio1","url":"https:\/\/pride.audio\/","logo":{"@type":"ImageObject","inLanguage":"de","@id":"https:\/\/pride.audio\/#\/schema\/logo\/image\/","url":"https:\/\/pride.audio\/wp-content\/uploads\/2023\/08\/g10.svg","contentUrl":"https:\/\/pride.audio\/wp-content\/uploads\/2023\/08\/g10.svg","width":158,"height":34,"caption":"Pride Car Audio1"},"image":{"@id":"https:\/\/pride.audio\/#\/schema\/logo\/image\/"}}]}},"_links":{"self":[{"href":"https:\/\/pride.audio\/de\/wp-json\/wp\/v2\/product\/9626","targetHints":{"allow":["GET"]}}],"collection":[{"href":"https:\/\/pride.audio\/de\/wp-json\/wp\/v2\/product"}],"about":[{"href":"https:\/\/pride.audio\/de\/wp-json\/wp\/v2\/types\/product"}],"wp:featuredmedia":[{"embeddable":true,"href":"https:\/\/pride.audio\/de\/wp-json\/wp\/v2\/media\/18811"}],"wp:attachment":[{"href":"https:\/\/pride.audio\/de\/wp-json\/wp\/v2\/media?parent=9626"}],"wp:term":[{"taxonomy":"product_brand","embeddable":true,"href":"https:\/\/pride.audio\/de\/wp-json\/wp\/v2\/product_brand?post=9626"},{"taxonomy":"product_cat","embeddable":true,"href":"https:\/\/pride.audio\/de\/wp-json\/wp\/v2\/product_cat?post=9626"},{"taxonomy":"product_tag","embeddable":true,"href":"https:\/\/pride.audio\/de\/wp-json\/wp\/v2\/product_tag?post=9626"}],"curies":[{"name":"wp","href":"https:\/\/api.w.org\/{rel}","templated":true}]}}