{"id":9598,"date":"2019-05-25T22:05:28","date_gmt":"2019-05-26T03:05:28","guid":{"rendered":"https:\/\/pride.audio\/product\/amplifiers-pride-apollo-5000-w\/"},"modified":"2024-04-10T14:36:17","modified_gmt":"2024-04-10T12:36:17","slug":"apl-50","status":"publish","type":"product","link":"https:\/\/pride.audio\/de\/produkt\/apl-50\/","title":{"rendered":"Verst\u00e4rker Pride Apollo \u2013 5000 W x 1 Kanal"},"content":{"rendered":"<p><strong>Verst\u00e4rker Pride Apollo<\/strong><\/p>\n<p>Praktisch, zuverl\u00e4ssig, einfach zu bedienen \u2013 dieses Autoverst\u00e4rkermodell vereint dies und noch viel mehr. Wenn Sie leistungsstarke Lautsprecher oder einen Subwoofer anschlie\u00dfen oder ein 2- oder 3-Wege-System betreiben m\u00f6chten, k\u00f6nnen Sie auf einen Verst\u00e4rker nicht verzichten. Dank dessen k\u00f6nnen Sie in Ihrem Auto laute und hochwertige Musik genie\u00dfen.<\/p>\n<p>1-Kanal-Leistungsverst\u00e4rker Pride Apollo 5000W. Geeignet f\u00fcr Subwoofer bis 5000 Watt RMS.<br \/>\nDieses Modell ist eine ausgezeichnete Wahl in Systemen, in denen 3-4 Lautsprecher installiert sind, zum Beispiel die Pride HP\/MT-Serie oder ein Paar Pride Tv.3\/Sv.3-Lautsprecher<\/p>\n<p>Die Nennleistung des Pride Appolo betr\u00e4gt 5.000 Watt pro 1 Ohm Last, bei einer Spannung von 14,4 V und einem Verzerrungsgrad des Ausgangssignals von 1 %.<\/p>\n<p>Es kann sowohl im Bridge-Modus als auch im Array-Modus (Link) arbeiten. Der Anschluss an eine Last mit einem Widerstand von 0,5 Ohm ist bedenkenlos m\u00f6glich, wenn es sich um einen Subwoofer-Lautsprecher handelt, dessen Gleichstromwiderstand der Schwingspulen nicht unter der angegebenen Markierung liegt.<\/p>\n<p>Bereich der wiedergegebenen Frequenzen, Hz 15 \u2013 270<\/p>\n<p>&nbsp;<\/p>\n<p>RMS-Nennleistung von 1 Ohm, Anzahl Kan\u00e4le x W 2 x 5000<br \/>\nRMS-Nennleistung von 2 Ohm, Anzahl Kan\u00e4le x W 4 x 3000<br \/>\nRMS-Nennleistung bei 4 Ohm, Anzahl Kan\u00e4le x W 4 x 1700<\/p>\n<p>Entwickelt und entworfen auf der Grundlage koreanischer Schaltkreise mit Unterst\u00fctzung russischer Ingenieure.<br \/>\nHervorragende L\u00f6sung f\u00fcr leistungsstarke Subwoofer und hochwertigen Klang f\u00fcr viele Jahre Arbeit.<\/p>\n<p>Kaufen Sie es jetzt und genie\u00dfen Sie die Klangkraft von Pride Car Audio!<\/p>\n","protected":false},"excerpt":{"rendered":"<p>5000W<\/p>\n","protected":false},"featured_media":18827,"template":"","meta":{"inline_featured_image":false},"product_brand":[],"product_cat":[328,329],"product_tag":[],"class_list":{"0":"post-9598","1":"product","2":"type-product","3":"status-publish","4":"has-post-thumbnail","6":"product_cat-amplifiers","7":"product_cat-1-channel","9":"first","10":"outofstock","11":"taxable","12":"shipping-taxable","13":"product-type-simple"},"acf":[],"yoast_head":"<!-- This site is optimized with the Yoast SEO plugin v27.3 - https:\/\/yoast.com\/product\/yoast-seo-wordpress\/ -->\n<title>Verst\u00e4rker Pride Apollo \u2013 5000 W x 1 Kanal - Pride Car Audio1<\/title>\n<meta name=\"robots\" content=\"index, follow, max-snippet:-1, max-image-preview:large, max-video-preview:-1\" \/>\n<link rel=\"canonical\" href=\"https:\/\/pride.audio\/produkt\/apl-50\/\" \/>\n<meta property=\"og:locale\" content=\"de_DE\" \/>\n<meta property=\"og:type\" content=\"article\" \/>\n<meta property=\"og:title\" content=\"Verst\u00e4rker Pride Apollo \u2013 5000 W x 1 Kanal - Pride Car Audio1\" \/>\n<meta property=\"og:description\" content=\"5000W\" \/>\n<meta property=\"og:url\" content=\"https:\/\/pride.audio\/produkt\/apl-50\/\" \/>\n<meta property=\"og:site_name\" content=\"Pride Car Audio1\" \/>\n<meta property=\"article:modified_time\" content=\"2024-04-10T12:36:17+00:00\" \/>\n<meta property=\"og:image\" content=\"https:\/\/pride.audio\/wp-content\/uploads\/izobrazhenie-sdelano-21.10.2019-v-21.00.jpg\" \/>\n\t<meta property=\"og:image:width\" content=\"648\" \/>\n\t<meta property=\"og:image:height\" content=\"648\" \/>\n\t<meta property=\"og:image:type\" content=\"image\/jpeg\" \/>\n<meta name=\"twitter:card\" content=\"summary_large_image\" \/>\n<meta name=\"twitter:label1\" content=\"Gesch\u00e4tzte Lesezeit\" \/>\n\t<meta name=\"twitter:data1\" content=\"1\u00a0Minute\" \/>\n<script type=\"application\/ld+json\" class=\"yoast-schema-graph\">{\"@context\":\"https:\\\/\\\/schema.org\",\"@graph\":[{\"@type\":\"WebPage\",\"@id\":\"https:\\\/\\\/pride.audio\\\/produkt\\\/apl-50\\\/\",\"url\":\"https:\\\/\\\/pride.audio\\\/produkt\\\/apl-50\\\/\",\"name\":\"Verst\u00e4rker Pride Apollo \u2013 5000 W x 1 Kanal - Pride Car Audio1\",\"isPartOf\":{\"@id\":\"https:\\\/\\\/pride.audio\\\/#website\"},\"primaryImageOfPage\":{\"@id\":\"https:\\\/\\\/pride.audio\\\/produkt\\\/apl-50\\\/#primaryimage\"},\"image\":{\"@id\":\"https:\\\/\\\/pride.audio\\\/produkt\\\/apl-50\\\/#primaryimage\"},\"thumbnailUrl\":\"https:\\\/\\\/pride.audio\\\/wp-content\\\/uploads\\\/2019\\\/05\\\/2024-06-10-15.26.53.jpg\",\"datePublished\":\"2019-05-26T03:05:28+00:00\",\"dateModified\":\"2024-04-10T12:36:17+00:00\",\"breadcrumb\":{\"@id\":\"https:\\\/\\\/pride.audio\\\/produkt\\\/apl-50\\\/#breadcrumb\"},\"inLanguage\":\"de\",\"potentialAction\":[{\"@type\":\"ReadAction\",\"target\":[\"https:\\\/\\\/pride.audio\\\/produkt\\\/apl-50\\\/\"]}]},{\"@type\":\"ImageObject\",\"inLanguage\":\"de\",\"@id\":\"https:\\\/\\\/pride.audio\\\/produkt\\\/apl-50\\\/#primaryimage\",\"url\":\"https:\\\/\\\/pride.audio\\\/wp-content\\\/uploads\\\/2019\\\/05\\\/2024-06-10-15.26.53.jpg\",\"contentUrl\":\"https:\\\/\\\/pride.audio\\\/wp-content\\\/uploads\\\/2019\\\/05\\\/2024-06-10-15.26.53.jpg\",\"width\":1170,\"height\":1170},{\"@type\":\"BreadcrumbList\",\"@id\":\"https:\\\/\\\/pride.audio\\\/produkt\\\/apl-50\\\/#breadcrumb\",\"itemListElement\":[{\"@type\":\"ListItem\",\"position\":1,\"name\":\"Home\",\"item\":\"https:\\\/\\\/pride.audio\\\/de\\\/\"},{\"@type\":\"ListItem\",\"position\":2,\"name\":\"Shop\",\"item\":\"https:\\\/\\\/pride.audio\\\/de\\\/shop-2\\\/\"},{\"@type\":\"ListItem\",\"position\":3,\"name\":\"Verst\u00e4rker Pride Apollo \u2013 5000 W x 1 Kanal\"}]},{\"@type\":\"WebSite\",\"@id\":\"https:\\\/\\\/pride.audio\\\/#website\",\"url\":\"https:\\\/\\\/pride.audio\\\/\",\"name\":\"Pride Car Audio1\",\"description\":\"Pride Car Audio: Official site\",\"publisher\":{\"@id\":\"https:\\\/\\\/pride.audio\\\/#organization\"},\"potentialAction\":[{\"@type\":\"SearchAction\",\"target\":{\"@type\":\"EntryPoint\",\"urlTemplate\":\"https:\\\/\\\/pride.audio\\\/?s={search_term_string}\"},\"query-input\":{\"@type\":\"PropertyValueSpecification\",\"valueRequired\":true,\"valueName\":\"search_term_string\"}}],\"inLanguage\":\"de\"},{\"@type\":\"Organization\",\"@id\":\"https:\\\/\\\/pride.audio\\\/#organization\",\"name\":\"Pride Car Audio1\",\"url\":\"https:\\\/\\\/pride.audio\\\/\",\"logo\":{\"@type\":\"ImageObject\",\"inLanguage\":\"de\",\"@id\":\"https:\\\/\\\/pride.audio\\\/#\\\/schema\\\/logo\\\/image\\\/\",\"url\":\"https:\\\/\\\/pride.audio\\\/wp-content\\\/uploads\\\/2023\\\/08\\\/g10.svg\",\"contentUrl\":\"https:\\\/\\\/pride.audio\\\/wp-content\\\/uploads\\\/2023\\\/08\\\/g10.svg\",\"width\":158,\"height\":34,\"caption\":\"Pride Car Audio1\"},\"image\":{\"@id\":\"https:\\\/\\\/pride.audio\\\/#\\\/schema\\\/logo\\\/image\\\/\"}}]}<\/script>\n<!-- \/ Yoast SEO plugin. -->","yoast_head_json":{"title":"Verst\u00e4rker Pride Apollo \u2013 5000 W x 1 Kanal - Pride Car Audio1","robots":{"index":"index","follow":"follow","max-snippet":"max-snippet:-1","max-image-preview":"max-image-preview:large","max-video-preview":"max-video-preview:-1"},"canonical":"https:\/\/pride.audio\/produkt\/apl-50\/","og_locale":"de_DE","og_type":"article","og_title":"Verst\u00e4rker Pride Apollo \u2013 5000 W x 1 Kanal - Pride Car Audio1","og_description":"5000W","og_url":"https:\/\/pride.audio\/produkt\/apl-50\/","og_site_name":"Pride Car Audio1","article_modified_time":"2024-04-10T12:36:17+00:00","og_image":[{"width":648,"height":648,"url":"https:\/\/pride.audio\/wp-content\/uploads\/izobrazhenie-sdelano-21.10.2019-v-21.00.jpg","type":"image\/jpeg"}],"twitter_card":"summary_large_image","twitter_misc":{"Gesch\u00e4tzte Lesezeit":"1\u00a0Minute"},"schema":{"@context":"https:\/\/schema.org","@graph":[{"@type":"WebPage","@id":"https:\/\/pride.audio\/produkt\/apl-50\/","url":"https:\/\/pride.audio\/produkt\/apl-50\/","name":"Verst\u00e4rker Pride Apollo \u2013 5000 W x 1 Kanal - Pride Car Audio1","isPartOf":{"@id":"https:\/\/pride.audio\/#website"},"primaryImageOfPage":{"@id":"https:\/\/pride.audio\/produkt\/apl-50\/#primaryimage"},"image":{"@id":"https:\/\/pride.audio\/produkt\/apl-50\/#primaryimage"},"thumbnailUrl":"https:\/\/pride.audio\/wp-content\/uploads\/2019\/05\/2024-06-10-15.26.53.jpg","datePublished":"2019-05-26T03:05:28+00:00","dateModified":"2024-04-10T12:36:17+00:00","breadcrumb":{"@id":"https:\/\/pride.audio\/produkt\/apl-50\/#breadcrumb"},"inLanguage":"de","potentialAction":[{"@type":"ReadAction","target":["https:\/\/pride.audio\/produkt\/apl-50\/"]}]},{"@type":"ImageObject","inLanguage":"de","@id":"https:\/\/pride.audio\/produkt\/apl-50\/#primaryimage","url":"https:\/\/pride.audio\/wp-content\/uploads\/2019\/05\/2024-06-10-15.26.53.jpg","contentUrl":"https:\/\/pride.audio\/wp-content\/uploads\/2019\/05\/2024-06-10-15.26.53.jpg","width":1170,"height":1170},{"@type":"BreadcrumbList","@id":"https:\/\/pride.audio\/produkt\/apl-50\/#breadcrumb","itemListElement":[{"@type":"ListItem","position":1,"name":"Home","item":"https:\/\/pride.audio\/de\/"},{"@type":"ListItem","position":2,"name":"Shop","item":"https:\/\/pride.audio\/de\/shop-2\/"},{"@type":"ListItem","position":3,"name":"Verst\u00e4rker Pride Apollo \u2013 5000 W x 1 Kanal"}]},{"@type":"WebSite","@id":"https:\/\/pride.audio\/#website","url":"https:\/\/pride.audio\/","name":"Pride Car Audio1","description":"Pride Car Audio: Official site","publisher":{"@id":"https:\/\/pride.audio\/#organization"},"potentialAction":[{"@type":"SearchAction","target":{"@type":"EntryPoint","urlTemplate":"https:\/\/pride.audio\/?s={search_term_string}"},"query-input":{"@type":"PropertyValueSpecification","valueRequired":true,"valueName":"search_term_string"}}],"inLanguage":"de"},{"@type":"Organization","@id":"https:\/\/pride.audio\/#organization","name":"Pride Car Audio1","url":"https:\/\/pride.audio\/","logo":{"@type":"ImageObject","inLanguage":"de","@id":"https:\/\/pride.audio\/#\/schema\/logo\/image\/","url":"https:\/\/pride.audio\/wp-content\/uploads\/2023\/08\/g10.svg","contentUrl":"https:\/\/pride.audio\/wp-content\/uploads\/2023\/08\/g10.svg","width":158,"height":34,"caption":"Pride Car Audio1"},"image":{"@id":"https:\/\/pride.audio\/#\/schema\/logo\/image\/"}}]}},"_links":{"self":[{"href":"https:\/\/pride.audio\/de\/wp-json\/wp\/v2\/product\/9598","targetHints":{"allow":["GET"]}}],"collection":[{"href":"https:\/\/pride.audio\/de\/wp-json\/wp\/v2\/product"}],"about":[{"href":"https:\/\/pride.audio\/de\/wp-json\/wp\/v2\/types\/product"}],"wp:featuredmedia":[{"embeddable":true,"href":"https:\/\/pride.audio\/de\/wp-json\/wp\/v2\/media\/18827"}],"wp:attachment":[{"href":"https:\/\/pride.audio\/de\/wp-json\/wp\/v2\/media?parent=9598"}],"wp:term":[{"taxonomy":"product_brand","embeddable":true,"href":"https:\/\/pride.audio\/de\/wp-json\/wp\/v2\/product_brand?post=9598"},{"taxonomy":"product_cat","embeddable":true,"href":"https:\/\/pride.audio\/de\/wp-json\/wp\/v2\/product_cat?post=9598"},{"taxonomy":"product_tag","embeddable":true,"href":"https:\/\/pride.audio\/de\/wp-json\/wp\/v2\/product_tag?post=9598"}],"curies":[{"name":"wp","href":"https:\/\/api.w.org\/{rel}","templated":true}]}}