{"id":9586,"date":"2019-05-25T22:13:22","date_gmt":"2019-05-26T03:13:22","guid":{"rendered":"https:\/\/pride.audio\/product\/amplifier-pride-quattro-4-x-100w\/"},"modified":"2024-04-10T14:35:22","modified_gmt":"2024-04-10T12:35:22","slug":"q-100","status":"publish","type":"product","link":"https:\/\/pride.audio\/de\/produkt\/q-100\/","title":{"rendered":"Car-Audio-Verst\u00e4rker Quattro \u2013 100 W x 4 Kan\u00e4le"},"content":{"rendered":"<p><strong>Verst\u00e4rker Pride Quattro<\/strong><\/p>\n<p>Praktisch, zuverl\u00e4ssig, einfach zu bedienen, das Autoverst\u00e4rkermodell Pride Quattro vereint dies und noch viel mehr. Wenn Sie leistungsstarke Lautsprecher oder einen Subwoofer anschlie\u00dfen oder ein 2- oder 3-Wege-System betreiben m\u00f6chten, k\u00f6nnen Sie auf einen Verst\u00e4rker nicht verzichten. Dank dessen k\u00f6nnen Sie in Ihrem Auto laute und hochwertige Musik genie\u00dfen.<\/p>\n<p>Pride Quattro ist ein 4-Kanal-Verst\u00e4rker der AB-Klasse, der mit fortschrittlichen Frequenzfiltern ausgestattet ist.<\/p>\n<p>Das Quattro-Modell arbeitet stabil bei einer Last von 2 Ohm pro Kanal, bzw. 4 Ohm im \u201eBridge On\u201c-Modus der Kan\u00e4le. Die Leistung jedes der vier Kan\u00e4le betr\u00e4gt 75 W bei einer Last von 4 Ohm oder 95 W bei einer Last von 2 Ohm, bei einer Spannung von 14,4 V und K.N.I. 1 %.<\/p>\n<p>Bereich der wiedergegebenen Frequenzen, Hz 15 \u2013 30000<\/p>\n<p>RMS-Nennleistung von 2 Ohm, Anzahl Kan\u00e4le x W 100<br \/>\nRMS-Nennleistung von 4 Ohm, Anzahl Kan\u00e4le x W 75<br \/>\nRMS-Nennleistung an 4 Ohm, Br\u00fccke, W 200<\/p>\n<p>Sie k\u00f6nnen eine hochwertige L\u00f6sung f\u00fcr Ihr Auto installieren und 4-Kanal-Lautsprecher oder Twitters anschlie\u00dfen. Es ist m\u00f6glich, an 2 Ohm zu arbeiten.<br \/>\nQualit\u00e4t aus Korea mit Fertigstellung durch russische Ingenieure.<\/p>\n<p>Unsere Produkte sind in den USA erh\u00e4ltlich und Sie k\u00f6nnen jetzt die besten Car-Audio-Ger\u00e4te kaufen!<\/p>\n","protected":false},"excerpt":{"rendered":"<p>4 x 100W<\/p>\n","protected":false},"featured_media":16852,"template":"","meta":{"inline_featured_image":false},"product_brand":[],"product_cat":[328,331],"product_tag":[],"class_list":{"0":"post-9586","1":"product","2":"type-product","3":"status-publish","4":"has-post-thumbnail","6":"product_cat-amplifiers","7":"product_cat-4-channel","9":"first","10":"outofstock","11":"taxable","12":"shipping-taxable","13":"product-type-simple"},"acf":[],"yoast_head":"<!-- This site is optimized with the Yoast SEO plugin v27.3 - https:\/\/yoast.com\/product\/yoast-seo-wordpress\/ -->\n<title>Car-Audio-Verst\u00e4rker Quattro \u2013 100 W x 4 Kan\u00e4le - Pride Car Audio1<\/title>\n<meta name=\"robots\" content=\"index, follow, max-snippet:-1, max-image-preview:large, max-video-preview:-1\" \/>\n<link rel=\"canonical\" href=\"https:\/\/pride.audio\/produkt\/q-100\/\" \/>\n<meta property=\"og:locale\" content=\"de_DE\" \/>\n<meta property=\"og:type\" content=\"article\" \/>\n<meta property=\"og:title\" content=\"Car-Audio-Verst\u00e4rker Quattro \u2013 100 W x 4 Kan\u00e4le - Pride Car Audio1\" \/>\n<meta property=\"og:description\" content=\"4 x 100W\" \/>\n<meta property=\"og:url\" content=\"https:\/\/pride.audio\/produkt\/q-100\/\" \/>\n<meta property=\"og:site_name\" content=\"Pride Car Audio1\" \/>\n<meta property=\"article:modified_time\" content=\"2024-04-10T12:35:22+00:00\" \/>\n<meta property=\"og:image\" content=\"https:\/\/pride.audio\/wp-content\/uploads\/izobrazhenie-sdelano-21.10.2019-v-22.37.jpg\" \/>\n\t<meta property=\"og:image:width\" content=\"590\" \/>\n\t<meta property=\"og:image:height\" content=\"590\" \/>\n\t<meta property=\"og:image:type\" content=\"image\/jpeg\" \/>\n<meta name=\"twitter:card\" content=\"summary_large_image\" \/>\n<meta name=\"twitter:label1\" content=\"Gesch\u00e4tzte Lesezeit\" \/>\n\t<meta name=\"twitter:data1\" content=\"1\u00a0Minute\" \/>\n<script type=\"application\/ld+json\" class=\"yoast-schema-graph\">{\"@context\":\"https:\\\/\\\/schema.org\",\"@graph\":[{\"@type\":\"WebPage\",\"@id\":\"https:\\\/\\\/pride.audio\\\/produkt\\\/q-100\\\/\",\"url\":\"https:\\\/\\\/pride.audio\\\/produkt\\\/q-100\\\/\",\"name\":\"Car-Audio-Verst\u00e4rker Quattro \u2013 100 W x 4 Kan\u00e4le - Pride Car Audio1\",\"isPartOf\":{\"@id\":\"https:\\\/\\\/pride.audio\\\/#website\"},\"primaryImageOfPage\":{\"@id\":\"https:\\\/\\\/pride.audio\\\/produkt\\\/q-100\\\/#primaryimage\"},\"image\":{\"@id\":\"https:\\\/\\\/pride.audio\\\/produkt\\\/q-100\\\/#primaryimage\"},\"thumbnailUrl\":\"https:\\\/\\\/pride.audio\\\/wp-content\\\/uploads\\\/2019\\\/05\\\/product_amplifer_quattro.jpeg\",\"datePublished\":\"2019-05-26T03:13:22+00:00\",\"dateModified\":\"2024-04-10T12:35:22+00:00\",\"breadcrumb\":{\"@id\":\"https:\\\/\\\/pride.audio\\\/produkt\\\/q-100\\\/#breadcrumb\"},\"inLanguage\":\"de\",\"potentialAction\":[{\"@type\":\"ReadAction\",\"target\":[\"https:\\\/\\\/pride.audio\\\/produkt\\\/q-100\\\/\"]}]},{\"@type\":\"ImageObject\",\"inLanguage\":\"de\",\"@id\":\"https:\\\/\\\/pride.audio\\\/produkt\\\/q-100\\\/#primaryimage\",\"url\":\"https:\\\/\\\/pride.audio\\\/wp-content\\\/uploads\\\/2019\\\/05\\\/product_amplifer_quattro.jpeg\",\"contentUrl\":\"https:\\\/\\\/pride.audio\\\/wp-content\\\/uploads\\\/2019\\\/05\\\/product_amplifer_quattro.jpeg\",\"width\":377,\"height\":318},{\"@type\":\"BreadcrumbList\",\"@id\":\"https:\\\/\\\/pride.audio\\\/produkt\\\/q-100\\\/#breadcrumb\",\"itemListElement\":[{\"@type\":\"ListItem\",\"position\":1,\"name\":\"Home\",\"item\":\"https:\\\/\\\/pride.audio\\\/de\\\/\"},{\"@type\":\"ListItem\",\"position\":2,\"name\":\"Shop\",\"item\":\"https:\\\/\\\/pride.audio\\\/de\\\/shop-2\\\/\"},{\"@type\":\"ListItem\",\"position\":3,\"name\":\"Car-Audio-Verst\u00e4rker Quattro \u2013 100 W x 4 Kan\u00e4le\"}]},{\"@type\":\"WebSite\",\"@id\":\"https:\\\/\\\/pride.audio\\\/#website\",\"url\":\"https:\\\/\\\/pride.audio\\\/\",\"name\":\"Pride Car Audio1\",\"description\":\"Pride Car Audio: Official site\",\"publisher\":{\"@id\":\"https:\\\/\\\/pride.audio\\\/#organization\"},\"potentialAction\":[{\"@type\":\"SearchAction\",\"target\":{\"@type\":\"EntryPoint\",\"urlTemplate\":\"https:\\\/\\\/pride.audio\\\/?s={search_term_string}\"},\"query-input\":{\"@type\":\"PropertyValueSpecification\",\"valueRequired\":true,\"valueName\":\"search_term_string\"}}],\"inLanguage\":\"de\"},{\"@type\":\"Organization\",\"@id\":\"https:\\\/\\\/pride.audio\\\/#organization\",\"name\":\"Pride Car Audio1\",\"url\":\"https:\\\/\\\/pride.audio\\\/\",\"logo\":{\"@type\":\"ImageObject\",\"inLanguage\":\"de\",\"@id\":\"https:\\\/\\\/pride.audio\\\/#\\\/schema\\\/logo\\\/image\\\/\",\"url\":\"https:\\\/\\\/pride.audio\\\/wp-content\\\/uploads\\\/2023\\\/08\\\/g10.svg\",\"contentUrl\":\"https:\\\/\\\/pride.audio\\\/wp-content\\\/uploads\\\/2023\\\/08\\\/g10.svg\",\"width\":158,\"height\":34,\"caption\":\"Pride Car Audio1\"},\"image\":{\"@id\":\"https:\\\/\\\/pride.audio\\\/#\\\/schema\\\/logo\\\/image\\\/\"}}]}<\/script>\n<!-- \/ Yoast SEO plugin. -->","yoast_head_json":{"title":"Car-Audio-Verst\u00e4rker Quattro \u2013 100 W x 4 Kan\u00e4le - Pride Car Audio1","robots":{"index":"index","follow":"follow","max-snippet":"max-snippet:-1","max-image-preview":"max-image-preview:large","max-video-preview":"max-video-preview:-1"},"canonical":"https:\/\/pride.audio\/produkt\/q-100\/","og_locale":"de_DE","og_type":"article","og_title":"Car-Audio-Verst\u00e4rker Quattro \u2013 100 W x 4 Kan\u00e4le - Pride Car Audio1","og_description":"4 x 100W","og_url":"https:\/\/pride.audio\/produkt\/q-100\/","og_site_name":"Pride Car Audio1","article_modified_time":"2024-04-10T12:35:22+00:00","og_image":[{"width":590,"height":590,"url":"https:\/\/pride.audio\/wp-content\/uploads\/izobrazhenie-sdelano-21.10.2019-v-22.37.jpg","type":"image\/jpeg"}],"twitter_card":"summary_large_image","twitter_misc":{"Gesch\u00e4tzte Lesezeit":"1\u00a0Minute"},"schema":{"@context":"https:\/\/schema.org","@graph":[{"@type":"WebPage","@id":"https:\/\/pride.audio\/produkt\/q-100\/","url":"https:\/\/pride.audio\/produkt\/q-100\/","name":"Car-Audio-Verst\u00e4rker Quattro \u2013 100 W x 4 Kan\u00e4le - Pride Car Audio1","isPartOf":{"@id":"https:\/\/pride.audio\/#website"},"primaryImageOfPage":{"@id":"https:\/\/pride.audio\/produkt\/q-100\/#primaryimage"},"image":{"@id":"https:\/\/pride.audio\/produkt\/q-100\/#primaryimage"},"thumbnailUrl":"https:\/\/pride.audio\/wp-content\/uploads\/2019\/05\/product_amplifer_quattro.jpeg","datePublished":"2019-05-26T03:13:22+00:00","dateModified":"2024-04-10T12:35:22+00:00","breadcrumb":{"@id":"https:\/\/pride.audio\/produkt\/q-100\/#breadcrumb"},"inLanguage":"de","potentialAction":[{"@type":"ReadAction","target":["https:\/\/pride.audio\/produkt\/q-100\/"]}]},{"@type":"ImageObject","inLanguage":"de","@id":"https:\/\/pride.audio\/produkt\/q-100\/#primaryimage","url":"https:\/\/pride.audio\/wp-content\/uploads\/2019\/05\/product_amplifer_quattro.jpeg","contentUrl":"https:\/\/pride.audio\/wp-content\/uploads\/2019\/05\/product_amplifer_quattro.jpeg","width":377,"height":318},{"@type":"BreadcrumbList","@id":"https:\/\/pride.audio\/produkt\/q-100\/#breadcrumb","itemListElement":[{"@type":"ListItem","position":1,"name":"Home","item":"https:\/\/pride.audio\/de\/"},{"@type":"ListItem","position":2,"name":"Shop","item":"https:\/\/pride.audio\/de\/shop-2\/"},{"@type":"ListItem","position":3,"name":"Car-Audio-Verst\u00e4rker Quattro \u2013 100 W x 4 Kan\u00e4le"}]},{"@type":"WebSite","@id":"https:\/\/pride.audio\/#website","url":"https:\/\/pride.audio\/","name":"Pride Car Audio1","description":"Pride Car Audio: Official site","publisher":{"@id":"https:\/\/pride.audio\/#organization"},"potentialAction":[{"@type":"SearchAction","target":{"@type":"EntryPoint","urlTemplate":"https:\/\/pride.audio\/?s={search_term_string}"},"query-input":{"@type":"PropertyValueSpecification","valueRequired":true,"valueName":"search_term_string"}}],"inLanguage":"de"},{"@type":"Organization","@id":"https:\/\/pride.audio\/#organization","name":"Pride Car Audio1","url":"https:\/\/pride.audio\/","logo":{"@type":"ImageObject","inLanguage":"de","@id":"https:\/\/pride.audio\/#\/schema\/logo\/image\/","url":"https:\/\/pride.audio\/wp-content\/uploads\/2023\/08\/g10.svg","contentUrl":"https:\/\/pride.audio\/wp-content\/uploads\/2023\/08\/g10.svg","width":158,"height":34,"caption":"Pride Car Audio1"},"image":{"@id":"https:\/\/pride.audio\/#\/schema\/logo\/image\/"}}]}},"_links":{"self":[{"href":"https:\/\/pride.audio\/de\/wp-json\/wp\/v2\/product\/9586","targetHints":{"allow":["GET"]}}],"collection":[{"href":"https:\/\/pride.audio\/de\/wp-json\/wp\/v2\/product"}],"about":[{"href":"https:\/\/pride.audio\/de\/wp-json\/wp\/v2\/types\/product"}],"wp:featuredmedia":[{"embeddable":true,"href":"https:\/\/pride.audio\/de\/wp-json\/wp\/v2\/media\/16852"}],"wp:attachment":[{"href":"https:\/\/pride.audio\/de\/wp-json\/wp\/v2\/media?parent=9586"}],"wp:term":[{"taxonomy":"product_brand","embeddable":true,"href":"https:\/\/pride.audio\/de\/wp-json\/wp\/v2\/product_brand?post=9586"},{"taxonomy":"product_cat","embeddable":true,"href":"https:\/\/pride.audio\/de\/wp-json\/wp\/v2\/product_cat?post=9586"},{"taxonomy":"product_tag","embeddable":true,"href":"https:\/\/pride.audio\/de\/wp-json\/wp\/v2\/product_tag?post=9586"}],"curies":[{"name":"wp","href":"https:\/\/api.w.org\/{rel}","templated":true}]}}