{"id":9581,"date":"2019-05-25T22:13:25","date_gmt":"2019-05-26T03:13:25","guid":{"rendered":"https:\/\/pride.audio\/product\/amplifier-pride-due-2-x-100-w\/"},"modified":"2024-04-10T14:34:37","modified_gmt":"2024-04-10T12:34:37","slug":"due-75","status":"publish","type":"product","link":"https:\/\/pride.audio\/de\/produkt\/due-75\/","title":{"rendered":"Car-Audio-Verst\u00e4rker Pride Due \u2013 100 W x 2 Kan\u00e4le"},"content":{"rendered":"<p><strong>Car-Audio-Verst\u00e4rker Pride Due<\/strong><\/p>\n<p>Anschlie\u00dfen eines preisg\u00fcnstigen Subwoofers, Verbessern der Frontakustik oder Verst\u00e4rken des Signals durch leistungsstarke Hornhocht\u00f6ner. In allen drei Situationen ben\u00f6tigen wir einen 2-Kanal-Verst\u00e4rker. Ein hervorragender Kandidat ist der PRIDE DUE 200 W, der pro Kanal eine Leistung von 75 W an 4 Ohm und 100 W an 2 Ohm bereitstellt. Es ist auch m\u00f6glich, den Verst\u00e4rker in einer Br\u00fccke zu betreiben, bei der die Last mindestens 4 Ohm und die Ausgangsleistung betr\u00e4gt betr\u00e4gt 200 W, was v\u00f6llig ausreicht, um den Bassanteil in einem Standardsystem zu verst\u00e4rken.<\/p>\n<p>Zu den Merkmalen des PRIDE DUE-Verst\u00e4rkermodells z\u00e4hlen seine entwickelten Frequenzweichen, auf die wir n\u00e4her eingehen werden.<\/p>\n<p>&nbsp;<\/p>\n<p>Erfahren Sie mehr \u00fcber die Eigenschaften des Verst\u00e4rkers von Pride Car Audio:<\/p>\n<p>Bereich der wiedergegebenen Frequenzen, Hz 15 \u2013 30000<\/p>\n<p>RMS-Nennleistung von 2 Ohm, Anzahl Kan\u00e4le x W 100<br \/>\nRMS-Nennleistung von 4 Ohm, Anzahl Kan\u00e4le x W 75<br \/>\nRMS-Nennleistung an 4 Ohm, Br\u00fccke, W 200<\/p>\n<p>Sie k\u00f6nnen eine hochwertige L\u00f6sung f\u00fcr Ihr Auto installieren und 2-Kanal-Lautsprecher oder Twitters anschlie\u00dfen. Es ist m\u00f6glich, an 2 Ohm zu arbeiten.<\/p>\n<p>Unsere Produkte sind in den USA erh\u00e4ltlich und Sie k\u00f6nnen jetzt die besten Car-Audio-Ger\u00e4te kaufen!<\/p>\n","protected":false},"excerpt":{"rendered":"<p>2 x 100 W<\/p>\n","protected":false},"featured_media":16828,"template":"","meta":{"inline_featured_image":false},"product_brand":[],"product_cat":[328,330],"product_tag":[],"class_list":{"0":"post-9581","1":"product","2":"type-product","3":"status-publish","4":"has-post-thumbnail","6":"product_cat-amplifiers","7":"product_cat-2-channel","9":"first","10":"outofstock","11":"taxable","12":"shipping-taxable","13":"product-type-simple"},"acf":[],"yoast_head":"<!-- This site is optimized with the Yoast SEO plugin v27.3 - https:\/\/yoast.com\/product\/yoast-seo-wordpress\/ -->\n<title>Car-Audio-Verst\u00e4rker Pride Due \u2013 100 W x 2 Kan\u00e4le - Pride Car Audio1<\/title>\n<meta name=\"robots\" content=\"index, follow, max-snippet:-1, max-image-preview:large, max-video-preview:-1\" \/>\n<link rel=\"canonical\" href=\"https:\/\/pride.audio\/produkt\/due-75\/\" \/>\n<meta property=\"og:locale\" content=\"de_DE\" \/>\n<meta property=\"og:type\" content=\"article\" \/>\n<meta property=\"og:title\" content=\"Car-Audio-Verst\u00e4rker Pride Due \u2013 100 W x 2 Kan\u00e4le - Pride Car Audio1\" \/>\n<meta property=\"og:description\" content=\"2 x 100 W\" \/>\n<meta property=\"og:url\" content=\"https:\/\/pride.audio\/produkt\/due-75\/\" \/>\n<meta property=\"og:site_name\" content=\"Pride Car Audio1\" \/>\n<meta property=\"article:modified_time\" content=\"2024-04-10T12:34:37+00:00\" \/>\n<meta property=\"og:image\" content=\"https:\/\/pride.audio\/wp-content\/uploads\/488.jpg\" \/>\n\t<meta property=\"og:image:width\" content=\"502\" \/>\n\t<meta property=\"og:image:height\" content=\"424\" \/>\n\t<meta property=\"og:image:type\" content=\"image\/jpeg\" \/>\n<meta name=\"twitter:card\" content=\"summary_large_image\" \/>\n<meta name=\"twitter:label1\" content=\"Gesch\u00e4tzte Lesezeit\" \/>\n\t<meta name=\"twitter:data1\" content=\"1\u00a0Minute\" \/>\n<script type=\"application\/ld+json\" class=\"yoast-schema-graph\">{\"@context\":\"https:\\\/\\\/schema.org\",\"@graph\":[{\"@type\":\"WebPage\",\"@id\":\"https:\\\/\\\/pride.audio\\\/produkt\\\/due-75\\\/\",\"url\":\"https:\\\/\\\/pride.audio\\\/produkt\\\/due-75\\\/\",\"name\":\"Car-Audio-Verst\u00e4rker Pride Due \u2013 100 W x 2 Kan\u00e4le - Pride Car Audio1\",\"isPartOf\":{\"@id\":\"https:\\\/\\\/pride.audio\\\/#website\"},\"primaryImageOfPage\":{\"@id\":\"https:\\\/\\\/pride.audio\\\/produkt\\\/due-75\\\/#primaryimage\"},\"image\":{\"@id\":\"https:\\\/\\\/pride.audio\\\/produkt\\\/due-75\\\/#primaryimage\"},\"thumbnailUrl\":\"https:\\\/\\\/pride.audio\\\/wp-content\\\/uploads\\\/2019\\\/05\\\/product_pride_due.jpg\",\"datePublished\":\"2019-05-26T03:13:25+00:00\",\"dateModified\":\"2024-04-10T12:34:37+00:00\",\"breadcrumb\":{\"@id\":\"https:\\\/\\\/pride.audio\\\/produkt\\\/due-75\\\/#breadcrumb\"},\"inLanguage\":\"de\",\"potentialAction\":[{\"@type\":\"ReadAction\",\"target\":[\"https:\\\/\\\/pride.audio\\\/produkt\\\/due-75\\\/\"]}]},{\"@type\":\"ImageObject\",\"inLanguage\":\"de\",\"@id\":\"https:\\\/\\\/pride.audio\\\/produkt\\\/due-75\\\/#primaryimage\",\"url\":\"https:\\\/\\\/pride.audio\\\/wp-content\\\/uploads\\\/2019\\\/05\\\/product_pride_due.jpg\",\"contentUrl\":\"https:\\\/\\\/pride.audio\\\/wp-content\\\/uploads\\\/2019\\\/05\\\/product_pride_due.jpg\",\"width\":377,\"height\":318},{\"@type\":\"BreadcrumbList\",\"@id\":\"https:\\\/\\\/pride.audio\\\/produkt\\\/due-75\\\/#breadcrumb\",\"itemListElement\":[{\"@type\":\"ListItem\",\"position\":1,\"name\":\"Home\",\"item\":\"https:\\\/\\\/pride.audio\\\/de\\\/\"},{\"@type\":\"ListItem\",\"position\":2,\"name\":\"Shop\",\"item\":\"https:\\\/\\\/pride.audio\\\/de\\\/shop-2\\\/\"},{\"@type\":\"ListItem\",\"position\":3,\"name\":\"Car-Audio-Verst\u00e4rker Pride Due \u2013 100 W x 2 Kan\u00e4le\"}]},{\"@type\":\"WebSite\",\"@id\":\"https:\\\/\\\/pride.audio\\\/#website\",\"url\":\"https:\\\/\\\/pride.audio\\\/\",\"name\":\"Pride Car Audio1\",\"description\":\"Pride Car Audio: Official site\",\"publisher\":{\"@id\":\"https:\\\/\\\/pride.audio\\\/#organization\"},\"potentialAction\":[{\"@type\":\"SearchAction\",\"target\":{\"@type\":\"EntryPoint\",\"urlTemplate\":\"https:\\\/\\\/pride.audio\\\/?s={search_term_string}\"},\"query-input\":{\"@type\":\"PropertyValueSpecification\",\"valueRequired\":true,\"valueName\":\"search_term_string\"}}],\"inLanguage\":\"de\"},{\"@type\":\"Organization\",\"@id\":\"https:\\\/\\\/pride.audio\\\/#organization\",\"name\":\"Pride Car Audio1\",\"url\":\"https:\\\/\\\/pride.audio\\\/\",\"logo\":{\"@type\":\"ImageObject\",\"inLanguage\":\"de\",\"@id\":\"https:\\\/\\\/pride.audio\\\/#\\\/schema\\\/logo\\\/image\\\/\",\"url\":\"https:\\\/\\\/pride.audio\\\/wp-content\\\/uploads\\\/2023\\\/08\\\/g10.svg\",\"contentUrl\":\"https:\\\/\\\/pride.audio\\\/wp-content\\\/uploads\\\/2023\\\/08\\\/g10.svg\",\"width\":158,\"height\":34,\"caption\":\"Pride Car Audio1\"},\"image\":{\"@id\":\"https:\\\/\\\/pride.audio\\\/#\\\/schema\\\/logo\\\/image\\\/\"}}]}<\/script>\n<!-- \/ Yoast SEO plugin. -->","yoast_head_json":{"title":"Car-Audio-Verst\u00e4rker Pride Due \u2013 100 W x 2 Kan\u00e4le - Pride Car Audio1","robots":{"index":"index","follow":"follow","max-snippet":"max-snippet:-1","max-image-preview":"max-image-preview:large","max-video-preview":"max-video-preview:-1"},"canonical":"https:\/\/pride.audio\/produkt\/due-75\/","og_locale":"de_DE","og_type":"article","og_title":"Car-Audio-Verst\u00e4rker Pride Due \u2013 100 W x 2 Kan\u00e4le - Pride Car Audio1","og_description":"2 x 100 W","og_url":"https:\/\/pride.audio\/produkt\/due-75\/","og_site_name":"Pride Car Audio1","article_modified_time":"2024-04-10T12:34:37+00:00","og_image":[{"width":502,"height":424,"url":"https:\/\/pride.audio\/wp-content\/uploads\/488.jpg","type":"image\/jpeg"}],"twitter_card":"summary_large_image","twitter_misc":{"Gesch\u00e4tzte Lesezeit":"1\u00a0Minute"},"schema":{"@context":"https:\/\/schema.org","@graph":[{"@type":"WebPage","@id":"https:\/\/pride.audio\/produkt\/due-75\/","url":"https:\/\/pride.audio\/produkt\/due-75\/","name":"Car-Audio-Verst\u00e4rker Pride Due \u2013 100 W x 2 Kan\u00e4le - Pride Car Audio1","isPartOf":{"@id":"https:\/\/pride.audio\/#website"},"primaryImageOfPage":{"@id":"https:\/\/pride.audio\/produkt\/due-75\/#primaryimage"},"image":{"@id":"https:\/\/pride.audio\/produkt\/due-75\/#primaryimage"},"thumbnailUrl":"https:\/\/pride.audio\/wp-content\/uploads\/2019\/05\/product_pride_due.jpg","datePublished":"2019-05-26T03:13:25+00:00","dateModified":"2024-04-10T12:34:37+00:00","breadcrumb":{"@id":"https:\/\/pride.audio\/produkt\/due-75\/#breadcrumb"},"inLanguage":"de","potentialAction":[{"@type":"ReadAction","target":["https:\/\/pride.audio\/produkt\/due-75\/"]}]},{"@type":"ImageObject","inLanguage":"de","@id":"https:\/\/pride.audio\/produkt\/due-75\/#primaryimage","url":"https:\/\/pride.audio\/wp-content\/uploads\/2019\/05\/product_pride_due.jpg","contentUrl":"https:\/\/pride.audio\/wp-content\/uploads\/2019\/05\/product_pride_due.jpg","width":377,"height":318},{"@type":"BreadcrumbList","@id":"https:\/\/pride.audio\/produkt\/due-75\/#breadcrumb","itemListElement":[{"@type":"ListItem","position":1,"name":"Home","item":"https:\/\/pride.audio\/de\/"},{"@type":"ListItem","position":2,"name":"Shop","item":"https:\/\/pride.audio\/de\/shop-2\/"},{"@type":"ListItem","position":3,"name":"Car-Audio-Verst\u00e4rker Pride Due \u2013 100 W x 2 Kan\u00e4le"}]},{"@type":"WebSite","@id":"https:\/\/pride.audio\/#website","url":"https:\/\/pride.audio\/","name":"Pride Car Audio1","description":"Pride Car Audio: Official site","publisher":{"@id":"https:\/\/pride.audio\/#organization"},"potentialAction":[{"@type":"SearchAction","target":{"@type":"EntryPoint","urlTemplate":"https:\/\/pride.audio\/?s={search_term_string}"},"query-input":{"@type":"PropertyValueSpecification","valueRequired":true,"valueName":"search_term_string"}}],"inLanguage":"de"},{"@type":"Organization","@id":"https:\/\/pride.audio\/#organization","name":"Pride Car Audio1","url":"https:\/\/pride.audio\/","logo":{"@type":"ImageObject","inLanguage":"de","@id":"https:\/\/pride.audio\/#\/schema\/logo\/image\/","url":"https:\/\/pride.audio\/wp-content\/uploads\/2023\/08\/g10.svg","contentUrl":"https:\/\/pride.audio\/wp-content\/uploads\/2023\/08\/g10.svg","width":158,"height":34,"caption":"Pride Car Audio1"},"image":{"@id":"https:\/\/pride.audio\/#\/schema\/logo\/image\/"}}]}},"_links":{"self":[{"href":"https:\/\/pride.audio\/de\/wp-json\/wp\/v2\/product\/9581","targetHints":{"allow":["GET"]}}],"collection":[{"href":"https:\/\/pride.audio\/de\/wp-json\/wp\/v2\/product"}],"about":[{"href":"https:\/\/pride.audio\/de\/wp-json\/wp\/v2\/types\/product"}],"wp:featuredmedia":[{"embeddable":true,"href":"https:\/\/pride.audio\/de\/wp-json\/wp\/v2\/media\/16828"}],"wp:attachment":[{"href":"https:\/\/pride.audio\/de\/wp-json\/wp\/v2\/media?parent=9581"}],"wp:term":[{"taxonomy":"product_brand","embeddable":true,"href":"https:\/\/pride.audio\/de\/wp-json\/wp\/v2\/product_brand?post=9581"},{"taxonomy":"product_cat","embeddable":true,"href":"https:\/\/pride.audio\/de\/wp-json\/wp\/v2\/product_cat?post=9581"},{"taxonomy":"product_tag","embeddable":true,"href":"https:\/\/pride.audio\/de\/wp-json\/wp\/v2\/product_tag?post=9581"}],"curies":[{"name":"wp","href":"https:\/\/api.w.org\/{rel}","templated":true}]}}